{"id":298787,"date":"2025-01-31T17:05:37","date_gmt":"2025-01-31T16:05:37","guid":{"rendered":"https:\/\/miomiorun.com\/prodotto\/guide-18-donna\/"},"modified":"2026-02-25T17:52:02","modified_gmt":"2026-02-25T16:52:02","slug":"guide-18-mujer","status":"publish","type":"product","link":"https:\/\/www.miomiorun.com\/es\/producto\/guide-18-mujer\/","title":{"rendered":"Guide 18 mujer"},"content":{"rendered":"<div class=\"vc-row container\"><div class=\"vc-column\"><div class=\"vc-column-text\"><\/p>\n<h4>Especificaciones t\u00e9cnicas<\/h4>\n<p>Categor\u00eda: M\u00e1xima amortiguaci\u00f3n.<br \/>\nOffset: 6 mm (35\/29 mm).<br \/>\nPeso: 245 g.<br \/>\nIdeal para: corredores con tendencia a la pronaci\u00f3n que buscan un modelo con sujeci\u00f3n y protecci\u00f3n, pero sin renunciar al rendimiento gracias al peso reducido de la zapatilla.<br \/>\nPeso del atleta: &gt;60 kg<br \/>\nRitmo de carrera: medio (5-6 min\/km)<br \/>\n<a href=\"https:\/\/miomiorun.com\/es\/guia-especifica\/\">Gu\u00eda de especificaciones t\u00e9cnicas<\/a><\/p>\n<p><\/div><\/div><div class=\"vc-column\"><div class=\"vc-column-text\"><\/p>\n<h2 style=\"text-align: center\">La Guide 18 es la zapatilla de entrenamiento con la m\u00e1xima amortiguaci\u00f3n.<\/h2>\n<p>Dise\u00f1ada para garantizar comodidad y protecci\u00f3n, la <strong>Guide 18<\/strong> para mujer es una zapatilla de entrenamiento con amortiguaci\u00f3n para el d\u00eda a d\u00eda que combina nuestra espuma <strong>PWRRUN<\/strong>, suave y reactiva, con nuestra exclusiva tecnolog\u00eda <strong>Center Path<\/strong>, que mantiene el pie centrado y sujeto para ofrecer una experiencia \u00f3ptima bajo el pie, manteniendo una l\u00ednea central est\u00e1ndar, aumentando la altura de las caderas y construy\u00e9ndola sobre una forma rocker para facilitar el aflojamiento.<\/p>\n<h3>Caracter\u00edsticas y ventajas:<\/h3>\n<ul>\n<li>Las zapatillas Maximal Cushioning tienen una geometr\u00eda de base ancha, en la que el pie se encuentra en profundidad dentro de una plataforma estable que garantiza una carrera excepcionalmente amortiguada, pero tambi\u00e9n protecci\u00f3n y soporte intr\u00ednsecos.<\/li>\n<li>Equipadas con la tecnolog\u00eda Center Path, una geometr\u00eda asim\u00e9trica que centra el pie desde el impacto lateral hasta el dedo gordo para proporcionar una experiencia m\u00e1s coherente, equilibrada y de apoyo.<\/li>\n<li>Espuma PWRRUN suave y reactiva en abundancia bajo el pie, para kil\u00f3metros fluidos y c\u00f3modos y una protecci\u00f3n \u00f3ptima<\/li>\n<li>Suela de goma de carbono XT-900 para una tracci\u00f3n duradera<\/li>\n<li>Parte superior de malla transpirable y de sujeci\u00f3n para un ajuste vers\u00e1til<\/li>\n<li>Ideal para correr a diario<\/li>\n<li>AMORTIGUACI\u00d3N PWRRUN<\/li>\n<li>PLANTILLA PWRRUN+<\/li>\n<\/ul>\n<h2>Tecnolog\u00edas<\/h2>\n<h3>Tecnolog\u00eda Center Path<\/h3>\n<ul>\n<li>La tecnolog\u00eda Center Path ofrece comodidad y protecci\u00f3n gracias a una plataforma m\u00e1s ancha, laterales m\u00e1s altos, un perfil asim\u00e9trico y una forma rocker que gu\u00eda la zancada desde el impacto hasta el despegue.<\/li>\n<\/ul>\n<h3>Pwrrun<\/h3>\n<ul>\n<li>La \u00faltima actualizaci\u00f3n de la amortiguaci\u00f3n basada en EVA que ofrece a\u00fan m\u00e1s rebote y durabilidad que las formulaciones anteriores.<\/li>\n<\/ul>\n<h3>Pwrrun+<\/h3>\n<ul>\n<li>La \u00faltima innovaci\u00f3n en amortiguaci\u00f3n de PU, formulada con una densidad m\u00e1s baja para aumentar la suavidad y reducir el peso de la amortiguaci\u00f3n superresistente. Ofrece lo mejor en los seis aspectos de la amortiguaci\u00f3n: absorci\u00f3n de impactos, respuesta a la pisada, reducci\u00f3n de la presi\u00f3n, retorno de energ\u00eda, durabilidad y peso.<\/li>\n<\/ul>\n<p><\/div><\/div><\/div>\n","protected":false},"excerpt":{"rendered":"<ul>\n<li>Zapatilla de running con m\u00e1xima amortiguaci\u00f3n para pronadores.<\/li>\n<li>Equipadas con Center Path Technology, una geometr\u00eda asim\u00e9trica que centra el pie para proporcionar una experiencia m\u00e1s coherente, equilibrada y con mayor sujeci\u00f3n.<\/li>\n<\/ul>\n","protected":false},"featured_media":251493,"template":"","meta":{"_acf_changed":false,"inline_featured_image":false},"product_brand":[],"product_cat":[24227,24229],"product_tag":[23578,23617],"class_list":{"0":"post-298787","1":"product","2":"type-product","3":"status-publish","4":"has-post-thumbnail","6":"product_cat-calzado-femenino","7":"product_cat-establos","8":"product_tag-saucony-es","9":"product_tag-saucony-mujer","10":"pa_attivita-caminar","11":"pa_attivita-running-es","12":"pa_colore-guide-18-w-white-crocus-es","13":"pa_colore-guide-18-w-white-ice-melt-es","14":"pa_marca-saucony-es","15":"pa_sesso-mujer","16":"pa_size-38-es","17":"pa_size-41-es","19":"first","20":"outofstock","21":"sale","22":"taxable","23":"shipping-taxable","24":"purchasable","25":"product-type-variable","26":"wvs-archive-product-wrapper"},"acf":[],"yoast_head":"<!-- This site is optimized with the Yoast SEO plugin v26.8 - https:\/\/yoast.com\/product\/yoast-seo-wordpress\/ -->\n<title>Saucony Guide 18 mujer -zapatillas de correr - MioMioRun.com<\/title>\n<meta name=\"description\" content=\"Las Guide 18 para mujer son unas zapatillas de entrenamiento con amortiguaci\u00f3n para el d\u00eda a d\u00eda que combinan nuestra espuma PWRRUN\" \/>\n<meta name=\"robots\" content=\"index, follow, max-snippet:-1, max-image-preview:large, max-video-preview:-1\" \/>\n<link rel=\"canonical\" href=\"https:\/\/www.miomiorun.com\/es\/producto\/guide-18-mujer\/\" \/>\n<meta property=\"og:locale\" content=\"es_ES\" \/>\n<meta property=\"og:type\" content=\"article\" \/>\n<meta property=\"og:title\" content=\"Saucony Guide 18 mujer -zapatillas de correr - MioMioRun.com\" \/>\n<meta property=\"og:description\" content=\"Las Guide 18 para mujer son unas zapatillas de entrenamiento con amortiguaci\u00f3n para el d\u00eda a d\u00eda que combinan nuestra espuma PWRRUN\" \/>\n<meta property=\"og:url\" content=\"https:\/\/www.miomiorun.com\/es\/producto\/guide-18-mujer\/\" \/>\n<meta property=\"og:site_name\" content=\"MioMioRun\" \/>\n<meta property=\"article:publisher\" content=\"https:\/\/www.facebook.com\/miomiorun\/\" \/>\n<meta property=\"article:modified_time\" content=\"2026-02-25T16:52:02+00:00\" \/>\n<meta property=\"og:image\" content=\"https:\/\/www.miomiorun.com\/app\/uploads\/2025\/02\/saucony-Guide-18-W-fuchsia-navy-S10998-161.webp\" \/>\n\t<meta property=\"og:image:width\" content=\"600\" \/>\n\t<meta property=\"og:image:height\" content=\"600\" \/>\n\t<meta property=\"og:image:type\" content=\"image\/webp\" \/>\n<meta name=\"twitter:card\" content=\"summary_large_image\" \/>\n<meta name=\"twitter:label1\" content=\"Est. reading time\" \/>\n\t<meta name=\"twitter:data1\" content=\"2 minutes\" \/>\n<script type=\"application\/ld+json\" class=\"yoast-schema-graph\">{\"@context\":\"https:\/\/schema.org\",\"@graph\":[{\"@type\":\"WebPage\",\"@id\":\"https:\/\/www.miomiorun.com\/es\/producto\/guide-18-mujer\/\",\"url\":\"https:\/\/www.miomiorun.com\/es\/producto\/guide-18-mujer\/\",\"name\":\"Saucony Guide 18 mujer -zapatillas de correr - MioMioRun.com\",\"isPartOf\":{\"@id\":\"https:\/\/www.miomiorun.com\/es\/#website\"},\"primaryImageOfPage\":{\"@id\":\"https:\/\/www.miomiorun.com\/es\/producto\/guide-18-mujer\/#primaryimage\"},\"image\":{\"@id\":\"https:\/\/www.miomiorun.com\/es\/producto\/guide-18-mujer\/#primaryimage\"},\"thumbnailUrl\":\"https:\/\/www.miomiorun.com\/app\/uploads\/2025\/02\/saucony-Guide-18-W-fuchsia-navy-S10998-161.webp\",\"datePublished\":\"2025-01-31T16:05:37+00:00\",\"dateModified\":\"2026-02-25T16:52:02+00:00\",\"description\":\"Las Guide 18 para mujer son unas zapatillas de entrenamiento con amortiguaci\u00f3n para el d\u00eda a d\u00eda que combinan nuestra espuma PWRRUN\",\"breadcrumb\":{\"@id\":\"https:\/\/www.miomiorun.com\/es\/producto\/guide-18-mujer\/#breadcrumb\"},\"inLanguage\":\"es-ES\",\"potentialAction\":[{\"@type\":\"ReadAction\",\"target\":[\"https:\/\/www.miomiorun.com\/es\/producto\/guide-18-mujer\/\"]}]},{\"@type\":\"ImageObject\",\"inLanguage\":\"es-ES\",\"@id\":\"https:\/\/www.miomiorun.com\/es\/producto\/guide-18-mujer\/#primaryimage\",\"url\":\"https:\/\/www.miomiorun.com\/app\/uploads\/2025\/02\/saucony-Guide-18-W-fuchsia-navy-S10998-161.webp\",\"contentUrl\":\"https:\/\/www.miomiorun.com\/app\/uploads\/2025\/02\/saucony-Guide-18-W-fuchsia-navy-S10998-161.webp\",\"width\":600,\"height\":600,\"caption\":\"saucony Guide 18 W fuchsia navy S10998-161\"},{\"@type\":\"BreadcrumbList\",\"@id\":\"https:\/\/www.miomiorun.com\/es\/producto\/guide-18-mujer\/#breadcrumb\",\"itemListElement\":[{\"@type\":\"ListItem\",\"position\":1,\"name\":\"Home\",\"item\":\"https:\/\/www.miomiorun.com\/es\/\"},{\"@type\":\"ListItem\",\"position\":2,\"name\":\"Shop\",\"item\":\"https:\/\/www.miomiorun.com\/shop\/\"},{\"@type\":\"ListItem\",\"position\":3,\"name\":\"Guide 18 mujer\"}]},{\"@type\":\"WebSite\",\"@id\":\"https:\/\/www.miomiorun.com\/es\/#website\",\"url\":\"https:\/\/www.miomiorun.com\/es\/\",\"name\":\"MioMioRun\",\"description\":\"Tienda 100% running y trail\",\"publisher\":{\"@id\":\"https:\/\/www.miomiorun.com\/es\/#organization\"},\"potentialAction\":[{\"@type\":\"SearchAction\",\"target\":{\"@type\":\"EntryPoint\",\"urlTemplate\":\"https:\/\/www.miomiorun.com\/es\/?s={search_term_string}\"},\"query-input\":{\"@type\":\"PropertyValueSpecification\",\"valueRequired\":true,\"valueName\":\"search_term_string\"}}],\"inLanguage\":\"es-ES\"},{\"@type\":\"Organization\",\"@id\":\"https:\/\/www.miomiorun.com\/es\/#organization\",\"name\":\"MioMio Run\",\"url\":\"https:\/\/www.miomiorun.com\/es\/\",\"logo\":{\"@type\":\"ImageObject\",\"inLanguage\":\"es-ES\",\"@id\":\"https:\/\/www.miomiorun.com\/es\/#\/schema\/logo\/image\/\",\"url\":\"https:\/\/www.miomiorun.com\/app\/uploads\/2019\/12\/logomio.png\",\"contentUrl\":\"https:\/\/www.miomiorun.com\/app\/uploads\/2019\/12\/logomio.png\",\"width\":115,\"height\":82,\"caption\":\"MioMio Run\"},\"image\":{\"@id\":\"https:\/\/www.miomiorun.com\/es\/#\/schema\/logo\/image\/\"},\"sameAs\":[\"https:\/\/www.facebook.com\/miomiorun\/\",\"https:\/\/www.instagram.com\/miomiorun\/\"]}]}<\/script>\n<!-- \/ Yoast SEO plugin. -->","yoast_head_json":{"title":"Saucony Guide 18 mujer -zapatillas de correr - MioMioRun.com","description":"Las Guide 18 para mujer son unas zapatillas de entrenamiento con amortiguaci\u00f3n para el d\u00eda a d\u00eda que combinan nuestra espuma PWRRUN","robots":{"index":"index","follow":"follow","max-snippet":"max-snippet:-1","max-image-preview":"max-image-preview:large","max-video-preview":"max-video-preview:-1"},"canonical":"https:\/\/www.miomiorun.com\/es\/producto\/guide-18-mujer\/","og_locale":"es_ES","og_type":"article","og_title":"Saucony Guide 18 mujer -zapatillas de correr - MioMioRun.com","og_description":"Las Guide 18 para mujer son unas zapatillas de entrenamiento con amortiguaci\u00f3n para el d\u00eda a d\u00eda que combinan nuestra espuma PWRRUN","og_url":"https:\/\/www.miomiorun.com\/es\/producto\/guide-18-mujer\/","og_site_name":"MioMioRun","article_publisher":"https:\/\/www.facebook.com\/miomiorun\/","article_modified_time":"2026-02-25T16:52:02+00:00","og_image":[{"width":600,"height":600,"url":"https:\/\/www.miomiorun.com\/app\/uploads\/2025\/02\/saucony-Guide-18-W-fuchsia-navy-S10998-161.webp","type":"image\/webp"}],"twitter_card":"summary_large_image","twitter_misc":{"Est. reading time":"2 minutes"},"schema":{"@context":"https:\/\/schema.org","@graph":[{"@type":"WebPage","@id":"https:\/\/www.miomiorun.com\/es\/producto\/guide-18-mujer\/","url":"https:\/\/www.miomiorun.com\/es\/producto\/guide-18-mujer\/","name":"Saucony Guide 18 mujer -zapatillas de correr - MioMioRun.com","isPartOf":{"@id":"https:\/\/www.miomiorun.com\/es\/#website"},"primaryImageOfPage":{"@id":"https:\/\/www.miomiorun.com\/es\/producto\/guide-18-mujer\/#primaryimage"},"image":{"@id":"https:\/\/www.miomiorun.com\/es\/producto\/guide-18-mujer\/#primaryimage"},"thumbnailUrl":"https:\/\/www.miomiorun.com\/app\/uploads\/2025\/02\/saucony-Guide-18-W-fuchsia-navy-S10998-161.webp","datePublished":"2025-01-31T16:05:37+00:00","dateModified":"2026-02-25T16:52:02+00:00","description":"Las Guide 18 para mujer son unas zapatillas de entrenamiento con amortiguaci\u00f3n para el d\u00eda a d\u00eda que combinan nuestra espuma PWRRUN","breadcrumb":{"@id":"https:\/\/www.miomiorun.com\/es\/producto\/guide-18-mujer\/#breadcrumb"},"inLanguage":"es-ES","potentialAction":[{"@type":"ReadAction","target":["https:\/\/www.miomiorun.com\/es\/producto\/guide-18-mujer\/"]}]},{"@type":"ImageObject","inLanguage":"es-ES","@id":"https:\/\/www.miomiorun.com\/es\/producto\/guide-18-mujer\/#primaryimage","url":"https:\/\/www.miomiorun.com\/app\/uploads\/2025\/02\/saucony-Guide-18-W-fuchsia-navy-S10998-161.webp","contentUrl":"https:\/\/www.miomiorun.com\/app\/uploads\/2025\/02\/saucony-Guide-18-W-fuchsia-navy-S10998-161.webp","width":600,"height":600,"caption":"saucony Guide 18 W fuchsia navy S10998-161"},{"@type":"BreadcrumbList","@id":"https:\/\/www.miomiorun.com\/es\/producto\/guide-18-mujer\/#breadcrumb","itemListElement":[{"@type":"ListItem","position":1,"name":"Home","item":"https:\/\/www.miomiorun.com\/es\/"},{"@type":"ListItem","position":2,"name":"Shop","item":"https:\/\/www.miomiorun.com\/shop\/"},{"@type":"ListItem","position":3,"name":"Guide 18 mujer"}]},{"@type":"WebSite","@id":"https:\/\/www.miomiorun.com\/es\/#website","url":"https:\/\/www.miomiorun.com\/es\/","name":"MioMioRun","description":"Tienda 100% running y trail","publisher":{"@id":"https:\/\/www.miomiorun.com\/es\/#organization"},"potentialAction":[{"@type":"SearchAction","target":{"@type":"EntryPoint","urlTemplate":"https:\/\/www.miomiorun.com\/es\/?s={search_term_string}"},"query-input":{"@type":"PropertyValueSpecification","valueRequired":true,"valueName":"search_term_string"}}],"inLanguage":"es-ES"},{"@type":"Organization","@id":"https:\/\/www.miomiorun.com\/es\/#organization","name":"MioMio Run","url":"https:\/\/www.miomiorun.com\/es\/","logo":{"@type":"ImageObject","inLanguage":"es-ES","@id":"https:\/\/www.miomiorun.com\/es\/#\/schema\/logo\/image\/","url":"https:\/\/www.miomiorun.com\/app\/uploads\/2019\/12\/logomio.png","contentUrl":"https:\/\/www.miomiorun.com\/app\/uploads\/2019\/12\/logomio.png","width":115,"height":82,"caption":"MioMio Run"},"image":{"@id":"https:\/\/www.miomiorun.com\/es\/#\/schema\/logo\/image\/"},"sameAs":["https:\/\/www.facebook.com\/miomiorun\/","https:\/\/www.instagram.com\/miomiorun\/"]}]}},"_links":{"self":[{"href":"https:\/\/www.miomiorun.com\/es\/wp-json\/wp\/v2\/product\/298787","targetHints":{"allow":["GET"]}}],"collection":[{"href":"https:\/\/www.miomiorun.com\/es\/wp-json\/wp\/v2\/product"}],"about":[{"href":"https:\/\/www.miomiorun.com\/es\/wp-json\/wp\/v2\/types\/product"}],"wp:featuredmedia":[{"embeddable":true,"href":"https:\/\/www.miomiorun.com\/es\/wp-json\/wp\/v2\/media\/251493"}],"wp:attachment":[{"href":"https:\/\/www.miomiorun.com\/es\/wp-json\/wp\/v2\/media?parent=298787"}],"wp:term":[{"taxonomy":"product_brand","embeddable":true,"href":"https:\/\/www.miomiorun.com\/es\/wp-json\/wp\/v2\/product_brand?post=298787"},{"taxonomy":"product_cat","embeddable":true,"href":"https:\/\/www.miomiorun.com\/es\/wp-json\/wp\/v2\/product_cat?post=298787"},{"taxonomy":"product_tag","embeddable":true,"href":"https:\/\/www.miomiorun.com\/es\/wp-json\/wp\/v2\/product_tag?post=298787"}],"curies":[{"name":"wp","href":"https:\/\/api.w.org\/{rel}","templated":true}]}}