{"id":298684,"date":"2025-02-03T17:00:11","date_gmt":"2025-02-03T16:00:11","guid":{"rendered":"https:\/\/miomiorun.com\/prodotto\/velociti-4-uomo\/"},"modified":"2026-02-25T18:09:00","modified_gmt":"2026-02-25T17:09:00","slug":"velociti-4-hombre","status":"publish","type":"product","link":"https:\/\/www.miomiorun.com\/es\/producto\/velociti-4-hombre\/","title":{"rendered":"Velociti 4 hombre"},"content":{"rendered":"<div class=\"vc-row container\"><div class=\"vc-column\"><div class=\"vc-column-text\"><\/p>\n<p><strong>Especificaciones t\u00e9cnicas<\/strong><\/p>\n<p>Categor\u00eda: amortiguaci\u00f3n reactiva<br \/>\nOffset: 8 mm<br \/>\nPeso: 218 g<br \/>\nIdeal para: corredores con pisada neutra y planta media que buscan un modelo de zapatilla vers\u00e1til, ligera y ultrarr\u00e1pida para afrontar con soltura distancias medias y entrenamientos de calidad.<br \/>\nPeso del atleta: 60-75 kg<br \/>\nRitmo de carrera: medio-r\u00e1pido (4,00-5,30 min\/km)<br \/>\n<a href=\"https:\/\/miomiorun.com\/es\/guia-especifica\/\">Gu\u00eda de especificaciones t\u00e9cnicas<\/a><\/p>\n<p><\/div> <div class=\"vc-column-text\"><div style=\"width: 640px;\" class=\"wp-video\"><video class=\"wp-video-shortcode\" id=\"video-298684-1\" width=\"640\" height=\"480\" loop autoplay preload=\"metadata\" controls=\"controls\"><source type=\"video\/mp4\" src=\"https:\/\/miomiorun.com\/wp-content\/uploads\/2025\/02\/under-armour-Velociti-4-white.mp4?_=1\" \/><a href=\"https:\/\/miomiorun.com\/wp-content\/uploads\/2025\/02\/under-armour-Velociti-4-white.mp4\">https:\/\/miomiorun.com\/wp-content\/uploads\/2025\/02\/under-armour-Velociti-4-white.mp4<\/a><\/video><\/div><\/div> <\/div><div class=\"vc-column\"><div class=\"vc-column-text\">Las nuevas <strong>Velociti 4<\/strong> para hombre est\u00e1n fabricadas con una amortiguaci\u00f3n revolucionaria, ligera, sin goma y resistente, que ofrece una sensaci\u00f3n de velocidad y un agarre excepcional al suelo mientras entrenas para dar lo mejor de ti mismo.<\/p>\n<p><strong>Caracter\u00edsticas:<\/strong><\/p>\n<div id=\"acc-1\" class=\"g-accordion-content collapse show\">\n<ul class=\"t-tabs_data\">\n<li class=\"t-tabs_list\">La parte superior de malla plana ofrece elasticidad din\u00e1mica, un ajuste envolvente y transpirabilidad en las zonas donde m\u00e1s se necesita<\/li>\n<li class=\"t-tabs_list\">El cuello de espuma con estructura y grosor mejorados proporciona una comodidad y estabilidad superiores en el impacto del tal\u00f3n.\n<li class=\"t-tabs_list\">La plantilla de EVA a\u00f1ade elasticidad y rebote a cada paso.\n<li class=\"t-tabs_list\">M\u00e1s suave y ligera, la entresuela Flow de una sola pieza proporciona una amortiguaci\u00f3n reactiva y duradera<\/li>\n<p>.<\/p>\n<li class=\"t-tabs_list\">La tecnolog\u00eda Flow elimina la suela de goma, lo que favorece una carrera m\u00e1s ligera y fluida en cualquier superficie<\/li>\n<p>.<\/p>\n<li class=\"t-tabs_list\">El dibujo de la suela es muy resistente y adherente para una pisada fluida y natural<\/li>\n<\/li>\n<\/li>\n<\/ul>\n<p>&nbsp;<\/p>\n<\/div>\n<p><\/div><\/div><\/div>\n","protected":false},"excerpt":{"rendered":"<ul>\n<li>Zapatilla ligera.<\/li>\n<li>Perfecta para tus entrenamientos r\u00e1pidos.<\/li>\n<\/ul>\n","protected":false},"featured_media":251465,"template":"","meta":{"_acf_changed":false,"inline_featured_image":false},"product_brand":[],"product_cat":[24454,24453],"product_tag":[23529,23573],"class_list":{"0":"post-298684","1":"product","2":"type-product","3":"status-publish","4":"has-post-thumbnail","6":"product_cat-calzado-para-hombre","7":"product_cat-neutre-es-3","8":"product_tag-under-armour-es","9":"product_tag-under-armour-hombre","10":"pa_attivita-caminar","11":"pa_attivita-fitness-es","12":"pa_attivita-running-es","13":"pa_colore-velociti-4-white-es","14":"pa_marca-under-armour-es","15":"pa_sesso-hombre","16":"pa_size-41-es","17":"pa_size-44-es","19":"first","20":"instock","21":"sale","22":"taxable","23":"shipping-taxable","24":"purchasable","25":"product-type-variable","26":"wvs-archive-product-wrapper"},"acf":[],"yoast_head":"<!-- This site is optimized with the Yoast SEO plugin v26.8 - https:\/\/yoast.com\/product\/yoast-seo-wordpress\/ -->\n<title>Under Armour Velociti 4 hombre - zapatillas de correr- MioMioRun<\/title>\n<meta name=\"description\" content=\"Las nuevas Velociti 4 para hombre est\u00e1n fabricadas con una amortiguaci\u00f3n revolucionaria, ligera, sin goma y resistente, que ofrece una sensaci\u00f3n de velocidad.\" \/>\n<meta name=\"robots\" content=\"index, follow, max-snippet:-1, max-image-preview:large, max-video-preview:-1\" \/>\n<link rel=\"canonical\" href=\"https:\/\/www.miomiorun.com\/es\/producto\/velociti-4-hombre\/\" \/>\n<meta property=\"og:locale\" content=\"es_ES\" \/>\n<meta property=\"og:type\" content=\"article\" \/>\n<meta property=\"og:title\" content=\"Under Armour Velociti 4 hombre - zapatillas de correr- MioMioRun\" \/>\n<meta property=\"og:description\" content=\"Las nuevas Velociti 4 para hombre est\u00e1n fabricadas con una amortiguaci\u00f3n revolucionaria, ligera, sin goma y resistente, que ofrece una sensaci\u00f3n de velocidad.\" \/>\n<meta property=\"og:url\" content=\"https:\/\/www.miomiorun.com\/es\/producto\/velociti-4-hombre\/\" \/>\n<meta property=\"og:site_name\" content=\"MioMioRun\" \/>\n<meta property=\"article:publisher\" content=\"https:\/\/www.facebook.com\/miomiorun\/\" \/>\n<meta property=\"article:modified_time\" content=\"2026-02-25T17:09:00+00:00\" \/>\n<meta property=\"og:image\" content=\"https:\/\/www.miomiorun.com\/app\/uploads\/2025\/02\/under-armour-Velociti-4-black-Anthracite-Ares-Red-3027585-0003.webp\" \/>\n\t<meta property=\"og:image:width\" content=\"600\" \/>\n\t<meta property=\"og:image:height\" content=\"600\" \/>\n\t<meta property=\"og:image:type\" content=\"image\/webp\" \/>\n<meta name=\"twitter:card\" content=\"summary_large_image\" \/>\n<meta name=\"twitter:label1\" content=\"Est. reading time\" \/>\n\t<meta name=\"twitter:data1\" content=\"1 minute\" \/>\n<script type=\"application\/ld+json\" class=\"yoast-schema-graph\">{\"@context\":\"https:\/\/schema.org\",\"@graph\":[{\"@type\":\"WebPage\",\"@id\":\"https:\/\/www.miomiorun.com\/es\/producto\/velociti-4-hombre\/\",\"url\":\"https:\/\/www.miomiorun.com\/es\/producto\/velociti-4-hombre\/\",\"name\":\"Under Armour Velociti 4 hombre - zapatillas de correr- MioMioRun\",\"isPartOf\":{\"@id\":\"https:\/\/www.miomiorun.com\/es\/#website\"},\"primaryImageOfPage\":{\"@id\":\"https:\/\/www.miomiorun.com\/es\/producto\/velociti-4-hombre\/#primaryimage\"},\"image\":{\"@id\":\"https:\/\/www.miomiorun.com\/es\/producto\/velociti-4-hombre\/#primaryimage\"},\"thumbnailUrl\":\"https:\/\/www.miomiorun.com\/app\/uploads\/2025\/02\/under-armour-Velociti-4-black-Anthracite-Ares-Red-3027585-0003.webp\",\"datePublished\":\"2025-02-03T16:00:11+00:00\",\"dateModified\":\"2026-02-25T17:09:00+00:00\",\"description\":\"Las nuevas Velociti 4 para hombre est\u00e1n fabricadas con una amortiguaci\u00f3n revolucionaria, ligera, sin goma y resistente, que ofrece una sensaci\u00f3n de velocidad.\",\"breadcrumb\":{\"@id\":\"https:\/\/www.miomiorun.com\/es\/producto\/velociti-4-hombre\/#breadcrumb\"},\"inLanguage\":\"es-ES\",\"potentialAction\":[{\"@type\":\"ReadAction\",\"target\":[\"https:\/\/www.miomiorun.com\/es\/producto\/velociti-4-hombre\/\"]}]},{\"@type\":\"ImageObject\",\"inLanguage\":\"es-ES\",\"@id\":\"https:\/\/www.miomiorun.com\/es\/producto\/velociti-4-hombre\/#primaryimage\",\"url\":\"https:\/\/www.miomiorun.com\/app\/uploads\/2025\/02\/under-armour-Velociti-4-black-Anthracite-Ares-Red-3027585-0003.webp\",\"contentUrl\":\"https:\/\/www.miomiorun.com\/app\/uploads\/2025\/02\/under-armour-Velociti-4-black-Anthracite-Ares-Red-3027585-0003.webp\",\"width\":600,\"height\":600,\"caption\":\"under armour Velociti 4 black Anthracite Ares Red 3027585 0003\"},{\"@type\":\"BreadcrumbList\",\"@id\":\"https:\/\/www.miomiorun.com\/es\/producto\/velociti-4-hombre\/#breadcrumb\",\"itemListElement\":[{\"@type\":\"ListItem\",\"position\":1,\"name\":\"Home\",\"item\":\"https:\/\/www.miomiorun.com\/es\/\"},{\"@type\":\"ListItem\",\"position\":2,\"name\":\"Shop\",\"item\":\"https:\/\/www.miomiorun.com\/shop\/\"},{\"@type\":\"ListItem\",\"position\":3,\"name\":\"Velociti 4 hombre\"}]},{\"@type\":\"WebSite\",\"@id\":\"https:\/\/www.miomiorun.com\/es\/#website\",\"url\":\"https:\/\/www.miomiorun.com\/es\/\",\"name\":\"MioMioRun\",\"description\":\"Tienda 100% running y trail\",\"publisher\":{\"@id\":\"https:\/\/www.miomiorun.com\/es\/#organization\"},\"potentialAction\":[{\"@type\":\"SearchAction\",\"target\":{\"@type\":\"EntryPoint\",\"urlTemplate\":\"https:\/\/www.miomiorun.com\/es\/?s={search_term_string}\"},\"query-input\":{\"@type\":\"PropertyValueSpecification\",\"valueRequired\":true,\"valueName\":\"search_term_string\"}}],\"inLanguage\":\"es-ES\"},{\"@type\":\"Organization\",\"@id\":\"https:\/\/www.miomiorun.com\/es\/#organization\",\"name\":\"MioMio Run\",\"url\":\"https:\/\/www.miomiorun.com\/es\/\",\"logo\":{\"@type\":\"ImageObject\",\"inLanguage\":\"es-ES\",\"@id\":\"https:\/\/www.miomiorun.com\/es\/#\/schema\/logo\/image\/\",\"url\":\"https:\/\/www.miomiorun.com\/app\/uploads\/2019\/12\/logomio.png\",\"contentUrl\":\"https:\/\/www.miomiorun.com\/app\/uploads\/2019\/12\/logomio.png\",\"width\":115,\"height\":82,\"caption\":\"MioMio Run\"},\"image\":{\"@id\":\"https:\/\/www.miomiorun.com\/es\/#\/schema\/logo\/image\/\"},\"sameAs\":[\"https:\/\/www.facebook.com\/miomiorun\/\",\"https:\/\/www.instagram.com\/miomiorun\/\"]}]}<\/script>\n<!-- \/ Yoast SEO plugin. -->","yoast_head_json":{"title":"Under Armour Velociti 4 hombre - zapatillas de correr- MioMioRun","description":"Las nuevas Velociti 4 para hombre est\u00e1n fabricadas con una amortiguaci\u00f3n revolucionaria, ligera, sin goma y resistente, que ofrece una sensaci\u00f3n de velocidad.","robots":{"index":"index","follow":"follow","max-snippet":"max-snippet:-1","max-image-preview":"max-image-preview:large","max-video-preview":"max-video-preview:-1"},"canonical":"https:\/\/www.miomiorun.com\/es\/producto\/velociti-4-hombre\/","og_locale":"es_ES","og_type":"article","og_title":"Under Armour Velociti 4 hombre - zapatillas de correr- MioMioRun","og_description":"Las nuevas Velociti 4 para hombre est\u00e1n fabricadas con una amortiguaci\u00f3n revolucionaria, ligera, sin goma y resistente, que ofrece una sensaci\u00f3n de velocidad.","og_url":"https:\/\/www.miomiorun.com\/es\/producto\/velociti-4-hombre\/","og_site_name":"MioMioRun","article_publisher":"https:\/\/www.facebook.com\/miomiorun\/","article_modified_time":"2026-02-25T17:09:00+00:00","og_image":[{"width":600,"height":600,"url":"https:\/\/www.miomiorun.com\/app\/uploads\/2025\/02\/under-armour-Velociti-4-black-Anthracite-Ares-Red-3027585-0003.webp","type":"image\/webp"}],"twitter_card":"summary_large_image","twitter_misc":{"Est. reading time":"1 minute"},"schema":{"@context":"https:\/\/schema.org","@graph":[{"@type":"WebPage","@id":"https:\/\/www.miomiorun.com\/es\/producto\/velociti-4-hombre\/","url":"https:\/\/www.miomiorun.com\/es\/producto\/velociti-4-hombre\/","name":"Under Armour Velociti 4 hombre - zapatillas de correr- MioMioRun","isPartOf":{"@id":"https:\/\/www.miomiorun.com\/es\/#website"},"primaryImageOfPage":{"@id":"https:\/\/www.miomiorun.com\/es\/producto\/velociti-4-hombre\/#primaryimage"},"image":{"@id":"https:\/\/www.miomiorun.com\/es\/producto\/velociti-4-hombre\/#primaryimage"},"thumbnailUrl":"https:\/\/www.miomiorun.com\/app\/uploads\/2025\/02\/under-armour-Velociti-4-black-Anthracite-Ares-Red-3027585-0003.webp","datePublished":"2025-02-03T16:00:11+00:00","dateModified":"2026-02-25T17:09:00+00:00","description":"Las nuevas Velociti 4 para hombre est\u00e1n fabricadas con una amortiguaci\u00f3n revolucionaria, ligera, sin goma y resistente, que ofrece una sensaci\u00f3n de velocidad.","breadcrumb":{"@id":"https:\/\/www.miomiorun.com\/es\/producto\/velociti-4-hombre\/#breadcrumb"},"inLanguage":"es-ES","potentialAction":[{"@type":"ReadAction","target":["https:\/\/www.miomiorun.com\/es\/producto\/velociti-4-hombre\/"]}]},{"@type":"ImageObject","inLanguage":"es-ES","@id":"https:\/\/www.miomiorun.com\/es\/producto\/velociti-4-hombre\/#primaryimage","url":"https:\/\/www.miomiorun.com\/app\/uploads\/2025\/02\/under-armour-Velociti-4-black-Anthracite-Ares-Red-3027585-0003.webp","contentUrl":"https:\/\/www.miomiorun.com\/app\/uploads\/2025\/02\/under-armour-Velociti-4-black-Anthracite-Ares-Red-3027585-0003.webp","width":600,"height":600,"caption":"under armour Velociti 4 black Anthracite Ares Red 3027585 0003"},{"@type":"BreadcrumbList","@id":"https:\/\/www.miomiorun.com\/es\/producto\/velociti-4-hombre\/#breadcrumb","itemListElement":[{"@type":"ListItem","position":1,"name":"Home","item":"https:\/\/www.miomiorun.com\/es\/"},{"@type":"ListItem","position":2,"name":"Shop","item":"https:\/\/www.miomiorun.com\/shop\/"},{"@type":"ListItem","position":3,"name":"Velociti 4 hombre"}]},{"@type":"WebSite","@id":"https:\/\/www.miomiorun.com\/es\/#website","url":"https:\/\/www.miomiorun.com\/es\/","name":"MioMioRun","description":"Tienda 100% running y trail","publisher":{"@id":"https:\/\/www.miomiorun.com\/es\/#organization"},"potentialAction":[{"@type":"SearchAction","target":{"@type":"EntryPoint","urlTemplate":"https:\/\/www.miomiorun.com\/es\/?s={search_term_string}"},"query-input":{"@type":"PropertyValueSpecification","valueRequired":true,"valueName":"search_term_string"}}],"inLanguage":"es-ES"},{"@type":"Organization","@id":"https:\/\/www.miomiorun.com\/es\/#organization","name":"MioMio Run","url":"https:\/\/www.miomiorun.com\/es\/","logo":{"@type":"ImageObject","inLanguage":"es-ES","@id":"https:\/\/www.miomiorun.com\/es\/#\/schema\/logo\/image\/","url":"https:\/\/www.miomiorun.com\/app\/uploads\/2019\/12\/logomio.png","contentUrl":"https:\/\/www.miomiorun.com\/app\/uploads\/2019\/12\/logomio.png","width":115,"height":82,"caption":"MioMio Run"},"image":{"@id":"https:\/\/www.miomiorun.com\/es\/#\/schema\/logo\/image\/"},"sameAs":["https:\/\/www.facebook.com\/miomiorun\/","https:\/\/www.instagram.com\/miomiorun\/"]}]}},"_links":{"self":[{"href":"https:\/\/www.miomiorun.com\/es\/wp-json\/wp\/v2\/product\/298684","targetHints":{"allow":["GET"]}}],"collection":[{"href":"https:\/\/www.miomiorun.com\/es\/wp-json\/wp\/v2\/product"}],"about":[{"href":"https:\/\/www.miomiorun.com\/es\/wp-json\/wp\/v2\/types\/product"}],"wp:featuredmedia":[{"embeddable":true,"href":"https:\/\/www.miomiorun.com\/es\/wp-json\/wp\/v2\/media\/251465"}],"wp:attachment":[{"href":"https:\/\/www.miomiorun.com\/es\/wp-json\/wp\/v2\/media?parent=298684"}],"wp:term":[{"taxonomy":"product_brand","embeddable":true,"href":"https:\/\/www.miomiorun.com\/es\/wp-json\/wp\/v2\/product_brand?post=298684"},{"taxonomy":"product_cat","embeddable":true,"href":"https:\/\/www.miomiorun.com\/es\/wp-json\/wp\/v2\/product_cat?post=298684"},{"taxonomy":"product_tag","embeddable":true,"href":"https:\/\/www.miomiorun.com\/es\/wp-json\/wp\/v2\/product_tag?post=298684"}],"curies":[{"name":"wp","href":"https:\/\/api.w.org\/{rel}","templated":true}]}}