{"id":298645,"date":"2025-02-05T18:55:37","date_gmt":"2025-02-05T17:55:37","guid":{"rendered":"https:\/\/miomiorun.com\/prodotto\/supernova-solution-2-0-donna\/"},"modified":"2025-06-05T17:39:22","modified_gmt":"2025-06-05T15:39:22","slug":"supernova-solution-2-0-mujer","status":"publish","type":"product","link":"https:\/\/www.miomiorun.com\/es\/producto\/supernova-solution-2-0-mujer\/","title":{"rendered":"Supernova Solution 2.0 mujer"},"content":{"rendered":"<div class=\"vc-row container\"><div class=\"vc-column\"><div class=\"vc-column-text\"><\/p>\n<h4>Especificaciones t\u00e9cnicas<\/h4>\n<p>Categor\u00eda: amortiguaci\u00f3n media<br \/>\nOffset: 9 mm (tal\u00f3n: 34 mm \/ antepi\u00e9: 25 mm)<br \/>\nPeso: 245 g<br \/>\nIdeal para : corredores con tendencia a la pronaci\u00f3n, que buscan un modelo con sujeci\u00f3n y protecci\u00f3n, pero sin renunciar al rendimiento dado el bajo peso de la zapatilla.<br \/>\nPeso del atleta : &gt;65 kg<br \/>\nRitmo de carrera : medio (5-6 min\/km)<br \/>\n<a href=\"https:\/\/miomiorun.com\/es\/guia-especifica\/\">Gu\u00eda de especificaciones<\/a><\/p>\n<p><\/div><\/div><div class=\"vc-column\"><div class=\"vc-column-text\"><\/p>\n<div class=\"text-content___13aRm\">\n<div class=\"text-content___13aRm\">\n<h2 class=\"subtitle___9ljbp\">Las Supernova Solution 2.0 en versi\u00f3n para mujer son las zapatillas de running amortiguadas y estables para correr a diario cualquier distancia.<\/h2>\n<p class=\"gl-vspace\">Deja estas zapatillas de running adidas junto a la puerta de casa para que est\u00e9n listas para tu carrera matutina, o m\u00e9telas en tu mochila para tenerlas contigo cuando quieras entrenar despu\u00e9s del trabajo. No hay duda, demostrar\u00e1n ser la elecci\u00f3n ideal d\u00eda tras d\u00eda, proporcion\u00e1ndote comodidad y sujeci\u00f3n constantes. La entresuela <strong>Dreamstrike+<\/strong> proporciona una amortiguaci\u00f3n \u00f3ptima, mientras que las barras estabilizadoras garantizan una transici\u00f3n suave del tal\u00f3n a la puntera.<\/p>\n<\/div>\n<p><strong>Caracter\u00edsticas:<\/strong><\/p>\n<ul class=\"gl-list\">\n<li class=\"gl-vspace-bpall-small\">Corte regular.<\/li>\n<li class=\"gl-vspace-bpall-small\">Cierre con cordones.<\/li>\n<li class=\"gl-vspace-bpall-small\">Parte superior de tela y material sint\u00e9tico.<\/li>\n<li class=\"gl-vspace-bpall-small\">Forro de tela.<\/li>\n<li class=\"gl-vspace-bpall-small\">Entresuela Dreamstrike+.<\/li>\n<li class=\"gl-vspace-bpall-small\">Barras de apoyo estabilizadoras.<\/li>\n<li>suela adiwear.<\/li>\n<\/ul>\n<div class=\"_cell_18qu3_18 _with-content_18qu3_27\" data-auto-id=\"bs-body\">\n<div class=\"_banner-split_18qu3_31 color-theme-black\">\n<h2 class=\"_banner-split-title_18qu3_68 _dynamic-alignment_18qu3_126\" style=\"text-align: center;\" data-auto-id=\"bs-title\">TAL\u00d3N SUPERC\u00d3MODO<\/h2>\n<p class=\"_banner-split-summary_18qu3_92 _dynamic-alignment_18qu3_126\" style=\"text-align: center;\" data-auto-id=\"bs-summary\">Una combinaci\u00f3n perfecta entre la amortiguaci\u00f3n del compuesto y la suavidad del tejido, que te ofrece la m\u00e1xima sujeci\u00f3n, como si la zapatilla abrazara tu tal\u00f3n.<\/p>\n<div class=\"_cell_18qu3_18 _with-content_18qu3_27\" data-auto-id=\"bs-body\">\n<div class=\"_banner-split_18qu3_31 color-theme-black\">\n<h2 class=\"_banner-split-title_18qu3_68 _dynamic-alignment_18qu3_126\" style=\"text-align: center;\" data-auto-id=\"bs-title\">DREAMSTRIKE<\/h2>\n<p class=\"_banner-split-summary_18qu3_92 _dynamic-alignment_18qu3_126\" style=\"text-align: center;\" data-auto-id=\"bs-summary\">El supercompuesto de nueva generaci\u00f3n en la entresuela amortigua cada paso, ofreciendo el mejor equilibrio entre comodidad y estabilidad, kil\u00f3metro tras kil\u00f3metro.<\/p>\n<div class=\"_cell_18qu3_18 _with-content_18qu3_27\" data-auto-id=\"bs-body\">\n<div class=\"_banner-split_18qu3_31 color-theme-black\">\n<p class=\"_banner-split-summary_18qu3_92 _dynamic-alignment_18qu3_126\" style=\"text-align: center;\" data-auto-id=\"bs-summary\">\n<\/div>\n<\/div>\n<\/div>\n<\/div>\n<\/div>\n<\/div>\n<\/div>\n<p><\/div><\/div><\/div>\n","protected":false},"excerpt":{"rendered":"<li>Zapatilla de running con sujeci\u00f3n extra.<\/li>\n<li style=\"list-style-type: none;\">\n<li>Perfectas para todos los entrenamientos diarios<\/li>\n","protected":false},"featured_media":228484,"template":"","meta":{"_acf_changed":false,"inline_featured_image":false},"product_brand":[],"product_cat":[24227,24229],"product_tag":[23558,23620],"class_list":{"0":"post-298645","1":"product","2":"type-product","3":"status-publish","4":"has-post-thumbnail","6":"product_cat-calzado-femenino","7":"product_cat-establos","8":"product_tag-adidas-es","9":"product_tag-adidas-mujer","10":"pa_attivita-caminar","11":"pa_attivita-running-es","12":"pa_colore-supernova-solution-2-w-aurink-wonqua-aur-es","13":"pa_colore-supernova-solution-2-w-ftwwht-flaaqu-powcor-es","14":"pa_colore-supernova-solution-2-w-halsil-zeromt-gre-es","15":"pa_colore-supernova-solution-w-cwhite-ftwwht-owhi-es","16":"pa_colore-supernova-solution-w-halmin-magrmt-minto-es","17":"pa_marca-adidas-es","18":"pa_sesso-mujer","19":"pa_size-38-es","21":"pa_size-40-es","23":"pa_size-41-es","25":"first","26":"instock","27":"sale","28":"taxable","29":"shipping-taxable","30":"purchasable","31":"product-type-variable","32":"wvs-archive-product-wrapper"},"acf":[],"yoast_head":"<!-- This site is optimized with the Yoast SEO plugin v26.8 - https:\/\/yoast.com\/product\/yoast-seo-wordpress\/ -->\n<title>Adidas Supernova Solution 2.0 mujer - zapatillas de running - MioMioRun.com<\/title>\n<meta name=\"description\" content=\"Las Supernova Solution 2.0 en versi\u00f3n femenina son las zapatillas de running amortiguadas y estables para correr a diario cualquier distancia.\" \/>\n<meta name=\"robots\" content=\"index, follow, max-snippet:-1, max-image-preview:large, max-video-preview:-1\" \/>\n<link rel=\"canonical\" href=\"https:\/\/www.miomiorun.com\/es\/producto\/supernova-solution-2-0-mujer\/\" \/>\n<meta property=\"og:locale\" content=\"es_ES\" \/>\n<meta property=\"og:type\" content=\"article\" \/>\n<meta property=\"og:title\" content=\"Adidas Supernova Solution 2.0 mujer - zapatillas de running - MioMioRun.com\" \/>\n<meta property=\"og:description\" content=\"Las Supernova Solution 2.0 en versi\u00f3n femenina son las zapatillas de running amortiguadas y estables para correr a diario cualquier distancia.\" \/>\n<meta property=\"og:url\" content=\"https:\/\/www.miomiorun.com\/es\/producto\/supernova-solution-2-0-mujer\/\" \/>\n<meta property=\"og:site_name\" content=\"MioMioRun\" \/>\n<meta property=\"article:publisher\" content=\"https:\/\/www.facebook.com\/miomiorun\/\" \/>\n<meta property=\"article:modified_time\" content=\"2025-06-05T15:39:22+00:00\" \/>\n<meta property=\"og:image\" content=\"https:\/\/www.miomiorun.com\/app\/uploads\/2025\/02\/adidas-Supernova-solution-2-W-FTWWHT-FLAAQU-POWCOR-IH2510.webp\" \/>\n\t<meta property=\"og:image:width\" content=\"600\" \/>\n\t<meta property=\"og:image:height\" content=\"600\" \/>\n\t<meta property=\"og:image:type\" content=\"image\/webp\" \/>\n<meta name=\"twitter:card\" content=\"summary_large_image\" \/>\n<meta name=\"twitter:label1\" content=\"Est. reading time\" \/>\n\t<meta name=\"twitter:data1\" content=\"1 minute\" \/>\n<script type=\"application\/ld+json\" class=\"yoast-schema-graph\">{\"@context\":\"https:\/\/schema.org\",\"@graph\":[{\"@type\":\"WebPage\",\"@id\":\"https:\/\/www.miomiorun.com\/es\/producto\/supernova-solution-2-0-mujer\/\",\"url\":\"https:\/\/www.miomiorun.com\/es\/producto\/supernova-solution-2-0-mujer\/\",\"name\":\"Adidas Supernova Solution 2.0 mujer - zapatillas de running - MioMioRun.com\",\"isPartOf\":{\"@id\":\"https:\/\/www.miomiorun.com\/es\/#website\"},\"primaryImageOfPage\":{\"@id\":\"https:\/\/www.miomiorun.com\/es\/producto\/supernova-solution-2-0-mujer\/#primaryimage\"},\"image\":{\"@id\":\"https:\/\/www.miomiorun.com\/es\/producto\/supernova-solution-2-0-mujer\/#primaryimage\"},\"thumbnailUrl\":\"https:\/\/www.miomiorun.com\/app\/uploads\/2025\/02\/adidas-Supernova-solution-2-W-FTWWHT-FLAAQU-POWCOR-IH2510.webp\",\"datePublished\":\"2025-02-05T17:55:37+00:00\",\"dateModified\":\"2025-06-05T15:39:22+00:00\",\"description\":\"Las Supernova Solution 2.0 en versi\u00f3n femenina son las zapatillas de running amortiguadas y estables para correr a diario cualquier distancia.\",\"breadcrumb\":{\"@id\":\"https:\/\/www.miomiorun.com\/es\/producto\/supernova-solution-2-0-mujer\/#breadcrumb\"},\"inLanguage\":\"es-ES\",\"potentialAction\":[{\"@type\":\"ReadAction\",\"target\":[\"https:\/\/www.miomiorun.com\/es\/producto\/supernova-solution-2-0-mujer\/\"]}]},{\"@type\":\"ImageObject\",\"inLanguage\":\"es-ES\",\"@id\":\"https:\/\/www.miomiorun.com\/es\/producto\/supernova-solution-2-0-mujer\/#primaryimage\",\"url\":\"https:\/\/www.miomiorun.com\/app\/uploads\/2025\/02\/adidas-Supernova-solution-2-W-FTWWHT-FLAAQU-POWCOR-IH2510.webp\",\"contentUrl\":\"https:\/\/www.miomiorun.com\/app\/uploads\/2025\/02\/adidas-Supernova-solution-2-W-FTWWHT-FLAAQU-POWCOR-IH2510.webp\",\"width\":600,\"height\":600,\"caption\":\"adidas Supernova solution 2 W FTWWHT FLAAQU POWCOR IH2510\"},{\"@type\":\"BreadcrumbList\",\"@id\":\"https:\/\/www.miomiorun.com\/es\/producto\/supernova-solution-2-0-mujer\/#breadcrumb\",\"itemListElement\":[{\"@type\":\"ListItem\",\"position\":1,\"name\":\"Home\",\"item\":\"https:\/\/www.miomiorun.com\/es\/\"},{\"@type\":\"ListItem\",\"position\":2,\"name\":\"Shop\",\"item\":\"https:\/\/www.miomiorun.com\/shop\/\"},{\"@type\":\"ListItem\",\"position\":3,\"name\":\"Supernova Solution 2.0 mujer\"}]},{\"@type\":\"WebSite\",\"@id\":\"https:\/\/www.miomiorun.com\/es\/#website\",\"url\":\"https:\/\/www.miomiorun.com\/es\/\",\"name\":\"MioMioRun\",\"description\":\"Tienda 100% running y trail\",\"publisher\":{\"@id\":\"https:\/\/www.miomiorun.com\/es\/#organization\"},\"potentialAction\":[{\"@type\":\"SearchAction\",\"target\":{\"@type\":\"EntryPoint\",\"urlTemplate\":\"https:\/\/www.miomiorun.com\/es\/?s={search_term_string}\"},\"query-input\":{\"@type\":\"PropertyValueSpecification\",\"valueRequired\":true,\"valueName\":\"search_term_string\"}}],\"inLanguage\":\"es-ES\"},{\"@type\":\"Organization\",\"@id\":\"https:\/\/www.miomiorun.com\/es\/#organization\",\"name\":\"MioMio Run\",\"url\":\"https:\/\/www.miomiorun.com\/es\/\",\"logo\":{\"@type\":\"ImageObject\",\"inLanguage\":\"es-ES\",\"@id\":\"https:\/\/www.miomiorun.com\/es\/#\/schema\/logo\/image\/\",\"url\":\"https:\/\/www.miomiorun.com\/app\/uploads\/2019\/12\/logomio.png\",\"contentUrl\":\"https:\/\/www.miomiorun.com\/app\/uploads\/2019\/12\/logomio.png\",\"width\":115,\"height\":82,\"caption\":\"MioMio Run\"},\"image\":{\"@id\":\"https:\/\/www.miomiorun.com\/es\/#\/schema\/logo\/image\/\"},\"sameAs\":[\"https:\/\/www.facebook.com\/miomiorun\/\",\"https:\/\/www.instagram.com\/miomiorun\/\"]}]}<\/script>\n<!-- \/ Yoast SEO plugin. -->","yoast_head_json":{"title":"Adidas Supernova Solution 2.0 mujer - zapatillas de running - MioMioRun.com","description":"Las Supernova Solution 2.0 en versi\u00f3n femenina son las zapatillas de running amortiguadas y estables para correr a diario cualquier distancia.","robots":{"index":"index","follow":"follow","max-snippet":"max-snippet:-1","max-image-preview":"max-image-preview:large","max-video-preview":"max-video-preview:-1"},"canonical":"https:\/\/www.miomiorun.com\/es\/producto\/supernova-solution-2-0-mujer\/","og_locale":"es_ES","og_type":"article","og_title":"Adidas Supernova Solution 2.0 mujer - zapatillas de running - MioMioRun.com","og_description":"Las Supernova Solution 2.0 en versi\u00f3n femenina son las zapatillas de running amortiguadas y estables para correr a diario cualquier distancia.","og_url":"https:\/\/www.miomiorun.com\/es\/producto\/supernova-solution-2-0-mujer\/","og_site_name":"MioMioRun","article_publisher":"https:\/\/www.facebook.com\/miomiorun\/","article_modified_time":"2025-06-05T15:39:22+00:00","og_image":[{"width":600,"height":600,"url":"https:\/\/www.miomiorun.com\/app\/uploads\/2025\/02\/adidas-Supernova-solution-2-W-FTWWHT-FLAAQU-POWCOR-IH2510.webp","type":"image\/webp"}],"twitter_card":"summary_large_image","twitter_misc":{"Est. reading time":"1 minute"},"schema":{"@context":"https:\/\/schema.org","@graph":[{"@type":"WebPage","@id":"https:\/\/www.miomiorun.com\/es\/producto\/supernova-solution-2-0-mujer\/","url":"https:\/\/www.miomiorun.com\/es\/producto\/supernova-solution-2-0-mujer\/","name":"Adidas Supernova Solution 2.0 mujer - zapatillas de running - MioMioRun.com","isPartOf":{"@id":"https:\/\/www.miomiorun.com\/es\/#website"},"primaryImageOfPage":{"@id":"https:\/\/www.miomiorun.com\/es\/producto\/supernova-solution-2-0-mujer\/#primaryimage"},"image":{"@id":"https:\/\/www.miomiorun.com\/es\/producto\/supernova-solution-2-0-mujer\/#primaryimage"},"thumbnailUrl":"https:\/\/www.miomiorun.com\/app\/uploads\/2025\/02\/adidas-Supernova-solution-2-W-FTWWHT-FLAAQU-POWCOR-IH2510.webp","datePublished":"2025-02-05T17:55:37+00:00","dateModified":"2025-06-05T15:39:22+00:00","description":"Las Supernova Solution 2.0 en versi\u00f3n femenina son las zapatillas de running amortiguadas y estables para correr a diario cualquier distancia.","breadcrumb":{"@id":"https:\/\/www.miomiorun.com\/es\/producto\/supernova-solution-2-0-mujer\/#breadcrumb"},"inLanguage":"es-ES","potentialAction":[{"@type":"ReadAction","target":["https:\/\/www.miomiorun.com\/es\/producto\/supernova-solution-2-0-mujer\/"]}]},{"@type":"ImageObject","inLanguage":"es-ES","@id":"https:\/\/www.miomiorun.com\/es\/producto\/supernova-solution-2-0-mujer\/#primaryimage","url":"https:\/\/www.miomiorun.com\/app\/uploads\/2025\/02\/adidas-Supernova-solution-2-W-FTWWHT-FLAAQU-POWCOR-IH2510.webp","contentUrl":"https:\/\/www.miomiorun.com\/app\/uploads\/2025\/02\/adidas-Supernova-solution-2-W-FTWWHT-FLAAQU-POWCOR-IH2510.webp","width":600,"height":600,"caption":"adidas Supernova solution 2 W FTWWHT FLAAQU POWCOR IH2510"},{"@type":"BreadcrumbList","@id":"https:\/\/www.miomiorun.com\/es\/producto\/supernova-solution-2-0-mujer\/#breadcrumb","itemListElement":[{"@type":"ListItem","position":1,"name":"Home","item":"https:\/\/www.miomiorun.com\/es\/"},{"@type":"ListItem","position":2,"name":"Shop","item":"https:\/\/www.miomiorun.com\/shop\/"},{"@type":"ListItem","position":3,"name":"Supernova Solution 2.0 mujer"}]},{"@type":"WebSite","@id":"https:\/\/www.miomiorun.com\/es\/#website","url":"https:\/\/www.miomiorun.com\/es\/","name":"MioMioRun","description":"Tienda 100% running y trail","publisher":{"@id":"https:\/\/www.miomiorun.com\/es\/#organization"},"potentialAction":[{"@type":"SearchAction","target":{"@type":"EntryPoint","urlTemplate":"https:\/\/www.miomiorun.com\/es\/?s={search_term_string}"},"query-input":{"@type":"PropertyValueSpecification","valueRequired":true,"valueName":"search_term_string"}}],"inLanguage":"es-ES"},{"@type":"Organization","@id":"https:\/\/www.miomiorun.com\/es\/#organization","name":"MioMio Run","url":"https:\/\/www.miomiorun.com\/es\/","logo":{"@type":"ImageObject","inLanguage":"es-ES","@id":"https:\/\/www.miomiorun.com\/es\/#\/schema\/logo\/image\/","url":"https:\/\/www.miomiorun.com\/app\/uploads\/2019\/12\/logomio.png","contentUrl":"https:\/\/www.miomiorun.com\/app\/uploads\/2019\/12\/logomio.png","width":115,"height":82,"caption":"MioMio Run"},"image":{"@id":"https:\/\/www.miomiorun.com\/es\/#\/schema\/logo\/image\/"},"sameAs":["https:\/\/www.facebook.com\/miomiorun\/","https:\/\/www.instagram.com\/miomiorun\/"]}]}},"_links":{"self":[{"href":"https:\/\/www.miomiorun.com\/es\/wp-json\/wp\/v2\/product\/298645","targetHints":{"allow":["GET"]}}],"collection":[{"href":"https:\/\/www.miomiorun.com\/es\/wp-json\/wp\/v2\/product"}],"about":[{"href":"https:\/\/www.miomiorun.com\/es\/wp-json\/wp\/v2\/types\/product"}],"wp:featuredmedia":[{"embeddable":true,"href":"https:\/\/www.miomiorun.com\/es\/wp-json\/wp\/v2\/media\/228484"}],"wp:attachment":[{"href":"https:\/\/www.miomiorun.com\/es\/wp-json\/wp\/v2\/media?parent=298645"}],"wp:term":[{"taxonomy":"product_brand","embeddable":true,"href":"https:\/\/www.miomiorun.com\/es\/wp-json\/wp\/v2\/product_brand?post=298645"},{"taxonomy":"product_cat","embeddable":true,"href":"https:\/\/www.miomiorun.com\/es\/wp-json\/wp\/v2\/product_cat?post=298645"},{"taxonomy":"product_tag","embeddable":true,"href":"https:\/\/www.miomiorun.com\/es\/wp-json\/wp\/v2\/product_tag?post=298645"}],"curies":[{"name":"wp","href":"https:\/\/api.w.org\/{rel}","templated":true}]}}