{"id":298626,"date":"2025-02-04T13:05:53","date_gmt":"2025-02-04T12:05:53","guid":{"rendered":"https:\/\/miomiorun.com\/prodotto\/tecton-x-3-uomo\/"},"modified":"2026-04-22T15:49:31","modified_gmt":"2026-04-22T13:49:31","slug":"tecton-x-3-hombre","status":"publish","type":"product","link":"https:\/\/www.miomiorun.com\/es\/producto\/tecton-x-3-hombre\/","title":{"rendered":"Tecton X 3 hombre"},"content":{"rendered":"<div class=\"vc-row container\"><div class=\"vc-column\"><div class=\"vc-column-text\"><\/p>\n<p><strong>Especificaciones t\u00e9cnicas<\/strong><\/p>\n<p>Categor\u00eda: amortiguaci\u00f3n reactiva<br \/>\nDesnivel: 5 mm<br \/>\nPeso: 286 g<br \/>\nIdeal para: corredores amantes del trail running que buscan una zapatilla con amortiguaci\u00f3n reactiva y fibra de carbono, r\u00e1pida y dise\u00f1ada para distancias medias y cortas en monta\u00f1a. <br \/>\nPeso del atleta: 55-75 kg<br \/>\nRitmo de carrera: medio (4,30 min\/km)<br \/>\n<a href=\"https:\/\/miomiorun.com\/es\/guia-especifica\/\">Gu\u00eda de especificaciones t\u00e9cnicas<\/a><\/p>\n<p><\/div><\/div><div class=\"vc-column\"><div class=\"vc-column-text\"><strong>La propulsi\u00f3n de las placas de carbono para el trail.<\/strong><\/p>\n<p><strong>Tecton X 3<\/strong> en su versi\u00f3n para hombre est\u00e1 preparada para los terrenos m\u00e1s traicioneros: se han a\u00f1adido aletas a sus placas de fibra de carbono para ofrecer mayor estabilidad en los puntos clave y dos capas de PEBA, el compuesto m\u00e1s ligero y resistente, en la entresuela. La forma redise\u00f1ada de la suela y su colocaci\u00f3n sobre la suela Vibram\u00ae Megagrip con Litebase garantizan una mejor tracci\u00f3n, mientras que la horma din\u00e1mica deja espacio para el hinchamiento natural del pie a medida que se van acumulando kil\u00f3metros.<\/p>\n<p><strong>Completan el conjunto el cuello de tejido<\/strong>, que se eleva desde la leng\u00fceta a modo de polaina limitando la entrada de residuos a lo largo del trail, y la ligera parte superior Matryx\u00ae de tejido, que hace que este modelo sea a\u00fan m\u00e1s resistente y adecuado para el trail.<\/p>\n<h3>CARACTER\u00cdSTICAS:<\/h3>\n<div class=\"description-techspecs__items\">\n<ul class=\"features-container\">\n<li class=\"feature-item\">Cuello de tejido ampliado tipo polaina<\/li>\n<li class=\"feature-item\">Empeine de tejido Matryx\u00ae<\/li>\n<li class=\"feature-item\">Estructura con sistema de cordones Ghillie<\/li>\n<li class=\"feature-item\">Plantilla din\u00e1mica para dejar espacio al hinchamiento natural del pie<\/li>\n<li class=\"feature-item\">Entresuela de PEBA de doble capa<\/li>\n<li class=\"feature-item\">Placas de fibra de carbono paralelas con aletas (patente en tr\u00e1mite) para una mayor estabilidad<\/li>\n<li class=\"feature-item\">MetaRocker\u2122 dise\u00f1ado para la velocidad<\/li>\n<li class=\"feature-item\">Suela Vibram\u00ae Megagrip Litebase con Traction Lug<\/li>\n<li class=\"feature-item\">Profundidad de 4 mm<\/li>\n<\/ul>\n<\/div>\n<p><strong>\u00bfQu\u00e9 hay de nuevo?<\/strong><\/p>\n<p>Se ha modificado la forma y la posici\u00f3n de los elementos del dibujo de la suela, se ha mejorado el compuesto PEBA de la entresuela, se ha renovado el dise\u00f1o y la posici\u00f3n de la placa y, por \u00faltimo, se ha incorporado un cuello y una leng\u00fceta tipo polaina.<\/p>\n<h3>Estabilidad<\/h3>\n<p>La Tecton X 3 cuenta con una plataforma de amortiguaci\u00f3n sim\u00e9trica, sin tecnolog\u00edas ortop\u00e9dicas adicionales. Dise\u00f1ada para ofrecerte la sujeci\u00f3n que necesitas, sin caracter\u00edsticas superfluas.<\/p>\n<h3>Amortiguaci\u00f3n<\/h3>\n<p>La Tecton X 3 presenta una amortiguaci\u00f3n de perfil bajo que mantiene el pie m\u00e1s cerca del suelo y utiliza un material m\u00e1s compacto, dise\u00f1ado para que el impulso sea eficiente.<\/p>\n<h2>Te enamorar\u00e1s de ella porque&#8230;<\/h2>\n<div class=\"d-flex mobile-100-width flex-column justify-content-start \">\n<div class=\"d-flex flex-column align-items-start \">\n<div class=\" text-left mb-16 color-primary-black-100 head-16-demi-bold head-16-demi-bold-md mobile-100-width\"><strong>Placas de fibra de carbono con aletas<\/strong><\/div>\n<div class=\" text-left mb-16 color-primary-black-100 body-14-book body-14-book-md mobile-100-width\">\n<div class=\"teaser-text\">Dise\u00f1adas para garantizar estabilidad y propulsi\u00f3n.<\/div>\n<\/div>\n<\/div>\n<\/div>\n<div><\/div>\n<div>\n<div class=\"d-flex mobile-100-width flex-column justify-content-start \">\n<div class=\"d-flex flex-column align-items-start \">\n<div class=\" text-left mb-16 color-primary-black-100 head-16-demi-bold head-16-demi-bold-md mobile-100-width\"><strong>Empeine Matryx\u00ae de secado r\u00e1pido<\/strong><\/div>\n<div class=\" text-left mb-16 color-primary-black-100 body-14-book body-14-book-md mobile-100-width\">\n<div class=\"teaser-text\">Dise\u00f1ado para garantizar ligereza, resistencia y transpirabilidad.<\/div>\n<\/div>\n<\/div>\n<\/div>\n<\/div>\n<div><\/div>\n<div>\n<div class=\"d-flex mobile-100-width flex-column justify-content-start \">\n<div class=\"d-flex flex-column align-items-start \">\n<div class=\" text-left mb-16 color-primary-black-100 head-16-demi-bold head-16-demi-bold-md mobile-100-width\"><strong>Cuello tipo polaina<\/strong><\/div>\n<div class=\" text-left mb-16 color-primary-black-100 body-14-book body-14-book-md mobile-100-width\">\n<div class=\"teaser-text\">Impide la entrada de residuos del sendero.<\/div>\n<\/div>\n<\/div>\n<\/div>\n<\/div>\n<div><\/div>\n<div>\n<div class=\"d-flex mobile-100-width flex-column justify-content-start \">\n<div class=\"d-flex flex-column align-items-start \">\n<div class=\" text-left mb-16 color-primary-black-100 head-16-demi-bold head-16-demi-bold-md mobile-100-width\"><strong>Suela Vibram\u00ae Megagrip Litebase con Traction Lug<\/strong><\/div>\n<div class=\" text-left mb-16 color-primary-black-100 body-14-book body-14-book-md mobile-100-width\">\n<div class=\"teaser-text\">Dise\u00f1ada para ofrecer agarre, velocidad y precisi\u00f3n en los senderos.<\/div>\n<\/div>\n<\/div>\n<\/div>\n<\/div>\n<div><\/div>\n<div><\/div>\n<p>&nbsp;<\/p>\n<p>&nbsp;<\/p>\n<p>&nbsp;<\/p>\n<ul>\n<li style=\"list-style-type: none\"><\/li>\n<\/ul>\n<p><\/div><\/div><\/div>\n","protected":false},"excerpt":{"rendered":"<ul class=\"features-container\">\n<li class=\"feature-item\">Zapatilla de trail r\u00e1pida para terrenos m\u00e1s dif\u00edciles.<\/li>\n<li>\n<div class=\"d-flex mobile-100-width flex-column justify-content-start \">\n<div class=\"d-flex flex-column align-items-start \">\n<div class=\" text-left mb-16 color-primary-black-100 head-16-demi-bold head-16-demi-bold-md mobile-100-width\">Cuello tipo polaina para evitar que entre la suciedad del trail.<\/div>\n<\/div>\n<\/div>\n<\/li>\n<li>\n<div class=\"d-flex mobile-100-width flex-column justify-content-start \">\n<div class=\"d-flex flex-column align-items-start \">\n<div class=\" text-left mb-16 color-primary-black-100 head-16-demi-bold head-16-demi-bold-md mobile-100-width\">Placas de fibra de carbono con aletas dise\u00f1adas para garantizar estabilidad y propulsi\u00f3n.<\/div>\n<div><\/div>\n<\/div>\n<\/div>\n<\/li>\n<\/ul>\n","protected":false},"featured_media":427981,"template":"","meta":{"_acf_changed":false,"inline_featured_image":false},"product_brand":[],"product_cat":[24454,24451,24464],"product_tag":[23479,23605],"class_list":{"0":"post-298626","1":"product","2":"type-product","3":"status-publish","4":"has-post-thumbnail","6":"product_cat-calzado-para-hombre","7":"product_cat-trail-es-3","8":"product_cat-hombre","9":"product_tag-hoka-one-one-es","10":"product_tag-hoka-hombre","11":"pa_attivita-trail-es","12":"pa_colore-tecton-x3-squid-ink-neon-flame","13":"pa_marca-hoka-es","14":"pa_sesso-hombre","15":"pa_size-42-es","17":"pa_size-43-es","18":"pa_size-44-es","20":"pa_size-45-es","22":"first","23":"instock","24":"sale","25":"taxable","26":"shipping-taxable","27":"purchasable","28":"product-type-variable","29":"wvs-archive-product-wrapper"},"acf":[],"yoast_head":"<!-- This site is optimized with the Yoast SEO plugin v26.8 - https:\/\/yoast.com\/product\/yoast-seo-wordpress\/ -->\n<title>Hoka Tecton X 3 hombre - Zapatillas de trail para hombre MioMioRun.com<\/title>\n<meta name=\"description\" content=\"La Tecton X 3 est\u00e1 preparada para los terrenos m\u00e1s traicioneros: cuenta con aletas en sus placas de fibra de carbono para ofrecer una mayor estabilidad justo donde m\u00e1s se necesita\" \/>\n<meta name=\"robots\" content=\"index, follow, max-snippet:-1, max-image-preview:large, max-video-preview:-1\" \/>\n<link rel=\"canonical\" href=\"https:\/\/www.miomiorun.com\/es\/producto\/tecton-x-3-hombre\/\" \/>\n<meta property=\"og:locale\" content=\"es_ES\" \/>\n<meta property=\"og:type\" content=\"article\" \/>\n<meta property=\"og:title\" content=\"Hoka Tecton X 3 hombre - Zapatillas de trail para hombre MioMioRun.com\" \/>\n<meta property=\"og:description\" content=\"La Tecton X 3 est\u00e1 preparada para los terrenos m\u00e1s traicioneros: cuenta con aletas en sus placas de fibra de carbono para ofrecer una mayor estabilidad justo donde m\u00e1s se necesita\" \/>\n<meta property=\"og:url\" content=\"https:\/\/www.miomiorun.com\/es\/producto\/tecton-x-3-hombre\/\" \/>\n<meta property=\"og:site_name\" content=\"MioMioRun\" \/>\n<meta property=\"article:publisher\" content=\"https:\/\/www.facebook.com\/miomiorun\/\" \/>\n<meta property=\"article:modified_time\" content=\"2026-04-22T13:49:31+00:00\" \/>\n<meta property=\"og:image\" content=\"https:\/\/www.miomiorun.com\/app\/uploads\/2026\/04\/hoka-Tecton-X3-squid-ink-neon-flame-1155112-SKNN.webp\" \/>\n\t<meta property=\"og:image:width\" content=\"720\" \/>\n\t<meta property=\"og:image:height\" content=\"720\" \/>\n\t<meta property=\"og:image:type\" content=\"image\/webp\" \/>\n<meta name=\"twitter:card\" content=\"summary_large_image\" \/>\n<meta name=\"twitter:label1\" content=\"Est. reading time\" \/>\n\t<meta name=\"twitter:data1\" content=\"3 minutes\" \/>\n<script type=\"application\/ld+json\" class=\"yoast-schema-graph\">{\"@context\":\"https:\/\/schema.org\",\"@graph\":[{\"@type\":\"WebPage\",\"@id\":\"https:\/\/www.miomiorun.com\/es\/producto\/tecton-x-3-hombre\/\",\"url\":\"https:\/\/www.miomiorun.com\/es\/producto\/tecton-x-3-hombre\/\",\"name\":\"Hoka Tecton X 3 hombre - Zapatillas de trail para hombre MioMioRun.com\",\"isPartOf\":{\"@id\":\"https:\/\/www.miomiorun.com\/es\/#website\"},\"primaryImageOfPage\":{\"@id\":\"https:\/\/www.miomiorun.com\/es\/producto\/tecton-x-3-hombre\/#primaryimage\"},\"image\":{\"@id\":\"https:\/\/www.miomiorun.com\/es\/producto\/tecton-x-3-hombre\/#primaryimage\"},\"thumbnailUrl\":\"https:\/\/www.miomiorun.com\/app\/uploads\/2026\/04\/hoka-Tecton-X3-squid-ink-neon-flame-1155112-SKNN.webp\",\"datePublished\":\"2025-02-04T12:05:53+00:00\",\"dateModified\":\"2026-04-22T13:49:31+00:00\",\"description\":\"La Tecton X 3 est\u00e1 preparada para los terrenos m\u00e1s traicioneros: cuenta con aletas en sus placas de fibra de carbono para ofrecer una mayor estabilidad justo donde m\u00e1s se necesita\",\"breadcrumb\":{\"@id\":\"https:\/\/www.miomiorun.com\/es\/producto\/tecton-x-3-hombre\/#breadcrumb\"},\"inLanguage\":\"es-ES\",\"potentialAction\":[{\"@type\":\"ReadAction\",\"target\":[\"https:\/\/www.miomiorun.com\/es\/producto\/tecton-x-3-hombre\/\"]}]},{\"@type\":\"ImageObject\",\"inLanguage\":\"es-ES\",\"@id\":\"https:\/\/www.miomiorun.com\/es\/producto\/tecton-x-3-hombre\/#primaryimage\",\"url\":\"https:\/\/www.miomiorun.com\/app\/uploads\/2026\/04\/hoka-Tecton-X3-squid-ink-neon-flame-1155112-SKNN.webp\",\"contentUrl\":\"https:\/\/www.miomiorun.com\/app\/uploads\/2026\/04\/hoka-Tecton-X3-squid-ink-neon-flame-1155112-SKNN.webp\",\"width\":720,\"height\":720,\"caption\":\"hoka Tecton X3 squid ink neon flame 1155112 SKNN\"},{\"@type\":\"BreadcrumbList\",\"@id\":\"https:\/\/www.miomiorun.com\/es\/producto\/tecton-x-3-hombre\/#breadcrumb\",\"itemListElement\":[{\"@type\":\"ListItem\",\"position\":1,\"name\":\"Home\",\"item\":\"https:\/\/www.miomiorun.com\/es\/\"},{\"@type\":\"ListItem\",\"position\":2,\"name\":\"Shop\",\"item\":\"https:\/\/www.miomiorun.com\/shop\/\"},{\"@type\":\"ListItem\",\"position\":3,\"name\":\"Tecton X 3 hombre\"}]},{\"@type\":\"WebSite\",\"@id\":\"https:\/\/www.miomiorun.com\/es\/#website\",\"url\":\"https:\/\/www.miomiorun.com\/es\/\",\"name\":\"MioMioRun\",\"description\":\"Tienda 100% running y trail\",\"publisher\":{\"@id\":\"https:\/\/www.miomiorun.com\/es\/#organization\"},\"potentialAction\":[{\"@type\":\"SearchAction\",\"target\":{\"@type\":\"EntryPoint\",\"urlTemplate\":\"https:\/\/www.miomiorun.com\/es\/?s={search_term_string}\"},\"query-input\":{\"@type\":\"PropertyValueSpecification\",\"valueRequired\":true,\"valueName\":\"search_term_string\"}}],\"inLanguage\":\"es-ES\"},{\"@type\":\"Organization\",\"@id\":\"https:\/\/www.miomiorun.com\/es\/#organization\",\"name\":\"MioMio Run\",\"url\":\"https:\/\/www.miomiorun.com\/es\/\",\"logo\":{\"@type\":\"ImageObject\",\"inLanguage\":\"es-ES\",\"@id\":\"https:\/\/www.miomiorun.com\/es\/#\/schema\/logo\/image\/\",\"url\":\"https:\/\/www.miomiorun.com\/app\/uploads\/2019\/12\/logomio.png\",\"contentUrl\":\"https:\/\/www.miomiorun.com\/app\/uploads\/2019\/12\/logomio.png\",\"width\":115,\"height\":82,\"caption\":\"MioMio Run\"},\"image\":{\"@id\":\"https:\/\/www.miomiorun.com\/es\/#\/schema\/logo\/image\/\"},\"sameAs\":[\"https:\/\/www.facebook.com\/miomiorun\/\",\"https:\/\/www.instagram.com\/miomiorun\/\"]}]}<\/script>\n<!-- \/ Yoast SEO plugin. -->","yoast_head_json":{"title":"Hoka Tecton X 3 hombre - Zapatillas de trail para hombre MioMioRun.com","description":"La Tecton X 3 est\u00e1 preparada para los terrenos m\u00e1s traicioneros: cuenta con aletas en sus placas de fibra de carbono para ofrecer una mayor estabilidad justo donde m\u00e1s se necesita","robots":{"index":"index","follow":"follow","max-snippet":"max-snippet:-1","max-image-preview":"max-image-preview:large","max-video-preview":"max-video-preview:-1"},"canonical":"https:\/\/www.miomiorun.com\/es\/producto\/tecton-x-3-hombre\/","og_locale":"es_ES","og_type":"article","og_title":"Hoka Tecton X 3 hombre - Zapatillas de trail para hombre MioMioRun.com","og_description":"La Tecton X 3 est\u00e1 preparada para los terrenos m\u00e1s traicioneros: cuenta con aletas en sus placas de fibra de carbono para ofrecer una mayor estabilidad justo donde m\u00e1s se necesita","og_url":"https:\/\/www.miomiorun.com\/es\/producto\/tecton-x-3-hombre\/","og_site_name":"MioMioRun","article_publisher":"https:\/\/www.facebook.com\/miomiorun\/","article_modified_time":"2026-04-22T13:49:31+00:00","og_image":[{"width":720,"height":720,"url":"https:\/\/www.miomiorun.com\/app\/uploads\/2026\/04\/hoka-Tecton-X3-squid-ink-neon-flame-1155112-SKNN.webp","type":"image\/webp"}],"twitter_card":"summary_large_image","twitter_misc":{"Est. reading time":"3 minutes"},"schema":{"@context":"https:\/\/schema.org","@graph":[{"@type":"WebPage","@id":"https:\/\/www.miomiorun.com\/es\/producto\/tecton-x-3-hombre\/","url":"https:\/\/www.miomiorun.com\/es\/producto\/tecton-x-3-hombre\/","name":"Hoka Tecton X 3 hombre - Zapatillas de trail para hombre MioMioRun.com","isPartOf":{"@id":"https:\/\/www.miomiorun.com\/es\/#website"},"primaryImageOfPage":{"@id":"https:\/\/www.miomiorun.com\/es\/producto\/tecton-x-3-hombre\/#primaryimage"},"image":{"@id":"https:\/\/www.miomiorun.com\/es\/producto\/tecton-x-3-hombre\/#primaryimage"},"thumbnailUrl":"https:\/\/www.miomiorun.com\/app\/uploads\/2026\/04\/hoka-Tecton-X3-squid-ink-neon-flame-1155112-SKNN.webp","datePublished":"2025-02-04T12:05:53+00:00","dateModified":"2026-04-22T13:49:31+00:00","description":"La Tecton X 3 est\u00e1 preparada para los terrenos m\u00e1s traicioneros: cuenta con aletas en sus placas de fibra de carbono para ofrecer una mayor estabilidad justo donde m\u00e1s se necesita","breadcrumb":{"@id":"https:\/\/www.miomiorun.com\/es\/producto\/tecton-x-3-hombre\/#breadcrumb"},"inLanguage":"es-ES","potentialAction":[{"@type":"ReadAction","target":["https:\/\/www.miomiorun.com\/es\/producto\/tecton-x-3-hombre\/"]}]},{"@type":"ImageObject","inLanguage":"es-ES","@id":"https:\/\/www.miomiorun.com\/es\/producto\/tecton-x-3-hombre\/#primaryimage","url":"https:\/\/www.miomiorun.com\/app\/uploads\/2026\/04\/hoka-Tecton-X3-squid-ink-neon-flame-1155112-SKNN.webp","contentUrl":"https:\/\/www.miomiorun.com\/app\/uploads\/2026\/04\/hoka-Tecton-X3-squid-ink-neon-flame-1155112-SKNN.webp","width":720,"height":720,"caption":"hoka Tecton X3 squid ink neon flame 1155112 SKNN"},{"@type":"BreadcrumbList","@id":"https:\/\/www.miomiorun.com\/es\/producto\/tecton-x-3-hombre\/#breadcrumb","itemListElement":[{"@type":"ListItem","position":1,"name":"Home","item":"https:\/\/www.miomiorun.com\/es\/"},{"@type":"ListItem","position":2,"name":"Shop","item":"https:\/\/www.miomiorun.com\/shop\/"},{"@type":"ListItem","position":3,"name":"Tecton X 3 hombre"}]},{"@type":"WebSite","@id":"https:\/\/www.miomiorun.com\/es\/#website","url":"https:\/\/www.miomiorun.com\/es\/","name":"MioMioRun","description":"Tienda 100% running y trail","publisher":{"@id":"https:\/\/www.miomiorun.com\/es\/#organization"},"potentialAction":[{"@type":"SearchAction","target":{"@type":"EntryPoint","urlTemplate":"https:\/\/www.miomiorun.com\/es\/?s={search_term_string}"},"query-input":{"@type":"PropertyValueSpecification","valueRequired":true,"valueName":"search_term_string"}}],"inLanguage":"es-ES"},{"@type":"Organization","@id":"https:\/\/www.miomiorun.com\/es\/#organization","name":"MioMio Run","url":"https:\/\/www.miomiorun.com\/es\/","logo":{"@type":"ImageObject","inLanguage":"es-ES","@id":"https:\/\/www.miomiorun.com\/es\/#\/schema\/logo\/image\/","url":"https:\/\/www.miomiorun.com\/app\/uploads\/2019\/12\/logomio.png","contentUrl":"https:\/\/www.miomiorun.com\/app\/uploads\/2019\/12\/logomio.png","width":115,"height":82,"caption":"MioMio Run"},"image":{"@id":"https:\/\/www.miomiorun.com\/es\/#\/schema\/logo\/image\/"},"sameAs":["https:\/\/www.facebook.com\/miomiorun\/","https:\/\/www.instagram.com\/miomiorun\/"]}]}},"_links":{"self":[{"href":"https:\/\/www.miomiorun.com\/es\/wp-json\/wp\/v2\/product\/298626","targetHints":{"allow":["GET"]}}],"collection":[{"href":"https:\/\/www.miomiorun.com\/es\/wp-json\/wp\/v2\/product"}],"about":[{"href":"https:\/\/www.miomiorun.com\/es\/wp-json\/wp\/v2\/types\/product"}],"wp:featuredmedia":[{"embeddable":true,"href":"https:\/\/www.miomiorun.com\/es\/wp-json\/wp\/v2\/media\/427981"}],"wp:attachment":[{"href":"https:\/\/www.miomiorun.com\/es\/wp-json\/wp\/v2\/media?parent=298626"}],"wp:term":[{"taxonomy":"product_brand","embeddable":true,"href":"https:\/\/www.miomiorun.com\/es\/wp-json\/wp\/v2\/product_brand?post=298626"},{"taxonomy":"product_cat","embeddable":true,"href":"https:\/\/www.miomiorun.com\/es\/wp-json\/wp\/v2\/product_cat?post=298626"},{"taxonomy":"product_tag","embeddable":true,"href":"https:\/\/www.miomiorun.com\/es\/wp-json\/wp\/v2\/product_tag?post=298626"}],"curies":[{"name":"wp","href":"https:\/\/api.w.org\/{rel}","templated":true}]}}