{"id":298603,"date":"2025-02-06T10:04:15","date_gmt":"2025-02-06T09:04:15","guid":{"rendered":"https:\/\/miomiorun.com\/prodotto\/gel-nimbus-27-uomo\/"},"modified":"2026-05-08T22:29:01","modified_gmt":"2026-05-08T20:29:01","slug":"gel-nimbus-27-hombre","status":"publish","type":"product","link":"https:\/\/www.miomiorun.com\/es\/producto\/gel-nimbus-27-hombre\/","title":{"rendered":"Gel-Nimbus 27 hombre"},"content":{"rendered":"<div class=\"vc-row container\"><div class=\"vc-column\"><div class=\"vc-column-text\"><\/p>\n<h4>Especificaciones t\u00e9cnicas<\/h4>\n<p>Categor\u00eda: amortiguaci\u00f3n superior<br \/>\nDesnivel: 8 mm<br \/>\nPeso: 305 g<br \/>\nIdeal para: corredores que buscan una zapatilla con la m\u00e1xima comodidad gracias a las mejoras en la parte superior y la m\u00e1xima amortiguaci\u00f3n para reducir a cero el impacto con el suelo<br \/>\nPeso del atleta: &gt; 80 kg<br \/>\nRitmo de carrera: &gt; 5,30 min\/km<br \/>\n<a href=\"https:\/\/miomiorun.com\/es\/guia-especifica\/\">Gu\u00eda de especificaciones t\u00e9cnicas<\/a><\/p>\n<p><\/div><\/div><div class=\"vc-column\"><div class=\"vc-column-text\">Las&nbsp;<strong>ASICS GEL-NIMBUS 27<\/strong> son mucho m\u00e1s que unas simples zapatillas de running. Dise\u00f1adas para quienes buscan el m\u00e1ximo confort, amortiguaci\u00f3n y reactividad, si te encantaron las <strong>GEL-NIMBUS 26<\/strong>, prep\u00e1rate para vivir una experiencia de carrera a\u00fan m\u00e1s fluida, envolvente y de alto rendimiento. Esta nueva versi\u00f3n conserva todo lo que te encantaba del modelo anterior, pero con mejoras que te har\u00e1n sentir como si estuvieras corriendo sobre una nube.<\/p>\n<h3><strong>\u00bfQu\u00e9 novedades presenta respecto a la GEL-NIMBUS 26?<\/strong><\/h3>\n<ul>\n<li class=\"small-reg\">\n<div class=\"small-bold\">\n<p>Tecnolog\u00eda PureGEL renovada en el tal\u00f3n<\/p>\n<p>Mejora la suavidad y la absorci\u00f3n de impactos para reducir el impacto.<\/p>\n<\/div>\n<\/li>\n<li class=\"small-reg\">\n<div class=\"small-bold\">Espuma FF BLAST PLUS ECO<\/div>\n<p>Te ofrece una comodidad sin igual.<\/li>\n<li class=\"small-reg\">\n<div class=\"small-bold\">Empeine de malla jacquard reforzada<\/div>\n<p>Mejora la transpirabilidad para garantizar frescura y comodidad en cada carrera. <\/li>\n<li class=\"small-reg\">\n<div class=\"small-bold\">Cuello acanalado<\/div>\n<p>Aumenta la comodidad del ajuste y la zapatilla resulta m\u00e1s f\u00e1cil de poner gracias a la leng\u00fceta integrada.<\/li>\n<li class=\"small-reg\">\n<div class=\"small-bold\">Suela Hybrid ASICSGRIP<\/div>\n<p>Mejora la suavidad, la tracci\u00f3n y la resistencia.<\/li>\n<li class=\"small-reg\">\n<div class=\"small-bold\">Plantilla OrthoLite X-55<\/div>\n<p>Garantiza una mayor comodidad y mejora el control de la humedad.<\/li>\n<li class=\"small-reg\">\n<div class=\"small-bold\">Sistema de leng\u00fceta en acorde\u00f3n<\/div>\n<p>Garantiza un ajuste regulable y c\u00f3modo, y evita que la leng\u00fceta se deslice.<\/li>\n<li class=\"small-reg\">\n<div class=\"small-bold\">Dise\u00f1adas pensando en el medio ambiente<\/div>\n<p>El 100 % de la parte superior de la zapatilla est\u00e1 fabricada con materiales reciclados y se han utilizado materiales de origen biol\u00f3gico para la amortiguaci\u00f3n. Tambi\u00e9n se ha reducido el consumo de agua y las emisiones de carbono durante la fabricaci\u00f3n de la plantilla de la zapatilla. Mejor para ti, mejor para el medio ambiente.<\/li>\n<\/ul>\n<p>Si ya has probado la&nbsp;<strong>GEL-NIMBUS 26<\/strong>, sabr\u00e1s que es una zapatilla que combina comodidad y rendimiento de forma excepcional. La&nbsp;<strong>GEL-NIMBUS 27<\/strong>&nbsp;toma todo esto y lo eleva a un nivel superior. Es la zapatilla perfecta para quienes buscan:<\/p>\n<ul>\n<li><strong>M\u00e1xima comodidad<\/strong><\/li>\n<li><strong>Mayor capacidad de respuesta<\/strong><\/li>\n<li><strong>Durabilidad<\/strong><\/li>\n<li><strong>Estilo sin concesiones<\/strong><\/li>\n<\/ul>\n<h3>El futuro del confort est\u00e1 aqu\u00ed<\/h3>\n<p>Las&nbsp;<strong>ASICS GEL-NIMBUS 27<\/strong>&nbsp;no son solo una evoluci\u00f3n de las GEL-NIMBUS 26: son una revoluci\u00f3n en el mundo de las zapatillas de running. Con mejoras significativas en cuanto a comodidad, reactividad y adaptabilidad, estas zapatillas son el compa\u00f1ero ideal para quienes quieren ir m\u00e1s all\u00e1, sin renunciar al placer de una carrera fluida y sin esfuerzo.<\/p>\n<p>Si buscas unas zapatillas que te hagan sentir como si estuvieras corriendo sobre una nube, las <strong>GEL-NIMBUS 27<\/strong> son la elecci\u00f3n perfecta. \u00a1Da el primer paso y descubre el futuro del running! \ud83d\ude80<\/div><\/div><\/div>\n","protected":false},"excerpt":{"rendered":"<ul>\n<li><strong>A quienes les encanta la GEL-NIMBUS 26<\/strong> y buscan una experiencia de carrera a\u00fan m\u00e1s refinada.<\/li>\n<li><strong>Quienes buscan una zapatilla vers\u00e1til<\/strong>, adecuada tanto para el entrenamiento como para el uso diario.<\/li>\n<li><strong>Quienes desean una amortiguaci\u00f3n de primera calidad<\/strong>&nbsp;sin renunciar a la ligereza.<\/li>\n<\/ul>\n","protected":false},"featured_media":352341,"template":"","meta":{"_acf_changed":false,"inline_featured_image":false},"product_brand":[],"product_cat":[24454,24453],"product_tag":[23559,23669],"class_list":{"0":"post-298603","1":"product","2":"type-product","3":"status-publish","4":"has-post-thumbnail","6":"product_cat-calzado-para-hombre","7":"product_cat-neutre-es-3","8":"product_tag-asics-es","9":"product_tag-asics-hombre","10":"pa_attivita-caminar","11":"pa_attivita-running-es","12":"pa_colore-nimbus-27-tokyo-cream-edo-purple-es","13":"pa_marca-asics-es","14":"pa_sesso-hombre","15":"pa_size-44-5-es","17":"first","18":"instock","19":"taxable","20":"shipping-taxable","21":"purchasable","22":"product-type-variable","23":"wvs-archive-product-wrapper"},"acf":[],"yoast_head":"<!-- This site is optimized with the Yoast SEO plugin v26.8 - https:\/\/yoast.com\/product\/yoast-seo-wordpress\/ -->\n<title>Asics Gel-Nimbus 27 hombre - zapatillas de running - MioMioRun.com<\/title>\n<meta name=\"description\" content=\"Las zapatillas GEL-NIMBUS 27 para hombre ofrecen comodidad, amortiguan los impactos y garantizan una carrera estable y fluida incluso en largas distancias.\" \/>\n<meta name=\"robots\" content=\"index, follow, max-snippet:-1, max-image-preview:large, max-video-preview:-1\" \/>\n<link rel=\"canonical\" href=\"https:\/\/www.miomiorun.com\/es\/producto\/gel-nimbus-27-hombre\/\" \/>\n<meta property=\"og:locale\" content=\"es_ES\" \/>\n<meta property=\"og:type\" content=\"article\" \/>\n<meta property=\"og:title\" content=\"Asics Gel-Nimbus 27 hombre - zapatillas de running - MioMioRun.com\" \/>\n<meta property=\"og:description\" content=\"Las zapatillas GEL-NIMBUS 27 para hombre ofrecen comodidad, amortiguan los impactos y garantizan una carrera estable y fluida incluso en largas distancias.\" \/>\n<meta property=\"og:url\" content=\"https:\/\/www.miomiorun.com\/es\/producto\/gel-nimbus-27-hombre\/\" \/>\n<meta property=\"og:site_name\" content=\"MioMioRun\" \/>\n<meta property=\"article:publisher\" content=\"https:\/\/www.facebook.com\/miomiorun\/\" \/>\n<meta property=\"article:modified_time\" content=\"2026-05-08T20:29:01+00:00\" \/>\n<meta property=\"og:image\" content=\"https:\/\/www.miomiorun.com\/app\/uploads\/2025\/09\/asics-Nimbus-27-tokyo-cream-edo-purple-1011C120-500.webp\" \/>\n\t<meta property=\"og:image:width\" content=\"720\" \/>\n\t<meta property=\"og:image:height\" content=\"720\" \/>\n\t<meta property=\"og:image:type\" content=\"image\/webp\" \/>\n<meta name=\"twitter:card\" content=\"summary_large_image\" \/>\n<meta name=\"twitter:label1\" content=\"Est. reading time\" \/>\n\t<meta name=\"twitter:data1\" content=\"3 minutes\" \/>\n<script type=\"application\/ld+json\" class=\"yoast-schema-graph\">{\"@context\":\"https:\/\/schema.org\",\"@graph\":[{\"@type\":\"WebPage\",\"@id\":\"https:\/\/www.miomiorun.com\/es\/producto\/gel-nimbus-27-hombre\/\",\"url\":\"https:\/\/www.miomiorun.com\/es\/producto\/gel-nimbus-27-hombre\/\",\"name\":\"Asics Gel-Nimbus 27 hombre - zapatillas de running - MioMioRun.com\",\"isPartOf\":{\"@id\":\"https:\/\/www.miomiorun.com\/es\/#website\"},\"primaryImageOfPage\":{\"@id\":\"https:\/\/www.miomiorun.com\/es\/producto\/gel-nimbus-27-hombre\/#primaryimage\"},\"image\":{\"@id\":\"https:\/\/www.miomiorun.com\/es\/producto\/gel-nimbus-27-hombre\/#primaryimage\"},\"thumbnailUrl\":\"https:\/\/www.miomiorun.com\/app\/uploads\/2025\/09\/asics-Nimbus-27-tokyo-cream-edo-purple-1011C120-500.webp\",\"datePublished\":\"2025-02-06T09:04:15+00:00\",\"dateModified\":\"2026-05-08T20:29:01+00:00\",\"description\":\"Las zapatillas GEL-NIMBUS 27 para hombre ofrecen comodidad, amortiguan los impactos y garantizan una carrera estable y fluida incluso en largas distancias.\",\"breadcrumb\":{\"@id\":\"https:\/\/www.miomiorun.com\/es\/producto\/gel-nimbus-27-hombre\/#breadcrumb\"},\"inLanguage\":\"es-ES\",\"potentialAction\":[{\"@type\":\"ReadAction\",\"target\":[\"https:\/\/www.miomiorun.com\/es\/producto\/gel-nimbus-27-hombre\/\"]}]},{\"@type\":\"ImageObject\",\"inLanguage\":\"es-ES\",\"@id\":\"https:\/\/www.miomiorun.com\/es\/producto\/gel-nimbus-27-hombre\/#primaryimage\",\"url\":\"https:\/\/www.miomiorun.com\/app\/uploads\/2025\/09\/asics-Nimbus-27-tokyo-cream-edo-purple-1011C120-500.webp\",\"contentUrl\":\"https:\/\/www.miomiorun.com\/app\/uploads\/2025\/09\/asics-Nimbus-27-tokyo-cream-edo-purple-1011C120-500.webp\",\"width\":720,\"height\":720,\"caption\":\"asics Nimbus 27 tokyo cream edo purple 1011C120 500\"},{\"@type\":\"BreadcrumbList\",\"@id\":\"https:\/\/www.miomiorun.com\/es\/producto\/gel-nimbus-27-hombre\/#breadcrumb\",\"itemListElement\":[{\"@type\":\"ListItem\",\"position\":1,\"name\":\"Home\",\"item\":\"https:\/\/www.miomiorun.com\/es\/\"},{\"@type\":\"ListItem\",\"position\":2,\"name\":\"Shop\",\"item\":\"https:\/\/www.miomiorun.com\/shop\/\"},{\"@type\":\"ListItem\",\"position\":3,\"name\":\"Gel-Nimbus 27 hombre\"}]},{\"@type\":\"WebSite\",\"@id\":\"https:\/\/www.miomiorun.com\/es\/#website\",\"url\":\"https:\/\/www.miomiorun.com\/es\/\",\"name\":\"MioMioRun\",\"description\":\"Tienda 100% running y trail\",\"publisher\":{\"@id\":\"https:\/\/www.miomiorun.com\/es\/#organization\"},\"potentialAction\":[{\"@type\":\"SearchAction\",\"target\":{\"@type\":\"EntryPoint\",\"urlTemplate\":\"https:\/\/www.miomiorun.com\/es\/?s={search_term_string}\"},\"query-input\":{\"@type\":\"PropertyValueSpecification\",\"valueRequired\":true,\"valueName\":\"search_term_string\"}}],\"inLanguage\":\"es-ES\"},{\"@type\":\"Organization\",\"@id\":\"https:\/\/www.miomiorun.com\/es\/#organization\",\"name\":\"MioMio Run\",\"url\":\"https:\/\/www.miomiorun.com\/es\/\",\"logo\":{\"@type\":\"ImageObject\",\"inLanguage\":\"es-ES\",\"@id\":\"https:\/\/www.miomiorun.com\/es\/#\/schema\/logo\/image\/\",\"url\":\"https:\/\/www.miomiorun.com\/app\/uploads\/2019\/12\/logomio.png\",\"contentUrl\":\"https:\/\/www.miomiorun.com\/app\/uploads\/2019\/12\/logomio.png\",\"width\":115,\"height\":82,\"caption\":\"MioMio Run\"},\"image\":{\"@id\":\"https:\/\/www.miomiorun.com\/es\/#\/schema\/logo\/image\/\"},\"sameAs\":[\"https:\/\/www.facebook.com\/miomiorun\/\",\"https:\/\/www.instagram.com\/miomiorun\/\"]}]}<\/script>\n<!-- \/ Yoast SEO plugin. -->","yoast_head_json":{"title":"Asics Gel-Nimbus 27 hombre - zapatillas de running - MioMioRun.com","description":"Las zapatillas GEL-NIMBUS 27 para hombre ofrecen comodidad, amortiguan los impactos y garantizan una carrera estable y fluida incluso en largas distancias.","robots":{"index":"index","follow":"follow","max-snippet":"max-snippet:-1","max-image-preview":"max-image-preview:large","max-video-preview":"max-video-preview:-1"},"canonical":"https:\/\/www.miomiorun.com\/es\/producto\/gel-nimbus-27-hombre\/","og_locale":"es_ES","og_type":"article","og_title":"Asics Gel-Nimbus 27 hombre - zapatillas de running - MioMioRun.com","og_description":"Las zapatillas GEL-NIMBUS 27 para hombre ofrecen comodidad, amortiguan los impactos y garantizan una carrera estable y fluida incluso en largas distancias.","og_url":"https:\/\/www.miomiorun.com\/es\/producto\/gel-nimbus-27-hombre\/","og_site_name":"MioMioRun","article_publisher":"https:\/\/www.facebook.com\/miomiorun\/","article_modified_time":"2026-05-08T20:29:01+00:00","og_image":[{"width":720,"height":720,"url":"https:\/\/www.miomiorun.com\/app\/uploads\/2025\/09\/asics-Nimbus-27-tokyo-cream-edo-purple-1011C120-500.webp","type":"image\/webp"}],"twitter_card":"summary_large_image","twitter_misc":{"Est. reading time":"3 minutes"},"schema":{"@context":"https:\/\/schema.org","@graph":[{"@type":"WebPage","@id":"https:\/\/www.miomiorun.com\/es\/producto\/gel-nimbus-27-hombre\/","url":"https:\/\/www.miomiorun.com\/es\/producto\/gel-nimbus-27-hombre\/","name":"Asics Gel-Nimbus 27 hombre - zapatillas de running - MioMioRun.com","isPartOf":{"@id":"https:\/\/www.miomiorun.com\/es\/#website"},"primaryImageOfPage":{"@id":"https:\/\/www.miomiorun.com\/es\/producto\/gel-nimbus-27-hombre\/#primaryimage"},"image":{"@id":"https:\/\/www.miomiorun.com\/es\/producto\/gel-nimbus-27-hombre\/#primaryimage"},"thumbnailUrl":"https:\/\/www.miomiorun.com\/app\/uploads\/2025\/09\/asics-Nimbus-27-tokyo-cream-edo-purple-1011C120-500.webp","datePublished":"2025-02-06T09:04:15+00:00","dateModified":"2026-05-08T20:29:01+00:00","description":"Las zapatillas GEL-NIMBUS 27 para hombre ofrecen comodidad, amortiguan los impactos y garantizan una carrera estable y fluida incluso en largas distancias.","breadcrumb":{"@id":"https:\/\/www.miomiorun.com\/es\/producto\/gel-nimbus-27-hombre\/#breadcrumb"},"inLanguage":"es-ES","potentialAction":[{"@type":"ReadAction","target":["https:\/\/www.miomiorun.com\/es\/producto\/gel-nimbus-27-hombre\/"]}]},{"@type":"ImageObject","inLanguage":"es-ES","@id":"https:\/\/www.miomiorun.com\/es\/producto\/gel-nimbus-27-hombre\/#primaryimage","url":"https:\/\/www.miomiorun.com\/app\/uploads\/2025\/09\/asics-Nimbus-27-tokyo-cream-edo-purple-1011C120-500.webp","contentUrl":"https:\/\/www.miomiorun.com\/app\/uploads\/2025\/09\/asics-Nimbus-27-tokyo-cream-edo-purple-1011C120-500.webp","width":720,"height":720,"caption":"asics Nimbus 27 tokyo cream edo purple 1011C120 500"},{"@type":"BreadcrumbList","@id":"https:\/\/www.miomiorun.com\/es\/producto\/gel-nimbus-27-hombre\/#breadcrumb","itemListElement":[{"@type":"ListItem","position":1,"name":"Home","item":"https:\/\/www.miomiorun.com\/es\/"},{"@type":"ListItem","position":2,"name":"Shop","item":"https:\/\/www.miomiorun.com\/shop\/"},{"@type":"ListItem","position":3,"name":"Gel-Nimbus 27 hombre"}]},{"@type":"WebSite","@id":"https:\/\/www.miomiorun.com\/es\/#website","url":"https:\/\/www.miomiorun.com\/es\/","name":"MioMioRun","description":"Tienda 100% running y trail","publisher":{"@id":"https:\/\/www.miomiorun.com\/es\/#organization"},"potentialAction":[{"@type":"SearchAction","target":{"@type":"EntryPoint","urlTemplate":"https:\/\/www.miomiorun.com\/es\/?s={search_term_string}"},"query-input":{"@type":"PropertyValueSpecification","valueRequired":true,"valueName":"search_term_string"}}],"inLanguage":"es-ES"},{"@type":"Organization","@id":"https:\/\/www.miomiorun.com\/es\/#organization","name":"MioMio Run","url":"https:\/\/www.miomiorun.com\/es\/","logo":{"@type":"ImageObject","inLanguage":"es-ES","@id":"https:\/\/www.miomiorun.com\/es\/#\/schema\/logo\/image\/","url":"https:\/\/www.miomiorun.com\/app\/uploads\/2019\/12\/logomio.png","contentUrl":"https:\/\/www.miomiorun.com\/app\/uploads\/2019\/12\/logomio.png","width":115,"height":82,"caption":"MioMio Run"},"image":{"@id":"https:\/\/www.miomiorun.com\/es\/#\/schema\/logo\/image\/"},"sameAs":["https:\/\/www.facebook.com\/miomiorun\/","https:\/\/www.instagram.com\/miomiorun\/"]}]}},"_links":{"self":[{"href":"https:\/\/www.miomiorun.com\/es\/wp-json\/wp\/v2\/product\/298603","targetHints":{"allow":["GET"]}}],"collection":[{"href":"https:\/\/www.miomiorun.com\/es\/wp-json\/wp\/v2\/product"}],"about":[{"href":"https:\/\/www.miomiorun.com\/es\/wp-json\/wp\/v2\/types\/product"}],"wp:featuredmedia":[{"embeddable":true,"href":"https:\/\/www.miomiorun.com\/es\/wp-json\/wp\/v2\/media\/352341"}],"wp:attachment":[{"href":"https:\/\/www.miomiorun.com\/es\/wp-json\/wp\/v2\/media?parent=298603"}],"wp:term":[{"taxonomy":"product_brand","embeddable":true,"href":"https:\/\/www.miomiorun.com\/es\/wp-json\/wp\/v2\/product_brand?post=298603"},{"taxonomy":"product_cat","embeddable":true,"href":"https:\/\/www.miomiorun.com\/es\/wp-json\/wp\/v2\/product_cat?post=298603"},{"taxonomy":"product_tag","embeddable":true,"href":"https:\/\/www.miomiorun.com\/es\/wp-json\/wp\/v2\/product_tag?post=298603"}],"curies":[{"name":"wp","href":"https:\/\/api.w.org\/{rel}","templated":true}]}}