{"id":298563,"date":"2025-02-07T10:17:38","date_gmt":"2025-02-07T09:17:38","guid":{"rendered":"https:\/\/miomiorun.com\/prodotto\/launch-elite-tank-donna\/"},"modified":"2026-04-27T18:47:30","modified_gmt":"2026-04-27T16:47:30","slug":"launch-elite-tank-mujer","status":"publish","type":"product","link":"https:\/\/www.miomiorun.com\/es\/producto\/launch-elite-tank-mujer\/","title":{"rendered":"Launch Elite tank mujer"},"content":{"rendered":"<div id=\"acc-1\" class=\"g-accordion-content collapse show\">\n<div id=\"acc-3\" class=\"g-accordion-content collapse\">\n<p>Descubre la&nbsp;<strong>camiseta sin mangas UA Launch Elite para mujer<\/strong>, la prenda perfecta para quienes buscan comodidad, rendimiento y un dise\u00f1o moderno. Confeccionada con los materiales tecnol\u00f3gicos de&nbsp;<strong>Under Armour<\/strong>, esta camiseta sin mangas est\u00e1 pensada para acompa\u00f1arte en cada entrenamiento, garantizando la m\u00e1xima libertad de movimiento y transpirabilidad.<\/p>\n<p>En esta versi\u00f3n encontramos el tejido <strong>Iso-Chill<\/strong>, que nos ayudar\u00e1 a disipar el calor corporal para ofrecer una sensaci\u00f3n de m\u00e1xima frescura a cada paso. A esto le sumamos tambi\u00e9n un <strong>tejido el\u00e1stico en 4 direcciones<\/strong>, un <strong>borde contorneado con aberturas laterales<\/strong>, <strong>perforaciones l\u00e1ser<\/strong> en zonas estrat\u00e9gicas para una mayor ventilaci\u00f3n y una <strong>absorci\u00f3n del sudor con secado r\u00e1pido<\/strong> y \u00a1ta-da! Aqu\u00ed tienes la camiseta sin mangas Launch Elite<\/p>\n<p>Con el logotipo de Under Armour bien visible, la camiseta sin mangas UA Launch Elite es la aliada ideal para quienes quieren combinar rendimiento y estilo deportivo. Ya sea en el gimnasio, en la pista o simplemente en movimiento, esta camiseta sin mangas est\u00e1 lista para desafiar todos los l\u00edmites contigo.<\/p>\n<\/div>\n<\/div>\n<p><strong>UA Launch Elite: Tu aliada para alcanzar cualquier objetivo<\/strong><\/p>\n<p>&nbsp;<\/p>\n<ul class=\"t-tabs_data\">\n<li class=\"t-tabs_list\">Lavar a fr\u00edo en la lavadora con prendas de colores similares<\/li>\n<li class=\"t-tabs_list\">No utilizar suavizantes<\/li>\n<li class=\"t-tabs_list\">Si es necesario, utiliza solo lej\u00eda sin cloro<\/li>\n<li class=\"t-tabs_list\">Secar en secadora a baja temperatura<\/li>\n<li class=\"t-tabs_list\">No planchar<\/li>\n<li class=\"t-tabs_list\">No limpiar en seco<\/li>\n<\/ul>\n","protected":false},"excerpt":{"rendered":"<ul class=\"feature-benefits_data\" role=\"list\">\n<li class=\"feature-benefits_list flex-grow \" role=\"listitem\"><span class=\"feature-icon-label\">M\u00e1xima frescura<\/span><\/li>\n<li class=\"feature-benefits_list flex-grow \" role=\"listitem\"><span class=\"feature-icon-label\">Detalles reflectantes<\/span><\/li>\n<li class=\"feature-benefits_list flex-grow \" role=\"listitem\"><span class=\"feature-icon-label\">Ventilado<\/span><\/li>\n<li class=\"feature-benefits_list flex-grow \" role=\"listitem\"><span class=\"feature-icon-label\">El\u00e1stico en 4 direcciones<\/span><\/li>\n<\/ul>\n","protected":false},"featured_media":253012,"template":"","meta":{"_acf_changed":false,"inline_featured_image":false},"product_brand":[],"product_cat":[24399,24401],"product_tag":[23529,23623],"class_list":{"0":"post-298563","1":"product","2":"type-product","3":"status-publish","4":"has-post-thumbnail","6":"product_cat-chalecos","7":"product_cat-ropa-de-mujer","8":"product_tag-under-armour-es","9":"product_tag-under-armour-mujer","10":"pa_attivita-caminar","11":"pa_attivita-fitness-es","12":"pa_attivita-lifestyle-es","13":"pa_attivita-running-es","14":"pa_colore-launch-elite-tank-w-black-es","15":"pa_marca-under-armour-es","16":"pa_sesso-mujer","17":"pa_size-extra-small-es","18":"pa_size-small-es","19":"pa_size-medium-es","20":"pa_size-large-es","22":"first","23":"instock","24":"sale","25":"taxable","26":"shipping-taxable","27":"purchasable","28":"product-type-variable","29":"wvs-archive-product-wrapper"},"acf":[],"yoast_head":"<!-- This site is optimized with the Yoast SEO plugin v26.8 - https:\/\/yoast.com\/product\/yoast-seo-wordpress\/ -->\n<title>Under Armour Launch Elite tank mujer - camiseta sin mangas para correr- MioMioRun<\/title>\n<meta name=\"description\" content=\"Ligera, transpirable, con tecnolog\u00eda de secado r\u00e1pido, provista de aberturas para una mayor ventilaci\u00f3n y con perforaciones a l\u00e1ser. Todo en Launch Elite\" \/>\n<meta name=\"robots\" content=\"index, follow, max-snippet:-1, max-image-preview:large, max-video-preview:-1\" \/>\n<link rel=\"canonical\" href=\"https:\/\/www.miomiorun.com\/es\/producto\/launch-elite-tank-mujer\/\" \/>\n<meta property=\"og:locale\" content=\"es_ES\" \/>\n<meta property=\"og:type\" content=\"article\" \/>\n<meta property=\"og:title\" content=\"Under Armour Launch Elite tank mujer - camiseta sin mangas para correr- MioMioRun\" \/>\n<meta property=\"og:description\" content=\"Ligera, transpirable, con tecnolog\u00eda de secado r\u00e1pido, provista de aberturas para una mayor ventilaci\u00f3n y con perforaciones a l\u00e1ser. Todo en Launch Elite\" \/>\n<meta property=\"og:url\" content=\"https:\/\/www.miomiorun.com\/es\/producto\/launch-elite-tank-mujer\/\" \/>\n<meta property=\"og:site_name\" content=\"MioMioRun\" \/>\n<meta property=\"article:publisher\" content=\"https:\/\/www.facebook.com\/miomiorun\/\" \/>\n<meta property=\"article:modified_time\" content=\"2026-04-27T16:47:30+00:00\" \/>\n<meta property=\"og:image\" content=\"https:\/\/www.miomiorun.com\/app\/uploads\/2025\/02\/under-armour-Launch-Elite-tank-W-black-1389563-0001.webp\" \/>\n\t<meta property=\"og:image:width\" content=\"600\" \/>\n\t<meta property=\"og:image:height\" content=\"600\" \/>\n\t<meta property=\"og:image:type\" content=\"image\/webp\" \/>\n<meta name=\"twitter:card\" content=\"summary_large_image\" \/>\n<meta name=\"twitter:label1\" content=\"Est. reading time\" \/>\n\t<meta name=\"twitter:data1\" content=\"1 minute\" \/>\n<script type=\"application\/ld+json\" class=\"yoast-schema-graph\">{\"@context\":\"https:\/\/schema.org\",\"@graph\":[{\"@type\":\"WebPage\",\"@id\":\"https:\/\/www.miomiorun.com\/es\/producto\/launch-elite-tank-mujer\/\",\"url\":\"https:\/\/www.miomiorun.com\/es\/producto\/launch-elite-tank-mujer\/\",\"name\":\"Under Armour Launch Elite tank mujer - camiseta sin mangas para correr- MioMioRun\",\"isPartOf\":{\"@id\":\"https:\/\/www.miomiorun.com\/es\/#website\"},\"primaryImageOfPage\":{\"@id\":\"https:\/\/www.miomiorun.com\/es\/producto\/launch-elite-tank-mujer\/#primaryimage\"},\"image\":{\"@id\":\"https:\/\/www.miomiorun.com\/es\/producto\/launch-elite-tank-mujer\/#primaryimage\"},\"thumbnailUrl\":\"https:\/\/www.miomiorun.com\/app\/uploads\/2025\/02\/under-armour-Launch-Elite-tank-W-black-1389563-0001.webp\",\"datePublished\":\"2025-02-07T09:17:38+00:00\",\"dateModified\":\"2026-04-27T16:47:30+00:00\",\"description\":\"Ligera, transpirable, con tecnolog\u00eda de secado r\u00e1pido, provista de aberturas para una mayor ventilaci\u00f3n y con perforaciones a l\u00e1ser. Todo en Launch Elite\",\"breadcrumb\":{\"@id\":\"https:\/\/www.miomiorun.com\/es\/producto\/launch-elite-tank-mujer\/#breadcrumb\"},\"inLanguage\":\"es-ES\",\"potentialAction\":[{\"@type\":\"ReadAction\",\"target\":[\"https:\/\/www.miomiorun.com\/es\/producto\/launch-elite-tank-mujer\/\"]}]},{\"@type\":\"ImageObject\",\"inLanguage\":\"es-ES\",\"@id\":\"https:\/\/www.miomiorun.com\/es\/producto\/launch-elite-tank-mujer\/#primaryimage\",\"url\":\"https:\/\/www.miomiorun.com\/app\/uploads\/2025\/02\/under-armour-Launch-Elite-tank-W-black-1389563-0001.webp\",\"contentUrl\":\"https:\/\/www.miomiorun.com\/app\/uploads\/2025\/02\/under-armour-Launch-Elite-tank-W-black-1389563-0001.webp\",\"width\":600,\"height\":600,\"caption\":\"under armour Launch Elite tank W black 1389563-0001\"},{\"@type\":\"BreadcrumbList\",\"@id\":\"https:\/\/www.miomiorun.com\/es\/producto\/launch-elite-tank-mujer\/#breadcrumb\",\"itemListElement\":[{\"@type\":\"ListItem\",\"position\":1,\"name\":\"Home\",\"item\":\"https:\/\/www.miomiorun.com\/es\/\"},{\"@type\":\"ListItem\",\"position\":2,\"name\":\"Shop\",\"item\":\"https:\/\/www.miomiorun.com\/shop\/\"},{\"@type\":\"ListItem\",\"position\":3,\"name\":\"Launch Elite tank mujer\"}]},{\"@type\":\"WebSite\",\"@id\":\"https:\/\/www.miomiorun.com\/es\/#website\",\"url\":\"https:\/\/www.miomiorun.com\/es\/\",\"name\":\"MioMioRun\",\"description\":\"Tienda 100% running y trail\",\"publisher\":{\"@id\":\"https:\/\/www.miomiorun.com\/es\/#organization\"},\"potentialAction\":[{\"@type\":\"SearchAction\",\"target\":{\"@type\":\"EntryPoint\",\"urlTemplate\":\"https:\/\/www.miomiorun.com\/es\/?s={search_term_string}\"},\"query-input\":{\"@type\":\"PropertyValueSpecification\",\"valueRequired\":true,\"valueName\":\"search_term_string\"}}],\"inLanguage\":\"es-ES\"},{\"@type\":\"Organization\",\"@id\":\"https:\/\/www.miomiorun.com\/es\/#organization\",\"name\":\"MioMio Run\",\"url\":\"https:\/\/www.miomiorun.com\/es\/\",\"logo\":{\"@type\":\"ImageObject\",\"inLanguage\":\"es-ES\",\"@id\":\"https:\/\/www.miomiorun.com\/es\/#\/schema\/logo\/image\/\",\"url\":\"https:\/\/www.miomiorun.com\/app\/uploads\/2019\/12\/logomio.png\",\"contentUrl\":\"https:\/\/www.miomiorun.com\/app\/uploads\/2019\/12\/logomio.png\",\"width\":115,\"height\":82,\"caption\":\"MioMio Run\"},\"image\":{\"@id\":\"https:\/\/www.miomiorun.com\/es\/#\/schema\/logo\/image\/\"},\"sameAs\":[\"https:\/\/www.facebook.com\/miomiorun\/\",\"https:\/\/www.instagram.com\/miomiorun\/\"]}]}<\/script>\n<!-- \/ Yoast SEO plugin. -->","yoast_head_json":{"title":"Under Armour Launch Elite tank mujer - camiseta sin mangas para correr- MioMioRun","description":"Ligera, transpirable, con tecnolog\u00eda de secado r\u00e1pido, provista de aberturas para una mayor ventilaci\u00f3n y con perforaciones a l\u00e1ser. Todo en Launch Elite","robots":{"index":"index","follow":"follow","max-snippet":"max-snippet:-1","max-image-preview":"max-image-preview:large","max-video-preview":"max-video-preview:-1"},"canonical":"https:\/\/www.miomiorun.com\/es\/producto\/launch-elite-tank-mujer\/","og_locale":"es_ES","og_type":"article","og_title":"Under Armour Launch Elite tank mujer - camiseta sin mangas para correr- MioMioRun","og_description":"Ligera, transpirable, con tecnolog\u00eda de secado r\u00e1pido, provista de aberturas para una mayor ventilaci\u00f3n y con perforaciones a l\u00e1ser. Todo en Launch Elite","og_url":"https:\/\/www.miomiorun.com\/es\/producto\/launch-elite-tank-mujer\/","og_site_name":"MioMioRun","article_publisher":"https:\/\/www.facebook.com\/miomiorun\/","article_modified_time":"2026-04-27T16:47:30+00:00","og_image":[{"width":600,"height":600,"url":"https:\/\/www.miomiorun.com\/app\/uploads\/2025\/02\/under-armour-Launch-Elite-tank-W-black-1389563-0001.webp","type":"image\/webp"}],"twitter_card":"summary_large_image","twitter_misc":{"Est. reading time":"1 minute"},"schema":{"@context":"https:\/\/schema.org","@graph":[{"@type":"WebPage","@id":"https:\/\/www.miomiorun.com\/es\/producto\/launch-elite-tank-mujer\/","url":"https:\/\/www.miomiorun.com\/es\/producto\/launch-elite-tank-mujer\/","name":"Under Armour Launch Elite tank mujer - camiseta sin mangas para correr- MioMioRun","isPartOf":{"@id":"https:\/\/www.miomiorun.com\/es\/#website"},"primaryImageOfPage":{"@id":"https:\/\/www.miomiorun.com\/es\/producto\/launch-elite-tank-mujer\/#primaryimage"},"image":{"@id":"https:\/\/www.miomiorun.com\/es\/producto\/launch-elite-tank-mujer\/#primaryimage"},"thumbnailUrl":"https:\/\/www.miomiorun.com\/app\/uploads\/2025\/02\/under-armour-Launch-Elite-tank-W-black-1389563-0001.webp","datePublished":"2025-02-07T09:17:38+00:00","dateModified":"2026-04-27T16:47:30+00:00","description":"Ligera, transpirable, con tecnolog\u00eda de secado r\u00e1pido, provista de aberturas para una mayor ventilaci\u00f3n y con perforaciones a l\u00e1ser. Todo en Launch Elite","breadcrumb":{"@id":"https:\/\/www.miomiorun.com\/es\/producto\/launch-elite-tank-mujer\/#breadcrumb"},"inLanguage":"es-ES","potentialAction":[{"@type":"ReadAction","target":["https:\/\/www.miomiorun.com\/es\/producto\/launch-elite-tank-mujer\/"]}]},{"@type":"ImageObject","inLanguage":"es-ES","@id":"https:\/\/www.miomiorun.com\/es\/producto\/launch-elite-tank-mujer\/#primaryimage","url":"https:\/\/www.miomiorun.com\/app\/uploads\/2025\/02\/under-armour-Launch-Elite-tank-W-black-1389563-0001.webp","contentUrl":"https:\/\/www.miomiorun.com\/app\/uploads\/2025\/02\/under-armour-Launch-Elite-tank-W-black-1389563-0001.webp","width":600,"height":600,"caption":"under armour Launch Elite tank W black 1389563-0001"},{"@type":"BreadcrumbList","@id":"https:\/\/www.miomiorun.com\/es\/producto\/launch-elite-tank-mujer\/#breadcrumb","itemListElement":[{"@type":"ListItem","position":1,"name":"Home","item":"https:\/\/www.miomiorun.com\/es\/"},{"@type":"ListItem","position":2,"name":"Shop","item":"https:\/\/www.miomiorun.com\/shop\/"},{"@type":"ListItem","position":3,"name":"Launch Elite tank mujer"}]},{"@type":"WebSite","@id":"https:\/\/www.miomiorun.com\/es\/#website","url":"https:\/\/www.miomiorun.com\/es\/","name":"MioMioRun","description":"Tienda 100% running y trail","publisher":{"@id":"https:\/\/www.miomiorun.com\/es\/#organization"},"potentialAction":[{"@type":"SearchAction","target":{"@type":"EntryPoint","urlTemplate":"https:\/\/www.miomiorun.com\/es\/?s={search_term_string}"},"query-input":{"@type":"PropertyValueSpecification","valueRequired":true,"valueName":"search_term_string"}}],"inLanguage":"es-ES"},{"@type":"Organization","@id":"https:\/\/www.miomiorun.com\/es\/#organization","name":"MioMio Run","url":"https:\/\/www.miomiorun.com\/es\/","logo":{"@type":"ImageObject","inLanguage":"es-ES","@id":"https:\/\/www.miomiorun.com\/es\/#\/schema\/logo\/image\/","url":"https:\/\/www.miomiorun.com\/app\/uploads\/2019\/12\/logomio.png","contentUrl":"https:\/\/www.miomiorun.com\/app\/uploads\/2019\/12\/logomio.png","width":115,"height":82,"caption":"MioMio Run"},"image":{"@id":"https:\/\/www.miomiorun.com\/es\/#\/schema\/logo\/image\/"},"sameAs":["https:\/\/www.facebook.com\/miomiorun\/","https:\/\/www.instagram.com\/miomiorun\/"]}]}},"_links":{"self":[{"href":"https:\/\/www.miomiorun.com\/es\/wp-json\/wp\/v2\/product\/298563","targetHints":{"allow":["GET"]}}],"collection":[{"href":"https:\/\/www.miomiorun.com\/es\/wp-json\/wp\/v2\/product"}],"about":[{"href":"https:\/\/www.miomiorun.com\/es\/wp-json\/wp\/v2\/types\/product"}],"wp:featuredmedia":[{"embeddable":true,"href":"https:\/\/www.miomiorun.com\/es\/wp-json\/wp\/v2\/media\/253012"}],"wp:attachment":[{"href":"https:\/\/www.miomiorun.com\/es\/wp-json\/wp\/v2\/media?parent=298563"}],"wp:term":[{"taxonomy":"product_brand","embeddable":true,"href":"https:\/\/www.miomiorun.com\/es\/wp-json\/wp\/v2\/product_brand?post=298563"},{"taxonomy":"product_cat","embeddable":true,"href":"https:\/\/www.miomiorun.com\/es\/wp-json\/wp\/v2\/product_cat?post=298563"},{"taxonomy":"product_tag","embeddable":true,"href":"https:\/\/www.miomiorun.com\/es\/wp-json\/wp\/v2\/product_tag?post=298563"}],"curies":[{"name":"wp","href":"https:\/\/api.w.org\/{rel}","templated":true}]}}