{"id":298252,"date":"2025-02-10T18:50:44","date_gmt":"2025-02-10T17:50:44","guid":{"rendered":"https:\/\/miomiorun.com\/prodotto\/journey-5-short-black-uomo\/"},"modified":"2025-10-10T17:08:30","modified_gmt":"2025-10-10T15:08:30","slug":"journey-5-short-black-hombre","status":"publish","type":"product","link":"https:\/\/www.miomiorun.com\/es\/producto\/journey-5-short-black-hombre\/","title":{"rendered":"Journey 5&#8243; short hombre"},"content":{"rendered":"<div class=\"m-long-description__sustainability--value\"><\/div>\n<div>Los mejores pantalones cortos de running para hombre no distraen y te permiten concentrarte en correr. Los populares pantalones cortos Journey 5&#8243; de Brooks tienen la longitud perfecta, est\u00e1n dise\u00f1ados para reducir las rozaduras y cuentan con numerosos bolsillos. Su ajuste es semiajustado, de modo que se adapta a la forma del cuerpo pero deja espacio para el movimiento.<\/div>\n<div><\/div>\n<div><\/div>\n<div>Para mantener el aspecto y el rendimiento de tus prendas Brooks, l\u00e1valas por separado en la lavadora antes de usarlas, no utilices suavizantes y s\u00e9calas a baja temperatura.<\/div>\n<div><\/div>\n<div><\/div>\n<div class=\"m-long-description__sustainability--text\"><\/div>\n<div><\/div>\n<div><\/div>\n<p>&nbsp;<\/p>\n<div><\/div>\n<p>&nbsp;<\/p>\n","protected":false},"excerpt":{"rendered":"<p>&nbsp;<\/p>\n<ul class=\"m-long-description__features\">\n<li class=\"m-long-description__feature\">M\u00e1xima libertad de movimiento<\/li>\n<li class=\"m-long-description__feature\">Espacio para guardar lo necesario<\/li>\n<\/ul>\n","protected":false},"featured_media":253992,"template":"","meta":{"_acf_changed":false,"inline_featured_image":false},"product_brand":[],"product_cat":[24457,24463,24464],"product_tag":[23463,23661],"class_list":{"0":"post-298252","1":"product","2":"type-product","3":"status-publish","4":"has-post-thumbnail","6":"product_cat-pantalones-cortos-es-2","7":"product_cat-ropa-de-hombre-es","8":"product_cat-hombre","9":"product_tag-brooks-es","10":"product_tag-brooks-hombre","11":"pa_attivita-running-es","12":"pa_attivita-trail-es","13":"pa_colore-journey-5-short-black-es","14":"pa_colore-journey-5-short-storm-speed-logo-es","15":"pa_marca-brooks-es","16":"pa_sesso-hombre","17":"pa_size-small-es","18":"pa_size-extra-large-es","20":"first","21":"instock","22":"sale","23":"taxable","24":"shipping-taxable","25":"purchasable","26":"product-type-variable","27":"wvs-archive-product-wrapper"},"acf":[],"yoast_head":"<!-- This site is optimized with the Yoast SEO plugin v26.8 - https:\/\/yoast.com\/product\/yoast-seo-wordpress\/ -->\n<title>Brooks Journey 5&quot; short hombre - Pantalones cortos de verano - MioMioRun<\/title>\n<meta name=\"description\" content=\"Journey 5&quot; short son los pantalones cortos b\u00e1sicos de Brooks. \u00datiles y vers\u00e1tiles en cualquier situaci\u00f3n, te acompa\u00f1ar\u00e1n en todos tus entrenamientos m\u00e1s variados.\" \/>\n<meta name=\"robots\" content=\"index, follow, max-snippet:-1, max-image-preview:large, max-video-preview:-1\" \/>\n<link rel=\"canonical\" href=\"https:\/\/www.miomiorun.com\/es\/producto\/journey-5-short-black-hombre\/\" \/>\n<meta property=\"og:locale\" content=\"es_ES\" \/>\n<meta property=\"og:type\" content=\"article\" \/>\n<meta property=\"og:title\" content=\"Brooks Journey 5&quot; short hombre - Pantalones cortos de verano - MioMioRun\" \/>\n<meta property=\"og:description\" content=\"Journey 5&quot; short son los pantalones cortos b\u00e1sicos de Brooks. \u00datiles y vers\u00e1tiles en cualquier situaci\u00f3n, te acompa\u00f1ar\u00e1n en todos tus entrenamientos m\u00e1s variados.\" \/>\n<meta property=\"og:url\" content=\"https:\/\/www.miomiorun.com\/es\/producto\/journey-5-short-black-hombre\/\" \/>\n<meta property=\"og:site_name\" content=\"MioMioRun\" \/>\n<meta property=\"article:publisher\" content=\"https:\/\/www.facebook.com\/miomiorun\/\" \/>\n<meta property=\"article:modified_time\" content=\"2025-10-10T15:08:30+00:00\" \/>\n<meta property=\"og:image\" content=\"https:\/\/www.miomiorun.com\/app\/uploads\/2025\/02\/brooks-Journey-5-short-black-211542001.webp\" \/>\n\t<meta property=\"og:image:width\" content=\"600\" \/>\n\t<meta property=\"og:image:height\" content=\"600\" \/>\n\t<meta property=\"og:image:type\" content=\"image\/webp\" \/>\n<meta name=\"twitter:card\" content=\"summary_large_image\" \/>\n<script type=\"application\/ld+json\" class=\"yoast-schema-graph\">{\"@context\":\"https:\/\/schema.org\",\"@graph\":[{\"@type\":\"WebPage\",\"@id\":\"https:\/\/www.miomiorun.com\/es\/producto\/journey-5-short-black-hombre\/\",\"url\":\"https:\/\/www.miomiorun.com\/es\/producto\/journey-5-short-black-hombre\/\",\"name\":\"Brooks Journey 5\\\" short hombre - Pantalones cortos de verano - MioMioRun\",\"isPartOf\":{\"@id\":\"https:\/\/www.miomiorun.com\/es\/#website\"},\"primaryImageOfPage\":{\"@id\":\"https:\/\/www.miomiorun.com\/es\/producto\/journey-5-short-black-hombre\/#primaryimage\"},\"image\":{\"@id\":\"https:\/\/www.miomiorun.com\/es\/producto\/journey-5-short-black-hombre\/#primaryimage\"},\"thumbnailUrl\":\"https:\/\/www.miomiorun.com\/app\/uploads\/2025\/02\/brooks-Journey-5-short-black-211542001.webp\",\"datePublished\":\"2025-02-10T17:50:44+00:00\",\"dateModified\":\"2025-10-10T15:08:30+00:00\",\"description\":\"Journey 5\\\" short son los pantalones cortos b\u00e1sicos de Brooks. \u00datiles y vers\u00e1tiles en cualquier situaci\u00f3n, te acompa\u00f1ar\u00e1n en todos tus entrenamientos m\u00e1s variados.\",\"breadcrumb\":{\"@id\":\"https:\/\/www.miomiorun.com\/es\/producto\/journey-5-short-black-hombre\/#breadcrumb\"},\"inLanguage\":\"es-ES\",\"potentialAction\":[{\"@type\":\"ReadAction\",\"target\":[\"https:\/\/www.miomiorun.com\/es\/producto\/journey-5-short-black-hombre\/\"]}]},{\"@type\":\"ImageObject\",\"inLanguage\":\"es-ES\",\"@id\":\"https:\/\/www.miomiorun.com\/es\/producto\/journey-5-short-black-hombre\/#primaryimage\",\"url\":\"https:\/\/www.miomiorun.com\/app\/uploads\/2025\/02\/brooks-Journey-5-short-black-211542001.webp\",\"contentUrl\":\"https:\/\/www.miomiorun.com\/app\/uploads\/2025\/02\/brooks-Journey-5-short-black-211542001.webp\",\"width\":600,\"height\":600,\"caption\":\"brooks Journey 5 short black 211542001\"},{\"@type\":\"BreadcrumbList\",\"@id\":\"https:\/\/www.miomiorun.com\/es\/producto\/journey-5-short-black-hombre\/#breadcrumb\",\"itemListElement\":[{\"@type\":\"ListItem\",\"position\":1,\"name\":\"Home\",\"item\":\"https:\/\/www.miomiorun.com\/es\/\"},{\"@type\":\"ListItem\",\"position\":2,\"name\":\"Shop\",\"item\":\"https:\/\/www.miomiorun.com\/shop\/\"},{\"@type\":\"ListItem\",\"position\":3,\"name\":\"Journey 5&#8243; short hombre\"}]},{\"@type\":\"WebSite\",\"@id\":\"https:\/\/www.miomiorun.com\/es\/#website\",\"url\":\"https:\/\/www.miomiorun.com\/es\/\",\"name\":\"MioMioRun\",\"description\":\"Tienda 100% running y trail\",\"publisher\":{\"@id\":\"https:\/\/www.miomiorun.com\/es\/#organization\"},\"potentialAction\":[{\"@type\":\"SearchAction\",\"target\":{\"@type\":\"EntryPoint\",\"urlTemplate\":\"https:\/\/www.miomiorun.com\/es\/?s={search_term_string}\"},\"query-input\":{\"@type\":\"PropertyValueSpecification\",\"valueRequired\":true,\"valueName\":\"search_term_string\"}}],\"inLanguage\":\"es-ES\"},{\"@type\":\"Organization\",\"@id\":\"https:\/\/www.miomiorun.com\/es\/#organization\",\"name\":\"MioMio Run\",\"url\":\"https:\/\/www.miomiorun.com\/es\/\",\"logo\":{\"@type\":\"ImageObject\",\"inLanguage\":\"es-ES\",\"@id\":\"https:\/\/www.miomiorun.com\/es\/#\/schema\/logo\/image\/\",\"url\":\"https:\/\/www.miomiorun.com\/app\/uploads\/2019\/12\/logomio.png\",\"contentUrl\":\"https:\/\/www.miomiorun.com\/app\/uploads\/2019\/12\/logomio.png\",\"width\":115,\"height\":82,\"caption\":\"MioMio Run\"},\"image\":{\"@id\":\"https:\/\/www.miomiorun.com\/es\/#\/schema\/logo\/image\/\"},\"sameAs\":[\"https:\/\/www.facebook.com\/miomiorun\/\",\"https:\/\/www.instagram.com\/miomiorun\/\"]}]}<\/script>\n<!-- \/ Yoast SEO plugin. -->","yoast_head_json":{"title":"Brooks Journey 5\" short hombre - Pantalones cortos de verano - MioMioRun","description":"Journey 5\" short son los pantalones cortos b\u00e1sicos de Brooks. \u00datiles y vers\u00e1tiles en cualquier situaci\u00f3n, te acompa\u00f1ar\u00e1n en todos tus entrenamientos m\u00e1s variados.","robots":{"index":"index","follow":"follow","max-snippet":"max-snippet:-1","max-image-preview":"max-image-preview:large","max-video-preview":"max-video-preview:-1"},"canonical":"https:\/\/www.miomiorun.com\/es\/producto\/journey-5-short-black-hombre\/","og_locale":"es_ES","og_type":"article","og_title":"Brooks Journey 5\" short hombre - Pantalones cortos de verano - MioMioRun","og_description":"Journey 5\" short son los pantalones cortos b\u00e1sicos de Brooks. \u00datiles y vers\u00e1tiles en cualquier situaci\u00f3n, te acompa\u00f1ar\u00e1n en todos tus entrenamientos m\u00e1s variados.","og_url":"https:\/\/www.miomiorun.com\/es\/producto\/journey-5-short-black-hombre\/","og_site_name":"MioMioRun","article_publisher":"https:\/\/www.facebook.com\/miomiorun\/","article_modified_time":"2025-10-10T15:08:30+00:00","og_image":[{"width":600,"height":600,"url":"https:\/\/www.miomiorun.com\/app\/uploads\/2025\/02\/brooks-Journey-5-short-black-211542001.webp","type":"image\/webp"}],"twitter_card":"summary_large_image","schema":{"@context":"https:\/\/schema.org","@graph":[{"@type":"WebPage","@id":"https:\/\/www.miomiorun.com\/es\/producto\/journey-5-short-black-hombre\/","url":"https:\/\/www.miomiorun.com\/es\/producto\/journey-5-short-black-hombre\/","name":"Brooks Journey 5\" short hombre - Pantalones cortos de verano - MioMioRun","isPartOf":{"@id":"https:\/\/www.miomiorun.com\/es\/#website"},"primaryImageOfPage":{"@id":"https:\/\/www.miomiorun.com\/es\/producto\/journey-5-short-black-hombre\/#primaryimage"},"image":{"@id":"https:\/\/www.miomiorun.com\/es\/producto\/journey-5-short-black-hombre\/#primaryimage"},"thumbnailUrl":"https:\/\/www.miomiorun.com\/app\/uploads\/2025\/02\/brooks-Journey-5-short-black-211542001.webp","datePublished":"2025-02-10T17:50:44+00:00","dateModified":"2025-10-10T15:08:30+00:00","description":"Journey 5\" short son los pantalones cortos b\u00e1sicos de Brooks. \u00datiles y vers\u00e1tiles en cualquier situaci\u00f3n, te acompa\u00f1ar\u00e1n en todos tus entrenamientos m\u00e1s variados.","breadcrumb":{"@id":"https:\/\/www.miomiorun.com\/es\/producto\/journey-5-short-black-hombre\/#breadcrumb"},"inLanguage":"es-ES","potentialAction":[{"@type":"ReadAction","target":["https:\/\/www.miomiorun.com\/es\/producto\/journey-5-short-black-hombre\/"]}]},{"@type":"ImageObject","inLanguage":"es-ES","@id":"https:\/\/www.miomiorun.com\/es\/producto\/journey-5-short-black-hombre\/#primaryimage","url":"https:\/\/www.miomiorun.com\/app\/uploads\/2025\/02\/brooks-Journey-5-short-black-211542001.webp","contentUrl":"https:\/\/www.miomiorun.com\/app\/uploads\/2025\/02\/brooks-Journey-5-short-black-211542001.webp","width":600,"height":600,"caption":"brooks Journey 5 short black 211542001"},{"@type":"BreadcrumbList","@id":"https:\/\/www.miomiorun.com\/es\/producto\/journey-5-short-black-hombre\/#breadcrumb","itemListElement":[{"@type":"ListItem","position":1,"name":"Home","item":"https:\/\/www.miomiorun.com\/es\/"},{"@type":"ListItem","position":2,"name":"Shop","item":"https:\/\/www.miomiorun.com\/shop\/"},{"@type":"ListItem","position":3,"name":"Journey 5&#8243; short hombre"}]},{"@type":"WebSite","@id":"https:\/\/www.miomiorun.com\/es\/#website","url":"https:\/\/www.miomiorun.com\/es\/","name":"MioMioRun","description":"Tienda 100% running y trail","publisher":{"@id":"https:\/\/www.miomiorun.com\/es\/#organization"},"potentialAction":[{"@type":"SearchAction","target":{"@type":"EntryPoint","urlTemplate":"https:\/\/www.miomiorun.com\/es\/?s={search_term_string}"},"query-input":{"@type":"PropertyValueSpecification","valueRequired":true,"valueName":"search_term_string"}}],"inLanguage":"es-ES"},{"@type":"Organization","@id":"https:\/\/www.miomiorun.com\/es\/#organization","name":"MioMio Run","url":"https:\/\/www.miomiorun.com\/es\/","logo":{"@type":"ImageObject","inLanguage":"es-ES","@id":"https:\/\/www.miomiorun.com\/es\/#\/schema\/logo\/image\/","url":"https:\/\/www.miomiorun.com\/app\/uploads\/2019\/12\/logomio.png","contentUrl":"https:\/\/www.miomiorun.com\/app\/uploads\/2019\/12\/logomio.png","width":115,"height":82,"caption":"MioMio Run"},"image":{"@id":"https:\/\/www.miomiorun.com\/es\/#\/schema\/logo\/image\/"},"sameAs":["https:\/\/www.facebook.com\/miomiorun\/","https:\/\/www.instagram.com\/miomiorun\/"]}]}},"_links":{"self":[{"href":"https:\/\/www.miomiorun.com\/es\/wp-json\/wp\/v2\/product\/298252","targetHints":{"allow":["GET"]}}],"collection":[{"href":"https:\/\/www.miomiorun.com\/es\/wp-json\/wp\/v2\/product"}],"about":[{"href":"https:\/\/www.miomiorun.com\/es\/wp-json\/wp\/v2\/types\/product"}],"wp:featuredmedia":[{"embeddable":true,"href":"https:\/\/www.miomiorun.com\/es\/wp-json\/wp\/v2\/media\/253992"}],"wp:attachment":[{"href":"https:\/\/www.miomiorun.com\/es\/wp-json\/wp\/v2\/media?parent=298252"}],"wp:term":[{"taxonomy":"product_brand","embeddable":true,"href":"https:\/\/www.miomiorun.com\/es\/wp-json\/wp\/v2\/product_brand?post=298252"},{"taxonomy":"product_cat","embeddable":true,"href":"https:\/\/www.miomiorun.com\/es\/wp-json\/wp\/v2\/product_cat?post=298252"},{"taxonomy":"product_tag","embeddable":true,"href":"https:\/\/www.miomiorun.com\/es\/wp-json\/wp\/v2\/product_tag?post=298252"}],"curies":[{"name":"wp","href":"https:\/\/api.w.org\/{rel}","templated":true}]}}