{"id":298132,"date":"2025-02-12T11:27:36","date_gmt":"2025-02-12T10:27:36","guid":{"rendered":"https:\/\/miomiorun.com\/prodotto\/adizero-ambition\/"},"modified":"2026-05-08T22:27:27","modified_gmt":"2026-05-08T20:27:27","slug":"adizero-ambition","status":"publish","type":"product","link":"https:\/\/www.miomiorun.com\/es\/producto\/adizero-ambition\/","title":{"rendered":"Adizero Ambition"},"content":{"rendered":"<div class=\"vc-row container\"><div class=\"vc-column\"><div class=\"vc-column-text\"><\/p>\n<h4>Especificaciones t\u00e9cnicas<\/h4>\n<p>Categor\u00eda: zapatilla de atletismo para distancias medias<br \/>\nDesnivel: 5 mm (13 mm \/ 18 mm)<br \/>\nPeso: 143 g<br \/>\nIdeal para: atletas r\u00e1pidos y entrenamientos de competici\u00f3n; gracias a su amortiguaci\u00f3n innovadora y reactiva, te har\u00e1 m\u00e1s r\u00e1pido y te acompa\u00f1ar\u00e1 hasta el podio.<br \/>\nPeso del atleta: &lt; 70 kg<br \/>\nRitmo de carrera: &lt; 4,00 min\/km<br \/>\n<a href=\"https:\/\/miomiorun.com\/guida-alle-specifiche-tecniche\/\">Gu\u00eda de especificaciones t\u00e9cnicas<\/a><\/p>\n<p><\/div><\/div><div class=\"vc-column\"><div class=\"vc-column-text\"><\/p>\n<div class=\"text-content___13aRm\">\n<div class=\"accordion__content___29x9h\">\n<div class=\"content-padding___2kVWQ\">\n<div class=\"highlights___19JOq\">\n<div class=\"highlights-list___19FSM highlights-list--text-only___2yfW2\">\n<div class=\"highlight___3fa4r\">\n<div class=\"highlight-text___lgoJI\">\n<p>Las <strong>zapatillas de atletismo Adidas Adizero Ambition<\/strong> est\u00e1n dise\u00f1adas para distancias medias y fabricadas en parte con materiales reciclados, para reducir el impacto medioambiental sin comprometer el rendimiento. Gracias a la innovadora <strong>entresuela Lightstrike Pro<\/strong>, ofrecen una amortiguaci\u00f3n reactiva que te ayuda a alcanzar velocidades elevadas, cruzando la meta con mayor facilidad. La <strong>parte superior transpirable<\/strong> es incre\u00edblemente ligera y casi imperceptible, lo que garantiza un ajuste estable y c\u00f3modo. El <strong>ajuste regular<\/strong> y el <strong>drop de 5 mm<\/strong> ofrecen una sujeci\u00f3n \u00f3ptima en cada paso. Con un cierre de <strong>cordones<\/strong> y una <strong>suela de material sint\u00e9tico<\/strong>, estas zapatillas son ideales para los atletas que buscan un alto rendimiento sin renunciar a la comodidad. Su peso de tan solo <strong>143 g<\/strong> las hace adem\u00e1s superligeras y perfectas para quienes buscan velocidad y reactividad.<\/p>\n<\/div>\n<\/div>\n<\/div>\n<\/div>\n<\/div>\n<\/div>\n<\/div>\n<p>&nbsp;<\/p>\n<div class=\"item___1X-1_\">\n<p><img decoding=\"async\" class=\"img_with_fallback___2aHBu feature-icon___3S9eQ\" src=\"https:\/\/brand.assets.adidas.com\/image\/upload\/racing_2ad458e885.png\" alt=\"\" data-auto-id=\"image\"><\/p>\n<p class=\"feature-icon-text___3Owgv\">Competici\u00f3n<\/p>\n<\/div>\n<div class=\"item___1X-1_\">\n<p><img decoding=\"async\" class=\"img_with_fallback___2aHBu feature-icon___3S9eQ\" src=\"https:\/\/brand.assets.adidas.com\/image\/upload\/neutral_16b16d1637.png\" alt=\"\" data-auto-id=\"image\"><\/p>\n<p class=\"feature-icon-text___3Owgv\">Neutro<\/p>\n<p class=\"feature-icon-summary-small___31Rc0\">\n<\/div>\n<div class=\"item___1X-1_\">\n<p><img decoding=\"async\" class=\"img_with_fallback___2aHBu feature-icon___3S9eQ\" src=\"https:\/\/brand.assets.adidas.com\/image\/upload\/regular_a176d1f2d6.png\" alt=\"\" data-auto-id=\"image\"><\/p>\n<p class=\"feature-icon-text___3Owgv\">Ajuste est\u00e1ndar para hombre<\/p>\n<\/div>\n<div class=\"special-item___2Ohsx\">\n<p class=\"feature-icon-title___v-KQG\">5 mm<\/p>\n<p class=\"feature-icon-summary-small___31Rc0\">Diferencial tal\u00f3n-punta<\/p>\n<p class=\"feature-icon-summary-small___31Rc0\">13 mm \/ 18 mm<\/p>\n<\/div>\n<div class=\"special-item___2Ohsx\">\n<p class=\"feature-icon-title___v-KQG\">143 g<\/p>\n<p class=\"feature-icon-summary-small___31Rc0\">Talla UK 8,5<\/p>\n<\/div>\n<p><\/div><\/div><\/div>\n","protected":false},"excerpt":{"rendered":"<ul class=\"m-long-description__features\">\n<li class=\"m-long-description__feature\">Ultraligera y reactiva<\/li>\n<li>Zapatilla r\u00e1pida de competici\u00f3n<\/li>\n<\/ul>\n","protected":false},"featured_media":255214,"template":"","meta":{"_acf_changed":false,"inline_featured_image":false},"product_brand":[],"product_cat":[24454,24453],"product_tag":[23558,23570],"class_list":{"0":"post-298132","1":"product","2":"type-product","3":"status-publish","4":"has-post-thumbnail","6":"product_cat-calzado-para-hombre","7":"product_cat-neutre-es-3","8":"product_tag-adidas-es","9":"product_tag-adidas-hombre","10":"pa_attivita-running-es","11":"pa_colore-adizero-ambition-luclem-cblack-halsil-es","12":"pa_marca-adidas-es","13":"pa_sesso-hombre","14":"pa_size-42-es","16":"pa_size-45-es","18":"first","19":"instock","20":"sale","21":"taxable","22":"shipping-taxable","23":"purchasable","24":"product-type-variable","25":"wvs-archive-product-wrapper"},"acf":[],"yoast_head":"<!-- This site is optimized with the Yoast SEO plugin v26.8 - https:\/\/yoast.com\/product\/yoast-seo-wordpress\/ -->\n<title>Adidas Adizero Ambition - zapatillas de running - MioMioRun<\/title>\n<meta name=\"description\" content=\"Las Adizero Ambition son unas zapatillas de atletismo ligeras, con entresuela Lightstrike Pro y parte superior transpirable. Para cruzar la l\u00ednea de meta a toda velocidad\" \/>\n<meta name=\"robots\" content=\"index, follow, max-snippet:-1, max-image-preview:large, max-video-preview:-1\" \/>\n<link rel=\"canonical\" href=\"https:\/\/www.miomiorun.com\/es\/producto\/adizero-ambition\/\" \/>\n<meta property=\"og:locale\" content=\"es_ES\" \/>\n<meta property=\"og:type\" content=\"article\" \/>\n<meta property=\"og:title\" content=\"Adidas Adizero Ambition - zapatillas de running - MioMioRun\" \/>\n<meta property=\"og:description\" content=\"Las Adizero Ambition son unas zapatillas de atletismo ligeras, con entresuela Lightstrike Pro y parte superior transpirable. Para cruzar la l\u00ednea de meta a toda velocidad\" \/>\n<meta property=\"og:url\" content=\"https:\/\/www.miomiorun.com\/es\/producto\/adizero-ambition\/\" \/>\n<meta property=\"og:site_name\" content=\"MioMioRun\" \/>\n<meta property=\"article:publisher\" content=\"https:\/\/www.facebook.com\/miomiorun\/\" \/>\n<meta property=\"article:modified_time\" content=\"2026-05-08T20:27:27+00:00\" \/>\n<meta property=\"og:image\" content=\"https:\/\/www.miomiorun.com\/app\/uploads\/2025\/02\/adidas-Adizero-ambition-luclem-cblack-halsil-IH5798.webp\" \/>\n\t<meta property=\"og:image:width\" content=\"600\" \/>\n\t<meta property=\"og:image:height\" content=\"600\" \/>\n\t<meta property=\"og:image:type\" content=\"image\/webp\" \/>\n<meta name=\"twitter:card\" content=\"summary_large_image\" \/>\n<meta name=\"twitter:label1\" content=\"Est. reading time\" \/>\n\t<meta name=\"twitter:data1\" content=\"1 minute\" \/>\n<script type=\"application\/ld+json\" class=\"yoast-schema-graph\">{\"@context\":\"https:\/\/schema.org\",\"@graph\":[{\"@type\":\"WebPage\",\"@id\":\"https:\/\/www.miomiorun.com\/es\/producto\/adizero-ambition\/\",\"url\":\"https:\/\/www.miomiorun.com\/es\/producto\/adizero-ambition\/\",\"name\":\"Adidas Adizero Ambition - zapatillas de running - MioMioRun\",\"isPartOf\":{\"@id\":\"https:\/\/www.miomiorun.com\/es\/#website\"},\"primaryImageOfPage\":{\"@id\":\"https:\/\/www.miomiorun.com\/es\/producto\/adizero-ambition\/#primaryimage\"},\"image\":{\"@id\":\"https:\/\/www.miomiorun.com\/es\/producto\/adizero-ambition\/#primaryimage\"},\"thumbnailUrl\":\"https:\/\/www.miomiorun.com\/app\/uploads\/2025\/02\/adidas-Adizero-ambition-luclem-cblack-halsil-IH5798.webp\",\"datePublished\":\"2025-02-12T10:27:36+00:00\",\"dateModified\":\"2026-05-08T20:27:27+00:00\",\"description\":\"Las Adizero Ambition son unas zapatillas de atletismo ligeras, con entresuela Lightstrike Pro y parte superior transpirable. Para cruzar la l\u00ednea de meta a toda velocidad\",\"breadcrumb\":{\"@id\":\"https:\/\/www.miomiorun.com\/es\/producto\/adizero-ambition\/#breadcrumb\"},\"inLanguage\":\"es-ES\",\"potentialAction\":[{\"@type\":\"ReadAction\",\"target\":[\"https:\/\/www.miomiorun.com\/es\/producto\/adizero-ambition\/\"]}]},{\"@type\":\"ImageObject\",\"inLanguage\":\"es-ES\",\"@id\":\"https:\/\/www.miomiorun.com\/es\/producto\/adizero-ambition\/#primaryimage\",\"url\":\"https:\/\/www.miomiorun.com\/app\/uploads\/2025\/02\/adidas-Adizero-ambition-luclem-cblack-halsil-IH5798.webp\",\"contentUrl\":\"https:\/\/www.miomiorun.com\/app\/uploads\/2025\/02\/adidas-Adizero-ambition-luclem-cblack-halsil-IH5798.webp\",\"width\":600,\"height\":600,\"caption\":\"adidas Adizero ambition luclem cblack halsil IH5798\"},{\"@type\":\"BreadcrumbList\",\"@id\":\"https:\/\/www.miomiorun.com\/es\/producto\/adizero-ambition\/#breadcrumb\",\"itemListElement\":[{\"@type\":\"ListItem\",\"position\":1,\"name\":\"Home\",\"item\":\"https:\/\/www.miomiorun.com\/es\/\"},{\"@type\":\"ListItem\",\"position\":2,\"name\":\"Shop\",\"item\":\"https:\/\/www.miomiorun.com\/shop\/\"},{\"@type\":\"ListItem\",\"position\":3,\"name\":\"Adizero Ambition\"}]},{\"@type\":\"WebSite\",\"@id\":\"https:\/\/www.miomiorun.com\/es\/#website\",\"url\":\"https:\/\/www.miomiorun.com\/es\/\",\"name\":\"MioMioRun\",\"description\":\"Tienda 100% running y trail\",\"publisher\":{\"@id\":\"https:\/\/www.miomiorun.com\/es\/#organization\"},\"potentialAction\":[{\"@type\":\"SearchAction\",\"target\":{\"@type\":\"EntryPoint\",\"urlTemplate\":\"https:\/\/www.miomiorun.com\/es\/?s={search_term_string}\"},\"query-input\":{\"@type\":\"PropertyValueSpecification\",\"valueRequired\":true,\"valueName\":\"search_term_string\"}}],\"inLanguage\":\"es-ES\"},{\"@type\":\"Organization\",\"@id\":\"https:\/\/www.miomiorun.com\/es\/#organization\",\"name\":\"MioMio Run\",\"url\":\"https:\/\/www.miomiorun.com\/es\/\",\"logo\":{\"@type\":\"ImageObject\",\"inLanguage\":\"es-ES\",\"@id\":\"https:\/\/www.miomiorun.com\/es\/#\/schema\/logo\/image\/\",\"url\":\"https:\/\/www.miomiorun.com\/app\/uploads\/2019\/12\/logomio.png\",\"contentUrl\":\"https:\/\/www.miomiorun.com\/app\/uploads\/2019\/12\/logomio.png\",\"width\":115,\"height\":82,\"caption\":\"MioMio Run\"},\"image\":{\"@id\":\"https:\/\/www.miomiorun.com\/es\/#\/schema\/logo\/image\/\"},\"sameAs\":[\"https:\/\/www.facebook.com\/miomiorun\/\",\"https:\/\/www.instagram.com\/miomiorun\/\"]}]}<\/script>\n<!-- \/ Yoast SEO plugin. -->","yoast_head_json":{"title":"Adidas Adizero Ambition - zapatillas de running - MioMioRun","description":"Las Adizero Ambition son unas zapatillas de atletismo ligeras, con entresuela Lightstrike Pro y parte superior transpirable. Para cruzar la l\u00ednea de meta a toda velocidad","robots":{"index":"index","follow":"follow","max-snippet":"max-snippet:-1","max-image-preview":"max-image-preview:large","max-video-preview":"max-video-preview:-1"},"canonical":"https:\/\/www.miomiorun.com\/es\/producto\/adizero-ambition\/","og_locale":"es_ES","og_type":"article","og_title":"Adidas Adizero Ambition - zapatillas de running - MioMioRun","og_description":"Las Adizero Ambition son unas zapatillas de atletismo ligeras, con entresuela Lightstrike Pro y parte superior transpirable. Para cruzar la l\u00ednea de meta a toda velocidad","og_url":"https:\/\/www.miomiorun.com\/es\/producto\/adizero-ambition\/","og_site_name":"MioMioRun","article_publisher":"https:\/\/www.facebook.com\/miomiorun\/","article_modified_time":"2026-05-08T20:27:27+00:00","og_image":[{"width":600,"height":600,"url":"https:\/\/www.miomiorun.com\/app\/uploads\/2025\/02\/adidas-Adizero-ambition-luclem-cblack-halsil-IH5798.webp","type":"image\/webp"}],"twitter_card":"summary_large_image","twitter_misc":{"Est. reading time":"1 minute"},"schema":{"@context":"https:\/\/schema.org","@graph":[{"@type":"WebPage","@id":"https:\/\/www.miomiorun.com\/es\/producto\/adizero-ambition\/","url":"https:\/\/www.miomiorun.com\/es\/producto\/adizero-ambition\/","name":"Adidas Adizero Ambition - zapatillas de running - MioMioRun","isPartOf":{"@id":"https:\/\/www.miomiorun.com\/es\/#website"},"primaryImageOfPage":{"@id":"https:\/\/www.miomiorun.com\/es\/producto\/adizero-ambition\/#primaryimage"},"image":{"@id":"https:\/\/www.miomiorun.com\/es\/producto\/adizero-ambition\/#primaryimage"},"thumbnailUrl":"https:\/\/www.miomiorun.com\/app\/uploads\/2025\/02\/adidas-Adizero-ambition-luclem-cblack-halsil-IH5798.webp","datePublished":"2025-02-12T10:27:36+00:00","dateModified":"2026-05-08T20:27:27+00:00","description":"Las Adizero Ambition son unas zapatillas de atletismo ligeras, con entresuela Lightstrike Pro y parte superior transpirable. Para cruzar la l\u00ednea de meta a toda velocidad","breadcrumb":{"@id":"https:\/\/www.miomiorun.com\/es\/producto\/adizero-ambition\/#breadcrumb"},"inLanguage":"es-ES","potentialAction":[{"@type":"ReadAction","target":["https:\/\/www.miomiorun.com\/es\/producto\/adizero-ambition\/"]}]},{"@type":"ImageObject","inLanguage":"es-ES","@id":"https:\/\/www.miomiorun.com\/es\/producto\/adizero-ambition\/#primaryimage","url":"https:\/\/www.miomiorun.com\/app\/uploads\/2025\/02\/adidas-Adizero-ambition-luclem-cblack-halsil-IH5798.webp","contentUrl":"https:\/\/www.miomiorun.com\/app\/uploads\/2025\/02\/adidas-Adizero-ambition-luclem-cblack-halsil-IH5798.webp","width":600,"height":600,"caption":"adidas Adizero ambition luclem cblack halsil IH5798"},{"@type":"BreadcrumbList","@id":"https:\/\/www.miomiorun.com\/es\/producto\/adizero-ambition\/#breadcrumb","itemListElement":[{"@type":"ListItem","position":1,"name":"Home","item":"https:\/\/www.miomiorun.com\/es\/"},{"@type":"ListItem","position":2,"name":"Shop","item":"https:\/\/www.miomiorun.com\/shop\/"},{"@type":"ListItem","position":3,"name":"Adizero Ambition"}]},{"@type":"WebSite","@id":"https:\/\/www.miomiorun.com\/es\/#website","url":"https:\/\/www.miomiorun.com\/es\/","name":"MioMioRun","description":"Tienda 100% running y trail","publisher":{"@id":"https:\/\/www.miomiorun.com\/es\/#organization"},"potentialAction":[{"@type":"SearchAction","target":{"@type":"EntryPoint","urlTemplate":"https:\/\/www.miomiorun.com\/es\/?s={search_term_string}"},"query-input":{"@type":"PropertyValueSpecification","valueRequired":true,"valueName":"search_term_string"}}],"inLanguage":"es-ES"},{"@type":"Organization","@id":"https:\/\/www.miomiorun.com\/es\/#organization","name":"MioMio Run","url":"https:\/\/www.miomiorun.com\/es\/","logo":{"@type":"ImageObject","inLanguage":"es-ES","@id":"https:\/\/www.miomiorun.com\/es\/#\/schema\/logo\/image\/","url":"https:\/\/www.miomiorun.com\/app\/uploads\/2019\/12\/logomio.png","contentUrl":"https:\/\/www.miomiorun.com\/app\/uploads\/2019\/12\/logomio.png","width":115,"height":82,"caption":"MioMio Run"},"image":{"@id":"https:\/\/www.miomiorun.com\/es\/#\/schema\/logo\/image\/"},"sameAs":["https:\/\/www.facebook.com\/miomiorun\/","https:\/\/www.instagram.com\/miomiorun\/"]}]}},"_links":{"self":[{"href":"https:\/\/www.miomiorun.com\/es\/wp-json\/wp\/v2\/product\/298132","targetHints":{"allow":["GET"]}}],"collection":[{"href":"https:\/\/www.miomiorun.com\/es\/wp-json\/wp\/v2\/product"}],"about":[{"href":"https:\/\/www.miomiorun.com\/es\/wp-json\/wp\/v2\/types\/product"}],"wp:featuredmedia":[{"embeddable":true,"href":"https:\/\/www.miomiorun.com\/es\/wp-json\/wp\/v2\/media\/255214"}],"wp:attachment":[{"href":"https:\/\/www.miomiorun.com\/es\/wp-json\/wp\/v2\/media?parent=298132"}],"wp:term":[{"taxonomy":"product_brand","embeddable":true,"href":"https:\/\/www.miomiorun.com\/es\/wp-json\/wp\/v2\/product_brand?post=298132"},{"taxonomy":"product_cat","embeddable":true,"href":"https:\/\/www.miomiorun.com\/es\/wp-json\/wp\/v2\/product_cat?post=298132"},{"taxonomy":"product_tag","embeddable":true,"href":"https:\/\/www.miomiorun.com\/es\/wp-json\/wp\/v2\/product_tag?post=298132"}],"curies":[{"name":"wp","href":"https:\/\/api.w.org\/{rel}","templated":true}]}}