{"id":297812,"date":"2024-12-03T14:31:05","date_gmt":"2024-12-03T13:31:05","guid":{"rendered":"https:\/\/miomiorun.com\/prodotto\/peregrine-15-uomo\/"},"modified":"2026-01-30T20:12:34","modified_gmt":"2026-01-30T19:12:34","slug":"peregrine-15-hombre","status":"publish","type":"product","link":"https:\/\/www.miomiorun.com\/es\/producto\/peregrine-15-hombre\/","title":{"rendered":"Peregrine 15 hombre"},"content":{"rendered":"<div class=\"vc-row container\"><div class=\"vc-column\"><div class=\"vc-column-text\"><\/p>\n<p><strong>Especificaciones t\u00e9cnicas<\/strong><\/p>\n<p>Categor\u00eda: amortiguaci\u00f3n superior<br \/>\nOffset: 4 mm (28\/24mm)<br \/>\nPeso: 277 g<br \/>\nIdeal para : corredores, trail runners y senderistas que buscan un modelo no excesivamente pesado, capaz de asegurar un soporte suave y el\u00e1stico, con buena tracci\u00f3n incluso en terrenos monta\u00f1osos exigentes.<br \/>\nPeso del atleta : 70-80 kg<br \/>\nRitmo de carrera : medio (5.00-5.30 min\/km)<br \/>\n<a href=\"https:\/\/miomiorun.com\/es\/guia-especifica\/\">Gu\u00eda de especificaciones<\/a><\/p>\n<p><\/div><\/div><div class=\"vc-column\"><div class=\"vc-column-text\"><\/p>\n<h3 style=\"text-align: center;\">La Peregrine 15 para hombre es la zapatilla de trail running de amortiguaci\u00f3n neutra que lleva el nombre del p\u00e1jaro m\u00e1s r\u00e1pido del mundo.<\/h3>\n<p>La Peregrine 15 est\u00e1 dise\u00f1ada para enfrentarse a los terrenos m\u00e1s dif\u00edciles con tacos agresivos de 5 mm, un sistema de amortiguaci\u00f3n PWRRUN de nueva formulaci\u00f3n y una protecci\u00f3n sin igual contra la suciedad y los escombros, todo ello en un conjunto ligero y de perfil bajo.<\/p>\n<h3>Caracter\u00edsticas:<\/h3>\n<ul>\n<li>Una nueva mezcla de espuma PWRRUN ofrece m\u00e1s amortiguaci\u00f3n, comodidad y flexibilidad que nunca.<\/li>\n<li>Suela exterior de goma PWRTRAC de nueva formulaci\u00f3n y cobertura total que proporciona la m\u00e1xima durabilidad y tracci\u00f3n.<\/li>\n<li>Parte superior de malla de alta resistencia con protecci\u00f3n adicional en zonas de alta abrasi\u00f3n y un anillo en D para compatibilidad con polainas<\/li>\n<li>Ideal para trail running t\u00e9cnico<\/li>\n<li>AMORTIGUACI\u00d3N PWRRUN<\/li>\n<li>PLANTILLA PWRRUN<\/li>\n<li>SOSTENIBILIDAD: Este modelo es vegano y contiene materiales reciclados<\/li>\n<\/ul>\n<p><\/div><\/div><\/div>\n","protected":false},"excerpt":{"rendered":"<ul>\n<li>Calzado de trail ideal para todo tipo de excursiones por senderos de monta\u00f1a.<\/li>\n<li>H\u00edper adherentes al suelo y duraderas<\/li>\n<\/ul>\n","protected":false},"featured_media":250233,"template":"","meta":{"_acf_changed":false,"inline_featured_image":false},"product_brand":[],"product_cat":[24468,24465],"product_tag":[23578,23577],"class_list":{"0":"post-297812","1":"product","2":"type-product","3":"status-publish","4":"has-post-thumbnail","6":"product_cat-calzado-para-hombre-es","7":"product_cat-trail-es-4","8":"product_tag-saucony-es","9":"product_tag-saucony-hombre","10":"pa_attivita-outdoor-es","11":"pa_attivita-trail-es","12":"pa_colore-peregrine-15-kodiak-black-es","13":"pa_colore-peregrine-15-ridge-olivine-es","14":"pa_marca-saucony-es","15":"pa_sesso-hombre","16":"pa_size-41-es","17":"pa_size-46-es","19":"first","20":"instock","21":"sale","22":"taxable","23":"shipping-taxable","24":"purchasable","25":"product-type-variable","26":"wvs-archive-product-wrapper"},"acf":[],"yoast_head":"<!-- This site is optimized with the Yoast SEO plugin v26.8 - https:\/\/yoast.com\/product\/yoast-seo-wordpress\/ -->\n<title>Saucony Peregrine 15 hombre - Venta de zapatillas de running - MioMioRun<\/title>\n<meta name=\"description\" content=\"La Peregrine 15 \u00e8 costruita per affrontare i terreni pi\u00f9 difficili grazie ad aggressivi chiodi da 5 mm, al sistema di ammortizzazione PWRRUN .\" \/>\n<meta name=\"robots\" content=\"index, follow, max-snippet:-1, max-image-preview:large, max-video-preview:-1\" \/>\n<link rel=\"canonical\" href=\"https:\/\/www.miomiorun.com\/es\/producto\/peregrine-15-hombre\/\" \/>\n<meta property=\"og:locale\" content=\"es_ES\" \/>\n<meta property=\"og:type\" content=\"article\" \/>\n<meta property=\"og:title\" content=\"Saucony Peregrine 15 hombre - Venta de zapatillas de running - MioMioRun\" \/>\n<meta property=\"og:description\" content=\"La Peregrine 15 \u00e8 costruita per affrontare i terreni pi\u00f9 difficili grazie ad aggressivi chiodi da 5 mm, al sistema di ammortizzazione PWRRUN .\" \/>\n<meta property=\"og:url\" content=\"https:\/\/www.miomiorun.com\/es\/producto\/peregrine-15-hombre\/\" \/>\n<meta property=\"og:site_name\" content=\"MioMioRun\" \/>\n<meta property=\"article:publisher\" content=\"https:\/\/www.facebook.com\/miomiorun\/\" \/>\n<meta property=\"article:modified_time\" content=\"2026-01-30T19:12:34+00:00\" \/>\n<meta property=\"og:image\" content=\"https:\/\/www.miomiorun.com\/app\/uploads\/2024\/12\/saucony-Peregrine-15-peel-navy-S20990-164.webp\" \/>\n\t<meta property=\"og:image:width\" content=\"600\" \/>\n\t<meta property=\"og:image:height\" content=\"600\" \/>\n\t<meta property=\"og:image:type\" content=\"image\/webp\" \/>\n<meta name=\"twitter:card\" content=\"summary_large_image\" \/>\n<meta name=\"twitter:label1\" content=\"Est. reading time\" \/>\n\t<meta name=\"twitter:data1\" content=\"1 minute\" \/>\n<script type=\"application\/ld+json\" class=\"yoast-schema-graph\">{\"@context\":\"https:\/\/schema.org\",\"@graph\":[{\"@type\":\"WebPage\",\"@id\":\"https:\/\/www.miomiorun.com\/es\/producto\/peregrine-15-hombre\/\",\"url\":\"https:\/\/www.miomiorun.com\/es\/producto\/peregrine-15-hombre\/\",\"name\":\"Saucony Peregrine 15 hombre - Venta de zapatillas de running - MioMioRun\",\"isPartOf\":{\"@id\":\"https:\/\/www.miomiorun.com\/es\/#website\"},\"primaryImageOfPage\":{\"@id\":\"https:\/\/www.miomiorun.com\/es\/producto\/peregrine-15-hombre\/#primaryimage\"},\"image\":{\"@id\":\"https:\/\/www.miomiorun.com\/es\/producto\/peregrine-15-hombre\/#primaryimage\"},\"thumbnailUrl\":\"https:\/\/www.miomiorun.com\/app\/uploads\/2024\/12\/saucony-Peregrine-15-peel-navy-S20990-164.webp\",\"datePublished\":\"2024-12-03T13:31:05+00:00\",\"dateModified\":\"2026-01-30T19:12:34+00:00\",\"description\":\"La Peregrine 15 \u00e8 costruita per affrontare i terreni pi\u00f9 difficili grazie ad aggressivi chiodi da 5 mm, al sistema di ammortizzazione PWRRUN .\",\"breadcrumb\":{\"@id\":\"https:\/\/www.miomiorun.com\/es\/producto\/peregrine-15-hombre\/#breadcrumb\"},\"inLanguage\":\"es-ES\",\"potentialAction\":[{\"@type\":\"ReadAction\",\"target\":[\"https:\/\/www.miomiorun.com\/es\/producto\/peregrine-15-hombre\/\"]}]},{\"@type\":\"ImageObject\",\"inLanguage\":\"es-ES\",\"@id\":\"https:\/\/www.miomiorun.com\/es\/producto\/peregrine-15-hombre\/#primaryimage\",\"url\":\"https:\/\/www.miomiorun.com\/app\/uploads\/2024\/12\/saucony-Peregrine-15-peel-navy-S20990-164.webp\",\"contentUrl\":\"https:\/\/www.miomiorun.com\/app\/uploads\/2024\/12\/saucony-Peregrine-15-peel-navy-S20990-164.webp\",\"width\":600,\"height\":600,\"caption\":\"saucony Peregrine 15 peel navy S20990-164\"},{\"@type\":\"BreadcrumbList\",\"@id\":\"https:\/\/www.miomiorun.com\/es\/producto\/peregrine-15-hombre\/#breadcrumb\",\"itemListElement\":[{\"@type\":\"ListItem\",\"position\":1,\"name\":\"Home\",\"item\":\"https:\/\/www.miomiorun.com\/es\/\"},{\"@type\":\"ListItem\",\"position\":2,\"name\":\"Shop\",\"item\":\"https:\/\/www.miomiorun.com\/shop\/\"},{\"@type\":\"ListItem\",\"position\":3,\"name\":\"Peregrine 15 hombre\"}]},{\"@type\":\"WebSite\",\"@id\":\"https:\/\/www.miomiorun.com\/es\/#website\",\"url\":\"https:\/\/www.miomiorun.com\/es\/\",\"name\":\"MioMioRun\",\"description\":\"Tienda 100% running y trail\",\"publisher\":{\"@id\":\"https:\/\/www.miomiorun.com\/es\/#organization\"},\"potentialAction\":[{\"@type\":\"SearchAction\",\"target\":{\"@type\":\"EntryPoint\",\"urlTemplate\":\"https:\/\/www.miomiorun.com\/es\/?s={search_term_string}\"},\"query-input\":{\"@type\":\"PropertyValueSpecification\",\"valueRequired\":true,\"valueName\":\"search_term_string\"}}],\"inLanguage\":\"es-ES\"},{\"@type\":\"Organization\",\"@id\":\"https:\/\/www.miomiorun.com\/es\/#organization\",\"name\":\"MioMio Run\",\"url\":\"https:\/\/www.miomiorun.com\/es\/\",\"logo\":{\"@type\":\"ImageObject\",\"inLanguage\":\"es-ES\",\"@id\":\"https:\/\/www.miomiorun.com\/es\/#\/schema\/logo\/image\/\",\"url\":\"https:\/\/www.miomiorun.com\/app\/uploads\/2019\/12\/logomio.png\",\"contentUrl\":\"https:\/\/www.miomiorun.com\/app\/uploads\/2019\/12\/logomio.png\",\"width\":115,\"height\":82,\"caption\":\"MioMio Run\"},\"image\":{\"@id\":\"https:\/\/www.miomiorun.com\/es\/#\/schema\/logo\/image\/\"},\"sameAs\":[\"https:\/\/www.facebook.com\/miomiorun\/\",\"https:\/\/www.instagram.com\/miomiorun\/\"]}]}<\/script>\n<!-- \/ Yoast SEO plugin. -->","yoast_head_json":{"title":"Saucony Peregrine 15 hombre - Venta de zapatillas de running - MioMioRun","description":"La Peregrine 15 \u00e8 costruita per affrontare i terreni pi\u00f9 difficili grazie ad aggressivi chiodi da 5 mm, al sistema di ammortizzazione PWRRUN .","robots":{"index":"index","follow":"follow","max-snippet":"max-snippet:-1","max-image-preview":"max-image-preview:large","max-video-preview":"max-video-preview:-1"},"canonical":"https:\/\/www.miomiorun.com\/es\/producto\/peregrine-15-hombre\/","og_locale":"es_ES","og_type":"article","og_title":"Saucony Peregrine 15 hombre - Venta de zapatillas de running - MioMioRun","og_description":"La Peregrine 15 \u00e8 costruita per affrontare i terreni pi\u00f9 difficili grazie ad aggressivi chiodi da 5 mm, al sistema di ammortizzazione PWRRUN .","og_url":"https:\/\/www.miomiorun.com\/es\/producto\/peregrine-15-hombre\/","og_site_name":"MioMioRun","article_publisher":"https:\/\/www.facebook.com\/miomiorun\/","article_modified_time":"2026-01-30T19:12:34+00:00","og_image":[{"width":600,"height":600,"url":"https:\/\/www.miomiorun.com\/app\/uploads\/2024\/12\/saucony-Peregrine-15-peel-navy-S20990-164.webp","type":"image\/webp"}],"twitter_card":"summary_large_image","twitter_misc":{"Est. reading time":"1 minute"},"schema":{"@context":"https:\/\/schema.org","@graph":[{"@type":"WebPage","@id":"https:\/\/www.miomiorun.com\/es\/producto\/peregrine-15-hombre\/","url":"https:\/\/www.miomiorun.com\/es\/producto\/peregrine-15-hombre\/","name":"Saucony Peregrine 15 hombre - Venta de zapatillas de running - MioMioRun","isPartOf":{"@id":"https:\/\/www.miomiorun.com\/es\/#website"},"primaryImageOfPage":{"@id":"https:\/\/www.miomiorun.com\/es\/producto\/peregrine-15-hombre\/#primaryimage"},"image":{"@id":"https:\/\/www.miomiorun.com\/es\/producto\/peregrine-15-hombre\/#primaryimage"},"thumbnailUrl":"https:\/\/www.miomiorun.com\/app\/uploads\/2024\/12\/saucony-Peregrine-15-peel-navy-S20990-164.webp","datePublished":"2024-12-03T13:31:05+00:00","dateModified":"2026-01-30T19:12:34+00:00","description":"La Peregrine 15 \u00e8 costruita per affrontare i terreni pi\u00f9 difficili grazie ad aggressivi chiodi da 5 mm, al sistema di ammortizzazione PWRRUN .","breadcrumb":{"@id":"https:\/\/www.miomiorun.com\/es\/producto\/peregrine-15-hombre\/#breadcrumb"},"inLanguage":"es-ES","potentialAction":[{"@type":"ReadAction","target":["https:\/\/www.miomiorun.com\/es\/producto\/peregrine-15-hombre\/"]}]},{"@type":"ImageObject","inLanguage":"es-ES","@id":"https:\/\/www.miomiorun.com\/es\/producto\/peregrine-15-hombre\/#primaryimage","url":"https:\/\/www.miomiorun.com\/app\/uploads\/2024\/12\/saucony-Peregrine-15-peel-navy-S20990-164.webp","contentUrl":"https:\/\/www.miomiorun.com\/app\/uploads\/2024\/12\/saucony-Peregrine-15-peel-navy-S20990-164.webp","width":600,"height":600,"caption":"saucony Peregrine 15 peel navy S20990-164"},{"@type":"BreadcrumbList","@id":"https:\/\/www.miomiorun.com\/es\/producto\/peregrine-15-hombre\/#breadcrumb","itemListElement":[{"@type":"ListItem","position":1,"name":"Home","item":"https:\/\/www.miomiorun.com\/es\/"},{"@type":"ListItem","position":2,"name":"Shop","item":"https:\/\/www.miomiorun.com\/shop\/"},{"@type":"ListItem","position":3,"name":"Peregrine 15 hombre"}]},{"@type":"WebSite","@id":"https:\/\/www.miomiorun.com\/es\/#website","url":"https:\/\/www.miomiorun.com\/es\/","name":"MioMioRun","description":"Tienda 100% running y trail","publisher":{"@id":"https:\/\/www.miomiorun.com\/es\/#organization"},"potentialAction":[{"@type":"SearchAction","target":{"@type":"EntryPoint","urlTemplate":"https:\/\/www.miomiorun.com\/es\/?s={search_term_string}"},"query-input":{"@type":"PropertyValueSpecification","valueRequired":true,"valueName":"search_term_string"}}],"inLanguage":"es-ES"},{"@type":"Organization","@id":"https:\/\/www.miomiorun.com\/es\/#organization","name":"MioMio Run","url":"https:\/\/www.miomiorun.com\/es\/","logo":{"@type":"ImageObject","inLanguage":"es-ES","@id":"https:\/\/www.miomiorun.com\/es\/#\/schema\/logo\/image\/","url":"https:\/\/www.miomiorun.com\/app\/uploads\/2019\/12\/logomio.png","contentUrl":"https:\/\/www.miomiorun.com\/app\/uploads\/2019\/12\/logomio.png","width":115,"height":82,"caption":"MioMio Run"},"image":{"@id":"https:\/\/www.miomiorun.com\/es\/#\/schema\/logo\/image\/"},"sameAs":["https:\/\/www.facebook.com\/miomiorun\/","https:\/\/www.instagram.com\/miomiorun\/"]}]}},"_links":{"self":[{"href":"https:\/\/www.miomiorun.com\/es\/wp-json\/wp\/v2\/product\/297812","targetHints":{"allow":["GET"]}}],"collection":[{"href":"https:\/\/www.miomiorun.com\/es\/wp-json\/wp\/v2\/product"}],"about":[{"href":"https:\/\/www.miomiorun.com\/es\/wp-json\/wp\/v2\/types\/product"}],"wp:featuredmedia":[{"embeddable":true,"href":"https:\/\/www.miomiorun.com\/es\/wp-json\/wp\/v2\/media\/250233"}],"wp:attachment":[{"href":"https:\/\/www.miomiorun.com\/es\/wp-json\/wp\/v2\/media?parent=297812"}],"wp:term":[{"taxonomy":"product_brand","embeddable":true,"href":"https:\/\/www.miomiorun.com\/es\/wp-json\/wp\/v2\/product_brand?post=297812"},{"taxonomy":"product_cat","embeddable":true,"href":"https:\/\/www.miomiorun.com\/es\/wp-json\/wp\/v2\/product_cat?post=297812"},{"taxonomy":"product_tag","embeddable":true,"href":"https:\/\/www.miomiorun.com\/es\/wp-json\/wp\/v2\/product_tag?post=297812"}],"curies":[{"name":"wp","href":"https:\/\/api.w.org\/{rel}","templated":true}]}}