{"id":297809,"date":"2024-12-03T13:56:49","date_gmt":"2024-12-03T12:56:49","guid":{"rendered":"https:\/\/miomiorun.com\/prodotto\/ride-18-donna\/"},"modified":"2025-10-12T15:07:44","modified_gmt":"2025-10-12T13:07:44","slug":"ride-18-mujer","status":"publish","type":"product","link":"https:\/\/www.miomiorun.com\/es\/producto\/ride-18-mujer\/","title":{"rendered":"Ride 18 mujer"},"content":{"rendered":"<div class=\"vc-row container\"><div class=\"vc-column\"><div class=\"vc-column-text\"><\/p>\n<h4>Especificaciones t\u00e9cnicas<\/h4>\n<p>Categor\u00eda: Amortiguaci\u00f3n estructurada<br \/>\nOffset: 8 mm (35\/27)<br \/>\nPeso: 228 g<br \/>\nIdeal para : Ride es la zapatilla ideal para atletas de peso y paso medio que buscan una amortiguaci\u00f3n \u00f3ptima para afrontar entrenamientos o competiciones de media y larga distancia, y tambi\u00e9n resulta una excelente compa\u00f1era para caminar<br \/>\nPeso del atleta : 55-70 kg<br \/>\nRitmo de carrera: 5 min\/kg<br \/>\n<a href=\"https:\/\/miomiorun.com\/es\/guia-especifica\/\">Gu\u00eda de especificaciones t\u00e9cnicas<\/a><br \/>\n<\/div><\/div><div class=\"vc-column\"><div class=\"vc-column-text\"><\/p>\n<h3 style=\"text-align: center;\">Ride 18, la zapatilla con amortiguaci\u00f3n neutra y una forma tradicional de reloj de arena para ofrecer una carrera c\u00f3moda y una transici\u00f3n fluida del tal\u00f3n a la puntera.<\/h3>\n<p>Las Ride 18 para mujer son unas zapatillas de entrenamiento con amortiguaci\u00f3n neutra. Dise\u00f1adas como las zapatillas m\u00e1s vers\u00e1tiles de la l\u00ednea de running de Saucony, ofrecen la innovaci\u00f3n de la espuma premium y una comodidad que se nota tanto en una carrera de 10 millas como en una sesi\u00f3n en el gimnasio o en un merecido paseo de recuperaci\u00f3n.<\/p>\n<h3>Caracter\u00edsticas:<\/h3>\n<ul>\n<li>Las zapatillas Neutral Cushioning tienen una forma tradicional de reloj de arena para ofrecer una carrera bien amortiguada, pero con una transici\u00f3n \u00e1gil del tal\u00f3n a la puntera.<\/li>\n<li>Ahora cuentan con PWRRUN+, nuestra espuma avanzada con perlas que ofrece una combinaci\u00f3n excepcional de amortiguaci\u00f3n y durabilidad. Despu\u00e9s de m\u00e1s de veinte a\u00f1os, las Ride 18 son las Ride m\u00e1s c\u00f3modas y reactivas hasta la fecha.<\/li>\n<li>Mayor protecci\u00f3n y durabilidad, con una mayor cobertura XT-900 desde el tal\u00f3n hasta la puntera.<\/li>\n<li>Dise\u00f1o limpio y moderno en malla t\u00e9cnica con un ajuste seguro y c\u00f3modo.<\/li>\n<li>Mejor para las carreras diarias<\/li>\n<li>AMORTIGUACI\u00d3N PWRRUN+<\/li>\n<li>SUELA PWRRUN+<\/li>\n<li>SOSTENIBILIDAD: Este modelo es vegano y contiene materiales reciclados.<\/li>\n<\/ul>\n<p><\/div><\/div><\/div>\n","protected":false},"excerpt":{"rendered":"<ul>\n<li>Calzado ideal para recorrer largas distancias, pero tambi\u00e9n para paseos relajantes y para usar en el gimnasio.<\/li>\n<li>Comodidad excepcional.<\/li>\n<\/ul>\n","protected":false},"featured_media":250269,"template":"","meta":{"_acf_changed":false,"inline_featured_image":false},"product_brand":[],"product_cat":[24227,24228],"product_tag":[23578,23617],"class_list":{"0":"post-297809","1":"product","2":"type-product","3":"status-publish","4":"has-post-thumbnail","6":"product_cat-calzado-femenino","7":"product_cat-neutre-es","8":"product_tag-saucony-es","9":"product_tag-saucony-mujer","10":"pa_attivita-caminar","11":"pa_attivita-lifestyle-es","12":"pa_attivita-running-es","13":"pa_colore-ride-18-w-cool-white-es","14":"pa_colore-ride-18-w-coral-salmon-es","15":"pa_colore-ride-18-w-ice-melt-dream-es","16":"pa_colore-ride-18-w-vanilla-es","17":"pa_colore-ride-18-w-white-gum-es","18":"pa_marca-saucony-es","19":"pa_sesso-mujer","20":"pa_size-37-5-es","21":"pa_size-38-es","22":"pa_size-38-5-es","23":"pa_size-40-es","24":"pa_size-40-5-es","26":"first","27":"instock","28":"sale","29":"taxable","30":"shipping-taxable","31":"purchasable","32":"product-type-variable","33":"wvs-archive-product-wrapper"},"acf":[],"yoast_head":"<!-- This site is optimized with the Yoast SEO plugin v26.8 - https:\/\/yoast.com\/product\/yoast-seo-wordpress\/ -->\n<title>Saucony Ride 18 mujer - Zapatillas de running para mujer - MioMioRun<\/title>\n<meta name=\"description\" content=\"Las Ride 18 para mujer son unas zapatillas de entrenamiento con amortiguaci\u00f3n neutra. Dise\u00f1adas como las zapatillas m\u00e1s vers\u00e1tiles de la l\u00ednea de running de Saucony.\" \/>\n<meta name=\"robots\" content=\"index, follow, max-snippet:-1, max-image-preview:large, max-video-preview:-1\" \/>\n<link rel=\"canonical\" href=\"https:\/\/www.miomiorun.com\/es\/producto\/ride-18-mujer\/\" \/>\n<meta property=\"og:locale\" content=\"es_ES\" \/>\n<meta property=\"og:type\" content=\"article\" \/>\n<meta property=\"og:title\" content=\"Saucony Ride 18 mujer - Zapatillas de running para mujer - MioMioRun\" \/>\n<meta property=\"og:description\" content=\"Las Ride 18 para mujer son unas zapatillas de entrenamiento con amortiguaci\u00f3n neutra. Dise\u00f1adas como las zapatillas m\u00e1s vers\u00e1tiles de la l\u00ednea de running de Saucony.\" \/>\n<meta property=\"og:url\" content=\"https:\/\/www.miomiorun.com\/es\/producto\/ride-18-mujer\/\" \/>\n<meta property=\"og:site_name\" content=\"MioMioRun\" \/>\n<meta property=\"article:publisher\" content=\"https:\/\/www.facebook.com\/miomiorun\/\" \/>\n<meta property=\"article:modified_time\" content=\"2025-10-12T13:07:44+00:00\" \/>\n<meta property=\"og:image\" content=\"https:\/\/www.miomiorun.com\/app\/uploads\/2024\/12\/saucony-Ride-18-W-peach-sunny-S11000-140.webp\" \/>\n\t<meta property=\"og:image:width\" content=\"600\" \/>\n\t<meta property=\"og:image:height\" content=\"600\" \/>\n\t<meta property=\"og:image:type\" content=\"image\/webp\" \/>\n<meta name=\"twitter:card\" content=\"summary_large_image\" \/>\n<meta name=\"twitter:label1\" content=\"Est. reading time\" \/>\n\t<meta name=\"twitter:data1\" content=\"2 minutes\" \/>\n<script type=\"application\/ld+json\" class=\"yoast-schema-graph\">{\"@context\":\"https:\/\/schema.org\",\"@graph\":[{\"@type\":\"WebPage\",\"@id\":\"https:\/\/www.miomiorun.com\/es\/producto\/ride-18-mujer\/\",\"url\":\"https:\/\/www.miomiorun.com\/es\/producto\/ride-18-mujer\/\",\"name\":\"Saucony Ride 18 mujer - Zapatillas de running para mujer - MioMioRun\",\"isPartOf\":{\"@id\":\"https:\/\/www.miomiorun.com\/es\/#website\"},\"primaryImageOfPage\":{\"@id\":\"https:\/\/www.miomiorun.com\/es\/producto\/ride-18-mujer\/#primaryimage\"},\"image\":{\"@id\":\"https:\/\/www.miomiorun.com\/es\/producto\/ride-18-mujer\/#primaryimage\"},\"thumbnailUrl\":\"https:\/\/www.miomiorun.com\/app\/uploads\/2024\/12\/saucony-Ride-18-W-peach-sunny-S11000-140.webp\",\"datePublished\":\"2024-12-03T12:56:49+00:00\",\"dateModified\":\"2025-10-12T13:07:44+00:00\",\"description\":\"Las Ride 18 para mujer son unas zapatillas de entrenamiento con amortiguaci\u00f3n neutra. Dise\u00f1adas como las zapatillas m\u00e1s vers\u00e1tiles de la l\u00ednea de running de Saucony.\",\"breadcrumb\":{\"@id\":\"https:\/\/www.miomiorun.com\/es\/producto\/ride-18-mujer\/#breadcrumb\"},\"inLanguage\":\"es-ES\",\"potentialAction\":[{\"@type\":\"ReadAction\",\"target\":[\"https:\/\/www.miomiorun.com\/es\/producto\/ride-18-mujer\/\"]}]},{\"@type\":\"ImageObject\",\"inLanguage\":\"es-ES\",\"@id\":\"https:\/\/www.miomiorun.com\/es\/producto\/ride-18-mujer\/#primaryimage\",\"url\":\"https:\/\/www.miomiorun.com\/app\/uploads\/2024\/12\/saucony-Ride-18-W-peach-sunny-S11000-140.webp\",\"contentUrl\":\"https:\/\/www.miomiorun.com\/app\/uploads\/2024\/12\/saucony-Ride-18-W-peach-sunny-S11000-140.webp\",\"width\":600,\"height\":600,\"caption\":\"saucony Ride 18 W peach sunny S11000-140\"},{\"@type\":\"BreadcrumbList\",\"@id\":\"https:\/\/www.miomiorun.com\/es\/producto\/ride-18-mujer\/#breadcrumb\",\"itemListElement\":[{\"@type\":\"ListItem\",\"position\":1,\"name\":\"Home\",\"item\":\"https:\/\/www.miomiorun.com\/es\/\"},{\"@type\":\"ListItem\",\"position\":2,\"name\":\"Shop\",\"item\":\"https:\/\/www.miomiorun.com\/shop\/\"},{\"@type\":\"ListItem\",\"position\":3,\"name\":\"Ride 18 mujer\"}]},{\"@type\":\"WebSite\",\"@id\":\"https:\/\/www.miomiorun.com\/es\/#website\",\"url\":\"https:\/\/www.miomiorun.com\/es\/\",\"name\":\"MioMioRun\",\"description\":\"Tienda 100% running y trail\",\"publisher\":{\"@id\":\"https:\/\/www.miomiorun.com\/es\/#organization\"},\"potentialAction\":[{\"@type\":\"SearchAction\",\"target\":{\"@type\":\"EntryPoint\",\"urlTemplate\":\"https:\/\/www.miomiorun.com\/es\/?s={search_term_string}\"},\"query-input\":{\"@type\":\"PropertyValueSpecification\",\"valueRequired\":true,\"valueName\":\"search_term_string\"}}],\"inLanguage\":\"es-ES\"},{\"@type\":\"Organization\",\"@id\":\"https:\/\/www.miomiorun.com\/es\/#organization\",\"name\":\"MioMio Run\",\"url\":\"https:\/\/www.miomiorun.com\/es\/\",\"logo\":{\"@type\":\"ImageObject\",\"inLanguage\":\"es-ES\",\"@id\":\"https:\/\/www.miomiorun.com\/es\/#\/schema\/logo\/image\/\",\"url\":\"https:\/\/www.miomiorun.com\/app\/uploads\/2019\/12\/logomio.png\",\"contentUrl\":\"https:\/\/www.miomiorun.com\/app\/uploads\/2019\/12\/logomio.png\",\"width\":115,\"height\":82,\"caption\":\"MioMio Run\"},\"image\":{\"@id\":\"https:\/\/www.miomiorun.com\/es\/#\/schema\/logo\/image\/\"},\"sameAs\":[\"https:\/\/www.facebook.com\/miomiorun\/\",\"https:\/\/www.instagram.com\/miomiorun\/\"]}]}<\/script>\n<!-- \/ Yoast SEO plugin. -->","yoast_head_json":{"title":"Saucony Ride 18 mujer - Zapatillas de running para mujer - MioMioRun","description":"Las Ride 18 para mujer son unas zapatillas de entrenamiento con amortiguaci\u00f3n neutra. Dise\u00f1adas como las zapatillas m\u00e1s vers\u00e1tiles de la l\u00ednea de running de Saucony.","robots":{"index":"index","follow":"follow","max-snippet":"max-snippet:-1","max-image-preview":"max-image-preview:large","max-video-preview":"max-video-preview:-1"},"canonical":"https:\/\/www.miomiorun.com\/es\/producto\/ride-18-mujer\/","og_locale":"es_ES","og_type":"article","og_title":"Saucony Ride 18 mujer - Zapatillas de running para mujer - MioMioRun","og_description":"Las Ride 18 para mujer son unas zapatillas de entrenamiento con amortiguaci\u00f3n neutra. Dise\u00f1adas como las zapatillas m\u00e1s vers\u00e1tiles de la l\u00ednea de running de Saucony.","og_url":"https:\/\/www.miomiorun.com\/es\/producto\/ride-18-mujer\/","og_site_name":"MioMioRun","article_publisher":"https:\/\/www.facebook.com\/miomiorun\/","article_modified_time":"2025-10-12T13:07:44+00:00","og_image":[{"width":600,"height":600,"url":"https:\/\/www.miomiorun.com\/app\/uploads\/2024\/12\/saucony-Ride-18-W-peach-sunny-S11000-140.webp","type":"image\/webp"}],"twitter_card":"summary_large_image","twitter_misc":{"Est. reading time":"2 minutes"},"schema":{"@context":"https:\/\/schema.org","@graph":[{"@type":"WebPage","@id":"https:\/\/www.miomiorun.com\/es\/producto\/ride-18-mujer\/","url":"https:\/\/www.miomiorun.com\/es\/producto\/ride-18-mujer\/","name":"Saucony Ride 18 mujer - Zapatillas de running para mujer - MioMioRun","isPartOf":{"@id":"https:\/\/www.miomiorun.com\/es\/#website"},"primaryImageOfPage":{"@id":"https:\/\/www.miomiorun.com\/es\/producto\/ride-18-mujer\/#primaryimage"},"image":{"@id":"https:\/\/www.miomiorun.com\/es\/producto\/ride-18-mujer\/#primaryimage"},"thumbnailUrl":"https:\/\/www.miomiorun.com\/app\/uploads\/2024\/12\/saucony-Ride-18-W-peach-sunny-S11000-140.webp","datePublished":"2024-12-03T12:56:49+00:00","dateModified":"2025-10-12T13:07:44+00:00","description":"Las Ride 18 para mujer son unas zapatillas de entrenamiento con amortiguaci\u00f3n neutra. Dise\u00f1adas como las zapatillas m\u00e1s vers\u00e1tiles de la l\u00ednea de running de Saucony.","breadcrumb":{"@id":"https:\/\/www.miomiorun.com\/es\/producto\/ride-18-mujer\/#breadcrumb"},"inLanguage":"es-ES","potentialAction":[{"@type":"ReadAction","target":["https:\/\/www.miomiorun.com\/es\/producto\/ride-18-mujer\/"]}]},{"@type":"ImageObject","inLanguage":"es-ES","@id":"https:\/\/www.miomiorun.com\/es\/producto\/ride-18-mujer\/#primaryimage","url":"https:\/\/www.miomiorun.com\/app\/uploads\/2024\/12\/saucony-Ride-18-W-peach-sunny-S11000-140.webp","contentUrl":"https:\/\/www.miomiorun.com\/app\/uploads\/2024\/12\/saucony-Ride-18-W-peach-sunny-S11000-140.webp","width":600,"height":600,"caption":"saucony Ride 18 W peach sunny S11000-140"},{"@type":"BreadcrumbList","@id":"https:\/\/www.miomiorun.com\/es\/producto\/ride-18-mujer\/#breadcrumb","itemListElement":[{"@type":"ListItem","position":1,"name":"Home","item":"https:\/\/www.miomiorun.com\/es\/"},{"@type":"ListItem","position":2,"name":"Shop","item":"https:\/\/www.miomiorun.com\/shop\/"},{"@type":"ListItem","position":3,"name":"Ride 18 mujer"}]},{"@type":"WebSite","@id":"https:\/\/www.miomiorun.com\/es\/#website","url":"https:\/\/www.miomiorun.com\/es\/","name":"MioMioRun","description":"Tienda 100% running y trail","publisher":{"@id":"https:\/\/www.miomiorun.com\/es\/#organization"},"potentialAction":[{"@type":"SearchAction","target":{"@type":"EntryPoint","urlTemplate":"https:\/\/www.miomiorun.com\/es\/?s={search_term_string}"},"query-input":{"@type":"PropertyValueSpecification","valueRequired":true,"valueName":"search_term_string"}}],"inLanguage":"es-ES"},{"@type":"Organization","@id":"https:\/\/www.miomiorun.com\/es\/#organization","name":"MioMio Run","url":"https:\/\/www.miomiorun.com\/es\/","logo":{"@type":"ImageObject","inLanguage":"es-ES","@id":"https:\/\/www.miomiorun.com\/es\/#\/schema\/logo\/image\/","url":"https:\/\/www.miomiorun.com\/app\/uploads\/2019\/12\/logomio.png","contentUrl":"https:\/\/www.miomiorun.com\/app\/uploads\/2019\/12\/logomio.png","width":115,"height":82,"caption":"MioMio Run"},"image":{"@id":"https:\/\/www.miomiorun.com\/es\/#\/schema\/logo\/image\/"},"sameAs":["https:\/\/www.facebook.com\/miomiorun\/","https:\/\/www.instagram.com\/miomiorun\/"]}]}},"_links":{"self":[{"href":"https:\/\/www.miomiorun.com\/es\/wp-json\/wp\/v2\/product\/297809","targetHints":{"allow":["GET"]}}],"collection":[{"href":"https:\/\/www.miomiorun.com\/es\/wp-json\/wp\/v2\/product"}],"about":[{"href":"https:\/\/www.miomiorun.com\/es\/wp-json\/wp\/v2\/types\/product"}],"wp:featuredmedia":[{"embeddable":true,"href":"https:\/\/www.miomiorun.com\/es\/wp-json\/wp\/v2\/media\/250269"}],"wp:attachment":[{"href":"https:\/\/www.miomiorun.com\/es\/wp-json\/wp\/v2\/media?parent=297809"}],"wp:term":[{"taxonomy":"product_brand","embeddable":true,"href":"https:\/\/www.miomiorun.com\/es\/wp-json\/wp\/v2\/product_brand?post=297809"},{"taxonomy":"product_cat","embeddable":true,"href":"https:\/\/www.miomiorun.com\/es\/wp-json\/wp\/v2\/product_cat?post=297809"},{"taxonomy":"product_tag","embeddable":true,"href":"https:\/\/www.miomiorun.com\/es\/wp-json\/wp\/v2\/product_tag?post=297809"}],"curies":[{"name":"wp","href":"https:\/\/api.w.org\/{rel}","templated":true}]}}