{"id":297741,"date":"2024-12-03T18:45:28","date_gmt":"2024-12-03T17:45:28","guid":{"rendered":"https:\/\/miomiorun.com\/prodotto\/akyra-ii-gtx-donna\/"},"modified":"2026-03-04T12:10:17","modified_gmt":"2026-03-04T11:10:17","slug":"akyra-ii-gtx-mujer","status":"publish","type":"product","link":"https:\/\/www.miomiorun.com\/es\/producto\/akyra-ii-gtx-mujer\/","title":{"rendered":"Akyra II GTX mujer"},"content":{"rendered":"<p><div class=\"vc-row container\"><div class=\"vc-column\"><div class=\"vc-column-text\"><\/p>\n<p><strong>Especificaciones t\u00e9cnicas<\/strong><\/p>\n<p>Categor\u00eda: amortiguaci\u00f3n superior.<br \/>\nOffset: 9 mm.<br \/>\nPeso: 330 g.<br \/>\nIdeal para: amantes del running de monta\u00f1a que buscan un modelo s\u00f3lido y robusto, capaz de garantizar tracci\u00f3n, protecci\u00f3n y comodidad, tanto en distancias largas como medias durante la temporada invernal.<br \/>\nPeso del atleta: 60-80 kg<br \/>\nRitmo de carrera: lento (&gt;5,30 min\/km)<br \/>\n<a href=\"https:\/\/miomiorun.com\/es\/guia-especifica\/\">Gu\u00eda de especificaciones t\u00e9cnicas<\/a><\/p>\n<p><\/div><\/div><div class=\"vc-column\"><div class=\"vc-column-text\"><\/p>\n<h2 style=\"text-align: center\"><strong>Akyra II Gore-Tex<\/strong> para mujer es el calzado perfecto para quienes desean moverse con agilidad y velocidad por todos los senderos, incluso los m\u00e1s exigentes y en cualquier condici\u00f3n meteorol\u00f3gica.<\/h2>\n<p>La construcci\u00f3n de la parte superior en 3D Grid\u2122 fabricada en KPU y la suela equipada con Impact Brake System\u2122 garantizan estabilidad y sujeci\u00f3n, mientras que el Trail Rocker\u2122, junto con el ajuste c\u00f3modo y flexible, aportan dinamismo a cada paso. Protecci\u00f3n adicional incluso en las condiciones meteorol\u00f3gicas m\u00e1s adversas gracias al GORE-TEX Extended Comfort.<\/p>\n<h3>Caracter\u00edsticas:<\/h3>\n<ul>\n<li>Estabilidad y protecci\u00f3n del pie garantizadas gracias a la construcci\u00f3n exterior 3D Grid\u2122 en KPU y la membrana GORE-TEX Extended Comfort ePE.<\/li>\n<li>Comodidad y transpirabilidad gracias a la construcci\u00f3n de la parte superior de 3 capas.<\/li>\n<li>Suela con el exclusivo sistema Trail Rocker\u2122: favorece el movimiento natural del pie. <\/li>\n<li><b>Entresuela:<\/b><br \/>\nEVA inyectada con componentes de base biol\u00f3gica. <\/li>\n<li><b>Parte superior:<\/b><br \/>\nconstrucci\u00f3n de la parte superior de 3 capas + construcci\u00f3n 3D Grid\u2122 en KPU.<\/li>\n<li><b>Forro:<\/b><br \/>\nGORE-TEX Extended Comfort.<\/li>\n<li><b>Suela:<\/b><br \/>\nDual Compound Frixion XT Red con Trail Rocker+ Impact Brake System Mountain Running.\n<\/li>\n<\/ul>\n<h3>Tecnolog\u00edas:<br \/>\n&nbsp;<\/p>\n<p><a class=\"d-flex flex-column align-items-center text-center\"><img loading=\"lazy\" decoding=\"async\" class=\" ls-is-cached lazyloaded\" src=\"https:\/\/www.lasportiva.com\/media\/techinfo_icons\/friction-red.png\" alt=\"La Sportiva\" width=\"75\" height=\"75\" data-src=\"https:\/\/www.lasportiva.com\/media\/techinfo_icons\/friction-red.png\"> <\/a><\/p>\n<p><strong><a class=\"d-flex flex-column align-items-center text-center\">Frixion XT Red <\/a><\/strong><\/p>\n<p>Las mezclas <strong>La Sportiva FriXion\u00ae<\/strong> se crean con el objetivo de crear bandas de rodadura con diferentes par\u00e1metros de agarre y durabilidad en funci\u00f3n del tipo de uso y del terreno en el que se utilizan las zapatillas La Sportiva.<\/p>\n<p>&nbsp;<\/p>\n<p><a class=\"d-flex flex-column align-items-center text-center\"> <img loading=\"lazy\" decoding=\"async\" class=\" lazyloaded\" src=\"https:\/\/www.lasportiva.com\/media\/techinfo_icons\/o\/r\/ortholitehybridred_75x75_1.png\" alt=\"La Sportiva\" width=\"75\" height=\"75\" data-src=\"https:\/\/www.lasportiva.com\/media\/techinfo_icons\/o\/r\/ortholitehybridred_75x75_1.png\"> <\/a><\/p>\n<p><a class=\"d-flex flex-column align-items-center text-center\"><strong>Ortholite_Red<\/strong> <\/a><\/p>\n<p>Los modelos de la l\u00ednea <strong>Mountain Running\u00ae<\/strong> incorporan las exclusivas plantillas ecol\u00f3gicas La Sportiva by<strong> OrthoLite\u00ae Hybrid,<\/strong> fabricadas con un 20 % de materiales reciclados derivados del ciclo de producci\u00f3n. Se trata de plantillas dise\u00f1adas tanto para pies masculinos como femeninos, que adoptan diferentes grosores y materiales en funci\u00f3n del peso medio del usuario.<\/p>\n<p>\u2022 Ecol\u00f3gicas y lavables: contienen goma reciclada y se pueden lavar a m\u00e1quina.<br \/>\n\u2022 M\u00e1ximo confort de ajuste gracias a la ventilaci\u00f3n de la planta y a las celdas de espuma de PU altamente transpirables para mantener el pie siempre seco y con un confort clim\u00e1tico perfecto.<br \/>\n\u2022 Favorecen la eliminaci\u00f3n del sudor, manteniendo el pie seco.<br \/>\n\u2022 Gran durabilidad gracias a una tecnolog\u00eda que evita el aplastamiento excesivo del material: la compresi\u00f3n con el tiempo es inferior al 5 %.<\/p>\n<p>&nbsp;<\/p>\n<p><a class=\"d-flex flex-column align-items-center text-center\"> <img loading=\"lazy\" decoding=\"async\" class=\" ls-is-cached lazyloaded\" src=\"https:\/\/www.lasportiva.com\/media\/techinfo_icons\/impact-brake-system.png\" alt=\"La Sportiva\" width=\"75\" height=\"75\" data-src=\"https:\/\/www.lasportiva.com\/media\/techinfo_icons\/impact-brake-system.png\"> <\/a><\/p>\n<p><a class=\"d-flex flex-column align-items-center text-center\"><strong>Impact Brake System Mountain Running<\/strong> <\/a><\/p>\n<p><strong>Innovador sistema aplicado a la suela que absorbe el impacto, ayuda a la tracci\u00f3n y retiene el frenado.<\/strong><br \/>\nDise\u00f1ado y desarrollado por el centro de Investigaci\u00f3n y Desarrollo de La Sportiva, ofrece ventajas reales durante la carrera al reducir el impacto negativo con el terreno. La disposici\u00f3n particular de los tacos hace que algunos de ellos entren en contacto primero con el terreno, suavizando el apoyo de la banda de rodadura.<\/div><\/div><\/div><\/h3>\n","protected":false},"excerpt":{"rendered":"<ul>\n<li>Zapatilla de trail bien estructurada y protectora para afrontar los senderos m\u00e1s dif\u00edciles.<\/li>\n<li>Ideal para utilizarse en cualquier condici\u00f3n clim\u00e1tica gracias a la membrana Gore-Tex.<\/li>\n<\/ul>\n","protected":false},"featured_media":250169,"template":"","meta":{"_acf_changed":false,"inline_featured_image":false},"product_brand":[],"product_cat":[24227,24230],"product_tag":[23598,23640],"class_list":{"0":"post-297741","1":"product","2":"type-product","3":"status-publish","4":"has-post-thumbnail","6":"product_cat-calzado-femenino","7":"product_cat-trail-es","8":"product_tag-la-sportiva-es","9":"product_tag-la-sportiva-mujer","10":"pa_attivita-outdoor-es","11":"pa_colore-akyra-ii-w-black-rose-gtx-es","12":"pa_colore-akyra-ii-w-gtx-carbon-juniper-es","13":"pa_colore-akyra-w-gtx-redwood-rosebay","14":"pa_marca-la-sportiva-es","15":"pa_sesso-mujer","16":"pa_size-39-5-es","17":"pa_size-40-es","18":"pa_size-40-5-es","19":"pa_size-41-es","20":"pa_size-41-5-es","21":"pa_size-42-es","23":"first","24":"instock","25":"sale","26":"taxable","27":"shipping-taxable","28":"purchasable","29":"product-type-variable","30":"wvs-archive-product-wrapper"},"acf":[],"yoast_head":"<!-- This site is optimized with the Yoast SEO plugin v26.8 - https:\/\/yoast.com\/product\/yoast-seo-wordpress\/ -->\n<title>La sportiva Akyra II GTX mujer -zapatillas de trail para mujer - MioMioRun<\/title>\n<meta name=\"description\" content=\"Akyra II Gore-Tex para mujer es el calzado perfecto para quienes desean moverse con agilidad y rapidez por todos los senderos, incluso los m\u00e1s exigentes .\" \/>\n<meta name=\"robots\" content=\"index, follow, max-snippet:-1, max-image-preview:large, max-video-preview:-1\" \/>\n<link rel=\"canonical\" href=\"https:\/\/www.miomiorun.com\/es\/producto\/akyra-ii-gtx-mujer\/\" \/>\n<meta property=\"og:locale\" content=\"es_ES\" \/>\n<meta property=\"og:type\" content=\"article\" \/>\n<meta property=\"og:title\" content=\"La sportiva Akyra II GTX mujer -zapatillas de trail para mujer - MioMioRun\" \/>\n<meta property=\"og:description\" content=\"Akyra II Gore-Tex para mujer es el calzado perfecto para quienes desean moverse con agilidad y rapidez por todos los senderos, incluso los m\u00e1s exigentes .\" \/>\n<meta property=\"og:url\" content=\"https:\/\/www.miomiorun.com\/es\/producto\/akyra-ii-gtx-mujer\/\" \/>\n<meta property=\"og:site_name\" content=\"MioMioRun\" \/>\n<meta property=\"article:publisher\" content=\"https:\/\/www.facebook.com\/miomiorun\/\" \/>\n<meta property=\"article:modified_time\" content=\"2026-03-04T11:10:17+00:00\" \/>\n<meta property=\"og:image\" content=\"https:\/\/www.miomiorun.com\/app\/uploads\/2024\/12\/La-Sportiva-Akyra-II-W-black-rose-GTX-44I999412.webp\" \/>\n\t<meta property=\"og:image:width\" content=\"600\" \/>\n\t<meta property=\"og:image:height\" content=\"600\" \/>\n\t<meta property=\"og:image:type\" content=\"image\/webp\" \/>\n<meta name=\"twitter:card\" content=\"summary_large_image\" \/>\n<meta name=\"twitter:label1\" content=\"Est. reading time\" \/>\n\t<meta name=\"twitter:data1\" content=\"3 minutes\" \/>\n<script type=\"application\/ld+json\" class=\"yoast-schema-graph\">{\"@context\":\"https:\/\/schema.org\",\"@graph\":[{\"@type\":\"WebPage\",\"@id\":\"https:\/\/www.miomiorun.com\/es\/producto\/akyra-ii-gtx-mujer\/\",\"url\":\"https:\/\/www.miomiorun.com\/es\/producto\/akyra-ii-gtx-mujer\/\",\"name\":\"La sportiva Akyra II GTX mujer -zapatillas de trail para mujer - MioMioRun\",\"isPartOf\":{\"@id\":\"https:\/\/www.miomiorun.com\/es\/#website\"},\"primaryImageOfPage\":{\"@id\":\"https:\/\/www.miomiorun.com\/es\/producto\/akyra-ii-gtx-mujer\/#primaryimage\"},\"image\":{\"@id\":\"https:\/\/www.miomiorun.com\/es\/producto\/akyra-ii-gtx-mujer\/#primaryimage\"},\"thumbnailUrl\":\"https:\/\/www.miomiorun.com\/app\/uploads\/2024\/12\/La-Sportiva-Akyra-II-W-black-rose-GTX-44I999412.webp\",\"datePublished\":\"2024-12-03T17:45:28+00:00\",\"dateModified\":\"2026-03-04T11:10:17+00:00\",\"description\":\"Akyra II Gore-Tex para mujer es el calzado perfecto para quienes desean moverse con agilidad y rapidez por todos los senderos, incluso los m\u00e1s exigentes .\",\"breadcrumb\":{\"@id\":\"https:\/\/www.miomiorun.com\/es\/producto\/akyra-ii-gtx-mujer\/#breadcrumb\"},\"inLanguage\":\"es-ES\",\"potentialAction\":[{\"@type\":\"ReadAction\",\"target\":[\"https:\/\/www.miomiorun.com\/es\/producto\/akyra-ii-gtx-mujer\/\"]}]},{\"@type\":\"ImageObject\",\"inLanguage\":\"es-ES\",\"@id\":\"https:\/\/www.miomiorun.com\/es\/producto\/akyra-ii-gtx-mujer\/#primaryimage\",\"url\":\"https:\/\/www.miomiorun.com\/app\/uploads\/2024\/12\/La-Sportiva-Akyra-II-W-black-rose-GTX-44I999412.webp\",\"contentUrl\":\"https:\/\/www.miomiorun.com\/app\/uploads\/2024\/12\/La-Sportiva-Akyra-II-W-black-rose-GTX-44I999412.webp\",\"width\":600,\"height\":600,\"caption\":\"La Sportiva Akyra II W black rose GTX 44I999412\"},{\"@type\":\"BreadcrumbList\",\"@id\":\"https:\/\/www.miomiorun.com\/es\/producto\/akyra-ii-gtx-mujer\/#breadcrumb\",\"itemListElement\":[{\"@type\":\"ListItem\",\"position\":1,\"name\":\"Home\",\"item\":\"https:\/\/www.miomiorun.com\/es\/\"},{\"@type\":\"ListItem\",\"position\":2,\"name\":\"Shop\",\"item\":\"https:\/\/www.miomiorun.com\/shop\/\"},{\"@type\":\"ListItem\",\"position\":3,\"name\":\"Akyra II GTX mujer\"}]},{\"@type\":\"WebSite\",\"@id\":\"https:\/\/www.miomiorun.com\/es\/#website\",\"url\":\"https:\/\/www.miomiorun.com\/es\/\",\"name\":\"MioMioRun\",\"description\":\"Tienda 100% running y trail\",\"publisher\":{\"@id\":\"https:\/\/www.miomiorun.com\/es\/#organization\"},\"potentialAction\":[{\"@type\":\"SearchAction\",\"target\":{\"@type\":\"EntryPoint\",\"urlTemplate\":\"https:\/\/www.miomiorun.com\/es\/?s={search_term_string}\"},\"query-input\":{\"@type\":\"PropertyValueSpecification\",\"valueRequired\":true,\"valueName\":\"search_term_string\"}}],\"inLanguage\":\"es-ES\"},{\"@type\":\"Organization\",\"@id\":\"https:\/\/www.miomiorun.com\/es\/#organization\",\"name\":\"MioMio Run\",\"url\":\"https:\/\/www.miomiorun.com\/es\/\",\"logo\":{\"@type\":\"ImageObject\",\"inLanguage\":\"es-ES\",\"@id\":\"https:\/\/www.miomiorun.com\/es\/#\/schema\/logo\/image\/\",\"url\":\"https:\/\/www.miomiorun.com\/app\/uploads\/2019\/12\/logomio.png\",\"contentUrl\":\"https:\/\/www.miomiorun.com\/app\/uploads\/2019\/12\/logomio.png\",\"width\":115,\"height\":82,\"caption\":\"MioMio Run\"},\"image\":{\"@id\":\"https:\/\/www.miomiorun.com\/es\/#\/schema\/logo\/image\/\"},\"sameAs\":[\"https:\/\/www.facebook.com\/miomiorun\/\",\"https:\/\/www.instagram.com\/miomiorun\/\"]}]}<\/script>\n<!-- \/ Yoast SEO plugin. -->","yoast_head_json":{"title":"La sportiva Akyra II GTX mujer -zapatillas de trail para mujer - MioMioRun","description":"Akyra II Gore-Tex para mujer es el calzado perfecto para quienes desean moverse con agilidad y rapidez por todos los senderos, incluso los m\u00e1s exigentes .","robots":{"index":"index","follow":"follow","max-snippet":"max-snippet:-1","max-image-preview":"max-image-preview:large","max-video-preview":"max-video-preview:-1"},"canonical":"https:\/\/www.miomiorun.com\/es\/producto\/akyra-ii-gtx-mujer\/","og_locale":"es_ES","og_type":"article","og_title":"La sportiva Akyra II GTX mujer -zapatillas de trail para mujer - MioMioRun","og_description":"Akyra II Gore-Tex para mujer es el calzado perfecto para quienes desean moverse con agilidad y rapidez por todos los senderos, incluso los m\u00e1s exigentes .","og_url":"https:\/\/www.miomiorun.com\/es\/producto\/akyra-ii-gtx-mujer\/","og_site_name":"MioMioRun","article_publisher":"https:\/\/www.facebook.com\/miomiorun\/","article_modified_time":"2026-03-04T11:10:17+00:00","og_image":[{"width":600,"height":600,"url":"https:\/\/www.miomiorun.com\/app\/uploads\/2024\/12\/La-Sportiva-Akyra-II-W-black-rose-GTX-44I999412.webp","type":"image\/webp"}],"twitter_card":"summary_large_image","twitter_misc":{"Est. reading time":"3 minutes"},"schema":{"@context":"https:\/\/schema.org","@graph":[{"@type":"WebPage","@id":"https:\/\/www.miomiorun.com\/es\/producto\/akyra-ii-gtx-mujer\/","url":"https:\/\/www.miomiorun.com\/es\/producto\/akyra-ii-gtx-mujer\/","name":"La sportiva Akyra II GTX mujer -zapatillas de trail para mujer - MioMioRun","isPartOf":{"@id":"https:\/\/www.miomiorun.com\/es\/#website"},"primaryImageOfPage":{"@id":"https:\/\/www.miomiorun.com\/es\/producto\/akyra-ii-gtx-mujer\/#primaryimage"},"image":{"@id":"https:\/\/www.miomiorun.com\/es\/producto\/akyra-ii-gtx-mujer\/#primaryimage"},"thumbnailUrl":"https:\/\/www.miomiorun.com\/app\/uploads\/2024\/12\/La-Sportiva-Akyra-II-W-black-rose-GTX-44I999412.webp","datePublished":"2024-12-03T17:45:28+00:00","dateModified":"2026-03-04T11:10:17+00:00","description":"Akyra II Gore-Tex para mujer es el calzado perfecto para quienes desean moverse con agilidad y rapidez por todos los senderos, incluso los m\u00e1s exigentes .","breadcrumb":{"@id":"https:\/\/www.miomiorun.com\/es\/producto\/akyra-ii-gtx-mujer\/#breadcrumb"},"inLanguage":"es-ES","potentialAction":[{"@type":"ReadAction","target":["https:\/\/www.miomiorun.com\/es\/producto\/akyra-ii-gtx-mujer\/"]}]},{"@type":"ImageObject","inLanguage":"es-ES","@id":"https:\/\/www.miomiorun.com\/es\/producto\/akyra-ii-gtx-mujer\/#primaryimage","url":"https:\/\/www.miomiorun.com\/app\/uploads\/2024\/12\/La-Sportiva-Akyra-II-W-black-rose-GTX-44I999412.webp","contentUrl":"https:\/\/www.miomiorun.com\/app\/uploads\/2024\/12\/La-Sportiva-Akyra-II-W-black-rose-GTX-44I999412.webp","width":600,"height":600,"caption":"La Sportiva Akyra II W black rose GTX 44I999412"},{"@type":"BreadcrumbList","@id":"https:\/\/www.miomiorun.com\/es\/producto\/akyra-ii-gtx-mujer\/#breadcrumb","itemListElement":[{"@type":"ListItem","position":1,"name":"Home","item":"https:\/\/www.miomiorun.com\/es\/"},{"@type":"ListItem","position":2,"name":"Shop","item":"https:\/\/www.miomiorun.com\/shop\/"},{"@type":"ListItem","position":3,"name":"Akyra II GTX mujer"}]},{"@type":"WebSite","@id":"https:\/\/www.miomiorun.com\/es\/#website","url":"https:\/\/www.miomiorun.com\/es\/","name":"MioMioRun","description":"Tienda 100% running y trail","publisher":{"@id":"https:\/\/www.miomiorun.com\/es\/#organization"},"potentialAction":[{"@type":"SearchAction","target":{"@type":"EntryPoint","urlTemplate":"https:\/\/www.miomiorun.com\/es\/?s={search_term_string}"},"query-input":{"@type":"PropertyValueSpecification","valueRequired":true,"valueName":"search_term_string"}}],"inLanguage":"es-ES"},{"@type":"Organization","@id":"https:\/\/www.miomiorun.com\/es\/#organization","name":"MioMio Run","url":"https:\/\/www.miomiorun.com\/es\/","logo":{"@type":"ImageObject","inLanguage":"es-ES","@id":"https:\/\/www.miomiorun.com\/es\/#\/schema\/logo\/image\/","url":"https:\/\/www.miomiorun.com\/app\/uploads\/2019\/12\/logomio.png","contentUrl":"https:\/\/www.miomiorun.com\/app\/uploads\/2019\/12\/logomio.png","width":115,"height":82,"caption":"MioMio Run"},"image":{"@id":"https:\/\/www.miomiorun.com\/es\/#\/schema\/logo\/image\/"},"sameAs":["https:\/\/www.facebook.com\/miomiorun\/","https:\/\/www.instagram.com\/miomiorun\/"]}]}},"_links":{"self":[{"href":"https:\/\/www.miomiorun.com\/es\/wp-json\/wp\/v2\/product\/297741","targetHints":{"allow":["GET"]}}],"collection":[{"href":"https:\/\/www.miomiorun.com\/es\/wp-json\/wp\/v2\/product"}],"about":[{"href":"https:\/\/www.miomiorun.com\/es\/wp-json\/wp\/v2\/types\/product"}],"wp:featuredmedia":[{"embeddable":true,"href":"https:\/\/www.miomiorun.com\/es\/wp-json\/wp\/v2\/media\/250169"}],"wp:attachment":[{"href":"https:\/\/www.miomiorun.com\/es\/wp-json\/wp\/v2\/media?parent=297741"}],"wp:term":[{"taxonomy":"product_brand","embeddable":true,"href":"https:\/\/www.miomiorun.com\/es\/wp-json\/wp\/v2\/product_brand?post=297741"},{"taxonomy":"product_cat","embeddable":true,"href":"https:\/\/www.miomiorun.com\/es\/wp-json\/wp\/v2\/product_cat?post=297741"},{"taxonomy":"product_tag","embeddable":true,"href":"https:\/\/www.miomiorun.com\/es\/wp-json\/wp\/v2\/product_tag?post=297741"}],"curies":[{"name":"wp","href":"https:\/\/api.w.org\/{rel}","templated":true}]}}