{"id":297614,"date":"2024-12-12T16:36:04","date_gmt":"2024-12-12T15:36:04","guid":{"rendered":"https:\/\/miomiorun.com\/prodotto\/akyra-ii-donna-2\/"},"modified":"2026-03-04T12:11:18","modified_gmt":"2026-03-04T11:11:18","slug":"akyra-ii-mujer","status":"publish","type":"product","link":"https:\/\/www.miomiorun.com\/es\/producto\/akyra-ii-mujer\/","title":{"rendered":"Akyra II mujer"},"content":{"rendered":"<p><div class=\"vc-row container\"><\/div><div class=\"vc-column\"><div class=\"vc-column-text\"><\/p>\n<p><strong>Especificaciones t\u00e9cnicas<\/strong><\/p>\n<p>Categor\u00eda: amortiguaci\u00f3n superior.<br \/>\nOffset: 9 mm.<br \/>\nPeso: 305 g<br \/>\nIdeal para: amantes del running de monta\u00f1a que buscan un modelo s\u00f3lido y robusto, capaz de garantizar tracci\u00f3n, protecci\u00f3n y comodidad, tanto en distancias largas como medias durante la temporada invernal.<br \/>\nPeso del atleta: 60-80 kg<br \/>\nRitmo de carrera: lento (&gt;5,30 min\/km)<br \/>\n<a href=\"https:\/\/miomiorun.com\/es\/guia-especifica\/\">Gu\u00eda de especificaciones t\u00e9cnicas<\/a><\/p>\n<p><\/div><\/div><div class=\"vc-column\"><\/div><div class=\"vc-column-text\"><\/div><strong>Akyra II<\/strong> para mujer es el calzado perfecto para quienes buscan protecci\u00f3n y sujeci\u00f3n, pero no quieren renunciar a moverse con agilidad y velocidad. La malla 3D Grid\u2122 de KPU de la parte superior y la suela con Impact Brake System\u2122 garantizan estabilidad y protecci\u00f3n, mientras que el Trail Rocker\u2122, junto con el ajuste c\u00f3modo y flexible, aportan dinamismo a cada paso.<\/p>\n<h3>Informaci\u00f3n t\u00e9cnica<\/h3>\n<p><b>Plantilla:<\/b><br \/>\nOrtholite 5 mm para senderismo<br \/>\n<b>Entresuela:<\/b><br \/>\nEVA inyectada con componentes de base biol\u00f3gica<br \/>\n<b>Forro:<\/b><br \/>\nMalla antideslizante<br \/>\n<b>Suela:<\/b><br \/>\nDual Compound Frixion XT Red con Trail Rocker+ Impact Brake System Mountain Running<br \/>\n<b>Parte superior:<\/b><br \/>\nconstrucci\u00f3n de la parte superior de 3 capas + construcci\u00f3n 3D Grid\u2122 en KPU<\/p>\n<h3>Caracter\u00edsticas:<\/h3>\n<ul>\n<li>Estabilidad y protecci\u00f3n del pie garantizadas gracias al 3D Grid\u2122 en KPU<\/li>\n<li>Comodidad y transpirabilidad gracias a la construcci\u00f3n de la parte superior de 3 capas<\/li>\n<li>Suela con el exclusivo sistema Trail Rocker\u2122: favorece un movimiento natural del pie<\/li>\n<\/ul>\n<p>&nbsp;<\/p>\n<p><a class=\"d-flex flex-column align-items-center text-center\"> <img loading=\"lazy\" decoding=\"async\" class=\" ls-is-cached lazyloaded\" src=\"https:\/\/www.lasportiva.com\/media\/techinfo_icons\/friction-red.png\" alt=\"La Sportiva\" width=\"75\" height=\"75\" data-src=\"https:\/\/www.lasportiva.com\/media\/techinfo_icons\/friction-red.png\"> <\/a><\/p>\n<p><a class=\"d-flex flex-column align-items-center text-center\"><strong>Frixion XT Red: <\/strong>Las mezclas La Sportiva FriXion\u00ae se crean con el objetivo de crear bandas de rodadura con diferentes par\u00e1metros de agarre y durabilidad en funci\u00f3n del tipo de uso y del terreno en el que se utilizan las zapatillas La Sportiva.&nbsp;<\/a><\/p>\n<p><a class=\"d-flex flex-column align-items-center text-center\"> <img loading=\"lazy\" decoding=\"async\" class=\" lazyloaded\" src=\"https:\/\/www.lasportiva.com\/media\/techinfo_icons\/o\/r\/ortholitehybridred_75x75_1.png\" alt=\"La Sportiva\" width=\"75\" height=\"75\" data-src=\"https:\/\/www.lasportiva.com\/media\/techinfo_icons\/o\/r\/ortholitehybridred_75x75_1.png\"><\/a><\/p>\n<p><a class=\"d-flex flex-column align-items-center text-center\"><strong> Ortholite_Red: <\/strong> los modelos de la l\u00ednea Mountain Running\u00ae adoptan las exclusivas plantillas ecol\u00f3gicas La Sportiva by OrthoLite\u00ae Hybrid, fabricadas con un 20 % de materiales reciclados derivados del ciclo de producci\u00f3n. Se trata de plantillas dise\u00f1adas tanto para pies masculinos como femeninos, que adoptan diferentes grosores y materiales en funci\u00f3n del peso medio del usuario.&nbsp;<\/a><\/p>\n<p><a class=\"d-flex flex-column align-items-center text-center\"> <img loading=\"lazy\" decoding=\"async\" class=\" ls-is-cached lazyloaded\" src=\"https:\/\/www.lasportiva.com\/media\/techinfo_icons\/impact-brake-system.png\" alt=\"La Sportiva\" width=\"75\" height=\"75\" data-src=\"https:\/\/www.lasportiva.com\/media\/techinfo_icons\/impact-brake-system.png\"> <\/a><\/p>\n<p><strong><a class=\"d-flex flex-column align-items-center text-center\">Impact Brake System Mountain <\/a><\/strong><a class=\"d-flex flex-column align-items-center text-center\"><strong>Running:<\/strong> <strong>Innovador sistema aplicado a la suela que absorbe el impacto, ayuda a la tracci\u00f3n y retiene el frenado.<\/strong><br \/>\nDise\u00f1ado y desarrollado por el centro de Investigaci\u00f3n y Desarrollo de La Sportiva, ofrece ventajas reales durante la carrera al reducir el impacto negativo con el terreno. La disposici\u00f3n particular de los tacos hace que algunos de ellos entren en contacto primero con el terreno, suavizando el apoyo de la banda de rodadura.<\/a><\/p>\n","protected":false},"excerpt":{"rendered":"<ul>\n<li>Envolvente, c\u00f3moda y protectora.<\/li>\n<li>Ideal para recorridos largos fuera de carretera.<\/li>\n<\/ul>\n","protected":false},"featured_media":250413,"template":"","meta":{"_acf_changed":false,"inline_featured_image":false},"product_brand":[],"product_cat":[24227,24230],"product_tag":[23598,23640],"class_list":{"0":"post-297614","1":"product","2":"type-product","3":"status-publish","4":"has-post-thumbnail","6":"product_cat-calzado-femenino","7":"product_cat-trail-es","8":"product_tag-la-sportiva-es","9":"product_tag-la-sportiva-mujer","10":"pa_attivita-outdoor-es","11":"pa_colore-akyra-ii-w-carbon-cherry-tomato-es","12":"pa_colore-akyra-ii-w-limestone-chalk-es","13":"pa_colore-akyra-ii-w-moonlight-zest-es","14":"pa_marca-la-sportiva-es","15":"pa_sesso-mujer","16":"pa_size-38-es","17":"pa_size-38-5-es","18":"pa_size-39-es","19":"pa_size-39-5-es","20":"pa_size-40-es","21":"pa_size-40-5-es","22":"pa_size-41-es","23":"pa_size-41-5-es","24":"pa_size-42-es","26":"first","27":"instock","28":"sale","29":"taxable","30":"shipping-taxable","31":"purchasable","32":"product-type-variable","33":"wvs-archive-product-wrapper"},"acf":[],"yoast_head":"<!-- This site is optimized with the Yoast SEO plugin v26.8 - https:\/\/yoast.com\/product\/yoast-seo-wordpress\/ -->\n<title>La sportiva Akyra II mujer -zapatillas de trail para mujer - MioMioRun<\/title>\n<meta name=\"description\" content=\"Akyra II para mujer es el calzado perfecto para quienes buscan protecci\u00f3n y sujeci\u00f3n, pero no quieren renunciar a moverse con agilidad y rapidez.\" \/>\n<meta name=\"robots\" content=\"index, follow, max-snippet:-1, max-image-preview:large, max-video-preview:-1\" \/>\n<link rel=\"canonical\" href=\"https:\/\/www.miomiorun.com\/es\/producto\/akyra-ii-mujer\/\" \/>\n<meta property=\"og:locale\" content=\"es_ES\" \/>\n<meta property=\"og:type\" content=\"article\" \/>\n<meta property=\"og:title\" content=\"La sportiva Akyra II mujer -zapatillas de trail para mujer - MioMioRun\" \/>\n<meta property=\"og:description\" content=\"Akyra II para mujer es el calzado perfecto para quienes buscan protecci\u00f3n y sujeci\u00f3n, pero no quieren renunciar a moverse con agilidad y rapidez.\" \/>\n<meta property=\"og:url\" content=\"https:\/\/www.miomiorun.com\/es\/producto\/akyra-ii-mujer\/\" \/>\n<meta property=\"og:site_name\" content=\"MioMioRun\" \/>\n<meta property=\"article:publisher\" content=\"https:\/\/www.facebook.com\/miomiorun\/\" \/>\n<meta property=\"article:modified_time\" content=\"2026-03-04T11:11:18+00:00\" \/>\n<meta property=\"og:image\" content=\"https:\/\/www.miomiorun.com\/app\/uploads\/2024\/12\/la-sportiva-Akyra-II-W-carbon-cherry-tomato-44G900322.webp\" \/>\n\t<meta property=\"og:image:width\" content=\"600\" \/>\n\t<meta property=\"og:image:height\" content=\"600\" \/>\n\t<meta property=\"og:image:type\" content=\"image\/webp\" \/>\n<meta name=\"twitter:card\" content=\"summary_large_image\" \/>\n<meta name=\"twitter:label1\" content=\"Est. reading time\" \/>\n\t<meta name=\"twitter:data1\" content=\"2 minutes\" \/>\n<script type=\"application\/ld+json\" class=\"yoast-schema-graph\">{\"@context\":\"https:\/\/schema.org\",\"@graph\":[{\"@type\":\"WebPage\",\"@id\":\"https:\/\/www.miomiorun.com\/es\/producto\/akyra-ii-mujer\/\",\"url\":\"https:\/\/www.miomiorun.com\/es\/producto\/akyra-ii-mujer\/\",\"name\":\"La sportiva Akyra II mujer -zapatillas de trail para mujer - MioMioRun\",\"isPartOf\":{\"@id\":\"https:\/\/www.miomiorun.com\/es\/#website\"},\"primaryImageOfPage\":{\"@id\":\"https:\/\/www.miomiorun.com\/es\/producto\/akyra-ii-mujer\/#primaryimage\"},\"image\":{\"@id\":\"https:\/\/www.miomiorun.com\/es\/producto\/akyra-ii-mujer\/#primaryimage\"},\"thumbnailUrl\":\"https:\/\/www.miomiorun.com\/app\/uploads\/2024\/12\/la-sportiva-Akyra-II-W-carbon-cherry-tomato-44G900322.webp\",\"datePublished\":\"2024-12-12T15:36:04+00:00\",\"dateModified\":\"2026-03-04T11:11:18+00:00\",\"description\":\"Akyra II para mujer es el calzado perfecto para quienes buscan protecci\u00f3n y sujeci\u00f3n, pero no quieren renunciar a moverse con agilidad y rapidez.\",\"breadcrumb\":{\"@id\":\"https:\/\/www.miomiorun.com\/es\/producto\/akyra-ii-mujer\/#breadcrumb\"},\"inLanguage\":\"es-ES\",\"potentialAction\":[{\"@type\":\"ReadAction\",\"target\":[\"https:\/\/www.miomiorun.com\/es\/producto\/akyra-ii-mujer\/\"]}]},{\"@type\":\"ImageObject\",\"inLanguage\":\"es-ES\",\"@id\":\"https:\/\/www.miomiorun.com\/es\/producto\/akyra-ii-mujer\/#primaryimage\",\"url\":\"https:\/\/www.miomiorun.com\/app\/uploads\/2024\/12\/la-sportiva-Akyra-II-W-carbon-cherry-tomato-44G900322.webp\",\"contentUrl\":\"https:\/\/www.miomiorun.com\/app\/uploads\/2024\/12\/la-sportiva-Akyra-II-W-carbon-cherry-tomato-44G900322.webp\",\"width\":600,\"height\":600,\"caption\":\"la sportiva Akyra II W carbon cherry tomato 44G900322\"},{\"@type\":\"BreadcrumbList\",\"@id\":\"https:\/\/www.miomiorun.com\/es\/producto\/akyra-ii-mujer\/#breadcrumb\",\"itemListElement\":[{\"@type\":\"ListItem\",\"position\":1,\"name\":\"Home\",\"item\":\"https:\/\/www.miomiorun.com\/es\/\"},{\"@type\":\"ListItem\",\"position\":2,\"name\":\"Shop\",\"item\":\"https:\/\/www.miomiorun.com\/shop\/\"},{\"@type\":\"ListItem\",\"position\":3,\"name\":\"Akyra II mujer\"}]},{\"@type\":\"WebSite\",\"@id\":\"https:\/\/www.miomiorun.com\/es\/#website\",\"url\":\"https:\/\/www.miomiorun.com\/es\/\",\"name\":\"MioMioRun\",\"description\":\"Tienda 100% running y trail\",\"publisher\":{\"@id\":\"https:\/\/www.miomiorun.com\/es\/#organization\"},\"potentialAction\":[{\"@type\":\"SearchAction\",\"target\":{\"@type\":\"EntryPoint\",\"urlTemplate\":\"https:\/\/www.miomiorun.com\/es\/?s={search_term_string}\"},\"query-input\":{\"@type\":\"PropertyValueSpecification\",\"valueRequired\":true,\"valueName\":\"search_term_string\"}}],\"inLanguage\":\"es-ES\"},{\"@type\":\"Organization\",\"@id\":\"https:\/\/www.miomiorun.com\/es\/#organization\",\"name\":\"MioMio Run\",\"url\":\"https:\/\/www.miomiorun.com\/es\/\",\"logo\":{\"@type\":\"ImageObject\",\"inLanguage\":\"es-ES\",\"@id\":\"https:\/\/www.miomiorun.com\/es\/#\/schema\/logo\/image\/\",\"url\":\"https:\/\/www.miomiorun.com\/app\/uploads\/2019\/12\/logomio.png\",\"contentUrl\":\"https:\/\/www.miomiorun.com\/app\/uploads\/2019\/12\/logomio.png\",\"width\":115,\"height\":82,\"caption\":\"MioMio Run\"},\"image\":{\"@id\":\"https:\/\/www.miomiorun.com\/es\/#\/schema\/logo\/image\/\"},\"sameAs\":[\"https:\/\/www.facebook.com\/miomiorun\/\",\"https:\/\/www.instagram.com\/miomiorun\/\"]}]}<\/script>\n<!-- \/ Yoast SEO plugin. -->","yoast_head_json":{"title":"La sportiva Akyra II mujer -zapatillas de trail para mujer - MioMioRun","description":"Akyra II para mujer es el calzado perfecto para quienes buscan protecci\u00f3n y sujeci\u00f3n, pero no quieren renunciar a moverse con agilidad y rapidez.","robots":{"index":"index","follow":"follow","max-snippet":"max-snippet:-1","max-image-preview":"max-image-preview:large","max-video-preview":"max-video-preview:-1"},"canonical":"https:\/\/www.miomiorun.com\/es\/producto\/akyra-ii-mujer\/","og_locale":"es_ES","og_type":"article","og_title":"La sportiva Akyra II mujer -zapatillas de trail para mujer - MioMioRun","og_description":"Akyra II para mujer es el calzado perfecto para quienes buscan protecci\u00f3n y sujeci\u00f3n, pero no quieren renunciar a moverse con agilidad y rapidez.","og_url":"https:\/\/www.miomiorun.com\/es\/producto\/akyra-ii-mujer\/","og_site_name":"MioMioRun","article_publisher":"https:\/\/www.facebook.com\/miomiorun\/","article_modified_time":"2026-03-04T11:11:18+00:00","og_image":[{"width":600,"height":600,"url":"https:\/\/www.miomiorun.com\/app\/uploads\/2024\/12\/la-sportiva-Akyra-II-W-carbon-cherry-tomato-44G900322.webp","type":"image\/webp"}],"twitter_card":"summary_large_image","twitter_misc":{"Est. reading time":"2 minutes"},"schema":{"@context":"https:\/\/schema.org","@graph":[{"@type":"WebPage","@id":"https:\/\/www.miomiorun.com\/es\/producto\/akyra-ii-mujer\/","url":"https:\/\/www.miomiorun.com\/es\/producto\/akyra-ii-mujer\/","name":"La sportiva Akyra II mujer -zapatillas de trail para mujer - MioMioRun","isPartOf":{"@id":"https:\/\/www.miomiorun.com\/es\/#website"},"primaryImageOfPage":{"@id":"https:\/\/www.miomiorun.com\/es\/producto\/akyra-ii-mujer\/#primaryimage"},"image":{"@id":"https:\/\/www.miomiorun.com\/es\/producto\/akyra-ii-mujer\/#primaryimage"},"thumbnailUrl":"https:\/\/www.miomiorun.com\/app\/uploads\/2024\/12\/la-sportiva-Akyra-II-W-carbon-cherry-tomato-44G900322.webp","datePublished":"2024-12-12T15:36:04+00:00","dateModified":"2026-03-04T11:11:18+00:00","description":"Akyra II para mujer es el calzado perfecto para quienes buscan protecci\u00f3n y sujeci\u00f3n, pero no quieren renunciar a moverse con agilidad y rapidez.","breadcrumb":{"@id":"https:\/\/www.miomiorun.com\/es\/producto\/akyra-ii-mujer\/#breadcrumb"},"inLanguage":"es-ES","potentialAction":[{"@type":"ReadAction","target":["https:\/\/www.miomiorun.com\/es\/producto\/akyra-ii-mujer\/"]}]},{"@type":"ImageObject","inLanguage":"es-ES","@id":"https:\/\/www.miomiorun.com\/es\/producto\/akyra-ii-mujer\/#primaryimage","url":"https:\/\/www.miomiorun.com\/app\/uploads\/2024\/12\/la-sportiva-Akyra-II-W-carbon-cherry-tomato-44G900322.webp","contentUrl":"https:\/\/www.miomiorun.com\/app\/uploads\/2024\/12\/la-sportiva-Akyra-II-W-carbon-cherry-tomato-44G900322.webp","width":600,"height":600,"caption":"la sportiva Akyra II W carbon cherry tomato 44G900322"},{"@type":"BreadcrumbList","@id":"https:\/\/www.miomiorun.com\/es\/producto\/akyra-ii-mujer\/#breadcrumb","itemListElement":[{"@type":"ListItem","position":1,"name":"Home","item":"https:\/\/www.miomiorun.com\/es\/"},{"@type":"ListItem","position":2,"name":"Shop","item":"https:\/\/www.miomiorun.com\/shop\/"},{"@type":"ListItem","position":3,"name":"Akyra II mujer"}]},{"@type":"WebSite","@id":"https:\/\/www.miomiorun.com\/es\/#website","url":"https:\/\/www.miomiorun.com\/es\/","name":"MioMioRun","description":"Tienda 100% running y trail","publisher":{"@id":"https:\/\/www.miomiorun.com\/es\/#organization"},"potentialAction":[{"@type":"SearchAction","target":{"@type":"EntryPoint","urlTemplate":"https:\/\/www.miomiorun.com\/es\/?s={search_term_string}"},"query-input":{"@type":"PropertyValueSpecification","valueRequired":true,"valueName":"search_term_string"}}],"inLanguage":"es-ES"},{"@type":"Organization","@id":"https:\/\/www.miomiorun.com\/es\/#organization","name":"MioMio Run","url":"https:\/\/www.miomiorun.com\/es\/","logo":{"@type":"ImageObject","inLanguage":"es-ES","@id":"https:\/\/www.miomiorun.com\/es\/#\/schema\/logo\/image\/","url":"https:\/\/www.miomiorun.com\/app\/uploads\/2019\/12\/logomio.png","contentUrl":"https:\/\/www.miomiorun.com\/app\/uploads\/2019\/12\/logomio.png","width":115,"height":82,"caption":"MioMio Run"},"image":{"@id":"https:\/\/www.miomiorun.com\/es\/#\/schema\/logo\/image\/"},"sameAs":["https:\/\/www.facebook.com\/miomiorun\/","https:\/\/www.instagram.com\/miomiorun\/"]}]}},"_links":{"self":[{"href":"https:\/\/www.miomiorun.com\/es\/wp-json\/wp\/v2\/product\/297614","targetHints":{"allow":["GET"]}}],"collection":[{"href":"https:\/\/www.miomiorun.com\/es\/wp-json\/wp\/v2\/product"}],"about":[{"href":"https:\/\/www.miomiorun.com\/es\/wp-json\/wp\/v2\/types\/product"}],"wp:featuredmedia":[{"embeddable":true,"href":"https:\/\/www.miomiorun.com\/es\/wp-json\/wp\/v2\/media\/250413"}],"wp:attachment":[{"href":"https:\/\/www.miomiorun.com\/es\/wp-json\/wp\/v2\/media?parent=297614"}],"wp:term":[{"taxonomy":"product_brand","embeddable":true,"href":"https:\/\/www.miomiorun.com\/es\/wp-json\/wp\/v2\/product_brand?post=297614"},{"taxonomy":"product_cat","embeddable":true,"href":"https:\/\/www.miomiorun.com\/es\/wp-json\/wp\/v2\/product_cat?post=297614"},{"taxonomy":"product_tag","embeddable":true,"href":"https:\/\/www.miomiorun.com\/es\/wp-json\/wp\/v2\/product_tag?post=297614"}],"curies":[{"name":"wp","href":"https:\/\/api.w.org\/{rel}","templated":true}]}}