{"id":297564,"date":"2024-12-12T15:00:45","date_gmt":"2024-12-12T14:00:45","guid":{"rendered":"https:\/\/miomiorun.com\/prodotto\/x-ultra-4-gtx-donna\/"},"modified":"2026-03-04T12:12:29","modified_gmt":"2026-03-04T11:12:29","slug":"x-ultra-4-gtx-mujer","status":"publish","type":"product","link":"https:\/\/www.miomiorun.com\/es\/producto\/x-ultra-4-gtx-mujer\/","title":{"rendered":"X Ultra 4 GTX mujer"},"content":{"rendered":"<div class=\"vc-row container\"><div class=\"vc-column\"><div class=\"vc-column-text\"><\/p>\n<p><strong>Especificaciones t\u00e9cnicas<\/strong><\/p>\n<p>Categor\u00eda: amortiguaci\u00f3n superior.<br \/>\nPeso: 313 g.<br \/>\nIdeal para: amantes del running de monta\u00f1a que buscan un modelo s\u00f3lido y robusto, capaz de garantizar tracci\u00f3n, protecci\u00f3n y comodidad, tanto en distancias largas como medias durante la temporada invernal, y con membrana Gore-tex para protegerte de la lluvia.<br \/>\nPeso del atleta: 55-75 kg.<br \/>\nRitmo de carrera: medio-lento (&gt;5,30 min\/km).<br \/>\n<a href=\"https:\/\/miomiorun.com\/es\/guia-especifica\/\">Gu\u00eda de especificaciones t\u00e9cnicas<\/a><\/p>\n<p><\/div><\/div><div class=\"vc-column\"><div class=\"vc-column-text\"><strong>X Ultra 4 Gtx<\/strong> es una zapatilla para mujer que se adapta perfectamente a la morfolog\u00eda del pie femenino: ca\u00f1a m\u00e1s suave, dise\u00f1o anat\u00f3mico envolvente y Advanced Chassis\u2122 de menor densidad para una mayor estabilidad.<\/p>\n<p>En la versi\u00f3n para mujer, el X ULTRA 4 a\u00f1ade a todo esto la protecci\u00f3n GORE-TEX y una suela con gran agarre para afrontar subidas y bajadas a toda velocidad, permiti\u00e9ndote vivir tu sed de aventura al m\u00e1ximo.<\/p>\n<h3>Perfecto para:<\/h3>\n<p><span class=\"\">Excursiones de un d\u00eda,<\/span> <span class=\"\">Senderismo,<\/span> <span class=\"\">Terreno alpino, terrenos mixtos<\/span>.<\/p>\n<p><strong>Altura:<\/strong> Perfil bajo<\/p>\n<p><strong>Protecci\u00f3n del pie:<\/strong> Alta<\/p>\n<p><strong>Sujeci\u00f3n del pie:<\/strong> Alta<\/p>\n<p><strong>Terreno al aire libre:<\/strong> Terreno alpino, terrenos mixtos<\/p>\n<p><strong>Impermeabilidad:<\/strong> GORE-TEX\u00ae<\/p>\n<p>&nbsp;<\/p>\n<h2>Caracter\u00edsticas:<\/h2>\n<div class=\"pdp-gap-m\">\n<p class=\"pdp-sidebar-popin-details_subtitle\"><strong>SUELA<\/strong><\/p>\n<ul>\n<li><b>Tacos en forma de chevron<\/b>: Tacos con un dibujo profundo y adherencia multidireccional para mejorar la tracci\u00f3n en superficies blandas como barro o tierra suelta.\n<li><b>All Terrain Contagrip\u00ae<\/b>: La suela All Terrain Contagrip\u00ae es adecuada para una gran variedad de superficies. Garantiza resistencia y seguridad en superficies mojadas, secas, duras o blandas.<\/li>\n<\/li>\n<\/ul>\n<\/div>\n<div class=\"pdp-gap-m\">\n<p class=\"pdp-sidebar-popin-details_subtitle\"><strong>CHASSIS\u2122<\/strong><\/p>\n<p><b>AdvancedCHASSIS\u2122<\/b>: El Advanced Chassis\u2122 es un inserto moldeado integrado en la suela. Adem\u00e1s de ofrecer un excelente soporte lateral y una protecci\u00f3n segura, tambi\u00e9n garantiza una libertad de movimiento y una flexibilidad \u00f3ptimas.<\/p>\n<\/div>\n<div class=\"pdp-gap-m\">\n<p class=\"pdp-sidebar-popin-details_subtitle\"><strong>MATERIAL DE LA PARTE SUPERIOR<\/strong><\/p>\n<ul>\n<li><b>Malla antirresiduos<\/b>: Malla ajustada que evita que los residuos queden atrapados entre el pie y la plantilla.<\/li>\n<li><b>Parte superior sint\u00e9tica<\/b>: Material sint\u00e9tico de la parte superior para una gran resistencia y protecci\u00f3n en los deportes al aire libre.\n<li><b>Repelente al agua<\/b>: Tratamiento especial que evita que el tejido absorba agua en caso de lluvia ligera y chaparrones, garantizando una protecci\u00f3n adicional.\n<\/li>\n<\/li>\n<\/ul>\n<\/div>\n<div class=\"pdp-gap-m\">\n<p class=\"pdp-sidebar-popin-details_subtitle\"><strong>MATERIAL DEL FORRO<\/strong><\/p>\n<p><b>Forro de tejido<\/b>: Forro suave y transpirable para una comodidad extrema.<\/p>\n<\/div>\n<div class=\"pdp-gap-m\">\n<p class=\"pdp-sidebar-popin-details_subtitle\"><strong>CONSTRUCCI\u00d3N DE LA PARTE SUPERIOR<\/strong><\/p>\n<ul>\n<li><b>Bolsillo para los cordones<\/b>: Para guardar el sistema de cordones Quicklace\u2122.\n<li><strong>Protecci\u00f3n en la puntera<\/strong><\/li>\n<li><b>SensiFIT\u2122<\/b>: La estructura SensiFit\u2122 envuelve el pie desde la entresuela hasta el sistema de cordones, garantizando un ajuste preciso, seguro y pr\u00e1cticamente personalizado.<\/li>\n<li><b>Empeine soldado<\/b>: La construcci\u00f3n sin costuras del empeine ofrece un ajuste y un tacto suaves, como un guante.\n<li><strong>Construcci\u00f3n espec\u00edfica para mujer<\/strong><\/li>\n<li><b>Guardabarros protector<\/b>: Una capa de cuero, material sint\u00e9tico o goma alrededor de la base del pie que protege los lados medial y lateral.\n<li><b>Active Support\u2122<\/b>: Estas aletas m\u00f3viles ayudan a mantener el pie firme y se adaptan a sus movimientos, ajust\u00e1ndose a su forma y volumen.\n<\/li>\n<\/li>\n<\/li>\n<\/li>\n<\/ul>\n<\/div>\n<div class=\"pdp-gap-m\">\n<p class=\"pdp-sidebar-popin-details_subtitle\"><strong>PLANTILLA<\/strong><\/p>\n<p><b>Plantilla OrthoLite\u00ae moldeada<\/b>: Moldeada para adaptarse al perfil de tu pie, esta plantilla OrthoLite\u00ae garantiza un nivel superior de amortiguaci\u00f3n, transpirabilidad y durabilidad, para optimizar la comodidad y el rendimiento de nuestro calzado.<\/p>\n<\/div>\n<div class=\"pdp-gap-m\">\n<p class=\"pdp-sidebar-popin-details_subtitle\"><strong>SISTEMA DE ATADO<\/strong><\/p>\n<p><b>quickLACE\u2122<\/b>: Cord\u00f3n fino y resistente para un atado de un solo tir\u00f3n. Simplifica el calzado y el descalzado.<\/p>\n<\/div>\n<div class=\"pdp-gap-m\">\n<p class=\"pdp-sidebar-popin-details_subtitle\"><strong>MEMBRANA<\/strong><\/p>\n<p><b>GORE-TEX\u00ae<\/b>: GORE-TEX\u00ae mantiene los pies secos, tanto por dentro como por fuera.<\/p>\n<\/div>\n<div class=\"pdp-gap-m\">\n<p class=\"pdp-sidebar-popin-details_subtitle\"><strong>SOSTENIBILIDAD<\/strong><\/p>\n<p><b>Sin PFC<\/b>: Para ayudar a reducir nuestro impacto medioambiental, garantizamos la impermeabilidad de nuestro calzado sin utilizar PFC nocivos. Nuestros modelos impermeables de GORE-TEX no contienen PFCec.<\/p>\n<\/div>\n<p><\/div><\/div><\/div>\n","protected":false},"excerpt":{"rendered":"<ul>\n<li>Zapatillas ideales para afrontar subidas y bajadas a toda velocidad.<\/li>\n<li>Con membrana Gore-Tex para protegerte de la humedad.<\/li>\n<\/ul>\n","protected":false},"featured_media":250549,"template":"","meta":{"_acf_changed":false,"inline_featured_image":false},"product_brand":[],"product_cat":[24415,24412],"product_tag":[23582,23618],"class_list":{"0":"post-297564","1":"product","2":"type-product","3":"status-publish","4":"has-post-thumbnail","6":"product_cat-calzado-de-mujer","7":"product_cat-trail-es-2","8":"product_tag-salomon-es","9":"product_tag-salomon-mujer","10":"pa_attivita-outdoor-es","11":"pa_colore-x-ultra-4-gtx-w-black-stowea-opal-es","12":"pa_marca-salomon-es","13":"pa_sesso-mujer","14":"pa_size-41-es","16":"first","17":"instock","18":"taxable","19":"shipping-taxable","20":"purchasable","21":"product-type-variable","22":"wvs-archive-product-wrapper"},"acf":[],"yoast_head":"<!-- This site is optimized with the Yoast SEO plugin v26.8 - https:\/\/yoast.com\/product\/yoast-seo-wordpress\/ -->\n<title>Salomon X Ultra 4 GTX mujer -zapatillas de trail para mujer - MioMioRun<\/title>\n<meta name=\"description\" content=\"Salomon X ULTRA 4 GTX W: calzado de trekking para mujer, protecci\u00f3n GORE-TEX, estabilidad y gran agarre para excursiones en cualquier terreno.\" \/>\n<meta name=\"robots\" content=\"index, follow, max-snippet:-1, max-image-preview:large, max-video-preview:-1\" \/>\n<link rel=\"canonical\" href=\"https:\/\/www.miomiorun.com\/es\/producto\/x-ultra-4-gtx-mujer\/\" \/>\n<meta property=\"og:locale\" content=\"es_ES\" \/>\n<meta property=\"og:type\" content=\"article\" \/>\n<meta property=\"og:title\" content=\"Salomon X Ultra 4 GTX mujer -zapatillas de trail para mujer - MioMioRun\" \/>\n<meta property=\"og:description\" content=\"Salomon X ULTRA 4 GTX W: calzado de trekking para mujer, protecci\u00f3n GORE-TEX, estabilidad y gran agarre para excursiones en cualquier terreno.\" \/>\n<meta property=\"og:url\" content=\"https:\/\/www.miomiorun.com\/es\/producto\/x-ultra-4-gtx-mujer\/\" \/>\n<meta property=\"og:site_name\" content=\"MioMioRun\" \/>\n<meta property=\"article:publisher\" content=\"https:\/\/www.facebook.com\/miomiorun\/\" \/>\n<meta property=\"article:modified_time\" content=\"2026-03-04T11:12:29+00:00\" \/>\n<meta property=\"og:image\" content=\"https:\/\/www.miomiorun.com\/app\/uploads\/2024\/12\/salomon-X-ULTRA-4-GTX-W-black-stowea-opal-L41289600.webp\" \/>\n\t<meta property=\"og:image:width\" content=\"600\" \/>\n\t<meta property=\"og:image:height\" content=\"600\" \/>\n\t<meta property=\"og:image:type\" content=\"image\/webp\" \/>\n<meta name=\"twitter:card\" content=\"summary_large_image\" \/>\n<meta name=\"twitter:label1\" content=\"Est. reading time\" \/>\n\t<meta name=\"twitter:data1\" content=\"3 minutes\" \/>\n<script type=\"application\/ld+json\" class=\"yoast-schema-graph\">{\"@context\":\"https:\/\/schema.org\",\"@graph\":[{\"@type\":\"WebPage\",\"@id\":\"https:\/\/www.miomiorun.com\/es\/producto\/x-ultra-4-gtx-mujer\/\",\"url\":\"https:\/\/www.miomiorun.com\/es\/producto\/x-ultra-4-gtx-mujer\/\",\"name\":\"Salomon X Ultra 4 GTX mujer -zapatillas de trail para mujer - MioMioRun\",\"isPartOf\":{\"@id\":\"https:\/\/www.miomiorun.com\/es\/#website\"},\"primaryImageOfPage\":{\"@id\":\"https:\/\/www.miomiorun.com\/es\/producto\/x-ultra-4-gtx-mujer\/#primaryimage\"},\"image\":{\"@id\":\"https:\/\/www.miomiorun.com\/es\/producto\/x-ultra-4-gtx-mujer\/#primaryimage\"},\"thumbnailUrl\":\"https:\/\/www.miomiorun.com\/app\/uploads\/2024\/12\/salomon-X-ULTRA-4-GTX-W-black-stowea-opal-L41289600.webp\",\"datePublished\":\"2024-12-12T14:00:45+00:00\",\"dateModified\":\"2026-03-04T11:12:29+00:00\",\"description\":\"Salomon X ULTRA 4 GTX W: calzado de trekking para mujer, protecci\u00f3n GORE-TEX, estabilidad y gran agarre para excursiones en cualquier terreno.\",\"breadcrumb\":{\"@id\":\"https:\/\/www.miomiorun.com\/es\/producto\/x-ultra-4-gtx-mujer\/#breadcrumb\"},\"inLanguage\":\"es-ES\",\"potentialAction\":[{\"@type\":\"ReadAction\",\"target\":[\"https:\/\/www.miomiorun.com\/es\/producto\/x-ultra-4-gtx-mujer\/\"]}]},{\"@type\":\"ImageObject\",\"inLanguage\":\"es-ES\",\"@id\":\"https:\/\/www.miomiorun.com\/es\/producto\/x-ultra-4-gtx-mujer\/#primaryimage\",\"url\":\"https:\/\/www.miomiorun.com\/app\/uploads\/2024\/12\/salomon-X-ULTRA-4-GTX-W-black-stowea-opal-L41289600.webp\",\"contentUrl\":\"https:\/\/www.miomiorun.com\/app\/uploads\/2024\/12\/salomon-X-ULTRA-4-GTX-W-black-stowea-opal-L41289600.webp\",\"width\":600,\"height\":600,\"caption\":\"salomon X ULTRA 4 GTX W black stowea opal L41289600\"},{\"@type\":\"BreadcrumbList\",\"@id\":\"https:\/\/www.miomiorun.com\/es\/producto\/x-ultra-4-gtx-mujer\/#breadcrumb\",\"itemListElement\":[{\"@type\":\"ListItem\",\"position\":1,\"name\":\"Home\",\"item\":\"https:\/\/www.miomiorun.com\/es\/\"},{\"@type\":\"ListItem\",\"position\":2,\"name\":\"Shop\",\"item\":\"https:\/\/www.miomiorun.com\/shop\/\"},{\"@type\":\"ListItem\",\"position\":3,\"name\":\"X Ultra 4 GTX mujer\"}]},{\"@type\":\"WebSite\",\"@id\":\"https:\/\/www.miomiorun.com\/es\/#website\",\"url\":\"https:\/\/www.miomiorun.com\/es\/\",\"name\":\"MioMioRun\",\"description\":\"Tienda 100% running y trail\",\"publisher\":{\"@id\":\"https:\/\/www.miomiorun.com\/es\/#organization\"},\"potentialAction\":[{\"@type\":\"SearchAction\",\"target\":{\"@type\":\"EntryPoint\",\"urlTemplate\":\"https:\/\/www.miomiorun.com\/es\/?s={search_term_string}\"},\"query-input\":{\"@type\":\"PropertyValueSpecification\",\"valueRequired\":true,\"valueName\":\"search_term_string\"}}],\"inLanguage\":\"es-ES\"},{\"@type\":\"Organization\",\"@id\":\"https:\/\/www.miomiorun.com\/es\/#organization\",\"name\":\"MioMio Run\",\"url\":\"https:\/\/www.miomiorun.com\/es\/\",\"logo\":{\"@type\":\"ImageObject\",\"inLanguage\":\"es-ES\",\"@id\":\"https:\/\/www.miomiorun.com\/es\/#\/schema\/logo\/image\/\",\"url\":\"https:\/\/www.miomiorun.com\/app\/uploads\/2019\/12\/logomio.png\",\"contentUrl\":\"https:\/\/www.miomiorun.com\/app\/uploads\/2019\/12\/logomio.png\",\"width\":115,\"height\":82,\"caption\":\"MioMio Run\"},\"image\":{\"@id\":\"https:\/\/www.miomiorun.com\/es\/#\/schema\/logo\/image\/\"},\"sameAs\":[\"https:\/\/www.facebook.com\/miomiorun\/\",\"https:\/\/www.instagram.com\/miomiorun\/\"]}]}<\/script>\n<!-- \/ Yoast SEO plugin. -->","yoast_head_json":{"title":"Salomon X Ultra 4 GTX mujer -zapatillas de trail para mujer - MioMioRun","description":"Salomon X ULTRA 4 GTX W: calzado de trekking para mujer, protecci\u00f3n GORE-TEX, estabilidad y gran agarre para excursiones en cualquier terreno.","robots":{"index":"index","follow":"follow","max-snippet":"max-snippet:-1","max-image-preview":"max-image-preview:large","max-video-preview":"max-video-preview:-1"},"canonical":"https:\/\/www.miomiorun.com\/es\/producto\/x-ultra-4-gtx-mujer\/","og_locale":"es_ES","og_type":"article","og_title":"Salomon X Ultra 4 GTX mujer -zapatillas de trail para mujer - MioMioRun","og_description":"Salomon X ULTRA 4 GTX W: calzado de trekking para mujer, protecci\u00f3n GORE-TEX, estabilidad y gran agarre para excursiones en cualquier terreno.","og_url":"https:\/\/www.miomiorun.com\/es\/producto\/x-ultra-4-gtx-mujer\/","og_site_name":"MioMioRun","article_publisher":"https:\/\/www.facebook.com\/miomiorun\/","article_modified_time":"2026-03-04T11:12:29+00:00","og_image":[{"width":600,"height":600,"url":"https:\/\/www.miomiorun.com\/app\/uploads\/2024\/12\/salomon-X-ULTRA-4-GTX-W-black-stowea-opal-L41289600.webp","type":"image\/webp"}],"twitter_card":"summary_large_image","twitter_misc":{"Est. reading time":"3 minutes"},"schema":{"@context":"https:\/\/schema.org","@graph":[{"@type":"WebPage","@id":"https:\/\/www.miomiorun.com\/es\/producto\/x-ultra-4-gtx-mujer\/","url":"https:\/\/www.miomiorun.com\/es\/producto\/x-ultra-4-gtx-mujer\/","name":"Salomon X Ultra 4 GTX mujer -zapatillas de trail para mujer - MioMioRun","isPartOf":{"@id":"https:\/\/www.miomiorun.com\/es\/#website"},"primaryImageOfPage":{"@id":"https:\/\/www.miomiorun.com\/es\/producto\/x-ultra-4-gtx-mujer\/#primaryimage"},"image":{"@id":"https:\/\/www.miomiorun.com\/es\/producto\/x-ultra-4-gtx-mujer\/#primaryimage"},"thumbnailUrl":"https:\/\/www.miomiorun.com\/app\/uploads\/2024\/12\/salomon-X-ULTRA-4-GTX-W-black-stowea-opal-L41289600.webp","datePublished":"2024-12-12T14:00:45+00:00","dateModified":"2026-03-04T11:12:29+00:00","description":"Salomon X ULTRA 4 GTX W: calzado de trekking para mujer, protecci\u00f3n GORE-TEX, estabilidad y gran agarre para excursiones en cualquier terreno.","breadcrumb":{"@id":"https:\/\/www.miomiorun.com\/es\/producto\/x-ultra-4-gtx-mujer\/#breadcrumb"},"inLanguage":"es-ES","potentialAction":[{"@type":"ReadAction","target":["https:\/\/www.miomiorun.com\/es\/producto\/x-ultra-4-gtx-mujer\/"]}]},{"@type":"ImageObject","inLanguage":"es-ES","@id":"https:\/\/www.miomiorun.com\/es\/producto\/x-ultra-4-gtx-mujer\/#primaryimage","url":"https:\/\/www.miomiorun.com\/app\/uploads\/2024\/12\/salomon-X-ULTRA-4-GTX-W-black-stowea-opal-L41289600.webp","contentUrl":"https:\/\/www.miomiorun.com\/app\/uploads\/2024\/12\/salomon-X-ULTRA-4-GTX-W-black-stowea-opal-L41289600.webp","width":600,"height":600,"caption":"salomon X ULTRA 4 GTX W black stowea opal L41289600"},{"@type":"BreadcrumbList","@id":"https:\/\/www.miomiorun.com\/es\/producto\/x-ultra-4-gtx-mujer\/#breadcrumb","itemListElement":[{"@type":"ListItem","position":1,"name":"Home","item":"https:\/\/www.miomiorun.com\/es\/"},{"@type":"ListItem","position":2,"name":"Shop","item":"https:\/\/www.miomiorun.com\/shop\/"},{"@type":"ListItem","position":3,"name":"X Ultra 4 GTX mujer"}]},{"@type":"WebSite","@id":"https:\/\/www.miomiorun.com\/es\/#website","url":"https:\/\/www.miomiorun.com\/es\/","name":"MioMioRun","description":"Tienda 100% running y trail","publisher":{"@id":"https:\/\/www.miomiorun.com\/es\/#organization"},"potentialAction":[{"@type":"SearchAction","target":{"@type":"EntryPoint","urlTemplate":"https:\/\/www.miomiorun.com\/es\/?s={search_term_string}"},"query-input":{"@type":"PropertyValueSpecification","valueRequired":true,"valueName":"search_term_string"}}],"inLanguage":"es-ES"},{"@type":"Organization","@id":"https:\/\/www.miomiorun.com\/es\/#organization","name":"MioMio Run","url":"https:\/\/www.miomiorun.com\/es\/","logo":{"@type":"ImageObject","inLanguage":"es-ES","@id":"https:\/\/www.miomiorun.com\/es\/#\/schema\/logo\/image\/","url":"https:\/\/www.miomiorun.com\/app\/uploads\/2019\/12\/logomio.png","contentUrl":"https:\/\/www.miomiorun.com\/app\/uploads\/2019\/12\/logomio.png","width":115,"height":82,"caption":"MioMio Run"},"image":{"@id":"https:\/\/www.miomiorun.com\/es\/#\/schema\/logo\/image\/"},"sameAs":["https:\/\/www.facebook.com\/miomiorun\/","https:\/\/www.instagram.com\/miomiorun\/"]}]}},"_links":{"self":[{"href":"https:\/\/www.miomiorun.com\/es\/wp-json\/wp\/v2\/product\/297564","targetHints":{"allow":["GET"]}}],"collection":[{"href":"https:\/\/www.miomiorun.com\/es\/wp-json\/wp\/v2\/product"}],"about":[{"href":"https:\/\/www.miomiorun.com\/es\/wp-json\/wp\/v2\/types\/product"}],"wp:featuredmedia":[{"embeddable":true,"href":"https:\/\/www.miomiorun.com\/es\/wp-json\/wp\/v2\/media\/250549"}],"wp:attachment":[{"href":"https:\/\/www.miomiorun.com\/es\/wp-json\/wp\/v2\/media?parent=297564"}],"wp:term":[{"taxonomy":"product_brand","embeddable":true,"href":"https:\/\/www.miomiorun.com\/es\/wp-json\/wp\/v2\/product_brand?post=297564"},{"taxonomy":"product_cat","embeddable":true,"href":"https:\/\/www.miomiorun.com\/es\/wp-json\/wp\/v2\/product_cat?post=297564"},{"taxonomy":"product_tag","embeddable":true,"href":"https:\/\/www.miomiorun.com\/es\/wp-json\/wp\/v2\/product_tag?post=297564"}],"curies":[{"name":"wp","href":"https:\/\/api.w.org\/{rel}","templated":true}]}}