{"id":297506,"date":"2024-12-13T16:26:57","date_gmt":"2024-12-13T15:26:57","guid":{"rendered":"https:\/\/miomiorun.com\/prodotto\/light-run-corto\/"},"modified":"2026-04-28T11:46:36","modified_gmt":"2026-04-28T09:46:36","slug":"light-run-corto","status":"publish","type":"product","link":"https:\/\/www.miomiorun.com\/es\/producto\/light-run-corto\/","title":{"rendered":"Light run corto"},"content":{"rendered":"<p><div class=\"vc-row container\"><div class=\"vc-column\"><div class=\"vc-column-text\">Los calcetines de running Light Run, fabricados en Francia, son la opci\u00f3n ideal para los corredores que buscan ligereza, transpirabilidad y una comodidad excepcional. Con un peso de tan solo 12 gramos (talla 42\/44), estos calcetines ultraligeros ofrecen una sensaci\u00f3n de segunda piel, permitiendo movimientos naturales y sin restricciones durante la carrera.<\/p>\n<p>La estructura de malla transpirable garantiza una eficaz eliminaci\u00f3n del sudor, manteniendo los pies frescos y secos incluso durante las sesiones m\u00e1s intensas. La plantilla anat\u00f3mica 3D en la parte delantera del pie mejora la comodidad y la propiocepci\u00f3n, ofreciendo un soporte espec\u00edfico donde m\u00e1s se necesita.<\/p>\n<p>Adem\u00e1s, el soporte y la estabilizaci\u00f3n de 360\u00b0 del pie y el tobillo aseguran un apoyo \u00f3ptimo, estabilizando el pie dentro de la zapatilla y reduciendo el riesgo de lesiones. Fabricados con microfibra ecol\u00f3gica SENSIL ECOCARE, los calcetines Light Run combinan suavidad y ligereza para una experiencia de carrera sin igual.<\/div><\/div><\/div><div class=\"vc-row container\"><div class=\"vc-column\"> <div class=\"vc-column-text\"><a href=\"https:\/\/miomiorun.com\/wp-content\/uploads\/2024\/12\/bv-sport-Light-run-courte.webp\"><img loading=\"lazy\" decoding=\"async\" class=\"alignnone wp-image-219001 size-full\" src=\"https:\/\/miomiorun.com\/wp-content\/uploads\/2024\/12\/bv-sport-Light-run-courte.webp\" alt=\"\" width=\"600\" height=\"600\" srcset=\"https:\/\/www.miomiorun.com\/app\/uploads\/2024\/12\/bv-sport-Light-run-courte.webp 600w, https:\/\/www.miomiorun.com\/app\/uploads\/2024\/12\/bv-sport-Light-run-courte-300x300.webp 300w, https:\/\/www.miomiorun.com\/app\/uploads\/2024\/12\/bv-sport-Light-run-courte-100x100.webp 100w, https:\/\/www.miomiorun.com\/app\/uploads\/2024\/12\/bv-sport-Light-run-courte-150x150.webp 150w, https:\/\/www.miomiorun.com\/app\/uploads\/2024\/12\/bv-sport-Light-run-courte-400x400.webp 400w, https:\/\/www.miomiorun.com\/app\/uploads\/2024\/12\/bv-sport-Light-run-courte-85x85.webp 85w, https:\/\/www.miomiorun.com\/app\/uploads\/2024\/12\/bv-sport-Light-run-courte-50x50.webp 50w, https:\/\/www.miomiorun.com\/app\/uploads\/2024\/12\/bv-sport-Light-run-courte-32x32.webp 32w, https:\/\/www.miomiorun.com\/app\/uploads\/2024\/12\/bv-sport-Light-run-courte-480x480.webp 480w\" sizes=\"auto, (max-width: 600px) 100vw, 600px\" \/><\/a><\/div><\/div><div class=\"vc-column\"><div class=\"vc-column-text\"><\/p>\n<h3>Tecnolog\u00edas:<\/h3>\n<div class=\"col-sm-5 col-12\">\n<p>1) Suela anat\u00f3mica 3D<\/p>\n<p>T\u00e9cnica: Malla 3D en la parte delantera del pie<\/p>\n<p>Acci\u00f3n: Activaci\u00f3n de los receptores sensoriales plantares respetando la anatom\u00eda.<\/p>\n<p>Beneficios: Mejora la comodidad y la propiocepci\u00f3n<\/p>\n<p>2) Soporte y estabilizaci\u00f3n del pie y el tobillo en 360\u00b0<\/p>\n<p>T\u00e9cnica: Malla acanalada situada en la articulaci\u00f3n del tobillo.<\/p>\n<p>Acci\u00f3n: Sujeta y estabiliza el tobillo sin opresi\u00f3n.<\/p>\n<p>Beneficios: Sujeci\u00f3n \u00f3ptima del tobillo durante la carrera<\/p>\n<p class=\"title\">3) Tejido transpirable<\/p>\n<p>T\u00e9cnica: Tejido ligero y de nido de abeja en la parte superior del pie.<\/p>\n<p>Acci\u00f3n: Acelera la regulaci\u00f3n t\u00e9rmica. Ventilaci\u00f3n \u00f3ptima.<\/p>\n<p>Beneficios: Evacua eficazmente el sudor.<\/p>\n<p class=\"title\">4) SENSIL ECOCARE<\/p>\n<p>T\u00e9cnica: Fibra ecol\u00f3gica fabricada a partir de residuos preconsumo.<\/p>\n<p>Acci\u00f3n: El proceso de producci\u00f3n minimiza los residuos, reduce el consumo de energ\u00eda y preserva los recursos naturales.<\/p>\n<p>Beneficios: Reduce el impacto medioambiental.<\/p>\n<p class=\"title\">5) Borde C\u00f4te Largo<\/p>\n<p>T\u00e9cnica: Banda reforzada en el borde superior del calcet\u00edn.<\/p>\n<p>Acci\u00f3n: Mantiene el calcet\u00edn en su sitio de forma eficaz sin apretar.<\/p>\n<p>Beneficios: Mejora la sujeci\u00f3n del calcet\u00edn.<\/p>\n<\/div>\n<p><\/div><\/div><\/div><\/p>\n","protected":false},"excerpt":{"rendered":"<ul>\n<li><strong>Ultraligeras:<\/strong> con un peso de solo 12 gramos, ofrecen una sensaci\u00f3n de segunda piel.<\/li>\n<li><strong>Transpirabilidad superior:<\/strong> la estructura de malla ventilada mantiene los pies frescos y secos.<\/li>\n<li><strong>Soporte anat\u00f3mico:<\/strong> la plantilla 3D y la estabilizaci\u00f3n de 360\u00b0 garantizan la comodidad y la prevenci\u00f3n de lesiones.<\/li>\n<\/ul>\n","protected":false},"featured_media":250475,"template":"","meta":{"_acf_changed":false,"inline_featured_image":false},"product_brand":[],"product_cat":[24400,24462,24463,24401],"product_tag":[23561,24176,23622],"class_list":{"0":"post-297506","1":"product","2":"type-product","3":"status-publish","4":"has-post-thumbnail","6":"product_cat-calcetines","7":"product_cat-calcetines-es-2","8":"product_cat-ropa-de-hombre-es","9":"product_cat-ropa-de-mujer","10":"product_tag-bv-sport-es","11":"product_tag-bv-sport-hombre","12":"product_tag-bv-sport-mujer","13":"pa_attivita-caminar","14":"pa_attivita-running-es","15":"pa_colore-light-run-courte-blanc-bleu-es","16":"pa_colore-light-run-courte-blanc-gris-es","17":"pa_colore-light-run-courte-blanc-jaune-es","18":"pa_colore-light-run-courte-blanc-turquoise-es","19":"pa_colore-light-run-courte-noir-bleu-es","20":"pa_marca-bv-sport-es","21":"pa_sesso-hombre","22":"pa_sesso-mujer","23":"pa_size-36-38-es","24":"pa_size-39-41-es","25":"pa_size-42-44-es","26":"pa_size-45-47-es","28":"first","29":"instock","30":"sale","31":"taxable","32":"shipping-taxable","33":"purchasable","34":"product-type-variable","35":"wvs-archive-product-wrapper"},"acf":[],"yoast_head":"<!-- This site is optimized with the Yoast SEO plugin v26.8 - https:\/\/yoast.com\/product\/yoast-seo-wordpress\/ -->\n<title>Bv Sport Light run corto - Calcetines para correr - MioMioRun.com<\/title>\n<meta name=\"description\" content=\"Descubre los calcetines de running ultraligeros Light Run, fabricados con materiales ecol\u00f3gicos. Ofrecen una transpirabilidad, comodidad y sujeci\u00f3n \u00f3ptimas para tus carreras\" \/>\n<meta name=\"robots\" content=\"index, follow, max-snippet:-1, max-image-preview:large, max-video-preview:-1\" \/>\n<link rel=\"canonical\" href=\"https:\/\/www.miomiorun.com\/es\/producto\/light-run-corto\/\" \/>\n<meta property=\"og:locale\" content=\"es_ES\" \/>\n<meta property=\"og:type\" content=\"article\" \/>\n<meta property=\"og:title\" content=\"Bv Sport Light run corto - Calcetines para correr - MioMioRun.com\" \/>\n<meta property=\"og:description\" content=\"Descubre los calcetines de running ultraligeros Light Run, fabricados con materiales ecol\u00f3gicos. Ofrecen una transpirabilidad, comodidad y sujeci\u00f3n \u00f3ptimas para tus carreras\" \/>\n<meta property=\"og:url\" content=\"https:\/\/www.miomiorun.com\/es\/producto\/light-run-corto\/\" \/>\n<meta property=\"og:site_name\" content=\"MioMioRun\" \/>\n<meta property=\"article:publisher\" content=\"https:\/\/www.facebook.com\/miomiorun\/\" \/>\n<meta property=\"article:modified_time\" content=\"2026-04-28T09:46:36+00:00\" \/>\n<meta property=\"og:image\" content=\"https:\/\/www.miomiorun.com\/app\/uploads\/2024\/12\/bv-sport-Light-run-courte-blanc-turquoise-304-004.webp\" \/>\n\t<meta property=\"og:image:width\" content=\"600\" \/>\n\t<meta property=\"og:image:height\" content=\"600\" \/>\n\t<meta property=\"og:image:type\" content=\"image\/webp\" \/>\n<meta name=\"twitter:card\" content=\"summary_large_image\" \/>\n<meta name=\"twitter:label1\" content=\"Est. reading time\" \/>\n\t<meta name=\"twitter:data1\" content=\"2 minutes\" \/>\n<script type=\"application\/ld+json\" class=\"yoast-schema-graph\">{\"@context\":\"https:\/\/schema.org\",\"@graph\":[{\"@type\":\"WebPage\",\"@id\":\"https:\/\/www.miomiorun.com\/es\/producto\/light-run-corto\/\",\"url\":\"https:\/\/www.miomiorun.com\/es\/producto\/light-run-corto\/\",\"name\":\"Bv Sport Light run corto - Calcetines para correr - MioMioRun.com\",\"isPartOf\":{\"@id\":\"https:\/\/www.miomiorun.com\/es\/#website\"},\"primaryImageOfPage\":{\"@id\":\"https:\/\/www.miomiorun.com\/es\/producto\/light-run-corto\/#primaryimage\"},\"image\":{\"@id\":\"https:\/\/www.miomiorun.com\/es\/producto\/light-run-corto\/#primaryimage\"},\"thumbnailUrl\":\"https:\/\/www.miomiorun.com\/app\/uploads\/2024\/12\/bv-sport-Light-run-courte-blanc-turquoise-304-004.webp\",\"datePublished\":\"2024-12-13T15:26:57+00:00\",\"dateModified\":\"2026-04-28T09:46:36+00:00\",\"description\":\"Descubre los calcetines de running ultraligeros Light Run, fabricados con materiales ecol\u00f3gicos. Ofrecen una transpirabilidad, comodidad y sujeci\u00f3n \u00f3ptimas para tus carreras\",\"breadcrumb\":{\"@id\":\"https:\/\/www.miomiorun.com\/es\/producto\/light-run-corto\/#breadcrumb\"},\"inLanguage\":\"es-ES\",\"potentialAction\":[{\"@type\":\"ReadAction\",\"target\":[\"https:\/\/www.miomiorun.com\/es\/producto\/light-run-corto\/\"]}]},{\"@type\":\"ImageObject\",\"inLanguage\":\"es-ES\",\"@id\":\"https:\/\/www.miomiorun.com\/es\/producto\/light-run-corto\/#primaryimage\",\"url\":\"https:\/\/www.miomiorun.com\/app\/uploads\/2024\/12\/bv-sport-Light-run-courte-blanc-turquoise-304-004.webp\",\"contentUrl\":\"https:\/\/www.miomiorun.com\/app\/uploads\/2024\/12\/bv-sport-Light-run-courte-blanc-turquoise-304-004.webp\",\"width\":600,\"height\":600,\"caption\":\"bv sport Light run courte blanc turquoise 304 004\"},{\"@type\":\"BreadcrumbList\",\"@id\":\"https:\/\/www.miomiorun.com\/es\/producto\/light-run-corto\/#breadcrumb\",\"itemListElement\":[{\"@type\":\"ListItem\",\"position\":1,\"name\":\"Home\",\"item\":\"https:\/\/www.miomiorun.com\/es\/\"},{\"@type\":\"ListItem\",\"position\":2,\"name\":\"Shop\",\"item\":\"https:\/\/www.miomiorun.com\/shop\/\"},{\"@type\":\"ListItem\",\"position\":3,\"name\":\"Light run corto\"}]},{\"@type\":\"WebSite\",\"@id\":\"https:\/\/www.miomiorun.com\/es\/#website\",\"url\":\"https:\/\/www.miomiorun.com\/es\/\",\"name\":\"MioMioRun\",\"description\":\"Tienda 100% running y trail\",\"publisher\":{\"@id\":\"https:\/\/www.miomiorun.com\/es\/#organization\"},\"potentialAction\":[{\"@type\":\"SearchAction\",\"target\":{\"@type\":\"EntryPoint\",\"urlTemplate\":\"https:\/\/www.miomiorun.com\/es\/?s={search_term_string}\"},\"query-input\":{\"@type\":\"PropertyValueSpecification\",\"valueRequired\":true,\"valueName\":\"search_term_string\"}}],\"inLanguage\":\"es-ES\"},{\"@type\":\"Organization\",\"@id\":\"https:\/\/www.miomiorun.com\/es\/#organization\",\"name\":\"MioMio Run\",\"url\":\"https:\/\/www.miomiorun.com\/es\/\",\"logo\":{\"@type\":\"ImageObject\",\"inLanguage\":\"es-ES\",\"@id\":\"https:\/\/www.miomiorun.com\/es\/#\/schema\/logo\/image\/\",\"url\":\"https:\/\/www.miomiorun.com\/app\/uploads\/2019\/12\/logomio.png\",\"contentUrl\":\"https:\/\/www.miomiorun.com\/app\/uploads\/2019\/12\/logomio.png\",\"width\":115,\"height\":82,\"caption\":\"MioMio Run\"},\"image\":{\"@id\":\"https:\/\/www.miomiorun.com\/es\/#\/schema\/logo\/image\/\"},\"sameAs\":[\"https:\/\/www.facebook.com\/miomiorun\/\",\"https:\/\/www.instagram.com\/miomiorun\/\"]}]}<\/script>\n<!-- \/ Yoast SEO plugin. -->","yoast_head_json":{"title":"Bv Sport Light run corto - Calcetines para correr - MioMioRun.com","description":"Descubre los calcetines de running ultraligeros Light Run, fabricados con materiales ecol\u00f3gicos. Ofrecen una transpirabilidad, comodidad y sujeci\u00f3n \u00f3ptimas para tus carreras","robots":{"index":"index","follow":"follow","max-snippet":"max-snippet:-1","max-image-preview":"max-image-preview:large","max-video-preview":"max-video-preview:-1"},"canonical":"https:\/\/www.miomiorun.com\/es\/producto\/light-run-corto\/","og_locale":"es_ES","og_type":"article","og_title":"Bv Sport Light run corto - Calcetines para correr - MioMioRun.com","og_description":"Descubre los calcetines de running ultraligeros Light Run, fabricados con materiales ecol\u00f3gicos. Ofrecen una transpirabilidad, comodidad y sujeci\u00f3n \u00f3ptimas para tus carreras","og_url":"https:\/\/www.miomiorun.com\/es\/producto\/light-run-corto\/","og_site_name":"MioMioRun","article_publisher":"https:\/\/www.facebook.com\/miomiorun\/","article_modified_time":"2026-04-28T09:46:36+00:00","og_image":[{"width":600,"height":600,"url":"https:\/\/www.miomiorun.com\/app\/uploads\/2024\/12\/bv-sport-Light-run-courte-blanc-turquoise-304-004.webp","type":"image\/webp"}],"twitter_card":"summary_large_image","twitter_misc":{"Est. reading time":"2 minutes"},"schema":{"@context":"https:\/\/schema.org","@graph":[{"@type":"WebPage","@id":"https:\/\/www.miomiorun.com\/es\/producto\/light-run-corto\/","url":"https:\/\/www.miomiorun.com\/es\/producto\/light-run-corto\/","name":"Bv Sport Light run corto - Calcetines para correr - MioMioRun.com","isPartOf":{"@id":"https:\/\/www.miomiorun.com\/es\/#website"},"primaryImageOfPage":{"@id":"https:\/\/www.miomiorun.com\/es\/producto\/light-run-corto\/#primaryimage"},"image":{"@id":"https:\/\/www.miomiorun.com\/es\/producto\/light-run-corto\/#primaryimage"},"thumbnailUrl":"https:\/\/www.miomiorun.com\/app\/uploads\/2024\/12\/bv-sport-Light-run-courte-blanc-turquoise-304-004.webp","datePublished":"2024-12-13T15:26:57+00:00","dateModified":"2026-04-28T09:46:36+00:00","description":"Descubre los calcetines de running ultraligeros Light Run, fabricados con materiales ecol\u00f3gicos. Ofrecen una transpirabilidad, comodidad y sujeci\u00f3n \u00f3ptimas para tus carreras","breadcrumb":{"@id":"https:\/\/www.miomiorun.com\/es\/producto\/light-run-corto\/#breadcrumb"},"inLanguage":"es-ES","potentialAction":[{"@type":"ReadAction","target":["https:\/\/www.miomiorun.com\/es\/producto\/light-run-corto\/"]}]},{"@type":"ImageObject","inLanguage":"es-ES","@id":"https:\/\/www.miomiorun.com\/es\/producto\/light-run-corto\/#primaryimage","url":"https:\/\/www.miomiorun.com\/app\/uploads\/2024\/12\/bv-sport-Light-run-courte-blanc-turquoise-304-004.webp","contentUrl":"https:\/\/www.miomiorun.com\/app\/uploads\/2024\/12\/bv-sport-Light-run-courte-blanc-turquoise-304-004.webp","width":600,"height":600,"caption":"bv sport Light run courte blanc turquoise 304 004"},{"@type":"BreadcrumbList","@id":"https:\/\/www.miomiorun.com\/es\/producto\/light-run-corto\/#breadcrumb","itemListElement":[{"@type":"ListItem","position":1,"name":"Home","item":"https:\/\/www.miomiorun.com\/es\/"},{"@type":"ListItem","position":2,"name":"Shop","item":"https:\/\/www.miomiorun.com\/shop\/"},{"@type":"ListItem","position":3,"name":"Light run corto"}]},{"@type":"WebSite","@id":"https:\/\/www.miomiorun.com\/es\/#website","url":"https:\/\/www.miomiorun.com\/es\/","name":"MioMioRun","description":"Tienda 100% running y trail","publisher":{"@id":"https:\/\/www.miomiorun.com\/es\/#organization"},"potentialAction":[{"@type":"SearchAction","target":{"@type":"EntryPoint","urlTemplate":"https:\/\/www.miomiorun.com\/es\/?s={search_term_string}"},"query-input":{"@type":"PropertyValueSpecification","valueRequired":true,"valueName":"search_term_string"}}],"inLanguage":"es-ES"},{"@type":"Organization","@id":"https:\/\/www.miomiorun.com\/es\/#organization","name":"MioMio Run","url":"https:\/\/www.miomiorun.com\/es\/","logo":{"@type":"ImageObject","inLanguage":"es-ES","@id":"https:\/\/www.miomiorun.com\/es\/#\/schema\/logo\/image\/","url":"https:\/\/www.miomiorun.com\/app\/uploads\/2019\/12\/logomio.png","contentUrl":"https:\/\/www.miomiorun.com\/app\/uploads\/2019\/12\/logomio.png","width":115,"height":82,"caption":"MioMio Run"},"image":{"@id":"https:\/\/www.miomiorun.com\/es\/#\/schema\/logo\/image\/"},"sameAs":["https:\/\/www.facebook.com\/miomiorun\/","https:\/\/www.instagram.com\/miomiorun\/"]}]}},"_links":{"self":[{"href":"https:\/\/www.miomiorun.com\/es\/wp-json\/wp\/v2\/product\/297506","targetHints":{"allow":["GET"]}}],"collection":[{"href":"https:\/\/www.miomiorun.com\/es\/wp-json\/wp\/v2\/product"}],"about":[{"href":"https:\/\/www.miomiorun.com\/es\/wp-json\/wp\/v2\/types\/product"}],"wp:featuredmedia":[{"embeddable":true,"href":"https:\/\/www.miomiorun.com\/es\/wp-json\/wp\/v2\/media\/250475"}],"wp:attachment":[{"href":"https:\/\/www.miomiorun.com\/es\/wp-json\/wp\/v2\/media?parent=297506"}],"wp:term":[{"taxonomy":"product_brand","embeddable":true,"href":"https:\/\/www.miomiorun.com\/es\/wp-json\/wp\/v2\/product_brand?post=297506"},{"taxonomy":"product_cat","embeddable":true,"href":"https:\/\/www.miomiorun.com\/es\/wp-json\/wp\/v2\/product_cat?post=297506"},{"taxonomy":"product_tag","embeddable":true,"href":"https:\/\/www.miomiorun.com\/es\/wp-json\/wp\/v2\/product_tag?post=297506"}],"curies":[{"name":"wp","href":"https:\/\/api.w.org\/{rel}","templated":true}]}}