{"id":297396,"date":"2024-12-17T14:02:08","date_gmt":"2024-12-17T13:02:08","guid":{"rendered":"https:\/\/miomiorun.com\/prodotto\/x-ultra-360-gtx-uomo\/"},"modified":"2026-03-03T18:20:44","modified_gmt":"2026-03-03T17:20:44","slug":"x-ultra-360-gtx-hombre","status":"publish","type":"product","link":"https:\/\/www.miomiorun.com\/es\/producto\/x-ultra-360-gtx-hombre\/","title":{"rendered":"X Ultra 360 GTX hombre"},"content":{"rendered":"<div class=\"vc-row container\"><div class=\"vc-column\"><div class=\"vc-column-text\"><\/p>\n<p><strong>Especificaciones t\u00e9cnicas<\/strong><\/p>\n<p>Categor\u00eda: amortiguaci\u00f3n superior.<br \/>\nPeso: 372 g.<br \/>\nIdeal para: amantes del senderismo y las excursiones largas que buscan un modelo con buena amortiguaci\u00f3n y protecci\u00f3n, equipado con membrana Gore-tex para mantener los pies secos incluso bajo la lluvia y capaz de transmitir el m\u00e1ximo confort en distancias muy largas.<br \/>\nPeso del atleta: 60-80 kg.<br \/>\nRitmo de carrera: medio (6,00 min\/km).<br \/>\n<a href=\"https:\/\/miomiorun.com\/es\/guia-especifica\/\">Gu\u00eda de especificaciones t\u00e9cnicas<\/a><\/p>\n<p><\/div><\/div><div class=\"vc-column\"><div class=\"vc-column-text\"><\/p>\n<h2>Aprovechando lo mejor de una l\u00ednea ultra probada, la zapatilla de trekking <strong>X Ultra 360 GORE-TEX<\/strong> en su versi\u00f3n para hombre est\u00e1 preparada para afrontar largas distancias.<\/h2>\n<p>Basada en la herencia de los ic\u00f3nicos modelos X Ultra, ofrece agarre en todo tipo de terrenos, estabilidad y protecci\u00f3n, dondequiera que te lleve tu sed de aventura. Cuenta con una entresuela acolchada para garantizar la comodidad kil\u00f3metro tras kil\u00f3metro, protecci\u00f3n impermeable GORE-TEX y una resistente parte superior de tejido fabricada con materiales reciclados.<\/p>\n<h2 class=\"best-for_title\">Perfecto para:<\/h2>\n<ul>\n<li>Excursiones de un d\u00eda<\/li>\n<li>Senderismo<\/li>\n<li>Senderos f\u00e1ciles, terrenos mixtos<\/li>\n<\/ul>\n<p><strong>Altura: <\/strong>Perfil bajo<\/p>\n<p><strong>Protecci\u00f3n del pie:<\/strong> Alta<\/p>\n<p><strong>Sujeci\u00f3n del pie:<\/strong> Estable<\/p>\n<p><strong>Terreno exterior: <\/strong>Terrenos mixtos, senderos f\u00e1ciles<\/p>\n<p><strong>Impermeabilidad:<\/strong> GORE-TEX\u00ae<\/p>\n<h2>Caracter\u00edsticas:<\/h2>\n<div class=\"pdp-gap-m\">\n<p class=\"pdp-sidebar-popin-details_subtitle\"><strong>SUELA<\/strong><\/p>\n<p><b>All Terrain Contagrip\u00ae<\/b>: La suela All Terrain Contagrip\u00ae es adecuada para una gran variedad de superficies. Garantiza resistencia y seguridad en superficies mojadas, secas, duras o blandas.<\/p>\n<\/div>\n<div class=\"pdp-gap-m\">\n<p class=\"pdp-sidebar-popin-details_subtitle\"><strong>ENTRESUELA<\/strong><\/p>\n<p><b>EnergyCell\u2122<\/b>: Espuma EVA de alto rendimiento para una excelente amortiguaci\u00f3n.<\/p>\n<\/div>\n<div class=\"pdp-gap-m\">\n<p class=\"pdp-sidebar-popin-details_subtitle\"><strong>CHASSIS\u2122<\/strong><\/p>\n<p><b>AdvancedCHASSIS\u2122<\/b>: El Advanced Chassis\u2122 es una inserci\u00f3n moldeada integrada en la suela. Adem\u00e1s de ofrecer un excelente soporte lateral y una protecci\u00f3n segura, tambi\u00e9n garantiza una libertad de movimiento y una flexibilidad \u00f3ptimas.<\/p>\n<\/div>\n<div class=\"pdp-gap-m\">\n<p class=\"pdp-sidebar-popin-details_subtitle\"><strong>MATERIAL DE LA PARTE SUPERIOR<\/strong><\/p>\n<p><b>Parte superior sint\u00e9tica<\/b>: Material sint\u00e9tico en la parte superior para una gran resistencia y protecci\u00f3n en los deportes al aire libre.<\/p>\n<\/div>\n<div class=\"pdp-gap-m\">\n<p class=\"pdp-sidebar-popin-details_subtitle\"><strong>MATERIAL DEL FORRO<\/strong><\/p>\n<p><b>Forro de tejido<\/b>: Forro suave y transpirable para una comodidad extrema.<\/p>\n<\/div>\n<div class=\"pdp-gap-m\">\n<p class=\"pdp-sidebar-popin-details_subtitle\"><strong>CONSTRUCCI\u00d3N DE LA PARTE SUPERIOR<\/strong><\/p>\n<ul>\n<li><b>Bolsillo para los cordones<\/b>: Para guardar el sistema de cordones Quicklace\u2122.\n<li>Protecci\u00f3n en la puntera<\/li>\n<li><b>SensiFIT\u2122<\/b>: La estructura SensiFit\u2122 envuelve el pie desde la entresuela hasta el sistema de cordones, garantizando un ajuste preciso, seguro y pr\u00e1cticamente personalizado.\n<li><b>Parte superior soldada<\/b>: La construcci\u00f3n sin costuras de la parte superior ofrece un ajuste y un tacto suaves, como un guante.\n<li><b>Guardabarros protector<\/b>: Una capa de cuero, material sint\u00e9tico o goma alrededor de la base del pie que protege los lados medial y lateral.\n<\/li>\n<\/li>\n<\/li>\n<\/li>\n<\/ul>\n<\/div>\n<div class=\"pdp-gap-m\">\n<p class=\"pdp-sidebar-popin-details_subtitle\"><strong>PLANTILLA<\/strong><\/p>\n<p><b>Plantilla OrthoLite\u00ae moldeada<\/b>: Moldeada para adaptarse al perfil de tu pie, esta plantilla OrthoLite\u00ae garantiza un nivel superior de amortiguaci\u00f3n, transpirabilidad y durabilidad, para optimizar la comodidad y el rendimiento de nuestro calzado.<\/p>\n<\/div>\n<div class=\"pdp-gap-m\">\n<p class=\"pdp-sidebar-popin-details_subtitle\"><strong>SISTEMA DE ATADO<\/strong><\/p>\n<p><b>QuickLACE\u2122<\/b>: Cord\u00f3n fino y resistente para un atado de un solo tir\u00f3n. Simplifica el calzado y el descalzado.<\/p>\n<\/div>\n<div class=\"pdp-gap-m\">\n<p class=\"pdp-sidebar-popin-details_subtitle\"><strong>MEMBRANA<\/strong><\/p>\n<p><b>GORE-TEX\u00ae<\/b>: GORE-TEX\u00ae mantiene los pies secos, tanto por dentro como por fuera.<\/p>\n<\/div>\n<div class=\"pdp-gap-m\">\n<p class=\"pdp-sidebar-popin-details_subtitle\"><strong>SOSTENIBILIDAD<\/strong><\/p>\n<ul>\n<li><b>Material reciclado<\/b>: Materiales obtenidos a partir de productos reciclados, como botellas de PET o residuos de materiales<\/li>\n<li>Sin PFCec<\/li>\n<\/ul>\n<\/div>\n<p><\/div><\/div><\/div>\n","protected":false},"excerpt":{"rendered":"<ul class=\"features-container\">\n<li class=\"feature-item\">Calzado ideal para senderismo.<\/li>\n<li>Ideal para usar en cualquier condici\u00f3n meteorol\u00f3gica.<\/li>\n<li>Para largas distancias.<\/li>\n<\/ul>\n","protected":false},"featured_media":250585,"template":"","meta":{"_acf_changed":false,"inline_featured_image":false},"product_brand":[],"product_cat":[24454,24451],"product_tag":[23582,23615],"class_list":{"0":"post-297396","1":"product","2":"type-product","3":"status-publish","4":"has-post-thumbnail","6":"product_cat-calzado-para-hombre","7":"product_cat-trail-es-3","8":"product_tag-salomon-es","9":"product_tag-salomon-hombre","10":"pa_attivita-outdoor-es","11":"pa_colore-x-ultra-360-gtx-black-magnet-quiet-shade-es","12":"pa_marca-salomon-es","13":"pa_sesso-hombre","14":"pa_size-47-es","16":"first","17":"instock","18":"sale","19":"taxable","20":"shipping-taxable","21":"purchasable","22":"product-type-variable","23":"wvs-archive-product-wrapper"},"acf":[],"yoast_head":"<!-- This site is optimized with the Yoast SEO plugin v26.8 - https:\/\/yoast.com\/product\/yoast-seo-wordpress\/ -->\n<title>Salomon X Ultra 360 GTX hombre -zapatos de senderismo hombre - MioMioRun<\/title>\n<meta name=\"description\" content=\"Aprovechando lo mejor de una l\u00ednea ampliamente probada, la zapatilla de trekking X Ultra 360 GORE-TEX en su versi\u00f3n para hombre est\u00e1 preparada para afrontar largas distancias.\" \/>\n<meta name=\"robots\" content=\"index, follow, max-snippet:-1, max-image-preview:large, max-video-preview:-1\" \/>\n<link rel=\"canonical\" href=\"https:\/\/www.miomiorun.com\/es\/producto\/x-ultra-360-gtx-hombre\/\" \/>\n<meta property=\"og:locale\" content=\"es_ES\" \/>\n<meta property=\"og:type\" content=\"article\" \/>\n<meta property=\"og:title\" content=\"Salomon X Ultra 360 GTX hombre -zapatos de senderismo hombre - MioMioRun\" \/>\n<meta property=\"og:description\" content=\"Aprovechando lo mejor de una l\u00ednea ampliamente probada, la zapatilla de trekking X Ultra 360 GORE-TEX en su versi\u00f3n para hombre est\u00e1 preparada para afrontar largas distancias.\" \/>\n<meta property=\"og:url\" content=\"https:\/\/www.miomiorun.com\/es\/producto\/x-ultra-360-gtx-hombre\/\" \/>\n<meta property=\"og:site_name\" content=\"MioMioRun\" \/>\n<meta property=\"article:publisher\" content=\"https:\/\/www.facebook.com\/miomiorun\/\" \/>\n<meta property=\"article:modified_time\" content=\"2026-03-03T17:20:44+00:00\" \/>\n<meta property=\"og:image\" content=\"https:\/\/www.miomiorun.com\/app\/uploads\/2024\/12\/salomon-X-ULTRA-360-GTX-quiet-shade-black-L47453500.webp\" \/>\n\t<meta property=\"og:image:width\" content=\"600\" \/>\n\t<meta property=\"og:image:height\" content=\"600\" \/>\n\t<meta property=\"og:image:type\" content=\"image\/webp\" \/>\n<meta name=\"twitter:card\" content=\"summary_large_image\" \/>\n<meta name=\"twitter:label1\" content=\"Est. reading time\" \/>\n\t<meta name=\"twitter:data1\" content=\"3 minutes\" \/>\n<script type=\"application\/ld+json\" class=\"yoast-schema-graph\">{\"@context\":\"https:\/\/schema.org\",\"@graph\":[{\"@type\":\"WebPage\",\"@id\":\"https:\/\/www.miomiorun.com\/es\/producto\/x-ultra-360-gtx-hombre\/\",\"url\":\"https:\/\/www.miomiorun.com\/es\/producto\/x-ultra-360-gtx-hombre\/\",\"name\":\"Salomon X Ultra 360 GTX hombre -zapatos de senderismo hombre - MioMioRun\",\"isPartOf\":{\"@id\":\"https:\/\/www.miomiorun.com\/es\/#website\"},\"primaryImageOfPage\":{\"@id\":\"https:\/\/www.miomiorun.com\/es\/producto\/x-ultra-360-gtx-hombre\/#primaryimage\"},\"image\":{\"@id\":\"https:\/\/www.miomiorun.com\/es\/producto\/x-ultra-360-gtx-hombre\/#primaryimage\"},\"thumbnailUrl\":\"https:\/\/www.miomiorun.com\/app\/uploads\/2024\/12\/salomon-X-ULTRA-360-GTX-quiet-shade-black-L47453500.webp\",\"datePublished\":\"2024-12-17T13:02:08+00:00\",\"dateModified\":\"2026-03-03T17:20:44+00:00\",\"description\":\"Aprovechando lo mejor de una l\u00ednea ampliamente probada, la zapatilla de trekking X Ultra 360 GORE-TEX en su versi\u00f3n para hombre est\u00e1 preparada para afrontar largas distancias.\",\"breadcrumb\":{\"@id\":\"https:\/\/www.miomiorun.com\/es\/producto\/x-ultra-360-gtx-hombre\/#breadcrumb\"},\"inLanguage\":\"es-ES\",\"potentialAction\":[{\"@type\":\"ReadAction\",\"target\":[\"https:\/\/www.miomiorun.com\/es\/producto\/x-ultra-360-gtx-hombre\/\"]}]},{\"@type\":\"ImageObject\",\"inLanguage\":\"es-ES\",\"@id\":\"https:\/\/www.miomiorun.com\/es\/producto\/x-ultra-360-gtx-hombre\/#primaryimage\",\"url\":\"https:\/\/www.miomiorun.com\/app\/uploads\/2024\/12\/salomon-X-ULTRA-360-GTX-quiet-shade-black-L47453500.webp\",\"contentUrl\":\"https:\/\/www.miomiorun.com\/app\/uploads\/2024\/12\/salomon-X-ULTRA-360-GTX-quiet-shade-black-L47453500.webp\",\"width\":600,\"height\":600,\"caption\":\"salomon X ULTRA 360 GTX quiet shade black L47453500\"},{\"@type\":\"BreadcrumbList\",\"@id\":\"https:\/\/www.miomiorun.com\/es\/producto\/x-ultra-360-gtx-hombre\/#breadcrumb\",\"itemListElement\":[{\"@type\":\"ListItem\",\"position\":1,\"name\":\"Home\",\"item\":\"https:\/\/www.miomiorun.com\/es\/\"},{\"@type\":\"ListItem\",\"position\":2,\"name\":\"Shop\",\"item\":\"https:\/\/www.miomiorun.com\/shop\/\"},{\"@type\":\"ListItem\",\"position\":3,\"name\":\"X Ultra 360 GTX hombre\"}]},{\"@type\":\"WebSite\",\"@id\":\"https:\/\/www.miomiorun.com\/es\/#website\",\"url\":\"https:\/\/www.miomiorun.com\/es\/\",\"name\":\"MioMioRun\",\"description\":\"Tienda 100% running y trail\",\"publisher\":{\"@id\":\"https:\/\/www.miomiorun.com\/es\/#organization\"},\"potentialAction\":[{\"@type\":\"SearchAction\",\"target\":{\"@type\":\"EntryPoint\",\"urlTemplate\":\"https:\/\/www.miomiorun.com\/es\/?s={search_term_string}\"},\"query-input\":{\"@type\":\"PropertyValueSpecification\",\"valueRequired\":true,\"valueName\":\"search_term_string\"}}],\"inLanguage\":\"es-ES\"},{\"@type\":\"Organization\",\"@id\":\"https:\/\/www.miomiorun.com\/es\/#organization\",\"name\":\"MioMio Run\",\"url\":\"https:\/\/www.miomiorun.com\/es\/\",\"logo\":{\"@type\":\"ImageObject\",\"inLanguage\":\"es-ES\",\"@id\":\"https:\/\/www.miomiorun.com\/es\/#\/schema\/logo\/image\/\",\"url\":\"https:\/\/www.miomiorun.com\/app\/uploads\/2019\/12\/logomio.png\",\"contentUrl\":\"https:\/\/www.miomiorun.com\/app\/uploads\/2019\/12\/logomio.png\",\"width\":115,\"height\":82,\"caption\":\"MioMio Run\"},\"image\":{\"@id\":\"https:\/\/www.miomiorun.com\/es\/#\/schema\/logo\/image\/\"},\"sameAs\":[\"https:\/\/www.facebook.com\/miomiorun\/\",\"https:\/\/www.instagram.com\/miomiorun\/\"]}]}<\/script>\n<!-- \/ Yoast SEO plugin. -->","yoast_head_json":{"title":"Salomon X Ultra 360 GTX hombre -zapatos de senderismo hombre - MioMioRun","description":"Aprovechando lo mejor de una l\u00ednea ampliamente probada, la zapatilla de trekking X Ultra 360 GORE-TEX en su versi\u00f3n para hombre est\u00e1 preparada para afrontar largas distancias.","robots":{"index":"index","follow":"follow","max-snippet":"max-snippet:-1","max-image-preview":"max-image-preview:large","max-video-preview":"max-video-preview:-1"},"canonical":"https:\/\/www.miomiorun.com\/es\/producto\/x-ultra-360-gtx-hombre\/","og_locale":"es_ES","og_type":"article","og_title":"Salomon X Ultra 360 GTX hombre -zapatos de senderismo hombre - MioMioRun","og_description":"Aprovechando lo mejor de una l\u00ednea ampliamente probada, la zapatilla de trekking X Ultra 360 GORE-TEX en su versi\u00f3n para hombre est\u00e1 preparada para afrontar largas distancias.","og_url":"https:\/\/www.miomiorun.com\/es\/producto\/x-ultra-360-gtx-hombre\/","og_site_name":"MioMioRun","article_publisher":"https:\/\/www.facebook.com\/miomiorun\/","article_modified_time":"2026-03-03T17:20:44+00:00","og_image":[{"width":600,"height":600,"url":"https:\/\/www.miomiorun.com\/app\/uploads\/2024\/12\/salomon-X-ULTRA-360-GTX-quiet-shade-black-L47453500.webp","type":"image\/webp"}],"twitter_card":"summary_large_image","twitter_misc":{"Est. reading time":"3 minutes"},"schema":{"@context":"https:\/\/schema.org","@graph":[{"@type":"WebPage","@id":"https:\/\/www.miomiorun.com\/es\/producto\/x-ultra-360-gtx-hombre\/","url":"https:\/\/www.miomiorun.com\/es\/producto\/x-ultra-360-gtx-hombre\/","name":"Salomon X Ultra 360 GTX hombre -zapatos de senderismo hombre - MioMioRun","isPartOf":{"@id":"https:\/\/www.miomiorun.com\/es\/#website"},"primaryImageOfPage":{"@id":"https:\/\/www.miomiorun.com\/es\/producto\/x-ultra-360-gtx-hombre\/#primaryimage"},"image":{"@id":"https:\/\/www.miomiorun.com\/es\/producto\/x-ultra-360-gtx-hombre\/#primaryimage"},"thumbnailUrl":"https:\/\/www.miomiorun.com\/app\/uploads\/2024\/12\/salomon-X-ULTRA-360-GTX-quiet-shade-black-L47453500.webp","datePublished":"2024-12-17T13:02:08+00:00","dateModified":"2026-03-03T17:20:44+00:00","description":"Aprovechando lo mejor de una l\u00ednea ampliamente probada, la zapatilla de trekking X Ultra 360 GORE-TEX en su versi\u00f3n para hombre est\u00e1 preparada para afrontar largas distancias.","breadcrumb":{"@id":"https:\/\/www.miomiorun.com\/es\/producto\/x-ultra-360-gtx-hombre\/#breadcrumb"},"inLanguage":"es-ES","potentialAction":[{"@type":"ReadAction","target":["https:\/\/www.miomiorun.com\/es\/producto\/x-ultra-360-gtx-hombre\/"]}]},{"@type":"ImageObject","inLanguage":"es-ES","@id":"https:\/\/www.miomiorun.com\/es\/producto\/x-ultra-360-gtx-hombre\/#primaryimage","url":"https:\/\/www.miomiorun.com\/app\/uploads\/2024\/12\/salomon-X-ULTRA-360-GTX-quiet-shade-black-L47453500.webp","contentUrl":"https:\/\/www.miomiorun.com\/app\/uploads\/2024\/12\/salomon-X-ULTRA-360-GTX-quiet-shade-black-L47453500.webp","width":600,"height":600,"caption":"salomon X ULTRA 360 GTX quiet shade black L47453500"},{"@type":"BreadcrumbList","@id":"https:\/\/www.miomiorun.com\/es\/producto\/x-ultra-360-gtx-hombre\/#breadcrumb","itemListElement":[{"@type":"ListItem","position":1,"name":"Home","item":"https:\/\/www.miomiorun.com\/es\/"},{"@type":"ListItem","position":2,"name":"Shop","item":"https:\/\/www.miomiorun.com\/shop\/"},{"@type":"ListItem","position":3,"name":"X Ultra 360 GTX hombre"}]},{"@type":"WebSite","@id":"https:\/\/www.miomiorun.com\/es\/#website","url":"https:\/\/www.miomiorun.com\/es\/","name":"MioMioRun","description":"Tienda 100% running y trail","publisher":{"@id":"https:\/\/www.miomiorun.com\/es\/#organization"},"potentialAction":[{"@type":"SearchAction","target":{"@type":"EntryPoint","urlTemplate":"https:\/\/www.miomiorun.com\/es\/?s={search_term_string}"},"query-input":{"@type":"PropertyValueSpecification","valueRequired":true,"valueName":"search_term_string"}}],"inLanguage":"es-ES"},{"@type":"Organization","@id":"https:\/\/www.miomiorun.com\/es\/#organization","name":"MioMio Run","url":"https:\/\/www.miomiorun.com\/es\/","logo":{"@type":"ImageObject","inLanguage":"es-ES","@id":"https:\/\/www.miomiorun.com\/es\/#\/schema\/logo\/image\/","url":"https:\/\/www.miomiorun.com\/app\/uploads\/2019\/12\/logomio.png","contentUrl":"https:\/\/www.miomiorun.com\/app\/uploads\/2019\/12\/logomio.png","width":115,"height":82,"caption":"MioMio Run"},"image":{"@id":"https:\/\/www.miomiorun.com\/es\/#\/schema\/logo\/image\/"},"sameAs":["https:\/\/www.facebook.com\/miomiorun\/","https:\/\/www.instagram.com\/miomiorun\/"]}]}},"_links":{"self":[{"href":"https:\/\/www.miomiorun.com\/es\/wp-json\/wp\/v2\/product\/297396","targetHints":{"allow":["GET"]}}],"collection":[{"href":"https:\/\/www.miomiorun.com\/es\/wp-json\/wp\/v2\/product"}],"about":[{"href":"https:\/\/www.miomiorun.com\/es\/wp-json\/wp\/v2\/types\/product"}],"wp:featuredmedia":[{"embeddable":true,"href":"https:\/\/www.miomiorun.com\/es\/wp-json\/wp\/v2\/media\/250585"}],"wp:attachment":[{"href":"https:\/\/www.miomiorun.com\/es\/wp-json\/wp\/v2\/media?parent=297396"}],"wp:term":[{"taxonomy":"product_brand","embeddable":true,"href":"https:\/\/www.miomiorun.com\/es\/wp-json\/wp\/v2\/product_brand?post=297396"},{"taxonomy":"product_cat","embeddable":true,"href":"https:\/\/www.miomiorun.com\/es\/wp-json\/wp\/v2\/product_cat?post=297396"},{"taxonomy":"product_tag","embeddable":true,"href":"https:\/\/www.miomiorun.com\/es\/wp-json\/wp\/v2\/product_tag?post=297396"}],"curies":[{"name":"wp","href":"https:\/\/api.w.org\/{rel}","templated":true}]}}