{"id":297098,"date":"2025-01-08T16:45:38","date_gmt":"2025-01-08T15:45:38","guid":{"rendered":"https:\/\/miomiorun.com\/prodotto\/bondi-9-uomo\/"},"modified":"2026-03-04T12:06:15","modified_gmt":"2026-03-04T11:06:15","slug":"bondi-9-hombre","status":"publish","type":"product","link":"https:\/\/www.miomiorun.com\/es\/producto\/bondi-9-hombre\/","title":{"rendered":"Bondi 9 hombre"},"content":{"rendered":"<div class=\"vc-row container\"><div class=\"vc-column\"><div class=\"vc-column-text\"><\/p>\n<h4>Especificaciones t\u00e9cnicas<\/h4>\n<p>Categor\u00eda: Amortiguaci\u00f3n estructurada.<br \/>\nOffset: 5 mm.<br \/>\nPeso: 297 g<br \/>\nIdeal para: corredores y caminantes de peso medio-alto con pisada neutra, que buscan un modelo con la m\u00e1xima amortiguaci\u00f3n y estructura, para recorrer largas distancias corriendo o incluso caminando.<br \/>\nPeso del atleta: &gt;80 kg<br \/>\nRitmo de carrera: lento (&gt;6 min\/km)<br \/>\n<a href=\"https:\/\/miomiorun.com\/es\/guia-especifica\/\">Gu\u00eda de especificaciones t\u00e9cnicas<\/a><\/p>\n<p><\/div><\/div><div class=\"vc-column\"><div class=\"vc-column-text\"><\/p>\n<h3>Entre las zapatillas m\u00e1s resistentes de la gama HOKA, las Bondi 9 para hombre ofrecen la m\u00e1xima suavidad para recorrer kil\u00f3metros cada d\u00eda.<\/h3>\n<p>Completamente renovadas, presentan una suela m\u00e1s alta y una nueva entresuela de espuma de primera calidad, lo que garantiza la experiencia de uso suave y resistente que se ha convertido en sin\u00f3nimo de Bondi. Equipadas con un cuello moldeado en 3D y una parte superior estructurada en tejido con transpirabilidad variable seg\u00fan las zonas, este modelo de culto ultraamortiguado se completa con Durabrasion Rubber en los puntos m\u00e1s sujetos al desgaste.<\/p>\n<h3>Adecuado para:<\/h3>\n<ul>\n<li>Carretera<\/li>\n<li>Caminar<\/li>\n<\/ul>\n<p><strong>CARACTER\u00cdSTICAS:<\/strong><\/p>\n<ul class=\"features-container\">\n<li class=\"feature-item\">Cuello moldeado en 3D<\/li>\n<li class=\"feature-item\">EVA aplicado mediante un proceso innovador<\/li>\n<li class=\"feature-item\">Malla t\u00e9cnica con poli\u00e9ster reciclado (55 %)<\/li>\n<li class=\"feature-item\">Detalles reflectantes en la parte superior<\/li>\n<li class=\"feature-item\">Tirante alargado en el tal\u00f3n<\/li>\n<li class=\"feature-item\">MetaRocker\u2122 fluido<\/li>\n<li class=\"feature-item\">Active Foot Frame\u2122 concentrado en la parte trasera del pie<\/li>\n<li class=\"feature-item\">Plantilla moldeada en EVA<\/li>\n<li class=\"feature-item\">Suela en Durabrasion Rubber<\/li>\n<\/ul>\n<h3>Novedades<\/h3>\n<p>Se ha mejorado la amortiguaci\u00f3n bajo la planta del pie con una espuma aplicada mediante un proceso innovador, se ha aumentado en 2 mm la altura de la suela, se ha modificado el cuello y se ha adoptado una parte superior de tejido para que el calzado resulte m\u00e1s c\u00f3modo.<\/p>\n<h2>Estabilidad<\/h2>\n<p>Bondi 9 cuenta con una cama amortiguada sim\u00e9trica, sin tecnolog\u00edas ortop\u00e9dicas adicionales. Dise\u00f1ada para ofrecerte el apoyo que necesitas, sin caracter\u00edsticas superfluas.<\/p>\n<h2>Amortiguaci\u00f3n<\/h2>\n<p>Bondi 9 presenta una cama de amortiguaci\u00f3n m\u00e1s alta y suave, dise\u00f1ada para un impacto y una experiencia de uso m\u00e1s delicados.<\/div><\/div><\/div>\n","protected":false},"excerpt":{"rendered":"<ul>\n<li>Calzado ideal para caminar.<\/li>\n<li>M\u00e1xima suavidad para recorrer kil\u00f3metros cada d\u00eda.<\/li>\n<\/ul>\n","protected":false},"featured_media":398619,"template":"","meta":{"_acf_changed":false,"inline_featured_image":false},"product_brand":[],"product_cat":[24454,24453],"product_tag":[23479,23605],"class_list":{"0":"post-297098","1":"product","2":"type-product","3":"status-publish","4":"has-post-thumbnail","6":"product_cat-calzado-para-hombre","7":"product_cat-neutre-es-3","8":"product_tag-hoka-one-one-es","9":"product_tag-hoka-hombre","10":"pa_attivita-caminar","11":"pa_attivita-running-es","12":"pa_colore-bondi-9-black-vermillion-es","13":"pa_colore-bondi-9-cobalt-blue-ultramarine","14":"pa_colore-bondi-9-grout-neon-yuzu","15":"pa_colore-bondi-9-neon-yuzu-sunlight","16":"pa_marca-hoka-es","17":"pa_sesso-hombre","18":"pa_size-41-es","19":"pa_size-42-es","21":"pa_size-43-es","22":"pa_size-44-es","24":"pa_size-45-es","25":"pa_size-46-es","27":"pa_size-47-es","28":"pa_size-48-es","30":"first","31":"instock","32":"sale","33":"taxable","34":"shipping-taxable","35":"purchasable","36":"product-type-variable","37":"wvs-archive-product-wrapper"},"acf":[],"yoast_head":"<!-- This site is optimized with the Yoast SEO plugin v26.8 - https:\/\/yoast.com\/product\/yoast-seo-wordpress\/ -->\n<title>Hoka One One Bondi 9 hombre - zapatillas de correr - MioMioRun.com<\/title>\n<meta name=\"description\" content=\"Entre las zapatillas m\u00e1s resistentes de la gama HOKA, las Bondi 9 ofrecen la m\u00e1xima suavidad para recorrer kil\u00f3metros cada d\u00eda. Completamente renovadas.\" \/>\n<meta name=\"robots\" content=\"index, follow, max-snippet:-1, max-image-preview:large, max-video-preview:-1\" \/>\n<link rel=\"canonical\" href=\"https:\/\/www.miomiorun.com\/es\/producto\/bondi-9-hombre\/\" \/>\n<meta property=\"og:locale\" content=\"es_ES\" \/>\n<meta property=\"og:type\" content=\"article\" \/>\n<meta property=\"og:title\" content=\"Hoka One One Bondi 9 hombre - zapatillas de correr - MioMioRun.com\" \/>\n<meta property=\"og:description\" content=\"Entre las zapatillas m\u00e1s resistentes de la gama HOKA, las Bondi 9 ofrecen la m\u00e1xima suavidad para recorrer kil\u00f3metros cada d\u00eda. Completamente renovadas.\" \/>\n<meta property=\"og:url\" content=\"https:\/\/www.miomiorun.com\/es\/producto\/bondi-9-hombre\/\" \/>\n<meta property=\"og:site_name\" content=\"MioMioRun\" \/>\n<meta property=\"article:publisher\" content=\"https:\/\/www.facebook.com\/miomiorun\/\" \/>\n<meta property=\"article:modified_time\" content=\"2026-03-04T11:06:15+00:00\" \/>\n<meta property=\"og:image\" content=\"https:\/\/www.miomiorun.com\/app\/uploads\/2026\/02\/hoka-Bondi-9-neon-yuzu-sunlight-1162011-NYZS.webp\" \/>\n\t<meta property=\"og:image:width\" content=\"720\" \/>\n\t<meta property=\"og:image:height\" content=\"720\" \/>\n\t<meta property=\"og:image:type\" content=\"image\/webp\" \/>\n<meta name=\"twitter:card\" content=\"summary_large_image\" \/>\n<meta name=\"twitter:label1\" content=\"Est. reading time\" \/>\n\t<meta name=\"twitter:data1\" content=\"2 minutes\" \/>\n<script type=\"application\/ld+json\" class=\"yoast-schema-graph\">{\"@context\":\"https:\/\/schema.org\",\"@graph\":[{\"@type\":\"WebPage\",\"@id\":\"https:\/\/www.miomiorun.com\/es\/producto\/bondi-9-hombre\/\",\"url\":\"https:\/\/www.miomiorun.com\/es\/producto\/bondi-9-hombre\/\",\"name\":\"Hoka One One Bondi 9 hombre - zapatillas de correr - MioMioRun.com\",\"isPartOf\":{\"@id\":\"https:\/\/www.miomiorun.com\/es\/#website\"},\"primaryImageOfPage\":{\"@id\":\"https:\/\/www.miomiorun.com\/es\/producto\/bondi-9-hombre\/#primaryimage\"},\"image\":{\"@id\":\"https:\/\/www.miomiorun.com\/es\/producto\/bondi-9-hombre\/#primaryimage\"},\"thumbnailUrl\":\"https:\/\/www.miomiorun.com\/app\/uploads\/2026\/02\/hoka-Bondi-9-neon-yuzu-sunlight-1162011-NYZS.webp\",\"datePublished\":\"2025-01-08T15:45:38+00:00\",\"dateModified\":\"2026-03-04T11:06:15+00:00\",\"description\":\"Entre las zapatillas m\u00e1s resistentes de la gama HOKA, las Bondi 9 ofrecen la m\u00e1xima suavidad para recorrer kil\u00f3metros cada d\u00eda. Completamente renovadas.\",\"breadcrumb\":{\"@id\":\"https:\/\/www.miomiorun.com\/es\/producto\/bondi-9-hombre\/#breadcrumb\"},\"inLanguage\":\"es-ES\",\"potentialAction\":[{\"@type\":\"ReadAction\",\"target\":[\"https:\/\/www.miomiorun.com\/es\/producto\/bondi-9-hombre\/\"]}]},{\"@type\":\"ImageObject\",\"inLanguage\":\"es-ES\",\"@id\":\"https:\/\/www.miomiorun.com\/es\/producto\/bondi-9-hombre\/#primaryimage\",\"url\":\"https:\/\/www.miomiorun.com\/app\/uploads\/2026\/02\/hoka-Bondi-9-neon-yuzu-sunlight-1162011-NYZS.webp\",\"contentUrl\":\"https:\/\/www.miomiorun.com\/app\/uploads\/2026\/02\/hoka-Bondi-9-neon-yuzu-sunlight-1162011-NYZS.webp\",\"width\":720,\"height\":720,\"caption\":\"hoka Bondi 9 neon yuzu sunlight 1162011 NYZS\"},{\"@type\":\"BreadcrumbList\",\"@id\":\"https:\/\/www.miomiorun.com\/es\/producto\/bondi-9-hombre\/#breadcrumb\",\"itemListElement\":[{\"@type\":\"ListItem\",\"position\":1,\"name\":\"Home\",\"item\":\"https:\/\/www.miomiorun.com\/es\/\"},{\"@type\":\"ListItem\",\"position\":2,\"name\":\"Shop\",\"item\":\"https:\/\/www.miomiorun.com\/shop\/\"},{\"@type\":\"ListItem\",\"position\":3,\"name\":\"Bondi 9 hombre\"}]},{\"@type\":\"WebSite\",\"@id\":\"https:\/\/www.miomiorun.com\/es\/#website\",\"url\":\"https:\/\/www.miomiorun.com\/es\/\",\"name\":\"MioMioRun\",\"description\":\"Tienda 100% running y trail\",\"publisher\":{\"@id\":\"https:\/\/www.miomiorun.com\/es\/#organization\"},\"potentialAction\":[{\"@type\":\"SearchAction\",\"target\":{\"@type\":\"EntryPoint\",\"urlTemplate\":\"https:\/\/www.miomiorun.com\/es\/?s={search_term_string}\"},\"query-input\":{\"@type\":\"PropertyValueSpecification\",\"valueRequired\":true,\"valueName\":\"search_term_string\"}}],\"inLanguage\":\"es-ES\"},{\"@type\":\"Organization\",\"@id\":\"https:\/\/www.miomiorun.com\/es\/#organization\",\"name\":\"MioMio Run\",\"url\":\"https:\/\/www.miomiorun.com\/es\/\",\"logo\":{\"@type\":\"ImageObject\",\"inLanguage\":\"es-ES\",\"@id\":\"https:\/\/www.miomiorun.com\/es\/#\/schema\/logo\/image\/\",\"url\":\"https:\/\/www.miomiorun.com\/app\/uploads\/2019\/12\/logomio.png\",\"contentUrl\":\"https:\/\/www.miomiorun.com\/app\/uploads\/2019\/12\/logomio.png\",\"width\":115,\"height\":82,\"caption\":\"MioMio Run\"},\"image\":{\"@id\":\"https:\/\/www.miomiorun.com\/es\/#\/schema\/logo\/image\/\"},\"sameAs\":[\"https:\/\/www.facebook.com\/miomiorun\/\",\"https:\/\/www.instagram.com\/miomiorun\/\"]}]}<\/script>\n<!-- \/ Yoast SEO plugin. -->","yoast_head_json":{"title":"Hoka One One Bondi 9 hombre - zapatillas de correr - MioMioRun.com","description":"Entre las zapatillas m\u00e1s resistentes de la gama HOKA, las Bondi 9 ofrecen la m\u00e1xima suavidad para recorrer kil\u00f3metros cada d\u00eda. Completamente renovadas.","robots":{"index":"index","follow":"follow","max-snippet":"max-snippet:-1","max-image-preview":"max-image-preview:large","max-video-preview":"max-video-preview:-1"},"canonical":"https:\/\/www.miomiorun.com\/es\/producto\/bondi-9-hombre\/","og_locale":"es_ES","og_type":"article","og_title":"Hoka One One Bondi 9 hombre - zapatillas de correr - MioMioRun.com","og_description":"Entre las zapatillas m\u00e1s resistentes de la gama HOKA, las Bondi 9 ofrecen la m\u00e1xima suavidad para recorrer kil\u00f3metros cada d\u00eda. Completamente renovadas.","og_url":"https:\/\/www.miomiorun.com\/es\/producto\/bondi-9-hombre\/","og_site_name":"MioMioRun","article_publisher":"https:\/\/www.facebook.com\/miomiorun\/","article_modified_time":"2026-03-04T11:06:15+00:00","og_image":[{"width":720,"height":720,"url":"https:\/\/www.miomiorun.com\/app\/uploads\/2026\/02\/hoka-Bondi-9-neon-yuzu-sunlight-1162011-NYZS.webp","type":"image\/webp"}],"twitter_card":"summary_large_image","twitter_misc":{"Est. reading time":"2 minutes"},"schema":{"@context":"https:\/\/schema.org","@graph":[{"@type":"WebPage","@id":"https:\/\/www.miomiorun.com\/es\/producto\/bondi-9-hombre\/","url":"https:\/\/www.miomiorun.com\/es\/producto\/bondi-9-hombre\/","name":"Hoka One One Bondi 9 hombre - zapatillas de correr - MioMioRun.com","isPartOf":{"@id":"https:\/\/www.miomiorun.com\/es\/#website"},"primaryImageOfPage":{"@id":"https:\/\/www.miomiorun.com\/es\/producto\/bondi-9-hombre\/#primaryimage"},"image":{"@id":"https:\/\/www.miomiorun.com\/es\/producto\/bondi-9-hombre\/#primaryimage"},"thumbnailUrl":"https:\/\/www.miomiorun.com\/app\/uploads\/2026\/02\/hoka-Bondi-9-neon-yuzu-sunlight-1162011-NYZS.webp","datePublished":"2025-01-08T15:45:38+00:00","dateModified":"2026-03-04T11:06:15+00:00","description":"Entre las zapatillas m\u00e1s resistentes de la gama HOKA, las Bondi 9 ofrecen la m\u00e1xima suavidad para recorrer kil\u00f3metros cada d\u00eda. Completamente renovadas.","breadcrumb":{"@id":"https:\/\/www.miomiorun.com\/es\/producto\/bondi-9-hombre\/#breadcrumb"},"inLanguage":"es-ES","potentialAction":[{"@type":"ReadAction","target":["https:\/\/www.miomiorun.com\/es\/producto\/bondi-9-hombre\/"]}]},{"@type":"ImageObject","inLanguage":"es-ES","@id":"https:\/\/www.miomiorun.com\/es\/producto\/bondi-9-hombre\/#primaryimage","url":"https:\/\/www.miomiorun.com\/app\/uploads\/2026\/02\/hoka-Bondi-9-neon-yuzu-sunlight-1162011-NYZS.webp","contentUrl":"https:\/\/www.miomiorun.com\/app\/uploads\/2026\/02\/hoka-Bondi-9-neon-yuzu-sunlight-1162011-NYZS.webp","width":720,"height":720,"caption":"hoka Bondi 9 neon yuzu sunlight 1162011 NYZS"},{"@type":"BreadcrumbList","@id":"https:\/\/www.miomiorun.com\/es\/producto\/bondi-9-hombre\/#breadcrumb","itemListElement":[{"@type":"ListItem","position":1,"name":"Home","item":"https:\/\/www.miomiorun.com\/es\/"},{"@type":"ListItem","position":2,"name":"Shop","item":"https:\/\/www.miomiorun.com\/shop\/"},{"@type":"ListItem","position":3,"name":"Bondi 9 hombre"}]},{"@type":"WebSite","@id":"https:\/\/www.miomiorun.com\/es\/#website","url":"https:\/\/www.miomiorun.com\/es\/","name":"MioMioRun","description":"Tienda 100% running y trail","publisher":{"@id":"https:\/\/www.miomiorun.com\/es\/#organization"},"potentialAction":[{"@type":"SearchAction","target":{"@type":"EntryPoint","urlTemplate":"https:\/\/www.miomiorun.com\/es\/?s={search_term_string}"},"query-input":{"@type":"PropertyValueSpecification","valueRequired":true,"valueName":"search_term_string"}}],"inLanguage":"es-ES"},{"@type":"Organization","@id":"https:\/\/www.miomiorun.com\/es\/#organization","name":"MioMio Run","url":"https:\/\/www.miomiorun.com\/es\/","logo":{"@type":"ImageObject","inLanguage":"es-ES","@id":"https:\/\/www.miomiorun.com\/es\/#\/schema\/logo\/image\/","url":"https:\/\/www.miomiorun.com\/app\/uploads\/2019\/12\/logomio.png","contentUrl":"https:\/\/www.miomiorun.com\/app\/uploads\/2019\/12\/logomio.png","width":115,"height":82,"caption":"MioMio Run"},"image":{"@id":"https:\/\/www.miomiorun.com\/es\/#\/schema\/logo\/image\/"},"sameAs":["https:\/\/www.facebook.com\/miomiorun\/","https:\/\/www.instagram.com\/miomiorun\/"]}]}},"_links":{"self":[{"href":"https:\/\/www.miomiorun.com\/es\/wp-json\/wp\/v2\/product\/297098","targetHints":{"allow":["GET"]}}],"collection":[{"href":"https:\/\/www.miomiorun.com\/es\/wp-json\/wp\/v2\/product"}],"about":[{"href":"https:\/\/www.miomiorun.com\/es\/wp-json\/wp\/v2\/types\/product"}],"wp:featuredmedia":[{"embeddable":true,"href":"https:\/\/www.miomiorun.com\/es\/wp-json\/wp\/v2\/media\/398619"}],"wp:attachment":[{"href":"https:\/\/www.miomiorun.com\/es\/wp-json\/wp\/v2\/media?parent=297098"}],"wp:term":[{"taxonomy":"product_brand","embeddable":true,"href":"https:\/\/www.miomiorun.com\/es\/wp-json\/wp\/v2\/product_brand?post=297098"},{"taxonomy":"product_cat","embeddable":true,"href":"https:\/\/www.miomiorun.com\/es\/wp-json\/wp\/v2\/product_cat?post=297098"},{"taxonomy":"product_tag","embeddable":true,"href":"https:\/\/www.miomiorun.com\/es\/wp-json\/wp\/v2\/product_tag?post=297098"}],"curies":[{"name":"wp","href":"https:\/\/api.w.org\/{rel}","templated":true}]}}