{"id":296970,"date":"2025-01-14T13:45:30","date_gmt":"2025-01-14T12:45:30","guid":{"rendered":"https:\/\/miomiorun.com\/prodotto\/launch-11-donna-2\/"},"modified":"2025-05-30T17:34:54","modified_gmt":"2025-05-30T15:34:54","slug":"launch-11-mujer","status":"publish","type":"product","link":"https:\/\/www.miomiorun.com\/es\/producto\/launch-11-mujer\/","title":{"rendered":"Launch 11 mujer"},"content":{"rendered":"<div class=\"vc-row container\"><div class=\"vc-column\"><div class=\"vc-column-text\"><\/p>\n<p><strong>Especificaciones t\u00e9cnicas<\/strong><\/p>\n<p>Categor\u00eda: amortiguaci\u00f3n reactiva<br \/>\nOffset: 8 mm<br \/>\nPeso: 218 g<br \/>\nIdeal para : corredores con pisada neutra y suela media que buscan un modelo de zapatilla vers\u00e1til y ligera, para afrontar distancias medias e incluso entrenamientos de calidad con facilidad.<br \/>\nPeso del atleta : 50-65 kg<br \/>\nRitmo de carrera : medio-r\u00e1pido (4.00-5.30 min\/km)<br \/>\n<a href=\"https:\/\/miomiorun.com\/es\/guia-especifica\/\">Gu\u00eda de especificaciones<\/a><\/p>\n<p><\/div><\/div><div class=\"vc-column\"><div class=\"vc-column-text\">Dale un impulso a tu zancada con estas ligeras zapatillas de running para hombre. Las <strong>Launch 11<\/strong> para mujer ofrecen una carrera vers\u00e1til y r\u00e1pida, gracias a una amortiguaci\u00f3n ligera y con capacidad de respuesta y a una parte superior transpirable y aerodin\u00e1mica para que puedas correr sin distracciones.<\/p>\n<p><strong>SOSTENIBILIDAD<\/strong><\/p>\n<div class=\"m-long-description__sustainability\">\n<div class=\"m-long-description__sustainability\">\n<div class=\"m-long-description__sustainability--value\">75,3 % de materiales reciclados en la parte superior<\/div>\n<\/div>\n<div><strong>Caracter\u00edsticas:<\/strong><\/div>\n<\/div>\n<div>\n<ul class=\"m-long-description__features\">\n<li class=\"m-long-description__feature\">\n<div class=\"m-long-description__feature--bullets\" aria-hidden=\"true\">Amortiguaci\u00f3n reactiva<\/div>\n<\/li>\n<li class=\"m-long-description__feature\">\n<div class=\"m-long-description__feature--bullets\" aria-hidden=\"true\">Ajuste seguro y transpirable<\/div>\n<\/li>\n<li class=\"m-long-description__feature\">\n<div class=\"m-long-description__feature--bullets\" aria-hidden=\"true\">Transiciones r\u00e1pidas y fluidas<\/div>\n<\/li>\n<\/ul>\n<h2 class=\"a-type-h2\" style=\"text-align: center;\">Una explosi\u00f3n de velocidad en una zapatilla superligera<\/h2>\n<div class=\"o-feature-callout__feature-copy\">\n<h3 class=\"a-type-h4 o-feature-callout__feature-eyebrow\">Da un impulso a tu zancada<\/h3>\n<h2 class=\"a-type-h3--big o-feature-callout__feature-header\">Corre r\u00e1pido. Todos los d\u00edas.<\/h2>\n<p class=\"a-type-p o-feature-callout__feature-body\">La ligera amortiguaci\u00f3n DNA Flash es sensible y adaptable, mientras que el antepi\u00e9 DNA Flash V2 contribuye a una experiencia de carrera r\u00e1pida y propulsiva.<\/p>\n<div class=\"o-feature-callout__feature-copy\">\n<h3 class=\"a-type-h4 o-feature-callout__feature-eyebrow\">Fresco por dentro. Siempre seco.<\/h3>\n<h2 class=\"a-type-h3--big o-feature-callout__feature-header\">Parte superior transpirable<\/h2>\n<p class=\"a-type-p o-feature-callout__feature-body\">La parte superior de malla proporciona seguridad y transpirabilidad al pie, ayud\u00e1ndote a mantener la concentraci\u00f3n en tu carrera.<\/p>\n<div class=\"o-feature-callout__feature-copy\">\n<h3 class=\"a-type-h4 o-feature-callout__feature-eyebrow\">Encuentra tu flujo.<\/h3>\n<h2 class=\"a-type-h3--big o-feature-callout__feature-header\">Transiciones r\u00e1pidas y suaves<\/h2>\n<p class=\"a-type-p o-feature-callout__feature-body\">La suela de goma RoadTack proporciona una mayor tracci\u00f3n para un despegue eficaz.<\/p>\n<\/div>\n<\/div>\n<\/div>\n<\/div>\n<p><\/div><\/div><\/div>\n","protected":false},"excerpt":{"rendered":"<ul>\n<li>Zapatilla<\/li>\n<li>ligera Amortiguaci\u00f3n reactiva Dna flash para darte a\u00fan m\u00e1s empuje<\/li>\n<\/ul>\n","protected":false},"featured_media":250967,"template":"","meta":{"_acf_changed":false,"inline_featured_image":false},"product_brand":[],"product_cat":[24227,24228],"product_tag":[23463,23664],"class_list":{"0":"post-296970","1":"product","2":"type-product","3":"status-publish","4":"has-post-thumbnail","6":"product_cat-calzado-femenino","7":"product_cat-neutre-es","8":"product_tag-brooks-es","9":"product_tag-brooks-mujer","10":"pa_attivita-caminar","11":"pa_attivita-fitness-es","12":"pa_attivita-running-es","13":"pa_colore-launch-11-w-coral-primrose-white-es","14":"pa_colore-launch-11-w-sherbert-coconut-pink-es","15":"pa_marca-brooks-es","16":"pa_sesso-mujer","17":"pa_size-37-5-es","18":"pa_size-38-es","20":"first","21":"instock","22":"sale","23":"taxable","24":"shipping-taxable","25":"purchasable","26":"product-type-variable","27":"wvs-archive-product-wrapper"},"acf":[],"yoast_head":"<!-- This site is optimized with the Yoast SEO plugin v26.8 - https:\/\/yoast.com\/product\/yoast-seo-wordpress\/ -->\n<title>Brooks Launch 11 mujer - Zapatillas de running para mujer - MioMioRun.com<\/title>\n<meta name=\"description\" content=\"Da un impulso a tu zancada con estas ligeras zapatillas de running. Las Launch 11 para mujer ofrecen una carrera vers\u00e1til y r\u00e1pida\" \/>\n<meta name=\"robots\" content=\"index, follow, max-snippet:-1, max-image-preview:large, max-video-preview:-1\" \/>\n<link rel=\"canonical\" href=\"https:\/\/www.miomiorun.com\/es\/producto\/launch-11-mujer\/\" \/>\n<meta property=\"og:locale\" content=\"es_ES\" \/>\n<meta property=\"og:type\" content=\"article\" \/>\n<meta property=\"og:title\" content=\"Brooks Launch 11 mujer - Zapatillas de running para mujer - MioMioRun.com\" \/>\n<meta property=\"og:description\" content=\"Da un impulso a tu zancada con estas ligeras zapatillas de running. Las Launch 11 para mujer ofrecen una carrera vers\u00e1til y r\u00e1pida\" \/>\n<meta property=\"og:url\" content=\"https:\/\/www.miomiorun.com\/es\/producto\/launch-11-mujer\/\" \/>\n<meta property=\"og:site_name\" content=\"MioMioRun\" \/>\n<meta property=\"article:publisher\" content=\"https:\/\/www.facebook.com\/miomiorun\/\" \/>\n<meta property=\"article:modified_time\" content=\"2025-05-30T15:34:54+00:00\" \/>\n<meta property=\"og:image\" content=\"https:\/\/www.miomiorun.com\/app\/uploads\/2025\/01\/brooks-Launch-11-W-coral-primrose-white-1204391B603.webp\" \/>\n\t<meta property=\"og:image:width\" content=\"600\" \/>\n\t<meta property=\"og:image:height\" content=\"600\" \/>\n\t<meta property=\"og:image:type\" content=\"image\/webp\" \/>\n<meta name=\"twitter:card\" content=\"summary_large_image\" \/>\n<meta name=\"twitter:label1\" content=\"Est. reading time\" \/>\n\t<meta name=\"twitter:data1\" content=\"1 minute\" \/>\n<script type=\"application\/ld+json\" class=\"yoast-schema-graph\">{\"@context\":\"https:\/\/schema.org\",\"@graph\":[{\"@type\":\"WebPage\",\"@id\":\"https:\/\/www.miomiorun.com\/es\/producto\/launch-11-mujer\/\",\"url\":\"https:\/\/www.miomiorun.com\/es\/producto\/launch-11-mujer\/\",\"name\":\"Brooks Launch 11 mujer - Zapatillas de running para mujer - MioMioRun.com\",\"isPartOf\":{\"@id\":\"https:\/\/www.miomiorun.com\/es\/#website\"},\"primaryImageOfPage\":{\"@id\":\"https:\/\/www.miomiorun.com\/es\/producto\/launch-11-mujer\/#primaryimage\"},\"image\":{\"@id\":\"https:\/\/www.miomiorun.com\/es\/producto\/launch-11-mujer\/#primaryimage\"},\"thumbnailUrl\":\"https:\/\/www.miomiorun.com\/app\/uploads\/2025\/01\/brooks-Launch-11-W-coral-primrose-white-1204391B603.webp\",\"datePublished\":\"2025-01-14T12:45:30+00:00\",\"dateModified\":\"2025-05-30T15:34:54+00:00\",\"description\":\"Da un impulso a tu zancada con estas ligeras zapatillas de running. Las Launch 11 para mujer ofrecen una carrera vers\u00e1til y r\u00e1pida\",\"breadcrumb\":{\"@id\":\"https:\/\/www.miomiorun.com\/es\/producto\/launch-11-mujer\/#breadcrumb\"},\"inLanguage\":\"es-ES\",\"potentialAction\":[{\"@type\":\"ReadAction\",\"target\":[\"https:\/\/www.miomiorun.com\/es\/producto\/launch-11-mujer\/\"]}]},{\"@type\":\"ImageObject\",\"inLanguage\":\"es-ES\",\"@id\":\"https:\/\/www.miomiorun.com\/es\/producto\/launch-11-mujer\/#primaryimage\",\"url\":\"https:\/\/www.miomiorun.com\/app\/uploads\/2025\/01\/brooks-Launch-11-W-coral-primrose-white-1204391B603.webp\",\"contentUrl\":\"https:\/\/www.miomiorun.com\/app\/uploads\/2025\/01\/brooks-Launch-11-W-coral-primrose-white-1204391B603.webp\",\"width\":600,\"height\":600,\"caption\":\"brooks Launch 11 W coral primrose white 1204391B603\"},{\"@type\":\"BreadcrumbList\",\"@id\":\"https:\/\/www.miomiorun.com\/es\/producto\/launch-11-mujer\/#breadcrumb\",\"itemListElement\":[{\"@type\":\"ListItem\",\"position\":1,\"name\":\"Home\",\"item\":\"https:\/\/www.miomiorun.com\/es\/\"},{\"@type\":\"ListItem\",\"position\":2,\"name\":\"Shop\",\"item\":\"https:\/\/www.miomiorun.com\/shop\/\"},{\"@type\":\"ListItem\",\"position\":3,\"name\":\"Launch 11 mujer\"}]},{\"@type\":\"WebSite\",\"@id\":\"https:\/\/www.miomiorun.com\/es\/#website\",\"url\":\"https:\/\/www.miomiorun.com\/es\/\",\"name\":\"MioMioRun\",\"description\":\"Tienda 100% running y trail\",\"publisher\":{\"@id\":\"https:\/\/www.miomiorun.com\/es\/#organization\"},\"potentialAction\":[{\"@type\":\"SearchAction\",\"target\":{\"@type\":\"EntryPoint\",\"urlTemplate\":\"https:\/\/www.miomiorun.com\/es\/?s={search_term_string}\"},\"query-input\":{\"@type\":\"PropertyValueSpecification\",\"valueRequired\":true,\"valueName\":\"search_term_string\"}}],\"inLanguage\":\"es-ES\"},{\"@type\":\"Organization\",\"@id\":\"https:\/\/www.miomiorun.com\/es\/#organization\",\"name\":\"MioMio Run\",\"url\":\"https:\/\/www.miomiorun.com\/es\/\",\"logo\":{\"@type\":\"ImageObject\",\"inLanguage\":\"es-ES\",\"@id\":\"https:\/\/www.miomiorun.com\/es\/#\/schema\/logo\/image\/\",\"url\":\"https:\/\/www.miomiorun.com\/app\/uploads\/2019\/12\/logomio.png\",\"contentUrl\":\"https:\/\/www.miomiorun.com\/app\/uploads\/2019\/12\/logomio.png\",\"width\":115,\"height\":82,\"caption\":\"MioMio Run\"},\"image\":{\"@id\":\"https:\/\/www.miomiorun.com\/es\/#\/schema\/logo\/image\/\"},\"sameAs\":[\"https:\/\/www.facebook.com\/miomiorun\/\",\"https:\/\/www.instagram.com\/miomiorun\/\"]}]}<\/script>\n<!-- \/ Yoast SEO plugin. -->","yoast_head_json":{"title":"Brooks Launch 11 mujer - Zapatillas de running para mujer - MioMioRun.com","description":"Da un impulso a tu zancada con estas ligeras zapatillas de running. Las Launch 11 para mujer ofrecen una carrera vers\u00e1til y r\u00e1pida","robots":{"index":"index","follow":"follow","max-snippet":"max-snippet:-1","max-image-preview":"max-image-preview:large","max-video-preview":"max-video-preview:-1"},"canonical":"https:\/\/www.miomiorun.com\/es\/producto\/launch-11-mujer\/","og_locale":"es_ES","og_type":"article","og_title":"Brooks Launch 11 mujer - Zapatillas de running para mujer - MioMioRun.com","og_description":"Da un impulso a tu zancada con estas ligeras zapatillas de running. Las Launch 11 para mujer ofrecen una carrera vers\u00e1til y r\u00e1pida","og_url":"https:\/\/www.miomiorun.com\/es\/producto\/launch-11-mujer\/","og_site_name":"MioMioRun","article_publisher":"https:\/\/www.facebook.com\/miomiorun\/","article_modified_time":"2025-05-30T15:34:54+00:00","og_image":[{"width":600,"height":600,"url":"https:\/\/www.miomiorun.com\/app\/uploads\/2025\/01\/brooks-Launch-11-W-coral-primrose-white-1204391B603.webp","type":"image\/webp"}],"twitter_card":"summary_large_image","twitter_misc":{"Est. reading time":"1 minute"},"schema":{"@context":"https:\/\/schema.org","@graph":[{"@type":"WebPage","@id":"https:\/\/www.miomiorun.com\/es\/producto\/launch-11-mujer\/","url":"https:\/\/www.miomiorun.com\/es\/producto\/launch-11-mujer\/","name":"Brooks Launch 11 mujer - Zapatillas de running para mujer - MioMioRun.com","isPartOf":{"@id":"https:\/\/www.miomiorun.com\/es\/#website"},"primaryImageOfPage":{"@id":"https:\/\/www.miomiorun.com\/es\/producto\/launch-11-mujer\/#primaryimage"},"image":{"@id":"https:\/\/www.miomiorun.com\/es\/producto\/launch-11-mujer\/#primaryimage"},"thumbnailUrl":"https:\/\/www.miomiorun.com\/app\/uploads\/2025\/01\/brooks-Launch-11-W-coral-primrose-white-1204391B603.webp","datePublished":"2025-01-14T12:45:30+00:00","dateModified":"2025-05-30T15:34:54+00:00","description":"Da un impulso a tu zancada con estas ligeras zapatillas de running. Las Launch 11 para mujer ofrecen una carrera vers\u00e1til y r\u00e1pida","breadcrumb":{"@id":"https:\/\/www.miomiorun.com\/es\/producto\/launch-11-mujer\/#breadcrumb"},"inLanguage":"es-ES","potentialAction":[{"@type":"ReadAction","target":["https:\/\/www.miomiorun.com\/es\/producto\/launch-11-mujer\/"]}]},{"@type":"ImageObject","inLanguage":"es-ES","@id":"https:\/\/www.miomiorun.com\/es\/producto\/launch-11-mujer\/#primaryimage","url":"https:\/\/www.miomiorun.com\/app\/uploads\/2025\/01\/brooks-Launch-11-W-coral-primrose-white-1204391B603.webp","contentUrl":"https:\/\/www.miomiorun.com\/app\/uploads\/2025\/01\/brooks-Launch-11-W-coral-primrose-white-1204391B603.webp","width":600,"height":600,"caption":"brooks Launch 11 W coral primrose white 1204391B603"},{"@type":"BreadcrumbList","@id":"https:\/\/www.miomiorun.com\/es\/producto\/launch-11-mujer\/#breadcrumb","itemListElement":[{"@type":"ListItem","position":1,"name":"Home","item":"https:\/\/www.miomiorun.com\/es\/"},{"@type":"ListItem","position":2,"name":"Shop","item":"https:\/\/www.miomiorun.com\/shop\/"},{"@type":"ListItem","position":3,"name":"Launch 11 mujer"}]},{"@type":"WebSite","@id":"https:\/\/www.miomiorun.com\/es\/#website","url":"https:\/\/www.miomiorun.com\/es\/","name":"MioMioRun","description":"Tienda 100% running y trail","publisher":{"@id":"https:\/\/www.miomiorun.com\/es\/#organization"},"potentialAction":[{"@type":"SearchAction","target":{"@type":"EntryPoint","urlTemplate":"https:\/\/www.miomiorun.com\/es\/?s={search_term_string}"},"query-input":{"@type":"PropertyValueSpecification","valueRequired":true,"valueName":"search_term_string"}}],"inLanguage":"es-ES"},{"@type":"Organization","@id":"https:\/\/www.miomiorun.com\/es\/#organization","name":"MioMio Run","url":"https:\/\/www.miomiorun.com\/es\/","logo":{"@type":"ImageObject","inLanguage":"es-ES","@id":"https:\/\/www.miomiorun.com\/es\/#\/schema\/logo\/image\/","url":"https:\/\/www.miomiorun.com\/app\/uploads\/2019\/12\/logomio.png","contentUrl":"https:\/\/www.miomiorun.com\/app\/uploads\/2019\/12\/logomio.png","width":115,"height":82,"caption":"MioMio Run"},"image":{"@id":"https:\/\/www.miomiorun.com\/es\/#\/schema\/logo\/image\/"},"sameAs":["https:\/\/www.facebook.com\/miomiorun\/","https:\/\/www.instagram.com\/miomiorun\/"]}]}},"_links":{"self":[{"href":"https:\/\/www.miomiorun.com\/es\/wp-json\/wp\/v2\/product\/296970","targetHints":{"allow":["GET"]}}],"collection":[{"href":"https:\/\/www.miomiorun.com\/es\/wp-json\/wp\/v2\/product"}],"about":[{"href":"https:\/\/www.miomiorun.com\/es\/wp-json\/wp\/v2\/types\/product"}],"wp:featuredmedia":[{"embeddable":true,"href":"https:\/\/www.miomiorun.com\/es\/wp-json\/wp\/v2\/media\/250967"}],"wp:attachment":[{"href":"https:\/\/www.miomiorun.com\/es\/wp-json\/wp\/v2\/media?parent=296970"}],"wp:term":[{"taxonomy":"product_brand","embeddable":true,"href":"https:\/\/www.miomiorun.com\/es\/wp-json\/wp\/v2\/product_brand?post=296970"},{"taxonomy":"product_cat","embeddable":true,"href":"https:\/\/www.miomiorun.com\/es\/wp-json\/wp\/v2\/product_cat?post=296970"},{"taxonomy":"product_tag","embeddable":true,"href":"https:\/\/www.miomiorun.com\/es\/wp-json\/wp\/v2\/product_tag?post=296970"}],"curies":[{"name":"wp","href":"https:\/\/api.w.org\/{rel}","templated":true}]}}