{"id":296822,"date":"2025-01-14T15:02:00","date_gmt":"2025-01-14T14:02:00","guid":{"rendered":"https:\/\/miomiorun.com\/prodotto\/fwd-via-uomo\/"},"modified":"2026-03-20T23:58:37","modified_gmt":"2026-03-20T22:58:37","slug":"fwd-via-hombre","status":"publish","type":"product","link":"https:\/\/www.miomiorun.com\/es\/producto\/fwd-via-hombre\/","title":{"rendered":"Fwd Via hombre"},"content":{"rendered":"<div class=\"vc-row container\"><div class=\"vc-column\"><div class=\"vc-column-text\"><\/p>\n<p><strong>Especificaciones t\u00e9cnicas<\/strong><\/p>\n<p>Categor\u00eda: amortiguaci\u00f3n superior.<br \/>\nAltura de la suela: 33 mm\/37 mm.<br \/>\nDesviaci\u00f3n: 4 mm.<br \/>\nPeso: 269,32 g.<br \/>\nIdeal para: corredores aficionados al running en carretera que buscan una zapatilla con la m\u00e1xima amortiguaci\u00f3n para una carrera a\u00fan m\u00e1s c\u00f3moda y eficaz, ideal para distancias largas y medias.<br \/>\nPeso del atleta: &lt;70 kg.<br \/>\nRitmo de carrera: medio (5,50 min\/km)<br \/>\n<a href=\"https:\/\/miomiorun.com\/es\/guia-especifica\/\">Gu\u00eda de especificaciones t\u00e9cnicas<\/a><\/p>\n<p><\/div><\/div><div class=\"vc-column\"><div class=\"vc-column-text\"><\/p>\n<div class=\"swiper-button-container\">\n<h2 class=\"pagination-container swiper-pagination-clickable swiper-pagination-bullets\" style=\"text-align: center\">S\u00e1cale el m\u00e1ximo partido en la carretera.<\/h2>\n<div class=\"pagination-container swiper-pagination-clickable swiper-pagination-bullets\">Con la m\u00e1xima amortiguaci\u00f3n, el perfil rocker, un drop bajo y la puntera m\u00e1s espaciosa, las <strong>FWD VIA<\/strong> en la versi\u00f3n para hombre est\u00e1n listas para dar lo mejor de s\u00ed mismas.<\/div>\n<div class=\"pagination-container swiper-pagination-clickable swiper-pagination-bullets\">Con una nueva espuma supercr\u00edtica para la entresuela: Altra EGO\u2122 FLO. Infusionada con nitr\u00f3geno, es ligera, suave y est\u00e1 dise\u00f1ada para ofrecerte comodidad y amortiguaci\u00f3n.<\/div>\n<div class=\"pagination-container swiper-pagination-clickable swiper-pagination-bullets\">Un drop bajo de 4 mm completa el perfil rocker de las zapatillas, dise\u00f1adas para dar la sensaci\u00f3n de empuje hacia delante en cada paso, garantizando adem\u00e1s un despegue eficaz del suelo.<\/div>\n<h2 class=\"pagination-container swiper-pagination-clickable swiper-pagination-bullets\" style=\"text-align: center\">Para una carrera tan fluida que te parecer\u00e1 que se mueven solas.<\/p>\n<div class=\"pagination-container swiper-pagination-clickable swiper-pagination-bullets\">Est\u00e1n fabricadas con una parte superior de malla t\u00e9cnica para ofrecer transpirabilidad sin renunciar a una est\u00e9tica elegante. Con el exclusivo FootShape Fit m\u00e1s espacioso de Altra, para permitir que los dedos de los pies se muevan libremente, y m\u00e1s espacio tambi\u00e9n para el antepi\u00e9. <\/div>\n<div><\/div>\n<h3 class=\"pagination-container swiper-pagination-clickable swiper-pagination-bullets\" style=\"text-align: center\">As\u00ed que \u00e1tate las zapatillas, haz un poco de estiramiento y ponte en marcha. Solo se necesitan dos palabras para describir estas zapatillas: comodidad y ligereza. No hay nada mejor. <\/h3>\n<h2>\u00bfPor qu\u00e9 te encantar\u00e1n?<\/h2>\n<p>&nbsp;<\/p>\n<p><img decoding=\"async\" class=\"e1hv7j1x3 css-nq7z2q e1j5awdb3\" src=\"https:\/\/cdn2.altrarunning.filoblu.com\/rx\/q_100,w_128,ofmt_webp\/media\/contentmanager\/content\/footshape.png\" alt=\"FOOTSHAPE\u2122 TOE BOX\" data-nimg=\"fixed\"><\/p>\n<p><strong>FOOTSHAPE\u2122 TOE BOX<\/strong><\/p>\n<p><span data-sheets-value=\"{&quot;1&quot;:2,&quot;2&quot;:&quot;Permette alle dita dei tuoi piedi di rilassarsi e di distendersi naturalmente, garantendoti ancora pi\u00f9 comfort e stabilit\u00e0 sia in salita che in discesa.&quot;}\" data-sheets-userformat=\"{&quot;2&quot;:7043,&quot;3&quot;:{&quot;1&quot;:0},&quot;4&quot;:&#091;null,2,16777215&#093;,&quot;10&quot;:2,&quot;11&quot;:4,&quot;12&quot;:0,&quot;14&quot;:&#091;null,2,0&#093;,&quot;15&quot;:&quot;Arial, sans-serif&quot;}\">Permite que los dedos de los pies se relajen y se estiren de forma natural, lo que te garantiza a\u00fan m\u00e1s comodidad y estabilidad tanto en subida como en bajada.<\/span><\/p>\n<p>&nbsp;<\/p>\n<\/h2>\n<\/div>\n<p><img decoding=\"async\" class=\"e1hv7j1x3 css-nq7z2q e1j5awdb3\" src=\"https:\/\/cdn2.altrarunning.filoblu.com\/rx\/q_100,w_128,ofmt_webp\/media\/contentmanager\/content\/240913_Shoe_Rocker_Shape__100x100.png\" alt=\"Rocker Shape\" data-nimg=\"fixed\"><\/p>\n<p><strong>Rocker Shape<\/strong><\/p>\n<p>Nuestra forma rocker est\u00e1 dise\u00f1ada para darte la sensaci\u00f3n de que te empujan hacia delante con cada paso y te garantiza un despegue eficaz sin afectar a tu zancada natural.<\/div><\/div><\/div>\n","protected":false},"excerpt":{"rendered":"<ul>\n<li>Zapatilla superamortiguada ideal para correr por carretera.<\/li>\n<li>Ideal para distancias medias y largas.<\/li>\n<li>Drop de 4 mm.<\/li>\n<\/ul>\n","protected":false},"featured_media":251153,"template":"","meta":{"_acf_changed":false,"inline_featured_image":false},"product_brand":[],"product_cat":[24468,24467],"product_tag":[23459,23673],"class_list":{"0":"post-296822","1":"product","2":"type-product","3":"status-publish","4":"has-post-thumbnail","6":"product_cat-calzado-para-hombre-es","7":"product_cat-neutre-es-4","8":"product_tag-altra-es","9":"product_tag-altra-hombre","10":"pa_attivita-caminar","11":"pa_attivita-running-es","12":"pa_colore-fwd-via-black-blue-es","13":"pa_colore-fwd-via-blue-yellow-es","14":"pa_marca-altra-es","15":"pa_sesso-hombre","16":"pa_size-42-es","17":"pa_size-46-es","18":"pa_size-46-5-es","20":"first","21":"instock","22":"sale","23":"taxable","24":"shipping-taxable","25":"purchasable","26":"product-type-variable","27":"wvs-archive-product-wrapper"},"acf":[],"yoast_head":"<!-- This site is optimized with the Yoast SEO plugin v26.8 - https:\/\/yoast.com\/product\/yoast-seo-wordpress\/ -->\n<title>Altra Fwd Via hombre - Zapatillas de running hombre - MioMioRun<\/title>\n<meta name=\"description\" content=\"Con la m\u00e1xima amortiguaci\u00f3n, el perfil rocker, un drop bajo y la puntera m\u00e1s espaciosa, las FWD VIA est\u00e1n listas para dar lo mejor de s\u00ed mismas.\" \/>\n<meta name=\"robots\" content=\"index, follow, max-snippet:-1, max-image-preview:large, max-video-preview:-1\" \/>\n<link rel=\"canonical\" href=\"https:\/\/www.miomiorun.com\/es\/producto\/fwd-via-hombre\/\" \/>\n<meta property=\"og:locale\" content=\"es_ES\" \/>\n<meta property=\"og:type\" content=\"article\" \/>\n<meta property=\"og:title\" content=\"Altra Fwd Via hombre - Zapatillas de running hombre - MioMioRun\" \/>\n<meta property=\"og:description\" content=\"Con la m\u00e1xima amortiguaci\u00f3n, el perfil rocker, un drop bajo y la puntera m\u00e1s espaciosa, las FWD VIA est\u00e1n listas para dar lo mejor de s\u00ed mismas.\" \/>\n<meta property=\"og:url\" content=\"https:\/\/www.miomiorun.com\/es\/producto\/fwd-via-hombre\/\" \/>\n<meta property=\"og:site_name\" content=\"MioMioRun\" \/>\n<meta property=\"article:publisher\" content=\"https:\/\/www.facebook.com\/miomiorun\/\" \/>\n<meta property=\"article:modified_time\" content=\"2026-03-20T22:58:37+00:00\" \/>\n<meta property=\"og:image\" content=\"https:\/\/www.miomiorun.com\/app\/uploads\/2025\/01\/altra-FWD-VIA-BLK-ORN-AL0A85PN0131.webp\" \/>\n\t<meta property=\"og:image:width\" content=\"600\" \/>\n\t<meta property=\"og:image:height\" content=\"600\" \/>\n\t<meta property=\"og:image:type\" content=\"image\/webp\" \/>\n<meta name=\"twitter:card\" content=\"summary_large_image\" \/>\n<meta name=\"twitter:label1\" content=\"Est. reading time\" \/>\n\t<meta name=\"twitter:data1\" content=\"2 minutes\" \/>\n<script type=\"application\/ld+json\" class=\"yoast-schema-graph\">{\"@context\":\"https:\/\/schema.org\",\"@graph\":[{\"@type\":\"WebPage\",\"@id\":\"https:\/\/www.miomiorun.com\/es\/producto\/fwd-via-hombre\/\",\"url\":\"https:\/\/www.miomiorun.com\/es\/producto\/fwd-via-hombre\/\",\"name\":\"Altra Fwd Via hombre - Zapatillas de running hombre - MioMioRun\",\"isPartOf\":{\"@id\":\"https:\/\/www.miomiorun.com\/es\/#website\"},\"primaryImageOfPage\":{\"@id\":\"https:\/\/www.miomiorun.com\/es\/producto\/fwd-via-hombre\/#primaryimage\"},\"image\":{\"@id\":\"https:\/\/www.miomiorun.com\/es\/producto\/fwd-via-hombre\/#primaryimage\"},\"thumbnailUrl\":\"https:\/\/www.miomiorun.com\/app\/uploads\/2025\/01\/altra-FWD-VIA-BLK-ORN-AL0A85PN0131.webp\",\"datePublished\":\"2025-01-14T14:02:00+00:00\",\"dateModified\":\"2026-03-20T22:58:37+00:00\",\"description\":\"Con la m\u00e1xima amortiguaci\u00f3n, el perfil rocker, un drop bajo y la puntera m\u00e1s espaciosa, las FWD VIA est\u00e1n listas para dar lo mejor de s\u00ed mismas.\",\"breadcrumb\":{\"@id\":\"https:\/\/www.miomiorun.com\/es\/producto\/fwd-via-hombre\/#breadcrumb\"},\"inLanguage\":\"es-ES\",\"potentialAction\":[{\"@type\":\"ReadAction\",\"target\":[\"https:\/\/www.miomiorun.com\/es\/producto\/fwd-via-hombre\/\"]}]},{\"@type\":\"ImageObject\",\"inLanguage\":\"es-ES\",\"@id\":\"https:\/\/www.miomiorun.com\/es\/producto\/fwd-via-hombre\/#primaryimage\",\"url\":\"https:\/\/www.miomiorun.com\/app\/uploads\/2025\/01\/altra-FWD-VIA-BLK-ORN-AL0A85PN0131.webp\",\"contentUrl\":\"https:\/\/www.miomiorun.com\/app\/uploads\/2025\/01\/altra-FWD-VIA-BLK-ORN-AL0A85PN0131.webp\",\"width\":600,\"height\":600,\"caption\":\"altra FWD VIA BLK ORN AL0A85PN0131\"},{\"@type\":\"BreadcrumbList\",\"@id\":\"https:\/\/www.miomiorun.com\/es\/producto\/fwd-via-hombre\/#breadcrumb\",\"itemListElement\":[{\"@type\":\"ListItem\",\"position\":1,\"name\":\"Home\",\"item\":\"https:\/\/www.miomiorun.com\/es\/\"},{\"@type\":\"ListItem\",\"position\":2,\"name\":\"Shop\",\"item\":\"https:\/\/www.miomiorun.com\/shop\/\"},{\"@type\":\"ListItem\",\"position\":3,\"name\":\"Fwd Via hombre\"}]},{\"@type\":\"WebSite\",\"@id\":\"https:\/\/www.miomiorun.com\/es\/#website\",\"url\":\"https:\/\/www.miomiorun.com\/es\/\",\"name\":\"MioMioRun\",\"description\":\"Tienda 100% running y trail\",\"publisher\":{\"@id\":\"https:\/\/www.miomiorun.com\/es\/#organization\"},\"potentialAction\":[{\"@type\":\"SearchAction\",\"target\":{\"@type\":\"EntryPoint\",\"urlTemplate\":\"https:\/\/www.miomiorun.com\/es\/?s={search_term_string}\"},\"query-input\":{\"@type\":\"PropertyValueSpecification\",\"valueRequired\":true,\"valueName\":\"search_term_string\"}}],\"inLanguage\":\"es-ES\"},{\"@type\":\"Organization\",\"@id\":\"https:\/\/www.miomiorun.com\/es\/#organization\",\"name\":\"MioMio Run\",\"url\":\"https:\/\/www.miomiorun.com\/es\/\",\"logo\":{\"@type\":\"ImageObject\",\"inLanguage\":\"es-ES\",\"@id\":\"https:\/\/www.miomiorun.com\/es\/#\/schema\/logo\/image\/\",\"url\":\"https:\/\/www.miomiorun.com\/app\/uploads\/2019\/12\/logomio.png\",\"contentUrl\":\"https:\/\/www.miomiorun.com\/app\/uploads\/2019\/12\/logomio.png\",\"width\":115,\"height\":82,\"caption\":\"MioMio Run\"},\"image\":{\"@id\":\"https:\/\/www.miomiorun.com\/es\/#\/schema\/logo\/image\/\"},\"sameAs\":[\"https:\/\/www.facebook.com\/miomiorun\/\",\"https:\/\/www.instagram.com\/miomiorun\/\"]}]}<\/script>\n<!-- \/ Yoast SEO plugin. -->","yoast_head_json":{"title":"Altra Fwd Via hombre - Zapatillas de running hombre - MioMioRun","description":"Con la m\u00e1xima amortiguaci\u00f3n, el perfil rocker, un drop bajo y la puntera m\u00e1s espaciosa, las FWD VIA est\u00e1n listas para dar lo mejor de s\u00ed mismas.","robots":{"index":"index","follow":"follow","max-snippet":"max-snippet:-1","max-image-preview":"max-image-preview:large","max-video-preview":"max-video-preview:-1"},"canonical":"https:\/\/www.miomiorun.com\/es\/producto\/fwd-via-hombre\/","og_locale":"es_ES","og_type":"article","og_title":"Altra Fwd Via hombre - Zapatillas de running hombre - MioMioRun","og_description":"Con la m\u00e1xima amortiguaci\u00f3n, el perfil rocker, un drop bajo y la puntera m\u00e1s espaciosa, las FWD VIA est\u00e1n listas para dar lo mejor de s\u00ed mismas.","og_url":"https:\/\/www.miomiorun.com\/es\/producto\/fwd-via-hombre\/","og_site_name":"MioMioRun","article_publisher":"https:\/\/www.facebook.com\/miomiorun\/","article_modified_time":"2026-03-20T22:58:37+00:00","og_image":[{"width":600,"height":600,"url":"https:\/\/www.miomiorun.com\/app\/uploads\/2025\/01\/altra-FWD-VIA-BLK-ORN-AL0A85PN0131.webp","type":"image\/webp"}],"twitter_card":"summary_large_image","twitter_misc":{"Est. reading time":"2 minutes"},"schema":{"@context":"https:\/\/schema.org","@graph":[{"@type":"WebPage","@id":"https:\/\/www.miomiorun.com\/es\/producto\/fwd-via-hombre\/","url":"https:\/\/www.miomiorun.com\/es\/producto\/fwd-via-hombre\/","name":"Altra Fwd Via hombre - Zapatillas de running hombre - MioMioRun","isPartOf":{"@id":"https:\/\/www.miomiorun.com\/es\/#website"},"primaryImageOfPage":{"@id":"https:\/\/www.miomiorun.com\/es\/producto\/fwd-via-hombre\/#primaryimage"},"image":{"@id":"https:\/\/www.miomiorun.com\/es\/producto\/fwd-via-hombre\/#primaryimage"},"thumbnailUrl":"https:\/\/www.miomiorun.com\/app\/uploads\/2025\/01\/altra-FWD-VIA-BLK-ORN-AL0A85PN0131.webp","datePublished":"2025-01-14T14:02:00+00:00","dateModified":"2026-03-20T22:58:37+00:00","description":"Con la m\u00e1xima amortiguaci\u00f3n, el perfil rocker, un drop bajo y la puntera m\u00e1s espaciosa, las FWD VIA est\u00e1n listas para dar lo mejor de s\u00ed mismas.","breadcrumb":{"@id":"https:\/\/www.miomiorun.com\/es\/producto\/fwd-via-hombre\/#breadcrumb"},"inLanguage":"es-ES","potentialAction":[{"@type":"ReadAction","target":["https:\/\/www.miomiorun.com\/es\/producto\/fwd-via-hombre\/"]}]},{"@type":"ImageObject","inLanguage":"es-ES","@id":"https:\/\/www.miomiorun.com\/es\/producto\/fwd-via-hombre\/#primaryimage","url":"https:\/\/www.miomiorun.com\/app\/uploads\/2025\/01\/altra-FWD-VIA-BLK-ORN-AL0A85PN0131.webp","contentUrl":"https:\/\/www.miomiorun.com\/app\/uploads\/2025\/01\/altra-FWD-VIA-BLK-ORN-AL0A85PN0131.webp","width":600,"height":600,"caption":"altra FWD VIA BLK ORN AL0A85PN0131"},{"@type":"BreadcrumbList","@id":"https:\/\/www.miomiorun.com\/es\/producto\/fwd-via-hombre\/#breadcrumb","itemListElement":[{"@type":"ListItem","position":1,"name":"Home","item":"https:\/\/www.miomiorun.com\/es\/"},{"@type":"ListItem","position":2,"name":"Shop","item":"https:\/\/www.miomiorun.com\/shop\/"},{"@type":"ListItem","position":3,"name":"Fwd Via hombre"}]},{"@type":"WebSite","@id":"https:\/\/www.miomiorun.com\/es\/#website","url":"https:\/\/www.miomiorun.com\/es\/","name":"MioMioRun","description":"Tienda 100% running y trail","publisher":{"@id":"https:\/\/www.miomiorun.com\/es\/#organization"},"potentialAction":[{"@type":"SearchAction","target":{"@type":"EntryPoint","urlTemplate":"https:\/\/www.miomiorun.com\/es\/?s={search_term_string}"},"query-input":{"@type":"PropertyValueSpecification","valueRequired":true,"valueName":"search_term_string"}}],"inLanguage":"es-ES"},{"@type":"Organization","@id":"https:\/\/www.miomiorun.com\/es\/#organization","name":"MioMio Run","url":"https:\/\/www.miomiorun.com\/es\/","logo":{"@type":"ImageObject","inLanguage":"es-ES","@id":"https:\/\/www.miomiorun.com\/es\/#\/schema\/logo\/image\/","url":"https:\/\/www.miomiorun.com\/app\/uploads\/2019\/12\/logomio.png","contentUrl":"https:\/\/www.miomiorun.com\/app\/uploads\/2019\/12\/logomio.png","width":115,"height":82,"caption":"MioMio Run"},"image":{"@id":"https:\/\/www.miomiorun.com\/es\/#\/schema\/logo\/image\/"},"sameAs":["https:\/\/www.facebook.com\/miomiorun\/","https:\/\/www.instagram.com\/miomiorun\/"]}]}},"_links":{"self":[{"href":"https:\/\/www.miomiorun.com\/es\/wp-json\/wp\/v2\/product\/296822","targetHints":{"allow":["GET"]}}],"collection":[{"href":"https:\/\/www.miomiorun.com\/es\/wp-json\/wp\/v2\/product"}],"about":[{"href":"https:\/\/www.miomiorun.com\/es\/wp-json\/wp\/v2\/types\/product"}],"wp:featuredmedia":[{"embeddable":true,"href":"https:\/\/www.miomiorun.com\/es\/wp-json\/wp\/v2\/media\/251153"}],"wp:attachment":[{"href":"https:\/\/www.miomiorun.com\/es\/wp-json\/wp\/v2\/media?parent=296822"}],"wp:term":[{"taxonomy":"product_brand","embeddable":true,"href":"https:\/\/www.miomiorun.com\/es\/wp-json\/wp\/v2\/product_brand?post=296822"},{"taxonomy":"product_cat","embeddable":true,"href":"https:\/\/www.miomiorun.com\/es\/wp-json\/wp\/v2\/product_cat?post=296822"},{"taxonomy":"product_tag","embeddable":true,"href":"https:\/\/www.miomiorun.com\/es\/wp-json\/wp\/v2\/product_tag?post=296822"}],"curies":[{"name":"wp","href":"https:\/\/api.w.org\/{rel}","templated":true}]}}