{"id":296700,"date":"2024-10-17T10:39:59","date_gmt":"2024-10-17T08:39:59","guid":{"rendered":"https:\/\/miomiorun.com\/prodotto\/crossback-mid-bra-donna\/"},"modified":"2026-04-22T17:23:47","modified_gmt":"2026-04-22T15:23:47","slug":"crossback-mid-bra-mujer","status":"publish","type":"product","link":"https:\/\/www.miomiorun.com\/es\/producto\/crossback-mid-bra-mujer\/","title":{"rendered":"Crossback Mid Bra mujer"},"content":{"rendered":"<h2 style=\"text-align: center\">\u00bfBuscas un sujetador deportivo vers\u00e1til que, al mismo tiempo, te ofrezca una buena sujeci\u00f3n para correr?<\/h2>\n<p>Los sujetadores <strong>Crossback Mid Bra<\/strong> para mujer son c\u00f3modos y ofrecen una buena sujeci\u00f3n.<\/p>\n<h3>Caracter\u00edsticas:<\/h3>\n<div id=\"acc-1\" class=\"g-accordion-content collapse show\">\n<ul class=\"t-tabs_data\">\n<li class=\"t-tabs_list\">Ofrece una sujeci\u00f3n estrat\u00e9gica ideal para actividades como correr, montar en bicicleta, entrenar con pesas y boxear<\/li>\n<li class=\"t-tabs_list\">Las copas, suaves y de secado r\u00e1pido, proporcionan sujeci\u00f3n y cobertura extra; adem\u00e1s, cuentan con perforaciones para una mayor transpirabilidad<\/li>\n<li class=\"t-tabs_list\">Copas extra\u00edbles con etiquetas \u00abDerecha\u00bb e \u00abIzquierda\u00bb<\/li>\n<li class=\"t-tabs_list\">Tirantes cruzados con abertura en forma de gota mejorada para pon\u00e9rselo y quit\u00e1rselo m\u00e1s f\u00e1cilmente<\/li>\n<li class=\"t-tabs_list\">La estructura interna mejorada ayuda a mantener los rellenos en la posici\u00f3n correcta, tanto cuando llevas puesto el sujetador como durante el lavado<\/li>\n<li class=\"t-tabs_list\">La banda el\u00e1stica es extremadamente suave y lisa<\/li>\n<li class=\"t-tabs_list\">El tejido HeatGear\u00ae de doble capa, muy suave, ofrece una agradable sensaci\u00f3n de contacto con la piel<\/li>\n<li class=\"t-tabs_list\">El material ligero absorbe el sudor y se seca muy r\u00e1pido<\/li>\n<li>Material: 87 % poli\u00e9ster\/13 % elastano<\/li>\n<li><span class=\"feature-icon-label\">El\u00e1stico en 4 direcciones<\/span><\/li>\n<li><span class=\"feature-icon-label\">Secado r\u00e1pido<\/span><\/li>\n<li><span class=\"feature-icon-label\">Antihumedad<\/span><\/li>\n<\/ul>\n<h3>Ajuste y cuidado<\/h3>\n<div id=\"acc-3\" class=\"g-accordion-content collapse\">\n<ul class=\"t-tabs_data\">\n<li class=\"t-tabs_list\"><span class=\"t-bold_font\">Compresi\u00f3n:&nbsp;<\/span>Ultraajustado, como una segunda piel.<\/li>\n<li class=\"t-tabs_list\">Retirar los rellenos antes del lavado<\/li>\n<li class=\"t-tabs_list\">Lavar a fr\u00edo en la lavadora con prendas de colores similares<\/li>\n<li class=\"t-tabs_list\">No usar lej\u00eda<\/li>\n<li class=\"t-tabs_list\">Secar en secadora a baja temperatura<\/li>\n<li class=\"t-tabs_list\">No planchar<\/li>\n<li class=\"t-tabs_list\">No usar suavizantes<\/li>\n<li class=\"t-tabs_list\">No limpiar en seco<\/li>\n<\/ul>\n<\/div>\n<\/div>\n<div id=\"acc-1\" class=\"g-accordion-content collapse show\">\n<p>&nbsp;<\/p>\n<\/div>\n<p>&nbsp;<\/p>\n<p>&nbsp;<\/p>\n<p>&nbsp;<\/p>\n","protected":false},"excerpt":{"rendered":"<ul>\n<li>Sujetador ideal para hacer deporte<\/li>\n<li>Se puede llevar puesto todo el d\u00eda<\/li>\n<\/ul>\n","protected":false},"featured_media":249923,"template":"","meta":{"_acf_changed":false,"inline_featured_image":false},"product_brand":[],"product_cat":[24401,24397,24402],"product_tag":[23529,23623],"class_list":{"0":"post-296700","1":"product","2":"type-product","3":"status-publish","4":"has-post-thumbnail","6":"product_cat-ropa-de-mujer","7":"product_cat-ropa-interior","8":"product_cat-mujer","9":"product_tag-under-armour-es","10":"product_tag-under-armour-mujer","11":"pa_attivita-caminar","12":"pa_attivita-fitness-es","13":"pa_attivita-running-es","14":"pa_colore-crossback-mid-bra-bittersw","15":"pa_colore-crossback-mid-bra-rack-green","16":"pa_colore-crossback-mid-bra-ultimate","17":"pa_colore-crossback-mid-bra-white-2-es","18":"pa_colore-crossback-mid-bra-white-w-es","19":"pa_marca-under-armour-es","20":"pa_sesso-mujer","21":"pa_size-extra-small-es","22":"pa_size-small-es","23":"pa_size-medium-es","24":"pa_size-large-es","26":"first","27":"instock","28":"sale","29":"taxable","30":"shipping-taxable","31":"purchasable","32":"product-type-variable","33":"wvs-archive-product-wrapper"},"acf":[],"yoast_head":"<!-- This site is optimized with the Yoast SEO plugin v26.8 - https:\/\/yoast.com\/product\/yoast-seo-wordpress\/ -->\n<title>Under Armour Crossback Mid Bra mujer - Carrera en sujetador - MioMioRun<\/title>\n<meta name=\"description\" content=\"\u00bfBuscas un sujetador deportivo vers\u00e1til que, al mismo tiempo, te ofrezca una buena sujeci\u00f3n para correr? Los sujetadores Crossback Mid son c\u00f3modos y ofrecen una buena sujeci\u00f3n.\" \/>\n<meta name=\"robots\" content=\"index, follow, max-snippet:-1, max-image-preview:large, max-video-preview:-1\" \/>\n<link rel=\"canonical\" href=\"https:\/\/www.miomiorun.com\/es\/producto\/crossback-mid-bra-mujer\/\" \/>\n<meta property=\"og:locale\" content=\"es_ES\" \/>\n<meta property=\"og:type\" content=\"article\" \/>\n<meta property=\"og:title\" content=\"Under Armour Crossback Mid Bra mujer - Carrera en sujetador - MioMioRun\" \/>\n<meta property=\"og:description\" content=\"\u00bfBuscas un sujetador deportivo vers\u00e1til que, al mismo tiempo, te ofrezca una buena sujeci\u00f3n para correr? Los sujetadores Crossback Mid son c\u00f3modos y ofrecen una buena sujeci\u00f3n.\" \/>\n<meta property=\"og:url\" content=\"https:\/\/www.miomiorun.com\/es\/producto\/crossback-mid-bra-mujer\/\" \/>\n<meta property=\"og:site_name\" content=\"MioMioRun\" \/>\n<meta property=\"article:publisher\" content=\"https:\/\/www.facebook.com\/miomiorun\/\" \/>\n<meta property=\"article:modified_time\" content=\"2026-04-22T15:23:47+00:00\" \/>\n<meta property=\"og:image\" content=\"https:\/\/www.miomiorun.com\/app\/uploads\/2024\/10\/under-armour-Crossback-mid-bra-black-W-1361034-0006.webp\" \/>\n\t<meta property=\"og:image:width\" content=\"600\" \/>\n\t<meta property=\"og:image:height\" content=\"600\" \/>\n\t<meta property=\"og:image:type\" content=\"image\/webp\" \/>\n<meta name=\"twitter:card\" content=\"summary_large_image\" \/>\n<meta name=\"twitter:label1\" content=\"Est. reading time\" \/>\n\t<meta name=\"twitter:data1\" content=\"1 minute\" \/>\n<script type=\"application\/ld+json\" class=\"yoast-schema-graph\">{\"@context\":\"https:\/\/schema.org\",\"@graph\":[{\"@type\":\"WebPage\",\"@id\":\"https:\/\/www.miomiorun.com\/es\/producto\/crossback-mid-bra-mujer\/\",\"url\":\"https:\/\/www.miomiorun.com\/es\/producto\/crossback-mid-bra-mujer\/\",\"name\":\"Under Armour Crossback Mid Bra mujer - Carrera en sujetador - MioMioRun\",\"isPartOf\":{\"@id\":\"https:\/\/www.miomiorun.com\/es\/#website\"},\"primaryImageOfPage\":{\"@id\":\"https:\/\/www.miomiorun.com\/es\/producto\/crossback-mid-bra-mujer\/#primaryimage\"},\"image\":{\"@id\":\"https:\/\/www.miomiorun.com\/es\/producto\/crossback-mid-bra-mujer\/#primaryimage\"},\"thumbnailUrl\":\"https:\/\/www.miomiorun.com\/app\/uploads\/2024\/10\/under-armour-Crossback-mid-bra-black-W-1361034-0006.webp\",\"datePublished\":\"2024-10-17T08:39:59+00:00\",\"dateModified\":\"2026-04-22T15:23:47+00:00\",\"description\":\"\u00bfBuscas un sujetador deportivo vers\u00e1til que, al mismo tiempo, te ofrezca una buena sujeci\u00f3n para correr? Los sujetadores Crossback Mid son c\u00f3modos y ofrecen una buena sujeci\u00f3n.\",\"breadcrumb\":{\"@id\":\"https:\/\/www.miomiorun.com\/es\/producto\/crossback-mid-bra-mujer\/#breadcrumb\"},\"inLanguage\":\"es-ES\",\"potentialAction\":[{\"@type\":\"ReadAction\",\"target\":[\"https:\/\/www.miomiorun.com\/es\/producto\/crossback-mid-bra-mujer\/\"]}]},{\"@type\":\"ImageObject\",\"inLanguage\":\"es-ES\",\"@id\":\"https:\/\/www.miomiorun.com\/es\/producto\/crossback-mid-bra-mujer\/#primaryimage\",\"url\":\"https:\/\/www.miomiorun.com\/app\/uploads\/2024\/10\/under-armour-Crossback-mid-bra-black-W-1361034-0006.webp\",\"contentUrl\":\"https:\/\/www.miomiorun.com\/app\/uploads\/2024\/10\/under-armour-Crossback-mid-bra-black-W-1361034-0006.webp\",\"width\":600,\"height\":600,\"caption\":\"under armour Crossback mid bra black W 1361034-0006\"},{\"@type\":\"BreadcrumbList\",\"@id\":\"https:\/\/www.miomiorun.com\/es\/producto\/crossback-mid-bra-mujer\/#breadcrumb\",\"itemListElement\":[{\"@type\":\"ListItem\",\"position\":1,\"name\":\"Home\",\"item\":\"https:\/\/www.miomiorun.com\/es\/\"},{\"@type\":\"ListItem\",\"position\":2,\"name\":\"Shop\",\"item\":\"https:\/\/www.miomiorun.com\/shop\/\"},{\"@type\":\"ListItem\",\"position\":3,\"name\":\"Crossback Mid Bra mujer\"}]},{\"@type\":\"WebSite\",\"@id\":\"https:\/\/www.miomiorun.com\/es\/#website\",\"url\":\"https:\/\/www.miomiorun.com\/es\/\",\"name\":\"MioMioRun\",\"description\":\"Tienda 100% running y trail\",\"publisher\":{\"@id\":\"https:\/\/www.miomiorun.com\/es\/#organization\"},\"potentialAction\":[{\"@type\":\"SearchAction\",\"target\":{\"@type\":\"EntryPoint\",\"urlTemplate\":\"https:\/\/www.miomiorun.com\/es\/?s={search_term_string}\"},\"query-input\":{\"@type\":\"PropertyValueSpecification\",\"valueRequired\":true,\"valueName\":\"search_term_string\"}}],\"inLanguage\":\"es-ES\"},{\"@type\":\"Organization\",\"@id\":\"https:\/\/www.miomiorun.com\/es\/#organization\",\"name\":\"MioMio Run\",\"url\":\"https:\/\/www.miomiorun.com\/es\/\",\"logo\":{\"@type\":\"ImageObject\",\"inLanguage\":\"es-ES\",\"@id\":\"https:\/\/www.miomiorun.com\/es\/#\/schema\/logo\/image\/\",\"url\":\"https:\/\/www.miomiorun.com\/app\/uploads\/2019\/12\/logomio.png\",\"contentUrl\":\"https:\/\/www.miomiorun.com\/app\/uploads\/2019\/12\/logomio.png\",\"width\":115,\"height\":82,\"caption\":\"MioMio Run\"},\"image\":{\"@id\":\"https:\/\/www.miomiorun.com\/es\/#\/schema\/logo\/image\/\"},\"sameAs\":[\"https:\/\/www.facebook.com\/miomiorun\/\",\"https:\/\/www.instagram.com\/miomiorun\/\"]}]}<\/script>\n<!-- \/ Yoast SEO plugin. -->","yoast_head_json":{"title":"Under Armour Crossback Mid Bra mujer - Carrera en sujetador - MioMioRun","description":"\u00bfBuscas un sujetador deportivo vers\u00e1til que, al mismo tiempo, te ofrezca una buena sujeci\u00f3n para correr? Los sujetadores Crossback Mid son c\u00f3modos y ofrecen una buena sujeci\u00f3n.","robots":{"index":"index","follow":"follow","max-snippet":"max-snippet:-1","max-image-preview":"max-image-preview:large","max-video-preview":"max-video-preview:-1"},"canonical":"https:\/\/www.miomiorun.com\/es\/producto\/crossback-mid-bra-mujer\/","og_locale":"es_ES","og_type":"article","og_title":"Under Armour Crossback Mid Bra mujer - Carrera en sujetador - MioMioRun","og_description":"\u00bfBuscas un sujetador deportivo vers\u00e1til que, al mismo tiempo, te ofrezca una buena sujeci\u00f3n para correr? Los sujetadores Crossback Mid son c\u00f3modos y ofrecen una buena sujeci\u00f3n.","og_url":"https:\/\/www.miomiorun.com\/es\/producto\/crossback-mid-bra-mujer\/","og_site_name":"MioMioRun","article_publisher":"https:\/\/www.facebook.com\/miomiorun\/","article_modified_time":"2026-04-22T15:23:47+00:00","og_image":[{"width":600,"height":600,"url":"https:\/\/www.miomiorun.com\/app\/uploads\/2024\/10\/under-armour-Crossback-mid-bra-black-W-1361034-0006.webp","type":"image\/webp"}],"twitter_card":"summary_large_image","twitter_misc":{"Est. reading time":"1 minute"},"schema":{"@context":"https:\/\/schema.org","@graph":[{"@type":"WebPage","@id":"https:\/\/www.miomiorun.com\/es\/producto\/crossback-mid-bra-mujer\/","url":"https:\/\/www.miomiorun.com\/es\/producto\/crossback-mid-bra-mujer\/","name":"Under Armour Crossback Mid Bra mujer - Carrera en sujetador - MioMioRun","isPartOf":{"@id":"https:\/\/www.miomiorun.com\/es\/#website"},"primaryImageOfPage":{"@id":"https:\/\/www.miomiorun.com\/es\/producto\/crossback-mid-bra-mujer\/#primaryimage"},"image":{"@id":"https:\/\/www.miomiorun.com\/es\/producto\/crossback-mid-bra-mujer\/#primaryimage"},"thumbnailUrl":"https:\/\/www.miomiorun.com\/app\/uploads\/2024\/10\/under-armour-Crossback-mid-bra-black-W-1361034-0006.webp","datePublished":"2024-10-17T08:39:59+00:00","dateModified":"2026-04-22T15:23:47+00:00","description":"\u00bfBuscas un sujetador deportivo vers\u00e1til que, al mismo tiempo, te ofrezca una buena sujeci\u00f3n para correr? Los sujetadores Crossback Mid son c\u00f3modos y ofrecen una buena sujeci\u00f3n.","breadcrumb":{"@id":"https:\/\/www.miomiorun.com\/es\/producto\/crossback-mid-bra-mujer\/#breadcrumb"},"inLanguage":"es-ES","potentialAction":[{"@type":"ReadAction","target":["https:\/\/www.miomiorun.com\/es\/producto\/crossback-mid-bra-mujer\/"]}]},{"@type":"ImageObject","inLanguage":"es-ES","@id":"https:\/\/www.miomiorun.com\/es\/producto\/crossback-mid-bra-mujer\/#primaryimage","url":"https:\/\/www.miomiorun.com\/app\/uploads\/2024\/10\/under-armour-Crossback-mid-bra-black-W-1361034-0006.webp","contentUrl":"https:\/\/www.miomiorun.com\/app\/uploads\/2024\/10\/under-armour-Crossback-mid-bra-black-W-1361034-0006.webp","width":600,"height":600,"caption":"under armour Crossback mid bra black W 1361034-0006"},{"@type":"BreadcrumbList","@id":"https:\/\/www.miomiorun.com\/es\/producto\/crossback-mid-bra-mujer\/#breadcrumb","itemListElement":[{"@type":"ListItem","position":1,"name":"Home","item":"https:\/\/www.miomiorun.com\/es\/"},{"@type":"ListItem","position":2,"name":"Shop","item":"https:\/\/www.miomiorun.com\/shop\/"},{"@type":"ListItem","position":3,"name":"Crossback Mid Bra mujer"}]},{"@type":"WebSite","@id":"https:\/\/www.miomiorun.com\/es\/#website","url":"https:\/\/www.miomiorun.com\/es\/","name":"MioMioRun","description":"Tienda 100% running y trail","publisher":{"@id":"https:\/\/www.miomiorun.com\/es\/#organization"},"potentialAction":[{"@type":"SearchAction","target":{"@type":"EntryPoint","urlTemplate":"https:\/\/www.miomiorun.com\/es\/?s={search_term_string}"},"query-input":{"@type":"PropertyValueSpecification","valueRequired":true,"valueName":"search_term_string"}}],"inLanguage":"es-ES"},{"@type":"Organization","@id":"https:\/\/www.miomiorun.com\/es\/#organization","name":"MioMio Run","url":"https:\/\/www.miomiorun.com\/es\/","logo":{"@type":"ImageObject","inLanguage":"es-ES","@id":"https:\/\/www.miomiorun.com\/es\/#\/schema\/logo\/image\/","url":"https:\/\/www.miomiorun.com\/app\/uploads\/2019\/12\/logomio.png","contentUrl":"https:\/\/www.miomiorun.com\/app\/uploads\/2019\/12\/logomio.png","width":115,"height":82,"caption":"MioMio Run"},"image":{"@id":"https:\/\/www.miomiorun.com\/es\/#\/schema\/logo\/image\/"},"sameAs":["https:\/\/www.facebook.com\/miomiorun\/","https:\/\/www.instagram.com\/miomiorun\/"]}]}},"_links":{"self":[{"href":"https:\/\/www.miomiorun.com\/es\/wp-json\/wp\/v2\/product\/296700","targetHints":{"allow":["GET"]}}],"collection":[{"href":"https:\/\/www.miomiorun.com\/es\/wp-json\/wp\/v2\/product"}],"about":[{"href":"https:\/\/www.miomiorun.com\/es\/wp-json\/wp\/v2\/types\/product"}],"wp:featuredmedia":[{"embeddable":true,"href":"https:\/\/www.miomiorun.com\/es\/wp-json\/wp\/v2\/media\/249923"}],"wp:attachment":[{"href":"https:\/\/www.miomiorun.com\/es\/wp-json\/wp\/v2\/media?parent=296700"}],"wp:term":[{"taxonomy":"product_brand","embeddable":true,"href":"https:\/\/www.miomiorun.com\/es\/wp-json\/wp\/v2\/product_brand?post=296700"},{"taxonomy":"product_cat","embeddable":true,"href":"https:\/\/www.miomiorun.com\/es\/wp-json\/wp\/v2\/product_cat?post=296700"},{"taxonomy":"product_tag","embeddable":true,"href":"https:\/\/www.miomiorun.com\/es\/wp-json\/wp\/v2\/product_tag?post=296700"}],"curies":[{"name":"wp","href":"https:\/\/api.w.org\/{rel}","templated":true}]}}