{"id":296556,"date":"2024-10-17T14:46:18","date_gmt":"2024-10-17T12:46:18","guid":{"rendered":"https:\/\/miomiorun.com\/prodotto\/launch-elite-shortsleeve-donna\/"},"modified":"2026-04-28T11:25:03","modified_gmt":"2026-04-28T09:25:03","slug":"launch-elite-shortsleeve-mujer","status":"publish","type":"product","link":"https:\/\/www.miomiorun.com\/es\/producto\/launch-elite-shortsleeve-mujer\/","title":{"rendered":"Launch Elite shortsleeve mujer"},"content":{"rendered":"<p><strong>La camiseta de manga corta Launch Elite<\/strong> para mujer est\u00e1 confeccionada con un tejido revolucionario que aleja r\u00e1pidamente el calor de la piel y te permite sentirte c\u00f3moda, fresca y al m\u00e1ximo de tu rendimiento.<\/p>\n<h3>Caracter\u00edsticas:<\/h3>\n<div id=\"acc-1\" class=\"g-accordion-content collapse show\">\n<ul class=\"t-tabs_data\">\n<li class=\"t-tabs_list\">El tejido Iso-Chill ayuda a disipar el calor corporal para una sensaci\u00f3n de m\u00e1xima frescura<\/li>\n<li class=\"t-tabs_list\">Perforaciones l\u00e1ser en zonas estrat\u00e9gicas para una mayor ventilaci\u00f3n<\/li>\n<li class=\"t-tabs_list\">El tejido el\u00e1stico en 4 direcciones mejora la movilidad<\/li>\n<li class=\"t-tabs_list\">El tejido absorbe el sudor y se seca muy r\u00e1pidamente<\/li>\n<li class=\"t-tabs_list\">Borde perfilado con aberturas laterales<\/li>\n<li><span class=\"feature-icon-label\">Protecci\u00f3n solar UPF 30<\/span><\/li>\n<li class=\"t-tabs_list\">Detalles reflectantes<\/li>\n<li class=\"t-tabs_list\">Tejido: 90 % nailon\/10 % elastano<\/li>\n<\/ul>\n<h3>Ajuste y cuidados<\/h3>\n<div id=\"acc-3\" class=\"g-accordion-content collapse\">\n<ul class=\"t-tabs_data\">\n<li class=\"t-tabs_list\"><span class=\"t-bold_font\">C\u00f3modo:&nbsp;<\/span>Corte m\u00e1s amplio para una comodidad m\u00e1xima.<\/li>\n<li class=\"t-tabs_list\">Lavar a fr\u00edo en la lavadora con prendas de colores similares<\/li>\n<li class=\"t-tabs_list\">No utilizar suavizantes<\/li>\n<li class=\"t-tabs_list\">Si es necesario, utilizar solo lej\u00eda sin cloro<\/li>\n<li class=\"t-tabs_list\">Secar en secadora a baja temperatura<\/li>\n<li class=\"t-tabs_list\">No planchar<\/li>\n<li class=\"t-tabs_list\">No limpiar en seco<\/li>\n<\/ul>\n<\/div>\n<\/div>\n<p>&nbsp;<\/p>\n<p>&nbsp;<\/p>\n","protected":false},"excerpt":{"rendered":"<ul class=\"m-long-description__features\">\n<li class=\"m-long-description__feature\">Camiseta de secado r\u00e1pido con protecci\u00f3n contra los rayos UV.<\/li>\n<li class=\"m-long-description__feature\">Ajuste ideal para correr.<\/li>\n<li>Incluye detalles reflectantes para una mayor visibilidad.<\/li>\n<\/ul>\n","protected":false},"featured_media":249939,"template":"","meta":{"_acf_changed":false,"inline_featured_image":false},"product_brand":[],"product_cat":[24226,24401],"product_tag":[23529,23623],"class_list":{"0":"post-296556","1":"product","2":"type-product","3":"status-publish","4":"has-post-thumbnail","6":"product_cat-camiseta","7":"product_cat-ropa-de-mujer","8":"product_tag-under-armour-es","9":"product_tag-under-armour-mujer","10":"pa_attivita-caminar","11":"pa_attivita-fitness-es","12":"pa_attivita-lifestyle-es","13":"pa_attivita-running-es","14":"pa_colore-launch-elite-shortsleeve-black-w-es","15":"pa_colore-launch-elite-shortsleeve-w-black-es","16":"pa_colore-launch-elite-shortsleeve-w-ether-blue-es","17":"pa_colore-launch-elite-shortsleeves-w-transparent-reflective-es","18":"pa_marca-under-armour-es","19":"pa_sesso-mujer","20":"pa_size-extra-small-es","21":"pa_size-small-es","22":"pa_size-medium-es","23":"pa_size-large-es","25":"first","26":"instock","27":"sale","28":"taxable","29":"shipping-taxable","30":"purchasable","31":"product-type-variable","32":"wvs-archive-product-wrapper"},"acf":[],"yoast_head":"<!-- This site is optimized with the Yoast SEO plugin v26.8 - https:\/\/yoast.com\/product\/yoast-seo-wordpress\/ -->\n<title>Under Armour Launch Elite shortsleeve mujer -Camiseta para correr- MioMioRun<\/title>\n<meta name=\"description\" content=\"La camiseta de manga corta Launch Elite para mujer est\u00e1 confeccionada con un tejido revolucionario que aleja r\u00e1pidamente el calor de la piel y te hace sentir c\u00f3moda y fresca.\" \/>\n<meta name=\"robots\" content=\"index, follow, max-snippet:-1, max-image-preview:large, max-video-preview:-1\" \/>\n<link rel=\"canonical\" href=\"https:\/\/www.miomiorun.com\/es\/producto\/launch-elite-shortsleeve-mujer\/\" \/>\n<meta property=\"og:locale\" content=\"es_ES\" \/>\n<meta property=\"og:type\" content=\"article\" \/>\n<meta property=\"og:title\" content=\"Under Armour Launch Elite shortsleeve mujer -Camiseta para correr- MioMioRun\" \/>\n<meta property=\"og:description\" content=\"La camiseta de manga corta Launch Elite para mujer est\u00e1 confeccionada con un tejido revolucionario que aleja r\u00e1pidamente el calor de la piel y te hace sentir c\u00f3moda y fresca.\" \/>\n<meta property=\"og:url\" content=\"https:\/\/www.miomiorun.com\/es\/producto\/launch-elite-shortsleeve-mujer\/\" \/>\n<meta property=\"og:site_name\" content=\"MioMioRun\" \/>\n<meta property=\"article:publisher\" content=\"https:\/\/www.facebook.com\/miomiorun\/\" \/>\n<meta property=\"article:modified_time\" content=\"2026-04-28T09:25:03+00:00\" \/>\n<meta property=\"og:image\" content=\"https:\/\/www.miomiorun.com\/app\/uploads\/2024\/10\/under-armour-Launch-elite-shortsleeve-black-W-1383364-0001.webp\" \/>\n\t<meta property=\"og:image:width\" content=\"600\" \/>\n\t<meta property=\"og:image:height\" content=\"600\" \/>\n\t<meta property=\"og:image:type\" content=\"image\/webp\" \/>\n<meta name=\"twitter:card\" content=\"summary_large_image\" \/>\n<meta name=\"twitter:label1\" content=\"Est. reading time\" \/>\n\t<meta name=\"twitter:data1\" content=\"1 minute\" \/>\n<script type=\"application\/ld+json\" class=\"yoast-schema-graph\">{\"@context\":\"https:\/\/schema.org\",\"@graph\":[{\"@type\":\"WebPage\",\"@id\":\"https:\/\/www.miomiorun.com\/es\/producto\/launch-elite-shortsleeve-mujer\/\",\"url\":\"https:\/\/www.miomiorun.com\/es\/producto\/launch-elite-shortsleeve-mujer\/\",\"name\":\"Under Armour Launch Elite shortsleeve mujer -Camiseta para correr- MioMioRun\",\"isPartOf\":{\"@id\":\"https:\/\/www.miomiorun.com\/es\/#website\"},\"primaryImageOfPage\":{\"@id\":\"https:\/\/www.miomiorun.com\/es\/producto\/launch-elite-shortsleeve-mujer\/#primaryimage\"},\"image\":{\"@id\":\"https:\/\/www.miomiorun.com\/es\/producto\/launch-elite-shortsleeve-mujer\/#primaryimage\"},\"thumbnailUrl\":\"https:\/\/www.miomiorun.com\/app\/uploads\/2024\/10\/under-armour-Launch-elite-shortsleeve-black-W-1383364-0001.webp\",\"datePublished\":\"2024-10-17T12:46:18+00:00\",\"dateModified\":\"2026-04-28T09:25:03+00:00\",\"description\":\"La camiseta de manga corta Launch Elite para mujer est\u00e1 confeccionada con un tejido revolucionario que aleja r\u00e1pidamente el calor de la piel y te hace sentir c\u00f3moda y fresca.\",\"breadcrumb\":{\"@id\":\"https:\/\/www.miomiorun.com\/es\/producto\/launch-elite-shortsleeve-mujer\/#breadcrumb\"},\"inLanguage\":\"es-ES\",\"potentialAction\":[{\"@type\":\"ReadAction\",\"target\":[\"https:\/\/www.miomiorun.com\/es\/producto\/launch-elite-shortsleeve-mujer\/\"]}]},{\"@type\":\"ImageObject\",\"inLanguage\":\"es-ES\",\"@id\":\"https:\/\/www.miomiorun.com\/es\/producto\/launch-elite-shortsleeve-mujer\/#primaryimage\",\"url\":\"https:\/\/www.miomiorun.com\/app\/uploads\/2024\/10\/under-armour-Launch-elite-shortsleeve-black-W-1383364-0001.webp\",\"contentUrl\":\"https:\/\/www.miomiorun.com\/app\/uploads\/2024\/10\/under-armour-Launch-elite-shortsleeve-black-W-1383364-0001.webp\",\"width\":600,\"height\":600,\"caption\":\"under armour Launch elite shortsleeve black W 1383364-0001\"},{\"@type\":\"BreadcrumbList\",\"@id\":\"https:\/\/www.miomiorun.com\/es\/producto\/launch-elite-shortsleeve-mujer\/#breadcrumb\",\"itemListElement\":[{\"@type\":\"ListItem\",\"position\":1,\"name\":\"Home\",\"item\":\"https:\/\/www.miomiorun.com\/es\/\"},{\"@type\":\"ListItem\",\"position\":2,\"name\":\"Shop\",\"item\":\"https:\/\/www.miomiorun.com\/shop\/\"},{\"@type\":\"ListItem\",\"position\":3,\"name\":\"Launch Elite shortsleeve mujer\"}]},{\"@type\":\"WebSite\",\"@id\":\"https:\/\/www.miomiorun.com\/es\/#website\",\"url\":\"https:\/\/www.miomiorun.com\/es\/\",\"name\":\"MioMioRun\",\"description\":\"Tienda 100% running y trail\",\"publisher\":{\"@id\":\"https:\/\/www.miomiorun.com\/es\/#organization\"},\"potentialAction\":[{\"@type\":\"SearchAction\",\"target\":{\"@type\":\"EntryPoint\",\"urlTemplate\":\"https:\/\/www.miomiorun.com\/es\/?s={search_term_string}\"},\"query-input\":{\"@type\":\"PropertyValueSpecification\",\"valueRequired\":true,\"valueName\":\"search_term_string\"}}],\"inLanguage\":\"es-ES\"},{\"@type\":\"Organization\",\"@id\":\"https:\/\/www.miomiorun.com\/es\/#organization\",\"name\":\"MioMio Run\",\"url\":\"https:\/\/www.miomiorun.com\/es\/\",\"logo\":{\"@type\":\"ImageObject\",\"inLanguage\":\"es-ES\",\"@id\":\"https:\/\/www.miomiorun.com\/es\/#\/schema\/logo\/image\/\",\"url\":\"https:\/\/www.miomiorun.com\/app\/uploads\/2019\/12\/logomio.png\",\"contentUrl\":\"https:\/\/www.miomiorun.com\/app\/uploads\/2019\/12\/logomio.png\",\"width\":115,\"height\":82,\"caption\":\"MioMio Run\"},\"image\":{\"@id\":\"https:\/\/www.miomiorun.com\/es\/#\/schema\/logo\/image\/\"},\"sameAs\":[\"https:\/\/www.facebook.com\/miomiorun\/\",\"https:\/\/www.instagram.com\/miomiorun\/\"]}]}<\/script>\n<!-- \/ Yoast SEO plugin. -->","yoast_head_json":{"title":"Under Armour Launch Elite shortsleeve mujer -Camiseta para correr- MioMioRun","description":"La camiseta de manga corta Launch Elite para mujer est\u00e1 confeccionada con un tejido revolucionario que aleja r\u00e1pidamente el calor de la piel y te hace sentir c\u00f3moda y fresca.","robots":{"index":"index","follow":"follow","max-snippet":"max-snippet:-1","max-image-preview":"max-image-preview:large","max-video-preview":"max-video-preview:-1"},"canonical":"https:\/\/www.miomiorun.com\/es\/producto\/launch-elite-shortsleeve-mujer\/","og_locale":"es_ES","og_type":"article","og_title":"Under Armour Launch Elite shortsleeve mujer -Camiseta para correr- MioMioRun","og_description":"La camiseta de manga corta Launch Elite para mujer est\u00e1 confeccionada con un tejido revolucionario que aleja r\u00e1pidamente el calor de la piel y te hace sentir c\u00f3moda y fresca.","og_url":"https:\/\/www.miomiorun.com\/es\/producto\/launch-elite-shortsleeve-mujer\/","og_site_name":"MioMioRun","article_publisher":"https:\/\/www.facebook.com\/miomiorun\/","article_modified_time":"2026-04-28T09:25:03+00:00","og_image":[{"width":600,"height":600,"url":"https:\/\/www.miomiorun.com\/app\/uploads\/2024\/10\/under-armour-Launch-elite-shortsleeve-black-W-1383364-0001.webp","type":"image\/webp"}],"twitter_card":"summary_large_image","twitter_misc":{"Est. reading time":"1 minute"},"schema":{"@context":"https:\/\/schema.org","@graph":[{"@type":"WebPage","@id":"https:\/\/www.miomiorun.com\/es\/producto\/launch-elite-shortsleeve-mujer\/","url":"https:\/\/www.miomiorun.com\/es\/producto\/launch-elite-shortsleeve-mujer\/","name":"Under Armour Launch Elite shortsleeve mujer -Camiseta para correr- MioMioRun","isPartOf":{"@id":"https:\/\/www.miomiorun.com\/es\/#website"},"primaryImageOfPage":{"@id":"https:\/\/www.miomiorun.com\/es\/producto\/launch-elite-shortsleeve-mujer\/#primaryimage"},"image":{"@id":"https:\/\/www.miomiorun.com\/es\/producto\/launch-elite-shortsleeve-mujer\/#primaryimage"},"thumbnailUrl":"https:\/\/www.miomiorun.com\/app\/uploads\/2024\/10\/under-armour-Launch-elite-shortsleeve-black-W-1383364-0001.webp","datePublished":"2024-10-17T12:46:18+00:00","dateModified":"2026-04-28T09:25:03+00:00","description":"La camiseta de manga corta Launch Elite para mujer est\u00e1 confeccionada con un tejido revolucionario que aleja r\u00e1pidamente el calor de la piel y te hace sentir c\u00f3moda y fresca.","breadcrumb":{"@id":"https:\/\/www.miomiorun.com\/es\/producto\/launch-elite-shortsleeve-mujer\/#breadcrumb"},"inLanguage":"es-ES","potentialAction":[{"@type":"ReadAction","target":["https:\/\/www.miomiorun.com\/es\/producto\/launch-elite-shortsleeve-mujer\/"]}]},{"@type":"ImageObject","inLanguage":"es-ES","@id":"https:\/\/www.miomiorun.com\/es\/producto\/launch-elite-shortsleeve-mujer\/#primaryimage","url":"https:\/\/www.miomiorun.com\/app\/uploads\/2024\/10\/under-armour-Launch-elite-shortsleeve-black-W-1383364-0001.webp","contentUrl":"https:\/\/www.miomiorun.com\/app\/uploads\/2024\/10\/under-armour-Launch-elite-shortsleeve-black-W-1383364-0001.webp","width":600,"height":600,"caption":"under armour Launch elite shortsleeve black W 1383364-0001"},{"@type":"BreadcrumbList","@id":"https:\/\/www.miomiorun.com\/es\/producto\/launch-elite-shortsleeve-mujer\/#breadcrumb","itemListElement":[{"@type":"ListItem","position":1,"name":"Home","item":"https:\/\/www.miomiorun.com\/es\/"},{"@type":"ListItem","position":2,"name":"Shop","item":"https:\/\/www.miomiorun.com\/shop\/"},{"@type":"ListItem","position":3,"name":"Launch Elite shortsleeve mujer"}]},{"@type":"WebSite","@id":"https:\/\/www.miomiorun.com\/es\/#website","url":"https:\/\/www.miomiorun.com\/es\/","name":"MioMioRun","description":"Tienda 100% running y trail","publisher":{"@id":"https:\/\/www.miomiorun.com\/es\/#organization"},"potentialAction":[{"@type":"SearchAction","target":{"@type":"EntryPoint","urlTemplate":"https:\/\/www.miomiorun.com\/es\/?s={search_term_string}"},"query-input":{"@type":"PropertyValueSpecification","valueRequired":true,"valueName":"search_term_string"}}],"inLanguage":"es-ES"},{"@type":"Organization","@id":"https:\/\/www.miomiorun.com\/es\/#organization","name":"MioMio Run","url":"https:\/\/www.miomiorun.com\/es\/","logo":{"@type":"ImageObject","inLanguage":"es-ES","@id":"https:\/\/www.miomiorun.com\/es\/#\/schema\/logo\/image\/","url":"https:\/\/www.miomiorun.com\/app\/uploads\/2019\/12\/logomio.png","contentUrl":"https:\/\/www.miomiorun.com\/app\/uploads\/2019\/12\/logomio.png","width":115,"height":82,"caption":"MioMio Run"},"image":{"@id":"https:\/\/www.miomiorun.com\/es\/#\/schema\/logo\/image\/"},"sameAs":["https:\/\/www.facebook.com\/miomiorun\/","https:\/\/www.instagram.com\/miomiorun\/"]}]}},"_links":{"self":[{"href":"https:\/\/www.miomiorun.com\/es\/wp-json\/wp\/v2\/product\/296556","targetHints":{"allow":["GET"]}}],"collection":[{"href":"https:\/\/www.miomiorun.com\/es\/wp-json\/wp\/v2\/product"}],"about":[{"href":"https:\/\/www.miomiorun.com\/es\/wp-json\/wp\/v2\/types\/product"}],"wp:featuredmedia":[{"embeddable":true,"href":"https:\/\/www.miomiorun.com\/es\/wp-json\/wp\/v2\/media\/249939"}],"wp:attachment":[{"href":"https:\/\/www.miomiorun.com\/es\/wp-json\/wp\/v2\/media?parent=296556"}],"wp:term":[{"taxonomy":"product_brand","embeddable":true,"href":"https:\/\/www.miomiorun.com\/es\/wp-json\/wp\/v2\/product_brand?post=296556"},{"taxonomy":"product_cat","embeddable":true,"href":"https:\/\/www.miomiorun.com\/es\/wp-json\/wp\/v2\/product_cat?post=296556"},{"taxonomy":"product_tag","embeddable":true,"href":"https:\/\/www.miomiorun.com\/es\/wp-json\/wp\/v2\/product_tag?post=296556"}],"curies":[{"name":"wp","href":"https:\/\/api.w.org\/{rel}","templated":true}]}}