{"id":296448,"date":"2024-10-19T17:40:44","date_gmt":"2024-10-19T15:40:44","guid":{"rendered":"https:\/\/miomiorun.com\/prodotto\/ghost-max-2-donna\/"},"modified":"2026-02-25T12:03:24","modified_gmt":"2026-02-25T11:03:24","slug":"ghost-max-2-mujer","status":"publish","type":"product","link":"https:\/\/www.miomiorun.com\/es\/producto\/ghost-max-2-mujer\/","title":{"rendered":"Ghost Max 2 mujer"},"content":{"rendered":"<div class=\"vc-row container\"><div class=\"vc-column\"><div class=\"vc-column-text\"><\/p>\n<h4>Especificaciones t\u00e9cnicas<\/h4>\n<p>Categor\u00eda: Amortiguaci\u00f3n estructurada.<br \/>\nOffset: 6 mm.<br \/>\nPeso: 306,2 g.<br \/>\nIdeal para: corredores con pisada neutra que buscan un modelo capaz de proporcionar una buena amortiguaci\u00f3n protectora y una excelente versatilidad para correr y caminar en distancias largas o medias.<br \/>\nPeso del atleta: 60 kg.<br \/>\nRitmo de carrera: medio (5 min\/km).<br \/>\n<a href=\"https:\/\/miomiorun.com\/es\/guia-especifica\/\">Gu\u00eda de especificaciones t\u00e9cnicas<\/a><\/p>\n<p><\/div><\/div><div class=\"vc-column\"><div class=\"vc-column-text\"> Suaves, lisas y protectoras, las zapatillas de running <strong>Ghost Max 2<\/strong> para mujer ofrecen la m\u00e1xima comodidad para correr o caminar. Con toda su amortiguaci\u00f3n suave y ligera, su forma curvil\u00ednea que favorece activamente las transiciones fluidas desde el impacto con el suelo hasta el despegue y una base amplia para una mayor estabilidad, las Ghost Max 2 est\u00e1n listas para la acci\u00f3n.<\/p>\n<h3 style=\"text-align: center\"><b>&nbsp;Ghost Max 2 <\/b> est\u00e1 dise\u00f1ada para corredores y corredoras que desean o necesitan una buena dosis de protecci\u00f3n integrada en sus zapatillas de running.<\/h3>\n<h3><strong>Caracter\u00edsticas:<\/strong><\/h3>\n<ul>\n<li><strong>Creada con la mezcla DNA LOFT v3<\/strong>: La mezcla DNA LOFT v3, que garantiza impactos extremadamente suaves con el suelo, est\u00e1 dise\u00f1ada para ofrecer una sensaci\u00f3n de suavidad y protecci\u00f3n sin comprometer la reactividad.\n<li><strong>Tecnolog\u00eda GlideRoll Rocker<\/strong>: esta caracter\u00edstica exclusiva est\u00e1 dise\u00f1ada para facilitar una transici\u00f3n asistida del tal\u00f3n a la puntera, lo que a su vez ayuda a reducir la presi\u00f3n bajo el antepi\u00e9.\n<li><strong>Tejido de doble punto jacquard<\/strong>: el dise\u00f1o bicolor no es solo un detalle est\u00e9tico, sino que est\u00e1 dise\u00f1ado para garantizar suavidad, transpirabilidad, durabilidad y flexibilidad.\n<li><strong>Carbon Neutral<\/strong>: al ser un calzado con certificaci\u00f3n CarbonNeutral\u00ae, Ghost Max 2 no solo cuida de tus pies, sino tambi\u00e9n del planeta.\n<li>Amortiguaci\u00f3n MAX.\n<li>Dise\u00f1o protector.\n<li>Transiciones asistidas. <\/li>\n<li>Carrera estable.<\/li>\n<\/li>\n<\/li>\n<\/li>\n<\/li>\n<\/li>\n<\/li>\n<\/ul>\n<h3><strong>Ideal para<\/strong><\/h3>\n<p>&nbsp;<\/p>\n<div class=\"m-long-description__best-for-icon\" aria-hidden=\"true\"><img loading=\"lazy\" decoding=\"async\" class=\"a-responsive-image__img\" src=\"https:\/\/www.brooksrunning.com\/on\/demandware.static\/-\/Sites-brooks-master-catalog\/default\/dwee8d28ad\/specs\/PDP-BestFor-FTW-Max-Cushion.svg\" alt=\"\" width=\"70\" height=\"70\"><\/div>\n<div class=\"m-long-description__best-for-icon\" aria-hidden=\"true\"><strong>Amortiguaci\u00f3n m\u00e1xima<\/strong><\/div>\n<div aria-hidden=\"true\"><\/div>\n<div aria-hidden=\"true\">\n<div aria-hidden=\"true\"><\/div>\n<div class=\"m-long-description__best-for-icon\" aria-hidden=\"true\"><img loading=\"lazy\" decoding=\"async\" class=\"a-responsive-image__img\" src=\"https:\/\/www.brooksrunning.com\/on\/demandware.static\/-\/Sites-brooks-master-catalog\/default\/dwdf8b4e34\/specs\/PDP-BestFor-FTW-Road.svg\" alt=\"\" width=\"70\" height=\"70\"><\/div>\n<div><\/div>\n<div class=\"m-long-description__best-for-text\"><strong>Carrera en carretera<\/strong><\/div>\n<\/div>\n<div><\/div>\n<div><\/div>\n<div>\n<div class=\"m-long-description__best-for-icon\" aria-hidden=\"true\"><img loading=\"lazy\" decoding=\"async\" class=\"a-responsive-image__img\" src=\"https:\/\/www.brooksrunning.com\/on\/demandware.static\/-\/Sites-brooks-master-catalog\/default\/dwb19bcc7d\/specs\/PDP-BestFor-FTW-Rocker.svg\" alt=\"\" width=\"70\" height=\"70\"><\/div>\n<div class=\"m-long-description__best-for-text\"><strong>Transiciones asistidas<\/strong><\/div>\n<\/div>\n<div><\/div>\n<div><\/div>\n<div>\n<div class=\"m-long-description__best-for-icon\" aria-hidden=\"true\"><img loading=\"lazy\" decoding=\"async\" class=\"a-responsive-image__img\" src=\"https:\/\/www.brooksrunning.com\/on\/demandware.static\/-\/Sites-brooks-master-catalog\/default\/dwea695240\/specs\/PDP-BestFor-FTW-Walking.svg\" alt=\"\" width=\"69\" height=\"67\"><\/div>\n<div><\/div>\n<div class=\"m-long-description__best-for-text\"><strong>Caminata<\/strong><\/div>\n<\/div>\n<div><\/div>\n<div><\/div>\n<div>\n<h2 class=\"a-type-h2 \" style=\"text-align: center\">M\u00e1xima amortiguaci\u00f3n. M\u00e1xima protecci\u00f3n. M\u00e1ximo confort.<\/h2>\n<p>IDEAL PARA COMPETICI\u00d3N<\/p>\n<h3>Transiciones asistidas<\/h3>\n<p>El GlideRoll Rocker, la caracter\u00edstica curvatura en la puntera y el tal\u00f3n, favorece activamente las transiciones fluidas del tal\u00f3n a la puntera para una sensaci\u00f3n de comodidad y ligereza.<\/p>\n<\/div>\n<p>&nbsp;<\/p>\n<p>\u00bfDEMASIADO BLANDO? NUNCA.<\/p>\n<h3>Amortiguaci\u00f3n protectora<\/h3>\n<p>Actualizada con respecto a la versi\u00f3n anterior, la Ghost Max 2 cuenta con una amortiguaci\u00f3n ligera de mezcla DNA LOFT V3 con infusi\u00f3n de nitro, para una sensaci\u00f3n de protecci\u00f3n y un impacto agradable con el terreno.<\/p>\n<p>&nbsp;<\/p>\n<p>BASE S\u00d3LIDA<\/p>\n<h3>Carrera estable<\/h3>\n<p>La amplia base y las paredes laterales elevadas ofrecen una estabilidad intr\u00ednseca que garantiza una fant\u00e1stica sensaci\u00f3n de seguridad.<\/p>\n<p>&nbsp;<\/p>\n<p><\/div><\/div><\/div>\n","protected":false},"excerpt":{"rendered":"<ul>\n<li>Amortiguaci\u00f3n protectora ideal para correr con seguridad.<\/li>\n<li>Perfectas para correr y caminar.<\/li>\n<\/ul>\n","protected":false},"featured_media":262509,"template":"","meta":{"_acf_changed":false,"inline_featured_image":false},"product_brand":[],"product_cat":[24415,24414],"product_tag":[23463,23664],"class_list":{"0":"post-296448","1":"product","2":"type-product","3":"status-publish","4":"has-post-thumbnail","6":"product_cat-calzado-de-mujer","7":"product_cat-neutre-es-2","8":"product_tag-brooks-es","9":"product_tag-brooks-mujer","10":"pa_attivita-caminar","11":"pa_attivita-running-es","12":"pa_colore-ghost-max-2-w-baltic-sea-bonnie-blue-pea-es","13":"pa_colore-ghost-max-2-w-black-white-orchid-ice-es","14":"pa_colore-ghost-max-2-w-white-hot-coral-es","15":"pa_colore-ghost-max-2-w-white-peach-coral-es","16":"pa_marca-brooks-es","17":"pa_sesso-mujer","18":"pa_size-38-es","19":"pa_size-38-5-es","20":"pa_size-39-es","21":"pa_size-40-es","22":"pa_size-40-5-es","24":"first","25":"instock","26":"taxable","27":"shipping-taxable","28":"purchasable","29":"product-type-variable","30":"wvs-archive-product-wrapper"},"acf":[],"yoast_head":"<!-- This site is optimized with the Yoast SEO plugin v26.8 - https:\/\/yoast.com\/product\/yoast-seo-wordpress\/ -->\n<title>Brooks Ghost Max 2 mujer - zapatillas de correr - MioMioRun.com<\/title>\n<meta name=\"description\" content=\"Suaves, lisas y protectoras, las zapatillas de running Ghost Max 2 para mujer ofrecen la m\u00e1xima comodidad para correr o caminar en todo momento.\" \/>\n<meta name=\"robots\" content=\"index, follow, max-snippet:-1, max-image-preview:large, max-video-preview:-1\" \/>\n<link rel=\"canonical\" href=\"https:\/\/www.miomiorun.com\/es\/producto\/ghost-max-2-mujer\/\" \/>\n<meta property=\"og:locale\" content=\"es_ES\" \/>\n<meta property=\"og:type\" content=\"article\" \/>\n<meta property=\"og:title\" content=\"Brooks Ghost Max 2 mujer - zapatillas de correr - MioMioRun.com\" \/>\n<meta property=\"og:description\" content=\"Suaves, lisas y protectoras, las zapatillas de running Ghost Max 2 para mujer ofrecen la m\u00e1xima comodidad para correr o caminar en todo momento.\" \/>\n<meta property=\"og:url\" content=\"https:\/\/www.miomiorun.com\/es\/producto\/ghost-max-2-mujer\/\" \/>\n<meta property=\"og:site_name\" content=\"MioMioRun\" \/>\n<meta property=\"article:publisher\" content=\"https:\/\/www.facebook.com\/miomiorun\/\" \/>\n<meta property=\"article:modified_time\" content=\"2026-02-25T11:03:24+00:00\" \/>\n<meta property=\"og:image\" content=\"https:\/\/www.miomiorun.com\/app\/uploads\/2025\/03\/brooks-Ghost-Max-2-W-white-hot-coral-1204201B174.webp\" \/>\n\t<meta property=\"og:image:width\" content=\"600\" \/>\n\t<meta property=\"og:image:height\" content=\"600\" \/>\n\t<meta property=\"og:image:type\" content=\"image\/webp\" \/>\n<meta name=\"twitter:card\" content=\"summary_large_image\" \/>\n<meta name=\"twitter:label1\" content=\"Est. reading time\" \/>\n\t<meta name=\"twitter:data1\" content=\"2 minutes\" \/>\n<script type=\"application\/ld+json\" class=\"yoast-schema-graph\">{\"@context\":\"https:\/\/schema.org\",\"@graph\":[{\"@type\":\"WebPage\",\"@id\":\"https:\/\/www.miomiorun.com\/es\/producto\/ghost-max-2-mujer\/\",\"url\":\"https:\/\/www.miomiorun.com\/es\/producto\/ghost-max-2-mujer\/\",\"name\":\"Brooks Ghost Max 2 mujer - zapatillas de correr - MioMioRun.com\",\"isPartOf\":{\"@id\":\"https:\/\/www.miomiorun.com\/es\/#website\"},\"primaryImageOfPage\":{\"@id\":\"https:\/\/www.miomiorun.com\/es\/producto\/ghost-max-2-mujer\/#primaryimage\"},\"image\":{\"@id\":\"https:\/\/www.miomiorun.com\/es\/producto\/ghost-max-2-mujer\/#primaryimage\"},\"thumbnailUrl\":\"https:\/\/www.miomiorun.com\/app\/uploads\/2025\/03\/brooks-Ghost-Max-2-W-white-hot-coral-1204201B174.webp\",\"datePublished\":\"2024-10-19T15:40:44+00:00\",\"dateModified\":\"2026-02-25T11:03:24+00:00\",\"description\":\"Suaves, lisas y protectoras, las zapatillas de running Ghost Max 2 para mujer ofrecen la m\u00e1xima comodidad para correr o caminar en todo momento.\",\"breadcrumb\":{\"@id\":\"https:\/\/www.miomiorun.com\/es\/producto\/ghost-max-2-mujer\/#breadcrumb\"},\"inLanguage\":\"es-ES\",\"potentialAction\":[{\"@type\":\"ReadAction\",\"target\":[\"https:\/\/www.miomiorun.com\/es\/producto\/ghost-max-2-mujer\/\"]}]},{\"@type\":\"ImageObject\",\"inLanguage\":\"es-ES\",\"@id\":\"https:\/\/www.miomiorun.com\/es\/producto\/ghost-max-2-mujer\/#primaryimage\",\"url\":\"https:\/\/www.miomiorun.com\/app\/uploads\/2025\/03\/brooks-Ghost-Max-2-W-white-hot-coral-1204201B174.webp\",\"contentUrl\":\"https:\/\/www.miomiorun.com\/app\/uploads\/2025\/03\/brooks-Ghost-Max-2-W-white-hot-coral-1204201B174.webp\",\"width\":600,\"height\":600,\"caption\":\"brooks Ghost Max 2 W white hot coral 1204201B174\"},{\"@type\":\"BreadcrumbList\",\"@id\":\"https:\/\/www.miomiorun.com\/es\/producto\/ghost-max-2-mujer\/#breadcrumb\",\"itemListElement\":[{\"@type\":\"ListItem\",\"position\":1,\"name\":\"Home\",\"item\":\"https:\/\/www.miomiorun.com\/es\/\"},{\"@type\":\"ListItem\",\"position\":2,\"name\":\"Shop\",\"item\":\"https:\/\/www.miomiorun.com\/shop\/\"},{\"@type\":\"ListItem\",\"position\":3,\"name\":\"Ghost Max 2 mujer\"}]},{\"@type\":\"WebSite\",\"@id\":\"https:\/\/www.miomiorun.com\/es\/#website\",\"url\":\"https:\/\/www.miomiorun.com\/es\/\",\"name\":\"MioMioRun\",\"description\":\"Tienda 100% running y trail\",\"publisher\":{\"@id\":\"https:\/\/www.miomiorun.com\/es\/#organization\"},\"potentialAction\":[{\"@type\":\"SearchAction\",\"target\":{\"@type\":\"EntryPoint\",\"urlTemplate\":\"https:\/\/www.miomiorun.com\/es\/?s={search_term_string}\"},\"query-input\":{\"@type\":\"PropertyValueSpecification\",\"valueRequired\":true,\"valueName\":\"search_term_string\"}}],\"inLanguage\":\"es-ES\"},{\"@type\":\"Organization\",\"@id\":\"https:\/\/www.miomiorun.com\/es\/#organization\",\"name\":\"MioMio Run\",\"url\":\"https:\/\/www.miomiorun.com\/es\/\",\"logo\":{\"@type\":\"ImageObject\",\"inLanguage\":\"es-ES\",\"@id\":\"https:\/\/www.miomiorun.com\/es\/#\/schema\/logo\/image\/\",\"url\":\"https:\/\/www.miomiorun.com\/app\/uploads\/2019\/12\/logomio.png\",\"contentUrl\":\"https:\/\/www.miomiorun.com\/app\/uploads\/2019\/12\/logomio.png\",\"width\":115,\"height\":82,\"caption\":\"MioMio Run\"},\"image\":{\"@id\":\"https:\/\/www.miomiorun.com\/es\/#\/schema\/logo\/image\/\"},\"sameAs\":[\"https:\/\/www.facebook.com\/miomiorun\/\",\"https:\/\/www.instagram.com\/miomiorun\/\"]}]}<\/script>\n<!-- \/ Yoast SEO plugin. -->","yoast_head_json":{"title":"Brooks Ghost Max 2 mujer - zapatillas de correr - MioMioRun.com","description":"Suaves, lisas y protectoras, las zapatillas de running Ghost Max 2 para mujer ofrecen la m\u00e1xima comodidad para correr o caminar en todo momento.","robots":{"index":"index","follow":"follow","max-snippet":"max-snippet:-1","max-image-preview":"max-image-preview:large","max-video-preview":"max-video-preview:-1"},"canonical":"https:\/\/www.miomiorun.com\/es\/producto\/ghost-max-2-mujer\/","og_locale":"es_ES","og_type":"article","og_title":"Brooks Ghost Max 2 mujer - zapatillas de correr - MioMioRun.com","og_description":"Suaves, lisas y protectoras, las zapatillas de running Ghost Max 2 para mujer ofrecen la m\u00e1xima comodidad para correr o caminar en todo momento.","og_url":"https:\/\/www.miomiorun.com\/es\/producto\/ghost-max-2-mujer\/","og_site_name":"MioMioRun","article_publisher":"https:\/\/www.facebook.com\/miomiorun\/","article_modified_time":"2026-02-25T11:03:24+00:00","og_image":[{"width":600,"height":600,"url":"https:\/\/www.miomiorun.com\/app\/uploads\/2025\/03\/brooks-Ghost-Max-2-W-white-hot-coral-1204201B174.webp","type":"image\/webp"}],"twitter_card":"summary_large_image","twitter_misc":{"Est. reading time":"2 minutes"},"schema":{"@context":"https:\/\/schema.org","@graph":[{"@type":"WebPage","@id":"https:\/\/www.miomiorun.com\/es\/producto\/ghost-max-2-mujer\/","url":"https:\/\/www.miomiorun.com\/es\/producto\/ghost-max-2-mujer\/","name":"Brooks Ghost Max 2 mujer - zapatillas de correr - MioMioRun.com","isPartOf":{"@id":"https:\/\/www.miomiorun.com\/es\/#website"},"primaryImageOfPage":{"@id":"https:\/\/www.miomiorun.com\/es\/producto\/ghost-max-2-mujer\/#primaryimage"},"image":{"@id":"https:\/\/www.miomiorun.com\/es\/producto\/ghost-max-2-mujer\/#primaryimage"},"thumbnailUrl":"https:\/\/www.miomiorun.com\/app\/uploads\/2025\/03\/brooks-Ghost-Max-2-W-white-hot-coral-1204201B174.webp","datePublished":"2024-10-19T15:40:44+00:00","dateModified":"2026-02-25T11:03:24+00:00","description":"Suaves, lisas y protectoras, las zapatillas de running Ghost Max 2 para mujer ofrecen la m\u00e1xima comodidad para correr o caminar en todo momento.","breadcrumb":{"@id":"https:\/\/www.miomiorun.com\/es\/producto\/ghost-max-2-mujer\/#breadcrumb"},"inLanguage":"es-ES","potentialAction":[{"@type":"ReadAction","target":["https:\/\/www.miomiorun.com\/es\/producto\/ghost-max-2-mujer\/"]}]},{"@type":"ImageObject","inLanguage":"es-ES","@id":"https:\/\/www.miomiorun.com\/es\/producto\/ghost-max-2-mujer\/#primaryimage","url":"https:\/\/www.miomiorun.com\/app\/uploads\/2025\/03\/brooks-Ghost-Max-2-W-white-hot-coral-1204201B174.webp","contentUrl":"https:\/\/www.miomiorun.com\/app\/uploads\/2025\/03\/brooks-Ghost-Max-2-W-white-hot-coral-1204201B174.webp","width":600,"height":600,"caption":"brooks Ghost Max 2 W white hot coral 1204201B174"},{"@type":"BreadcrumbList","@id":"https:\/\/www.miomiorun.com\/es\/producto\/ghost-max-2-mujer\/#breadcrumb","itemListElement":[{"@type":"ListItem","position":1,"name":"Home","item":"https:\/\/www.miomiorun.com\/es\/"},{"@type":"ListItem","position":2,"name":"Shop","item":"https:\/\/www.miomiorun.com\/shop\/"},{"@type":"ListItem","position":3,"name":"Ghost Max 2 mujer"}]},{"@type":"WebSite","@id":"https:\/\/www.miomiorun.com\/es\/#website","url":"https:\/\/www.miomiorun.com\/es\/","name":"MioMioRun","description":"Tienda 100% running y trail","publisher":{"@id":"https:\/\/www.miomiorun.com\/es\/#organization"},"potentialAction":[{"@type":"SearchAction","target":{"@type":"EntryPoint","urlTemplate":"https:\/\/www.miomiorun.com\/es\/?s={search_term_string}"},"query-input":{"@type":"PropertyValueSpecification","valueRequired":true,"valueName":"search_term_string"}}],"inLanguage":"es-ES"},{"@type":"Organization","@id":"https:\/\/www.miomiorun.com\/es\/#organization","name":"MioMio Run","url":"https:\/\/www.miomiorun.com\/es\/","logo":{"@type":"ImageObject","inLanguage":"es-ES","@id":"https:\/\/www.miomiorun.com\/es\/#\/schema\/logo\/image\/","url":"https:\/\/www.miomiorun.com\/app\/uploads\/2019\/12\/logomio.png","contentUrl":"https:\/\/www.miomiorun.com\/app\/uploads\/2019\/12\/logomio.png","width":115,"height":82,"caption":"MioMio Run"},"image":{"@id":"https:\/\/www.miomiorun.com\/es\/#\/schema\/logo\/image\/"},"sameAs":["https:\/\/www.facebook.com\/miomiorun\/","https:\/\/www.instagram.com\/miomiorun\/"]}]}},"_links":{"self":[{"href":"https:\/\/www.miomiorun.com\/es\/wp-json\/wp\/v2\/product\/296448","targetHints":{"allow":["GET"]}}],"collection":[{"href":"https:\/\/www.miomiorun.com\/es\/wp-json\/wp\/v2\/product"}],"about":[{"href":"https:\/\/www.miomiorun.com\/es\/wp-json\/wp\/v2\/types\/product"}],"wp:featuredmedia":[{"embeddable":true,"href":"https:\/\/www.miomiorun.com\/es\/wp-json\/wp\/v2\/media\/262509"}],"wp:attachment":[{"href":"https:\/\/www.miomiorun.com\/es\/wp-json\/wp\/v2\/media?parent=296448"}],"wp:term":[{"taxonomy":"product_brand","embeddable":true,"href":"https:\/\/www.miomiorun.com\/es\/wp-json\/wp\/v2\/product_brand?post=296448"},{"taxonomy":"product_cat","embeddable":true,"href":"https:\/\/www.miomiorun.com\/es\/wp-json\/wp\/v2\/product_cat?post=296448"},{"taxonomy":"product_tag","embeddable":true,"href":"https:\/\/www.miomiorun.com\/es\/wp-json\/wp\/v2\/product_tag?post=296448"}],"curies":[{"name":"wp","href":"https:\/\/api.w.org\/{rel}","templated":true}]}}