{"id":296169,"date":"2024-10-24T13:07:53","date_gmt":"2024-10-24T11:07:53","guid":{"rendered":"https:\/\/miomiorun.com\/prodotto\/velociti-pro\/"},"modified":"2026-02-25T18:06:30","modified_gmt":"2026-02-25T17:06:30","slug":"velociti-pro","status":"publish","type":"product","link":"https:\/\/www.miomiorun.com\/es\/producto\/velociti-pro\/","title":{"rendered":"Velociti Pro"},"content":{"rendered":"<div class=\"vc-row container\"><div class=\"vc-column\"><div class=\"vc-column-text\"><\/p>\n<h4>Especificaciones t\u00e9cnicas<\/h4>\n<p>Categor\u00eda: Amortiguaci\u00f3n reactiva.<br \/>\nOffset: 8 mm.<br \/>\nPeso: 252 g.<br \/>\nIdeal para: corredores avanzados que buscan un alto rendimiento y comodidad al correr, para obtener excelentes resultados en carreras de larga distancia, como maratones, y que buscan unas zapatillas con placa de Pebax.<br \/>\nPeso del atleta: 60-80 kg.<br \/>\nRitmo de carrera: r\u00e1pido (&gt;4,00 min\/km).<br \/>\n<a href=\"https:\/\/miomiorun.com\/es\/guia-especifica\/\">Gu\u00eda de especificaciones t\u00e9cnicas<\/a><\/p>\n<p><\/div><div class=\"vc-column-text\"><\/p>\n<p><div style=\"width: 640px;\" class=\"wp-video\"><video class=\"wp-video-shortcode\" id=\"video-296169-1\" width=\"640\" height=\"480\" loop autoplay preload=\"auto\" controls=\"controls\"><source type=\"video\/mp4\" src=\"https:\/\/miomiorun.com\/wp-content\/uploads\/2024\/10\/under-armour-Velociti-Pro-white.mp4?_=1\" \/><a href=\"https:\/\/miomiorun.com\/wp-content\/uploads\/2024\/10\/under-armour-Velociti-Pro-white.mp4\">https:\/\/miomiorun.com\/wp-content\/uploads\/2024\/10\/under-armour-Velociti-Pro-white.mp4<\/a><\/video><\/div><\/p>\n<p><\/div><\/div><div class=\"vc-column\"><div class=\"vc-column-text\"><strong>Under Armour Velociti Pro: rendimiento sin concesiones<\/strong><br \/>\nLibera todo tu potencial con las <strong>Under Armour Velociti Pro<\/strong>, unas zapatillas dise\u00f1adas para atletas que buscan velocidad, comodidad y precisi\u00f3n. Ideales para corredores experimentados, estas zapatillas combinan una construcci\u00f3n ligera con tecnolog\u00edas avanzadas para garantizar un rendimiento excepcional.<\/p>\n<p><strong>Caracter\u00edsticas principales:<\/strong><\/p>\n<ul>\n<li><strong>Amortiguaci\u00f3n UA HOVR\u2122<\/strong>: garantiza un mayor retorno de energ\u00eda y reduce el impacto durante la carrera.\n<li><strong>Parte superior ligera y transpirable<\/strong>: garantiza una comodidad \u00f3ptima incluso en las sesiones m\u00e1s intensas.\n<li><strong>Tecnolog\u00eda Pebax\u00ae Plate<\/strong>: ofrece estabilidad y un impulso reactivo para maximizar la velocidad.\n<li><strong>Suela de goma de alta tracci\u00f3n<\/strong>: perfecta para enfrentarse a cualquier superficie, con una resistencia excepcional.\n<li><strong>Conexi\u00f3n MapMyRun\u2122<\/strong>: supervisa tu progreso y analiza tu rendimiento gracias a la tecnolog\u00eda integrada.\n<\/li>\n<\/li>\n<\/li>\n<\/li>\n<\/li>\n<\/ul>\n<p><strong>\u00bfPara qui\u00e9n son adecuadas?<\/strong><br \/>\nLas Under Armour Velociti Pro son la elecci\u00f3n ideal para corredores ambiciosos que quieren mejorar sus tiempos y alcanzar nuevas metas, gracias al equilibrio perfecto entre ligereza, reactividad y sujeci\u00f3n.<\/div><\/div><\/div>\n","protected":false},"excerpt":{"rendered":"<ul>\n<li>Zapatilla de marat\u00f3n y entrenamiento r\u00e1pida y ligera<\/li>\n<li>Con placa de Pebax<\/li>\n<\/ul>\n","protected":false},"featured_media":250059,"template":"","meta":{"_acf_changed":false,"inline_featured_image":false},"product_brand":[],"product_cat":[24227,24454,24228,24453],"product_tag":[23529,23573,23623],"class_list":{"0":"post-296169","1":"product","2":"type-product","3":"status-publish","4":"has-post-thumbnail","6":"product_cat-calzado-femenino","7":"product_cat-calzado-para-hombre","8":"product_cat-neutre-es","9":"product_cat-neutre-es-3","10":"product_tag-under-armour-es","11":"product_tag-under-armour-hombre","12":"product_tag-under-armour-mujer","13":"pa_attivita-running-es","14":"pa_colore-velociti-pro-black-castlerock-es","15":"pa_colore-velociti-pro-m-morph-green","16":"pa_colore-velociti-pro-w-es","17":"pa_colore-velociti-pro-w-white-distant-gray-es","18":"pa_colore-velociti-pro-white-hydro-green-black-es","19":"pa_colore-velociti-pro-white-hyper-green-metallic","20":"pa_marca-under-armour-es","21":"pa_sesso-hombre","22":"pa_sesso-mujer","23":"pa_size-38-es","24":"pa_size-38-5-es","25":"pa_size-39-es","26":"pa_size-40-es","27":"pa_size-40-5-es","28":"pa_size-41-es","29":"pa_size-42-es","30":"pa_size-42-5-es","31":"pa_size-44-es","32":"pa_size-45-es","33":"pa_size-45-5-es","35":"first","36":"instock","37":"sale","38":"taxable","39":"shipping-taxable","40":"purchasable","41":"product-type-variable","42":"wvs-archive-product-wrapper"},"acf":[],"yoast_head":"<!-- This site is optimized with the Yoast SEO plugin v26.8 - https:\/\/yoast.com\/product\/yoast-seo-wordpress\/ -->\n<title>Under Armour Velociti Pro - zapatillas de correr - MioMioRun<\/title>\n<meta name=\"description\" content=\"Descubre las Under Armour Velociti Pro: zapatillas de running ligeras, reactivas y con tecnolog\u00eda avanzada para un rendimiento superior, \u00a1para los corredores m\u00e1s exigentes!\" \/>\n<meta name=\"robots\" content=\"index, follow, max-snippet:-1, max-image-preview:large, max-video-preview:-1\" \/>\n<link rel=\"canonical\" href=\"https:\/\/www.miomiorun.com\/es\/producto\/velociti-pro\/\" \/>\n<meta property=\"og:locale\" content=\"es_ES\" \/>\n<meta property=\"og:type\" content=\"article\" \/>\n<meta property=\"og:title\" content=\"Under Armour Velociti Pro - zapatillas de correr - MioMioRun\" \/>\n<meta property=\"og:description\" content=\"Descubre las Under Armour Velociti Pro: zapatillas de running ligeras, reactivas y con tecnolog\u00eda avanzada para un rendimiento superior, \u00a1para los corredores m\u00e1s exigentes!\" \/>\n<meta property=\"og:url\" content=\"https:\/\/www.miomiorun.com\/es\/producto\/velociti-pro\/\" \/>\n<meta property=\"og:site_name\" content=\"MioMioRun\" \/>\n<meta property=\"article:publisher\" content=\"https:\/\/www.facebook.com\/miomiorun\/\" \/>\n<meta property=\"article:modified_time\" content=\"2026-02-25T17:06:30+00:00\" \/>\n<meta property=\"og:image\" content=\"https:\/\/www.miomiorun.com\/app\/uploads\/2024\/11\/under-armour-Velociti-Pro-M-morph-green-3027560-0300.webp\" \/>\n\t<meta property=\"og:image:width\" content=\"600\" \/>\n\t<meta property=\"og:image:height\" content=\"600\" \/>\n\t<meta property=\"og:image:type\" content=\"image\/webp\" \/>\n<meta name=\"twitter:card\" content=\"summary_large_image\" \/>\n<meta name=\"twitter:label1\" content=\"Est. reading time\" \/>\n\t<meta name=\"twitter:data1\" content=\"2 minutes\" \/>\n<script type=\"application\/ld+json\" class=\"yoast-schema-graph\">{\"@context\":\"https:\/\/schema.org\",\"@graph\":[{\"@type\":\"WebPage\",\"@id\":\"https:\/\/www.miomiorun.com\/es\/producto\/velociti-pro\/\",\"url\":\"https:\/\/www.miomiorun.com\/es\/producto\/velociti-pro\/\",\"name\":\"Under Armour Velociti Pro - zapatillas de correr - MioMioRun\",\"isPartOf\":{\"@id\":\"https:\/\/www.miomiorun.com\/es\/#website\"},\"primaryImageOfPage\":{\"@id\":\"https:\/\/www.miomiorun.com\/es\/producto\/velociti-pro\/#primaryimage\"},\"image\":{\"@id\":\"https:\/\/www.miomiorun.com\/es\/producto\/velociti-pro\/#primaryimage\"},\"thumbnailUrl\":\"https:\/\/www.miomiorun.com\/app\/uploads\/2024\/11\/under-armour-Velociti-Pro-M-morph-green-3027560-0300.webp\",\"datePublished\":\"2024-10-24T11:07:53+00:00\",\"dateModified\":\"2026-02-25T17:06:30+00:00\",\"description\":\"Descubre las Under Armour Velociti Pro: zapatillas de running ligeras, reactivas y con tecnolog\u00eda avanzada para un rendimiento superior, \u00a1para los corredores m\u00e1s exigentes!\",\"breadcrumb\":{\"@id\":\"https:\/\/www.miomiorun.com\/es\/producto\/velociti-pro\/#breadcrumb\"},\"inLanguage\":\"es-ES\",\"potentialAction\":[{\"@type\":\"ReadAction\",\"target\":[\"https:\/\/www.miomiorun.com\/es\/producto\/velociti-pro\/\"]}]},{\"@type\":\"ImageObject\",\"inLanguage\":\"es-ES\",\"@id\":\"https:\/\/www.miomiorun.com\/es\/producto\/velociti-pro\/#primaryimage\",\"url\":\"https:\/\/www.miomiorun.com\/app\/uploads\/2024\/11\/under-armour-Velociti-Pro-M-morph-green-3027560-0300.webp\",\"contentUrl\":\"https:\/\/www.miomiorun.com\/app\/uploads\/2024\/11\/under-armour-Velociti-Pro-M-morph-green-3027560-0300.webp\",\"width\":600,\"height\":600,\"caption\":\"under armour Velociti Pro M morph green 3027560 0300\"},{\"@type\":\"BreadcrumbList\",\"@id\":\"https:\/\/www.miomiorun.com\/es\/producto\/velociti-pro\/#breadcrumb\",\"itemListElement\":[{\"@type\":\"ListItem\",\"position\":1,\"name\":\"Home\",\"item\":\"https:\/\/www.miomiorun.com\/es\/\"},{\"@type\":\"ListItem\",\"position\":2,\"name\":\"Shop\",\"item\":\"https:\/\/www.miomiorun.com\/shop\/\"},{\"@type\":\"ListItem\",\"position\":3,\"name\":\"Velociti Pro\"}]},{\"@type\":\"WebSite\",\"@id\":\"https:\/\/www.miomiorun.com\/es\/#website\",\"url\":\"https:\/\/www.miomiorun.com\/es\/\",\"name\":\"MioMioRun\",\"description\":\"Tienda 100% running y trail\",\"publisher\":{\"@id\":\"https:\/\/www.miomiorun.com\/es\/#organization\"},\"potentialAction\":[{\"@type\":\"SearchAction\",\"target\":{\"@type\":\"EntryPoint\",\"urlTemplate\":\"https:\/\/www.miomiorun.com\/es\/?s={search_term_string}\"},\"query-input\":{\"@type\":\"PropertyValueSpecification\",\"valueRequired\":true,\"valueName\":\"search_term_string\"}}],\"inLanguage\":\"es-ES\"},{\"@type\":\"Organization\",\"@id\":\"https:\/\/www.miomiorun.com\/es\/#organization\",\"name\":\"MioMio Run\",\"url\":\"https:\/\/www.miomiorun.com\/es\/\",\"logo\":{\"@type\":\"ImageObject\",\"inLanguage\":\"es-ES\",\"@id\":\"https:\/\/www.miomiorun.com\/es\/#\/schema\/logo\/image\/\",\"url\":\"https:\/\/www.miomiorun.com\/app\/uploads\/2019\/12\/logomio.png\",\"contentUrl\":\"https:\/\/www.miomiorun.com\/app\/uploads\/2019\/12\/logomio.png\",\"width\":115,\"height\":82,\"caption\":\"MioMio Run\"},\"image\":{\"@id\":\"https:\/\/www.miomiorun.com\/es\/#\/schema\/logo\/image\/\"},\"sameAs\":[\"https:\/\/www.facebook.com\/miomiorun\/\",\"https:\/\/www.instagram.com\/miomiorun\/\"]}]}<\/script>\n<!-- \/ Yoast SEO plugin. -->","yoast_head_json":{"title":"Under Armour Velociti Pro - zapatillas de correr - MioMioRun","description":"Descubre las Under Armour Velociti Pro: zapatillas de running ligeras, reactivas y con tecnolog\u00eda avanzada para un rendimiento superior, \u00a1para los corredores m\u00e1s exigentes!","robots":{"index":"index","follow":"follow","max-snippet":"max-snippet:-1","max-image-preview":"max-image-preview:large","max-video-preview":"max-video-preview:-1"},"canonical":"https:\/\/www.miomiorun.com\/es\/producto\/velociti-pro\/","og_locale":"es_ES","og_type":"article","og_title":"Under Armour Velociti Pro - zapatillas de correr - MioMioRun","og_description":"Descubre las Under Armour Velociti Pro: zapatillas de running ligeras, reactivas y con tecnolog\u00eda avanzada para un rendimiento superior, \u00a1para los corredores m\u00e1s exigentes!","og_url":"https:\/\/www.miomiorun.com\/es\/producto\/velociti-pro\/","og_site_name":"MioMioRun","article_publisher":"https:\/\/www.facebook.com\/miomiorun\/","article_modified_time":"2026-02-25T17:06:30+00:00","og_image":[{"width":600,"height":600,"url":"https:\/\/www.miomiorun.com\/app\/uploads\/2024\/11\/under-armour-Velociti-Pro-M-morph-green-3027560-0300.webp","type":"image\/webp"}],"twitter_card":"summary_large_image","twitter_misc":{"Est. reading time":"2 minutes"},"schema":{"@context":"https:\/\/schema.org","@graph":[{"@type":"WebPage","@id":"https:\/\/www.miomiorun.com\/es\/producto\/velociti-pro\/","url":"https:\/\/www.miomiorun.com\/es\/producto\/velociti-pro\/","name":"Under Armour Velociti Pro - zapatillas de correr - MioMioRun","isPartOf":{"@id":"https:\/\/www.miomiorun.com\/es\/#website"},"primaryImageOfPage":{"@id":"https:\/\/www.miomiorun.com\/es\/producto\/velociti-pro\/#primaryimage"},"image":{"@id":"https:\/\/www.miomiorun.com\/es\/producto\/velociti-pro\/#primaryimage"},"thumbnailUrl":"https:\/\/www.miomiorun.com\/app\/uploads\/2024\/11\/under-armour-Velociti-Pro-M-morph-green-3027560-0300.webp","datePublished":"2024-10-24T11:07:53+00:00","dateModified":"2026-02-25T17:06:30+00:00","description":"Descubre las Under Armour Velociti Pro: zapatillas de running ligeras, reactivas y con tecnolog\u00eda avanzada para un rendimiento superior, \u00a1para los corredores m\u00e1s exigentes!","breadcrumb":{"@id":"https:\/\/www.miomiorun.com\/es\/producto\/velociti-pro\/#breadcrumb"},"inLanguage":"es-ES","potentialAction":[{"@type":"ReadAction","target":["https:\/\/www.miomiorun.com\/es\/producto\/velociti-pro\/"]}]},{"@type":"ImageObject","inLanguage":"es-ES","@id":"https:\/\/www.miomiorun.com\/es\/producto\/velociti-pro\/#primaryimage","url":"https:\/\/www.miomiorun.com\/app\/uploads\/2024\/11\/under-armour-Velociti-Pro-M-morph-green-3027560-0300.webp","contentUrl":"https:\/\/www.miomiorun.com\/app\/uploads\/2024\/11\/under-armour-Velociti-Pro-M-morph-green-3027560-0300.webp","width":600,"height":600,"caption":"under armour Velociti Pro M morph green 3027560 0300"},{"@type":"BreadcrumbList","@id":"https:\/\/www.miomiorun.com\/es\/producto\/velociti-pro\/#breadcrumb","itemListElement":[{"@type":"ListItem","position":1,"name":"Home","item":"https:\/\/www.miomiorun.com\/es\/"},{"@type":"ListItem","position":2,"name":"Shop","item":"https:\/\/www.miomiorun.com\/shop\/"},{"@type":"ListItem","position":3,"name":"Velociti Pro"}]},{"@type":"WebSite","@id":"https:\/\/www.miomiorun.com\/es\/#website","url":"https:\/\/www.miomiorun.com\/es\/","name":"MioMioRun","description":"Tienda 100% running y trail","publisher":{"@id":"https:\/\/www.miomiorun.com\/es\/#organization"},"potentialAction":[{"@type":"SearchAction","target":{"@type":"EntryPoint","urlTemplate":"https:\/\/www.miomiorun.com\/es\/?s={search_term_string}"},"query-input":{"@type":"PropertyValueSpecification","valueRequired":true,"valueName":"search_term_string"}}],"inLanguage":"es-ES"},{"@type":"Organization","@id":"https:\/\/www.miomiorun.com\/es\/#organization","name":"MioMio Run","url":"https:\/\/www.miomiorun.com\/es\/","logo":{"@type":"ImageObject","inLanguage":"es-ES","@id":"https:\/\/www.miomiorun.com\/es\/#\/schema\/logo\/image\/","url":"https:\/\/www.miomiorun.com\/app\/uploads\/2019\/12\/logomio.png","contentUrl":"https:\/\/www.miomiorun.com\/app\/uploads\/2019\/12\/logomio.png","width":115,"height":82,"caption":"MioMio Run"},"image":{"@id":"https:\/\/www.miomiorun.com\/es\/#\/schema\/logo\/image\/"},"sameAs":["https:\/\/www.facebook.com\/miomiorun\/","https:\/\/www.instagram.com\/miomiorun\/"]}]}},"_links":{"self":[{"href":"https:\/\/www.miomiorun.com\/es\/wp-json\/wp\/v2\/product\/296169","targetHints":{"allow":["GET"]}}],"collection":[{"href":"https:\/\/www.miomiorun.com\/es\/wp-json\/wp\/v2\/product"}],"about":[{"href":"https:\/\/www.miomiorun.com\/es\/wp-json\/wp\/v2\/types\/product"}],"wp:featuredmedia":[{"embeddable":true,"href":"https:\/\/www.miomiorun.com\/es\/wp-json\/wp\/v2\/media\/250059"}],"wp:attachment":[{"href":"https:\/\/www.miomiorun.com\/es\/wp-json\/wp\/v2\/media?parent=296169"}],"wp:term":[{"taxonomy":"product_brand","embeddable":true,"href":"https:\/\/www.miomiorun.com\/es\/wp-json\/wp\/v2\/product_brand?post=296169"},{"taxonomy":"product_cat","embeddable":true,"href":"https:\/\/www.miomiorun.com\/es\/wp-json\/wp\/v2\/product_cat?post=296169"},{"taxonomy":"product_tag","embeddable":true,"href":"https:\/\/www.miomiorun.com\/es\/wp-json\/wp\/v2\/product_tag?post=296169"}],"curies":[{"name":"wp","href":"https:\/\/api.w.org\/{rel}","templated":true}]}}