{"id":295910,"date":"2024-10-04T17:13:28","date_gmt":"2024-10-04T15:13:28","guid":{"rendered":"https:\/\/miomiorun.com\/prodotto\/thundercross-gtx-uomo\/"},"modified":"2026-03-04T12:18:15","modified_gmt":"2026-03-04T11:18:15","slug":"thundercross-gtx-hombre","status":"publish","type":"product","link":"https:\/\/www.miomiorun.com\/es\/producto\/thundercross-gtx-hombre\/","title":{"rendered":"Thundercross GTX hombre"},"content":{"rendered":"<div class=\"vc-row container\"><div class=\"vc-column\"><div class=\"vc-column-text\"><\/p>\n<p><strong>Especificaciones t\u00e9cnicas<\/strong><\/p>\n<p>Categor\u00eda: amortiguaci\u00f3n superior.<br \/>\nOffset: 4 mm.<br \/>\nPeso: 300 g.<br \/>\nIdeal para: corredores de trail y amantes de las caminatas por la monta\u00f1a que buscan un modelo ligero, bien amortiguado y protector, capaz de transmitir el m\u00e1ximo confort incluso en distancias prolongadas y proteger el pie de las inclemencias del tiempo gracias a la membrana Gore-Tex.<br \/>\nPeso del atleta: 60-70 kg<br \/>\nRitmo de carrera: medio-r\u00e1pido (4,30-6,00 min\/km)<br \/>\n<a href=\"https:\/\/miomiorun.com\/es\/guia-especifica\/\">Gu\u00eda de especificaciones t\u00e9cnicas<\/a><\/p>\n<p><\/div><\/div><div class=\"vc-column\"><div class=\"vc-column-text\"><\/p>\n<div class=\"description-whatsnew\">\n<p>Dise\u00f1ada para zancadas din\u00e1micas y amortiguadas, la <strong>Thundercross GORE-TEX<\/strong> para hombre es una zapatilla de trail impermeable con un agarre y una sujeci\u00f3n superiores. Equipada con tacos agresivos de 5 mm, est\u00e1 preparada para afrontar cualquier terreno, por muy traicionero, t\u00e9cnico o irregular que sea. Desarrollada en los Alpes franceses, probada y testada en todo tipo de terrenos, desde los m\u00e1s accidentados hasta las laderas rocosas o los senderos estrechos y exigentes.<\/p>\n<h3>Caracter\u00edsticas y composici\u00f3n<\/h3>\n<div class=\"pdp-gap-m\">\n<p class=\"pdp-sidebar-popin-details_subtitle\">SUELA<\/p>\n<ul>\n<li><b>Tacos en forma de chevron<\/b>: Tacos con un dibujo profundo y agarre multidireccional para mejorar la tracci\u00f3n en superficies blandas como el barro o la tierra suelta.\n<li><b>All Terrain Contagrip\u00ae<\/b>: Nuestra suela All Terrain Contagrip\u00ae es adecuada para una gran variedad de superficies. Garantiza resistencia y seguridad en superficies mojadas, secas, duras o blandas.\n<\/li>\n<\/li>\n<\/ul>\n<\/div>\n<div class=\"pdp-gap-m\">\n<p class=\"pdp-sidebar-popin-details_subtitle\">ENTRESUELA<\/p>\n<p><b>Energy Foam<\/b>: Espuma EVA ligera y amortiguada para quienes buscan un alto rendimiento.<\/p>\n<\/div>\n<div class=\"pdp-gap-m\">\n<p class=\"pdp-sidebar-popin-details_subtitle\">MATERIAL DE LA PARTE SUPERIOR<\/p>\n<p><b>Malla antirresiduos<\/b>: malla ajustada que evita que los residuos queden atrapados entre el pie y la plantilla.<\/p>\n<\/div>\n<div class=\"pdp-gap-m\">\n<p class=\"pdp-sidebar-popin-details_subtitle\">SISTEMA DE ATADO<\/p>\n<p><b>quickLACE\u2122<\/b>: Cord\u00f3n fino y resistente para un atado de un solo tir\u00f3n. Simplifica el calzado y el descalzado.<\/p>\n<\/div>\n<div class=\"pdp-gap-m\">\n<p class=\"pdp-sidebar-popin-details_subtitle\">MEMBRANA<\/p>\n<p><b>GORE-TEX\u00ae<\/b>: El GORE-TEX\u00ae mantiene los pies secos, tanto por dentro como por fuera.<\/p>\n<\/div>\n<div class=\"pdp-gap-m\">\n<p class=\"pdp-sidebar-popin-details_subtitle\">SOSTENIBILIDAD<\/p>\n<p><b>Material reciclado<\/b>: Materiales obtenidos a partir de productos reciclados, como botellas de PET o residuos de materiales<\/p>\n<h2><\/h2>\n<h2 style=\"text-align: center\">Rendimiento en el running<\/h2>\n<p>Zapatilla construida con una mezcla de entresuela \u00e1gil y c\u00f3moda que ofrece agarre y explosividad, al tiempo que amortigua los aterrizajes para una pisada fluida.<\/p>\n<h2 style=\"text-align: center\">Agarre<\/h2>\n<p>Los tacos agresivos de 5 mm de profundidad garantizan un excelente nivel de agarre y tracci\u00f3n en todo tipo de terrenos t\u00e9cnicos y superficies.<\/p>\n<h2 style=\"text-align: center\">Impermeabilidad y protecci\u00f3n contra los elementos<\/h2>\n<p>Membrana Gore-Tex impermeable y transpirable para mantener los pies secos y c\u00f3modos incluso en condiciones dif\u00edciles y terrenos fangosos.<\/p>\n<\/div>\n<p>&nbsp;<\/p>\n<\/div>\n<p><\/div><\/div><\/div>\n","protected":false},"excerpt":{"rendered":"<ul>\n<li>Calzado ideal para trail y senderismo.<\/li>\n<li>Ideal para recorridos t\u00e9cnicos.<\/li>\n<li>Parte superior impermeable en Gore-Tex.<\/li>\n<\/ul>\n","protected":false},"featured_media":249553,"template":"","meta":{"_acf_changed":false,"inline_featured_image":false},"product_brand":[],"product_cat":[24454,24451],"product_tag":[23582,23615],"class_list":{"0":"post-295910","1":"product","2":"type-product","3":"status-publish","4":"has-post-thumbnail","6":"product_cat-calzado-para-hombre","7":"product_cat-trail-es-3","8":"product_tag-salomon-es","9":"product_tag-salomon-hombre","10":"pa_attivita-outdoor-es","11":"pa_attivita-trail-es","12":"pa_colore-thundercross-gtx-turbul-black-cher-es","13":"pa_marca-salomon-es","14":"pa_sesso-hombre","15":"pa_size-41-es","17":"first","18":"instock","19":"sale","20":"taxable","21":"shipping-taxable","22":"purchasable","23":"product-type-variable","24":"wvs-archive-product-wrapper"},"acf":[],"yoast_head":"<!-- This site is optimized with the Yoast SEO plugin v26.8 - https:\/\/yoast.com\/product\/yoast-seo-wordpress\/ -->\n<title>SalomonThundercross GTX hombre -zapatillas de trail - MioMioRun.com<\/title>\n<meta name=\"description\" content=\"Dise\u00f1adas para zancadas din\u00e1micas y amortiguadas, las Thundercross GORE-TEX para hombre son unas zapatillas de trail impermeables con un agarre y una sujeci\u00f3n superiores.\" \/>\n<meta name=\"robots\" content=\"index, follow, max-snippet:-1, max-image-preview:large, max-video-preview:-1\" \/>\n<link rel=\"canonical\" href=\"https:\/\/www.miomiorun.com\/es\/producto\/thundercross-gtx-hombre\/\" \/>\n<meta property=\"og:locale\" content=\"es_ES\" \/>\n<meta property=\"og:type\" content=\"article\" \/>\n<meta property=\"og:title\" content=\"SalomonThundercross GTX hombre -zapatillas de trail - MioMioRun.com\" \/>\n<meta property=\"og:description\" content=\"Dise\u00f1adas para zancadas din\u00e1micas y amortiguadas, las Thundercross GORE-TEX para hombre son unas zapatillas de trail impermeables con un agarre y una sujeci\u00f3n superiores.\" \/>\n<meta property=\"og:url\" content=\"https:\/\/www.miomiorun.com\/es\/producto\/thundercross-gtx-hombre\/\" \/>\n<meta property=\"og:site_name\" content=\"MioMioRun\" \/>\n<meta property=\"article:publisher\" content=\"https:\/\/www.facebook.com\/miomiorun\/\" \/>\n<meta property=\"article:modified_time\" content=\"2026-03-04T11:18:15+00:00\" \/>\n<meta property=\"og:image\" content=\"https:\/\/www.miomiorun.com\/app\/uploads\/2024\/10\/salomon-Thundercross-GTX-turbul-black-cher-L47684500.webp\" \/>\n\t<meta property=\"og:image:width\" content=\"600\" \/>\n\t<meta property=\"og:image:height\" content=\"600\" \/>\n\t<meta property=\"og:image:type\" content=\"image\/webp\" \/>\n<meta name=\"twitter:card\" content=\"summary_large_image\" \/>\n<meta name=\"twitter:label1\" content=\"Est. reading time\" \/>\n\t<meta name=\"twitter:data1\" content=\"2 minutes\" \/>\n<script type=\"application\/ld+json\" class=\"yoast-schema-graph\">{\"@context\":\"https:\/\/schema.org\",\"@graph\":[{\"@type\":\"WebPage\",\"@id\":\"https:\/\/www.miomiorun.com\/es\/producto\/thundercross-gtx-hombre\/\",\"url\":\"https:\/\/www.miomiorun.com\/es\/producto\/thundercross-gtx-hombre\/\",\"name\":\"SalomonThundercross GTX hombre -zapatillas de trail - MioMioRun.com\",\"isPartOf\":{\"@id\":\"https:\/\/www.miomiorun.com\/es\/#website\"},\"primaryImageOfPage\":{\"@id\":\"https:\/\/www.miomiorun.com\/es\/producto\/thundercross-gtx-hombre\/#primaryimage\"},\"image\":{\"@id\":\"https:\/\/www.miomiorun.com\/es\/producto\/thundercross-gtx-hombre\/#primaryimage\"},\"thumbnailUrl\":\"https:\/\/www.miomiorun.com\/app\/uploads\/2024\/10\/salomon-Thundercross-GTX-turbul-black-cher-L47684500.webp\",\"datePublished\":\"2024-10-04T15:13:28+00:00\",\"dateModified\":\"2026-03-04T11:18:15+00:00\",\"description\":\"Dise\u00f1adas para zancadas din\u00e1micas y amortiguadas, las Thundercross GORE-TEX para hombre son unas zapatillas de trail impermeables con un agarre y una sujeci\u00f3n superiores.\",\"breadcrumb\":{\"@id\":\"https:\/\/www.miomiorun.com\/es\/producto\/thundercross-gtx-hombre\/#breadcrumb\"},\"inLanguage\":\"es-ES\",\"potentialAction\":[{\"@type\":\"ReadAction\",\"target\":[\"https:\/\/www.miomiorun.com\/es\/producto\/thundercross-gtx-hombre\/\"]}]},{\"@type\":\"ImageObject\",\"inLanguage\":\"es-ES\",\"@id\":\"https:\/\/www.miomiorun.com\/es\/producto\/thundercross-gtx-hombre\/#primaryimage\",\"url\":\"https:\/\/www.miomiorun.com\/app\/uploads\/2024\/10\/salomon-Thundercross-GTX-turbul-black-cher-L47684500.webp\",\"contentUrl\":\"https:\/\/www.miomiorun.com\/app\/uploads\/2024\/10\/salomon-Thundercross-GTX-turbul-black-cher-L47684500.webp\",\"width\":600,\"height\":600,\"caption\":\"salomon Thundercross GTX turbul black cher L47684500\"},{\"@type\":\"BreadcrumbList\",\"@id\":\"https:\/\/www.miomiorun.com\/es\/producto\/thundercross-gtx-hombre\/#breadcrumb\",\"itemListElement\":[{\"@type\":\"ListItem\",\"position\":1,\"name\":\"Home\",\"item\":\"https:\/\/www.miomiorun.com\/es\/\"},{\"@type\":\"ListItem\",\"position\":2,\"name\":\"Shop\",\"item\":\"https:\/\/www.miomiorun.com\/shop\/\"},{\"@type\":\"ListItem\",\"position\":3,\"name\":\"Thundercross GTX hombre\"}]},{\"@type\":\"WebSite\",\"@id\":\"https:\/\/www.miomiorun.com\/es\/#website\",\"url\":\"https:\/\/www.miomiorun.com\/es\/\",\"name\":\"MioMioRun\",\"description\":\"Tienda 100% running y trail\",\"publisher\":{\"@id\":\"https:\/\/www.miomiorun.com\/es\/#organization\"},\"potentialAction\":[{\"@type\":\"SearchAction\",\"target\":{\"@type\":\"EntryPoint\",\"urlTemplate\":\"https:\/\/www.miomiorun.com\/es\/?s={search_term_string}\"},\"query-input\":{\"@type\":\"PropertyValueSpecification\",\"valueRequired\":true,\"valueName\":\"search_term_string\"}}],\"inLanguage\":\"es-ES\"},{\"@type\":\"Organization\",\"@id\":\"https:\/\/www.miomiorun.com\/es\/#organization\",\"name\":\"MioMio Run\",\"url\":\"https:\/\/www.miomiorun.com\/es\/\",\"logo\":{\"@type\":\"ImageObject\",\"inLanguage\":\"es-ES\",\"@id\":\"https:\/\/www.miomiorun.com\/es\/#\/schema\/logo\/image\/\",\"url\":\"https:\/\/www.miomiorun.com\/app\/uploads\/2019\/12\/logomio.png\",\"contentUrl\":\"https:\/\/www.miomiorun.com\/app\/uploads\/2019\/12\/logomio.png\",\"width\":115,\"height\":82,\"caption\":\"MioMio Run\"},\"image\":{\"@id\":\"https:\/\/www.miomiorun.com\/es\/#\/schema\/logo\/image\/\"},\"sameAs\":[\"https:\/\/www.facebook.com\/miomiorun\/\",\"https:\/\/www.instagram.com\/miomiorun\/\"]}]}<\/script>\n<!-- \/ Yoast SEO plugin. -->","yoast_head_json":{"title":"SalomonThundercross GTX hombre -zapatillas de trail - MioMioRun.com","description":"Dise\u00f1adas para zancadas din\u00e1micas y amortiguadas, las Thundercross GORE-TEX para hombre son unas zapatillas de trail impermeables con un agarre y una sujeci\u00f3n superiores.","robots":{"index":"index","follow":"follow","max-snippet":"max-snippet:-1","max-image-preview":"max-image-preview:large","max-video-preview":"max-video-preview:-1"},"canonical":"https:\/\/www.miomiorun.com\/es\/producto\/thundercross-gtx-hombre\/","og_locale":"es_ES","og_type":"article","og_title":"SalomonThundercross GTX hombre -zapatillas de trail - MioMioRun.com","og_description":"Dise\u00f1adas para zancadas din\u00e1micas y amortiguadas, las Thundercross GORE-TEX para hombre son unas zapatillas de trail impermeables con un agarre y una sujeci\u00f3n superiores.","og_url":"https:\/\/www.miomiorun.com\/es\/producto\/thundercross-gtx-hombre\/","og_site_name":"MioMioRun","article_publisher":"https:\/\/www.facebook.com\/miomiorun\/","article_modified_time":"2026-03-04T11:18:15+00:00","og_image":[{"width":600,"height":600,"url":"https:\/\/www.miomiorun.com\/app\/uploads\/2024\/10\/salomon-Thundercross-GTX-turbul-black-cher-L47684500.webp","type":"image\/webp"}],"twitter_card":"summary_large_image","twitter_misc":{"Est. reading time":"2 minutes"},"schema":{"@context":"https:\/\/schema.org","@graph":[{"@type":"WebPage","@id":"https:\/\/www.miomiorun.com\/es\/producto\/thundercross-gtx-hombre\/","url":"https:\/\/www.miomiorun.com\/es\/producto\/thundercross-gtx-hombre\/","name":"SalomonThundercross GTX hombre -zapatillas de trail - MioMioRun.com","isPartOf":{"@id":"https:\/\/www.miomiorun.com\/es\/#website"},"primaryImageOfPage":{"@id":"https:\/\/www.miomiorun.com\/es\/producto\/thundercross-gtx-hombre\/#primaryimage"},"image":{"@id":"https:\/\/www.miomiorun.com\/es\/producto\/thundercross-gtx-hombre\/#primaryimage"},"thumbnailUrl":"https:\/\/www.miomiorun.com\/app\/uploads\/2024\/10\/salomon-Thundercross-GTX-turbul-black-cher-L47684500.webp","datePublished":"2024-10-04T15:13:28+00:00","dateModified":"2026-03-04T11:18:15+00:00","description":"Dise\u00f1adas para zancadas din\u00e1micas y amortiguadas, las Thundercross GORE-TEX para hombre son unas zapatillas de trail impermeables con un agarre y una sujeci\u00f3n superiores.","breadcrumb":{"@id":"https:\/\/www.miomiorun.com\/es\/producto\/thundercross-gtx-hombre\/#breadcrumb"},"inLanguage":"es-ES","potentialAction":[{"@type":"ReadAction","target":["https:\/\/www.miomiorun.com\/es\/producto\/thundercross-gtx-hombre\/"]}]},{"@type":"ImageObject","inLanguage":"es-ES","@id":"https:\/\/www.miomiorun.com\/es\/producto\/thundercross-gtx-hombre\/#primaryimage","url":"https:\/\/www.miomiorun.com\/app\/uploads\/2024\/10\/salomon-Thundercross-GTX-turbul-black-cher-L47684500.webp","contentUrl":"https:\/\/www.miomiorun.com\/app\/uploads\/2024\/10\/salomon-Thundercross-GTX-turbul-black-cher-L47684500.webp","width":600,"height":600,"caption":"salomon Thundercross GTX turbul black cher L47684500"},{"@type":"BreadcrumbList","@id":"https:\/\/www.miomiorun.com\/es\/producto\/thundercross-gtx-hombre\/#breadcrumb","itemListElement":[{"@type":"ListItem","position":1,"name":"Home","item":"https:\/\/www.miomiorun.com\/es\/"},{"@type":"ListItem","position":2,"name":"Shop","item":"https:\/\/www.miomiorun.com\/shop\/"},{"@type":"ListItem","position":3,"name":"Thundercross GTX hombre"}]},{"@type":"WebSite","@id":"https:\/\/www.miomiorun.com\/es\/#website","url":"https:\/\/www.miomiorun.com\/es\/","name":"MioMioRun","description":"Tienda 100% running y trail","publisher":{"@id":"https:\/\/www.miomiorun.com\/es\/#organization"},"potentialAction":[{"@type":"SearchAction","target":{"@type":"EntryPoint","urlTemplate":"https:\/\/www.miomiorun.com\/es\/?s={search_term_string}"},"query-input":{"@type":"PropertyValueSpecification","valueRequired":true,"valueName":"search_term_string"}}],"inLanguage":"es-ES"},{"@type":"Organization","@id":"https:\/\/www.miomiorun.com\/es\/#organization","name":"MioMio Run","url":"https:\/\/www.miomiorun.com\/es\/","logo":{"@type":"ImageObject","inLanguage":"es-ES","@id":"https:\/\/www.miomiorun.com\/es\/#\/schema\/logo\/image\/","url":"https:\/\/www.miomiorun.com\/app\/uploads\/2019\/12\/logomio.png","contentUrl":"https:\/\/www.miomiorun.com\/app\/uploads\/2019\/12\/logomio.png","width":115,"height":82,"caption":"MioMio Run"},"image":{"@id":"https:\/\/www.miomiorun.com\/es\/#\/schema\/logo\/image\/"},"sameAs":["https:\/\/www.facebook.com\/miomiorun\/","https:\/\/www.instagram.com\/miomiorun\/"]}]}},"_links":{"self":[{"href":"https:\/\/www.miomiorun.com\/es\/wp-json\/wp\/v2\/product\/295910","targetHints":{"allow":["GET"]}}],"collection":[{"href":"https:\/\/www.miomiorun.com\/es\/wp-json\/wp\/v2\/product"}],"about":[{"href":"https:\/\/www.miomiorun.com\/es\/wp-json\/wp\/v2\/types\/product"}],"wp:featuredmedia":[{"embeddable":true,"href":"https:\/\/www.miomiorun.com\/es\/wp-json\/wp\/v2\/media\/249553"}],"wp:attachment":[{"href":"https:\/\/www.miomiorun.com\/es\/wp-json\/wp\/v2\/media?parent=295910"}],"wp:term":[{"taxonomy":"product_brand","embeddable":true,"href":"https:\/\/www.miomiorun.com\/es\/wp-json\/wp\/v2\/product_brand?post=295910"},{"taxonomy":"product_cat","embeddable":true,"href":"https:\/\/www.miomiorun.com\/es\/wp-json\/wp\/v2\/product_cat?post=295910"},{"taxonomy":"product_tag","embeddable":true,"href":"https:\/\/www.miomiorun.com\/es\/wp-json\/wp\/v2\/product_tag?post=295910"}],"curies":[{"name":"wp","href":"https:\/\/api.w.org\/{rel}","templated":true}]}}