{"id":295905,"date":"2024-10-08T14:19:30","date_gmt":"2024-10-08T12:19:30","guid":{"rendered":"https:\/\/miomiorun.com\/prodotto\/core-gain-thermal-midlayer-uomo\/"},"modified":"2026-04-28T11:37:08","modified_gmt":"2026-04-28T09:37:08","slug":"core-gain-thermal-midlayer-hombre","status":"publish","type":"product","link":"https:\/\/www.miomiorun.com\/es\/producto\/core-gain-thermal-midlayer-hombre\/","title":{"rendered":"Core Gain Thermal Midlayer hombre"},"content":{"rendered":"<p><strong>CORE Gain Thermal Midlayer<\/strong> para hombre es un c\u00e1lido jersey de felpa que puede utilizarse como capa intermedia en condiciones de fr\u00edo o como capa exterior en climas m\u00e1s templados. Su estilo informal lo hace ideal tanto para aventuras en la monta\u00f1a como para el uso diario.<\/p>\n<p>Este vers\u00e1til jersey con media cremallera est\u00e1 confeccionado en un tejido polar t\u00e9rmico con un dorso de rejilla hexagonal que retiene eficazmente el aire caliente, garantizando un excelente aislamiento. El patr\u00f3n de rejilla tambi\u00e9n mejora la transpirabilidad, creando canales para la salida de la humedad y el exceso de calor. De este modo, se evita el sobrecalentamiento durante la actividad f\u00edsica y se mantiene seco, lo que lo hace adecuado para diversas actividades al aire libre como el senderismo, el esqu\u00ed o el powerwalking.<\/p>\n<h3>Caracter\u00edsticas:<\/h3>\n<ul>\n<li>Forro polar de poli\u00e9ster dobby con rejilla hexagonal en la espalda<\/li>\n<li>Cuello alto con cremallera en espiral corta<\/li>\n<li>Tapa de cremallera para evitar rozaduras<\/li>\n<li>Pu\u00f1os de jersey acanalado con abertura para el pulgar en los extremos de las mangas<\/li>\n<li>Corte recto<\/li>\n<\/ul>\n<p id=\"tw-target-text\" class=\"tw-data-text tw-text-large XcVN5d tw-ta\" dir=\"ltr\" data-placeholder=\"Traduzione\"><span class=\"Y2IQFc\" lang=\"it\">&nbsp;<\/span><\/p>\n","protected":false},"excerpt":{"rendered":"<ul>\n<li>Jersey de felpa para llevar como segunda capa cuando hace fr\u00edo<\/li>\n<li>Ideal para diversas actividades al aire libre, como el senderismo, el esqu\u00ed o el powerwalking<\/li>\n<\/ul>\n","protected":false},"featured_media":249705,"template":"","meta":{"_acf_changed":false,"inline_featured_image":false},"product_brand":[],"product_cat":[24458,24463],"product_tag":[23553,23663],"class_list":{"0":"post-295905","1":"product","2":"type-product","3":"status-publish","4":"has-post-thumbnail","6":"product_cat-camisetas-es-2","7":"product_cat-ropa-de-hombre-es","8":"product_tag-craft-es","9":"product_tag-craft-hombre","10":"pa_attivita-caminar","11":"pa_attivita-running-es","12":"pa_colore-core-gain-thermal-midlayer-m-grey-melange-es","13":"pa_colore-core-gain-thermal-midlayer-m-orange-es","14":"pa_colore-gain-thermal-midlayer-m-ink-blue-es","15":"pa_marca-craft-es","16":"pa_sesso-hombre","17":"pa_size-small-es","18":"pa_size-medium-es","19":"pa_size-large-es","20":"pa_size-extra-large-es","22":"first","23":"instock","24":"sale","25":"taxable","26":"shipping-taxable","27":"purchasable","28":"product-type-variable","29":"wvs-archive-product-wrapper"},"acf":[],"yoast_head":"<!-- This site is optimized with the Yoast SEO plugin v26.8 - https:\/\/yoast.com\/product\/yoast-seo-wordpress\/ -->\n<title>Craft Core Gain Thermal Midlayer hombre - Camiseta de running- MioMioRun<\/title>\n<meta name=\"description\" content=\"La camiseta t\u00e9rmica CORE Gain Thermal Midlayer para hombre es un c\u00e1lido jersey de felpa que se puede usar como capa intermedia en condiciones de fr\u00edo\" \/>\n<meta name=\"robots\" content=\"index, follow, max-snippet:-1, max-image-preview:large, max-video-preview:-1\" \/>\n<link rel=\"canonical\" href=\"https:\/\/www.miomiorun.com\/es\/producto\/core-gain-thermal-midlayer-hombre\/\" \/>\n<meta property=\"og:locale\" content=\"es_ES\" \/>\n<meta property=\"og:type\" content=\"article\" \/>\n<meta property=\"og:title\" content=\"Craft Core Gain Thermal Midlayer hombre - Camiseta de running- MioMioRun\" \/>\n<meta property=\"og:description\" content=\"La camiseta t\u00e9rmica CORE Gain Thermal Midlayer para hombre es un c\u00e1lido jersey de felpa que se puede usar como capa intermedia en condiciones de fr\u00edo\" \/>\n<meta property=\"og:url\" content=\"https:\/\/www.miomiorun.com\/es\/producto\/core-gain-thermal-midlayer-hombre\/\" \/>\n<meta property=\"og:site_name\" content=\"MioMioRun\" \/>\n<meta property=\"article:publisher\" content=\"https:\/\/www.facebook.com\/miomiorun\/\" \/>\n<meta property=\"article:modified_time\" content=\"2026-04-28T09:37:08+00:00\" \/>\n<meta property=\"og:image\" content=\"https:\/\/www.miomiorun.com\/app\/uploads\/2024\/10\/craft-Core-Gain-thermal-midlayer-M-orange-1915248-558000.webp\" \/>\n\t<meta property=\"og:image:width\" content=\"600\" \/>\n\t<meta property=\"og:image:height\" content=\"600\" \/>\n\t<meta property=\"og:image:type\" content=\"image\/webp\" \/>\n<meta name=\"twitter:card\" content=\"summary_large_image\" \/>\n<meta name=\"twitter:label1\" content=\"Est. reading time\" \/>\n\t<meta name=\"twitter:data1\" content=\"1 minute\" \/>\n<script type=\"application\/ld+json\" class=\"yoast-schema-graph\">{\"@context\":\"https:\/\/schema.org\",\"@graph\":[{\"@type\":\"WebPage\",\"@id\":\"https:\/\/www.miomiorun.com\/es\/producto\/core-gain-thermal-midlayer-hombre\/\",\"url\":\"https:\/\/www.miomiorun.com\/es\/producto\/core-gain-thermal-midlayer-hombre\/\",\"name\":\"Craft Core Gain Thermal Midlayer hombre - Camiseta de running- MioMioRun\",\"isPartOf\":{\"@id\":\"https:\/\/www.miomiorun.com\/es\/#website\"},\"primaryImageOfPage\":{\"@id\":\"https:\/\/www.miomiorun.com\/es\/producto\/core-gain-thermal-midlayer-hombre\/#primaryimage\"},\"image\":{\"@id\":\"https:\/\/www.miomiorun.com\/es\/producto\/core-gain-thermal-midlayer-hombre\/#primaryimage\"},\"thumbnailUrl\":\"https:\/\/www.miomiorun.com\/app\/uploads\/2024\/10\/craft-Core-Gain-thermal-midlayer-M-orange-1915248-558000.webp\",\"datePublished\":\"2024-10-08T12:19:30+00:00\",\"dateModified\":\"2026-04-28T09:37:08+00:00\",\"description\":\"La camiseta t\u00e9rmica CORE Gain Thermal Midlayer para hombre es un c\u00e1lido jersey de felpa que se puede usar como capa intermedia en condiciones de fr\u00edo\",\"breadcrumb\":{\"@id\":\"https:\/\/www.miomiorun.com\/es\/producto\/core-gain-thermal-midlayer-hombre\/#breadcrumb\"},\"inLanguage\":\"es-ES\",\"potentialAction\":[{\"@type\":\"ReadAction\",\"target\":[\"https:\/\/www.miomiorun.com\/es\/producto\/core-gain-thermal-midlayer-hombre\/\"]}]},{\"@type\":\"ImageObject\",\"inLanguage\":\"es-ES\",\"@id\":\"https:\/\/www.miomiorun.com\/es\/producto\/core-gain-thermal-midlayer-hombre\/#primaryimage\",\"url\":\"https:\/\/www.miomiorun.com\/app\/uploads\/2024\/10\/craft-Core-Gain-thermal-midlayer-M-orange-1915248-558000.webp\",\"contentUrl\":\"https:\/\/www.miomiorun.com\/app\/uploads\/2024\/10\/craft-Core-Gain-thermal-midlayer-M-orange-1915248-558000.webp\",\"width\":600,\"height\":600,\"caption\":\"craft Core Gain thermal midlayer M orange 1915248-558000\"},{\"@type\":\"BreadcrumbList\",\"@id\":\"https:\/\/www.miomiorun.com\/es\/producto\/core-gain-thermal-midlayer-hombre\/#breadcrumb\",\"itemListElement\":[{\"@type\":\"ListItem\",\"position\":1,\"name\":\"Home\",\"item\":\"https:\/\/www.miomiorun.com\/es\/\"},{\"@type\":\"ListItem\",\"position\":2,\"name\":\"Shop\",\"item\":\"https:\/\/www.miomiorun.com\/shop\/\"},{\"@type\":\"ListItem\",\"position\":3,\"name\":\"Core Gain Thermal Midlayer hombre\"}]},{\"@type\":\"WebSite\",\"@id\":\"https:\/\/www.miomiorun.com\/es\/#website\",\"url\":\"https:\/\/www.miomiorun.com\/es\/\",\"name\":\"MioMioRun\",\"description\":\"Tienda 100% running y trail\",\"publisher\":{\"@id\":\"https:\/\/www.miomiorun.com\/es\/#organization\"},\"potentialAction\":[{\"@type\":\"SearchAction\",\"target\":{\"@type\":\"EntryPoint\",\"urlTemplate\":\"https:\/\/www.miomiorun.com\/es\/?s={search_term_string}\"},\"query-input\":{\"@type\":\"PropertyValueSpecification\",\"valueRequired\":true,\"valueName\":\"search_term_string\"}}],\"inLanguage\":\"es-ES\"},{\"@type\":\"Organization\",\"@id\":\"https:\/\/www.miomiorun.com\/es\/#organization\",\"name\":\"MioMio Run\",\"url\":\"https:\/\/www.miomiorun.com\/es\/\",\"logo\":{\"@type\":\"ImageObject\",\"inLanguage\":\"es-ES\",\"@id\":\"https:\/\/www.miomiorun.com\/es\/#\/schema\/logo\/image\/\",\"url\":\"https:\/\/www.miomiorun.com\/app\/uploads\/2019\/12\/logomio.png\",\"contentUrl\":\"https:\/\/www.miomiorun.com\/app\/uploads\/2019\/12\/logomio.png\",\"width\":115,\"height\":82,\"caption\":\"MioMio Run\"},\"image\":{\"@id\":\"https:\/\/www.miomiorun.com\/es\/#\/schema\/logo\/image\/\"},\"sameAs\":[\"https:\/\/www.facebook.com\/miomiorun\/\",\"https:\/\/www.instagram.com\/miomiorun\/\"]}]}<\/script>\n<!-- \/ Yoast SEO plugin. -->","yoast_head_json":{"title":"Craft Core Gain Thermal Midlayer hombre - Camiseta de running- MioMioRun","description":"La camiseta t\u00e9rmica CORE Gain Thermal Midlayer para hombre es un c\u00e1lido jersey de felpa que se puede usar como capa intermedia en condiciones de fr\u00edo","robots":{"index":"index","follow":"follow","max-snippet":"max-snippet:-1","max-image-preview":"max-image-preview:large","max-video-preview":"max-video-preview:-1"},"canonical":"https:\/\/www.miomiorun.com\/es\/producto\/core-gain-thermal-midlayer-hombre\/","og_locale":"es_ES","og_type":"article","og_title":"Craft Core Gain Thermal Midlayer hombre - Camiseta de running- MioMioRun","og_description":"La camiseta t\u00e9rmica CORE Gain Thermal Midlayer para hombre es un c\u00e1lido jersey de felpa que se puede usar como capa intermedia en condiciones de fr\u00edo","og_url":"https:\/\/www.miomiorun.com\/es\/producto\/core-gain-thermal-midlayer-hombre\/","og_site_name":"MioMioRun","article_publisher":"https:\/\/www.facebook.com\/miomiorun\/","article_modified_time":"2026-04-28T09:37:08+00:00","og_image":[{"width":600,"height":600,"url":"https:\/\/www.miomiorun.com\/app\/uploads\/2024\/10\/craft-Core-Gain-thermal-midlayer-M-orange-1915248-558000.webp","type":"image\/webp"}],"twitter_card":"summary_large_image","twitter_misc":{"Est. reading time":"1 minute"},"schema":{"@context":"https:\/\/schema.org","@graph":[{"@type":"WebPage","@id":"https:\/\/www.miomiorun.com\/es\/producto\/core-gain-thermal-midlayer-hombre\/","url":"https:\/\/www.miomiorun.com\/es\/producto\/core-gain-thermal-midlayer-hombre\/","name":"Craft Core Gain Thermal Midlayer hombre - Camiseta de running- MioMioRun","isPartOf":{"@id":"https:\/\/www.miomiorun.com\/es\/#website"},"primaryImageOfPage":{"@id":"https:\/\/www.miomiorun.com\/es\/producto\/core-gain-thermal-midlayer-hombre\/#primaryimage"},"image":{"@id":"https:\/\/www.miomiorun.com\/es\/producto\/core-gain-thermal-midlayer-hombre\/#primaryimage"},"thumbnailUrl":"https:\/\/www.miomiorun.com\/app\/uploads\/2024\/10\/craft-Core-Gain-thermal-midlayer-M-orange-1915248-558000.webp","datePublished":"2024-10-08T12:19:30+00:00","dateModified":"2026-04-28T09:37:08+00:00","description":"La camiseta t\u00e9rmica CORE Gain Thermal Midlayer para hombre es un c\u00e1lido jersey de felpa que se puede usar como capa intermedia en condiciones de fr\u00edo","breadcrumb":{"@id":"https:\/\/www.miomiorun.com\/es\/producto\/core-gain-thermal-midlayer-hombre\/#breadcrumb"},"inLanguage":"es-ES","potentialAction":[{"@type":"ReadAction","target":["https:\/\/www.miomiorun.com\/es\/producto\/core-gain-thermal-midlayer-hombre\/"]}]},{"@type":"ImageObject","inLanguage":"es-ES","@id":"https:\/\/www.miomiorun.com\/es\/producto\/core-gain-thermal-midlayer-hombre\/#primaryimage","url":"https:\/\/www.miomiorun.com\/app\/uploads\/2024\/10\/craft-Core-Gain-thermal-midlayer-M-orange-1915248-558000.webp","contentUrl":"https:\/\/www.miomiorun.com\/app\/uploads\/2024\/10\/craft-Core-Gain-thermal-midlayer-M-orange-1915248-558000.webp","width":600,"height":600,"caption":"craft Core Gain thermal midlayer M orange 1915248-558000"},{"@type":"BreadcrumbList","@id":"https:\/\/www.miomiorun.com\/es\/producto\/core-gain-thermal-midlayer-hombre\/#breadcrumb","itemListElement":[{"@type":"ListItem","position":1,"name":"Home","item":"https:\/\/www.miomiorun.com\/es\/"},{"@type":"ListItem","position":2,"name":"Shop","item":"https:\/\/www.miomiorun.com\/shop\/"},{"@type":"ListItem","position":3,"name":"Core Gain Thermal Midlayer hombre"}]},{"@type":"WebSite","@id":"https:\/\/www.miomiorun.com\/es\/#website","url":"https:\/\/www.miomiorun.com\/es\/","name":"MioMioRun","description":"Tienda 100% running y trail","publisher":{"@id":"https:\/\/www.miomiorun.com\/es\/#organization"},"potentialAction":[{"@type":"SearchAction","target":{"@type":"EntryPoint","urlTemplate":"https:\/\/www.miomiorun.com\/es\/?s={search_term_string}"},"query-input":{"@type":"PropertyValueSpecification","valueRequired":true,"valueName":"search_term_string"}}],"inLanguage":"es-ES"},{"@type":"Organization","@id":"https:\/\/www.miomiorun.com\/es\/#organization","name":"MioMio Run","url":"https:\/\/www.miomiorun.com\/es\/","logo":{"@type":"ImageObject","inLanguage":"es-ES","@id":"https:\/\/www.miomiorun.com\/es\/#\/schema\/logo\/image\/","url":"https:\/\/www.miomiorun.com\/app\/uploads\/2019\/12\/logomio.png","contentUrl":"https:\/\/www.miomiorun.com\/app\/uploads\/2019\/12\/logomio.png","width":115,"height":82,"caption":"MioMio Run"},"image":{"@id":"https:\/\/www.miomiorun.com\/es\/#\/schema\/logo\/image\/"},"sameAs":["https:\/\/www.facebook.com\/miomiorun\/","https:\/\/www.instagram.com\/miomiorun\/"]}]}},"_links":{"self":[{"href":"https:\/\/www.miomiorun.com\/es\/wp-json\/wp\/v2\/product\/295905","targetHints":{"allow":["GET"]}}],"collection":[{"href":"https:\/\/www.miomiorun.com\/es\/wp-json\/wp\/v2\/product"}],"about":[{"href":"https:\/\/www.miomiorun.com\/es\/wp-json\/wp\/v2\/types\/product"}],"wp:featuredmedia":[{"embeddable":true,"href":"https:\/\/www.miomiorun.com\/es\/wp-json\/wp\/v2\/media\/249705"}],"wp:attachment":[{"href":"https:\/\/www.miomiorun.com\/es\/wp-json\/wp\/v2\/media?parent=295905"}],"wp:term":[{"taxonomy":"product_brand","embeddable":true,"href":"https:\/\/www.miomiorun.com\/es\/wp-json\/wp\/v2\/product_brand?post=295905"},{"taxonomy":"product_cat","embeddable":true,"href":"https:\/\/www.miomiorun.com\/es\/wp-json\/wp\/v2\/product_cat?post=295905"},{"taxonomy":"product_tag","embeddable":true,"href":"https:\/\/www.miomiorun.com\/es\/wp-json\/wp\/v2\/product_tag?post=295905"}],"curies":[{"name":"wp","href":"https:\/\/api.w.org\/{rel}","templated":true}]}}