{"id":295799,"date":"2024-10-08T13:32:36","date_gmt":"2024-10-08T11:32:36","guid":{"rendered":"https:\/\/miomiorun.com\/prodotto\/active-skin-8-l\/"},"modified":"2026-03-02T18:54:29","modified_gmt":"2026-03-02T17:54:29","slug":"active-skin-8-l","status":"publish","type":"product","link":"https:\/\/www.miomiorun.com\/es\/producto\/active-skin-8-l\/","title":{"rendered":"Active Skin 8 l"},"content":{"rendered":"<p>El trampol\u00edn que te llevar\u00e1 al siguiente nivel en el trail running en distancias de marat\u00f3n, el renovado <strong>Active Skin 8<\/strong> es a\u00fan m\u00e1s pr\u00e1ctico y c\u00f3modo de llevar. Los tejidos suaves y transpirables son los de siempre, el ajuste es ultraestable y los bolsillos renovados en el pecho permiten acceder f\u00e1cilmente a los bidones.<\/p>\n<h2><b>Caracter\u00edsticas:<\/b><\/h2>\n<div class=\"pdp-gap-m\">\n<p class=\"pdp-sidebar-popin-details_subtitle\">CONCEPTO Y TECNOLOG\u00cdA<\/p>\n<p><b>SensiFit\u2122<\/b>: Estabilidad\/libertad de movimiento La estructura est\u00e1 fabricada con tejidos el\u00e1sticos transpirables que se adaptan a las formas del cuerpo, con sistemas de ajuste ligeros para ofrecer ajuste y estabilidad. De esta manera, la mochila no se mueve, al tiempo que garantiza transpirabilidad y comodidad.<\/p>\n<\/div>\n<div class=\"pdp-gap-m\">\n<p class=\"pdp-sidebar-popin-details_subtitle\">SISTEMAS DE ESPALDA<\/p>\n<p>Comodidad 3D<\/p>\n<\/div>\n<div class=\"pdp-gap-m\">\n<p class=\"pdp-sidebar-popin-details_subtitle\">GESTI\u00d3N DE LA CARGA<\/p>\n<ul>\n<li><b>Quick link<\/b>: gracias a esta innovadora estructura de la correa en el estern\u00f3n, puedes ajustar y enganchar f\u00e1cilmente la mochila, incluso mientras te mueves. Adem\u00e1s, la correa el\u00e1stica te permite respirar f\u00e1cilmente durante las actividades intensas. <\/li>\n<li>Sistema con cord\u00f3n el\u00e1stico<\/li>\n<\/ul>\n<\/div>\n<div class=\"pdp-gap-m\">\n<p class=\"pdp-sidebar-popin-details_subtitle\">CORREAS DE LOS HOMBROS<\/p>\n<p><b>Correas de los hombros 3D Airmesh<\/b>: Gracias a su estructura que integra peque\u00f1as cavidades, la inserci\u00f3n 3D Airmesh permite una mejor circulaci\u00f3n del aire.<\/p>\n<\/div>\n<div class=\"pdp-gap-m\">\n<p class=\"pdp-sidebar-popin-details_subtitle\">HIDRATACI\u00d3N<\/p>\n<ul>\n<li><b>Compartimento para dep\u00f3sito<\/b>: Este art\u00edculo est\u00e1 equipado con un compartimento interno para el dep\u00f3sito con una correa para mantenerlo fijo.<\/li>\n<li><b>Salida del tubo del dep\u00f3sito<\/b>: Orificio de salida cosido desde el interior para el tubo de hidrataci\u00f3n.<\/li>\n<li>Compatible con dep\u00f3sitos de 1,5 l<\/li>\n<li>2 botellas blandas de 500 ml con abertura de 28 mm incluidas<\/li>\n<\/ul>\n<\/div>\n<div class=\"pdp-gap-m\">\n<p class=\"pdp-sidebar-popin-details_subtitle\">BOLSILLOS Y COMPARTIMENTOS<\/p>\n<ul>\n<li>1 compartimento trasero<\/li>\n<li>1 bolsillo delantero con cremallera<\/li>\n<li>1 bolsillo interior<\/li>\n<li><b>2 bolsillos delanteros el\u00e1sticos<\/b>: Expandibles para guardar lo esencial y acceder a ello sin detenerse.\n<\/li>\n<\/ul>\n<\/div>\n<div class=\"pdp-gap-m\">\n<p class=\"pdp-sidebar-popin-details_subtitle\">APERTURA Y CIERRE<\/p>\n<p><b>Amplia apertura<\/b>: Las bolsas deportivas Salomon cuentan con una amplia apertura para ver y guardar el equipo m\u00e1s f\u00e1cilmente.<\/p>\n<\/div>\n<div class=\"pdp-gap-m\">\n<p class=\"pdp-sidebar-popin-details_subtitle\">SISTEMA DE TRANSPORTE<\/p>\n<ul>\n<li><b>Sistema Custom Quiver<\/b>: Optimiza la mochila con el sistema Custom Quiver, para un acceso r\u00e1pido y un transporte estable de los bastones. Listo para unirse a la mochila.<\/li>\n<li><b>Sistema de enganche compatible con Custom Quiver<\/b>: compuesto por ganchos en el compartimento y anillas en las mochilas SENSE.<\/li>\n<li><b>Llavero<\/b>: De material el\u00e1stico, para sacar f\u00e1cilmente las llaves de la mochila sin riesgo de perderlas.\n<\/li>\n<\/ul>\n<\/div>\n<div class=\"pdp-gap-m\">\n<p class=\"pdp-sidebar-popin-details_subtitle\">TEJIDOS<\/p>\n<ul>\n<li><b>3D Airmesh<\/b>: Malla tridimensional muy suave que se adapta al cuerpo en movimiento, sin provocar rozaduras en la piel o la camiseta. Los orificios grandes la hacen muy transpirable y c\u00f3moda. Muy ligera, es ideal para mochilas de trail running.<\/li>\n<li><b>Power Mesh el\u00e1stico<\/b>: Ultra el\u00e1stico y transpirable, se adapta al cuerpo.<\/li>\n<li><b>Tejidos drenantes<\/b>: Gracias a su secado r\u00e1pido y a su control optimizado de la humedad, estos tejidos ligeros y antiolor garantizan un rendimiento superior y una gran comodidad.<\/li>\n<\/ul>\n<\/div>\n<p>CAPACIDAD<\/p>\n<ul>\n<li>Volumen: 8 litros<\/li>\n<li>Peso: 213 g<\/li>\n<\/ul>\n<p>&nbsp;<\/p>\n<h3><\/h3>\n<h3><\/h3>\n<p>&nbsp;<\/p>\n","protected":false},"excerpt":{"rendered":"<ul>\n<li>&nbsp;Mochila ideal para entrenamientos de trail .<\/li>\n<li>Capacidad de 8 litros.<\/li>\n<li>Equipada con dos botellas de 500 ml cada una.<\/li>\n<\/ul>\n","protected":false},"featured_media":265951,"template":"","meta":{"_acf_changed":false,"inline_featured_image":false},"product_brand":[],"product_cat":[24205,24408,24426],"product_tag":[23582],"class_list":{"0":"post-295799","1":"product","2":"type-product","3":"status-publish","4":"has-post-thumbnail","6":"product_cat-accesorios","7":"product_cat-mochilas-es","8":"product_cat-mochilas-y-cinturones-es","9":"product_tag-salomon-es","10":"pa_attivita-outdoor-es","11":"pa_attivita-trail-es","12":"pa_colore-active-skin-8-set-black-metal-es","13":"pa_colore-active-skin-8-set-laurel-wreath-lily-pad-es","14":"pa_colore-active-skin-8-set-red-dahlia-high-risk-es","15":"pa_marca-salomon-es","16":"pa_sesso-hombre","17":"pa_sesso-mujer","18":"pa_size-medium-es","19":"pa_size-large-es","20":"pa_size-extra-large-es","22":"first","23":"instock","24":"sale","25":"taxable","26":"shipping-taxable","27":"purchasable","28":"product-type-variable","29":"wvs-archive-product-wrapper"},"acf":[],"yoast_head":"<!-- This site is optimized with the Yoast SEO plugin v26.8 - https:\/\/yoast.com\/product\/yoast-seo-wordpress\/ -->\n<title>Salomon Active Skin 8 l - mochila para correr - MioMioRun<\/title>\n<meta name=\"description\" content=\"Active Skin 8 revisitado es a\u00fan m\u00e1s pr\u00e1ctico y c\u00f3modo de llevar. Los tejidos suaves y transpirables son los de siempre.\" \/>\n<meta name=\"robots\" content=\"index, follow, max-snippet:-1, max-image-preview:large, max-video-preview:-1\" \/>\n<link rel=\"canonical\" href=\"https:\/\/www.miomiorun.com\/es\/producto\/active-skin-8-l\/\" \/>\n<meta property=\"og:locale\" content=\"es_ES\" \/>\n<meta property=\"og:type\" content=\"article\" \/>\n<meta property=\"og:title\" content=\"Salomon Active Skin 8 l - mochila para correr - MioMioRun\" \/>\n<meta property=\"og:description\" content=\"Active Skin 8 revisitado es a\u00fan m\u00e1s pr\u00e1ctico y c\u00f3modo de llevar. Los tejidos suaves y transpirables son los de siempre.\" \/>\n<meta property=\"og:url\" content=\"https:\/\/www.miomiorun.com\/es\/producto\/active-skin-8-l\/\" \/>\n<meta property=\"og:site_name\" content=\"MioMioRun\" \/>\n<meta property=\"article:publisher\" content=\"https:\/\/www.facebook.com\/miomiorun\/\" \/>\n<meta property=\"article:modified_time\" content=\"2026-03-02T17:54:29+00:00\" \/>\n<meta property=\"og:image\" content=\"https:\/\/www.miomiorun.com\/app\/uploads\/2025\/03\/salomon-Active-skin-8-set-laurel-wreath-lily-pad-LC2178000.webp\" \/>\n\t<meta property=\"og:image:width\" content=\"600\" \/>\n\t<meta property=\"og:image:height\" content=\"600\" \/>\n\t<meta property=\"og:image:type\" content=\"image\/webp\" \/>\n<meta name=\"twitter:card\" content=\"summary_large_image\" \/>\n<meta name=\"twitter:label1\" content=\"Est. reading time\" \/>\n\t<meta name=\"twitter:data1\" content=\"2 minutes\" \/>\n<script type=\"application\/ld+json\" class=\"yoast-schema-graph\">{\"@context\":\"https:\/\/schema.org\",\"@graph\":[{\"@type\":\"WebPage\",\"@id\":\"https:\/\/www.miomiorun.com\/es\/producto\/active-skin-8-l\/\",\"url\":\"https:\/\/www.miomiorun.com\/es\/producto\/active-skin-8-l\/\",\"name\":\"Salomon Active Skin 8 l - mochila para correr - MioMioRun\",\"isPartOf\":{\"@id\":\"https:\/\/www.miomiorun.com\/es\/#website\"},\"primaryImageOfPage\":{\"@id\":\"https:\/\/www.miomiorun.com\/es\/producto\/active-skin-8-l\/#primaryimage\"},\"image\":{\"@id\":\"https:\/\/www.miomiorun.com\/es\/producto\/active-skin-8-l\/#primaryimage\"},\"thumbnailUrl\":\"https:\/\/www.miomiorun.com\/app\/uploads\/2025\/03\/salomon-Active-skin-8-set-laurel-wreath-lily-pad-LC2178000.webp\",\"datePublished\":\"2024-10-08T11:32:36+00:00\",\"dateModified\":\"2026-03-02T17:54:29+00:00\",\"description\":\"Active Skin 8 revisitado es a\u00fan m\u00e1s pr\u00e1ctico y c\u00f3modo de llevar. Los tejidos suaves y transpirables son los de siempre.\",\"breadcrumb\":{\"@id\":\"https:\/\/www.miomiorun.com\/es\/producto\/active-skin-8-l\/#breadcrumb\"},\"inLanguage\":\"es-ES\",\"potentialAction\":[{\"@type\":\"ReadAction\",\"target\":[\"https:\/\/www.miomiorun.com\/es\/producto\/active-skin-8-l\/\"]}]},{\"@type\":\"ImageObject\",\"inLanguage\":\"es-ES\",\"@id\":\"https:\/\/www.miomiorun.com\/es\/producto\/active-skin-8-l\/#primaryimage\",\"url\":\"https:\/\/www.miomiorun.com\/app\/uploads\/2025\/03\/salomon-Active-skin-8-set-laurel-wreath-lily-pad-LC2178000.webp\",\"contentUrl\":\"https:\/\/www.miomiorun.com\/app\/uploads\/2025\/03\/salomon-Active-skin-8-set-laurel-wreath-lily-pad-LC2178000.webp\",\"width\":600,\"height\":600,\"caption\":\"salomon Active skin 8 set laurel wreath lily pad LC2178000\"},{\"@type\":\"BreadcrumbList\",\"@id\":\"https:\/\/www.miomiorun.com\/es\/producto\/active-skin-8-l\/#breadcrumb\",\"itemListElement\":[{\"@type\":\"ListItem\",\"position\":1,\"name\":\"Home\",\"item\":\"https:\/\/www.miomiorun.com\/es\/\"},{\"@type\":\"ListItem\",\"position\":2,\"name\":\"Shop\",\"item\":\"https:\/\/www.miomiorun.com\/shop\/\"},{\"@type\":\"ListItem\",\"position\":3,\"name\":\"Active Skin 8 l\"}]},{\"@type\":\"WebSite\",\"@id\":\"https:\/\/www.miomiorun.com\/es\/#website\",\"url\":\"https:\/\/www.miomiorun.com\/es\/\",\"name\":\"MioMioRun\",\"description\":\"Tienda 100% running y trail\",\"publisher\":{\"@id\":\"https:\/\/www.miomiorun.com\/es\/#organization\"},\"potentialAction\":[{\"@type\":\"SearchAction\",\"target\":{\"@type\":\"EntryPoint\",\"urlTemplate\":\"https:\/\/www.miomiorun.com\/es\/?s={search_term_string}\"},\"query-input\":{\"@type\":\"PropertyValueSpecification\",\"valueRequired\":true,\"valueName\":\"search_term_string\"}}],\"inLanguage\":\"es-ES\"},{\"@type\":\"Organization\",\"@id\":\"https:\/\/www.miomiorun.com\/es\/#organization\",\"name\":\"MioMio Run\",\"url\":\"https:\/\/www.miomiorun.com\/es\/\",\"logo\":{\"@type\":\"ImageObject\",\"inLanguage\":\"es-ES\",\"@id\":\"https:\/\/www.miomiorun.com\/es\/#\/schema\/logo\/image\/\",\"url\":\"https:\/\/www.miomiorun.com\/app\/uploads\/2019\/12\/logomio.png\",\"contentUrl\":\"https:\/\/www.miomiorun.com\/app\/uploads\/2019\/12\/logomio.png\",\"width\":115,\"height\":82,\"caption\":\"MioMio Run\"},\"image\":{\"@id\":\"https:\/\/www.miomiorun.com\/es\/#\/schema\/logo\/image\/\"},\"sameAs\":[\"https:\/\/www.facebook.com\/miomiorun\/\",\"https:\/\/www.instagram.com\/miomiorun\/\"]}]}<\/script>\n<!-- \/ Yoast SEO plugin. -->","yoast_head_json":{"title":"Salomon Active Skin 8 l - mochila para correr - MioMioRun","description":"Active Skin 8 revisitado es a\u00fan m\u00e1s pr\u00e1ctico y c\u00f3modo de llevar. Los tejidos suaves y transpirables son los de siempre.","robots":{"index":"index","follow":"follow","max-snippet":"max-snippet:-1","max-image-preview":"max-image-preview:large","max-video-preview":"max-video-preview:-1"},"canonical":"https:\/\/www.miomiorun.com\/es\/producto\/active-skin-8-l\/","og_locale":"es_ES","og_type":"article","og_title":"Salomon Active Skin 8 l - mochila para correr - MioMioRun","og_description":"Active Skin 8 revisitado es a\u00fan m\u00e1s pr\u00e1ctico y c\u00f3modo de llevar. Los tejidos suaves y transpirables son los de siempre.","og_url":"https:\/\/www.miomiorun.com\/es\/producto\/active-skin-8-l\/","og_site_name":"MioMioRun","article_publisher":"https:\/\/www.facebook.com\/miomiorun\/","article_modified_time":"2026-03-02T17:54:29+00:00","og_image":[{"width":600,"height":600,"url":"https:\/\/www.miomiorun.com\/app\/uploads\/2025\/03\/salomon-Active-skin-8-set-laurel-wreath-lily-pad-LC2178000.webp","type":"image\/webp"}],"twitter_card":"summary_large_image","twitter_misc":{"Est. reading time":"2 minutes"},"schema":{"@context":"https:\/\/schema.org","@graph":[{"@type":"WebPage","@id":"https:\/\/www.miomiorun.com\/es\/producto\/active-skin-8-l\/","url":"https:\/\/www.miomiorun.com\/es\/producto\/active-skin-8-l\/","name":"Salomon Active Skin 8 l - mochila para correr - MioMioRun","isPartOf":{"@id":"https:\/\/www.miomiorun.com\/es\/#website"},"primaryImageOfPage":{"@id":"https:\/\/www.miomiorun.com\/es\/producto\/active-skin-8-l\/#primaryimage"},"image":{"@id":"https:\/\/www.miomiorun.com\/es\/producto\/active-skin-8-l\/#primaryimage"},"thumbnailUrl":"https:\/\/www.miomiorun.com\/app\/uploads\/2025\/03\/salomon-Active-skin-8-set-laurel-wreath-lily-pad-LC2178000.webp","datePublished":"2024-10-08T11:32:36+00:00","dateModified":"2026-03-02T17:54:29+00:00","description":"Active Skin 8 revisitado es a\u00fan m\u00e1s pr\u00e1ctico y c\u00f3modo de llevar. Los tejidos suaves y transpirables son los de siempre.","breadcrumb":{"@id":"https:\/\/www.miomiorun.com\/es\/producto\/active-skin-8-l\/#breadcrumb"},"inLanguage":"es-ES","potentialAction":[{"@type":"ReadAction","target":["https:\/\/www.miomiorun.com\/es\/producto\/active-skin-8-l\/"]}]},{"@type":"ImageObject","inLanguage":"es-ES","@id":"https:\/\/www.miomiorun.com\/es\/producto\/active-skin-8-l\/#primaryimage","url":"https:\/\/www.miomiorun.com\/app\/uploads\/2025\/03\/salomon-Active-skin-8-set-laurel-wreath-lily-pad-LC2178000.webp","contentUrl":"https:\/\/www.miomiorun.com\/app\/uploads\/2025\/03\/salomon-Active-skin-8-set-laurel-wreath-lily-pad-LC2178000.webp","width":600,"height":600,"caption":"salomon Active skin 8 set laurel wreath lily pad LC2178000"},{"@type":"BreadcrumbList","@id":"https:\/\/www.miomiorun.com\/es\/producto\/active-skin-8-l\/#breadcrumb","itemListElement":[{"@type":"ListItem","position":1,"name":"Home","item":"https:\/\/www.miomiorun.com\/es\/"},{"@type":"ListItem","position":2,"name":"Shop","item":"https:\/\/www.miomiorun.com\/shop\/"},{"@type":"ListItem","position":3,"name":"Active Skin 8 l"}]},{"@type":"WebSite","@id":"https:\/\/www.miomiorun.com\/es\/#website","url":"https:\/\/www.miomiorun.com\/es\/","name":"MioMioRun","description":"Tienda 100% running y trail","publisher":{"@id":"https:\/\/www.miomiorun.com\/es\/#organization"},"potentialAction":[{"@type":"SearchAction","target":{"@type":"EntryPoint","urlTemplate":"https:\/\/www.miomiorun.com\/es\/?s={search_term_string}"},"query-input":{"@type":"PropertyValueSpecification","valueRequired":true,"valueName":"search_term_string"}}],"inLanguage":"es-ES"},{"@type":"Organization","@id":"https:\/\/www.miomiorun.com\/es\/#organization","name":"MioMio Run","url":"https:\/\/www.miomiorun.com\/es\/","logo":{"@type":"ImageObject","inLanguage":"es-ES","@id":"https:\/\/www.miomiorun.com\/es\/#\/schema\/logo\/image\/","url":"https:\/\/www.miomiorun.com\/app\/uploads\/2019\/12\/logomio.png","contentUrl":"https:\/\/www.miomiorun.com\/app\/uploads\/2019\/12\/logomio.png","width":115,"height":82,"caption":"MioMio Run"},"image":{"@id":"https:\/\/www.miomiorun.com\/es\/#\/schema\/logo\/image\/"},"sameAs":["https:\/\/www.facebook.com\/miomiorun\/","https:\/\/www.instagram.com\/miomiorun\/"]}]}},"_links":{"self":[{"href":"https:\/\/www.miomiorun.com\/es\/wp-json\/wp\/v2\/product\/295799","targetHints":{"allow":["GET"]}}],"collection":[{"href":"https:\/\/www.miomiorun.com\/es\/wp-json\/wp\/v2\/product"}],"about":[{"href":"https:\/\/www.miomiorun.com\/es\/wp-json\/wp\/v2\/types\/product"}],"wp:featuredmedia":[{"embeddable":true,"href":"https:\/\/www.miomiorun.com\/es\/wp-json\/wp\/v2\/media\/265951"}],"wp:attachment":[{"href":"https:\/\/www.miomiorun.com\/es\/wp-json\/wp\/v2\/media?parent=295799"}],"wp:term":[{"taxonomy":"product_brand","embeddable":true,"href":"https:\/\/www.miomiorun.com\/es\/wp-json\/wp\/v2\/product_brand?post=295799"},{"taxonomy":"product_cat","embeddable":true,"href":"https:\/\/www.miomiorun.com\/es\/wp-json\/wp\/v2\/product_cat?post=295799"},{"taxonomy":"product_tag","embeddable":true,"href":"https:\/\/www.miomiorun.com\/es\/wp-json\/wp\/v2\/product_tag?post=295799"}],"curies":[{"name":"wp","href":"https:\/\/api.w.org\/{rel}","templated":true}]}}