{"id":295513,"date":"2024-10-10T14:32:17","date_gmt":"2024-10-10T12:32:17","guid":{"rendered":"https:\/\/miomiorun.com\/prodotto\/own-the-run-half-zip-donna\/"},"modified":"2026-04-22T16:29:30","modified_gmt":"2026-04-22T14:29:30","slug":"own-the-run-half-zip-mujer","status":"publish","type":"product","link":"https:\/\/www.miomiorun.com\/es\/producto\/own-the-run-half-zip-mujer\/","title":{"rendered":"Own The Run Half-ZIP mujer"},"content":{"rendered":"<div class=\"product-attribute product-attribute-passion\" style=\"text-align: center\">\n<div class=\"m-contentContainer__copy\">\n<h2>Prep\u00e1rate para tu carrera matutina.<\/h2>\n<p style=\"text-align: left\">Este maillot <strong>OTR HZIP<\/strong> para mujer con media cremallera ha sido dise\u00f1ado para seguir tu ritmo. La tecnolog\u00eda AEROREADY absorbe la humedad para ayudarte a mantener la piel seca kil\u00f3metro tras kil\u00f3metro.<\/p>\n<p style=\"text-align: left\">Los detalles reflectantes te hacen visible para el tr\u00e1fico en condiciones de poca luz. Este producto contiene al menos un 70 % de materiales reciclados.<\/p>\n<\/div>\n<h3 style=\"text-align: left\">Caracter\u00edsticas:<\/h3>\n<ul class=\"tw-list-disc\" style=\"text-align: left\">\n<li class=\"tw-text-xs\">Camiseta de mujer con media cremallera<\/li>\n<li class=\"tw-text-xs\">La tecnolog\u00eda AEROREADY absorbe la humedad<\/li>\n<li>Detalles reflectantes<\/li>\n<li>91 % REC.PES\/9 % elastano<\/li>\n<\/ul>\n<h4 class=\"care-title___2YJe1 gl-no-margin-bottom\" style=\"text-align: left\">Instrucciones de lavado<\/h4>\n<ul class=\"\" style=\"text-align: left\">\n<li class=\"gl-vspace-bpall-small\"><img loading=\"lazy\" decoding=\"async\" src=\"https:\/\/www.adidas.it\/glass\/react\/050cc48\/assets\/img\/washing-instructions\/B1.svg\" alt=\"\" width=\"24\" height=\"24\"> No usar lej\u00eda<\/li>\n<li class=\"gl-vspace-bpall-small\"><img loading=\"lazy\" decoding=\"async\" src=\"https:\/\/www.adidas.it\/glass\/react\/050cc48\/assets\/img\/washing-instructions\/C2.svg\" alt=\"\" width=\"24\" height=\"24\"> Secar en secadora a baja temperatura<\/li>\n<li class=\"gl-vspace-bpall-small\"><img loading=\"lazy\" decoding=\"async\" src=\"https:\/\/www.adidas.it\/glass\/react\/050cc48\/assets\/img\/washing-instructions\/E1.svg\" alt=\"\" width=\"24\" height=\"24\"> No limpiar en seco<\/li>\n<li class=\"gl-vspace-bpall-small\"><img loading=\"lazy\" decoding=\"async\" src=\"https:\/\/www.adidas.it\/glass\/react\/050cc48\/assets\/img\/washing-instructions\/D2.svg\" alt=\"\" width=\"24\" height=\"24\"> Planchar a baja temperatura<\/li>\n<li class=\"gl-vspace-bpall-small\"><img loading=\"lazy\" decoding=\"async\" src=\"https:\/\/www.adidas.it\/glass\/react\/050cc48\/assets\/img\/washing-instructions\/A4.svg\" alt=\"\" width=\"24\" height=\"24\"> Lavar a m\u00e1quina con ciclo delicado y agua fr\u00eda<\/li>\n<\/ul>\n<div class=\"extra-instructions___2TR8b\" style=\"text-align: left\">\n<h4 class=\"care-title___2YJe1 gl-no-margin-bottom\">Informaci\u00f3n sobre el cuidado del producto<\/h4>\n<ul class=\"gl-list gl-vspace-bpall-small\">\n<li class=\"gl-vspace-bpall-small\">No utilizar suavizante<\/li>\n<li class=\"gl-vspace-bpall-small\">Utilizar solo detergentes delicados<\/li>\n<li class=\"gl-vspace-bpall-small\">Lavar con prendas de colores similares<\/li>\n<\/ul>\n<\/div>\n<p style=\"text-align: left\">\n<\/div>\n<div>\n<div class=\"content__image-wrapper tw-w-fit\">\n<div class=\"content__image tw-relative tw-w-[5rem]\">\n<div class=\"content__image-wrapper tw-w-fit\">\n<div class=\"content__image tw-relative tw-w-[5rem]\" style=\"text-align: left\"><\/div>\n<\/div>\n<\/div>\n<\/div>\n<\/div>\n","protected":false},"excerpt":{"rendered":"<ul>\n<li>Camiseta ideal para hacer deporte<\/li>\n<li>Absorbe la humedad para mantener la piel seca<\/li>\n<\/ul>\n","protected":false},"featured_media":249845,"template":"","meta":{"_acf_changed":false,"inline_featured_image":false},"product_brand":[],"product_cat":[24398,24401],"product_tag":[23558,23620],"class_list":{"0":"post-295513","1":"product","2":"type-product","3":"status-publish","4":"has-post-thumbnail","6":"product_cat-chaquetas","7":"product_cat-ropa-de-mujer","8":"product_tag-adidas-es","9":"product_tag-adidas-mujer","10":"pa_attivita-caminar","11":"pa_attivita-fitness-es","12":"pa_attivita-running-es","13":"pa_colore-otr-b-hzip-w-prepur-es","14":"pa_marca-adidas-es","15":"pa_sesso-mujer","16":"pa_size-large-es","18":"first","19":"instock","20":"sale","21":"taxable","22":"shipping-taxable","23":"purchasable","24":"product-type-variable","25":"has-default-attributes","26":"wvs-archive-product-wrapper"},"acf":[],"yoast_head":"<!-- This site is optimized with the Yoast SEO plugin v26.8 - https:\/\/yoast.com\/product\/yoast-seo-wordpress\/ -->\n<title>AdidasOwn The Run Half-ZIP mujer -Camiseta de running - MioMioRun<\/title>\n<meta name=\"description\" content=\"Este maillot OTR HZIP para mujer con media cremallera ha sido dise\u00f1ado para seguir tu ritmo. La tecnolog\u00eda AEROREADY absorbe la humedad\" \/>\n<meta name=\"robots\" content=\"index, follow, max-snippet:-1, max-image-preview:large, max-video-preview:-1\" \/>\n<link rel=\"canonical\" href=\"https:\/\/www.miomiorun.com\/es\/producto\/own-the-run-half-zip-mujer\/\" \/>\n<meta property=\"og:locale\" content=\"es_ES\" \/>\n<meta property=\"og:type\" content=\"article\" \/>\n<meta property=\"og:title\" content=\"AdidasOwn The Run Half-ZIP mujer -Camiseta de running - MioMioRun\" \/>\n<meta property=\"og:description\" content=\"Este maillot OTR HZIP para mujer con media cremallera ha sido dise\u00f1ado para seguir tu ritmo. La tecnolog\u00eda AEROREADY absorbe la humedad\" \/>\n<meta property=\"og:url\" content=\"https:\/\/www.miomiorun.com\/es\/producto\/own-the-run-half-zip-mujer\/\" \/>\n<meta property=\"og:site_name\" content=\"MioMioRun\" \/>\n<meta property=\"article:publisher\" content=\"https:\/\/www.facebook.com\/miomiorun\/\" \/>\n<meta property=\"article:modified_time\" content=\"2026-04-22T14:29:30+00:00\" \/>\n<meta property=\"og:image\" content=\"https:\/\/www.miomiorun.com\/app\/uploads\/2024\/10\/adidas-OTR-B-HZIP-W-prepur-IV5510.webp\" \/>\n\t<meta property=\"og:image:width\" content=\"600\" \/>\n\t<meta property=\"og:image:height\" content=\"600\" \/>\n\t<meta property=\"og:image:type\" content=\"image\/webp\" \/>\n<meta name=\"twitter:card\" content=\"summary_large_image\" \/>\n<meta name=\"twitter:label1\" content=\"Est. reading time\" \/>\n\t<meta name=\"twitter:data1\" content=\"1 minute\" \/>\n<script type=\"application\/ld+json\" class=\"yoast-schema-graph\">{\"@context\":\"https:\/\/schema.org\",\"@graph\":[{\"@type\":\"WebPage\",\"@id\":\"https:\/\/www.miomiorun.com\/es\/producto\/own-the-run-half-zip-mujer\/\",\"url\":\"https:\/\/www.miomiorun.com\/es\/producto\/own-the-run-half-zip-mujer\/\",\"name\":\"AdidasOwn The Run Half-ZIP mujer -Camiseta de running - MioMioRun\",\"isPartOf\":{\"@id\":\"https:\/\/www.miomiorun.com\/es\/#website\"},\"primaryImageOfPage\":{\"@id\":\"https:\/\/www.miomiorun.com\/es\/producto\/own-the-run-half-zip-mujer\/#primaryimage\"},\"image\":{\"@id\":\"https:\/\/www.miomiorun.com\/es\/producto\/own-the-run-half-zip-mujer\/#primaryimage\"},\"thumbnailUrl\":\"https:\/\/www.miomiorun.com\/app\/uploads\/2024\/10\/adidas-OTR-B-HZIP-W-prepur-IV5510.webp\",\"datePublished\":\"2024-10-10T12:32:17+00:00\",\"dateModified\":\"2026-04-22T14:29:30+00:00\",\"description\":\"Este maillot OTR HZIP para mujer con media cremallera ha sido dise\u00f1ado para seguir tu ritmo. La tecnolog\u00eda AEROREADY absorbe la humedad\",\"breadcrumb\":{\"@id\":\"https:\/\/www.miomiorun.com\/es\/producto\/own-the-run-half-zip-mujer\/#breadcrumb\"},\"inLanguage\":\"es-ES\",\"potentialAction\":[{\"@type\":\"ReadAction\",\"target\":[\"https:\/\/www.miomiorun.com\/es\/producto\/own-the-run-half-zip-mujer\/\"]}]},{\"@type\":\"ImageObject\",\"inLanguage\":\"es-ES\",\"@id\":\"https:\/\/www.miomiorun.com\/es\/producto\/own-the-run-half-zip-mujer\/#primaryimage\",\"url\":\"https:\/\/www.miomiorun.com\/app\/uploads\/2024\/10\/adidas-OTR-B-HZIP-W-prepur-IV5510.webp\",\"contentUrl\":\"https:\/\/www.miomiorun.com\/app\/uploads\/2024\/10\/adidas-OTR-B-HZIP-W-prepur-IV5510.webp\",\"width\":600,\"height\":600,\"caption\":\"adidas OTR B HZIP W prepur IV5510\"},{\"@type\":\"BreadcrumbList\",\"@id\":\"https:\/\/www.miomiorun.com\/es\/producto\/own-the-run-half-zip-mujer\/#breadcrumb\",\"itemListElement\":[{\"@type\":\"ListItem\",\"position\":1,\"name\":\"Home\",\"item\":\"https:\/\/www.miomiorun.com\/es\/\"},{\"@type\":\"ListItem\",\"position\":2,\"name\":\"Shop\",\"item\":\"https:\/\/www.miomiorun.com\/shop\/\"},{\"@type\":\"ListItem\",\"position\":3,\"name\":\"Own The Run Half-ZIP mujer\"}]},{\"@type\":\"WebSite\",\"@id\":\"https:\/\/www.miomiorun.com\/es\/#website\",\"url\":\"https:\/\/www.miomiorun.com\/es\/\",\"name\":\"MioMioRun\",\"description\":\"Tienda 100% running y trail\",\"publisher\":{\"@id\":\"https:\/\/www.miomiorun.com\/es\/#organization\"},\"potentialAction\":[{\"@type\":\"SearchAction\",\"target\":{\"@type\":\"EntryPoint\",\"urlTemplate\":\"https:\/\/www.miomiorun.com\/es\/?s={search_term_string}\"},\"query-input\":{\"@type\":\"PropertyValueSpecification\",\"valueRequired\":true,\"valueName\":\"search_term_string\"}}],\"inLanguage\":\"es-ES\"},{\"@type\":\"Organization\",\"@id\":\"https:\/\/www.miomiorun.com\/es\/#organization\",\"name\":\"MioMio Run\",\"url\":\"https:\/\/www.miomiorun.com\/es\/\",\"logo\":{\"@type\":\"ImageObject\",\"inLanguage\":\"es-ES\",\"@id\":\"https:\/\/www.miomiorun.com\/es\/#\/schema\/logo\/image\/\",\"url\":\"https:\/\/www.miomiorun.com\/app\/uploads\/2019\/12\/logomio.png\",\"contentUrl\":\"https:\/\/www.miomiorun.com\/app\/uploads\/2019\/12\/logomio.png\",\"width\":115,\"height\":82,\"caption\":\"MioMio Run\"},\"image\":{\"@id\":\"https:\/\/www.miomiorun.com\/es\/#\/schema\/logo\/image\/\"},\"sameAs\":[\"https:\/\/www.facebook.com\/miomiorun\/\",\"https:\/\/www.instagram.com\/miomiorun\/\"]}]}<\/script>\n<!-- \/ Yoast SEO plugin. -->","yoast_head_json":{"title":"AdidasOwn The Run Half-ZIP mujer -Camiseta de running - MioMioRun","description":"Este maillot OTR HZIP para mujer con media cremallera ha sido dise\u00f1ado para seguir tu ritmo. La tecnolog\u00eda AEROREADY absorbe la humedad","robots":{"index":"index","follow":"follow","max-snippet":"max-snippet:-1","max-image-preview":"max-image-preview:large","max-video-preview":"max-video-preview:-1"},"canonical":"https:\/\/www.miomiorun.com\/es\/producto\/own-the-run-half-zip-mujer\/","og_locale":"es_ES","og_type":"article","og_title":"AdidasOwn The Run Half-ZIP mujer -Camiseta de running - MioMioRun","og_description":"Este maillot OTR HZIP para mujer con media cremallera ha sido dise\u00f1ado para seguir tu ritmo. La tecnolog\u00eda AEROREADY absorbe la humedad","og_url":"https:\/\/www.miomiorun.com\/es\/producto\/own-the-run-half-zip-mujer\/","og_site_name":"MioMioRun","article_publisher":"https:\/\/www.facebook.com\/miomiorun\/","article_modified_time":"2026-04-22T14:29:30+00:00","og_image":[{"width":600,"height":600,"url":"https:\/\/www.miomiorun.com\/app\/uploads\/2024\/10\/adidas-OTR-B-HZIP-W-prepur-IV5510.webp","type":"image\/webp"}],"twitter_card":"summary_large_image","twitter_misc":{"Est. reading time":"1 minute"},"schema":{"@context":"https:\/\/schema.org","@graph":[{"@type":"WebPage","@id":"https:\/\/www.miomiorun.com\/es\/producto\/own-the-run-half-zip-mujer\/","url":"https:\/\/www.miomiorun.com\/es\/producto\/own-the-run-half-zip-mujer\/","name":"AdidasOwn The Run Half-ZIP mujer -Camiseta de running - MioMioRun","isPartOf":{"@id":"https:\/\/www.miomiorun.com\/es\/#website"},"primaryImageOfPage":{"@id":"https:\/\/www.miomiorun.com\/es\/producto\/own-the-run-half-zip-mujer\/#primaryimage"},"image":{"@id":"https:\/\/www.miomiorun.com\/es\/producto\/own-the-run-half-zip-mujer\/#primaryimage"},"thumbnailUrl":"https:\/\/www.miomiorun.com\/app\/uploads\/2024\/10\/adidas-OTR-B-HZIP-W-prepur-IV5510.webp","datePublished":"2024-10-10T12:32:17+00:00","dateModified":"2026-04-22T14:29:30+00:00","description":"Este maillot OTR HZIP para mujer con media cremallera ha sido dise\u00f1ado para seguir tu ritmo. La tecnolog\u00eda AEROREADY absorbe la humedad","breadcrumb":{"@id":"https:\/\/www.miomiorun.com\/es\/producto\/own-the-run-half-zip-mujer\/#breadcrumb"},"inLanguage":"es-ES","potentialAction":[{"@type":"ReadAction","target":["https:\/\/www.miomiorun.com\/es\/producto\/own-the-run-half-zip-mujer\/"]}]},{"@type":"ImageObject","inLanguage":"es-ES","@id":"https:\/\/www.miomiorun.com\/es\/producto\/own-the-run-half-zip-mujer\/#primaryimage","url":"https:\/\/www.miomiorun.com\/app\/uploads\/2024\/10\/adidas-OTR-B-HZIP-W-prepur-IV5510.webp","contentUrl":"https:\/\/www.miomiorun.com\/app\/uploads\/2024\/10\/adidas-OTR-B-HZIP-W-prepur-IV5510.webp","width":600,"height":600,"caption":"adidas OTR B HZIP W prepur IV5510"},{"@type":"BreadcrumbList","@id":"https:\/\/www.miomiorun.com\/es\/producto\/own-the-run-half-zip-mujer\/#breadcrumb","itemListElement":[{"@type":"ListItem","position":1,"name":"Home","item":"https:\/\/www.miomiorun.com\/es\/"},{"@type":"ListItem","position":2,"name":"Shop","item":"https:\/\/www.miomiorun.com\/shop\/"},{"@type":"ListItem","position":3,"name":"Own The Run Half-ZIP mujer"}]},{"@type":"WebSite","@id":"https:\/\/www.miomiorun.com\/es\/#website","url":"https:\/\/www.miomiorun.com\/es\/","name":"MioMioRun","description":"Tienda 100% running y trail","publisher":{"@id":"https:\/\/www.miomiorun.com\/es\/#organization"},"potentialAction":[{"@type":"SearchAction","target":{"@type":"EntryPoint","urlTemplate":"https:\/\/www.miomiorun.com\/es\/?s={search_term_string}"},"query-input":{"@type":"PropertyValueSpecification","valueRequired":true,"valueName":"search_term_string"}}],"inLanguage":"es-ES"},{"@type":"Organization","@id":"https:\/\/www.miomiorun.com\/es\/#organization","name":"MioMio Run","url":"https:\/\/www.miomiorun.com\/es\/","logo":{"@type":"ImageObject","inLanguage":"es-ES","@id":"https:\/\/www.miomiorun.com\/es\/#\/schema\/logo\/image\/","url":"https:\/\/www.miomiorun.com\/app\/uploads\/2019\/12\/logomio.png","contentUrl":"https:\/\/www.miomiorun.com\/app\/uploads\/2019\/12\/logomio.png","width":115,"height":82,"caption":"MioMio Run"},"image":{"@id":"https:\/\/www.miomiorun.com\/es\/#\/schema\/logo\/image\/"},"sameAs":["https:\/\/www.facebook.com\/miomiorun\/","https:\/\/www.instagram.com\/miomiorun\/"]}]}},"_links":{"self":[{"href":"https:\/\/www.miomiorun.com\/es\/wp-json\/wp\/v2\/product\/295513","targetHints":{"allow":["GET"]}}],"collection":[{"href":"https:\/\/www.miomiorun.com\/es\/wp-json\/wp\/v2\/product"}],"about":[{"href":"https:\/\/www.miomiorun.com\/es\/wp-json\/wp\/v2\/types\/product"}],"wp:featuredmedia":[{"embeddable":true,"href":"https:\/\/www.miomiorun.com\/es\/wp-json\/wp\/v2\/media\/249845"}],"wp:attachment":[{"href":"https:\/\/www.miomiorun.com\/es\/wp-json\/wp\/v2\/media?parent=295513"}],"wp:term":[{"taxonomy":"product_brand","embeddable":true,"href":"https:\/\/www.miomiorun.com\/es\/wp-json\/wp\/v2\/product_brand?post=295513"},{"taxonomy":"product_cat","embeddable":true,"href":"https:\/\/www.miomiorun.com\/es\/wp-json\/wp\/v2\/product_cat?post=295513"},{"taxonomy":"product_tag","embeddable":true,"href":"https:\/\/www.miomiorun.com\/es\/wp-json\/wp\/v2\/product_tag?post=295513"}],"curies":[{"name":"wp","href":"https:\/\/api.w.org\/{rel}","templated":true}]}}