{"id":295511,"date":"2024-10-10T15:12:03","date_gmt":"2024-10-10T13:12:03","guid":{"rendered":"https:\/\/miomiorun.com\/prodotto\/future-icons-three-stripes-full-zip-hoodie-donna\/"},"modified":"2026-05-13T19:23:19","modified_gmt":"2026-05-13T17:23:19","slug":"future-icons-three-stripes-full-zip-hoodie-mujer","status":"publish","type":"product","link":"https:\/\/www.miomiorun.com\/es\/producto\/future-icons-three-stripes-full-zip-hoodie-mujer\/","title":{"rendered":"Future icons three stripes full zip hoodie mujer"},"content":{"rendered":"<div class=\"product-attribute product-attribute-passion\">\n<div class=\"product-info-main\">\n<div class=\"product-attribute product-attribute-passion\"><\/div>\n<\/div>\n<\/div>\n<div class=\"product-attribute product-attribute-passion\">\n<div class=\"product-info-main\">\n<div class=\"product-attribute product-attribute-passion\">\n<div>\n<div class=\"m-contentContainer__copy\">\n<h2 style=\"text-align: center;\">Elegante y vers\u00e1til, esta sudadera con capucha est\u00e1 preparada para todo.<\/h2>\n<p>Esta sudadera con capucha adidas <strong>Future Icons<\/strong> para mujer, con cremallera completa, lleva una prenda ic\u00f3nica a nuevos niveles de estilo y comodidad. Su tejido de suave mezcla de algod\u00f3n te ofrece una sensaci\u00f3n de primera calidad. Las 3 rayas envuelven las mangas para a\u00f1adir un toque innovador al s\u00edmbolo atemporal de adidas, mientras que el corte holgado y la capucha ajustable te permiten moverte con libertad y cubrirte cuando lo necesites.<\/p>\n<h3>Caracter\u00edsticas:<\/h3>\n<ul>\n<li>Sudadera con capucha<\/li>\n<li>Cremallera integrada<\/li>\n<li>Corte holgado y capucha ajustable<\/li>\n<li>64 % algod\u00f3n \/ 36 % poli\u00e9ster reciclado<\/li>\n<\/ul>\n<h4 class=\"care-title___2YJe1 gl-no-margin-bottom\">Instrucciones de lavado<\/h4>\n<ul class=\"\">\n<li class=\"gl-vspace-bpall-small\"><img loading=\"lazy\" decoding=\"async\" src=\"https:\/\/www.adidas.it\/glass\/react\/050cc48\/assets\/img\/washing-instructions\/B1.svg\" alt=\"\" width=\"24\" height=\"24\" \/> No usar lej\u00eda<\/li>\n<li class=\"gl-vspace-bpall-small\"><img loading=\"lazy\" decoding=\"async\" src=\"https:\/\/www.adidas.it\/glass\/react\/050cc48\/assets\/img\/washing-instructions\/C2.svg\" alt=\"\" width=\"24\" height=\"24\" \/> Utiliza la secadora a baja temperatura<\/li>\n<li class=\"gl-vspace-bpall-small\"><img loading=\"lazy\" decoding=\"async\" src=\"https:\/\/www.adidas.it\/glass\/react\/050cc48\/assets\/img\/washing-instructions\/E1.svg\" alt=\"\" width=\"24\" height=\"24\" \/> No limpiar en seco<\/li>\n<li class=\"gl-vspace-bpall-small\"><img loading=\"lazy\" decoding=\"async\" src=\"https:\/\/www.adidas.it\/glass\/react\/050cc48\/assets\/img\/washing-instructions\/D2.svg\" alt=\"\" width=\"24\" height=\"24\" \/> Planchado suave en fr\u00edo<\/li>\n<li class=\"gl-vspace-bpall-small\"><img loading=\"lazy\" decoding=\"async\" src=\"https:\/\/www.adidas.it\/glass\/react\/050cc48\/assets\/img\/washing-instructions\/A4.svg\" alt=\"\" width=\"24\" height=\"24\" \/> Lavar a m\u00e1quina en ciclo delicado y con agua fr\u00eda<\/li>\n<\/ul>\n<div class=\"extra-instructions___2TR8b\">\n<h4 class=\"care-title___2YJe1 gl-no-margin-bottom\">Instrucciones para el cuidado del producto<\/h4>\n<ul class=\"gl-list gl-vspace-bpall-small\">\n<li class=\"gl-vspace-bpall-small\">No utilices suavizante<\/li>\n<li class=\"gl-vspace-bpall-small\">Utiliza \u00fanicamente detergentes suaves<\/li>\n<li class=\"gl-vspace-bpall-small\">Lavar con prendas de colores similares<\/li>\n<\/ul>\n<\/div>\n<\/div>\n<\/div>\n<\/div>\n<\/div>\n<\/div>\n","protected":false},"excerpt":{"rendered":"<ul>\n<li>Sudadera con capucha ideal para llevarla puesta en todo momento, no solo durante la actividad f\u00edsica.<\/li>\n<li>Corte c\u00f3modo.<\/li>\n<\/ul>\n","protected":false},"featured_media":249853,"template":"","meta":{"_acf_changed":false,"inline_featured_image":false},"product_brand":[],"product_cat":[24396,24401],"product_tag":[23558,23620],"class_list":{"0":"post-295511","1":"product","2":"type-product","3":"status-publish","4":"has-post-thumbnail","6":"product_cat-camisetas","7":"product_cat-ropa-de-mujer","8":"product_tag-adidas-es","9":"product_tag-adidas-mujer","10":"pa_attivita-lifestyle-es","11":"pa_colore-w-fi-3s-fz-hd-black-es","12":"pa_marca-adidas-es","13":"pa_sesso-mujer","14":"pa_size-small-es","15":"pa_size-medium-es","17":"first","18":"instock","19":"sale","20":"taxable","21":"shipping-taxable","22":"purchasable","23":"product-type-variable","24":"wvs-archive-product-wrapper"},"acf":[],"yoast_head":"<!-- This site is optimized with the Yoast SEO plugin v26.8 - https:\/\/yoast.com\/product\/yoast-seo-wordpress\/ -->\n<title>Adidas Future icons three stripes full zip hoodie mujer - Polar - MioMioRun<\/title>\n<meta name=\"description\" content=\"Esta sudadera con capucha adidas Future Icons para mujer, con cremallera completa, lleva una prenda ic\u00f3nica a nuevos niveles de estilo y comodidad.\" \/>\n<meta name=\"robots\" content=\"index, follow, max-snippet:-1, max-image-preview:large, max-video-preview:-1\" \/>\n<link rel=\"canonical\" href=\"https:\/\/www.miomiorun.com\/es\/producto\/future-icons-three-stripes-full-zip-hoodie-mujer\/\" \/>\n<meta property=\"og:locale\" content=\"es_ES\" \/>\n<meta property=\"og:type\" content=\"article\" \/>\n<meta property=\"og:title\" content=\"Adidas Future icons three stripes full zip hoodie mujer - Polar - MioMioRun\" \/>\n<meta property=\"og:description\" content=\"Esta sudadera con capucha adidas Future Icons para mujer, con cremallera completa, lleva una prenda ic\u00f3nica a nuevos niveles de estilo y comodidad.\" \/>\n<meta property=\"og:url\" content=\"https:\/\/www.miomiorun.com\/es\/producto\/future-icons-three-stripes-full-zip-hoodie-mujer\/\" \/>\n<meta property=\"og:site_name\" content=\"MioMioRun\" \/>\n<meta property=\"article:publisher\" content=\"https:\/\/www.facebook.com\/miomiorun\/\" \/>\n<meta property=\"article:modified_time\" content=\"2026-05-13T17:23:19+00:00\" \/>\n<meta property=\"og:image\" content=\"https:\/\/www.miomiorun.com\/app\/uploads\/2024\/10\/adidas-W-FI-3S-FZ-HD-Black-IN9475.webp\" \/>\n\t<meta property=\"og:image:width\" content=\"600\" \/>\n\t<meta property=\"og:image:height\" content=\"600\" \/>\n\t<meta property=\"og:image:type\" content=\"image\/webp\" \/>\n<meta name=\"twitter:card\" content=\"summary_large_image\" \/>\n<meta name=\"twitter:label1\" content=\"Est. reading time\" \/>\n\t<meta name=\"twitter:data1\" content=\"1 minute\" \/>\n<script type=\"application\/ld+json\" class=\"yoast-schema-graph\">{\"@context\":\"https:\/\/schema.org\",\"@graph\":[{\"@type\":\"WebPage\",\"@id\":\"https:\/\/www.miomiorun.com\/es\/producto\/future-icons-three-stripes-full-zip-hoodie-mujer\/\",\"url\":\"https:\/\/www.miomiorun.com\/es\/producto\/future-icons-three-stripes-full-zip-hoodie-mujer\/\",\"name\":\"Adidas Future icons three stripes full zip hoodie mujer - Polar - MioMioRun\",\"isPartOf\":{\"@id\":\"https:\/\/www.miomiorun.com\/es\/#website\"},\"primaryImageOfPage\":{\"@id\":\"https:\/\/www.miomiorun.com\/es\/producto\/future-icons-three-stripes-full-zip-hoodie-mujer\/#primaryimage\"},\"image\":{\"@id\":\"https:\/\/www.miomiorun.com\/es\/producto\/future-icons-three-stripes-full-zip-hoodie-mujer\/#primaryimage\"},\"thumbnailUrl\":\"https:\/\/www.miomiorun.com\/app\/uploads\/2024\/10\/adidas-W-FI-3S-FZ-HD-Black-IN9475.webp\",\"datePublished\":\"2024-10-10T13:12:03+00:00\",\"dateModified\":\"2026-05-13T17:23:19+00:00\",\"description\":\"Esta sudadera con capucha adidas Future Icons para mujer, con cremallera completa, lleva una prenda ic\u00f3nica a nuevos niveles de estilo y comodidad.\",\"breadcrumb\":{\"@id\":\"https:\/\/www.miomiorun.com\/es\/producto\/future-icons-three-stripes-full-zip-hoodie-mujer\/#breadcrumb\"},\"inLanguage\":\"es-ES\",\"potentialAction\":[{\"@type\":\"ReadAction\",\"target\":[\"https:\/\/www.miomiorun.com\/es\/producto\/future-icons-three-stripes-full-zip-hoodie-mujer\/\"]}]},{\"@type\":\"ImageObject\",\"inLanguage\":\"es-ES\",\"@id\":\"https:\/\/www.miomiorun.com\/es\/producto\/future-icons-three-stripes-full-zip-hoodie-mujer\/#primaryimage\",\"url\":\"https:\/\/www.miomiorun.com\/app\/uploads\/2024\/10\/adidas-W-FI-3S-FZ-HD-Black-IN9475.webp\",\"contentUrl\":\"https:\/\/www.miomiorun.com\/app\/uploads\/2024\/10\/adidas-W-FI-3S-FZ-HD-Black-IN9475.webp\",\"width\":600,\"height\":600,\"caption\":\"adidas W FI 3S FZ HD Black IN9475\"},{\"@type\":\"BreadcrumbList\",\"@id\":\"https:\/\/www.miomiorun.com\/es\/producto\/future-icons-three-stripes-full-zip-hoodie-mujer\/#breadcrumb\",\"itemListElement\":[{\"@type\":\"ListItem\",\"position\":1,\"name\":\"Home\",\"item\":\"https:\/\/www.miomiorun.com\/es\/home-page\/\"},{\"@type\":\"ListItem\",\"position\":2,\"name\":\"Shop\",\"item\":\"https:\/\/www.miomiorun.com\/shop\/\"},{\"@type\":\"ListItem\",\"position\":3,\"name\":\"Future icons three stripes full zip hoodie mujer\"}]},{\"@type\":\"WebSite\",\"@id\":\"https:\/\/www.miomiorun.com\/es\/#website\",\"url\":\"https:\/\/www.miomiorun.com\/es\/\",\"name\":\"MioMioRun\",\"description\":\"Tienda 100% running y trail\",\"publisher\":{\"@id\":\"https:\/\/www.miomiorun.com\/es\/#organization\"},\"potentialAction\":[{\"@type\":\"SearchAction\",\"target\":{\"@type\":\"EntryPoint\",\"urlTemplate\":\"https:\/\/www.miomiorun.com\/es\/?s={search_term_string}\"},\"query-input\":{\"@type\":\"PropertyValueSpecification\",\"valueRequired\":true,\"valueName\":\"search_term_string\"}}],\"inLanguage\":\"es-ES\"},{\"@type\":\"Organization\",\"@id\":\"https:\/\/www.miomiorun.com\/es\/#organization\",\"name\":\"MioMio Run\",\"url\":\"https:\/\/www.miomiorun.com\/es\/\",\"logo\":{\"@type\":\"ImageObject\",\"inLanguage\":\"es-ES\",\"@id\":\"https:\/\/www.miomiorun.com\/es\/#\/schema\/logo\/image\/\",\"url\":\"https:\/\/www.miomiorun.com\/app\/uploads\/2019\/12\/logomio.png\",\"contentUrl\":\"https:\/\/www.miomiorun.com\/app\/uploads\/2019\/12\/logomio.png\",\"width\":115,\"height\":82,\"caption\":\"MioMio Run\"},\"image\":{\"@id\":\"https:\/\/www.miomiorun.com\/es\/#\/schema\/logo\/image\/\"},\"sameAs\":[\"https:\/\/www.facebook.com\/miomiorun\/\",\"https:\/\/www.instagram.com\/miomiorun\/\"]}]}<\/script>\n<!-- \/ Yoast SEO plugin. -->","yoast_head_json":{"title":"Adidas Future icons three stripes full zip hoodie mujer - Polar - MioMioRun","description":"Esta sudadera con capucha adidas Future Icons para mujer, con cremallera completa, lleva una prenda ic\u00f3nica a nuevos niveles de estilo y comodidad.","robots":{"index":"index","follow":"follow","max-snippet":"max-snippet:-1","max-image-preview":"max-image-preview:large","max-video-preview":"max-video-preview:-1"},"canonical":"https:\/\/www.miomiorun.com\/es\/producto\/future-icons-three-stripes-full-zip-hoodie-mujer\/","og_locale":"es_ES","og_type":"article","og_title":"Adidas Future icons three stripes full zip hoodie mujer - Polar - MioMioRun","og_description":"Esta sudadera con capucha adidas Future Icons para mujer, con cremallera completa, lleva una prenda ic\u00f3nica a nuevos niveles de estilo y comodidad.","og_url":"https:\/\/www.miomiorun.com\/es\/producto\/future-icons-three-stripes-full-zip-hoodie-mujer\/","og_site_name":"MioMioRun","article_publisher":"https:\/\/www.facebook.com\/miomiorun\/","article_modified_time":"2026-05-13T17:23:19+00:00","og_image":[{"width":600,"height":600,"url":"https:\/\/www.miomiorun.com\/app\/uploads\/2024\/10\/adidas-W-FI-3S-FZ-HD-Black-IN9475.webp","type":"image\/webp"}],"twitter_card":"summary_large_image","twitter_misc":{"Est. reading time":"1 minute"},"schema":{"@context":"https:\/\/schema.org","@graph":[{"@type":"WebPage","@id":"https:\/\/www.miomiorun.com\/es\/producto\/future-icons-three-stripes-full-zip-hoodie-mujer\/","url":"https:\/\/www.miomiorun.com\/es\/producto\/future-icons-three-stripes-full-zip-hoodie-mujer\/","name":"Adidas Future icons three stripes full zip hoodie mujer - Polar - MioMioRun","isPartOf":{"@id":"https:\/\/www.miomiorun.com\/es\/#website"},"primaryImageOfPage":{"@id":"https:\/\/www.miomiorun.com\/es\/producto\/future-icons-three-stripes-full-zip-hoodie-mujer\/#primaryimage"},"image":{"@id":"https:\/\/www.miomiorun.com\/es\/producto\/future-icons-three-stripes-full-zip-hoodie-mujer\/#primaryimage"},"thumbnailUrl":"https:\/\/www.miomiorun.com\/app\/uploads\/2024\/10\/adidas-W-FI-3S-FZ-HD-Black-IN9475.webp","datePublished":"2024-10-10T13:12:03+00:00","dateModified":"2026-05-13T17:23:19+00:00","description":"Esta sudadera con capucha adidas Future Icons para mujer, con cremallera completa, lleva una prenda ic\u00f3nica a nuevos niveles de estilo y comodidad.","breadcrumb":{"@id":"https:\/\/www.miomiorun.com\/es\/producto\/future-icons-three-stripes-full-zip-hoodie-mujer\/#breadcrumb"},"inLanguage":"es-ES","potentialAction":[{"@type":"ReadAction","target":["https:\/\/www.miomiorun.com\/es\/producto\/future-icons-three-stripes-full-zip-hoodie-mujer\/"]}]},{"@type":"ImageObject","inLanguage":"es-ES","@id":"https:\/\/www.miomiorun.com\/es\/producto\/future-icons-three-stripes-full-zip-hoodie-mujer\/#primaryimage","url":"https:\/\/www.miomiorun.com\/app\/uploads\/2024\/10\/adidas-W-FI-3S-FZ-HD-Black-IN9475.webp","contentUrl":"https:\/\/www.miomiorun.com\/app\/uploads\/2024\/10\/adidas-W-FI-3S-FZ-HD-Black-IN9475.webp","width":600,"height":600,"caption":"adidas W FI 3S FZ HD Black IN9475"},{"@type":"BreadcrumbList","@id":"https:\/\/www.miomiorun.com\/es\/producto\/future-icons-three-stripes-full-zip-hoodie-mujer\/#breadcrumb","itemListElement":[{"@type":"ListItem","position":1,"name":"Home","item":"https:\/\/www.miomiorun.com\/es\/home-page\/"},{"@type":"ListItem","position":2,"name":"Shop","item":"https:\/\/www.miomiorun.com\/shop\/"},{"@type":"ListItem","position":3,"name":"Future icons three stripes full zip hoodie mujer"}]},{"@type":"WebSite","@id":"https:\/\/www.miomiorun.com\/es\/#website","url":"https:\/\/www.miomiorun.com\/es\/","name":"MioMioRun","description":"Tienda 100% running y trail","publisher":{"@id":"https:\/\/www.miomiorun.com\/es\/#organization"},"potentialAction":[{"@type":"SearchAction","target":{"@type":"EntryPoint","urlTemplate":"https:\/\/www.miomiorun.com\/es\/?s={search_term_string}"},"query-input":{"@type":"PropertyValueSpecification","valueRequired":true,"valueName":"search_term_string"}}],"inLanguage":"es-ES"},{"@type":"Organization","@id":"https:\/\/www.miomiorun.com\/es\/#organization","name":"MioMio Run","url":"https:\/\/www.miomiorun.com\/es\/","logo":{"@type":"ImageObject","inLanguage":"es-ES","@id":"https:\/\/www.miomiorun.com\/es\/#\/schema\/logo\/image\/","url":"https:\/\/www.miomiorun.com\/app\/uploads\/2019\/12\/logomio.png","contentUrl":"https:\/\/www.miomiorun.com\/app\/uploads\/2019\/12\/logomio.png","width":115,"height":82,"caption":"MioMio Run"},"image":{"@id":"https:\/\/www.miomiorun.com\/es\/#\/schema\/logo\/image\/"},"sameAs":["https:\/\/www.facebook.com\/miomiorun\/","https:\/\/www.instagram.com\/miomiorun\/"]}]}},"_links":{"self":[{"href":"https:\/\/www.miomiorun.com\/es\/wp-json\/wp\/v2\/product\/295511","targetHints":{"allow":["GET"]}}],"collection":[{"href":"https:\/\/www.miomiorun.com\/es\/wp-json\/wp\/v2\/product"}],"about":[{"href":"https:\/\/www.miomiorun.com\/es\/wp-json\/wp\/v2\/types\/product"}],"wp:featuredmedia":[{"embeddable":true,"href":"https:\/\/www.miomiorun.com\/es\/wp-json\/wp\/v2\/media\/249853"}],"wp:attachment":[{"href":"https:\/\/www.miomiorun.com\/es\/wp-json\/wp\/v2\/media?parent=295511"}],"wp:term":[{"taxonomy":"product_brand","embeddable":true,"href":"https:\/\/www.miomiorun.com\/es\/wp-json\/wp\/v2\/product_brand?post=295511"},{"taxonomy":"product_cat","embeddable":true,"href":"https:\/\/www.miomiorun.com\/es\/wp-json\/wp\/v2\/product_cat?post=295511"},{"taxonomy":"product_tag","embeddable":true,"href":"https:\/\/www.miomiorun.com\/es\/wp-json\/wp\/v2\/product_tag?post=295511"}],"curies":[{"name":"wp","href":"https:\/\/api.w.org\/{rel}","templated":true}]}}