{"id":295470,"date":"2024-10-10T15:39:59","date_gmt":"2024-10-10T13:39:59","guid":{"rendered":"https:\/\/miomiorun.com\/prodotto\/z-n-e-pant-uomo\/"},"modified":"2026-04-23T19:29:17","modified_gmt":"2026-04-23T17:29:17","slug":"z-n-e-pant-hombre","status":"publish","type":"product","link":"https:\/\/www.miomiorun.com\/es\/producto\/z-n-e-pant-hombre\/","title":{"rendered":"Z.N.E Pant hombre"},"content":{"rendered":"<div class=\"text-content___13aRm\">\n<h3 class=\"subtitle___9ljbp\" style=\"text-align: center\">Pantalones abrigados con estructura de tres capas.<\/h3>\n<p class=\"gl-vspace\">Celebra el poder del trabajo en equipo con estos pantalones de adidas. Los Z.N.E son unos pantalones para hombre confeccionados en tejido spacer de hilo doble que te protegen del fr\u00edo para que puedas concentrarte \u00fanicamente en la acci\u00f3n. Las l\u00edneas opacas estampadas en goma, inspiradas en el terreno de juego, te permiten mostrar tu pasi\u00f3n por el deporte y tu esp\u00edritu de equipo all\u00e1 donde vayas.<\/p>\n<\/div>\n<h4>Caracter\u00edsticas:<\/h4>\n<ul class=\"gl-list\">\n<li class=\"gl-vspace-bpall-small\">Corte holgado<\/li>\n<li class=\"gl-vspace-bpall-small\">Cintura el\u00e1stica con cord\u00f3n<\/li>\n<li class=\"gl-vspace-bpall-small\">Hilo doble, 57 % poli\u00e9ster reciclado \/ 43 % algod\u00f3n<\/li>\n<li class=\"gl-vspace-bpall-small\">Vida media<\/li>\n<li class=\"gl-vspace-bpall-small\">Bolsillos delanteros con cremallera<\/li>\n<li class=\"gl-vspace-bpall-small\">Bordes acanalados<\/li>\n<li class=\"gl-vspace-bpall-small\">Tejido de tres capas<\/li>\n<\/ul>\n<p>&nbsp;<\/p>\n<div class=\"care-instructions___3scEd\">\n<h4 class=\"care-title___2YJe1 gl-no-margin-bottom\">Instrucciones de lavado<\/h4>\n<ul class=\"\">\n<li class=\"gl-vspace-bpall-small\"><img loading=\"lazy\" decoding=\"async\" src=\"https:\/\/www.adidas.it\/glass\/react\/050cc48\/assets\/img\/washing-instructions\/B1.svg\" alt=\"\" width=\"24\" height=\"24\" \/> No usar lej\u00eda<\/li>\n<li class=\"gl-vspace-bpall-small\"><img loading=\"lazy\" decoding=\"async\" src=\"https:\/\/www.adidas.it\/glass\/react\/050cc48\/assets\/img\/washing-instructions\/C2.svg\" alt=\"\" width=\"24\" height=\"24\" \/> Utiliza la secadora a baja temperatura<\/li>\n<li class=\"gl-vspace-bpall-small\"><img loading=\"lazy\" decoding=\"async\" src=\"https:\/\/www.adidas.it\/glass\/react\/050cc48\/assets\/img\/washing-instructions\/E1.svg\" alt=\"\" width=\"24\" height=\"24\" \/> No limpiar en seco<\/li>\n<li class=\"gl-vspace-bpall-small\"><img loading=\"lazy\" decoding=\"async\" src=\"https:\/\/www.adidas.it\/glass\/react\/050cc48\/assets\/img\/washing-instructions\/D2.svg\" alt=\"\" width=\"24\" height=\"24\" \/> Planchado suave en fr\u00edo<\/li>\n<li class=\"gl-vspace-bpall-small\"><img loading=\"lazy\" decoding=\"async\" src=\"https:\/\/www.adidas.it\/glass\/react\/050cc48\/assets\/img\/washing-instructions\/A5.svg\" alt=\"\" width=\"24\" height=\"24\" \/> Lavar a m\u00e1quina con agua tibia<\/li>\n<\/ul>\n<div class=\"extra-instructions___2TR8b\">\n<h4 class=\"care-title___2YJe1 gl-no-margin-bottom\">Instrucciones para el cuidado del producto<\/h4>\n<ul class=\"gl-list gl-vspace-bpall-small\">\n<li class=\"gl-vspace-bpall-small\">No utilices suavizante<\/li>\n<li class=\"gl-vspace-bpall-small\">Lavar con las cremalleras cerradas<\/li>\n<li class=\"gl-vspace-bpall-small\">Lavar y planchar del rev\u00e9s<\/li>\n<li class=\"gl-vspace-bpall-small\">Lavar con prendas de colores similares<\/li>\n<\/ul>\n<\/div>\n<\/div>\n","protected":false},"excerpt":{"rendered":"<ul>\n<li>Pantalones para el tiempo libre, ideales tambi\u00e9n para practicar deporte.<\/li>\n<li>C\u00f3modo ajuste.<\/li>\n<\/ul>\n","protected":false},"featured_media":249857,"template":"","meta":{"_acf_changed":false,"inline_featured_image":false},"product_brand":[],"product_cat":[24456,24463],"product_tag":[23558,23570],"class_list":{"0":"post-295470","1":"product","2":"type-product","3":"status-publish","4":"has-post-thumbnail","6":"product_cat-pantalones-largos-es-2","7":"product_cat-ropa-de-hombre-es","8":"product_tag-adidas-es","9":"product_tag-adidas-hombre","10":"pa_attivita-fitness-es","11":"pa_attivita-lifestyle-es","12":"pa_colore-m-z-n-e-pt-aurivy-es","13":"pa_colore-m-z-n-e-pt-black-es","14":"pa_colore-m-z-n-e-pt-grey-es","15":"pa_marca-adidas-es","16":"pa_sesso-hombre","17":"pa_size-extra-small-es","18":"pa_size-small-es","19":"pa_size-medium-es","20":"pa_size-large-es","22":"first","23":"instock","24":"sale","25":"taxable","26":"shipping-taxable","27":"purchasable","28":"product-type-variable","29":"wvs-archive-product-wrapper"},"acf":[],"yoast_head":"<!-- This site is optimized with the Yoast SEO plugin v26.8 - https:\/\/yoast.com\/product\/yoast-seo-wordpress\/ -->\n<title>Adidas Z.N.E Pant hombre - Pantalones - MioMioRun<\/title>\n<meta name=\"description\" content=\"Los pantalones Z.N.E. de adidas para hombre, confeccionados en tejido Spacer de hilo doble, te protegen del fr\u00edo para que puedas concentrarte solo en la acci\u00f3n.\" \/>\n<meta name=\"robots\" content=\"index, follow, max-snippet:-1, max-image-preview:large, max-video-preview:-1\" \/>\n<link rel=\"canonical\" href=\"https:\/\/www.miomiorun.com\/es\/producto\/z-n-e-pant-hombre\/\" \/>\n<meta property=\"og:locale\" content=\"es_ES\" \/>\n<meta property=\"og:type\" content=\"article\" \/>\n<meta property=\"og:title\" content=\"Adidas Z.N.E Pant hombre - Pantalones - MioMioRun\" \/>\n<meta property=\"og:description\" content=\"Los pantalones Z.N.E. de adidas para hombre, confeccionados en tejido Spacer de hilo doble, te protegen del fr\u00edo para que puedas concentrarte solo en la acci\u00f3n.\" \/>\n<meta property=\"og:url\" content=\"https:\/\/www.miomiorun.com\/es\/producto\/z-n-e-pant-hombre\/\" \/>\n<meta property=\"og:site_name\" content=\"MioMioRun\" \/>\n<meta property=\"article:publisher\" content=\"https:\/\/www.facebook.com\/miomiorun\/\" \/>\n<meta property=\"article:modified_time\" content=\"2026-04-23T17:29:17+00:00\" \/>\n<meta property=\"og:image\" content=\"https:\/\/www.miomiorun.com\/app\/uploads\/2024\/10\/adidas-M-Z.N.E.-PT-black-JD9599.webp\" \/>\n\t<meta property=\"og:image:width\" content=\"600\" \/>\n\t<meta property=\"og:image:height\" content=\"600\" \/>\n\t<meta property=\"og:image:type\" content=\"image\/webp\" \/>\n<meta name=\"twitter:card\" content=\"summary_large_image\" \/>\n<meta name=\"twitter:label1\" content=\"Est. reading time\" \/>\n\t<meta name=\"twitter:data1\" content=\"1 minute\" \/>\n<script type=\"application\/ld+json\" class=\"yoast-schema-graph\">{\"@context\":\"https:\/\/schema.org\",\"@graph\":[{\"@type\":\"WebPage\",\"@id\":\"https:\/\/www.miomiorun.com\/es\/producto\/z-n-e-pant-hombre\/\",\"url\":\"https:\/\/www.miomiorun.com\/es\/producto\/z-n-e-pant-hombre\/\",\"name\":\"Adidas Z.N.E Pant hombre - Pantalones - MioMioRun\",\"isPartOf\":{\"@id\":\"https:\/\/www.miomiorun.com\/es\/#website\"},\"primaryImageOfPage\":{\"@id\":\"https:\/\/www.miomiorun.com\/es\/producto\/z-n-e-pant-hombre\/#primaryimage\"},\"image\":{\"@id\":\"https:\/\/www.miomiorun.com\/es\/producto\/z-n-e-pant-hombre\/#primaryimage\"},\"thumbnailUrl\":\"https:\/\/www.miomiorun.com\/app\/uploads\/2024\/10\/adidas-M-Z.N.E.-PT-black-JD9599.webp\",\"datePublished\":\"2024-10-10T13:39:59+00:00\",\"dateModified\":\"2026-04-23T17:29:17+00:00\",\"description\":\"Los pantalones Z.N.E. de adidas para hombre, confeccionados en tejido Spacer de hilo doble, te protegen del fr\u00edo para que puedas concentrarte solo en la acci\u00f3n.\",\"breadcrumb\":{\"@id\":\"https:\/\/www.miomiorun.com\/es\/producto\/z-n-e-pant-hombre\/#breadcrumb\"},\"inLanguage\":\"es-ES\",\"potentialAction\":[{\"@type\":\"ReadAction\",\"target\":[\"https:\/\/www.miomiorun.com\/es\/producto\/z-n-e-pant-hombre\/\"]}]},{\"@type\":\"ImageObject\",\"inLanguage\":\"es-ES\",\"@id\":\"https:\/\/www.miomiorun.com\/es\/producto\/z-n-e-pant-hombre\/#primaryimage\",\"url\":\"https:\/\/www.miomiorun.com\/app\/uploads\/2024\/10\/adidas-M-Z.N.E.-PT-black-JD9599.webp\",\"contentUrl\":\"https:\/\/www.miomiorun.com\/app\/uploads\/2024\/10\/adidas-M-Z.N.E.-PT-black-JD9599.webp\",\"width\":600,\"height\":600,\"caption\":\"adidas M Z.N.E. PT black JD9599\"},{\"@type\":\"BreadcrumbList\",\"@id\":\"https:\/\/www.miomiorun.com\/es\/producto\/z-n-e-pant-hombre\/#breadcrumb\",\"itemListElement\":[{\"@type\":\"ListItem\",\"position\":1,\"name\":\"Home\",\"item\":\"https:\/\/www.miomiorun.com\/es\/\"},{\"@type\":\"ListItem\",\"position\":2,\"name\":\"Shop\",\"item\":\"https:\/\/www.miomiorun.com\/shop\/\"},{\"@type\":\"ListItem\",\"position\":3,\"name\":\"Z.N.E Pant hombre\"}]},{\"@type\":\"WebSite\",\"@id\":\"https:\/\/www.miomiorun.com\/es\/#website\",\"url\":\"https:\/\/www.miomiorun.com\/es\/\",\"name\":\"MioMioRun\",\"description\":\"Tienda 100% running y trail\",\"publisher\":{\"@id\":\"https:\/\/www.miomiorun.com\/es\/#organization\"},\"potentialAction\":[{\"@type\":\"SearchAction\",\"target\":{\"@type\":\"EntryPoint\",\"urlTemplate\":\"https:\/\/www.miomiorun.com\/es\/?s={search_term_string}\"},\"query-input\":{\"@type\":\"PropertyValueSpecification\",\"valueRequired\":true,\"valueName\":\"search_term_string\"}}],\"inLanguage\":\"es-ES\"},{\"@type\":\"Organization\",\"@id\":\"https:\/\/www.miomiorun.com\/es\/#organization\",\"name\":\"MioMio Run\",\"url\":\"https:\/\/www.miomiorun.com\/es\/\",\"logo\":{\"@type\":\"ImageObject\",\"inLanguage\":\"es-ES\",\"@id\":\"https:\/\/www.miomiorun.com\/es\/#\/schema\/logo\/image\/\",\"url\":\"https:\/\/www.miomiorun.com\/app\/uploads\/2019\/12\/logomio.png\",\"contentUrl\":\"https:\/\/www.miomiorun.com\/app\/uploads\/2019\/12\/logomio.png\",\"width\":115,\"height\":82,\"caption\":\"MioMio Run\"},\"image\":{\"@id\":\"https:\/\/www.miomiorun.com\/es\/#\/schema\/logo\/image\/\"},\"sameAs\":[\"https:\/\/www.facebook.com\/miomiorun\/\",\"https:\/\/www.instagram.com\/miomiorun\/\"]}]}<\/script>\n<!-- \/ Yoast SEO plugin. -->","yoast_head_json":{"title":"Adidas Z.N.E Pant hombre - Pantalones - MioMioRun","description":"Los pantalones Z.N.E. de adidas para hombre, confeccionados en tejido Spacer de hilo doble, te protegen del fr\u00edo para que puedas concentrarte solo en la acci\u00f3n.","robots":{"index":"index","follow":"follow","max-snippet":"max-snippet:-1","max-image-preview":"max-image-preview:large","max-video-preview":"max-video-preview:-1"},"canonical":"https:\/\/www.miomiorun.com\/es\/producto\/z-n-e-pant-hombre\/","og_locale":"es_ES","og_type":"article","og_title":"Adidas Z.N.E Pant hombre - Pantalones - MioMioRun","og_description":"Los pantalones Z.N.E. de adidas para hombre, confeccionados en tejido Spacer de hilo doble, te protegen del fr\u00edo para que puedas concentrarte solo en la acci\u00f3n.","og_url":"https:\/\/www.miomiorun.com\/es\/producto\/z-n-e-pant-hombre\/","og_site_name":"MioMioRun","article_publisher":"https:\/\/www.facebook.com\/miomiorun\/","article_modified_time":"2026-04-23T17:29:17+00:00","og_image":[{"width":600,"height":600,"url":"https:\/\/www.miomiorun.com\/app\/uploads\/2024\/10\/adidas-M-Z.N.E.-PT-black-JD9599.webp","type":"image\/webp"}],"twitter_card":"summary_large_image","twitter_misc":{"Est. reading time":"1 minute"},"schema":{"@context":"https:\/\/schema.org","@graph":[{"@type":"WebPage","@id":"https:\/\/www.miomiorun.com\/es\/producto\/z-n-e-pant-hombre\/","url":"https:\/\/www.miomiorun.com\/es\/producto\/z-n-e-pant-hombre\/","name":"Adidas Z.N.E Pant hombre - Pantalones - MioMioRun","isPartOf":{"@id":"https:\/\/www.miomiorun.com\/es\/#website"},"primaryImageOfPage":{"@id":"https:\/\/www.miomiorun.com\/es\/producto\/z-n-e-pant-hombre\/#primaryimage"},"image":{"@id":"https:\/\/www.miomiorun.com\/es\/producto\/z-n-e-pant-hombre\/#primaryimage"},"thumbnailUrl":"https:\/\/www.miomiorun.com\/app\/uploads\/2024\/10\/adidas-M-Z.N.E.-PT-black-JD9599.webp","datePublished":"2024-10-10T13:39:59+00:00","dateModified":"2026-04-23T17:29:17+00:00","description":"Los pantalones Z.N.E. de adidas para hombre, confeccionados en tejido Spacer de hilo doble, te protegen del fr\u00edo para que puedas concentrarte solo en la acci\u00f3n.","breadcrumb":{"@id":"https:\/\/www.miomiorun.com\/es\/producto\/z-n-e-pant-hombre\/#breadcrumb"},"inLanguage":"es-ES","potentialAction":[{"@type":"ReadAction","target":["https:\/\/www.miomiorun.com\/es\/producto\/z-n-e-pant-hombre\/"]}]},{"@type":"ImageObject","inLanguage":"es-ES","@id":"https:\/\/www.miomiorun.com\/es\/producto\/z-n-e-pant-hombre\/#primaryimage","url":"https:\/\/www.miomiorun.com\/app\/uploads\/2024\/10\/adidas-M-Z.N.E.-PT-black-JD9599.webp","contentUrl":"https:\/\/www.miomiorun.com\/app\/uploads\/2024\/10\/adidas-M-Z.N.E.-PT-black-JD9599.webp","width":600,"height":600,"caption":"adidas M Z.N.E. PT black JD9599"},{"@type":"BreadcrumbList","@id":"https:\/\/www.miomiorun.com\/es\/producto\/z-n-e-pant-hombre\/#breadcrumb","itemListElement":[{"@type":"ListItem","position":1,"name":"Home","item":"https:\/\/www.miomiorun.com\/es\/"},{"@type":"ListItem","position":2,"name":"Shop","item":"https:\/\/www.miomiorun.com\/shop\/"},{"@type":"ListItem","position":3,"name":"Z.N.E Pant hombre"}]},{"@type":"WebSite","@id":"https:\/\/www.miomiorun.com\/es\/#website","url":"https:\/\/www.miomiorun.com\/es\/","name":"MioMioRun","description":"Tienda 100% running y trail","publisher":{"@id":"https:\/\/www.miomiorun.com\/es\/#organization"},"potentialAction":[{"@type":"SearchAction","target":{"@type":"EntryPoint","urlTemplate":"https:\/\/www.miomiorun.com\/es\/?s={search_term_string}"},"query-input":{"@type":"PropertyValueSpecification","valueRequired":true,"valueName":"search_term_string"}}],"inLanguage":"es-ES"},{"@type":"Organization","@id":"https:\/\/www.miomiorun.com\/es\/#organization","name":"MioMio Run","url":"https:\/\/www.miomiorun.com\/es\/","logo":{"@type":"ImageObject","inLanguage":"es-ES","@id":"https:\/\/www.miomiorun.com\/es\/#\/schema\/logo\/image\/","url":"https:\/\/www.miomiorun.com\/app\/uploads\/2019\/12\/logomio.png","contentUrl":"https:\/\/www.miomiorun.com\/app\/uploads\/2019\/12\/logomio.png","width":115,"height":82,"caption":"MioMio Run"},"image":{"@id":"https:\/\/www.miomiorun.com\/es\/#\/schema\/logo\/image\/"},"sameAs":["https:\/\/www.facebook.com\/miomiorun\/","https:\/\/www.instagram.com\/miomiorun\/"]}]}},"_links":{"self":[{"href":"https:\/\/www.miomiorun.com\/es\/wp-json\/wp\/v2\/product\/295470","targetHints":{"allow":["GET"]}}],"collection":[{"href":"https:\/\/www.miomiorun.com\/es\/wp-json\/wp\/v2\/product"}],"about":[{"href":"https:\/\/www.miomiorun.com\/es\/wp-json\/wp\/v2\/types\/product"}],"wp:featuredmedia":[{"embeddable":true,"href":"https:\/\/www.miomiorun.com\/es\/wp-json\/wp\/v2\/media\/249857"}],"wp:attachment":[{"href":"https:\/\/www.miomiorun.com\/es\/wp-json\/wp\/v2\/media?parent=295470"}],"wp:term":[{"taxonomy":"product_brand","embeddable":true,"href":"https:\/\/www.miomiorun.com\/es\/wp-json\/wp\/v2\/product_brand?post=295470"},{"taxonomy":"product_cat","embeddable":true,"href":"https:\/\/www.miomiorun.com\/es\/wp-json\/wp\/v2\/product_cat?post=295470"},{"taxonomy":"product_tag","embeddable":true,"href":"https:\/\/www.miomiorun.com\/es\/wp-json\/wp\/v2\/product_tag?post=295470"}],"curies":[{"name":"wp","href":"https:\/\/api.w.org\/{rel}","templated":true}]}}