{"id":295457,"date":"2024-10-11T17:10:24","date_gmt":"2024-10-11T15:10:24","guid":{"rendered":"https:\/\/miomiorun.com\/prodotto\/felpa-essentials-fleece-3-stripes-uomo\/"},"modified":"2026-04-28T11:48:02","modified_gmt":"2026-04-28T09:48:02","slug":"felpa-essentials-fleece-3-stripes-hombre","status":"publish","type":"product","link":"https:\/\/www.miomiorun.com\/es\/producto\/felpa-essentials-fleece-3-stripes-hombre\/","title":{"rendered":"Felpa Essentials Fleece 3-Stripes hombre"},"content":{"rendered":"<p>La sudadera Essentials Fleece 3-Stripes para hombre es una prenda que a\u00fana practicidad y estilo. Confeccionada en una suave mezcla de algod\u00f3n, es el modelo perfecto para cuando sabes que vas a pasar todo el d\u00eda fuera. El cuello redondo y los dobladillos y pu\u00f1os acanalados son esos detalles que te ayudan a sentirte totalmente c\u00f3modo. Las ic\u00f3nicas 3 rayas en ambos brazos completan el look.<\/p>\n<ul class=\"m-contentContainer__copyElement\">\n<li>Al menos el 70 % de este producto est\u00e1 compuesto por una mezcla de materiales reciclados y renovables.<\/li>\n<\/ul>\n<h3>Caracter\u00edsticas:<\/h3>\n<ul>\n<li>Contenido reciclado: Este producto est\u00e1 fabricado con contenido reciclado como parte de nuestro compromiso para acabar con los residuos pl\u00e1sticos.<\/li>\n<li>Algod\u00f3n mejor: ESTOS PRODUCTOS DE ALGOD\u00d3N APOYAN LA AGRICULTURA SOSTENIBLE DEL ALGOD\u00d3N.<\/li>\n<li>Ajuste: Regular<\/li>\n<li>Sudadera con capucha<\/li>\n<\/ul>\n<h4 class=\"care-title___2YJe1 gl-no-margin-bottom\">Instrucciones de lavado<\/h4>\n<ul class=\"\">\n<li class=\"gl-vspace-bpall-small\"><img loading=\"lazy\" decoding=\"async\" src=\"https:\/\/www.adidas.it\/glass\/react\/050cc48\/assets\/img\/washing-instructions\/B1.svg\" alt=\"\" width=\"24\" height=\"24\"> No usar lej\u00eda<\/li>\n<li class=\"gl-vspace-bpall-small\"><img loading=\"lazy\" decoding=\"async\" src=\"https:\/\/www.adidas.it\/glass\/react\/050cc48\/assets\/img\/washing-instructions\/C2.svg\" alt=\"\" width=\"24\" height=\"24\"> Secar en secadora a baja temperatura<\/li>\n<li class=\"gl-vspace-bpall-small\"><img loading=\"lazy\" decoding=\"async\" src=\"https:\/\/www.adidas.it\/glass\/react\/050cc48\/assets\/img\/washing-instructions\/E1.svg\" alt=\"\" width=\"24\" height=\"24\"> No limpiar en seco<\/li>\n<li class=\"gl-vspace-bpall-small\"><img loading=\"lazy\" decoding=\"async\" src=\"https:\/\/www.adidas.it\/glass\/react\/050cc48\/assets\/img\/washing-instructions\/D2.svg\" alt=\"\" width=\"24\" height=\"24\"> Planchar a baja temperatura<\/li>\n<li class=\"gl-vspace-bpall-small\"><img loading=\"lazy\" decoding=\"async\" src=\"https:\/\/www.adidas.it\/glass\/react\/050cc48\/assets\/img\/washing-instructions\/A4.svg\" alt=\"\" width=\"24\" height=\"24\"> Lavar a m\u00e1quina con ciclo delicado y agua fr\u00eda<\/li>\n<\/ul>\n<div class=\"extra-instructions___2TR8b\">\n<h4 class=\"care-title___2YJe1 gl-no-margin-bottom\">Informaci\u00f3n sobre el cuidado del producto<\/h4>\n<ul class=\"gl-list gl-vspace-bpall-small\">\n<li class=\"gl-vspace-bpall-small\">No utilizar suavizante<\/li>\n<li class=\"gl-vspace-bpall-small\">Utilizar solo detergentes delicados<\/li>\n<li class=\"gl-vspace-bpall-small\">Lavar con prendas de colores similares<\/li>\n<\/ul>\n<\/div>\n<div class=\"o-feature-callout__feature-copy\">\n<div class=\"o-feature-callout__feature-copy\">\n<div class=\"o-feature-callout__feature-copy\">\n<p class=\"a-type-p o-feature-callout__feature-body\">\n<\/div>\n<\/div>\n<\/div>\n","protected":false},"excerpt":{"rendered":"<ul class=\"m-long-description__features\">\n<li class=\"m-long-description__feature\">De aspecto impecable<\/li>\n<li class=\"m-long-description__feature\">Perfecta como sudadera para llevar durante el d\u00eda<\/li>\n<\/ul>\n<p><span style=\"font-weight: 400\">&nbsp;<\/span><\/p>\n","protected":false},"featured_media":249805,"template":"","meta":{"_acf_changed":false,"inline_featured_image":false},"product_brand":[],"product_cat":[24458,24463,24464],"product_tag":[23558,23570],"class_list":{"0":"post-295457","1":"product","2":"type-product","3":"status-publish","4":"has-post-thumbnail","6":"product_cat-camisetas-es-2","7":"product_cat-ropa-de-hombre-es","8":"product_cat-hombre","9":"product_tag-adidas-es","10":"product_tag-adidas-hombre","11":"pa_attivita-lifestyle-es","12":"pa_colore-m-3s-fl-swt-legink-es","13":"pa_marca-adidas-es","14":"pa_sesso-hombre","15":"pa_size-small-es","16":"pa_size-medium-es","17":"pa_size-large-es","19":"first","20":"instock","21":"sale","22":"taxable","23":"shipping-taxable","24":"purchasable","25":"product-type-variable","26":"wvs-archive-product-wrapper"},"acf":[],"yoast_head":"<!-- This site is optimized with the Yoast SEO plugin v26.8 - https:\/\/yoast.com\/product\/yoast-seo-wordpress\/ -->\n<title>Adidas Felpa Essentials Fleece 3-Stripes hombre - Jersey hombre - MioMioRun<\/title>\n<meta name=\"description\" content=\"La sudadera Essentials Fleece 3-Stripes para hombre es una prenda que a\u00fana practicidad y estilo. Confeccionada en una suave mezcla de algod\u00f3n.\" \/>\n<meta name=\"robots\" content=\"index, follow, max-snippet:-1, max-image-preview:large, max-video-preview:-1\" \/>\n<link rel=\"canonical\" href=\"https:\/\/www.miomiorun.com\/es\/producto\/felpa-essentials-fleece-3-stripes-hombre\/\" \/>\n<meta property=\"og:locale\" content=\"es_ES\" \/>\n<meta property=\"og:type\" content=\"article\" \/>\n<meta property=\"og:title\" content=\"Adidas Felpa Essentials Fleece 3-Stripes hombre - Jersey hombre - MioMioRun\" \/>\n<meta property=\"og:description\" content=\"La sudadera Essentials Fleece 3-Stripes para hombre es una prenda que a\u00fana practicidad y estilo. Confeccionada en una suave mezcla de algod\u00f3n.\" \/>\n<meta property=\"og:url\" content=\"https:\/\/www.miomiorun.com\/es\/producto\/felpa-essentials-fleece-3-stripes-hombre\/\" \/>\n<meta property=\"og:site_name\" content=\"MioMioRun\" \/>\n<meta property=\"article:publisher\" content=\"https:\/\/www.facebook.com\/miomiorun\/\" \/>\n<meta property=\"article:modified_time\" content=\"2026-04-28T09:48:02+00:00\" \/>\n<meta property=\"og:image\" content=\"https:\/\/www.miomiorun.com\/app\/uploads\/2024\/10\/adidas-M-3S-FL-SWT-legink-IJ6469.webp\" \/>\n\t<meta property=\"og:image:width\" content=\"600\" \/>\n\t<meta property=\"og:image:height\" content=\"600\" \/>\n\t<meta property=\"og:image:type\" content=\"image\/webp\" \/>\n<meta name=\"twitter:card\" content=\"summary_large_image\" \/>\n<meta name=\"twitter:label1\" content=\"Est. reading time\" \/>\n\t<meta name=\"twitter:data1\" content=\"1 minute\" \/>\n<script type=\"application\/ld+json\" class=\"yoast-schema-graph\">{\"@context\":\"https:\/\/schema.org\",\"@graph\":[{\"@type\":\"WebPage\",\"@id\":\"https:\/\/www.miomiorun.com\/es\/producto\/felpa-essentials-fleece-3-stripes-hombre\/\",\"url\":\"https:\/\/www.miomiorun.com\/es\/producto\/felpa-essentials-fleece-3-stripes-hombre\/\",\"name\":\"Adidas Felpa Essentials Fleece 3-Stripes hombre - Jersey hombre - MioMioRun\",\"isPartOf\":{\"@id\":\"https:\/\/www.miomiorun.com\/es\/#website\"},\"primaryImageOfPage\":{\"@id\":\"https:\/\/www.miomiorun.com\/es\/producto\/felpa-essentials-fleece-3-stripes-hombre\/#primaryimage\"},\"image\":{\"@id\":\"https:\/\/www.miomiorun.com\/es\/producto\/felpa-essentials-fleece-3-stripes-hombre\/#primaryimage\"},\"thumbnailUrl\":\"https:\/\/www.miomiorun.com\/app\/uploads\/2024\/10\/adidas-M-3S-FL-SWT-legink-IJ6469.webp\",\"datePublished\":\"2024-10-11T15:10:24+00:00\",\"dateModified\":\"2026-04-28T09:48:02+00:00\",\"description\":\"La sudadera Essentials Fleece 3-Stripes para hombre es una prenda que a\u00fana practicidad y estilo. Confeccionada en una suave mezcla de algod\u00f3n.\",\"breadcrumb\":{\"@id\":\"https:\/\/www.miomiorun.com\/es\/producto\/felpa-essentials-fleece-3-stripes-hombre\/#breadcrumb\"},\"inLanguage\":\"es-ES\",\"potentialAction\":[{\"@type\":\"ReadAction\",\"target\":[\"https:\/\/www.miomiorun.com\/es\/producto\/felpa-essentials-fleece-3-stripes-hombre\/\"]}]},{\"@type\":\"ImageObject\",\"inLanguage\":\"es-ES\",\"@id\":\"https:\/\/www.miomiorun.com\/es\/producto\/felpa-essentials-fleece-3-stripes-hombre\/#primaryimage\",\"url\":\"https:\/\/www.miomiorun.com\/app\/uploads\/2024\/10\/adidas-M-3S-FL-SWT-legink-IJ6469.webp\",\"contentUrl\":\"https:\/\/www.miomiorun.com\/app\/uploads\/2024\/10\/adidas-M-3S-FL-SWT-legink-IJ6469.webp\",\"width\":600,\"height\":600,\"caption\":\"adidas M 3S FL SWT legink IJ6469\"},{\"@type\":\"BreadcrumbList\",\"@id\":\"https:\/\/www.miomiorun.com\/es\/producto\/felpa-essentials-fleece-3-stripes-hombre\/#breadcrumb\",\"itemListElement\":[{\"@type\":\"ListItem\",\"position\":1,\"name\":\"Home\",\"item\":\"https:\/\/www.miomiorun.com\/es\/\"},{\"@type\":\"ListItem\",\"position\":2,\"name\":\"Shop\",\"item\":\"https:\/\/www.miomiorun.com\/shop\/\"},{\"@type\":\"ListItem\",\"position\":3,\"name\":\"Felpa Essentials Fleece 3-Stripes hombre\"}]},{\"@type\":\"WebSite\",\"@id\":\"https:\/\/www.miomiorun.com\/es\/#website\",\"url\":\"https:\/\/www.miomiorun.com\/es\/\",\"name\":\"MioMioRun\",\"description\":\"Tienda 100% running y trail\",\"publisher\":{\"@id\":\"https:\/\/www.miomiorun.com\/es\/#organization\"},\"potentialAction\":[{\"@type\":\"SearchAction\",\"target\":{\"@type\":\"EntryPoint\",\"urlTemplate\":\"https:\/\/www.miomiorun.com\/es\/?s={search_term_string}\"},\"query-input\":{\"@type\":\"PropertyValueSpecification\",\"valueRequired\":true,\"valueName\":\"search_term_string\"}}],\"inLanguage\":\"es-ES\"},{\"@type\":\"Organization\",\"@id\":\"https:\/\/www.miomiorun.com\/es\/#organization\",\"name\":\"MioMio Run\",\"url\":\"https:\/\/www.miomiorun.com\/es\/\",\"logo\":{\"@type\":\"ImageObject\",\"inLanguage\":\"es-ES\",\"@id\":\"https:\/\/www.miomiorun.com\/es\/#\/schema\/logo\/image\/\",\"url\":\"https:\/\/www.miomiorun.com\/app\/uploads\/2019\/12\/logomio.png\",\"contentUrl\":\"https:\/\/www.miomiorun.com\/app\/uploads\/2019\/12\/logomio.png\",\"width\":115,\"height\":82,\"caption\":\"MioMio Run\"},\"image\":{\"@id\":\"https:\/\/www.miomiorun.com\/es\/#\/schema\/logo\/image\/\"},\"sameAs\":[\"https:\/\/www.facebook.com\/miomiorun\/\",\"https:\/\/www.instagram.com\/miomiorun\/\"]}]}<\/script>\n<!-- \/ Yoast SEO plugin. -->","yoast_head_json":{"title":"Adidas Felpa Essentials Fleece 3-Stripes hombre - Jersey hombre - MioMioRun","description":"La sudadera Essentials Fleece 3-Stripes para hombre es una prenda que a\u00fana practicidad y estilo. Confeccionada en una suave mezcla de algod\u00f3n.","robots":{"index":"index","follow":"follow","max-snippet":"max-snippet:-1","max-image-preview":"max-image-preview:large","max-video-preview":"max-video-preview:-1"},"canonical":"https:\/\/www.miomiorun.com\/es\/producto\/felpa-essentials-fleece-3-stripes-hombre\/","og_locale":"es_ES","og_type":"article","og_title":"Adidas Felpa Essentials Fleece 3-Stripes hombre - Jersey hombre - MioMioRun","og_description":"La sudadera Essentials Fleece 3-Stripes para hombre es una prenda que a\u00fana practicidad y estilo. Confeccionada en una suave mezcla de algod\u00f3n.","og_url":"https:\/\/www.miomiorun.com\/es\/producto\/felpa-essentials-fleece-3-stripes-hombre\/","og_site_name":"MioMioRun","article_publisher":"https:\/\/www.facebook.com\/miomiorun\/","article_modified_time":"2026-04-28T09:48:02+00:00","og_image":[{"width":600,"height":600,"url":"https:\/\/www.miomiorun.com\/app\/uploads\/2024\/10\/adidas-M-3S-FL-SWT-legink-IJ6469.webp","type":"image\/webp"}],"twitter_card":"summary_large_image","twitter_misc":{"Est. reading time":"1 minute"},"schema":{"@context":"https:\/\/schema.org","@graph":[{"@type":"WebPage","@id":"https:\/\/www.miomiorun.com\/es\/producto\/felpa-essentials-fleece-3-stripes-hombre\/","url":"https:\/\/www.miomiorun.com\/es\/producto\/felpa-essentials-fleece-3-stripes-hombre\/","name":"Adidas Felpa Essentials Fleece 3-Stripes hombre - Jersey hombre - MioMioRun","isPartOf":{"@id":"https:\/\/www.miomiorun.com\/es\/#website"},"primaryImageOfPage":{"@id":"https:\/\/www.miomiorun.com\/es\/producto\/felpa-essentials-fleece-3-stripes-hombre\/#primaryimage"},"image":{"@id":"https:\/\/www.miomiorun.com\/es\/producto\/felpa-essentials-fleece-3-stripes-hombre\/#primaryimage"},"thumbnailUrl":"https:\/\/www.miomiorun.com\/app\/uploads\/2024\/10\/adidas-M-3S-FL-SWT-legink-IJ6469.webp","datePublished":"2024-10-11T15:10:24+00:00","dateModified":"2026-04-28T09:48:02+00:00","description":"La sudadera Essentials Fleece 3-Stripes para hombre es una prenda que a\u00fana practicidad y estilo. Confeccionada en una suave mezcla de algod\u00f3n.","breadcrumb":{"@id":"https:\/\/www.miomiorun.com\/es\/producto\/felpa-essentials-fleece-3-stripes-hombre\/#breadcrumb"},"inLanguage":"es-ES","potentialAction":[{"@type":"ReadAction","target":["https:\/\/www.miomiorun.com\/es\/producto\/felpa-essentials-fleece-3-stripes-hombre\/"]}]},{"@type":"ImageObject","inLanguage":"es-ES","@id":"https:\/\/www.miomiorun.com\/es\/producto\/felpa-essentials-fleece-3-stripes-hombre\/#primaryimage","url":"https:\/\/www.miomiorun.com\/app\/uploads\/2024\/10\/adidas-M-3S-FL-SWT-legink-IJ6469.webp","contentUrl":"https:\/\/www.miomiorun.com\/app\/uploads\/2024\/10\/adidas-M-3S-FL-SWT-legink-IJ6469.webp","width":600,"height":600,"caption":"adidas M 3S FL SWT legink IJ6469"},{"@type":"BreadcrumbList","@id":"https:\/\/www.miomiorun.com\/es\/producto\/felpa-essentials-fleece-3-stripes-hombre\/#breadcrumb","itemListElement":[{"@type":"ListItem","position":1,"name":"Home","item":"https:\/\/www.miomiorun.com\/es\/"},{"@type":"ListItem","position":2,"name":"Shop","item":"https:\/\/www.miomiorun.com\/shop\/"},{"@type":"ListItem","position":3,"name":"Felpa Essentials Fleece 3-Stripes hombre"}]},{"@type":"WebSite","@id":"https:\/\/www.miomiorun.com\/es\/#website","url":"https:\/\/www.miomiorun.com\/es\/","name":"MioMioRun","description":"Tienda 100% running y trail","publisher":{"@id":"https:\/\/www.miomiorun.com\/es\/#organization"},"potentialAction":[{"@type":"SearchAction","target":{"@type":"EntryPoint","urlTemplate":"https:\/\/www.miomiorun.com\/es\/?s={search_term_string}"},"query-input":{"@type":"PropertyValueSpecification","valueRequired":true,"valueName":"search_term_string"}}],"inLanguage":"es-ES"},{"@type":"Organization","@id":"https:\/\/www.miomiorun.com\/es\/#organization","name":"MioMio Run","url":"https:\/\/www.miomiorun.com\/es\/","logo":{"@type":"ImageObject","inLanguage":"es-ES","@id":"https:\/\/www.miomiorun.com\/es\/#\/schema\/logo\/image\/","url":"https:\/\/www.miomiorun.com\/app\/uploads\/2019\/12\/logomio.png","contentUrl":"https:\/\/www.miomiorun.com\/app\/uploads\/2019\/12\/logomio.png","width":115,"height":82,"caption":"MioMio Run"},"image":{"@id":"https:\/\/www.miomiorun.com\/es\/#\/schema\/logo\/image\/"},"sameAs":["https:\/\/www.facebook.com\/miomiorun\/","https:\/\/www.instagram.com\/miomiorun\/"]}]}},"_links":{"self":[{"href":"https:\/\/www.miomiorun.com\/es\/wp-json\/wp\/v2\/product\/295457","targetHints":{"allow":["GET"]}}],"collection":[{"href":"https:\/\/www.miomiorun.com\/es\/wp-json\/wp\/v2\/product"}],"about":[{"href":"https:\/\/www.miomiorun.com\/es\/wp-json\/wp\/v2\/types\/product"}],"wp:featuredmedia":[{"embeddable":true,"href":"https:\/\/www.miomiorun.com\/es\/wp-json\/wp\/v2\/media\/249805"}],"wp:attachment":[{"href":"https:\/\/www.miomiorun.com\/es\/wp-json\/wp\/v2\/media?parent=295457"}],"wp:term":[{"taxonomy":"product_brand","embeddable":true,"href":"https:\/\/www.miomiorun.com\/es\/wp-json\/wp\/v2\/product_brand?post=295457"},{"taxonomy":"product_cat","embeddable":true,"href":"https:\/\/www.miomiorun.com\/es\/wp-json\/wp\/v2\/product_cat?post=295457"},{"taxonomy":"product_tag","embeddable":true,"href":"https:\/\/www.miomiorun.com\/es\/wp-json\/wp\/v2\/product_tag?post=295457"}],"curies":[{"name":"wp","href":"https:\/\/api.w.org\/{rel}","templated":true}]}}