{"id":295396,"date":"2024-10-12T18:20:43","date_gmt":"2024-10-12T16:20:43","guid":{"rendered":"https:\/\/miomiorun.com\/prodotto\/ultraboost-5x-donna\/"},"modified":"2025-08-09T11:58:50","modified_gmt":"2025-08-09T09:58:50","slug":"ultraboost-5x-mujer","status":"publish","type":"product","link":"https:\/\/www.miomiorun.com\/es\/producto\/ultraboost-5x-mujer\/","title":{"rendered":"Ultraboost 5X mujer"},"content":{"rendered":"<div class=\"vc-row container\"><div class=\"vc-column\"><div class=\"vc-column-text\"><\/p>\n<p><strong>Especificaciones t\u00e9cnicas<\/strong><\/p>\n<p>Categor\u00eda: ultra amortiguaci\u00f3n<br \/>\nOffset: 10 mm ( 39mm \/ 29mm )<br \/>\nPeso: 237 g<br \/>\nIdeal para : corredores y caminantes que buscan una zapatilla con la m\u00e1xima amortiguaci\u00f3n y suavidad, tanto en la plantilla como en la parte superior, para correr largas distancias y caminar.<br \/>\nPeso del atleta : &gt;80 kg<br \/>\nRitmo de carrera : lento (&gt;5.30 min\/km)<br \/>\n<a href=\"https:\/\/miomiorun.com\/es\/guia-especifica\/\">Gu\u00eda de especificaciones<\/a><\/p>\n<p><\/div><\/div><div class=\"vc-column\"><div class=\"vc-column-text\"><\/p>\n<h3 class=\"subtitle___9ljbp\">Una nueva generaci\u00f3n de zapatillas de running BOOST, creadas en parte a partir de materiales reciclados.<\/h3>\n<p class=\"gl-vspace\">Conseguir nuevos r\u00e9cords personales es m\u00e1s f\u00e1cil con estas zapatillas de running de adidas.<\/p>\n<p class=\"name___120FN\" data-testid=\"product-title\" data-auto-id=\"product-title\">La <strong>Ultraboost 5x<\/strong> de mujer utiliza la tecnolog\u00eda BOOST m\u00e1s ligera hasta la fecha para garantizar un retorno de energ\u00eda constante kil\u00f3metro tras kil\u00f3metro. La tecnolog\u00eda Torsion System entre el tal\u00f3n y el antepi\u00e9 mejora la estabilidad favoreciendo una zancada fluida independientemente de la distancia o la velocidad. La suela de goma Continental\u2122 proporciona un agarre fiable incluso en condiciones de humedad para ayudarte a rendir en todo tipo de condiciones. Este producto contiene al menos un 20% de materiales reciclados.<\/p>\n<p data-testid=\"product-title\" data-auto-id=\"product-title\"><strong>Caracter\u00edsticas:<\/strong><\/p>\n<ul class=\"gl-list\">\n<li class=\"gl-vspace-bpall-small\">Corte regular<\/li>\n<li class=\"gl-vspace-bpall-small\">Cierre con cordones<\/li>\n<li class=\"gl-vspace-bpall-small\">Parte superior de tela<\/li>\n<li class=\"gl-vspace-bpall-small\">Forro de tela<\/li>\n<li class=\"gl-vspace-bpall-small\">Sistema de torsi\u00f3n<\/li>\n<li class=\"gl-vspace-bpall-small\">BOOST ligero<\/li>\n<li class=\"gl-vspace-bpall-small\">Suela de caucho Continental<\/li>\n<\/ul>\n<h3 style=\"text-align: center;\">Tecnolog\u00eda<\/h3>\n<div class=\"accordion__content___29x9h\">\n<div class=\"content-padding___2kVWQ\">\n<div class=\"technologies-section___3gZqW technologies-section--no-img___B_YZF\">\n<div class=\"technologies-content-container--no-img___wNKqW\">\n<div class=\"technologies-content-name___kkx_0\"><strong>BOOST LIGERO<\/strong><\/div>\n<div class=\"technologies-content-title___moWj6\">Inmejorable retorno de energ\u00eda, a\u00fan m\u00e1s ligero<\/div>\n<p class=\"technologies-content-subtitle___2bGCf\">Light Boost es la nueva generaci\u00f3n de adidas Boost, un 30% m\u00e1s ligera y con un retorno de energ\u00eda superior.<\/p>\n<\/div>\n<\/div>\n<\/div>\n<\/div>\n<ul class=\"gl-list\">\n<li class=\"gl-vspace-bpall-small\">Este producto contiene al menos un 20% de materiales reciclados<\/li>\n<\/ul>\n<p><\/div><\/div><\/div>\n","protected":false},"excerpt":{"rendered":"<ul>\n<li>Zapatilla superacolchada para un gran confort.<\/li>\n<\/ul>\n<ul>\n<li>Ideal para largas caminatas y carreras<\/li>\n<\/ul>\n<p>.<\/p>\n","protected":false},"featured_media":356311,"template":"","meta":{"_acf_changed":false,"inline_featured_image":false},"product_brand":[],"product_cat":[24227,24228],"product_tag":[23558,23620],"class_list":{"0":"post-295396","1":"product","2":"type-product","3":"status-publish","4":"has-post-thumbnail","6":"product_cat-calzado-femenino","7":"product_cat-neutre-es","8":"product_tag-adidas-es","9":"product_tag-adidas-mujer","10":"pa_attivita-caminar","11":"pa_attivita-lifestyle-es","12":"pa_attivita-running-es","13":"pa_colore-ultraboost-5x-w-dshgry-purbur-seblbu-es","14":"pa_colore-ultraboost-5x-w-ftwwht-minton-glopur","15":"pa_colore-ultraboost-5x-w-vappnk-prelsc","16":"pa_marca-adidas-es","17":"pa_sesso-mujer","18":"pa_size-38-es","20":"pa_size-39-es","21":"pa_size-40-es","23":"pa_size-41-es","25":"first","26":"instock","27":"sale","28":"taxable","29":"shipping-taxable","30":"purchasable","31":"product-type-variable","32":"wvs-archive-product-wrapper"},"acf":[],"yoast_head":"<!-- This site is optimized with the Yoast SEO plugin v26.8 - https:\/\/yoast.com\/product\/yoast-seo-wordpress\/ -->\n<title>Adidas Ultraboost 5X mujer - zapatillas para correr - MioMioRun.com<\/title>\n<meta name=\"description\" content=\"Ultraboost 5x de mujer utiliza la tecnolog\u00eda BOOST m\u00e1s ligera de la historia que garantiza un retorno de energ\u00eda constante kil\u00f3metro tras kil\u00f3metro.\" \/>\n<meta name=\"robots\" content=\"index, follow, max-snippet:-1, max-image-preview:large, max-video-preview:-1\" \/>\n<link rel=\"canonical\" href=\"https:\/\/www.miomiorun.com\/es\/producto\/ultraboost-5x-mujer\/\" \/>\n<meta property=\"og:locale\" content=\"es_ES\" \/>\n<meta property=\"og:type\" content=\"article\" \/>\n<meta property=\"og:title\" content=\"Adidas Ultraboost 5X mujer - zapatillas para correr - MioMioRun.com\" \/>\n<meta property=\"og:description\" content=\"Ultraboost 5x de mujer utiliza la tecnolog\u00eda BOOST m\u00e1s ligera de la historia que garantiza un retorno de energ\u00eda constante kil\u00f3metro tras kil\u00f3metro.\" \/>\n<meta property=\"og:url\" content=\"https:\/\/www.miomiorun.com\/es\/producto\/ultraboost-5x-mujer\/\" \/>\n<meta property=\"og:site_name\" content=\"MioMioRun\" \/>\n<meta property=\"article:publisher\" content=\"https:\/\/www.facebook.com\/miomiorun\/\" \/>\n<meta property=\"article:modified_time\" content=\"2025-08-09T09:58:50+00:00\" \/>\n<meta property=\"og:image\" content=\"https:\/\/www.miomiorun.com\/app\/uploads\/2025\/10\/adidas-Ultraboost-5X-W-dshgry-purbur-seblbu-JQ8083.webp\" \/>\n\t<meta property=\"og:image:width\" content=\"720\" \/>\n\t<meta property=\"og:image:height\" content=\"720\" \/>\n\t<meta property=\"og:image:type\" content=\"image\/webp\" \/>\n<meta name=\"twitter:card\" content=\"summary_large_image\" \/>\n<meta name=\"twitter:label1\" content=\"Est. reading time\" \/>\n\t<meta name=\"twitter:data1\" content=\"1 minute\" \/>\n<script type=\"application\/ld+json\" class=\"yoast-schema-graph\">{\"@context\":\"https:\/\/schema.org\",\"@graph\":[{\"@type\":\"WebPage\",\"@id\":\"https:\/\/www.miomiorun.com\/es\/producto\/ultraboost-5x-mujer\/\",\"url\":\"https:\/\/www.miomiorun.com\/es\/producto\/ultraboost-5x-mujer\/\",\"name\":\"Adidas Ultraboost 5X mujer - zapatillas para correr - MioMioRun.com\",\"isPartOf\":{\"@id\":\"https:\/\/www.miomiorun.com\/es\/#website\"},\"primaryImageOfPage\":{\"@id\":\"https:\/\/www.miomiorun.com\/es\/producto\/ultraboost-5x-mujer\/#primaryimage\"},\"image\":{\"@id\":\"https:\/\/www.miomiorun.com\/es\/producto\/ultraboost-5x-mujer\/#primaryimage\"},\"thumbnailUrl\":\"https:\/\/www.miomiorun.com\/app\/uploads\/2025\/10\/adidas-Ultraboost-5X-W-dshgry-purbur-seblbu-JQ8083.webp\",\"datePublished\":\"2024-10-12T16:20:43+00:00\",\"dateModified\":\"2025-08-09T09:58:50+00:00\",\"description\":\"Ultraboost 5x de mujer utiliza la tecnolog\u00eda BOOST m\u00e1s ligera de la historia que garantiza un retorno de energ\u00eda constante kil\u00f3metro tras kil\u00f3metro.\",\"breadcrumb\":{\"@id\":\"https:\/\/www.miomiorun.com\/es\/producto\/ultraboost-5x-mujer\/#breadcrumb\"},\"inLanguage\":\"es-ES\",\"potentialAction\":[{\"@type\":\"ReadAction\",\"target\":[\"https:\/\/www.miomiorun.com\/es\/producto\/ultraboost-5x-mujer\/\"]}]},{\"@type\":\"ImageObject\",\"inLanguage\":\"es-ES\",\"@id\":\"https:\/\/www.miomiorun.com\/es\/producto\/ultraboost-5x-mujer\/#primaryimage\",\"url\":\"https:\/\/www.miomiorun.com\/app\/uploads\/2025\/10\/adidas-Ultraboost-5X-W-dshgry-purbur-seblbu-JQ8083.webp\",\"contentUrl\":\"https:\/\/www.miomiorun.com\/app\/uploads\/2025\/10\/adidas-Ultraboost-5X-W-dshgry-purbur-seblbu-JQ8083.webp\",\"width\":720,\"height\":720,\"caption\":\"adidas Ultraboost 5X W dshgry purbur seblbu JQ8083\"},{\"@type\":\"BreadcrumbList\",\"@id\":\"https:\/\/www.miomiorun.com\/es\/producto\/ultraboost-5x-mujer\/#breadcrumb\",\"itemListElement\":[{\"@type\":\"ListItem\",\"position\":1,\"name\":\"Home\",\"item\":\"https:\/\/www.miomiorun.com\/es\/\"},{\"@type\":\"ListItem\",\"position\":2,\"name\":\"Shop\",\"item\":\"https:\/\/www.miomiorun.com\/shop\/\"},{\"@type\":\"ListItem\",\"position\":3,\"name\":\"Ultraboost 5X mujer\"}]},{\"@type\":\"WebSite\",\"@id\":\"https:\/\/www.miomiorun.com\/es\/#website\",\"url\":\"https:\/\/www.miomiorun.com\/es\/\",\"name\":\"MioMioRun\",\"description\":\"Tienda 100% running y trail\",\"publisher\":{\"@id\":\"https:\/\/www.miomiorun.com\/es\/#organization\"},\"potentialAction\":[{\"@type\":\"SearchAction\",\"target\":{\"@type\":\"EntryPoint\",\"urlTemplate\":\"https:\/\/www.miomiorun.com\/es\/?s={search_term_string}\"},\"query-input\":{\"@type\":\"PropertyValueSpecification\",\"valueRequired\":true,\"valueName\":\"search_term_string\"}}],\"inLanguage\":\"es-ES\"},{\"@type\":\"Organization\",\"@id\":\"https:\/\/www.miomiorun.com\/es\/#organization\",\"name\":\"MioMio Run\",\"url\":\"https:\/\/www.miomiorun.com\/es\/\",\"logo\":{\"@type\":\"ImageObject\",\"inLanguage\":\"es-ES\",\"@id\":\"https:\/\/www.miomiorun.com\/es\/#\/schema\/logo\/image\/\",\"url\":\"https:\/\/www.miomiorun.com\/app\/uploads\/2019\/12\/logomio.png\",\"contentUrl\":\"https:\/\/www.miomiorun.com\/app\/uploads\/2019\/12\/logomio.png\",\"width\":115,\"height\":82,\"caption\":\"MioMio Run\"},\"image\":{\"@id\":\"https:\/\/www.miomiorun.com\/es\/#\/schema\/logo\/image\/\"},\"sameAs\":[\"https:\/\/www.facebook.com\/miomiorun\/\",\"https:\/\/www.instagram.com\/miomiorun\/\"]}]}<\/script>\n<!-- \/ Yoast SEO plugin. -->","yoast_head_json":{"title":"Adidas Ultraboost 5X mujer - zapatillas para correr - MioMioRun.com","description":"Ultraboost 5x de mujer utiliza la tecnolog\u00eda BOOST m\u00e1s ligera de la historia que garantiza un retorno de energ\u00eda constante kil\u00f3metro tras kil\u00f3metro.","robots":{"index":"index","follow":"follow","max-snippet":"max-snippet:-1","max-image-preview":"max-image-preview:large","max-video-preview":"max-video-preview:-1"},"canonical":"https:\/\/www.miomiorun.com\/es\/producto\/ultraboost-5x-mujer\/","og_locale":"es_ES","og_type":"article","og_title":"Adidas Ultraboost 5X mujer - zapatillas para correr - MioMioRun.com","og_description":"Ultraboost 5x de mujer utiliza la tecnolog\u00eda BOOST m\u00e1s ligera de la historia que garantiza un retorno de energ\u00eda constante kil\u00f3metro tras kil\u00f3metro.","og_url":"https:\/\/www.miomiorun.com\/es\/producto\/ultraboost-5x-mujer\/","og_site_name":"MioMioRun","article_publisher":"https:\/\/www.facebook.com\/miomiorun\/","article_modified_time":"2025-08-09T09:58:50+00:00","og_image":[{"width":720,"height":720,"url":"https:\/\/www.miomiorun.com\/app\/uploads\/2025\/10\/adidas-Ultraboost-5X-W-dshgry-purbur-seblbu-JQ8083.webp","type":"image\/webp"}],"twitter_card":"summary_large_image","twitter_misc":{"Est. reading time":"1 minute"},"schema":{"@context":"https:\/\/schema.org","@graph":[{"@type":"WebPage","@id":"https:\/\/www.miomiorun.com\/es\/producto\/ultraboost-5x-mujer\/","url":"https:\/\/www.miomiorun.com\/es\/producto\/ultraboost-5x-mujer\/","name":"Adidas Ultraboost 5X mujer - zapatillas para correr - MioMioRun.com","isPartOf":{"@id":"https:\/\/www.miomiorun.com\/es\/#website"},"primaryImageOfPage":{"@id":"https:\/\/www.miomiorun.com\/es\/producto\/ultraboost-5x-mujer\/#primaryimage"},"image":{"@id":"https:\/\/www.miomiorun.com\/es\/producto\/ultraboost-5x-mujer\/#primaryimage"},"thumbnailUrl":"https:\/\/www.miomiorun.com\/app\/uploads\/2025\/10\/adidas-Ultraboost-5X-W-dshgry-purbur-seblbu-JQ8083.webp","datePublished":"2024-10-12T16:20:43+00:00","dateModified":"2025-08-09T09:58:50+00:00","description":"Ultraboost 5x de mujer utiliza la tecnolog\u00eda BOOST m\u00e1s ligera de la historia que garantiza un retorno de energ\u00eda constante kil\u00f3metro tras kil\u00f3metro.","breadcrumb":{"@id":"https:\/\/www.miomiorun.com\/es\/producto\/ultraboost-5x-mujer\/#breadcrumb"},"inLanguage":"es-ES","potentialAction":[{"@type":"ReadAction","target":["https:\/\/www.miomiorun.com\/es\/producto\/ultraboost-5x-mujer\/"]}]},{"@type":"ImageObject","inLanguage":"es-ES","@id":"https:\/\/www.miomiorun.com\/es\/producto\/ultraboost-5x-mujer\/#primaryimage","url":"https:\/\/www.miomiorun.com\/app\/uploads\/2025\/10\/adidas-Ultraboost-5X-W-dshgry-purbur-seblbu-JQ8083.webp","contentUrl":"https:\/\/www.miomiorun.com\/app\/uploads\/2025\/10\/adidas-Ultraboost-5X-W-dshgry-purbur-seblbu-JQ8083.webp","width":720,"height":720,"caption":"adidas Ultraboost 5X W dshgry purbur seblbu JQ8083"},{"@type":"BreadcrumbList","@id":"https:\/\/www.miomiorun.com\/es\/producto\/ultraboost-5x-mujer\/#breadcrumb","itemListElement":[{"@type":"ListItem","position":1,"name":"Home","item":"https:\/\/www.miomiorun.com\/es\/"},{"@type":"ListItem","position":2,"name":"Shop","item":"https:\/\/www.miomiorun.com\/shop\/"},{"@type":"ListItem","position":3,"name":"Ultraboost 5X mujer"}]},{"@type":"WebSite","@id":"https:\/\/www.miomiorun.com\/es\/#website","url":"https:\/\/www.miomiorun.com\/es\/","name":"MioMioRun","description":"Tienda 100% running y trail","publisher":{"@id":"https:\/\/www.miomiorun.com\/es\/#organization"},"potentialAction":[{"@type":"SearchAction","target":{"@type":"EntryPoint","urlTemplate":"https:\/\/www.miomiorun.com\/es\/?s={search_term_string}"},"query-input":{"@type":"PropertyValueSpecification","valueRequired":true,"valueName":"search_term_string"}}],"inLanguage":"es-ES"},{"@type":"Organization","@id":"https:\/\/www.miomiorun.com\/es\/#organization","name":"MioMio Run","url":"https:\/\/www.miomiorun.com\/es\/","logo":{"@type":"ImageObject","inLanguage":"es-ES","@id":"https:\/\/www.miomiorun.com\/es\/#\/schema\/logo\/image\/","url":"https:\/\/www.miomiorun.com\/app\/uploads\/2019\/12\/logomio.png","contentUrl":"https:\/\/www.miomiorun.com\/app\/uploads\/2019\/12\/logomio.png","width":115,"height":82,"caption":"MioMio Run"},"image":{"@id":"https:\/\/www.miomiorun.com\/es\/#\/schema\/logo\/image\/"},"sameAs":["https:\/\/www.facebook.com\/miomiorun\/","https:\/\/www.instagram.com\/miomiorun\/"]}]}},"_links":{"self":[{"href":"https:\/\/www.miomiorun.com\/es\/wp-json\/wp\/v2\/product\/295396","targetHints":{"allow":["GET"]}}],"collection":[{"href":"https:\/\/www.miomiorun.com\/es\/wp-json\/wp\/v2\/product"}],"about":[{"href":"https:\/\/www.miomiorun.com\/es\/wp-json\/wp\/v2\/types\/product"}],"wp:featuredmedia":[{"embeddable":true,"href":"https:\/\/www.miomiorun.com\/es\/wp-json\/wp\/v2\/media\/356311"}],"wp:attachment":[{"href":"https:\/\/www.miomiorun.com\/es\/wp-json\/wp\/v2\/media?parent=295396"}],"wp:term":[{"taxonomy":"product_brand","embeddable":true,"href":"https:\/\/www.miomiorun.com\/es\/wp-json\/wp\/v2\/product_brand?post=295396"},{"taxonomy":"product_cat","embeddable":true,"href":"https:\/\/www.miomiorun.com\/es\/wp-json\/wp\/v2\/product_cat?post=295396"},{"taxonomy":"product_tag","embeddable":true,"href":"https:\/\/www.miomiorun.com\/es\/wp-json\/wp\/v2\/product_tag?post=295396"}],"curies":[{"name":"wp","href":"https:\/\/api.w.org\/{rel}","templated":true}]}}