{"id":295371,"date":"2024-10-15T13:32:13","date_gmt":"2024-10-15T11:32:13","guid":{"rendered":"https:\/\/miomiorun.com\/prodotto\/z-n-e-full-zip-hooded-uomo\/"},"modified":"2026-04-23T19:26:38","modified_gmt":"2026-04-23T17:26:38","slug":"z-n-e-full-zip-hooded-hombre","status":"publish","type":"product","link":"https:\/\/www.miomiorun.com\/es\/producto\/z-n-e-full-zip-hooded-hombre\/","title":{"rendered":"Z.N.E Full Zip Hooded hombre"},"content":{"rendered":"<div class=\"text-content___13aRm\">\n<h3 class=\"subtitle___9ljbp\" style=\"text-align: center\">Chaqueta adidas Z.N.E. en su versi\u00f3n para hombre, para quienes desean disfrutar plenamente de cada momento de silencio.<\/h3>\n<p class=\"gl-vspace\" style=\"text-align: left\">Cierra la cremallera y conc\u00e9ntrate al m\u00e1ximo con esta sudadera de adidas. Su tejido de triple capa de hilo doble retiene el calor, mientras que la capucha te cubre por completo para aislarte del mundo exterior cuando necesitas un poco de tiempo para ti.<\/p>\n<h3>Caracter\u00edsticas:<\/h3>\n<ul class=\"gl-list\">\n<li class=\"gl-vspace-bpall-small\">Corte regular<\/li>\n<li class=\"gl-vspace-bpall-small\">Cremallera completa y capucha<\/li>\n<li class=\"gl-vspace-bpall-small\">57 % poli\u00e9ster (reciclado) \/ 43 % algod\u00f3n<\/li>\n<li class=\"gl-vspace-bpall-small\">Bolsillos delanteros con cremallera<\/li>\n<li class=\"gl-vspace-bpall-small\">Tejido de tres capas<\/li>\n<\/ul>\n<h2 style=\"text-align: center\">Tecnolog\u00edas:<\/h2>\n<div class=\"_cell_1l2ee_18 _with-content_1l2ee_27\" data-auto-id=\"bs-body\">\n<div class=\"_banner-split_1l2ee_31 _color-theme-white_1l2ee_110\">\n<h2 class=\"_banner-split-title_1l2ee_68 _dynamic-alignment_1l2ee_123\" data-auto-id=\"bs-title\">PRIMEKNIT<\/h2>\n<p class=\"_banner-split-summary_1l2ee_92 _dynamic-alignment_1l2ee_123\" data-auto-id=\"bs-summary\">Tejido de tres capas con interior de malla t\u00e9cnica que garantiza comodidad, calidez y ligereza, adem\u00e1s de un estilo deportivo \u00fanico.<\/p>\n<div class=\"_cell_1l2ee_18 _with-content_1l2ee_27\" data-auto-id=\"bs-body\">\n<div class=\"_banner-split_1l2ee_31 _color-theme-white_1l2ee_110\">\n<h2 class=\"_banner-split-title_1l2ee_68 _dynamic-alignment_1l2ee_123\" data-auto-id=\"bs-title\">CINTA DE DEPORTE<\/h2>\n<p class=\"_banner-split-summary_1l2ee_92 _dynamic-alignment_1l2ee_123\" data-auto-id=\"bs-summary\">Las rayas gr\u00e1ficas de la cinta Sportswear se inspiran en las l\u00edneas que delimitan los campos de juego de todo el mundo, simbolizando la uni\u00f3n global a trav\u00e9s del deporte.<\/p>\n<div class=\"_cell_1l2ee_18 _with-content_1l2ee_27\" data-auto-id=\"bs-body\">\n<div class=\"_banner-split_1l2ee_31 _color-theme-white_1l2ee_110\">\n<h2 class=\"_banner-split-title_1l2ee_68 _dynamic-alignment_1l2ee_123\" data-auto-id=\"bs-title\">DETALLADO DE LUJO<\/h2>\n<p class=\"_banner-split-summary_1l2ee_92 _dynamic-alignment_1l2ee_123\" data-auto-id=\"bs-summary\">Con sus cremalleras, tiradores y cordones de goma mate en colores contrastantes, basta un instante para ponerse las prendas ADIDAS Z.N.E., subir la cremallera y sentirse parte del equipo.<\/p>\n<\/div>\n<\/div>\n<\/div>\n<\/div>\n<\/div>\n<\/div>\n<\/div>\n<h4 class=\"care-title___2YJe1 gl-no-margin-bottom\">Instrucciones de lavado<\/h4>\n<ul class=\"\">\n<li class=\"gl-vspace-bpall-small\"><img loading=\"lazy\" decoding=\"async\" src=\"https:\/\/www.adidas.it\/glass\/react\/050cc48\/assets\/img\/washing-instructions\/B1.svg\" alt=\"\" width=\"24\" height=\"24\" \/> No usar lej\u00eda<\/li>\n<li class=\"gl-vspace-bpall-small\"><img loading=\"lazy\" decoding=\"async\" src=\"https:\/\/www.adidas.it\/glass\/react\/050cc48\/assets\/img\/washing-instructions\/C2.svg\" alt=\"\" width=\"24\" height=\"24\" \/> Utiliza la secadora a baja temperatura<\/li>\n<li class=\"gl-vspace-bpall-small\"><img loading=\"lazy\" decoding=\"async\" src=\"https:\/\/www.adidas.it\/glass\/react\/050cc48\/assets\/img\/washing-instructions\/E1.svg\" alt=\"\" width=\"24\" height=\"24\" \/> No limpiar en seco<\/li>\n<li class=\"gl-vspace-bpall-small\"><img loading=\"lazy\" decoding=\"async\" src=\"https:\/\/www.adidas.it\/glass\/react\/050cc48\/assets\/img\/washing-instructions\/D2.svg\" alt=\"\" width=\"24\" height=\"24\" \/> Planchado suave en fr\u00edo<\/li>\n<li class=\"gl-vspace-bpall-small\"><img loading=\"lazy\" decoding=\"async\" src=\"https:\/\/www.adidas.it\/glass\/react\/050cc48\/assets\/img\/washing-instructions\/A4.svg\" alt=\"\" width=\"24\" height=\"24\" \/> Lavar a m\u00e1quina en ciclo delicado y con agua fr\u00eda<\/li>\n<\/ul>\n<div class=\"text-content___13aRm\">\n<div class=\"_cell_1l2ee_18 _with-content_1l2ee_27\" data-auto-id=\"bs-body\">\n<div class=\"_banner-split_1l2ee_31 _color-theme-white_1l2ee_110\">\n<div class=\"_cell_1l2ee_18 _with-content_1l2ee_27\" data-auto-id=\"bs-body\">\n<div class=\"_banner-split_1l2ee_31 _color-theme-white_1l2ee_110\">\n<div class=\"_cell_1l2ee_18 _with-content_1l2ee_27\" data-auto-id=\"bs-body\">\n<div class=\"_banner-split_1l2ee_31 _color-theme-white_1l2ee_110\">\n<p data-auto-id=\"bs-summary\">\n<\/div>\n<\/div>\n<\/div>\n<\/div>\n<\/div>\n<\/div>\n<\/div>\n","protected":false},"excerpt":{"rendered":"<ul>\n<li>Sudadera de manga larga con capucha.<\/li>\n<li>Ideal para llevarla en cualquier actividad al aire libre o durante el d\u00eda para un look deportivo.<\/li>\n<\/ul>\n","protected":false},"featured_media":249869,"template":"","meta":{"_acf_changed":false,"inline_featured_image":false},"product_brand":[],"product_cat":[24458,24463],"product_tag":[23558,23570],"class_list":{"0":"post-295371","1":"product","2":"type-product","3":"status-publish","4":"has-post-thumbnail","6":"product_cat-camisetas-es-2","7":"product_cat-ropa-de-hombre-es","8":"product_tag-adidas-es","9":"product_tag-adidas-hombre","10":"pa_attivita-fitness-es","11":"pa_attivita-lifestyle-es","12":"pa_colore-m-z-n-e-fz-aurivy-es","13":"pa_colore-m-z-n-e-fz-grey-es","14":"pa_marca-adidas-es","15":"pa_sesso-hombre","16":"pa_size-extra-small-es","17":"pa_size-small-es","18":"pa_size-medium-es","19":"pa_size-large-es","21":"first","22":"instock","23":"sale","24":"taxable","25":"shipping-taxable","26":"purchasable","27":"product-type-variable","28":"wvs-archive-product-wrapper"},"acf":[],"yoast_head":"<!-- This site is optimized with the Yoast SEO plugin v26.8 - https:\/\/yoast.com\/product\/yoast-seo-wordpress\/ -->\n<title>Adidas Z.N.E Full Zip Hooded hombre - camiseta de running - MioMioRun.com<\/title>\n<meta name=\"description\" content=\"Chaqueta adidas Z.N.E. en versi\u00f3n para hombre, para quienes quieren disfrutar al m\u00e1ximo de cada momento de silencio. Cierra la cremallera y conc\u00e9ntrate al m\u00e1ximo.\" \/>\n<meta name=\"robots\" content=\"index, follow, max-snippet:-1, max-image-preview:large, max-video-preview:-1\" \/>\n<link rel=\"canonical\" href=\"https:\/\/www.miomiorun.com\/es\/producto\/z-n-e-full-zip-hooded-hombre\/\" \/>\n<meta property=\"og:locale\" content=\"es_ES\" \/>\n<meta property=\"og:type\" content=\"article\" \/>\n<meta property=\"og:title\" content=\"Adidas Z.N.E Full Zip Hooded hombre - camiseta de running - MioMioRun.com\" \/>\n<meta property=\"og:description\" content=\"Chaqueta adidas Z.N.E. en versi\u00f3n para hombre, para quienes quieren disfrutar al m\u00e1ximo de cada momento de silencio. Cierra la cremallera y conc\u00e9ntrate al m\u00e1ximo.\" \/>\n<meta property=\"og:url\" content=\"https:\/\/www.miomiorun.com\/es\/producto\/z-n-e-full-zip-hooded-hombre\/\" \/>\n<meta property=\"og:site_name\" content=\"MioMioRun\" \/>\n<meta property=\"article:publisher\" content=\"https:\/\/www.facebook.com\/miomiorun\/\" \/>\n<meta property=\"article:modified_time\" content=\"2026-04-23T17:26:38+00:00\" \/>\n<meta property=\"og:image\" content=\"https:\/\/www.miomiorun.com\/app\/uploads\/2024\/10\/adidas-M-Z.N.E.-FZ-grey-JF2450.webp\" \/>\n\t<meta property=\"og:image:width\" content=\"600\" \/>\n\t<meta property=\"og:image:height\" content=\"600\" \/>\n\t<meta property=\"og:image:type\" content=\"image\/webp\" \/>\n<meta name=\"twitter:card\" content=\"summary_large_image\" \/>\n<meta name=\"twitter:label1\" content=\"Est. reading time\" \/>\n\t<meta name=\"twitter:data1\" content=\"1 minute\" \/>\n<script type=\"application\/ld+json\" class=\"yoast-schema-graph\">{\"@context\":\"https:\/\/schema.org\",\"@graph\":[{\"@type\":\"WebPage\",\"@id\":\"https:\/\/www.miomiorun.com\/es\/producto\/z-n-e-full-zip-hooded-hombre\/\",\"url\":\"https:\/\/www.miomiorun.com\/es\/producto\/z-n-e-full-zip-hooded-hombre\/\",\"name\":\"Adidas Z.N.E Full Zip Hooded hombre - camiseta de running - MioMioRun.com\",\"isPartOf\":{\"@id\":\"https:\/\/www.miomiorun.com\/es\/#website\"},\"primaryImageOfPage\":{\"@id\":\"https:\/\/www.miomiorun.com\/es\/producto\/z-n-e-full-zip-hooded-hombre\/#primaryimage\"},\"image\":{\"@id\":\"https:\/\/www.miomiorun.com\/es\/producto\/z-n-e-full-zip-hooded-hombre\/#primaryimage\"},\"thumbnailUrl\":\"https:\/\/www.miomiorun.com\/app\/uploads\/2024\/10\/adidas-M-Z.N.E.-FZ-grey-JF2450.webp\",\"datePublished\":\"2024-10-15T11:32:13+00:00\",\"dateModified\":\"2026-04-23T17:26:38+00:00\",\"description\":\"Chaqueta adidas Z.N.E. en versi\u00f3n para hombre, para quienes quieren disfrutar al m\u00e1ximo de cada momento de silencio. Cierra la cremallera y conc\u00e9ntrate al m\u00e1ximo.\",\"breadcrumb\":{\"@id\":\"https:\/\/www.miomiorun.com\/es\/producto\/z-n-e-full-zip-hooded-hombre\/#breadcrumb\"},\"inLanguage\":\"es-ES\",\"potentialAction\":[{\"@type\":\"ReadAction\",\"target\":[\"https:\/\/www.miomiorun.com\/es\/producto\/z-n-e-full-zip-hooded-hombre\/\"]}]},{\"@type\":\"ImageObject\",\"inLanguage\":\"es-ES\",\"@id\":\"https:\/\/www.miomiorun.com\/es\/producto\/z-n-e-full-zip-hooded-hombre\/#primaryimage\",\"url\":\"https:\/\/www.miomiorun.com\/app\/uploads\/2024\/10\/adidas-M-Z.N.E.-FZ-grey-JF2450.webp\",\"contentUrl\":\"https:\/\/www.miomiorun.com\/app\/uploads\/2024\/10\/adidas-M-Z.N.E.-FZ-grey-JF2450.webp\",\"width\":600,\"height\":600,\"caption\":\"adidas M Z.N.E. FZ grey JF2450\"},{\"@type\":\"BreadcrumbList\",\"@id\":\"https:\/\/www.miomiorun.com\/es\/producto\/z-n-e-full-zip-hooded-hombre\/#breadcrumb\",\"itemListElement\":[{\"@type\":\"ListItem\",\"position\":1,\"name\":\"Home\",\"item\":\"https:\/\/www.miomiorun.com\/es\/\"},{\"@type\":\"ListItem\",\"position\":2,\"name\":\"Shop\",\"item\":\"https:\/\/www.miomiorun.com\/shop\/\"},{\"@type\":\"ListItem\",\"position\":3,\"name\":\"Z.N.E Full Zip Hooded hombre\"}]},{\"@type\":\"WebSite\",\"@id\":\"https:\/\/www.miomiorun.com\/es\/#website\",\"url\":\"https:\/\/www.miomiorun.com\/es\/\",\"name\":\"MioMioRun\",\"description\":\"Tienda 100% running y trail\",\"publisher\":{\"@id\":\"https:\/\/www.miomiorun.com\/es\/#organization\"},\"potentialAction\":[{\"@type\":\"SearchAction\",\"target\":{\"@type\":\"EntryPoint\",\"urlTemplate\":\"https:\/\/www.miomiorun.com\/es\/?s={search_term_string}\"},\"query-input\":{\"@type\":\"PropertyValueSpecification\",\"valueRequired\":true,\"valueName\":\"search_term_string\"}}],\"inLanguage\":\"es-ES\"},{\"@type\":\"Organization\",\"@id\":\"https:\/\/www.miomiorun.com\/es\/#organization\",\"name\":\"MioMio Run\",\"url\":\"https:\/\/www.miomiorun.com\/es\/\",\"logo\":{\"@type\":\"ImageObject\",\"inLanguage\":\"es-ES\",\"@id\":\"https:\/\/www.miomiorun.com\/es\/#\/schema\/logo\/image\/\",\"url\":\"https:\/\/www.miomiorun.com\/app\/uploads\/2019\/12\/logomio.png\",\"contentUrl\":\"https:\/\/www.miomiorun.com\/app\/uploads\/2019\/12\/logomio.png\",\"width\":115,\"height\":82,\"caption\":\"MioMio Run\"},\"image\":{\"@id\":\"https:\/\/www.miomiorun.com\/es\/#\/schema\/logo\/image\/\"},\"sameAs\":[\"https:\/\/www.facebook.com\/miomiorun\/\",\"https:\/\/www.instagram.com\/miomiorun\/\"]}]}<\/script>\n<!-- \/ Yoast SEO plugin. -->","yoast_head_json":{"title":"Adidas Z.N.E Full Zip Hooded hombre - camiseta de running - MioMioRun.com","description":"Chaqueta adidas Z.N.E. en versi\u00f3n para hombre, para quienes quieren disfrutar al m\u00e1ximo de cada momento de silencio. Cierra la cremallera y conc\u00e9ntrate al m\u00e1ximo.","robots":{"index":"index","follow":"follow","max-snippet":"max-snippet:-1","max-image-preview":"max-image-preview:large","max-video-preview":"max-video-preview:-1"},"canonical":"https:\/\/www.miomiorun.com\/es\/producto\/z-n-e-full-zip-hooded-hombre\/","og_locale":"es_ES","og_type":"article","og_title":"Adidas Z.N.E Full Zip Hooded hombre - camiseta de running - MioMioRun.com","og_description":"Chaqueta adidas Z.N.E. en versi\u00f3n para hombre, para quienes quieren disfrutar al m\u00e1ximo de cada momento de silencio. Cierra la cremallera y conc\u00e9ntrate al m\u00e1ximo.","og_url":"https:\/\/www.miomiorun.com\/es\/producto\/z-n-e-full-zip-hooded-hombre\/","og_site_name":"MioMioRun","article_publisher":"https:\/\/www.facebook.com\/miomiorun\/","article_modified_time":"2026-04-23T17:26:38+00:00","og_image":[{"width":600,"height":600,"url":"https:\/\/www.miomiorun.com\/app\/uploads\/2024\/10\/adidas-M-Z.N.E.-FZ-grey-JF2450.webp","type":"image\/webp"}],"twitter_card":"summary_large_image","twitter_misc":{"Est. reading time":"1 minute"},"schema":{"@context":"https:\/\/schema.org","@graph":[{"@type":"WebPage","@id":"https:\/\/www.miomiorun.com\/es\/producto\/z-n-e-full-zip-hooded-hombre\/","url":"https:\/\/www.miomiorun.com\/es\/producto\/z-n-e-full-zip-hooded-hombre\/","name":"Adidas Z.N.E Full Zip Hooded hombre - camiseta de running - MioMioRun.com","isPartOf":{"@id":"https:\/\/www.miomiorun.com\/es\/#website"},"primaryImageOfPage":{"@id":"https:\/\/www.miomiorun.com\/es\/producto\/z-n-e-full-zip-hooded-hombre\/#primaryimage"},"image":{"@id":"https:\/\/www.miomiorun.com\/es\/producto\/z-n-e-full-zip-hooded-hombre\/#primaryimage"},"thumbnailUrl":"https:\/\/www.miomiorun.com\/app\/uploads\/2024\/10\/adidas-M-Z.N.E.-FZ-grey-JF2450.webp","datePublished":"2024-10-15T11:32:13+00:00","dateModified":"2026-04-23T17:26:38+00:00","description":"Chaqueta adidas Z.N.E. en versi\u00f3n para hombre, para quienes quieren disfrutar al m\u00e1ximo de cada momento de silencio. Cierra la cremallera y conc\u00e9ntrate al m\u00e1ximo.","breadcrumb":{"@id":"https:\/\/www.miomiorun.com\/es\/producto\/z-n-e-full-zip-hooded-hombre\/#breadcrumb"},"inLanguage":"es-ES","potentialAction":[{"@type":"ReadAction","target":["https:\/\/www.miomiorun.com\/es\/producto\/z-n-e-full-zip-hooded-hombre\/"]}]},{"@type":"ImageObject","inLanguage":"es-ES","@id":"https:\/\/www.miomiorun.com\/es\/producto\/z-n-e-full-zip-hooded-hombre\/#primaryimage","url":"https:\/\/www.miomiorun.com\/app\/uploads\/2024\/10\/adidas-M-Z.N.E.-FZ-grey-JF2450.webp","contentUrl":"https:\/\/www.miomiorun.com\/app\/uploads\/2024\/10\/adidas-M-Z.N.E.-FZ-grey-JF2450.webp","width":600,"height":600,"caption":"adidas M Z.N.E. FZ grey JF2450"},{"@type":"BreadcrumbList","@id":"https:\/\/www.miomiorun.com\/es\/producto\/z-n-e-full-zip-hooded-hombre\/#breadcrumb","itemListElement":[{"@type":"ListItem","position":1,"name":"Home","item":"https:\/\/www.miomiorun.com\/es\/"},{"@type":"ListItem","position":2,"name":"Shop","item":"https:\/\/www.miomiorun.com\/shop\/"},{"@type":"ListItem","position":3,"name":"Z.N.E Full Zip Hooded hombre"}]},{"@type":"WebSite","@id":"https:\/\/www.miomiorun.com\/es\/#website","url":"https:\/\/www.miomiorun.com\/es\/","name":"MioMioRun","description":"Tienda 100% running y trail","publisher":{"@id":"https:\/\/www.miomiorun.com\/es\/#organization"},"potentialAction":[{"@type":"SearchAction","target":{"@type":"EntryPoint","urlTemplate":"https:\/\/www.miomiorun.com\/es\/?s={search_term_string}"},"query-input":{"@type":"PropertyValueSpecification","valueRequired":true,"valueName":"search_term_string"}}],"inLanguage":"es-ES"},{"@type":"Organization","@id":"https:\/\/www.miomiorun.com\/es\/#organization","name":"MioMio Run","url":"https:\/\/www.miomiorun.com\/es\/","logo":{"@type":"ImageObject","inLanguage":"es-ES","@id":"https:\/\/www.miomiorun.com\/es\/#\/schema\/logo\/image\/","url":"https:\/\/www.miomiorun.com\/app\/uploads\/2019\/12\/logomio.png","contentUrl":"https:\/\/www.miomiorun.com\/app\/uploads\/2019\/12\/logomio.png","width":115,"height":82,"caption":"MioMio Run"},"image":{"@id":"https:\/\/www.miomiorun.com\/es\/#\/schema\/logo\/image\/"},"sameAs":["https:\/\/www.facebook.com\/miomiorun\/","https:\/\/www.instagram.com\/miomiorun\/"]}]}},"_links":{"self":[{"href":"https:\/\/www.miomiorun.com\/es\/wp-json\/wp\/v2\/product\/295371","targetHints":{"allow":["GET"]}}],"collection":[{"href":"https:\/\/www.miomiorun.com\/es\/wp-json\/wp\/v2\/product"}],"about":[{"href":"https:\/\/www.miomiorun.com\/es\/wp-json\/wp\/v2\/types\/product"}],"wp:featuredmedia":[{"embeddable":true,"href":"https:\/\/www.miomiorun.com\/es\/wp-json\/wp\/v2\/media\/249869"}],"wp:attachment":[{"href":"https:\/\/www.miomiorun.com\/es\/wp-json\/wp\/v2\/media?parent=295371"}],"wp:term":[{"taxonomy":"product_brand","embeddable":true,"href":"https:\/\/www.miomiorun.com\/es\/wp-json\/wp\/v2\/product_brand?post=295371"},{"taxonomy":"product_cat","embeddable":true,"href":"https:\/\/www.miomiorun.com\/es\/wp-json\/wp\/v2\/product_cat?post=295371"},{"taxonomy":"product_tag","embeddable":true,"href":"https:\/\/www.miomiorun.com\/es\/wp-json\/wp\/v2\/product_tag?post=295371"}],"curies":[{"name":"wp","href":"https:\/\/api.w.org\/{rel}","templated":true}]}}