{"id":295339,"date":"2024-10-15T14:35:08","date_gmt":"2024-10-15T12:35:08","guid":{"rendered":"https:\/\/miomiorun.com\/prodotto\/z-n-e-tee-uomo\/"},"modified":"2026-04-27T18:23:17","modified_gmt":"2026-04-27T16:23:17","slug":"z-n-e-tee-hombre","status":"publish","type":"product","link":"https:\/\/www.miomiorun.com\/es\/producto\/z-n-e-tee-hombre\/","title":{"rendered":"Z.N.E. Tee hombre"},"content":{"rendered":"<div class=\"text-content___13aRm\">\n<h2 class=\"subtitle___9ljbp\" style=\"text-align: center\">Camiseta suave con protecci\u00f3n contra los rayos ultravioleta.<\/h2>\n<p class=\"gl-vspace\" style=\"text-align: left\">Celebra en las gradas o pasea por la ciudad con esta vers\u00e1til camiseta adidas <strong>Z.N.E. Tee<\/strong> para hombre. Los gr\u00e1ficos opacos estampados en goma se inspiran en las l\u00edneas de los campos de juego. El tejido de algod\u00f3n ofrece una sensaci\u00f3n de frescor al contacto con la piel. Afronta los d\u00edas calurosos con seguridad gracias al dise\u00f1o especial con protecci\u00f3n contra los rayos ultravioleta (UPF).<\/p>\n<h3>Caracter\u00edsticas:<\/h3>\n<ul class=\"gl-list\">\n<li class=\"gl-vspace-bpall-small\">Corte regular<\/li>\n<li class=\"gl-vspace-bpall-small\">Cuello redondo<\/li>\n<li class=\"gl-vspace-bpall-small\">100 % algod\u00f3n<\/li>\n<li class=\"gl-vspace-bpall-small\">Tejido fresco al tacto<\/li>\n<li class=\"gl-vspace-bpall-small\">Protecci\u00f3n contra los rayos ultravioleta (UPF)<\/li>\n<li class=\"gl-vspace-bpall-small\">Este producto contiene al menos un 70 % de material reciclado<\/li>\n<\/ul>\n<h4 class=\"care-title___2YJe1 gl-no-margin-bottom\">Instrucciones de lavado<\/h4>\n<ul class=\"\">\n<li class=\"gl-vspace-bpall-small\"><img loading=\"lazy\" decoding=\"async\" src=\"https:\/\/www.adidas.it\/glass\/react\/050cc48\/assets\/img\/washing-instructions\/B1.svg\" alt=\"\" width=\"24\" height=\"24\"> No usar lej\u00eda<\/li>\n<li class=\"gl-vspace-bpall-small\"><img loading=\"lazy\" decoding=\"async\" src=\"https:\/\/www.adidas.it\/glass\/react\/050cc48\/assets\/img\/washing-instructions\/C2.svg\" alt=\"\" width=\"24\" height=\"24\"> Secar en secadora a baja temperatura<\/li>\n<li class=\"gl-vspace-bpall-small\"><img loading=\"lazy\" decoding=\"async\" src=\"https:\/\/www.adidas.it\/glass\/react\/050cc48\/assets\/img\/washing-instructions\/E1.svg\" alt=\"\" width=\"24\" height=\"24\"> No limpiar en seco<\/li>\n<li class=\"gl-vspace-bpall-small\"><img loading=\"lazy\" decoding=\"async\" src=\"https:\/\/www.adidas.it\/glass\/react\/050cc48\/assets\/img\/washing-instructions\/D2.svg\" alt=\"\" width=\"24\" height=\"24\"> Planchar a baja temperatura<\/li>\n<li class=\"gl-vspace-bpall-small\"><img loading=\"lazy\" decoding=\"async\" src=\"https:\/\/www.adidas.it\/glass\/react\/050cc48\/assets\/img\/washing-instructions\/A4.svg\" alt=\"\" width=\"24\" height=\"24\"> Lavar a m\u00e1quina con ciclo delicado y agua fr\u00eda<\/li>\n<\/ul>\n<\/div>\n<p>&nbsp;<\/p>\n","protected":false},"excerpt":{"rendered":"<ul>\n<li>Camiseta de Adidas ideal para llevar en cualquier momento.<\/li>\n<li>Protege de los rayos UV.<\/li>\n<\/ul>\n","protected":false},"featured_media":249881,"template":"","meta":{"_acf_changed":false,"inline_featured_image":false},"product_brand":[],"product_cat":[24455,24463],"product_tag":[23558,23570],"class_list":{"0":"post-295339","1":"product","2":"type-product","3":"status-publish","4":"has-post-thumbnail","6":"product_cat-camiseta-es-2","7":"product_cat-ropa-de-hombre-es","8":"product_tag-adidas-es","9":"product_tag-adidas-hombre","10":"pa_attivita-lifestyle-es","11":"pa_colore-m-z-n-e-tee-black-es","12":"pa_colore-m-z-n-e-tee-grey-es","13":"pa_colore-m-z-n-e-tee-white-es","14":"pa_marca-adidas-es","15":"pa_sesso-hombre","16":"pa_size-small-es","17":"pa_size-medium-es","18":"pa_size-large-es","20":"first","21":"instock","22":"sale","23":"taxable","24":"shipping-taxable","25":"purchasable","26":"product-type-variable","27":"wvs-archive-product-wrapper"},"acf":[],"yoast_head":"<!-- This site is optimized with the Yoast SEO plugin v26.8 - https:\/\/yoast.com\/product\/yoast-seo-wordpress\/ -->\n<title>Adidas Z.N.E. Tee hombre - Camiseta informal- MioMioRun<\/title>\n<meta name=\"description\" content=\"Camiseta suave con protecci\u00f3n contra los rayos ultravioleta. Disfruta del partido en las gradas o da un paseo por la ciudad con esta vers\u00e1til camiseta adidas para hombre.\" \/>\n<meta name=\"robots\" content=\"index, follow, max-snippet:-1, max-image-preview:large, max-video-preview:-1\" \/>\n<link rel=\"canonical\" href=\"https:\/\/www.miomiorun.com\/es\/producto\/z-n-e-tee-hombre\/\" \/>\n<meta property=\"og:locale\" content=\"es_ES\" \/>\n<meta property=\"og:type\" content=\"article\" \/>\n<meta property=\"og:title\" content=\"Adidas Z.N.E. Tee hombre - Camiseta informal- MioMioRun\" \/>\n<meta property=\"og:description\" content=\"Camiseta suave con protecci\u00f3n contra los rayos ultravioleta. Disfruta del partido en las gradas o da un paseo por la ciudad con esta vers\u00e1til camiseta adidas para hombre.\" \/>\n<meta property=\"og:url\" content=\"https:\/\/www.miomiorun.com\/es\/producto\/z-n-e-tee-hombre\/\" \/>\n<meta property=\"og:site_name\" content=\"MioMioRun\" \/>\n<meta property=\"article:publisher\" content=\"https:\/\/www.facebook.com\/miomiorun\/\" \/>\n<meta property=\"article:modified_time\" content=\"2026-04-27T16:23:17+00:00\" \/>\n<meta property=\"og:image\" content=\"https:\/\/www.miomiorun.com\/app\/uploads\/2024\/10\/adidas-M-Z.N.E.-TEE-white-JE3078.webp\" \/>\n\t<meta property=\"og:image:width\" content=\"600\" \/>\n\t<meta property=\"og:image:height\" content=\"600\" \/>\n\t<meta property=\"og:image:type\" content=\"image\/webp\" \/>\n<meta name=\"twitter:card\" content=\"summary_large_image\" \/>\n<meta name=\"twitter:label1\" content=\"Est. reading time\" \/>\n\t<meta name=\"twitter:data1\" content=\"1 minute\" \/>\n<script type=\"application\/ld+json\" class=\"yoast-schema-graph\">{\"@context\":\"https:\/\/schema.org\",\"@graph\":[{\"@type\":\"WebPage\",\"@id\":\"https:\/\/www.miomiorun.com\/es\/producto\/z-n-e-tee-hombre\/\",\"url\":\"https:\/\/www.miomiorun.com\/es\/producto\/z-n-e-tee-hombre\/\",\"name\":\"Adidas Z.N.E. Tee hombre - Camiseta informal- MioMioRun\",\"isPartOf\":{\"@id\":\"https:\/\/www.miomiorun.com\/es\/#website\"},\"primaryImageOfPage\":{\"@id\":\"https:\/\/www.miomiorun.com\/es\/producto\/z-n-e-tee-hombre\/#primaryimage\"},\"image\":{\"@id\":\"https:\/\/www.miomiorun.com\/es\/producto\/z-n-e-tee-hombre\/#primaryimage\"},\"thumbnailUrl\":\"https:\/\/www.miomiorun.com\/app\/uploads\/2024\/10\/adidas-M-Z.N.E.-TEE-white-JE3078.webp\",\"datePublished\":\"2024-10-15T12:35:08+00:00\",\"dateModified\":\"2026-04-27T16:23:17+00:00\",\"description\":\"Camiseta suave con protecci\u00f3n contra los rayos ultravioleta. Disfruta del partido en las gradas o da un paseo por la ciudad con esta vers\u00e1til camiseta adidas para hombre.\",\"breadcrumb\":{\"@id\":\"https:\/\/www.miomiorun.com\/es\/producto\/z-n-e-tee-hombre\/#breadcrumb\"},\"inLanguage\":\"es-ES\",\"potentialAction\":[{\"@type\":\"ReadAction\",\"target\":[\"https:\/\/www.miomiorun.com\/es\/producto\/z-n-e-tee-hombre\/\"]}]},{\"@type\":\"ImageObject\",\"inLanguage\":\"es-ES\",\"@id\":\"https:\/\/www.miomiorun.com\/es\/producto\/z-n-e-tee-hombre\/#primaryimage\",\"url\":\"https:\/\/www.miomiorun.com\/app\/uploads\/2024\/10\/adidas-M-Z.N.E.-TEE-white-JE3078.webp\",\"contentUrl\":\"https:\/\/www.miomiorun.com\/app\/uploads\/2024\/10\/adidas-M-Z.N.E.-TEE-white-JE3078.webp\",\"width\":600,\"height\":600,\"caption\":\"adidas M Z.N.E. TEE white JE3078\"},{\"@type\":\"BreadcrumbList\",\"@id\":\"https:\/\/www.miomiorun.com\/es\/producto\/z-n-e-tee-hombre\/#breadcrumb\",\"itemListElement\":[{\"@type\":\"ListItem\",\"position\":1,\"name\":\"Home\",\"item\":\"https:\/\/www.miomiorun.com\/es\/\"},{\"@type\":\"ListItem\",\"position\":2,\"name\":\"Shop\",\"item\":\"https:\/\/www.miomiorun.com\/shop\/\"},{\"@type\":\"ListItem\",\"position\":3,\"name\":\"Z.N.E. Tee hombre\"}]},{\"@type\":\"WebSite\",\"@id\":\"https:\/\/www.miomiorun.com\/es\/#website\",\"url\":\"https:\/\/www.miomiorun.com\/es\/\",\"name\":\"MioMioRun\",\"description\":\"Tienda 100% running y trail\",\"publisher\":{\"@id\":\"https:\/\/www.miomiorun.com\/es\/#organization\"},\"potentialAction\":[{\"@type\":\"SearchAction\",\"target\":{\"@type\":\"EntryPoint\",\"urlTemplate\":\"https:\/\/www.miomiorun.com\/es\/?s={search_term_string}\"},\"query-input\":{\"@type\":\"PropertyValueSpecification\",\"valueRequired\":true,\"valueName\":\"search_term_string\"}}],\"inLanguage\":\"es-ES\"},{\"@type\":\"Organization\",\"@id\":\"https:\/\/www.miomiorun.com\/es\/#organization\",\"name\":\"MioMio Run\",\"url\":\"https:\/\/www.miomiorun.com\/es\/\",\"logo\":{\"@type\":\"ImageObject\",\"inLanguage\":\"es-ES\",\"@id\":\"https:\/\/www.miomiorun.com\/es\/#\/schema\/logo\/image\/\",\"url\":\"https:\/\/www.miomiorun.com\/app\/uploads\/2019\/12\/logomio.png\",\"contentUrl\":\"https:\/\/www.miomiorun.com\/app\/uploads\/2019\/12\/logomio.png\",\"width\":115,\"height\":82,\"caption\":\"MioMio Run\"},\"image\":{\"@id\":\"https:\/\/www.miomiorun.com\/es\/#\/schema\/logo\/image\/\"},\"sameAs\":[\"https:\/\/www.facebook.com\/miomiorun\/\",\"https:\/\/www.instagram.com\/miomiorun\/\"]}]}<\/script>\n<!-- \/ Yoast SEO plugin. -->","yoast_head_json":{"title":"Adidas Z.N.E. Tee hombre - Camiseta informal- MioMioRun","description":"Camiseta suave con protecci\u00f3n contra los rayos ultravioleta. Disfruta del partido en las gradas o da un paseo por la ciudad con esta vers\u00e1til camiseta adidas para hombre.","robots":{"index":"index","follow":"follow","max-snippet":"max-snippet:-1","max-image-preview":"max-image-preview:large","max-video-preview":"max-video-preview:-1"},"canonical":"https:\/\/www.miomiorun.com\/es\/producto\/z-n-e-tee-hombre\/","og_locale":"es_ES","og_type":"article","og_title":"Adidas Z.N.E. Tee hombre - Camiseta informal- MioMioRun","og_description":"Camiseta suave con protecci\u00f3n contra los rayos ultravioleta. Disfruta del partido en las gradas o da un paseo por la ciudad con esta vers\u00e1til camiseta adidas para hombre.","og_url":"https:\/\/www.miomiorun.com\/es\/producto\/z-n-e-tee-hombre\/","og_site_name":"MioMioRun","article_publisher":"https:\/\/www.facebook.com\/miomiorun\/","article_modified_time":"2026-04-27T16:23:17+00:00","og_image":[{"width":600,"height":600,"url":"https:\/\/www.miomiorun.com\/app\/uploads\/2024\/10\/adidas-M-Z.N.E.-TEE-white-JE3078.webp","type":"image\/webp"}],"twitter_card":"summary_large_image","twitter_misc":{"Est. reading time":"1 minute"},"schema":{"@context":"https:\/\/schema.org","@graph":[{"@type":"WebPage","@id":"https:\/\/www.miomiorun.com\/es\/producto\/z-n-e-tee-hombre\/","url":"https:\/\/www.miomiorun.com\/es\/producto\/z-n-e-tee-hombre\/","name":"Adidas Z.N.E. Tee hombre - Camiseta informal- MioMioRun","isPartOf":{"@id":"https:\/\/www.miomiorun.com\/es\/#website"},"primaryImageOfPage":{"@id":"https:\/\/www.miomiorun.com\/es\/producto\/z-n-e-tee-hombre\/#primaryimage"},"image":{"@id":"https:\/\/www.miomiorun.com\/es\/producto\/z-n-e-tee-hombre\/#primaryimage"},"thumbnailUrl":"https:\/\/www.miomiorun.com\/app\/uploads\/2024\/10\/adidas-M-Z.N.E.-TEE-white-JE3078.webp","datePublished":"2024-10-15T12:35:08+00:00","dateModified":"2026-04-27T16:23:17+00:00","description":"Camiseta suave con protecci\u00f3n contra los rayos ultravioleta. Disfruta del partido en las gradas o da un paseo por la ciudad con esta vers\u00e1til camiseta adidas para hombre.","breadcrumb":{"@id":"https:\/\/www.miomiorun.com\/es\/producto\/z-n-e-tee-hombre\/#breadcrumb"},"inLanguage":"es-ES","potentialAction":[{"@type":"ReadAction","target":["https:\/\/www.miomiorun.com\/es\/producto\/z-n-e-tee-hombre\/"]}]},{"@type":"ImageObject","inLanguage":"es-ES","@id":"https:\/\/www.miomiorun.com\/es\/producto\/z-n-e-tee-hombre\/#primaryimage","url":"https:\/\/www.miomiorun.com\/app\/uploads\/2024\/10\/adidas-M-Z.N.E.-TEE-white-JE3078.webp","contentUrl":"https:\/\/www.miomiorun.com\/app\/uploads\/2024\/10\/adidas-M-Z.N.E.-TEE-white-JE3078.webp","width":600,"height":600,"caption":"adidas M Z.N.E. TEE white JE3078"},{"@type":"BreadcrumbList","@id":"https:\/\/www.miomiorun.com\/es\/producto\/z-n-e-tee-hombre\/#breadcrumb","itemListElement":[{"@type":"ListItem","position":1,"name":"Home","item":"https:\/\/www.miomiorun.com\/es\/"},{"@type":"ListItem","position":2,"name":"Shop","item":"https:\/\/www.miomiorun.com\/shop\/"},{"@type":"ListItem","position":3,"name":"Z.N.E. Tee hombre"}]},{"@type":"WebSite","@id":"https:\/\/www.miomiorun.com\/es\/#website","url":"https:\/\/www.miomiorun.com\/es\/","name":"MioMioRun","description":"Tienda 100% running y trail","publisher":{"@id":"https:\/\/www.miomiorun.com\/es\/#organization"},"potentialAction":[{"@type":"SearchAction","target":{"@type":"EntryPoint","urlTemplate":"https:\/\/www.miomiorun.com\/es\/?s={search_term_string}"},"query-input":{"@type":"PropertyValueSpecification","valueRequired":true,"valueName":"search_term_string"}}],"inLanguage":"es-ES"},{"@type":"Organization","@id":"https:\/\/www.miomiorun.com\/es\/#organization","name":"MioMio Run","url":"https:\/\/www.miomiorun.com\/es\/","logo":{"@type":"ImageObject","inLanguage":"es-ES","@id":"https:\/\/www.miomiorun.com\/es\/#\/schema\/logo\/image\/","url":"https:\/\/www.miomiorun.com\/app\/uploads\/2019\/12\/logomio.png","contentUrl":"https:\/\/www.miomiorun.com\/app\/uploads\/2019\/12\/logomio.png","width":115,"height":82,"caption":"MioMio Run"},"image":{"@id":"https:\/\/www.miomiorun.com\/es\/#\/schema\/logo\/image\/"},"sameAs":["https:\/\/www.facebook.com\/miomiorun\/","https:\/\/www.instagram.com\/miomiorun\/"]}]}},"_links":{"self":[{"href":"https:\/\/www.miomiorun.com\/es\/wp-json\/wp\/v2\/product\/295339","targetHints":{"allow":["GET"]}}],"collection":[{"href":"https:\/\/www.miomiorun.com\/es\/wp-json\/wp\/v2\/product"}],"about":[{"href":"https:\/\/www.miomiorun.com\/es\/wp-json\/wp\/v2\/types\/product"}],"wp:featuredmedia":[{"embeddable":true,"href":"https:\/\/www.miomiorun.com\/es\/wp-json\/wp\/v2\/media\/249881"}],"wp:attachment":[{"href":"https:\/\/www.miomiorun.com\/es\/wp-json\/wp\/v2\/media?parent=295339"}],"wp:term":[{"taxonomy":"product_brand","embeddable":true,"href":"https:\/\/www.miomiorun.com\/es\/wp-json\/wp\/v2\/product_brand?post=295339"},{"taxonomy":"product_cat","embeddable":true,"href":"https:\/\/www.miomiorun.com\/es\/wp-json\/wp\/v2\/product_cat?post=295339"},{"taxonomy":"product_tag","embeddable":true,"href":"https:\/\/www.miomiorun.com\/es\/wp-json\/wp\/v2\/product_tag?post=295339"}],"curies":[{"name":"wp","href":"https:\/\/api.w.org\/{rel}","templated":true}]}}