{"id":295314,"date":"2024-10-15T16:59:24","date_gmt":"2024-10-15T14:59:24","guid":{"rendered":"https:\/\/miomiorun.com\/prodotto\/bushido-iii-gtx-uomo\/"},"modified":"2026-03-05T10:24:20","modified_gmt":"2026-03-05T09:24:20","slug":"bushido-iii-gtx-hombre","status":"publish","type":"product","link":"https:\/\/www.miomiorun.com\/es\/producto\/bushido-iii-gtx-hombre\/","title":{"rendered":"Bushido III Gtx hombre"},"content":{"rendered":"<div class=\"vc-row container\"><div class=\"vc-column\"><div class=\"vc-column-text\"><\/p>\n<p><strong>Especificaciones t\u00e9cnicas<\/strong><\/p>\n<p>Categor\u00eda: amortiguaci\u00f3n media.<br \/>\nOffset: 6 mm.<br \/>\nPeso: 310 g.<br \/>\nIdeal para: amantes del running y el senderismo de monta\u00f1a que buscan un modelo vers\u00e1til capaz de garantizar tracci\u00f3n, protecci\u00f3n y comodidad, tanto en distancias largas como medias, con membrana Gore-Tex.<br \/>\nPeso del atleta: 50-70 kg<br \/>\nRitmo de carrera: medio-lento (5,00 min\/km)<br \/>\n<a href=\"https:\/\/miomiorun.com\/es\/guia-especifica\/\">Gu\u00eda de especificaciones t\u00e9cnicas<\/a><\/p>\n<p><\/div><\/div><div class=\"vc-column\"><div class=\"vc-column-text\"><strong>Bushido III Gore-Tex<\/strong> para hombre, calzado dedicado al mundo de las carreras de monta\u00f1a, estable y con buen agarre, ahora tambi\u00e9n con membrana GORE-TEX Invisible Fit para garantizar protecci\u00f3n y flexibilidad en cualquier condici\u00f3n.<\/p>\n<p><strong>Caracter\u00edsticas:<\/strong><\/p>\n<ul>\n<li>Paneles laterales para una mayor transpirabilidad<\/li>\n<li>Parte superior con construcci\u00f3n interna slip-on: envuelve el pie como un calcet\u00edn sin comprimirlo ni ejercer puntos de presi\u00f3n<\/li>\n<li>Sensaci\u00f3n de contacto con el suelo garantizada junto con estabilidad y precisi\u00f3n<\/li>\n<li>Membrana GORE-TEX Invisible Fit ePE, sin PFC<\/li>\n<li>La suela de doble compuesto FriXion\u00ae Red presenta superficies de apoyo diferenciadas que garantizan el m\u00e1ximo agarre en todo tipo de terrenos<\/li>\n<\/ul>\n<h2>Tecnolog\u00edas<\/h2>\n<p>&nbsp;<\/p>\n<p><a class=\"d-flex flex-column align-items-center text-center\"><img loading=\"lazy\" decoding=\"async\" class=\" ls-is-cached lazyloaded\" src=\"https:\/\/www.lasportiva.com\/media\/techinfo_icons\/friction-red.png\" alt=\"La Sportiva\" width=\"75\" height=\"75\" data-src=\"https:\/\/www.lasportiva.com\/media\/techinfo_icons\/friction-red.png\"> <\/a><\/p>\n<p><a class=\"d-flex flex-column align-items-center text-center\"><strong>Frixion XT Red<\/strong> <\/a><\/p>\n<p>Las mezclas <strong>La Sportiva FriXion\u00ae<\/strong> se crean con el objetivo de crear bandas de rodadura con diferentes par\u00e1metros de agarre y durabilidad en funci\u00f3n del tipo de uso y del terreno en el que se utilizan las zapatillas La Sportiva.<\/p>\n<p>&nbsp;<\/p>\n<p><a class=\"d-flex flex-column align-items-center text-center\"> <img loading=\"lazy\" decoding=\"async\" class=\" lazyloaded\" src=\"https:\/\/www.lasportiva.com\/media\/techinfo_icons\/o\/r\/ortholitehybridblu_75x75_1.png\" alt=\"La Sportiva\" width=\"75\" height=\"75\" data-src=\"https:\/\/www.lasportiva.com\/media\/techinfo_icons\/o\/r\/ortholitehybridblu_75x75_1.png\"> <\/a><\/p>\n<p><a class=\"d-flex flex-column align-items-center text-center\"><strong>Ortholite_Blue<\/strong> <\/a><\/p>\n<p>Los <strong>modelos de la l\u00ednea Mountain Running\u00ae<\/strong> incorporan las exclusivas plantillas ecol\u00f3gicas La Sportiva by<strong> OrthoLite\u00ae Hybrid,<\/strong> fabricadas con un 20 % de materiales reciclados derivados del ciclo de producci\u00f3n. Se trata de plantillas dise\u00f1adas tanto para pies masculinos como femeninos, que adoptan diferentes grosores y materiales en funci\u00f3n del peso medio del usuario.<\/p>\n<p>&nbsp;<\/p>\n<p><a class=\"d-flex flex-column align-items-center text-center\"><img loading=\"lazy\" decoding=\"async\" class=\" ls-is-cached lazyloaded\" src=\"https:\/\/www.lasportiva.com\/media\/techinfo_icons\/impact-brake-system.png\" alt=\"La Sportiva\" width=\"75\" height=\"75\" data-src=\"https:\/\/www.lasportiva.com\/media\/techinfo_icons\/impact-brake-system.png\"> <\/a><\/p>\n<p><a class=\"d-flex flex-column align-items-center text-center\"><strong>Impact Brake System Mountain Running<\/strong> <\/a><\/p>\n<p><strong>Innovador sistema aplicado a la suela que absorbe el impacto, ayuda a la tracci\u00f3n y retiene en la frenada.<\/strong><br \/>\nDise\u00f1ado y desarrollado por el centro de Investigaci\u00f3n y Desarrollo de La Sportiva, ofrece ventajas reales durante la carrera al reducir el impacto negativo con el terreno. La disposici\u00f3n particular de los tacos hace que algunos de ellos entren en contacto primero con el terreno, suavizando el apoyo de la banda de rodadura.<\/p>\n<p>&nbsp;<\/p>\n<p><a class=\"d-flex flex-column align-items-center text-center\"> <img loading=\"lazy\" decoding=\"async\" class=\" lazyloaded\" src=\"https:\/\/www.lasportiva.com\/media\/techinfo_icons\/r\/e\/resoleme_75x75.png\" alt=\"La Sportiva\" width=\"75\" height=\"75\" data-src=\"https:\/\/www.lasportiva.com\/media\/techinfo_icons\/r\/e\/resoleme_75x75.png\"> <\/a><\/p>\n<p><a class=\"d-flex flex-column align-items-center text-center\"><strong>Resole Me<\/strong> <\/a><\/p>\n<p><\/div><\/div><\/div>\n","protected":false},"excerpt":{"rendered":"<ul>\n<li>Zapatillas de trail<\/li>\n<li>Ideales para correr por la monta\u00f1a<\/li>\n<li>Fabricadas en Gore-tex para protegerte de la lluvia.<\/li>\n<\/ul>\n","protected":false},"featured_media":249755,"template":"","meta":{"_acf_changed":false,"inline_featured_image":false},"product_brand":[],"product_cat":[24454,24451],"product_tag":[23598,23600],"class_list":{"0":"post-295314","1":"product","2":"type-product","3":"status-publish","4":"has-post-thumbnail","6":"product_cat-calzado-para-hombre","7":"product_cat-trail-es-3","8":"product_tag-la-sportiva-es","9":"product_tag-la-sportiva-hombre","10":"pa_attivita-outdoor-es","11":"pa_attivita-trail-es","12":"pa_colore-bushido-iii-gtx-black-yellow-es","13":"pa_marca-la-sportiva-es","14":"pa_sesso-hombre","15":"pa_size-43-es","16":"pa_size-44-es","18":"first","19":"instock","20":"sale","21":"taxable","22":"shipping-taxable","23":"purchasable","24":"product-type-variable","25":"wvs-archive-product-wrapper"},"acf":[],"yoast_head":"<!-- This site is optimized with the Yoast SEO plugin v26.8 - https:\/\/yoast.com\/product\/yoast-seo-wordpress\/ -->\n<title>La sportiva Bushido III Gtx hombre - zapatillas de trail - MioMioRun .com<\/title>\n<meta name=\"description\" content=\"Bushido III Gore-Tex para hombre, calzado dedicado al mundo del skyrunning, estable y con buen agarre, ahora tambi\u00e9n con membrana GORE-TEX Invisible Fit.\" \/>\n<meta name=\"robots\" content=\"index, follow, max-snippet:-1, max-image-preview:large, max-video-preview:-1\" \/>\n<link rel=\"canonical\" href=\"https:\/\/www.miomiorun.com\/es\/producto\/bushido-iii-gtx-hombre\/\" \/>\n<meta property=\"og:locale\" content=\"es_ES\" \/>\n<meta property=\"og:type\" content=\"article\" \/>\n<meta property=\"og:title\" content=\"La sportiva Bushido III Gtx hombre - zapatillas de trail - MioMioRun .com\" \/>\n<meta property=\"og:description\" content=\"Bushido III Gore-Tex para hombre, calzado dedicado al mundo del skyrunning, estable y con buen agarre, ahora tambi\u00e9n con membrana GORE-TEX Invisible Fit.\" \/>\n<meta property=\"og:url\" content=\"https:\/\/www.miomiorun.com\/es\/producto\/bushido-iii-gtx-hombre\/\" \/>\n<meta property=\"og:site_name\" content=\"MioMioRun\" \/>\n<meta property=\"article:publisher\" content=\"https:\/\/www.facebook.com\/miomiorun\/\" \/>\n<meta property=\"article:modified_time\" content=\"2026-03-05T09:24:20+00:00\" \/>\n<meta property=\"og:image\" content=\"https:\/\/www.miomiorun.com\/app\/uploads\/2024\/10\/la-sportiva-Bushido-III-GTX-black-yellow-56X999100.webp\" \/>\n\t<meta property=\"og:image:width\" content=\"600\" \/>\n\t<meta property=\"og:image:height\" content=\"600\" \/>\n\t<meta property=\"og:image:type\" content=\"image\/webp\" \/>\n<meta name=\"twitter:card\" content=\"summary_large_image\" \/>\n<meta name=\"twitter:label1\" content=\"Est. reading time\" \/>\n\t<meta name=\"twitter:data1\" content=\"2 minutes\" \/>\n<script type=\"application\/ld+json\" class=\"yoast-schema-graph\">{\"@context\":\"https:\/\/schema.org\",\"@graph\":[{\"@type\":\"WebPage\",\"@id\":\"https:\/\/www.miomiorun.com\/es\/producto\/bushido-iii-gtx-hombre\/\",\"url\":\"https:\/\/www.miomiorun.com\/es\/producto\/bushido-iii-gtx-hombre\/\",\"name\":\"La sportiva Bushido III Gtx hombre - zapatillas de trail - MioMioRun .com\",\"isPartOf\":{\"@id\":\"https:\/\/www.miomiorun.com\/es\/#website\"},\"primaryImageOfPage\":{\"@id\":\"https:\/\/www.miomiorun.com\/es\/producto\/bushido-iii-gtx-hombre\/#primaryimage\"},\"image\":{\"@id\":\"https:\/\/www.miomiorun.com\/es\/producto\/bushido-iii-gtx-hombre\/#primaryimage\"},\"thumbnailUrl\":\"https:\/\/www.miomiorun.com\/app\/uploads\/2024\/10\/la-sportiva-Bushido-III-GTX-black-yellow-56X999100.webp\",\"datePublished\":\"2024-10-15T14:59:24+00:00\",\"dateModified\":\"2026-03-05T09:24:20+00:00\",\"description\":\"Bushido III Gore-Tex para hombre, calzado dedicado al mundo del skyrunning, estable y con buen agarre, ahora tambi\u00e9n con membrana GORE-TEX Invisible Fit.\",\"breadcrumb\":{\"@id\":\"https:\/\/www.miomiorun.com\/es\/producto\/bushido-iii-gtx-hombre\/#breadcrumb\"},\"inLanguage\":\"es-ES\",\"potentialAction\":[{\"@type\":\"ReadAction\",\"target\":[\"https:\/\/www.miomiorun.com\/es\/producto\/bushido-iii-gtx-hombre\/\"]}]},{\"@type\":\"ImageObject\",\"inLanguage\":\"es-ES\",\"@id\":\"https:\/\/www.miomiorun.com\/es\/producto\/bushido-iii-gtx-hombre\/#primaryimage\",\"url\":\"https:\/\/www.miomiorun.com\/app\/uploads\/2024\/10\/la-sportiva-Bushido-III-GTX-black-yellow-56X999100.webp\",\"contentUrl\":\"https:\/\/www.miomiorun.com\/app\/uploads\/2024\/10\/la-sportiva-Bushido-III-GTX-black-yellow-56X999100.webp\",\"width\":600,\"height\":600,\"caption\":\"la sportiva Bushido III GTX black yellow 56X999100\"},{\"@type\":\"BreadcrumbList\",\"@id\":\"https:\/\/www.miomiorun.com\/es\/producto\/bushido-iii-gtx-hombre\/#breadcrumb\",\"itemListElement\":[{\"@type\":\"ListItem\",\"position\":1,\"name\":\"Home\",\"item\":\"https:\/\/www.miomiorun.com\/es\/\"},{\"@type\":\"ListItem\",\"position\":2,\"name\":\"Shop\",\"item\":\"https:\/\/www.miomiorun.com\/shop\/\"},{\"@type\":\"ListItem\",\"position\":3,\"name\":\"Bushido III Gtx hombre\"}]},{\"@type\":\"WebSite\",\"@id\":\"https:\/\/www.miomiorun.com\/es\/#website\",\"url\":\"https:\/\/www.miomiorun.com\/es\/\",\"name\":\"MioMioRun\",\"description\":\"Tienda 100% running y trail\",\"publisher\":{\"@id\":\"https:\/\/www.miomiorun.com\/es\/#organization\"},\"potentialAction\":[{\"@type\":\"SearchAction\",\"target\":{\"@type\":\"EntryPoint\",\"urlTemplate\":\"https:\/\/www.miomiorun.com\/es\/?s={search_term_string}\"},\"query-input\":{\"@type\":\"PropertyValueSpecification\",\"valueRequired\":true,\"valueName\":\"search_term_string\"}}],\"inLanguage\":\"es-ES\"},{\"@type\":\"Organization\",\"@id\":\"https:\/\/www.miomiorun.com\/es\/#organization\",\"name\":\"MioMio Run\",\"url\":\"https:\/\/www.miomiorun.com\/es\/\",\"logo\":{\"@type\":\"ImageObject\",\"inLanguage\":\"es-ES\",\"@id\":\"https:\/\/www.miomiorun.com\/es\/#\/schema\/logo\/image\/\",\"url\":\"https:\/\/www.miomiorun.com\/app\/uploads\/2019\/12\/logomio.png\",\"contentUrl\":\"https:\/\/www.miomiorun.com\/app\/uploads\/2019\/12\/logomio.png\",\"width\":115,\"height\":82,\"caption\":\"MioMio Run\"},\"image\":{\"@id\":\"https:\/\/www.miomiorun.com\/es\/#\/schema\/logo\/image\/\"},\"sameAs\":[\"https:\/\/www.facebook.com\/miomiorun\/\",\"https:\/\/www.instagram.com\/miomiorun\/\"]}]}<\/script>\n<!-- \/ Yoast SEO plugin. -->","yoast_head_json":{"title":"La sportiva Bushido III Gtx hombre - zapatillas de trail - MioMioRun .com","description":"Bushido III Gore-Tex para hombre, calzado dedicado al mundo del skyrunning, estable y con buen agarre, ahora tambi\u00e9n con membrana GORE-TEX Invisible Fit.","robots":{"index":"index","follow":"follow","max-snippet":"max-snippet:-1","max-image-preview":"max-image-preview:large","max-video-preview":"max-video-preview:-1"},"canonical":"https:\/\/www.miomiorun.com\/es\/producto\/bushido-iii-gtx-hombre\/","og_locale":"es_ES","og_type":"article","og_title":"La sportiva Bushido III Gtx hombre - zapatillas de trail - MioMioRun .com","og_description":"Bushido III Gore-Tex para hombre, calzado dedicado al mundo del skyrunning, estable y con buen agarre, ahora tambi\u00e9n con membrana GORE-TEX Invisible Fit.","og_url":"https:\/\/www.miomiorun.com\/es\/producto\/bushido-iii-gtx-hombre\/","og_site_name":"MioMioRun","article_publisher":"https:\/\/www.facebook.com\/miomiorun\/","article_modified_time":"2026-03-05T09:24:20+00:00","og_image":[{"width":600,"height":600,"url":"https:\/\/www.miomiorun.com\/app\/uploads\/2024\/10\/la-sportiva-Bushido-III-GTX-black-yellow-56X999100.webp","type":"image\/webp"}],"twitter_card":"summary_large_image","twitter_misc":{"Est. reading time":"2 minutes"},"schema":{"@context":"https:\/\/schema.org","@graph":[{"@type":"WebPage","@id":"https:\/\/www.miomiorun.com\/es\/producto\/bushido-iii-gtx-hombre\/","url":"https:\/\/www.miomiorun.com\/es\/producto\/bushido-iii-gtx-hombre\/","name":"La sportiva Bushido III Gtx hombre - zapatillas de trail - MioMioRun .com","isPartOf":{"@id":"https:\/\/www.miomiorun.com\/es\/#website"},"primaryImageOfPage":{"@id":"https:\/\/www.miomiorun.com\/es\/producto\/bushido-iii-gtx-hombre\/#primaryimage"},"image":{"@id":"https:\/\/www.miomiorun.com\/es\/producto\/bushido-iii-gtx-hombre\/#primaryimage"},"thumbnailUrl":"https:\/\/www.miomiorun.com\/app\/uploads\/2024\/10\/la-sportiva-Bushido-III-GTX-black-yellow-56X999100.webp","datePublished":"2024-10-15T14:59:24+00:00","dateModified":"2026-03-05T09:24:20+00:00","description":"Bushido III Gore-Tex para hombre, calzado dedicado al mundo del skyrunning, estable y con buen agarre, ahora tambi\u00e9n con membrana GORE-TEX Invisible Fit.","breadcrumb":{"@id":"https:\/\/www.miomiorun.com\/es\/producto\/bushido-iii-gtx-hombre\/#breadcrumb"},"inLanguage":"es-ES","potentialAction":[{"@type":"ReadAction","target":["https:\/\/www.miomiorun.com\/es\/producto\/bushido-iii-gtx-hombre\/"]}]},{"@type":"ImageObject","inLanguage":"es-ES","@id":"https:\/\/www.miomiorun.com\/es\/producto\/bushido-iii-gtx-hombre\/#primaryimage","url":"https:\/\/www.miomiorun.com\/app\/uploads\/2024\/10\/la-sportiva-Bushido-III-GTX-black-yellow-56X999100.webp","contentUrl":"https:\/\/www.miomiorun.com\/app\/uploads\/2024\/10\/la-sportiva-Bushido-III-GTX-black-yellow-56X999100.webp","width":600,"height":600,"caption":"la sportiva Bushido III GTX black yellow 56X999100"},{"@type":"BreadcrumbList","@id":"https:\/\/www.miomiorun.com\/es\/producto\/bushido-iii-gtx-hombre\/#breadcrumb","itemListElement":[{"@type":"ListItem","position":1,"name":"Home","item":"https:\/\/www.miomiorun.com\/es\/"},{"@type":"ListItem","position":2,"name":"Shop","item":"https:\/\/www.miomiorun.com\/shop\/"},{"@type":"ListItem","position":3,"name":"Bushido III Gtx hombre"}]},{"@type":"WebSite","@id":"https:\/\/www.miomiorun.com\/es\/#website","url":"https:\/\/www.miomiorun.com\/es\/","name":"MioMioRun","description":"Tienda 100% running y trail","publisher":{"@id":"https:\/\/www.miomiorun.com\/es\/#organization"},"potentialAction":[{"@type":"SearchAction","target":{"@type":"EntryPoint","urlTemplate":"https:\/\/www.miomiorun.com\/es\/?s={search_term_string}"},"query-input":{"@type":"PropertyValueSpecification","valueRequired":true,"valueName":"search_term_string"}}],"inLanguage":"es-ES"},{"@type":"Organization","@id":"https:\/\/www.miomiorun.com\/es\/#organization","name":"MioMio Run","url":"https:\/\/www.miomiorun.com\/es\/","logo":{"@type":"ImageObject","inLanguage":"es-ES","@id":"https:\/\/www.miomiorun.com\/es\/#\/schema\/logo\/image\/","url":"https:\/\/www.miomiorun.com\/app\/uploads\/2019\/12\/logomio.png","contentUrl":"https:\/\/www.miomiorun.com\/app\/uploads\/2019\/12\/logomio.png","width":115,"height":82,"caption":"MioMio Run"},"image":{"@id":"https:\/\/www.miomiorun.com\/es\/#\/schema\/logo\/image\/"},"sameAs":["https:\/\/www.facebook.com\/miomiorun\/","https:\/\/www.instagram.com\/miomiorun\/"]}]}},"_links":{"self":[{"href":"https:\/\/www.miomiorun.com\/es\/wp-json\/wp\/v2\/product\/295314","targetHints":{"allow":["GET"]}}],"collection":[{"href":"https:\/\/www.miomiorun.com\/es\/wp-json\/wp\/v2\/product"}],"about":[{"href":"https:\/\/www.miomiorun.com\/es\/wp-json\/wp\/v2\/types\/product"}],"wp:featuredmedia":[{"embeddable":true,"href":"https:\/\/www.miomiorun.com\/es\/wp-json\/wp\/v2\/media\/249755"}],"wp:attachment":[{"href":"https:\/\/www.miomiorun.com\/es\/wp-json\/wp\/v2\/media?parent=295314"}],"wp:term":[{"taxonomy":"product_brand","embeddable":true,"href":"https:\/\/www.miomiorun.com\/es\/wp-json\/wp\/v2\/product_brand?post=295314"},{"taxonomy":"product_cat","embeddable":true,"href":"https:\/\/www.miomiorun.com\/es\/wp-json\/wp\/v2\/product_cat?post=295314"},{"taxonomy":"product_tag","embeddable":true,"href":"https:\/\/www.miomiorun.com\/es\/wp-json\/wp\/v2\/product_tag?post=295314"}],"curies":[{"name":"wp","href":"https:\/\/api.w.org\/{rel}","templated":true}]}}