{"id":295262,"date":"2024-09-19T14:13:40","date_gmt":"2024-09-19T12:13:40","guid":{"rendered":"https:\/\/miomiorun.com\/prodotto\/ride-tr2-gtx-uomo\/"},"modified":"2026-03-23T17:15:34","modified_gmt":"2026-03-23T16:15:34","slug":"ride-tr2-gtx-hombre","status":"publish","type":"product","link":"https:\/\/www.miomiorun.com\/es\/producto\/ride-tr2-gtx-hombre\/","title":{"rendered":"Ride TR2 GTX hombre"},"content":{"rendered":"<div class=\"vc-row container\"><div class=\"vc-column\"><div class=\"vc-column-text\"><\/p>\n<h4>Especificaciones t\u00e9cnicas<\/h4>\n<p>Categor\u00eda: Amortiguaci\u00f3n estructurada<br \/>\nDesnivel: 8 mm (35\/27)<br \/>\nPeso: 296 g<br \/>\nIdeal para: Ride es la zapatilla ideal para atletas de peso y zancada medios que buscan una amortiguaci\u00f3n \u00f3ptima para afrontar entrenamientos o competiciones de media y larga distancia en terrenos todoterreno; tambi\u00e9n resulta una excelente compa\u00f1era para caminar. Con una parte superior impermeable de Gore-Tex perfecta para cualquier condici\u00f3n meteorol\u00f3gica.<br \/>\nPeso del atleta: 60-70 kg<br \/>\nRitmo de carrera: 5 min\/kg<br \/>\n<a href=\"https:\/\/miomiorun.com\/guida-alle-specifiche-tecniche\/\">Gu\u00eda de especificaciones t\u00e9cnicas<\/a><\/p>\n<p><\/div><\/div><div class=\"vc-column\"><div class=\"vc-column-text\"><\/p>\n<div class=\"description\">\n<h2>Corre sin l\u00edmites y en cualquier condici\u00f3n meteorol\u00f3gica.<\/h2>\n<p>Las nuevas<strong> Ride TR2<\/strong> <strong>GTX<\/strong> para hombre est\u00e1n dise\u00f1adas para ofrecerte comodidad y permitirte alcanzar nuevas cotas durante la carrera. Fabricadas con una amortiguaci\u00f3n PWRRUN+ extremadamente c\u00f3moda que garantiza pisadas suaves independientemente de la superficie sobre la que corras y una parte superior impermeable de Gore-Tex para protegerte de la lluvia y mantener tus pies secos.<\/p>\n<\/div>\n<div class=\"description\">\n<h4>Novedades<\/h4>\n<ul>\n<li>La amortiguaci\u00f3n PWRRUN+, extremadamente c\u00f3moda, garantiza pisadas suaves independientemente de la superficie.<\/li>\n<li>Los tacos ligeros de 3,5 mm son perfectos para la carretera, el trail y el regreso. <\/li>\n<li>Suela PWRTRAC para agarre y tracci\u00f3n en cualquier superficie.<\/li>\n<li>Empeine de malla resistente para una protecci\u00f3n lista para el trail.<\/li>\n<li>Empeine impermeable de Gore-Tex para mantener los pies secos.<\/li>\n<\/ul>\n<p><strong>Ideal para:<\/strong><\/p>\n<ul>\n<li>Superficies mixtas: de la carretera al sendero.<\/li>\n<\/ul>\n<p><strong>Caracter\u00edsticas:<\/strong><\/p>\n<ul>\n<li>Amortiguaci\u00f3n: PWRRUN+.<\/li>\n<li>Plantilla: PWRRUN+.<\/li>\n<li>Empeine de Gore-Tex.<\/li>\n<\/ul>\n<p>&nbsp;<\/p>\n<\/div>\n<p><\/div><\/div><\/div>\n","protected":false},"excerpt":{"rendered":"<ul>\n<li>Zapatilla ideal para correr por asfalto y caminos de tierra.<\/li>\n<li>Ligera y c\u00f3moda para que puedas llegar m\u00e1s lejos.<\/li>\n<li>Parte superior de Gore-Tex para protegerte de las inclemencias del tiempo.<\/li>\n<\/ul>\n","protected":false},"featured_media":248871,"template":"","meta":{"_acf_changed":false,"inline_featured_image":false},"product_brand":[],"product_cat":[24454,24451,24464],"product_tag":[23578,23577],"class_list":{"0":"post-295262","1":"product","2":"type-product","3":"status-publish","4":"has-post-thumbnail","6":"product_cat-calzado-para-hombre","7":"product_cat-trail-es-3","8":"product_cat-hombre","9":"product_tag-saucony-es","10":"product_tag-saucony-hombre","11":"pa_attivita-caminar","12":"pa_attivita-running-es","13":"pa_attivita-trail-es","14":"pa_colore-ride-tr2-gtx-regal-black-es","15":"pa_marca-saucony-es","16":"pa_sesso-hombre","17":"pa_size-42-es","18":"pa_size-42-5-es","19":"pa_size-43-es","20":"pa_size-44-es","21":"pa_size-45-es","22":"pa_size-46-es","24":"first","25":"instock","26":"sale","27":"taxable","28":"shipping-taxable","29":"purchasable","30":"product-type-variable","31":"wvs-archive-product-wrapper"},"acf":[],"yoast_head":"<!-- This site is optimized with the Yoast SEO plugin v26.8 - https:\/\/yoast.com\/product\/yoast-seo-wordpress\/ -->\n<title>Saucony Ride TR2 GTX hombre - zapatillas de trail running - MioMioRun<\/title>\n<meta name=\"description\" content=\"Las nuevas Ride TR2 GTX para hombre est\u00e1n dise\u00f1adas para ofrecerte comodidad y permitirte alcanzar nuevas metas tanto corriendo como bajo la lluvia.\" \/>\n<meta name=\"robots\" content=\"index, follow, max-snippet:-1, max-image-preview:large, max-video-preview:-1\" \/>\n<link rel=\"canonical\" href=\"https:\/\/www.miomiorun.com\/es\/producto\/ride-tr2-gtx-hombre\/\" \/>\n<meta property=\"og:locale\" content=\"es_ES\" \/>\n<meta property=\"og:type\" content=\"article\" \/>\n<meta property=\"og:title\" content=\"Saucony Ride TR2 GTX hombre - zapatillas de trail running - MioMioRun\" \/>\n<meta property=\"og:description\" content=\"Las nuevas Ride TR2 GTX para hombre est\u00e1n dise\u00f1adas para ofrecerte comodidad y permitirte alcanzar nuevas metas tanto corriendo como bajo la lluvia.\" \/>\n<meta property=\"og:url\" content=\"https:\/\/www.miomiorun.com\/es\/producto\/ride-tr2-gtx-hombre\/\" \/>\n<meta property=\"og:site_name\" content=\"MioMioRun\" \/>\n<meta property=\"article:publisher\" content=\"https:\/\/www.facebook.com\/miomiorun\/\" \/>\n<meta property=\"article:modified_time\" content=\"2026-03-23T16:15:34+00:00\" \/>\n<meta property=\"og:image\" content=\"https:\/\/www.miomiorun.com\/app\/uploads\/2024\/09\/saucony-Ride-TR2-GTX-navy-peel-S20953-251.webp\" \/>\n\t<meta property=\"og:image:width\" content=\"600\" \/>\n\t<meta property=\"og:image:height\" content=\"600\" \/>\n\t<meta property=\"og:image:type\" content=\"image\/webp\" \/>\n<meta name=\"twitter:card\" content=\"summary_large_image\" \/>\n<meta name=\"twitter:label1\" content=\"Est. reading time\" \/>\n\t<meta name=\"twitter:data1\" content=\"1 minute\" \/>\n<script type=\"application\/ld+json\" class=\"yoast-schema-graph\">{\"@context\":\"https:\/\/schema.org\",\"@graph\":[{\"@type\":\"WebPage\",\"@id\":\"https:\/\/www.miomiorun.com\/es\/producto\/ride-tr2-gtx-hombre\/\",\"url\":\"https:\/\/www.miomiorun.com\/es\/producto\/ride-tr2-gtx-hombre\/\",\"name\":\"Saucony Ride TR2 GTX hombre - zapatillas de trail running - MioMioRun\",\"isPartOf\":{\"@id\":\"https:\/\/www.miomiorun.com\/es\/#website\"},\"primaryImageOfPage\":{\"@id\":\"https:\/\/www.miomiorun.com\/es\/producto\/ride-tr2-gtx-hombre\/#primaryimage\"},\"image\":{\"@id\":\"https:\/\/www.miomiorun.com\/es\/producto\/ride-tr2-gtx-hombre\/#primaryimage\"},\"thumbnailUrl\":\"https:\/\/www.miomiorun.com\/app\/uploads\/2024\/09\/saucony-Ride-TR2-GTX-navy-peel-S20953-251.webp\",\"datePublished\":\"2024-09-19T12:13:40+00:00\",\"dateModified\":\"2026-03-23T16:15:34+00:00\",\"description\":\"Las nuevas Ride TR2 GTX para hombre est\u00e1n dise\u00f1adas para ofrecerte comodidad y permitirte alcanzar nuevas metas tanto corriendo como bajo la lluvia.\",\"breadcrumb\":{\"@id\":\"https:\/\/www.miomiorun.com\/es\/producto\/ride-tr2-gtx-hombre\/#breadcrumb\"},\"inLanguage\":\"es-ES\",\"potentialAction\":[{\"@type\":\"ReadAction\",\"target\":[\"https:\/\/www.miomiorun.com\/es\/producto\/ride-tr2-gtx-hombre\/\"]}]},{\"@type\":\"ImageObject\",\"inLanguage\":\"es-ES\",\"@id\":\"https:\/\/www.miomiorun.com\/es\/producto\/ride-tr2-gtx-hombre\/#primaryimage\",\"url\":\"https:\/\/www.miomiorun.com\/app\/uploads\/2024\/09\/saucony-Ride-TR2-GTX-navy-peel-S20953-251.webp\",\"contentUrl\":\"https:\/\/www.miomiorun.com\/app\/uploads\/2024\/09\/saucony-Ride-TR2-GTX-navy-peel-S20953-251.webp\",\"width\":600,\"height\":600,\"caption\":\"saucony Ride TR2 GTX navy peel S20953-251\"},{\"@type\":\"BreadcrumbList\",\"@id\":\"https:\/\/www.miomiorun.com\/es\/producto\/ride-tr2-gtx-hombre\/#breadcrumb\",\"itemListElement\":[{\"@type\":\"ListItem\",\"position\":1,\"name\":\"Home\",\"item\":\"https:\/\/www.miomiorun.com\/es\/\"},{\"@type\":\"ListItem\",\"position\":2,\"name\":\"Shop\",\"item\":\"https:\/\/www.miomiorun.com\/shop\/\"},{\"@type\":\"ListItem\",\"position\":3,\"name\":\"Ride TR2 GTX hombre\"}]},{\"@type\":\"WebSite\",\"@id\":\"https:\/\/www.miomiorun.com\/es\/#website\",\"url\":\"https:\/\/www.miomiorun.com\/es\/\",\"name\":\"MioMioRun\",\"description\":\"Tienda 100% running y trail\",\"publisher\":{\"@id\":\"https:\/\/www.miomiorun.com\/es\/#organization\"},\"potentialAction\":[{\"@type\":\"SearchAction\",\"target\":{\"@type\":\"EntryPoint\",\"urlTemplate\":\"https:\/\/www.miomiorun.com\/es\/?s={search_term_string}\"},\"query-input\":{\"@type\":\"PropertyValueSpecification\",\"valueRequired\":true,\"valueName\":\"search_term_string\"}}],\"inLanguage\":\"es-ES\"},{\"@type\":\"Organization\",\"@id\":\"https:\/\/www.miomiorun.com\/es\/#organization\",\"name\":\"MioMio Run\",\"url\":\"https:\/\/www.miomiorun.com\/es\/\",\"logo\":{\"@type\":\"ImageObject\",\"inLanguage\":\"es-ES\",\"@id\":\"https:\/\/www.miomiorun.com\/es\/#\/schema\/logo\/image\/\",\"url\":\"https:\/\/www.miomiorun.com\/app\/uploads\/2019\/12\/logomio.png\",\"contentUrl\":\"https:\/\/www.miomiorun.com\/app\/uploads\/2019\/12\/logomio.png\",\"width\":115,\"height\":82,\"caption\":\"MioMio Run\"},\"image\":{\"@id\":\"https:\/\/www.miomiorun.com\/es\/#\/schema\/logo\/image\/\"},\"sameAs\":[\"https:\/\/www.facebook.com\/miomiorun\/\",\"https:\/\/www.instagram.com\/miomiorun\/\"]}]}<\/script>\n<!-- \/ Yoast SEO plugin. -->","yoast_head_json":{"title":"Saucony Ride TR2 GTX hombre - zapatillas de trail running - MioMioRun","description":"Las nuevas Ride TR2 GTX para hombre est\u00e1n dise\u00f1adas para ofrecerte comodidad y permitirte alcanzar nuevas metas tanto corriendo como bajo la lluvia.","robots":{"index":"index","follow":"follow","max-snippet":"max-snippet:-1","max-image-preview":"max-image-preview:large","max-video-preview":"max-video-preview:-1"},"canonical":"https:\/\/www.miomiorun.com\/es\/producto\/ride-tr2-gtx-hombre\/","og_locale":"es_ES","og_type":"article","og_title":"Saucony Ride TR2 GTX hombre - zapatillas de trail running - MioMioRun","og_description":"Las nuevas Ride TR2 GTX para hombre est\u00e1n dise\u00f1adas para ofrecerte comodidad y permitirte alcanzar nuevas metas tanto corriendo como bajo la lluvia.","og_url":"https:\/\/www.miomiorun.com\/es\/producto\/ride-tr2-gtx-hombre\/","og_site_name":"MioMioRun","article_publisher":"https:\/\/www.facebook.com\/miomiorun\/","article_modified_time":"2026-03-23T16:15:34+00:00","og_image":[{"width":600,"height":600,"url":"https:\/\/www.miomiorun.com\/app\/uploads\/2024\/09\/saucony-Ride-TR2-GTX-navy-peel-S20953-251.webp","type":"image\/webp"}],"twitter_card":"summary_large_image","twitter_misc":{"Est. reading time":"1 minute"},"schema":{"@context":"https:\/\/schema.org","@graph":[{"@type":"WebPage","@id":"https:\/\/www.miomiorun.com\/es\/producto\/ride-tr2-gtx-hombre\/","url":"https:\/\/www.miomiorun.com\/es\/producto\/ride-tr2-gtx-hombre\/","name":"Saucony Ride TR2 GTX hombre - zapatillas de trail running - MioMioRun","isPartOf":{"@id":"https:\/\/www.miomiorun.com\/es\/#website"},"primaryImageOfPage":{"@id":"https:\/\/www.miomiorun.com\/es\/producto\/ride-tr2-gtx-hombre\/#primaryimage"},"image":{"@id":"https:\/\/www.miomiorun.com\/es\/producto\/ride-tr2-gtx-hombre\/#primaryimage"},"thumbnailUrl":"https:\/\/www.miomiorun.com\/app\/uploads\/2024\/09\/saucony-Ride-TR2-GTX-navy-peel-S20953-251.webp","datePublished":"2024-09-19T12:13:40+00:00","dateModified":"2026-03-23T16:15:34+00:00","description":"Las nuevas Ride TR2 GTX para hombre est\u00e1n dise\u00f1adas para ofrecerte comodidad y permitirte alcanzar nuevas metas tanto corriendo como bajo la lluvia.","breadcrumb":{"@id":"https:\/\/www.miomiorun.com\/es\/producto\/ride-tr2-gtx-hombre\/#breadcrumb"},"inLanguage":"es-ES","potentialAction":[{"@type":"ReadAction","target":["https:\/\/www.miomiorun.com\/es\/producto\/ride-tr2-gtx-hombre\/"]}]},{"@type":"ImageObject","inLanguage":"es-ES","@id":"https:\/\/www.miomiorun.com\/es\/producto\/ride-tr2-gtx-hombre\/#primaryimage","url":"https:\/\/www.miomiorun.com\/app\/uploads\/2024\/09\/saucony-Ride-TR2-GTX-navy-peel-S20953-251.webp","contentUrl":"https:\/\/www.miomiorun.com\/app\/uploads\/2024\/09\/saucony-Ride-TR2-GTX-navy-peel-S20953-251.webp","width":600,"height":600,"caption":"saucony Ride TR2 GTX navy peel S20953-251"},{"@type":"BreadcrumbList","@id":"https:\/\/www.miomiorun.com\/es\/producto\/ride-tr2-gtx-hombre\/#breadcrumb","itemListElement":[{"@type":"ListItem","position":1,"name":"Home","item":"https:\/\/www.miomiorun.com\/es\/"},{"@type":"ListItem","position":2,"name":"Shop","item":"https:\/\/www.miomiorun.com\/shop\/"},{"@type":"ListItem","position":3,"name":"Ride TR2 GTX hombre"}]},{"@type":"WebSite","@id":"https:\/\/www.miomiorun.com\/es\/#website","url":"https:\/\/www.miomiorun.com\/es\/","name":"MioMioRun","description":"Tienda 100% running y trail","publisher":{"@id":"https:\/\/www.miomiorun.com\/es\/#organization"},"potentialAction":[{"@type":"SearchAction","target":{"@type":"EntryPoint","urlTemplate":"https:\/\/www.miomiorun.com\/es\/?s={search_term_string}"},"query-input":{"@type":"PropertyValueSpecification","valueRequired":true,"valueName":"search_term_string"}}],"inLanguage":"es-ES"},{"@type":"Organization","@id":"https:\/\/www.miomiorun.com\/es\/#organization","name":"MioMio Run","url":"https:\/\/www.miomiorun.com\/es\/","logo":{"@type":"ImageObject","inLanguage":"es-ES","@id":"https:\/\/www.miomiorun.com\/es\/#\/schema\/logo\/image\/","url":"https:\/\/www.miomiorun.com\/app\/uploads\/2019\/12\/logomio.png","contentUrl":"https:\/\/www.miomiorun.com\/app\/uploads\/2019\/12\/logomio.png","width":115,"height":82,"caption":"MioMio Run"},"image":{"@id":"https:\/\/www.miomiorun.com\/es\/#\/schema\/logo\/image\/"},"sameAs":["https:\/\/www.facebook.com\/miomiorun\/","https:\/\/www.instagram.com\/miomiorun\/"]}]}},"_links":{"self":[{"href":"https:\/\/www.miomiorun.com\/es\/wp-json\/wp\/v2\/product\/295262","targetHints":{"allow":["GET"]}}],"collection":[{"href":"https:\/\/www.miomiorun.com\/es\/wp-json\/wp\/v2\/product"}],"about":[{"href":"https:\/\/www.miomiorun.com\/es\/wp-json\/wp\/v2\/types\/product"}],"wp:featuredmedia":[{"embeddable":true,"href":"https:\/\/www.miomiorun.com\/es\/wp-json\/wp\/v2\/media\/248871"}],"wp:attachment":[{"href":"https:\/\/www.miomiorun.com\/es\/wp-json\/wp\/v2\/media?parent=295262"}],"wp:term":[{"taxonomy":"product_brand","embeddable":true,"href":"https:\/\/www.miomiorun.com\/es\/wp-json\/wp\/v2\/product_brand?post=295262"},{"taxonomy":"product_cat","embeddable":true,"href":"https:\/\/www.miomiorun.com\/es\/wp-json\/wp\/v2\/product_cat?post=295262"},{"taxonomy":"product_tag","embeddable":true,"href":"https:\/\/www.miomiorun.com\/es\/wp-json\/wp\/v2\/product_tag?post=295262"}],"curies":[{"name":"wp","href":"https:\/\/api.w.org\/{rel}","templated":true}]}}