{"id":295217,"date":"2024-09-19T14:24:20","date_gmt":"2024-09-19T12:24:20","guid":{"rendered":"https:\/\/miomiorun.com\/prodotto\/speedgoat-6-gtx-uomo\/"},"modified":"2026-03-20T23:49:16","modified_gmt":"2026-03-20T22:49:16","slug":"speedgoat-6-gtx-hombre","status":"publish","type":"product","link":"https:\/\/www.miomiorun.com\/es\/producto\/speedgoat-6-gtx-hombre\/","title":{"rendered":"Speedgoat 6 GTX hombre"},"content":{"rendered":"<div class=\"vc-row container\"><div class=\"vc-column\"><div class=\"vc-column-text\"><\/p>\n<p><strong>Especificaciones t\u00e9cnicas<\/strong><\/p>\n<p>Categor\u00eda: amortiguaci\u00f3n superior.<br \/>\nOffset: 5 mm.<br \/>\nPeso: 301 g.<br \/>\nIdeal para: corredores de trail y amantes de las caminatas por la monta\u00f1a que buscan un modelo ligero, bien amortiguado y protector, capaz de transmitir el m\u00e1ximo confort incluso en distancias largas y proteger el pie de las inclemencias del tiempo gracias a la membrana Gore-Tex.<br \/>\nPeso del atleta: 60-70 kg<br \/>\nRitmo de carrera: medio-r\u00e1pido (4,30-6,00 min\/km)<br \/>\n<a href=\"https:\/\/miomiorun.com\/guida-alle-specifiche-tecniche\/\">Gu\u00eda de especificaciones t\u00e9cnicas<\/a><\/p>\n<p><\/div><\/div><div class=\"vc-column\"> <div class=\"vc-column-text\"><strong>Calzado dise\u00f1ado para condiciones clim\u00e1ticas adversas y h\u00famedas.<\/strong><\/p>\n<p><strong>Speedgoat 6 GORE-TEX<\/strong> para hombre es ahora a\u00fan m\u00e1s c\u00f3modo gracias a la membrana impermeable GORE-TEX Invisible Fit, que permite obtener una estructura m\u00e1s flexible y ligera, evitando los puntos de presi\u00f3n. Este icono del trail se apoya en la suela Vibram\u00ae Megagrip con Traction Lug para un mejor agarre en terrenos sueltos y se caracteriza por un refuerzo en el tal\u00f3n que envuelve el pie, compuesto por una entresuela ligera y reactiva, as\u00ed como un refuerzo protector en la puntera para afrontar las superficies m\u00e1s dif\u00edciles. \u00a1El mal tiempo ya no es un problema!<\/p>\n<p><strong>ADECUADO PARA<\/strong><\/p>\n<ul>\n<li>Trail.<\/li>\n<li>Senderismo.<\/li>\n<\/ul>\n<p><strong>CARACTER\u00cdSTICAS:<\/strong><\/p>\n<ul class=\"features-container\">\n<li class=\"feature-item\">Malla de poli\u00e9ster reciclado (100 %)<\/li>\n<li class=\"feature-item\">GORE-TEX Invisible Fit impermeable con tejido exterior de poli\u00e9ster reciclado (70 %)<\/li>\n<li class=\"feature-item\">Cuello reforzado en el tal\u00f3n<\/li>\n<li class=\"feature-item\">Refuerzo protector en la puntera<\/li>\n<li class=\"feature-item\">Entresuela de EVA moldeada por compresi\u00f3n<\/li>\n<li class=\"feature-item\">Suela Vibram\u00ae Megagrip con Traction Lug<\/li>\n<li class=\"feature-item\">Dibujo de la suela de 5 mm<\/li>\n<li class=\"feature-item\">MetaRocker\u2122 fluido<\/li>\n<li class=\"feature-item\">Plantilla moldeada de EVA<\/li>\n<li class=\"feature-item\">Modelo vegano<\/li>\n<li class=\"feature-item\">Cordones de nailon reciclado (70 %) y poli\u00e9ster reciclado (30 %), excepto la leng\u00fceta<\/li>\n<\/ul>\n<div class=\"description-whatsnew\">\n<p><strong>\u00bfQu\u00e9 hay de nuevo?<\/strong><\/p>\n<p>Se ha a\u00f1adido la membrana impermeable GORE-TEX Invisible Fit para un ajuste m\u00e1s el\u00e1stico y flexible y unos pies siempre secos.<\/p>\n<h2>Estabilidad<\/h2>\n<p>Speedgoat 6 GTX cuenta con una plantilla acolchada sim\u00e9trica, sin tecnolog\u00edas ortop\u00e9dicas adicionales. Dise\u00f1ada para ofrecerte el apoyo que necesitas, sin caracter\u00edsticas superfluas.<\/p>\n<h2>Amortiguaci\u00f3n<\/h2>\n<p>Speedgoat 6 GTX est\u00e1 dise\u00f1ada para ofrecer una amortiguaci\u00f3n protectora, al tiempo que mantiene un impulso reactivo cuando deseas aumentar la velocidad.<\/p>\n<p>&nbsp;<\/p>\n<\/div>\n<p><\/div><\/div><\/div>\n","protected":false},"excerpt":{"rendered":"<ul>\n<li>Calzado ideal para trail y senderismo.<\/li>\n<li>Suela Vibram\u00ae Megagrip con Traction Lug.<\/li>\n<li>Ideal para recorridos t\u00e9cnicos.<\/li>\n<li>Parte superior impermeable en Gore-Tex.<\/li>\n<\/ul>\n","protected":false},"featured_media":248907,"template":"","meta":{"_acf_changed":false,"inline_featured_image":false},"product_brand":[],"product_cat":[24454,24451],"product_tag":[23479,23605],"class_list":{"0":"post-295217","1":"product","2":"type-product","3":"status-publish","4":"has-post-thumbnail","6":"product_cat-calzado-para-hombre","7":"product_cat-trail-es-3","8":"product_tag-hoka-one-one-es","9":"product_tag-hoka-hombre","10":"pa_attivita-outdoor-es","11":"pa_attivita-trail-es","12":"pa_colore-speedgoat-6-gtx-sea-glass-fern-es","13":"pa_marca-hoka-es","14":"pa_sesso-hombre","15":"pa_size-42-es","16":"pa_size-43-es","18":"first","19":"instock","20":"sale","21":"taxable","22":"shipping-taxable","23":"purchasable","24":"product-type-variable","25":"wvs-archive-product-wrapper"},"acf":[],"yoast_head":"<!-- This site is optimized with the Yoast SEO plugin v26.8 - https:\/\/yoast.com\/product\/yoast-seo-wordpress\/ -->\n<title>Hoka Speedgoat 6 GTX hombre - zapatillas de trail - MioMioRun.com<\/title>\n<meta name=\"description\" content=\"Las Speedgoat 6 GORE-TEX para hombre son ahora a\u00fan m\u00e1s c\u00f3modas gracias a la membrana impermeable GORE-TEX Invisible Fit para pies estrechos.\" \/>\n<meta name=\"robots\" content=\"index, follow, max-snippet:-1, max-image-preview:large, max-video-preview:-1\" \/>\n<link rel=\"canonical\" href=\"https:\/\/www.miomiorun.com\/es\/producto\/speedgoat-6-gtx-hombre\/\" \/>\n<meta property=\"og:locale\" content=\"es_ES\" \/>\n<meta property=\"og:type\" content=\"article\" \/>\n<meta property=\"og:title\" content=\"Hoka Speedgoat 6 GTX hombre - zapatillas de trail - MioMioRun.com\" \/>\n<meta property=\"og:description\" content=\"Las Speedgoat 6 GORE-TEX para hombre son ahora a\u00fan m\u00e1s c\u00f3modas gracias a la membrana impermeable GORE-TEX Invisible Fit para pies estrechos.\" \/>\n<meta property=\"og:url\" content=\"https:\/\/www.miomiorun.com\/es\/producto\/speedgoat-6-gtx-hombre\/\" \/>\n<meta property=\"og:site_name\" content=\"MioMioRun\" \/>\n<meta property=\"article:publisher\" content=\"https:\/\/www.facebook.com\/miomiorun\/\" \/>\n<meta property=\"article:modified_time\" content=\"2026-03-20T22:49:16+00:00\" \/>\n<meta property=\"og:image\" content=\"https:\/\/www.miomiorun.com\/app\/uploads\/2024\/09\/hoka-Speedgoat-6-GTX-stardust-outer-orbit-1155150-SSTT.webp\" \/>\n\t<meta property=\"og:image:width\" content=\"600\" \/>\n\t<meta property=\"og:image:height\" content=\"600\" \/>\n\t<meta property=\"og:image:type\" content=\"image\/webp\" \/>\n<meta name=\"twitter:card\" content=\"summary_large_image\" \/>\n<meta name=\"twitter:label1\" content=\"Est. reading time\" \/>\n\t<meta name=\"twitter:data1\" content=\"2 minutes\" \/>\n<script type=\"application\/ld+json\" class=\"yoast-schema-graph\">{\"@context\":\"https:\/\/schema.org\",\"@graph\":[{\"@type\":\"WebPage\",\"@id\":\"https:\/\/www.miomiorun.com\/es\/producto\/speedgoat-6-gtx-hombre\/\",\"url\":\"https:\/\/www.miomiorun.com\/es\/producto\/speedgoat-6-gtx-hombre\/\",\"name\":\"Hoka Speedgoat 6 GTX hombre - zapatillas de trail - MioMioRun.com\",\"isPartOf\":{\"@id\":\"https:\/\/www.miomiorun.com\/es\/#website\"},\"primaryImageOfPage\":{\"@id\":\"https:\/\/www.miomiorun.com\/es\/producto\/speedgoat-6-gtx-hombre\/#primaryimage\"},\"image\":{\"@id\":\"https:\/\/www.miomiorun.com\/es\/producto\/speedgoat-6-gtx-hombre\/#primaryimage\"},\"thumbnailUrl\":\"https:\/\/www.miomiorun.com\/app\/uploads\/2024\/09\/hoka-Speedgoat-6-GTX-stardust-outer-orbit-1155150-SSTT.webp\",\"datePublished\":\"2024-09-19T12:24:20+00:00\",\"dateModified\":\"2026-03-20T22:49:16+00:00\",\"description\":\"Las Speedgoat 6 GORE-TEX para hombre son ahora a\u00fan m\u00e1s c\u00f3modas gracias a la membrana impermeable GORE-TEX Invisible Fit para pies estrechos.\",\"breadcrumb\":{\"@id\":\"https:\/\/www.miomiorun.com\/es\/producto\/speedgoat-6-gtx-hombre\/#breadcrumb\"},\"inLanguage\":\"es-ES\",\"potentialAction\":[{\"@type\":\"ReadAction\",\"target\":[\"https:\/\/www.miomiorun.com\/es\/producto\/speedgoat-6-gtx-hombre\/\"]}]},{\"@type\":\"ImageObject\",\"inLanguage\":\"es-ES\",\"@id\":\"https:\/\/www.miomiorun.com\/es\/producto\/speedgoat-6-gtx-hombre\/#primaryimage\",\"url\":\"https:\/\/www.miomiorun.com\/app\/uploads\/2024\/09\/hoka-Speedgoat-6-GTX-stardust-outer-orbit-1155150-SSTT.webp\",\"contentUrl\":\"https:\/\/www.miomiorun.com\/app\/uploads\/2024\/09\/hoka-Speedgoat-6-GTX-stardust-outer-orbit-1155150-SSTT.webp\",\"width\":600,\"height\":600,\"caption\":\"hoka Speedgoat 6 GTX stardust outer orbit 1155150 SSTT\"},{\"@type\":\"BreadcrumbList\",\"@id\":\"https:\/\/www.miomiorun.com\/es\/producto\/speedgoat-6-gtx-hombre\/#breadcrumb\",\"itemListElement\":[{\"@type\":\"ListItem\",\"position\":1,\"name\":\"Home\",\"item\":\"https:\/\/www.miomiorun.com\/es\/\"},{\"@type\":\"ListItem\",\"position\":2,\"name\":\"Shop\",\"item\":\"https:\/\/www.miomiorun.com\/shop\/\"},{\"@type\":\"ListItem\",\"position\":3,\"name\":\"Speedgoat 6 GTX hombre\"}]},{\"@type\":\"WebSite\",\"@id\":\"https:\/\/www.miomiorun.com\/es\/#website\",\"url\":\"https:\/\/www.miomiorun.com\/es\/\",\"name\":\"MioMioRun\",\"description\":\"Tienda 100% running y trail\",\"publisher\":{\"@id\":\"https:\/\/www.miomiorun.com\/es\/#organization\"},\"potentialAction\":[{\"@type\":\"SearchAction\",\"target\":{\"@type\":\"EntryPoint\",\"urlTemplate\":\"https:\/\/www.miomiorun.com\/es\/?s={search_term_string}\"},\"query-input\":{\"@type\":\"PropertyValueSpecification\",\"valueRequired\":true,\"valueName\":\"search_term_string\"}}],\"inLanguage\":\"es-ES\"},{\"@type\":\"Organization\",\"@id\":\"https:\/\/www.miomiorun.com\/es\/#organization\",\"name\":\"MioMio Run\",\"url\":\"https:\/\/www.miomiorun.com\/es\/\",\"logo\":{\"@type\":\"ImageObject\",\"inLanguage\":\"es-ES\",\"@id\":\"https:\/\/www.miomiorun.com\/es\/#\/schema\/logo\/image\/\",\"url\":\"https:\/\/www.miomiorun.com\/app\/uploads\/2019\/12\/logomio.png\",\"contentUrl\":\"https:\/\/www.miomiorun.com\/app\/uploads\/2019\/12\/logomio.png\",\"width\":115,\"height\":82,\"caption\":\"MioMio Run\"},\"image\":{\"@id\":\"https:\/\/www.miomiorun.com\/es\/#\/schema\/logo\/image\/\"},\"sameAs\":[\"https:\/\/www.facebook.com\/miomiorun\/\",\"https:\/\/www.instagram.com\/miomiorun\/\"]}]}<\/script>\n<!-- \/ Yoast SEO plugin. -->","yoast_head_json":{"title":"Hoka Speedgoat 6 GTX hombre - zapatillas de trail - MioMioRun.com","description":"Las Speedgoat 6 GORE-TEX para hombre son ahora a\u00fan m\u00e1s c\u00f3modas gracias a la membrana impermeable GORE-TEX Invisible Fit para pies estrechos.","robots":{"index":"index","follow":"follow","max-snippet":"max-snippet:-1","max-image-preview":"max-image-preview:large","max-video-preview":"max-video-preview:-1"},"canonical":"https:\/\/www.miomiorun.com\/es\/producto\/speedgoat-6-gtx-hombre\/","og_locale":"es_ES","og_type":"article","og_title":"Hoka Speedgoat 6 GTX hombre - zapatillas de trail - MioMioRun.com","og_description":"Las Speedgoat 6 GORE-TEX para hombre son ahora a\u00fan m\u00e1s c\u00f3modas gracias a la membrana impermeable GORE-TEX Invisible Fit para pies estrechos.","og_url":"https:\/\/www.miomiorun.com\/es\/producto\/speedgoat-6-gtx-hombre\/","og_site_name":"MioMioRun","article_publisher":"https:\/\/www.facebook.com\/miomiorun\/","article_modified_time":"2026-03-20T22:49:16+00:00","og_image":[{"width":600,"height":600,"url":"https:\/\/www.miomiorun.com\/app\/uploads\/2024\/09\/hoka-Speedgoat-6-GTX-stardust-outer-orbit-1155150-SSTT.webp","type":"image\/webp"}],"twitter_card":"summary_large_image","twitter_misc":{"Est. reading time":"2 minutes"},"schema":{"@context":"https:\/\/schema.org","@graph":[{"@type":"WebPage","@id":"https:\/\/www.miomiorun.com\/es\/producto\/speedgoat-6-gtx-hombre\/","url":"https:\/\/www.miomiorun.com\/es\/producto\/speedgoat-6-gtx-hombre\/","name":"Hoka Speedgoat 6 GTX hombre - zapatillas de trail - MioMioRun.com","isPartOf":{"@id":"https:\/\/www.miomiorun.com\/es\/#website"},"primaryImageOfPage":{"@id":"https:\/\/www.miomiorun.com\/es\/producto\/speedgoat-6-gtx-hombre\/#primaryimage"},"image":{"@id":"https:\/\/www.miomiorun.com\/es\/producto\/speedgoat-6-gtx-hombre\/#primaryimage"},"thumbnailUrl":"https:\/\/www.miomiorun.com\/app\/uploads\/2024\/09\/hoka-Speedgoat-6-GTX-stardust-outer-orbit-1155150-SSTT.webp","datePublished":"2024-09-19T12:24:20+00:00","dateModified":"2026-03-20T22:49:16+00:00","description":"Las Speedgoat 6 GORE-TEX para hombre son ahora a\u00fan m\u00e1s c\u00f3modas gracias a la membrana impermeable GORE-TEX Invisible Fit para pies estrechos.","breadcrumb":{"@id":"https:\/\/www.miomiorun.com\/es\/producto\/speedgoat-6-gtx-hombre\/#breadcrumb"},"inLanguage":"es-ES","potentialAction":[{"@type":"ReadAction","target":["https:\/\/www.miomiorun.com\/es\/producto\/speedgoat-6-gtx-hombre\/"]}]},{"@type":"ImageObject","inLanguage":"es-ES","@id":"https:\/\/www.miomiorun.com\/es\/producto\/speedgoat-6-gtx-hombre\/#primaryimage","url":"https:\/\/www.miomiorun.com\/app\/uploads\/2024\/09\/hoka-Speedgoat-6-GTX-stardust-outer-orbit-1155150-SSTT.webp","contentUrl":"https:\/\/www.miomiorun.com\/app\/uploads\/2024\/09\/hoka-Speedgoat-6-GTX-stardust-outer-orbit-1155150-SSTT.webp","width":600,"height":600,"caption":"hoka Speedgoat 6 GTX stardust outer orbit 1155150 SSTT"},{"@type":"BreadcrumbList","@id":"https:\/\/www.miomiorun.com\/es\/producto\/speedgoat-6-gtx-hombre\/#breadcrumb","itemListElement":[{"@type":"ListItem","position":1,"name":"Home","item":"https:\/\/www.miomiorun.com\/es\/"},{"@type":"ListItem","position":2,"name":"Shop","item":"https:\/\/www.miomiorun.com\/shop\/"},{"@type":"ListItem","position":3,"name":"Speedgoat 6 GTX hombre"}]},{"@type":"WebSite","@id":"https:\/\/www.miomiorun.com\/es\/#website","url":"https:\/\/www.miomiorun.com\/es\/","name":"MioMioRun","description":"Tienda 100% running y trail","publisher":{"@id":"https:\/\/www.miomiorun.com\/es\/#organization"},"potentialAction":[{"@type":"SearchAction","target":{"@type":"EntryPoint","urlTemplate":"https:\/\/www.miomiorun.com\/es\/?s={search_term_string}"},"query-input":{"@type":"PropertyValueSpecification","valueRequired":true,"valueName":"search_term_string"}}],"inLanguage":"es-ES"},{"@type":"Organization","@id":"https:\/\/www.miomiorun.com\/es\/#organization","name":"MioMio Run","url":"https:\/\/www.miomiorun.com\/es\/","logo":{"@type":"ImageObject","inLanguage":"es-ES","@id":"https:\/\/www.miomiorun.com\/es\/#\/schema\/logo\/image\/","url":"https:\/\/www.miomiorun.com\/app\/uploads\/2019\/12\/logomio.png","contentUrl":"https:\/\/www.miomiorun.com\/app\/uploads\/2019\/12\/logomio.png","width":115,"height":82,"caption":"MioMio Run"},"image":{"@id":"https:\/\/www.miomiorun.com\/es\/#\/schema\/logo\/image\/"},"sameAs":["https:\/\/www.facebook.com\/miomiorun\/","https:\/\/www.instagram.com\/miomiorun\/"]}]}},"_links":{"self":[{"href":"https:\/\/www.miomiorun.com\/es\/wp-json\/wp\/v2\/product\/295217","targetHints":{"allow":["GET"]}}],"collection":[{"href":"https:\/\/www.miomiorun.com\/es\/wp-json\/wp\/v2\/product"}],"about":[{"href":"https:\/\/www.miomiorun.com\/es\/wp-json\/wp\/v2\/types\/product"}],"wp:featuredmedia":[{"embeddable":true,"href":"https:\/\/www.miomiorun.com\/es\/wp-json\/wp\/v2\/media\/248907"}],"wp:attachment":[{"href":"https:\/\/www.miomiorun.com\/es\/wp-json\/wp\/v2\/media?parent=295217"}],"wp:term":[{"taxonomy":"product_brand","embeddable":true,"href":"https:\/\/www.miomiorun.com\/es\/wp-json\/wp\/v2\/product_brand?post=295217"},{"taxonomy":"product_cat","embeddable":true,"href":"https:\/\/www.miomiorun.com\/es\/wp-json\/wp\/v2\/product_cat?post=295217"},{"taxonomy":"product_tag","embeddable":true,"href":"https:\/\/www.miomiorun.com\/es\/wp-json\/wp\/v2\/product_tag?post=295217"}],"curies":[{"name":"wp","href":"https:\/\/api.w.org\/{rel}","templated":true}]}}