{"id":295198,"date":"2024-09-19T14:35:42","date_gmt":"2024-09-19T12:35:42","guid":{"rendered":"https:\/\/miomiorun.com\/prodotto\/speedgoat-6-gtx-donna\/"},"modified":"2026-03-16T17:51:04","modified_gmt":"2026-03-16T16:51:04","slug":"speedgoat-6-gtx-mujer","status":"publish","type":"product","link":"https:\/\/www.miomiorun.com\/es\/producto\/speedgoat-6-gtx-mujer\/","title":{"rendered":"Speedgoat 6 GTX mujer"},"content":{"rendered":"<div class=\"vc-row container\"><div class=\"vc-column\"><div class=\"vc-column-text\"><\/p>\n<p><strong>Especificaciones t\u00e9cnicas<\/strong><\/p>\n<p>Categor\u00eda: amortiguaci\u00f3n superior<br \/>\nDesnivel: 5 mm<br \/>\nPeso: 256 g<br \/>\nIdeal para: corredores de trail y amantes de las caminatas por la monta\u00f1a que buscan un modelo ligero, con buena amortiguaci\u00f3n y protecci\u00f3n, capaz de ofrecer el m\u00e1ximo confort incluso en distancias largas y de proteger el pie de las inclemencias del tiempo gracias a la membrana de Gore-Tex.<br \/>\nPeso del deportista: 50-70 kg<br \/>\nRitmo de carrera: medio-r\u00e1pido (4,30-6,00 min\/km)<br \/>\n<a href=\"https:\/\/miomiorun.com\/es\/guia-especifica\/\">Gu\u00eda de especificaciones t\u00e9cnicas<\/a><\/p>\n<p><\/div><\/div><div class=\"vc-column\"><div class=\"vc-column-text\"><strong>Calzado dise\u00f1ado para condiciones de mal tiempo y humedad.<\/strong><\/p>\n<p><strong>Speedgoat 6 GORE-TEX<\/strong> para mujer es ahora a\u00fan m\u00e1s c\u00f3moda gracias a la membrana impermeable GORE-TEX Invisible Fit, que permite una estructura m\u00e1s flexible y ligera, evitando los puntos de presi\u00f3n. Este icono del trail cuenta con la suela Vibram\u00ae Megagrip con Traction Lug para un mejor agarre en terrenos sueltos y se caracteriza por un refuerzo en el tal\u00f3n que envuelve el pie, una entresuela ligera y reactiva, as\u00ed como un refuerzo protector en la puntera para afrontar las superficies m\u00e1s dif\u00edciles. \u00a1El mal tiempo ya no es un problema!<\/p>\n<p><strong>APTO PARA<\/strong><\/p>\n<ul>\n<li>Sendero.<\/li>\n<li>Senderismo.<\/li>\n<\/ul>\n<p><strong>CARACTER\u00cdSTICAS:<\/strong><\/p>\n<ul class=\"features-container\">\n<li class=\"feature-item\">Malla de poli\u00e9ster reciclado (100 %)<\/li>\n<li class=\"feature-item\">GORE-TEX Invisible Fit impermeable con tejido exterior de poli\u00e9ster reciclado (70 %)<\/li>\n<li class=\"feature-item\">Refuerzo en el tal\u00f3n<\/li>\n<li class=\"feature-item\">Refuerzo protector en la punta<\/li>\n<li class=\"feature-item\">Entresuela de EVA moldeada por compresi\u00f3n<\/li>\n<li class=\"feature-item\">Suela Vibram\u00ae Megagrip con tacos de tracci\u00f3n<\/li>\n<li class=\"feature-item\">Blindaje de 5 mm<\/li>\n<li class=\"feature-item\">Fluido MetaRocker\u2122<\/li>\n<li class=\"feature-item\">Plantilla moldeada de EVA<\/li>\n<li class=\"feature-item\">Modelo vegano<\/li>\n<li class=\"feature-item\">Cordones de nailon reciclado (70 %) y poli\u00e9ster reciclado (30 %), sin contar el ojal<\/li>\n<\/ul>\n<div class=\"description-whatsnew\">\n<p><strong>\u00bfQu\u00e9 hay de nuevo?<\/strong><\/p>\n<p>Se ha incorporado la membrana impermeable GORE-TEX Invisible Fit para ofrecer un ajuste m\u00e1s el\u00e1stico y flexible y mantener los pies siempre secos.<\/p>\n<h2>Estabilidad<\/h2>\n<p>Las Speedgoat 6 GTX cuentan con una plantilla amortiguada sim\u00e9trica, sin tecnolog\u00edas ortop\u00e9dicas adicionales. Dise\u00f1adas para ofrecerte la sujeci\u00f3n que necesitas, sin caracter\u00edsticas superfluas.<\/p>\n<h2>Amortizaci\u00f3n<\/h2>\n<p>Las Speedgoat 6 GTX est\u00e1n dise\u00f1adas para ofrecer una amortiguaci\u00f3n protectora, sin perder la capacidad de respuesta cuando quieras aumentar la velocidad.<\/p>\n<\/div>\n<p><\/div><\/div><\/div>\n","protected":false},"excerpt":{"rendered":"<ul>\n<li>Zapatilla ideal para trail y senderismo.<\/li>\n<li>Suela Vibram\u00ae Megagrip con Traction Lug.<\/li>\n<li>Ideal para recorridos t\u00e9cnicos.<\/li>\n<li>Empeine impermeable de Gore-Tex.<\/li>\n<\/ul>\n","protected":false},"featured_media":248889,"template":"","meta":{"_acf_changed":false,"inline_featured_image":false},"product_brand":[],"product_cat":[24227,24230],"product_tag":[23479,23645],"class_list":{"0":"post-295198","1":"product","2":"type-product","3":"status-publish","4":"has-post-thumbnail","6":"product_cat-calzado-femenino","7":"product_cat-trail-es","8":"product_tag-hoka-one-one-es","9":"product_tag-hoka-mujer","10":"pa_attivita-outdoor-es","11":"pa_attivita-trail-es","12":"pa_colore-speedgoat-6-gtx-w-jade-ash-grey-es","13":"pa_colore-speedgoat-6-gtx-w-midnight-blue-alpine-b-es","14":"pa_marca-hoka-es","15":"pa_sesso-mujer","16":"pa_size-38-es","17":"pa_size-40-es","20":"first","21":"instock","22":"sale","23":"taxable","24":"shipping-taxable","25":"purchasable","26":"product-type-variable","27":"wvs-archive-product-wrapper"},"acf":[],"yoast_head":"<!-- This site is optimized with the Yoast SEO plugin v26.8 - https:\/\/yoast.com\/product\/yoast-seo-wordpress\/ -->\n<title>Hoka Speedgoat 6 GTX mujer -zapatillas de trail - MioMioRun.com<\/title>\n<meta name=\"description\" content=\"Las Speedgoat 6 GORE-TEX para mujer son ahora a\u00fan m\u00e1s c\u00f3modas gracias a la membrana impermeable GORE-TEX Invisible Fit para pies estrechos\" \/>\n<meta name=\"robots\" content=\"index, follow, max-snippet:-1, max-image-preview:large, max-video-preview:-1\" \/>\n<link rel=\"canonical\" href=\"https:\/\/www.miomiorun.com\/es\/producto\/speedgoat-6-gtx-mujer\/\" \/>\n<meta property=\"og:locale\" content=\"es_ES\" \/>\n<meta property=\"og:type\" content=\"article\" \/>\n<meta property=\"og:title\" content=\"Hoka Speedgoat 6 GTX mujer -zapatillas de trail - MioMioRun.com\" \/>\n<meta property=\"og:description\" content=\"Las Speedgoat 6 GORE-TEX para mujer son ahora a\u00fan m\u00e1s c\u00f3modas gracias a la membrana impermeable GORE-TEX Invisible Fit para pies estrechos\" \/>\n<meta property=\"og:url\" content=\"https:\/\/www.miomiorun.com\/es\/producto\/speedgoat-6-gtx-mujer\/\" \/>\n<meta property=\"og:site_name\" content=\"MioMioRun\" \/>\n<meta property=\"article:publisher\" content=\"https:\/\/www.facebook.com\/miomiorun\/\" \/>\n<meta property=\"article:modified_time\" content=\"2026-03-16T16:51:04+00:00\" \/>\n<meta property=\"og:image\" content=\"https:\/\/www.miomiorun.com\/app\/uploads\/2024\/09\/Hoka-Speedgoat-6-GTX-W-cosmic-grey-asteroid-1155151-CSMCG.webp\" \/>\n\t<meta property=\"og:image:width\" content=\"600\" \/>\n\t<meta property=\"og:image:height\" content=\"600\" \/>\n\t<meta property=\"og:image:type\" content=\"image\/webp\" \/>\n<meta name=\"twitter:card\" content=\"summary_large_image\" \/>\n<meta name=\"twitter:label1\" content=\"Est. reading time\" \/>\n\t<meta name=\"twitter:data1\" content=\"2 minutes\" \/>\n<script type=\"application\/ld+json\" class=\"yoast-schema-graph\">{\"@context\":\"https:\/\/schema.org\",\"@graph\":[{\"@type\":\"WebPage\",\"@id\":\"https:\/\/www.miomiorun.com\/es\/producto\/speedgoat-6-gtx-mujer\/\",\"url\":\"https:\/\/www.miomiorun.com\/es\/producto\/speedgoat-6-gtx-mujer\/\",\"name\":\"Hoka Speedgoat 6 GTX mujer -zapatillas de trail - MioMioRun.com\",\"isPartOf\":{\"@id\":\"https:\/\/www.miomiorun.com\/es\/#website\"},\"primaryImageOfPage\":{\"@id\":\"https:\/\/www.miomiorun.com\/es\/producto\/speedgoat-6-gtx-mujer\/#primaryimage\"},\"image\":{\"@id\":\"https:\/\/www.miomiorun.com\/es\/producto\/speedgoat-6-gtx-mujer\/#primaryimage\"},\"thumbnailUrl\":\"https:\/\/www.miomiorun.com\/app\/uploads\/2024\/09\/Hoka-Speedgoat-6-GTX-W-cosmic-grey-asteroid-1155151-CSMCG.webp\",\"datePublished\":\"2024-09-19T12:35:42+00:00\",\"dateModified\":\"2026-03-16T16:51:04+00:00\",\"description\":\"Las Speedgoat 6 GORE-TEX para mujer son ahora a\u00fan m\u00e1s c\u00f3modas gracias a la membrana impermeable GORE-TEX Invisible Fit para pies estrechos\",\"breadcrumb\":{\"@id\":\"https:\/\/www.miomiorun.com\/es\/producto\/speedgoat-6-gtx-mujer\/#breadcrumb\"},\"inLanguage\":\"es-ES\",\"potentialAction\":[{\"@type\":\"ReadAction\",\"target\":[\"https:\/\/www.miomiorun.com\/es\/producto\/speedgoat-6-gtx-mujer\/\"]}]},{\"@type\":\"ImageObject\",\"inLanguage\":\"es-ES\",\"@id\":\"https:\/\/www.miomiorun.com\/es\/producto\/speedgoat-6-gtx-mujer\/#primaryimage\",\"url\":\"https:\/\/www.miomiorun.com\/app\/uploads\/2024\/09\/Hoka-Speedgoat-6-GTX-W-cosmic-grey-asteroid-1155151-CSMCG.webp\",\"contentUrl\":\"https:\/\/www.miomiorun.com\/app\/uploads\/2024\/09\/Hoka-Speedgoat-6-GTX-W-cosmic-grey-asteroid-1155151-CSMCG.webp\",\"width\":600,\"height\":600,\"caption\":\"Hoka Speedgoat 6 GTX W cosmic grey asteroid 1155151 CSMCG\"},{\"@type\":\"BreadcrumbList\",\"@id\":\"https:\/\/www.miomiorun.com\/es\/producto\/speedgoat-6-gtx-mujer\/#breadcrumb\",\"itemListElement\":[{\"@type\":\"ListItem\",\"position\":1,\"name\":\"Home\",\"item\":\"https:\/\/www.miomiorun.com\/es\/\"},{\"@type\":\"ListItem\",\"position\":2,\"name\":\"Shop\",\"item\":\"https:\/\/www.miomiorun.com\/shop\/\"},{\"@type\":\"ListItem\",\"position\":3,\"name\":\"Speedgoat 6 GTX mujer\"}]},{\"@type\":\"WebSite\",\"@id\":\"https:\/\/www.miomiorun.com\/es\/#website\",\"url\":\"https:\/\/www.miomiorun.com\/es\/\",\"name\":\"MioMioRun\",\"description\":\"Tienda 100% running y trail\",\"publisher\":{\"@id\":\"https:\/\/www.miomiorun.com\/es\/#organization\"},\"potentialAction\":[{\"@type\":\"SearchAction\",\"target\":{\"@type\":\"EntryPoint\",\"urlTemplate\":\"https:\/\/www.miomiorun.com\/es\/?s={search_term_string}\"},\"query-input\":{\"@type\":\"PropertyValueSpecification\",\"valueRequired\":true,\"valueName\":\"search_term_string\"}}],\"inLanguage\":\"es-ES\"},{\"@type\":\"Organization\",\"@id\":\"https:\/\/www.miomiorun.com\/es\/#organization\",\"name\":\"MioMio Run\",\"url\":\"https:\/\/www.miomiorun.com\/es\/\",\"logo\":{\"@type\":\"ImageObject\",\"inLanguage\":\"es-ES\",\"@id\":\"https:\/\/www.miomiorun.com\/es\/#\/schema\/logo\/image\/\",\"url\":\"https:\/\/www.miomiorun.com\/app\/uploads\/2019\/12\/logomio.png\",\"contentUrl\":\"https:\/\/www.miomiorun.com\/app\/uploads\/2019\/12\/logomio.png\",\"width\":115,\"height\":82,\"caption\":\"MioMio Run\"},\"image\":{\"@id\":\"https:\/\/www.miomiorun.com\/es\/#\/schema\/logo\/image\/\"},\"sameAs\":[\"https:\/\/www.facebook.com\/miomiorun\/\",\"https:\/\/www.instagram.com\/miomiorun\/\"]}]}<\/script>\n<!-- \/ Yoast SEO plugin. -->","yoast_head_json":{"title":"Hoka Speedgoat 6 GTX mujer -zapatillas de trail - MioMioRun.com","description":"Las Speedgoat 6 GORE-TEX para mujer son ahora a\u00fan m\u00e1s c\u00f3modas gracias a la membrana impermeable GORE-TEX Invisible Fit para pies estrechos","robots":{"index":"index","follow":"follow","max-snippet":"max-snippet:-1","max-image-preview":"max-image-preview:large","max-video-preview":"max-video-preview:-1"},"canonical":"https:\/\/www.miomiorun.com\/es\/producto\/speedgoat-6-gtx-mujer\/","og_locale":"es_ES","og_type":"article","og_title":"Hoka Speedgoat 6 GTX mujer -zapatillas de trail - MioMioRun.com","og_description":"Las Speedgoat 6 GORE-TEX para mujer son ahora a\u00fan m\u00e1s c\u00f3modas gracias a la membrana impermeable GORE-TEX Invisible Fit para pies estrechos","og_url":"https:\/\/www.miomiorun.com\/es\/producto\/speedgoat-6-gtx-mujer\/","og_site_name":"MioMioRun","article_publisher":"https:\/\/www.facebook.com\/miomiorun\/","article_modified_time":"2026-03-16T16:51:04+00:00","og_image":[{"width":600,"height":600,"url":"https:\/\/www.miomiorun.com\/app\/uploads\/2024\/09\/Hoka-Speedgoat-6-GTX-W-cosmic-grey-asteroid-1155151-CSMCG.webp","type":"image\/webp"}],"twitter_card":"summary_large_image","twitter_misc":{"Est. reading time":"2 minutes"},"schema":{"@context":"https:\/\/schema.org","@graph":[{"@type":"WebPage","@id":"https:\/\/www.miomiorun.com\/es\/producto\/speedgoat-6-gtx-mujer\/","url":"https:\/\/www.miomiorun.com\/es\/producto\/speedgoat-6-gtx-mujer\/","name":"Hoka Speedgoat 6 GTX mujer -zapatillas de trail - MioMioRun.com","isPartOf":{"@id":"https:\/\/www.miomiorun.com\/es\/#website"},"primaryImageOfPage":{"@id":"https:\/\/www.miomiorun.com\/es\/producto\/speedgoat-6-gtx-mujer\/#primaryimage"},"image":{"@id":"https:\/\/www.miomiorun.com\/es\/producto\/speedgoat-6-gtx-mujer\/#primaryimage"},"thumbnailUrl":"https:\/\/www.miomiorun.com\/app\/uploads\/2024\/09\/Hoka-Speedgoat-6-GTX-W-cosmic-grey-asteroid-1155151-CSMCG.webp","datePublished":"2024-09-19T12:35:42+00:00","dateModified":"2026-03-16T16:51:04+00:00","description":"Las Speedgoat 6 GORE-TEX para mujer son ahora a\u00fan m\u00e1s c\u00f3modas gracias a la membrana impermeable GORE-TEX Invisible Fit para pies estrechos","breadcrumb":{"@id":"https:\/\/www.miomiorun.com\/es\/producto\/speedgoat-6-gtx-mujer\/#breadcrumb"},"inLanguage":"es-ES","potentialAction":[{"@type":"ReadAction","target":["https:\/\/www.miomiorun.com\/es\/producto\/speedgoat-6-gtx-mujer\/"]}]},{"@type":"ImageObject","inLanguage":"es-ES","@id":"https:\/\/www.miomiorun.com\/es\/producto\/speedgoat-6-gtx-mujer\/#primaryimage","url":"https:\/\/www.miomiorun.com\/app\/uploads\/2024\/09\/Hoka-Speedgoat-6-GTX-W-cosmic-grey-asteroid-1155151-CSMCG.webp","contentUrl":"https:\/\/www.miomiorun.com\/app\/uploads\/2024\/09\/Hoka-Speedgoat-6-GTX-W-cosmic-grey-asteroid-1155151-CSMCG.webp","width":600,"height":600,"caption":"Hoka Speedgoat 6 GTX W cosmic grey asteroid 1155151 CSMCG"},{"@type":"BreadcrumbList","@id":"https:\/\/www.miomiorun.com\/es\/producto\/speedgoat-6-gtx-mujer\/#breadcrumb","itemListElement":[{"@type":"ListItem","position":1,"name":"Home","item":"https:\/\/www.miomiorun.com\/es\/"},{"@type":"ListItem","position":2,"name":"Shop","item":"https:\/\/www.miomiorun.com\/shop\/"},{"@type":"ListItem","position":3,"name":"Speedgoat 6 GTX mujer"}]},{"@type":"WebSite","@id":"https:\/\/www.miomiorun.com\/es\/#website","url":"https:\/\/www.miomiorun.com\/es\/","name":"MioMioRun","description":"Tienda 100% running y trail","publisher":{"@id":"https:\/\/www.miomiorun.com\/es\/#organization"},"potentialAction":[{"@type":"SearchAction","target":{"@type":"EntryPoint","urlTemplate":"https:\/\/www.miomiorun.com\/es\/?s={search_term_string}"},"query-input":{"@type":"PropertyValueSpecification","valueRequired":true,"valueName":"search_term_string"}}],"inLanguage":"es-ES"},{"@type":"Organization","@id":"https:\/\/www.miomiorun.com\/es\/#organization","name":"MioMio Run","url":"https:\/\/www.miomiorun.com\/es\/","logo":{"@type":"ImageObject","inLanguage":"es-ES","@id":"https:\/\/www.miomiorun.com\/es\/#\/schema\/logo\/image\/","url":"https:\/\/www.miomiorun.com\/app\/uploads\/2019\/12\/logomio.png","contentUrl":"https:\/\/www.miomiorun.com\/app\/uploads\/2019\/12\/logomio.png","width":115,"height":82,"caption":"MioMio Run"},"image":{"@id":"https:\/\/www.miomiorun.com\/es\/#\/schema\/logo\/image\/"},"sameAs":["https:\/\/www.facebook.com\/miomiorun\/","https:\/\/www.instagram.com\/miomiorun\/"]}]}},"_links":{"self":[{"href":"https:\/\/www.miomiorun.com\/es\/wp-json\/wp\/v2\/product\/295198","targetHints":{"allow":["GET"]}}],"collection":[{"href":"https:\/\/www.miomiorun.com\/es\/wp-json\/wp\/v2\/product"}],"about":[{"href":"https:\/\/www.miomiorun.com\/es\/wp-json\/wp\/v2\/types\/product"}],"wp:featuredmedia":[{"embeddable":true,"href":"https:\/\/www.miomiorun.com\/es\/wp-json\/wp\/v2\/media\/248889"}],"wp:attachment":[{"href":"https:\/\/www.miomiorun.com\/es\/wp-json\/wp\/v2\/media?parent=295198"}],"wp:term":[{"taxonomy":"product_brand","embeddable":true,"href":"https:\/\/www.miomiorun.com\/es\/wp-json\/wp\/v2\/product_brand?post=295198"},{"taxonomy":"product_cat","embeddable":true,"href":"https:\/\/www.miomiorun.com\/es\/wp-json\/wp\/v2\/product_cat?post=295198"},{"taxonomy":"product_tag","embeddable":true,"href":"https:\/\/www.miomiorun.com\/es\/wp-json\/wp\/v2\/product_tag?post=295198"}],"curies":[{"name":"wp","href":"https:\/\/api.w.org\/{rel}","templated":true}]}}