{"id":295171,"date":"2024-09-26T12:38:09","date_gmt":"2024-09-26T10:38:09","guid":{"rendered":"https:\/\/miomiorun.com\/prodotto\/sprintstar\/"},"modified":"2026-04-22T16:33:18","modified_gmt":"2026-04-22T14:33:18","slug":"sprintstar","status":"publish","type":"product","link":"https:\/\/www.miomiorun.com\/es\/producto\/sprintstar\/","title":{"rendered":"Sprintstar"},"content":{"rendered":"<div class=\"vc-row container\"><div class=\"vc-column\"><div class=\"vc-column-text\"><\/p>\n<p><strong>Especificaciones t\u00e9cnicas<\/strong><\/p>\n<p>Categor\u00eda: pista<\/p>\n<p>Peso: 175 g<br \/>\nIdeal para: atletas que buscan zapatillas con clavos para entrenamientos y competiciones en pista en distancias de hasta 1500 metros<br \/>\nPeso del atleta: 50-75 kg<br \/>\nRitmo de carrera: r\u00e1pido &lt; 3,30 min\/km<br \/>\n<a href=\"https:\/\/miomiorun.com\/guida-alle-specifiche-tecniche\/\">Gu\u00eda de especificaciones t\u00e9cnicas<\/a><\/p>\n<p><\/div><\/div><div class=\"vc-column\"><div class=\"vc-column-text\"><\/p>\n<div class=\"accordion__content___29x9h\">\n<div class=\"content-padding___2kVWQ\">\n<div class=\"description___29WFI\">\n<div class=\"text-content___13aRm\">\n<h3 class=\"subtitle___9ljbp\">Zapatillas de atletismo fabricadas en parte con materiales reciclados.<\/h3>\n<p class=\"gl-vspace\">Mejora tu marca personal. Estas zapatillas <strong>adizero Sprintstar<\/strong> unisex han sido creadas para atletas que buscan la m\u00e1xima velocidad.<\/p>\n<p class=\"gl-vspace\">La parte superior de material sint\u00e9tico y el forro de malla garantizan una transpirabilidad \u00f3ptima, mientras que la placa r\u00edgida con clavos favorece aceleraciones impresionantes en las rectas. La silueta aerodin\u00e1mica y la suela de material sint\u00e9tico te impulsan cada vez m\u00e1s hacia delante. Si quieres cruzar la meta antes que nadie, estas zapatillas son las aliadas ideales para conseguirlo. Este producto contiene al menos un 20 % de materiales reciclados.<\/p>\n<h3>Caracter\u00edsticas:<\/h3>\n<ul class=\"gl-list\">\n<li class=\"gl-vspace-bpall-small\">Ajuste normal<\/li>\n<li class=\"gl-vspace-bpall-small\">Cierre con cordones<\/li>\n<li class=\"gl-vspace-bpall-small\">Empeine de material sint\u00e9tico<\/li>\n<li class=\"gl-vspace-bpall-small\">Forro de material sint\u00e9tico<\/li>\n<li class=\"gl-vspace-bpall-small\">Suela de material sint\u00e9tico con placa de clavos<\/li>\n<li class=\"gl-vspace-bpall-small\">Suela sint\u00e9tica con tacos<\/li>\n<li class=\"gl-vspace-bpall-small\">Al menos el 20 % del material procede de fuentes recicladas<\/li>\n<\/ul>\n<p>&nbsp;<\/p>\n<\/div>\n<\/div>\n<\/div>\n<\/div>\n<p><\/div><\/div><\/div>\n","protected":false},"excerpt":{"rendered":"<p>Zapatillas con clavos para competici\u00f3n<\/p>\n<p>Para atletas que buscan la m\u00e1xima velocidad<\/p>\n","protected":false},"featured_media":249161,"template":"","meta":{"_acf_changed":false,"inline_featured_image":false},"product_brand":[],"product_cat":[24227,24454,24228,24453],"product_tag":[23558,23570,23620],"class_list":{"0":"post-295171","1":"product","2":"type-product","3":"status-publish","4":"has-post-thumbnail","6":"product_cat-calzado-femenino","7":"product_cat-calzado-para-hombre","8":"product_cat-neutre-es","9":"product_cat-neutre-es-3","10":"product_tag-adidas-es","11":"product_tag-adidas-hombre","12":"product_tag-adidas-mujer","13":"pa_attivita-running-es","14":"pa_colore-sprintstar-cblack-zeromt-ftwwh-es","15":"pa_colore-sprintstar-spark-cblack-zeromt-es","16":"pa_marca-adidas-es","17":"pa_sesso-hombre","18":"pa_sesso-mujer","19":"pa_size-42-es","21":"pa_size-43-es","22":"pa_size-44-es","24":"first","25":"instock","26":"sale","27":"taxable","28":"shipping-taxable","29":"purchasable","30":"product-type-variable","31":"wvs-archive-product-wrapper"},"acf":[],"yoast_head":"<!-- This site is optimized with the Yoast SEO plugin v26.8 - https:\/\/yoast.com\/product\/yoast-seo-wordpress\/ -->\n<title>Adidas Sprintstar -Zapatos con tachuelas - MioMioRun.com<\/title>\n<meta name=\"description\" content=\"Las zapatillas Sprintstar Unisex de adizero se han dise\u00f1ado para los atletas que buscan la m\u00e1xima velocidad. La parte superior de material sint\u00e9tico y el forro de malla\" \/>\n<meta name=\"robots\" content=\"index, follow, max-snippet:-1, max-image-preview:large, max-video-preview:-1\" \/>\n<link rel=\"canonical\" href=\"https:\/\/www.miomiorun.com\/es\/producto\/sprintstar\/\" \/>\n<meta property=\"og:locale\" content=\"es_ES\" \/>\n<meta property=\"og:type\" content=\"article\" \/>\n<meta property=\"og:title\" content=\"Adidas Sprintstar -Zapatos con tachuelas - MioMioRun.com\" \/>\n<meta property=\"og:description\" content=\"Las zapatillas Sprintstar Unisex de adizero se han dise\u00f1ado para los atletas que buscan la m\u00e1xima velocidad. La parte superior de material sint\u00e9tico y el forro de malla\" \/>\n<meta property=\"og:url\" content=\"https:\/\/www.miomiorun.com\/es\/producto\/sprintstar\/\" \/>\n<meta property=\"og:site_name\" content=\"MioMioRun\" \/>\n<meta property=\"article:publisher\" content=\"https:\/\/www.facebook.com\/miomiorun\/\" \/>\n<meta property=\"article:modified_time\" content=\"2026-04-22T14:33:18+00:00\" \/>\n<meta property=\"og:image\" content=\"https:\/\/www.miomiorun.com\/app\/uploads\/2024\/10\/adidas-Sprintstar-spark-cblack-zeromt-IF1233.webp\" \/>\n\t<meta property=\"og:image:width\" content=\"600\" \/>\n\t<meta property=\"og:image:height\" content=\"600\" \/>\n\t<meta property=\"og:image:type\" content=\"image\/webp\" \/>\n<meta name=\"twitter:card\" content=\"summary_large_image\" \/>\n<meta name=\"twitter:label1\" content=\"Est. reading time\" \/>\n\t<meta name=\"twitter:data1\" content=\"1 minute\" \/>\n<script type=\"application\/ld+json\" class=\"yoast-schema-graph\">{\"@context\":\"https:\/\/schema.org\",\"@graph\":[{\"@type\":\"WebPage\",\"@id\":\"https:\/\/www.miomiorun.com\/es\/producto\/sprintstar\/\",\"url\":\"https:\/\/www.miomiorun.com\/es\/producto\/sprintstar\/\",\"name\":\"Adidas Sprintstar -Zapatos con tachuelas - MioMioRun.com\",\"isPartOf\":{\"@id\":\"https:\/\/www.miomiorun.com\/es\/#website\"},\"primaryImageOfPage\":{\"@id\":\"https:\/\/www.miomiorun.com\/es\/producto\/sprintstar\/#primaryimage\"},\"image\":{\"@id\":\"https:\/\/www.miomiorun.com\/es\/producto\/sprintstar\/#primaryimage\"},\"thumbnailUrl\":\"https:\/\/www.miomiorun.com\/app\/uploads\/2024\/10\/adidas-Sprintstar-spark-cblack-zeromt-IF1233.webp\",\"datePublished\":\"2024-09-26T10:38:09+00:00\",\"dateModified\":\"2026-04-22T14:33:18+00:00\",\"description\":\"Las zapatillas Sprintstar Unisex de adizero se han dise\u00f1ado para los atletas que buscan la m\u00e1xima velocidad. La parte superior de material sint\u00e9tico y el forro de malla\",\"breadcrumb\":{\"@id\":\"https:\/\/www.miomiorun.com\/es\/producto\/sprintstar\/#breadcrumb\"},\"inLanguage\":\"es-ES\",\"potentialAction\":[{\"@type\":\"ReadAction\",\"target\":[\"https:\/\/www.miomiorun.com\/es\/producto\/sprintstar\/\"]}]},{\"@type\":\"ImageObject\",\"inLanguage\":\"es-ES\",\"@id\":\"https:\/\/www.miomiorun.com\/es\/producto\/sprintstar\/#primaryimage\",\"url\":\"https:\/\/www.miomiorun.com\/app\/uploads\/2024\/10\/adidas-Sprintstar-spark-cblack-zeromt-IF1233.webp\",\"contentUrl\":\"https:\/\/www.miomiorun.com\/app\/uploads\/2024\/10\/adidas-Sprintstar-spark-cblack-zeromt-IF1233.webp\",\"width\":600,\"height\":600,\"caption\":\"adidas Sprintstar spark cblack zeromt IF1233\"},{\"@type\":\"BreadcrumbList\",\"@id\":\"https:\/\/www.miomiorun.com\/es\/producto\/sprintstar\/#breadcrumb\",\"itemListElement\":[{\"@type\":\"ListItem\",\"position\":1,\"name\":\"Home\",\"item\":\"https:\/\/www.miomiorun.com\/es\/\"},{\"@type\":\"ListItem\",\"position\":2,\"name\":\"Shop\",\"item\":\"https:\/\/www.miomiorun.com\/shop\/\"},{\"@type\":\"ListItem\",\"position\":3,\"name\":\"Sprintstar\"}]},{\"@type\":\"WebSite\",\"@id\":\"https:\/\/www.miomiorun.com\/es\/#website\",\"url\":\"https:\/\/www.miomiorun.com\/es\/\",\"name\":\"MioMioRun\",\"description\":\"Tienda 100% running y trail\",\"publisher\":{\"@id\":\"https:\/\/www.miomiorun.com\/es\/#organization\"},\"potentialAction\":[{\"@type\":\"SearchAction\",\"target\":{\"@type\":\"EntryPoint\",\"urlTemplate\":\"https:\/\/www.miomiorun.com\/es\/?s={search_term_string}\"},\"query-input\":{\"@type\":\"PropertyValueSpecification\",\"valueRequired\":true,\"valueName\":\"search_term_string\"}}],\"inLanguage\":\"es-ES\"},{\"@type\":\"Organization\",\"@id\":\"https:\/\/www.miomiorun.com\/es\/#organization\",\"name\":\"MioMio Run\",\"url\":\"https:\/\/www.miomiorun.com\/es\/\",\"logo\":{\"@type\":\"ImageObject\",\"inLanguage\":\"es-ES\",\"@id\":\"https:\/\/www.miomiorun.com\/es\/#\/schema\/logo\/image\/\",\"url\":\"https:\/\/www.miomiorun.com\/app\/uploads\/2019\/12\/logomio.png\",\"contentUrl\":\"https:\/\/www.miomiorun.com\/app\/uploads\/2019\/12\/logomio.png\",\"width\":115,\"height\":82,\"caption\":\"MioMio Run\"},\"image\":{\"@id\":\"https:\/\/www.miomiorun.com\/es\/#\/schema\/logo\/image\/\"},\"sameAs\":[\"https:\/\/www.facebook.com\/miomiorun\/\",\"https:\/\/www.instagram.com\/miomiorun\/\"]}]}<\/script>\n<!-- \/ Yoast SEO plugin. -->","yoast_head_json":{"title":"Adidas Sprintstar -Zapatos con tachuelas - MioMioRun.com","description":"Las zapatillas Sprintstar Unisex de adizero se han dise\u00f1ado para los atletas que buscan la m\u00e1xima velocidad. La parte superior de material sint\u00e9tico y el forro de malla","robots":{"index":"index","follow":"follow","max-snippet":"max-snippet:-1","max-image-preview":"max-image-preview:large","max-video-preview":"max-video-preview:-1"},"canonical":"https:\/\/www.miomiorun.com\/es\/producto\/sprintstar\/","og_locale":"es_ES","og_type":"article","og_title":"Adidas Sprintstar -Zapatos con tachuelas - MioMioRun.com","og_description":"Las zapatillas Sprintstar Unisex de adizero se han dise\u00f1ado para los atletas que buscan la m\u00e1xima velocidad. La parte superior de material sint\u00e9tico y el forro de malla","og_url":"https:\/\/www.miomiorun.com\/es\/producto\/sprintstar\/","og_site_name":"MioMioRun","article_publisher":"https:\/\/www.facebook.com\/miomiorun\/","article_modified_time":"2026-04-22T14:33:18+00:00","og_image":[{"width":600,"height":600,"url":"https:\/\/www.miomiorun.com\/app\/uploads\/2024\/10\/adidas-Sprintstar-spark-cblack-zeromt-IF1233.webp","type":"image\/webp"}],"twitter_card":"summary_large_image","twitter_misc":{"Est. reading time":"1 minute"},"schema":{"@context":"https:\/\/schema.org","@graph":[{"@type":"WebPage","@id":"https:\/\/www.miomiorun.com\/es\/producto\/sprintstar\/","url":"https:\/\/www.miomiorun.com\/es\/producto\/sprintstar\/","name":"Adidas Sprintstar -Zapatos con tachuelas - MioMioRun.com","isPartOf":{"@id":"https:\/\/www.miomiorun.com\/es\/#website"},"primaryImageOfPage":{"@id":"https:\/\/www.miomiorun.com\/es\/producto\/sprintstar\/#primaryimage"},"image":{"@id":"https:\/\/www.miomiorun.com\/es\/producto\/sprintstar\/#primaryimage"},"thumbnailUrl":"https:\/\/www.miomiorun.com\/app\/uploads\/2024\/10\/adidas-Sprintstar-spark-cblack-zeromt-IF1233.webp","datePublished":"2024-09-26T10:38:09+00:00","dateModified":"2026-04-22T14:33:18+00:00","description":"Las zapatillas Sprintstar Unisex de adizero se han dise\u00f1ado para los atletas que buscan la m\u00e1xima velocidad. La parte superior de material sint\u00e9tico y el forro de malla","breadcrumb":{"@id":"https:\/\/www.miomiorun.com\/es\/producto\/sprintstar\/#breadcrumb"},"inLanguage":"es-ES","potentialAction":[{"@type":"ReadAction","target":["https:\/\/www.miomiorun.com\/es\/producto\/sprintstar\/"]}]},{"@type":"ImageObject","inLanguage":"es-ES","@id":"https:\/\/www.miomiorun.com\/es\/producto\/sprintstar\/#primaryimage","url":"https:\/\/www.miomiorun.com\/app\/uploads\/2024\/10\/adidas-Sprintstar-spark-cblack-zeromt-IF1233.webp","contentUrl":"https:\/\/www.miomiorun.com\/app\/uploads\/2024\/10\/adidas-Sprintstar-spark-cblack-zeromt-IF1233.webp","width":600,"height":600,"caption":"adidas Sprintstar spark cblack zeromt IF1233"},{"@type":"BreadcrumbList","@id":"https:\/\/www.miomiorun.com\/es\/producto\/sprintstar\/#breadcrumb","itemListElement":[{"@type":"ListItem","position":1,"name":"Home","item":"https:\/\/www.miomiorun.com\/es\/"},{"@type":"ListItem","position":2,"name":"Shop","item":"https:\/\/www.miomiorun.com\/shop\/"},{"@type":"ListItem","position":3,"name":"Sprintstar"}]},{"@type":"WebSite","@id":"https:\/\/www.miomiorun.com\/es\/#website","url":"https:\/\/www.miomiorun.com\/es\/","name":"MioMioRun","description":"Tienda 100% running y trail","publisher":{"@id":"https:\/\/www.miomiorun.com\/es\/#organization"},"potentialAction":[{"@type":"SearchAction","target":{"@type":"EntryPoint","urlTemplate":"https:\/\/www.miomiorun.com\/es\/?s={search_term_string}"},"query-input":{"@type":"PropertyValueSpecification","valueRequired":true,"valueName":"search_term_string"}}],"inLanguage":"es-ES"},{"@type":"Organization","@id":"https:\/\/www.miomiorun.com\/es\/#organization","name":"MioMio Run","url":"https:\/\/www.miomiorun.com\/es\/","logo":{"@type":"ImageObject","inLanguage":"es-ES","@id":"https:\/\/www.miomiorun.com\/es\/#\/schema\/logo\/image\/","url":"https:\/\/www.miomiorun.com\/app\/uploads\/2019\/12\/logomio.png","contentUrl":"https:\/\/www.miomiorun.com\/app\/uploads\/2019\/12\/logomio.png","width":115,"height":82,"caption":"MioMio Run"},"image":{"@id":"https:\/\/www.miomiorun.com\/es\/#\/schema\/logo\/image\/"},"sameAs":["https:\/\/www.facebook.com\/miomiorun\/","https:\/\/www.instagram.com\/miomiorun\/"]}]}},"_links":{"self":[{"href":"https:\/\/www.miomiorun.com\/es\/wp-json\/wp\/v2\/product\/295171","targetHints":{"allow":["GET"]}}],"collection":[{"href":"https:\/\/www.miomiorun.com\/es\/wp-json\/wp\/v2\/product"}],"about":[{"href":"https:\/\/www.miomiorun.com\/es\/wp-json\/wp\/v2\/types\/product"}],"wp:featuredmedia":[{"embeddable":true,"href":"https:\/\/www.miomiorun.com\/es\/wp-json\/wp\/v2\/media\/249161"}],"wp:attachment":[{"href":"https:\/\/www.miomiorun.com\/es\/wp-json\/wp\/v2\/media?parent=295171"}],"wp:term":[{"taxonomy":"product_brand","embeddable":true,"href":"https:\/\/www.miomiorun.com\/es\/wp-json\/wp\/v2\/product_brand?post=295171"},{"taxonomy":"product_cat","embeddable":true,"href":"https:\/\/www.miomiorun.com\/es\/wp-json\/wp\/v2\/product_cat?post=295171"},{"taxonomy":"product_tag","embeddable":true,"href":"https:\/\/www.miomiorun.com\/es\/wp-json\/wp\/v2\/product_tag?post=295171"}],"curies":[{"name":"wp","href":"https:\/\/api.w.org\/{rel}","templated":true}]}}