{"id":295109,"date":"2024-09-26T13:30:48","date_gmt":"2024-09-26T11:30:48","guid":{"rendered":"https:\/\/miomiorun.com\/prodotto\/ultraboost-5x-uomo\/"},"modified":"2026-03-03T10:02:41","modified_gmt":"2026-03-03T09:02:41","slug":"ultraboost-5x-hombre","status":"publish","type":"product","link":"https:\/\/www.miomiorun.com\/es\/producto\/ultraboost-5x-hombre\/","title":{"rendered":"Ultraboost 5X hombre"},"content":{"rendered":"<div class=\"vc-row container\"><div class=\"vc-column\"><div class=\"vc-column-text\"><\/p>\n<p><strong>Especificaciones t\u00e9cnicas<\/strong><\/p>\n<p>Categor\u00eda: amortiguaci\u00f3n ultra<br \/>\nOffset: 10 mm (39 mm \/ 29 mm)<br \/>\nPeso: 275 g<br \/>\nIdeal para: corredores y caminantes que buscan una zapatilla con la m\u00e1xima amortiguaci\u00f3n y suavidad, tanto en la pisada como en la parte superior, para afrontar carreras y caminatas de larga distancia.<br \/>\nPeso del atleta: &gt;80 kg<br \/>\nRitmo de carrera: lento (&gt;5,30 min\/km)<br \/>\n<a href=\"https:\/\/miomiorun.com\/es\/guia-especifica\/\">Gu\u00eda de especificaciones t\u00e9cnicas<\/a><\/p>\n<p><\/div><\/div><div class=\"vc-column\"><div class=\"vc-column-text\"><\/p>\n<h3 class=\"subtitle___9ljbp\">Una nueva generaci\u00f3n de zapatillas de running BOOST, creadas en parte con materiales reciclados.<\/h3>\n<p class=\"gl-vspace\">Perseguir nuevos r\u00e9cords personales es m\u00e1s f\u00e1cil con estas zapatillas de running de adidas.<\/p>\n<p class=\"name___120FN\" data-auto-id=\"product-title\" data-testid=\"product-title\"><strong>Las Ultraboost 5x<\/strong> para hombre utilizan la tecnolog\u00eda BOOST m\u00e1s ligera hasta la fecha, que garantiza un retorno de energ\u00eda constante kil\u00f3metro tras kil\u00f3metro. La tecnolog\u00eda Torsion System entre el tal\u00f3n y la puntera mejora la estabilidad y favorece una zancada fluida, independientemente de la distancia o la velocidad. La suela de goma Continental\u2122 garantiza un agarre fiable incluso en condiciones de humedad, para ayudarte a dar lo mejor de ti en cualquier situaci\u00f3n. Este producto contiene al menos un 20 % de materiales reciclados.<\/p>\n<p data-auto-id=\"product-title\" data-testid=\"product-title\"><strong>Caracter\u00edsticas:<\/strong><\/p>\n<ul class=\"gl-list\">\n<li class=\"gl-vspace-bpall-small\">Ajuste normal<\/li>\n<li class=\"gl-vspace-bpall-small\">Cierre con cordones<\/li>\n<li class=\"gl-vspace-bpall-small\">Empeine de tejido<\/li>\n<li class=\"gl-vspace-bpall-small\">Forro de tejido<\/li>\n<li class=\"gl-vspace-bpall-small\">Sistema Torsion<\/li>\n<li class=\"gl-vspace-bpall-small\">Light BOOST<\/li>\n<li class=\"gl-vspace-bpall-small\">Suela de goma Continental\u2122<\/li>\n<\/ul>\n<h3 style=\"text-align: center\">Tecnolog\u00eda<\/h3>\n<div class=\"accordion__content___29x9h\">\n<div class=\"content-padding___2kVWQ\">\n<div class=\"technologies-section___3gZqW technologies-section--no-img___B_YZF\">\n<div class=\"technologies-content-container--no-img___wNKqW\">\n<div class=\"technologies-content-name___kkx_0\"><strong>LIGHT BOOST<\/strong><\/div>\n<div class=\"technologies-content-title___moWj6\">Un retorno de energ\u00eda inigualable, a\u00fan m\u00e1s ligero<\/div>\n<p class=\"technologies-content-subtitle___2bGCf\">Light Boost es la nueva generaci\u00f3n de adidas Boost, un 30 % m\u00e1s ligera y con un retorno de energ\u00eda superior.<\/p>\n<\/div>\n<\/div>\n<\/div>\n<\/div>\n<ul class=\"gl-list\">\n<li class=\"gl-vspace-bpall-small\">Este producto contiene al menos un 20 % de materiales reciclados<\/li>\n<li><\/li>\n<\/ul>\n<p><\/div><\/div><\/div>\n","protected":false},"excerpt":{"rendered":"<ul>\n<li>Zapatilla superamortiguada para una comodidad extrema.<\/li>\n<li>Ideal para largas caminatas y carreras.<\/li>\n<\/ul>\n","protected":false},"featured_media":334608,"template":"","meta":{"_acf_changed":false,"inline_featured_image":false},"product_brand":[],"product_cat":[24454,24453],"product_tag":[23558,23570],"class_list":{"0":"post-295109","1":"product","2":"type-product","3":"status-publish","4":"has-post-thumbnail","6":"product_cat-calzado-para-hombre","7":"product_cat-neutre-es-3","8":"product_tag-adidas-es","9":"product_tag-adidas-hombre","10":"pa_attivita-caminar","11":"pa_attivita-lifestyle-es","12":"pa_attivita-running-es","13":"pa_colore-ultraboost-5x-cblack-silvmt-luor","14":"pa_colore-ultraboost-5x-dshgry-purbur-limbur-es","15":"pa_colore-ultraboost-5x-seblbu-cryjad-luc-es","16":"pa_colore-ultraboost-5x-wosa-auon-puor","17":"pa_marca-adidas-es","18":"pa_sesso-hombre","19":"pa_size-41-es","20":"pa_size-42-es","22":"pa_size-43-es","23":"pa_size-44-es","25":"pa_size-45-es","26":"pa_size-46-es","29":"first","30":"instock","31":"sale","32":"taxable","33":"shipping-taxable","34":"purchasable","35":"product-type-variable","36":"wvs-archive-product-wrapper"},"acf":[],"yoast_head":"<!-- This site is optimized with the Yoast SEO plugin v26.8 - https:\/\/yoast.com\/product\/yoast-seo-wordpress\/ -->\n<title>Adidas Ultraboost 5X hombre - zapatillas de correr - MioMioRun.com<\/title>\n<meta name=\"description\" content=\"Las Ultraboost 5x para hombre utilizan la tecnolog\u00eda BOOST m\u00e1s ligera hasta la fecha, que garantiza un retorno de energ\u00eda constante kil\u00f3metro tras kil\u00f3metro.\" \/>\n<meta name=\"robots\" content=\"index, follow, max-snippet:-1, max-image-preview:large, max-video-preview:-1\" \/>\n<link rel=\"canonical\" href=\"https:\/\/www.miomiorun.com\/es\/producto\/ultraboost-5x-hombre\/\" \/>\n<meta property=\"og:locale\" content=\"es_ES\" \/>\n<meta property=\"og:type\" content=\"article\" \/>\n<meta property=\"og:title\" content=\"Adidas Ultraboost 5X hombre - zapatillas de correr - MioMioRun.com\" \/>\n<meta property=\"og:description\" content=\"Las Ultraboost 5x para hombre utilizan la tecnolog\u00eda BOOST m\u00e1s ligera hasta la fecha, que garantiza un retorno de energ\u00eda constante kil\u00f3metro tras kil\u00f3metro.\" \/>\n<meta property=\"og:url\" content=\"https:\/\/www.miomiorun.com\/es\/producto\/ultraboost-5x-hombre\/\" \/>\n<meta property=\"og:site_name\" content=\"MioMioRun\" \/>\n<meta property=\"article:publisher\" content=\"https:\/\/www.facebook.com\/miomiorun\/\" \/>\n<meta property=\"article:modified_time\" content=\"2026-03-03T09:02:41+00:00\" \/>\n<meta property=\"og:image\" content=\"https:\/\/www.miomiorun.com\/app\/uploads\/2025\/08\/adidas-Ultraboost-5X-seblbu-cryjad-luc-JQ2922-.webp\" \/>\n\t<meta property=\"og:image:width\" content=\"720\" \/>\n\t<meta property=\"og:image:height\" content=\"720\" \/>\n\t<meta property=\"og:image:type\" content=\"image\/webp\" \/>\n<meta name=\"twitter:card\" content=\"summary_large_image\" \/>\n<meta name=\"twitter:label1\" content=\"Est. reading time\" \/>\n\t<meta name=\"twitter:data1\" content=\"1 minute\" \/>\n<script type=\"application\/ld+json\" class=\"yoast-schema-graph\">{\"@context\":\"https:\/\/schema.org\",\"@graph\":[{\"@type\":\"WebPage\",\"@id\":\"https:\/\/www.miomiorun.com\/es\/producto\/ultraboost-5x-hombre\/\",\"url\":\"https:\/\/www.miomiorun.com\/es\/producto\/ultraboost-5x-hombre\/\",\"name\":\"Adidas Ultraboost 5X hombre - zapatillas de correr - MioMioRun.com\",\"isPartOf\":{\"@id\":\"https:\/\/www.miomiorun.com\/es\/#website\"},\"primaryImageOfPage\":{\"@id\":\"https:\/\/www.miomiorun.com\/es\/producto\/ultraboost-5x-hombre\/#primaryimage\"},\"image\":{\"@id\":\"https:\/\/www.miomiorun.com\/es\/producto\/ultraboost-5x-hombre\/#primaryimage\"},\"thumbnailUrl\":\"https:\/\/www.miomiorun.com\/app\/uploads\/2025\/08\/adidas-Ultraboost-5X-seblbu-cryjad-luc-JQ2922-.webp\",\"datePublished\":\"2024-09-26T11:30:48+00:00\",\"dateModified\":\"2026-03-03T09:02:41+00:00\",\"description\":\"Las Ultraboost 5x para hombre utilizan la tecnolog\u00eda BOOST m\u00e1s ligera hasta la fecha, que garantiza un retorno de energ\u00eda constante kil\u00f3metro tras kil\u00f3metro.\",\"breadcrumb\":{\"@id\":\"https:\/\/www.miomiorun.com\/es\/producto\/ultraboost-5x-hombre\/#breadcrumb\"},\"inLanguage\":\"es-ES\",\"potentialAction\":[{\"@type\":\"ReadAction\",\"target\":[\"https:\/\/www.miomiorun.com\/es\/producto\/ultraboost-5x-hombre\/\"]}]},{\"@type\":\"ImageObject\",\"inLanguage\":\"es-ES\",\"@id\":\"https:\/\/www.miomiorun.com\/es\/producto\/ultraboost-5x-hombre\/#primaryimage\",\"url\":\"https:\/\/www.miomiorun.com\/app\/uploads\/2025\/08\/adidas-Ultraboost-5X-seblbu-cryjad-luc-JQ2922-.webp\",\"contentUrl\":\"https:\/\/www.miomiorun.com\/app\/uploads\/2025\/08\/adidas-Ultraboost-5X-seblbu-cryjad-luc-JQ2922-.webp\",\"width\":720,\"height\":720,\"caption\":\"adidas Ultraboost 5X seblbu cryjad luc JQ2922\"},{\"@type\":\"BreadcrumbList\",\"@id\":\"https:\/\/www.miomiorun.com\/es\/producto\/ultraboost-5x-hombre\/#breadcrumb\",\"itemListElement\":[{\"@type\":\"ListItem\",\"position\":1,\"name\":\"Home\",\"item\":\"https:\/\/www.miomiorun.com\/es\/\"},{\"@type\":\"ListItem\",\"position\":2,\"name\":\"Shop\",\"item\":\"https:\/\/www.miomiorun.com\/shop\/\"},{\"@type\":\"ListItem\",\"position\":3,\"name\":\"Ultraboost 5X hombre\"}]},{\"@type\":\"WebSite\",\"@id\":\"https:\/\/www.miomiorun.com\/es\/#website\",\"url\":\"https:\/\/www.miomiorun.com\/es\/\",\"name\":\"MioMioRun\",\"description\":\"Tienda 100% running y trail\",\"publisher\":{\"@id\":\"https:\/\/www.miomiorun.com\/es\/#organization\"},\"potentialAction\":[{\"@type\":\"SearchAction\",\"target\":{\"@type\":\"EntryPoint\",\"urlTemplate\":\"https:\/\/www.miomiorun.com\/es\/?s={search_term_string}\"},\"query-input\":{\"@type\":\"PropertyValueSpecification\",\"valueRequired\":true,\"valueName\":\"search_term_string\"}}],\"inLanguage\":\"es-ES\"},{\"@type\":\"Organization\",\"@id\":\"https:\/\/www.miomiorun.com\/es\/#organization\",\"name\":\"MioMio Run\",\"url\":\"https:\/\/www.miomiorun.com\/es\/\",\"logo\":{\"@type\":\"ImageObject\",\"inLanguage\":\"es-ES\",\"@id\":\"https:\/\/www.miomiorun.com\/es\/#\/schema\/logo\/image\/\",\"url\":\"https:\/\/www.miomiorun.com\/app\/uploads\/2019\/12\/logomio.png\",\"contentUrl\":\"https:\/\/www.miomiorun.com\/app\/uploads\/2019\/12\/logomio.png\",\"width\":115,\"height\":82,\"caption\":\"MioMio Run\"},\"image\":{\"@id\":\"https:\/\/www.miomiorun.com\/es\/#\/schema\/logo\/image\/\"},\"sameAs\":[\"https:\/\/www.facebook.com\/miomiorun\/\",\"https:\/\/www.instagram.com\/miomiorun\/\"]}]}<\/script>\n<!-- \/ Yoast SEO plugin. -->","yoast_head_json":{"title":"Adidas Ultraboost 5X hombre - zapatillas de correr - MioMioRun.com","description":"Las Ultraboost 5x para hombre utilizan la tecnolog\u00eda BOOST m\u00e1s ligera hasta la fecha, que garantiza un retorno de energ\u00eda constante kil\u00f3metro tras kil\u00f3metro.","robots":{"index":"index","follow":"follow","max-snippet":"max-snippet:-1","max-image-preview":"max-image-preview:large","max-video-preview":"max-video-preview:-1"},"canonical":"https:\/\/www.miomiorun.com\/es\/producto\/ultraboost-5x-hombre\/","og_locale":"es_ES","og_type":"article","og_title":"Adidas Ultraboost 5X hombre - zapatillas de correr - MioMioRun.com","og_description":"Las Ultraboost 5x para hombre utilizan la tecnolog\u00eda BOOST m\u00e1s ligera hasta la fecha, que garantiza un retorno de energ\u00eda constante kil\u00f3metro tras kil\u00f3metro.","og_url":"https:\/\/www.miomiorun.com\/es\/producto\/ultraboost-5x-hombre\/","og_site_name":"MioMioRun","article_publisher":"https:\/\/www.facebook.com\/miomiorun\/","article_modified_time":"2026-03-03T09:02:41+00:00","og_image":[{"width":720,"height":720,"url":"https:\/\/www.miomiorun.com\/app\/uploads\/2025\/08\/adidas-Ultraboost-5X-seblbu-cryjad-luc-JQ2922-.webp","type":"image\/webp"}],"twitter_card":"summary_large_image","twitter_misc":{"Est. reading time":"1 minute"},"schema":{"@context":"https:\/\/schema.org","@graph":[{"@type":"WebPage","@id":"https:\/\/www.miomiorun.com\/es\/producto\/ultraboost-5x-hombre\/","url":"https:\/\/www.miomiorun.com\/es\/producto\/ultraboost-5x-hombre\/","name":"Adidas Ultraboost 5X hombre - zapatillas de correr - MioMioRun.com","isPartOf":{"@id":"https:\/\/www.miomiorun.com\/es\/#website"},"primaryImageOfPage":{"@id":"https:\/\/www.miomiorun.com\/es\/producto\/ultraboost-5x-hombre\/#primaryimage"},"image":{"@id":"https:\/\/www.miomiorun.com\/es\/producto\/ultraboost-5x-hombre\/#primaryimage"},"thumbnailUrl":"https:\/\/www.miomiorun.com\/app\/uploads\/2025\/08\/adidas-Ultraboost-5X-seblbu-cryjad-luc-JQ2922-.webp","datePublished":"2024-09-26T11:30:48+00:00","dateModified":"2026-03-03T09:02:41+00:00","description":"Las Ultraboost 5x para hombre utilizan la tecnolog\u00eda BOOST m\u00e1s ligera hasta la fecha, que garantiza un retorno de energ\u00eda constante kil\u00f3metro tras kil\u00f3metro.","breadcrumb":{"@id":"https:\/\/www.miomiorun.com\/es\/producto\/ultraboost-5x-hombre\/#breadcrumb"},"inLanguage":"es-ES","potentialAction":[{"@type":"ReadAction","target":["https:\/\/www.miomiorun.com\/es\/producto\/ultraboost-5x-hombre\/"]}]},{"@type":"ImageObject","inLanguage":"es-ES","@id":"https:\/\/www.miomiorun.com\/es\/producto\/ultraboost-5x-hombre\/#primaryimage","url":"https:\/\/www.miomiorun.com\/app\/uploads\/2025\/08\/adidas-Ultraboost-5X-seblbu-cryjad-luc-JQ2922-.webp","contentUrl":"https:\/\/www.miomiorun.com\/app\/uploads\/2025\/08\/adidas-Ultraboost-5X-seblbu-cryjad-luc-JQ2922-.webp","width":720,"height":720,"caption":"adidas Ultraboost 5X seblbu cryjad luc JQ2922"},{"@type":"BreadcrumbList","@id":"https:\/\/www.miomiorun.com\/es\/producto\/ultraboost-5x-hombre\/#breadcrumb","itemListElement":[{"@type":"ListItem","position":1,"name":"Home","item":"https:\/\/www.miomiorun.com\/es\/"},{"@type":"ListItem","position":2,"name":"Shop","item":"https:\/\/www.miomiorun.com\/shop\/"},{"@type":"ListItem","position":3,"name":"Ultraboost 5X hombre"}]},{"@type":"WebSite","@id":"https:\/\/www.miomiorun.com\/es\/#website","url":"https:\/\/www.miomiorun.com\/es\/","name":"MioMioRun","description":"Tienda 100% running y trail","publisher":{"@id":"https:\/\/www.miomiorun.com\/es\/#organization"},"potentialAction":[{"@type":"SearchAction","target":{"@type":"EntryPoint","urlTemplate":"https:\/\/www.miomiorun.com\/es\/?s={search_term_string}"},"query-input":{"@type":"PropertyValueSpecification","valueRequired":true,"valueName":"search_term_string"}}],"inLanguage":"es-ES"},{"@type":"Organization","@id":"https:\/\/www.miomiorun.com\/es\/#organization","name":"MioMio Run","url":"https:\/\/www.miomiorun.com\/es\/","logo":{"@type":"ImageObject","inLanguage":"es-ES","@id":"https:\/\/www.miomiorun.com\/es\/#\/schema\/logo\/image\/","url":"https:\/\/www.miomiorun.com\/app\/uploads\/2019\/12\/logomio.png","contentUrl":"https:\/\/www.miomiorun.com\/app\/uploads\/2019\/12\/logomio.png","width":115,"height":82,"caption":"MioMio Run"},"image":{"@id":"https:\/\/www.miomiorun.com\/es\/#\/schema\/logo\/image\/"},"sameAs":["https:\/\/www.facebook.com\/miomiorun\/","https:\/\/www.instagram.com\/miomiorun\/"]}]}},"_links":{"self":[{"href":"https:\/\/www.miomiorun.com\/es\/wp-json\/wp\/v2\/product\/295109","targetHints":{"allow":["GET"]}}],"collection":[{"href":"https:\/\/www.miomiorun.com\/es\/wp-json\/wp\/v2\/product"}],"about":[{"href":"https:\/\/www.miomiorun.com\/es\/wp-json\/wp\/v2\/types\/product"}],"wp:featuredmedia":[{"embeddable":true,"href":"https:\/\/www.miomiorun.com\/es\/wp-json\/wp\/v2\/media\/334608"}],"wp:attachment":[{"href":"https:\/\/www.miomiorun.com\/es\/wp-json\/wp\/v2\/media?parent=295109"}],"wp:term":[{"taxonomy":"product_brand","embeddable":true,"href":"https:\/\/www.miomiorun.com\/es\/wp-json\/wp\/v2\/product_brand?post=295109"},{"taxonomy":"product_cat","embeddable":true,"href":"https:\/\/www.miomiorun.com\/es\/wp-json\/wp\/v2\/product_cat?post=295109"},{"taxonomy":"product_tag","embeddable":true,"href":"https:\/\/www.miomiorun.com\/es\/wp-json\/wp\/v2\/product_tag?post=295109"}],"curies":[{"name":"wp","href":"https:\/\/api.w.org\/{rel}","templated":true}]}}