{"id":295091,"date":"2024-09-26T13:52:17","date_gmt":"2024-09-26T11:52:17","guid":{"rendered":"https:\/\/miomiorun.com\/prodotto\/supernova-rise-donna\/"},"modified":"2026-05-07T18:11:20","modified_gmt":"2026-05-07T16:11:20","slug":"supernova-rise-mujer","status":"publish","type":"product","link":"https:\/\/www.miomiorun.com\/es\/producto\/supernova-rise-mujer\/","title":{"rendered":"Supernova Rise mujer"},"content":{"rendered":"<div class=\"vc-row container\"><div class=\"vc-column\"><div class=\"vc-column-text\"><\/p>\n<h4>Especificaciones t\u00e9cnicas<\/h4>\n<p>Categor\u00eda: Amortiguaci\u00f3n estructurada<br \/>\nDiferencial: 9 mm (34 mm \/ 25 mm)<br \/>\nPeso: 243 g<br \/>\nIdeal para: zapatilla ideal para atletas de peso y zancada medios que buscan una amortiguaci\u00f3n \u00f3ptima para afrontar entrenamientos o competiciones de media y larga distancia; tambi\u00e9n resulta una excelente compa\u00f1era para caminar<br \/>\nPeso del atleta: 55-70 kg<br \/>\nRitmo de carrera: 5 min\/kg<br \/>\n<a href=\"https:\/\/miomiorun.com\/guida-alle-specifiche-tecniche\/\">Gu\u00eda de especificaciones t\u00e9cnicas<\/a><br \/>\n<\/div><\/div><div class=\"vc-column\"><div class=\"vc-column-text\"><\/p>\n<h3 class=\"subtitle___9ljbp\">SUPERCOMFORT. SUPERNOVA.<\/h3>\n<p class=\"gl-vspace\">Las Supernova Rise en su versi\u00f3n para mujer son perfectas para ofrecerte la m\u00e1xima comodidad en cada zancada. La innovadora supermezcla Dreamstrike+ de la entresuela amortigua cada paso.<\/p>\n<h4 class=\"gl-vspace\">\u00bfQu\u00e9 la hace tan especial?<\/h4>\n<p class=\"gl-vspace\">Ofrece el equilibrio ideal entre comodidad y sujeci\u00f3n durante la carrera, kil\u00f3metro tras kil\u00f3metro. Adem\u00e1s, el sistema de barras de sujeci\u00f3n de goma ultradensa garantiza transiciones fluidas, en total armon\u00eda con tus movimientos. Por \u00faltimo, pero no menos importante, Comfort Heel Fit combina la amortiguaci\u00f3n de la goma con la suavidad del tejido para ofrecerte una sujeci\u00f3n sin precedentes, como si la zapatilla te abrazara el tal\u00f3n.<\/p>\n<p><strong>Caracter\u00edsticas:<\/strong><\/p>\n<ul class=\"gl-list\">\n<li class=\"gl-vspace-bpall-small\">Ajuste normal<\/li>\n<li class=\"gl-vspace-bpall-small\">Cierre con cordones<\/li>\n<li class=\"gl-vspace-bpall-small\">Empeine de malla<\/li>\n<li class=\"gl-vspace-bpall-small\">Sistema con barras de soporte<\/li>\n<li class=\"gl-vspace-bpall-small\">Entresuela Dreamstrike+<\/li>\n<li>Suola Adiwear<\/li>\n<\/ul>\n<section class=\"_wrapper_47lxb_8\">\n<div class=\"_statement_47lxb_12 color-theme-black\">\n<h2 class=\"_statement-title_47lxb_79 _dynamic-alignment_47lxb_146\">El auge de las supernovas<\/h2>\n<div class=\"_statement-summary_47lxb_103 _dynamic-alignment_47lxb_146\" data-auto-id=\"statement-summary\">\n<p>Comodidad para tus carreras diarias.<\/p>\n<div class=\"_cell_18qu3_18 _with-content_18qu3_27\" data-auto-id=\"bs-body\">\n<div class=\"_banner-split_18qu3_31 color-theme-black\">\n<h2 class=\"_banner-split-title_18qu3_68 _dynamic-alignment_18qu3_126\" data-auto-id=\"bs-title\">Dreamstrike Plus<\/h2>\n<p class=\"_banner-split-summary_18qu3_92 _dynamic-alignment_18qu3_126\" data-auto-id=\"bs-summary\">La tecnolog\u00eda Dreamstrike+ amortigua la entresuela gracias a una mezcla innovadora. \u00bfQu\u00e9 la hace tan especial? El equilibrio entre comodidad y sujeci\u00f3n que ofrece es ideal para correr, kil\u00f3metro tras kil\u00f3metro.<\/p>\n<div class=\"_cell_18qu3_18 _with-content_18qu3_27\" data-auto-id=\"bs-body\">\n<div class=\"_banner-split_18qu3_31 color-theme-black\">\n<h2 class=\"_banner-split-title_18qu3_68 _dynamic-alignment_18qu3_126\" data-auto-id=\"bs-title\">Barras de soporte<\/h2>\n<p class=\"_banner-split-summary_18qu3_92 _dynamic-alignment_18qu3_126\" data-auto-id=\"bs-summary\">Para garantizarte la m\u00e1xima fluidez en cada carrera, se ha incorporado un sistema de soporte compuesto por barras de goma de alta densidad desde el tal\u00f3n hasta la puntera.<\/p>\n<div class=\"_cell_18qu3_18 _with-content_18qu3_27\" data-auto-id=\"bs-body\">\n<div class=\"_banner-split_18qu3_31 color-theme-black\">\n<h2 class=\"_banner-split-title_18qu3_68 _dynamic-alignment_18qu3_126\" data-auto-id=\"bs-title\">Tal\u00f3n muy c\u00f3modo<\/h2>\n<p class=\"_banner-split-summary_18qu3_92 _dynamic-alignment_18qu3_126\" data-auto-id=\"bs-summary\">La suave mezcla de materiales y el tejido ligero sujetan el tal\u00f3n con delicadeza.<\/p>\n<\/div>\n<\/div>\n<\/div>\n<\/div>\n<\/div>\n<\/div>\n<\/div>\n<\/div>\n<\/section>\n<p><\/div><\/div><\/div>\n","protected":false},"excerpt":{"rendered":"<ul>\n<li>El calzado ideal para recorrer largas distancias.<\/li>\n<li>Comodidad y sujeci\u00f3n excepcionales.<\/li>\n<\/ul>\n","protected":false},"featured_media":249177,"template":"","meta":{"_acf_changed":false,"inline_featured_image":false},"product_brand":[],"product_cat":[24415,24414],"product_tag":[23558,23620],"class_list":{"0":"post-295091","1":"product","2":"type-product","3":"status-publish","4":"has-post-thumbnail","6":"product_cat-calzado-de-mujer","7":"product_cat-neutre-es-2","8":"product_tag-adidas-es","9":"product_tag-adidas-mujer","10":"pa_attivita-caminar","11":"pa_attivita-fitness-es","12":"pa_attivita-lifestyle-es","13":"pa_attivita-running-es","14":"pa_colore-supernova-rise-w-seflaq-cobblu-blspme-es","15":"pa_marca-adidas-es","16":"pa_sesso-mujer","17":"pa_size-39-es","19":"first","20":"instock","21":"sale","22":"taxable","23":"shipping-taxable","24":"purchasable","25":"product-type-variable","26":"wvs-archive-product-wrapper"},"acf":[],"yoast_head":"<!-- This site is optimized with the Yoast SEO plugin v26.8 - https:\/\/yoast.com\/product\/yoast-seo-wordpress\/ -->\n<title>Adidas Supernova Rise mujer - zapatillas para mujer - MioMioRun<\/title>\n<meta name=\"description\" content=\"Las Supernova Rise para mujer son perfectas para ofrecerte la m\u00e1xima comodidad en cada zancada. La innovadora mezcla Dreamstrike+ amortigua cada paso.\" \/>\n<meta name=\"robots\" content=\"index, follow, max-snippet:-1, max-image-preview:large, max-video-preview:-1\" \/>\n<link rel=\"canonical\" href=\"https:\/\/www.miomiorun.com\/es\/producto\/supernova-rise-mujer\/\" \/>\n<meta property=\"og:locale\" content=\"es_ES\" \/>\n<meta property=\"og:type\" content=\"article\" \/>\n<meta property=\"og:title\" content=\"Adidas Supernova Rise mujer - zapatillas para mujer - MioMioRun\" \/>\n<meta property=\"og:description\" content=\"Las Supernova Rise para mujer son perfectas para ofrecerte la m\u00e1xima comodidad en cada zancada. La innovadora mezcla Dreamstrike+ amortigua cada paso.\" \/>\n<meta property=\"og:url\" content=\"https:\/\/www.miomiorun.com\/es\/producto\/supernova-rise-mujer\/\" \/>\n<meta property=\"og:site_name\" content=\"MioMioRun\" \/>\n<meta property=\"article:publisher\" content=\"https:\/\/www.facebook.com\/miomiorun\/\" \/>\n<meta property=\"article:modified_time\" content=\"2026-05-07T16:11:20+00:00\" \/>\n<meta property=\"og:image\" content=\"https:\/\/www.miomiorun.com\/app\/uploads\/2024\/10\/adidas-Supernova-Rise-W-seflaq-cobblu-blspme-ID3595.webp\" \/>\n\t<meta property=\"og:image:width\" content=\"600\" \/>\n\t<meta property=\"og:image:height\" content=\"600\" \/>\n\t<meta property=\"og:image:type\" content=\"image\/webp\" \/>\n<meta name=\"twitter:card\" content=\"summary_large_image\" \/>\n<meta name=\"twitter:label1\" content=\"Est. reading time\" \/>\n\t<meta name=\"twitter:data1\" content=\"2 minutes\" \/>\n<script type=\"application\/ld+json\" class=\"yoast-schema-graph\">{\"@context\":\"https:\/\/schema.org\",\"@graph\":[{\"@type\":\"WebPage\",\"@id\":\"https:\/\/www.miomiorun.com\/es\/producto\/supernova-rise-mujer\/\",\"url\":\"https:\/\/www.miomiorun.com\/es\/producto\/supernova-rise-mujer\/\",\"name\":\"Adidas Supernova Rise mujer - zapatillas para mujer - MioMioRun\",\"isPartOf\":{\"@id\":\"https:\/\/www.miomiorun.com\/es\/#website\"},\"primaryImageOfPage\":{\"@id\":\"https:\/\/www.miomiorun.com\/es\/producto\/supernova-rise-mujer\/#primaryimage\"},\"image\":{\"@id\":\"https:\/\/www.miomiorun.com\/es\/producto\/supernova-rise-mujer\/#primaryimage\"},\"thumbnailUrl\":\"https:\/\/www.miomiorun.com\/app\/uploads\/2024\/10\/adidas-Supernova-Rise-W-seflaq-cobblu-blspme-ID3595.webp\",\"datePublished\":\"2024-09-26T11:52:17+00:00\",\"dateModified\":\"2026-05-07T16:11:20+00:00\",\"description\":\"Las Supernova Rise para mujer son perfectas para ofrecerte la m\u00e1xima comodidad en cada zancada. La innovadora mezcla Dreamstrike+ amortigua cada paso.\",\"breadcrumb\":{\"@id\":\"https:\/\/www.miomiorun.com\/es\/producto\/supernova-rise-mujer\/#breadcrumb\"},\"inLanguage\":\"es-ES\",\"potentialAction\":[{\"@type\":\"ReadAction\",\"target\":[\"https:\/\/www.miomiorun.com\/es\/producto\/supernova-rise-mujer\/\"]}]},{\"@type\":\"ImageObject\",\"inLanguage\":\"es-ES\",\"@id\":\"https:\/\/www.miomiorun.com\/es\/producto\/supernova-rise-mujer\/#primaryimage\",\"url\":\"https:\/\/www.miomiorun.com\/app\/uploads\/2024\/10\/adidas-Supernova-Rise-W-seflaq-cobblu-blspme-ID3595.webp\",\"contentUrl\":\"https:\/\/www.miomiorun.com\/app\/uploads\/2024\/10\/adidas-Supernova-Rise-W-seflaq-cobblu-blspme-ID3595.webp\",\"width\":600,\"height\":600,\"caption\":\"adidas Supernova Rise W seflaq cobblu blspme ID3595\"},{\"@type\":\"BreadcrumbList\",\"@id\":\"https:\/\/www.miomiorun.com\/es\/producto\/supernova-rise-mujer\/#breadcrumb\",\"itemListElement\":[{\"@type\":\"ListItem\",\"position\":1,\"name\":\"Home\",\"item\":\"https:\/\/www.miomiorun.com\/es\/\"},{\"@type\":\"ListItem\",\"position\":2,\"name\":\"Shop\",\"item\":\"https:\/\/www.miomiorun.com\/shop\/\"},{\"@type\":\"ListItem\",\"position\":3,\"name\":\"Supernova Rise mujer\"}]},{\"@type\":\"WebSite\",\"@id\":\"https:\/\/www.miomiorun.com\/es\/#website\",\"url\":\"https:\/\/www.miomiorun.com\/es\/\",\"name\":\"MioMioRun\",\"description\":\"Tienda 100% running y trail\",\"publisher\":{\"@id\":\"https:\/\/www.miomiorun.com\/es\/#organization\"},\"potentialAction\":[{\"@type\":\"SearchAction\",\"target\":{\"@type\":\"EntryPoint\",\"urlTemplate\":\"https:\/\/www.miomiorun.com\/es\/?s={search_term_string}\"},\"query-input\":{\"@type\":\"PropertyValueSpecification\",\"valueRequired\":true,\"valueName\":\"search_term_string\"}}],\"inLanguage\":\"es-ES\"},{\"@type\":\"Organization\",\"@id\":\"https:\/\/www.miomiorun.com\/es\/#organization\",\"name\":\"MioMio Run\",\"url\":\"https:\/\/www.miomiorun.com\/es\/\",\"logo\":{\"@type\":\"ImageObject\",\"inLanguage\":\"es-ES\",\"@id\":\"https:\/\/www.miomiorun.com\/es\/#\/schema\/logo\/image\/\",\"url\":\"https:\/\/www.miomiorun.com\/app\/uploads\/2019\/12\/logomio.png\",\"contentUrl\":\"https:\/\/www.miomiorun.com\/app\/uploads\/2019\/12\/logomio.png\",\"width\":115,\"height\":82,\"caption\":\"MioMio Run\"},\"image\":{\"@id\":\"https:\/\/www.miomiorun.com\/es\/#\/schema\/logo\/image\/\"},\"sameAs\":[\"https:\/\/www.facebook.com\/miomiorun\/\",\"https:\/\/www.instagram.com\/miomiorun\/\"]}]}<\/script>\n<!-- \/ Yoast SEO plugin. -->","yoast_head_json":{"title":"Adidas Supernova Rise mujer - zapatillas para mujer - MioMioRun","description":"Las Supernova Rise para mujer son perfectas para ofrecerte la m\u00e1xima comodidad en cada zancada. La innovadora mezcla Dreamstrike+ amortigua cada paso.","robots":{"index":"index","follow":"follow","max-snippet":"max-snippet:-1","max-image-preview":"max-image-preview:large","max-video-preview":"max-video-preview:-1"},"canonical":"https:\/\/www.miomiorun.com\/es\/producto\/supernova-rise-mujer\/","og_locale":"es_ES","og_type":"article","og_title":"Adidas Supernova Rise mujer - zapatillas para mujer - MioMioRun","og_description":"Las Supernova Rise para mujer son perfectas para ofrecerte la m\u00e1xima comodidad en cada zancada. La innovadora mezcla Dreamstrike+ amortigua cada paso.","og_url":"https:\/\/www.miomiorun.com\/es\/producto\/supernova-rise-mujer\/","og_site_name":"MioMioRun","article_publisher":"https:\/\/www.facebook.com\/miomiorun\/","article_modified_time":"2026-05-07T16:11:20+00:00","og_image":[{"width":600,"height":600,"url":"https:\/\/www.miomiorun.com\/app\/uploads\/2024\/10\/adidas-Supernova-Rise-W-seflaq-cobblu-blspme-ID3595.webp","type":"image\/webp"}],"twitter_card":"summary_large_image","twitter_misc":{"Est. reading time":"2 minutes"},"schema":{"@context":"https:\/\/schema.org","@graph":[{"@type":"WebPage","@id":"https:\/\/www.miomiorun.com\/es\/producto\/supernova-rise-mujer\/","url":"https:\/\/www.miomiorun.com\/es\/producto\/supernova-rise-mujer\/","name":"Adidas Supernova Rise mujer - zapatillas para mujer - MioMioRun","isPartOf":{"@id":"https:\/\/www.miomiorun.com\/es\/#website"},"primaryImageOfPage":{"@id":"https:\/\/www.miomiorun.com\/es\/producto\/supernova-rise-mujer\/#primaryimage"},"image":{"@id":"https:\/\/www.miomiorun.com\/es\/producto\/supernova-rise-mujer\/#primaryimage"},"thumbnailUrl":"https:\/\/www.miomiorun.com\/app\/uploads\/2024\/10\/adidas-Supernova-Rise-W-seflaq-cobblu-blspme-ID3595.webp","datePublished":"2024-09-26T11:52:17+00:00","dateModified":"2026-05-07T16:11:20+00:00","description":"Las Supernova Rise para mujer son perfectas para ofrecerte la m\u00e1xima comodidad en cada zancada. La innovadora mezcla Dreamstrike+ amortigua cada paso.","breadcrumb":{"@id":"https:\/\/www.miomiorun.com\/es\/producto\/supernova-rise-mujer\/#breadcrumb"},"inLanguage":"es-ES","potentialAction":[{"@type":"ReadAction","target":["https:\/\/www.miomiorun.com\/es\/producto\/supernova-rise-mujer\/"]}]},{"@type":"ImageObject","inLanguage":"es-ES","@id":"https:\/\/www.miomiorun.com\/es\/producto\/supernova-rise-mujer\/#primaryimage","url":"https:\/\/www.miomiorun.com\/app\/uploads\/2024\/10\/adidas-Supernova-Rise-W-seflaq-cobblu-blspme-ID3595.webp","contentUrl":"https:\/\/www.miomiorun.com\/app\/uploads\/2024\/10\/adidas-Supernova-Rise-W-seflaq-cobblu-blspme-ID3595.webp","width":600,"height":600,"caption":"adidas Supernova Rise W seflaq cobblu blspme ID3595"},{"@type":"BreadcrumbList","@id":"https:\/\/www.miomiorun.com\/es\/producto\/supernova-rise-mujer\/#breadcrumb","itemListElement":[{"@type":"ListItem","position":1,"name":"Home","item":"https:\/\/www.miomiorun.com\/es\/"},{"@type":"ListItem","position":2,"name":"Shop","item":"https:\/\/www.miomiorun.com\/shop\/"},{"@type":"ListItem","position":3,"name":"Supernova Rise mujer"}]},{"@type":"WebSite","@id":"https:\/\/www.miomiorun.com\/es\/#website","url":"https:\/\/www.miomiorun.com\/es\/","name":"MioMioRun","description":"Tienda 100% running y trail","publisher":{"@id":"https:\/\/www.miomiorun.com\/es\/#organization"},"potentialAction":[{"@type":"SearchAction","target":{"@type":"EntryPoint","urlTemplate":"https:\/\/www.miomiorun.com\/es\/?s={search_term_string}"},"query-input":{"@type":"PropertyValueSpecification","valueRequired":true,"valueName":"search_term_string"}}],"inLanguage":"es-ES"},{"@type":"Organization","@id":"https:\/\/www.miomiorun.com\/es\/#organization","name":"MioMio Run","url":"https:\/\/www.miomiorun.com\/es\/","logo":{"@type":"ImageObject","inLanguage":"es-ES","@id":"https:\/\/www.miomiorun.com\/es\/#\/schema\/logo\/image\/","url":"https:\/\/www.miomiorun.com\/app\/uploads\/2019\/12\/logomio.png","contentUrl":"https:\/\/www.miomiorun.com\/app\/uploads\/2019\/12\/logomio.png","width":115,"height":82,"caption":"MioMio Run"},"image":{"@id":"https:\/\/www.miomiorun.com\/es\/#\/schema\/logo\/image\/"},"sameAs":["https:\/\/www.facebook.com\/miomiorun\/","https:\/\/www.instagram.com\/miomiorun\/"]}]}},"_links":{"self":[{"href":"https:\/\/www.miomiorun.com\/es\/wp-json\/wp\/v2\/product\/295091","targetHints":{"allow":["GET"]}}],"collection":[{"href":"https:\/\/www.miomiorun.com\/es\/wp-json\/wp\/v2\/product"}],"about":[{"href":"https:\/\/www.miomiorun.com\/es\/wp-json\/wp\/v2\/types\/product"}],"wp:featuredmedia":[{"embeddable":true,"href":"https:\/\/www.miomiorun.com\/es\/wp-json\/wp\/v2\/media\/249177"}],"wp:attachment":[{"href":"https:\/\/www.miomiorun.com\/es\/wp-json\/wp\/v2\/media?parent=295091"}],"wp:term":[{"taxonomy":"product_brand","embeddable":true,"href":"https:\/\/www.miomiorun.com\/es\/wp-json\/wp\/v2\/product_brand?post=295091"},{"taxonomy":"product_cat","embeddable":true,"href":"https:\/\/www.miomiorun.com\/es\/wp-json\/wp\/v2\/product_cat?post=295091"},{"taxonomy":"product_tag","embeddable":true,"href":"https:\/\/www.miomiorun.com\/es\/wp-json\/wp\/v2\/product_tag?post=295091"}],"curies":[{"name":"wp","href":"https:\/\/api.w.org\/{rel}","templated":true}]}}