{"id":295050,"date":"2024-09-26T15:04:33","date_gmt":"2024-09-26T13:04:33","guid":{"rendered":"https:\/\/miomiorun.com\/prodotto\/adizero-boston-12-uomo\/"},"modified":"2026-02-25T12:16:16","modified_gmt":"2026-02-25T11:16:16","slug":"adizero-boston-12-hombre","status":"publish","type":"product","link":"https:\/\/www.miomiorun.com\/es\/producto\/adizero-boston-12-hombre\/","title":{"rendered":"Adizero Boston 12 hombre"},"content":{"rendered":"<div class=\"vc-row container\"><div class=\"vc-column\"><div class=\"vc-column-text\"><\/p>\n<h4>Especificaciones t\u00e9cnicas<\/h4>\n<p>Categor\u00eda: Amortiguaci\u00f3n media.<br \/>\nOffset: 7 mm (38 mm \/ 31 mm).<br \/>\nPeso: 260 g.<br \/>\nIdeal para: corredores de nivel medio-alto que buscan rendimiento y comodidad al correr, para obtener buenos resultados en competici\u00f3n o para entrenamientos de calidad.<br \/>\nPeso del atleta: 55-75 kg.<br \/>\nRitmo de carrera: r\u00e1pido (&gt;4,30 min\/km).<br \/>\n<a href=\"https:\/\/miomiorun.com\/es\/guia-especifica\/\">Gu\u00eda de especificaciones t\u00e9cnicas<\/a><\/p>\n<p><\/div><\/div><div class=\"vc-column\"><div class=\"vc-column-text\"><\/p>\n<h2 class=\"subtitle___9ljbp\">Zapatillas de entrenamiento con tecnolog\u00edas de alto rendimiento para batir nuevos r\u00e9cords de velocidad.<\/h2>\n<h3 class=\"gl-vspace\">La marat\u00f3n de Boston es una carrera. Pero tambi\u00e9n es un objetivo, un plan de entrenamiento y una idea fija que ocupa tu mente durante semanas antes del gran evento.<\/h3>\n<p class=\"gl-vspace\">Las zapatillas adizero Boston 12 en su versi\u00f3n para hombre est\u00e1n dise\u00f1adas para correr distancias medias y largas. Gracias a la tecnolog\u00eda ENERGYRODS 2.0 con elementos de fibra de vidrio, la dispersi\u00f3n de energ\u00eda se reduce al m\u00ednimo, para obtener un rendimiento y sensaciones de carrera incluso durante el entrenamiento. Son r\u00e1pidas, pero sin sacrificar la durabilidad: la entresuela combina la amortiguaci\u00f3n ultraligera LIGHTSTRIKE PRO con una nueva versi\u00f3n de la resistente mezcla LIGHTSTRIKE 2.0 en EVA.<\/p>\n<h3><strong>Caracter\u00edsticas:<\/strong><\/h3>\n<ul class=\"gl-list\">\n<li class=\"gl-vspace-bpall-small\">Ajuste regular<\/li>\n<li class=\"gl-vspace-bpall-small\">Cierre con cordones<\/li>\n<li class=\"gl-vspace-bpall-small\">Parte superior ligera de malla<\/li>\n<li class=\"gl-vspace-bpall-small\">Forro de tejido<\/li>\n<li class=\"gl-vspace-bpall-small\">Los elementos ENERGYRODS 2.0 limitan la dispersi\u00f3n de energ\u00eda<\/li>\n<li class=\"gl-vspace-bpall-small\">Amortiguaci\u00f3n Lightstrike Pro<\/li>\n<li class=\"gl-vspace-bpall-small\">Suela de goma Continental\u2122<\/li>\n<li class=\"gl-vspace-bpall-small\">La parte superior contiene al menos un 50 % de material reciclado<\/li>\n<\/ul>\n<h2>Detalles<\/h2>\n<div class=\"accordion__content___29x9h\">\n<div class=\"content-padding___2kVWQ\">\n<div class=\"highlights___19JOq\">\n<div class=\"highlights-list___19FSM highlights-list--text-only___2yfW2\">\n<div class=\"highlight___3fa4r\">\n<div class=\"highlight-text___lgoJI\">\n<h3 class=\"highlight-text__headline___25B2G\">Malla t\u00e9cnica<\/h3>\n<p>Mejora tus entrenamientos gracias a su estructura transpirable. El soporte espec\u00edfico en zonas estrat\u00e9gicas del pie garantiza un ajuste perfecto alrededor del arco plantar y flexibilidad en la parte delantera.<\/p>\n<\/div>\n<\/div>\n<div class=\"highlight___3fa4r\">\n<div class=\"highlight-text___lgoJI\">\n<h3 class=\"highlight-text__headline___25B2G\">ENERGYRODS 2.0<\/h3>\n<p>Un sistema hol\u00edstico dise\u00f1ado para garantizar una transici\u00f3n fluida desde el tal\u00f3n hasta la puntera, ofreciendo un rendimiento excepcional incluso durante los entrenamientos m\u00e1s r\u00e1pidos.<\/p>\n<\/div>\n<\/div>\n<div class=\"highlight___3fa4r\">\n<div class=\"highlight-text___lgoJI\">\n<h3 class=\"highlight-text__headline___25B2G\">Lightstrike Pro + Lightstrike 2.0<\/h3>\n<p>Una entresuela multicapa fabricada con nuestra mezcla de alto rendimiento Lightstrike Pro y la nueva Lightstrike 2.0, dise\u00f1ada para ofrecer una amortiguaci\u00f3n y una reactividad \u00f3ptimas. La suela Continental\u2122 garantiza un agarre superior incluso en las condiciones m\u00e1s dif\u00edciles.<\/p>\n<\/div>\n<\/div>\n<div class=\"highlight___3fa4r\">\n<div class=\"highlight-text___lgoJI\">\n<h3 class=\"highlight-text__headline___25B2G\">Producto fabricado en parte con materiales reciclados<\/h3>\n<p>La parte superior contiene al menos un 50 % de materiales reciclados.<\/p>\n<h2>Tecnolog\u00eda<\/h2>\n<div class=\"accordion__content___29x9h\">\n<div class=\"content-padding___2kVWQ\">\n<div class=\"technologies-section___3gZqW technologies-section--no-img___B_YZF\">\n<div class=\"technologies-content-container--no-img___wNKqW\">\n<div class=\"technologies-content-name___kkx_0\"><strong>LIGHTSTRIKE<\/strong><\/div>\n<div class=\"technologies-content-title___moWj6\">Ligereza y rapidez<\/div>\n<p class=\"technologies-content-subtitle___2bGCf\">Amortiguaci\u00f3n ultraligera Lightstrike para un nivel superior de velocidad.<\/p>\n<\/div>\n<\/div>\n<div class=\"technologies-section___3gZqW technologies-section--no-img___B_YZF\">\n<div class=\"technologies-content-container--no-img___wNKqW\">\n<div class=\"technologies-content-name___kkx_0\"><strong>LIGHTSTRIKE PRO<\/strong><\/div>\n<div class=\"technologies-content-title___moWj6\">Una ligereza r\u00e9cord<\/div>\n<p class=\"technologies-content-subtitle___2bGCf\">La amortiguaci\u00f3n adidas Lightstrike Pro est\u00e1 dise\u00f1ada para ofrecerte una velocidad y un retorno de energ\u00eda superiores.<\/p>\n<\/div>\n<\/div>\n<\/div>\n<\/div>\n<\/div>\n<\/div>\n<\/div>\n<\/div>\n<\/div>\n<\/div>\n<p>&nbsp;<\/p>\n<p><\/div><\/div><\/div>\n","protected":false},"excerpt":{"rendered":"<div>\n<ul>\n<li>Zapatilla que te permitir\u00e1 correr m\u00e1s r\u00e1pido.<\/li>\n<li>Ideal para tus entrenamientos y competiciones.<\/li>\n<\/ul>\n<\/div>\n","protected":false},"featured_media":307011,"template":"","meta":{"_acf_changed":false,"inline_featured_image":false},"product_brand":[],"product_cat":[24468,24467],"product_tag":[23558,23570],"class_list":{"0":"post-295050","1":"product","2":"type-product","3":"status-publish","4":"has-post-thumbnail","6":"product_cat-calzado-para-hombre-es","7":"product_cat-neutre-es-4","8":"product_tag-adidas-es","9":"product_tag-adidas-hombre","10":"pa_attivita-running-es","11":"pa_colore-boston-12-aurink-silver-es","12":"pa_marca-adidas-es","13":"pa_sesso-hombre","14":"pa_size-47-es","16":"first","17":"instock","18":"sale","19":"taxable","20":"shipping-taxable","21":"purchasable","22":"product-type-variable","23":"wvs-archive-product-wrapper"},"acf":[],"yoast_head":"<!-- This site is optimized with the Yoast SEO plugin v26.8 - https:\/\/yoast.com\/product\/yoast-seo-wordpress\/ -->\n<title>AdidasAdizero Boston 12 hombre -zapatillas de correr - MioMioRun<\/title>\n<meta name=\"description\" content=\"Las zapatillas adizero Boston 12 en su versi\u00f3n para hombre est\u00e1n dise\u00f1adas para correr distancias medias y largas. Gracias a la tecnolog\u00eda ENERGYRODS 2.0\" \/>\n<meta name=\"robots\" content=\"index, follow, max-snippet:-1, max-image-preview:large, max-video-preview:-1\" \/>\n<link rel=\"canonical\" href=\"https:\/\/www.miomiorun.com\/es\/producto\/adizero-boston-12-hombre\/\" \/>\n<meta property=\"og:locale\" content=\"es_ES\" \/>\n<meta property=\"og:type\" content=\"article\" \/>\n<meta property=\"og:title\" content=\"AdidasAdizero Boston 12 hombre -zapatillas de correr - MioMioRun\" \/>\n<meta property=\"og:description\" content=\"Las zapatillas adizero Boston 12 en su versi\u00f3n para hombre est\u00e1n dise\u00f1adas para correr distancias medias y largas. Gracias a la tecnolog\u00eda ENERGYRODS 2.0\" \/>\n<meta property=\"og:url\" content=\"https:\/\/www.miomiorun.com\/es\/producto\/adizero-boston-12-hombre\/\" \/>\n<meta property=\"og:site_name\" content=\"MioMioRun\" \/>\n<meta property=\"article:publisher\" content=\"https:\/\/www.facebook.com\/miomiorun\/\" \/>\n<meta property=\"article:modified_time\" content=\"2026-02-25T11:16:16+00:00\" \/>\n<meta property=\"og:image\" content=\"https:\/\/www.miomiorun.com\/app\/uploads\/2025\/04\/adidas-Boston-12-aurink-silver-JI4477.webp\" \/>\n\t<meta property=\"og:image:width\" content=\"600\" \/>\n\t<meta property=\"og:image:height\" content=\"600\" \/>\n\t<meta property=\"og:image:type\" content=\"image\/webp\" \/>\n<meta name=\"twitter:card\" content=\"summary_large_image\" \/>\n<meta name=\"twitter:label1\" content=\"Est. reading time\" \/>\n\t<meta name=\"twitter:data1\" content=\"2 minutes\" \/>\n<script type=\"application\/ld+json\" class=\"yoast-schema-graph\">{\"@context\":\"https:\/\/schema.org\",\"@graph\":[{\"@type\":\"WebPage\",\"@id\":\"https:\/\/www.miomiorun.com\/es\/producto\/adizero-boston-12-hombre\/\",\"url\":\"https:\/\/www.miomiorun.com\/es\/producto\/adizero-boston-12-hombre\/\",\"name\":\"AdidasAdizero Boston 12 hombre -zapatillas de correr - MioMioRun\",\"isPartOf\":{\"@id\":\"https:\/\/www.miomiorun.com\/es\/#website\"},\"primaryImageOfPage\":{\"@id\":\"https:\/\/www.miomiorun.com\/es\/producto\/adizero-boston-12-hombre\/#primaryimage\"},\"image\":{\"@id\":\"https:\/\/www.miomiorun.com\/es\/producto\/adizero-boston-12-hombre\/#primaryimage\"},\"thumbnailUrl\":\"https:\/\/www.miomiorun.com\/app\/uploads\/2025\/04\/adidas-Boston-12-aurink-silver-JI4477.webp\",\"datePublished\":\"2024-09-26T13:04:33+00:00\",\"dateModified\":\"2026-02-25T11:16:16+00:00\",\"description\":\"Las zapatillas adizero Boston 12 en su versi\u00f3n para hombre est\u00e1n dise\u00f1adas para correr distancias medias y largas. Gracias a la tecnolog\u00eda ENERGYRODS 2.0\",\"breadcrumb\":{\"@id\":\"https:\/\/www.miomiorun.com\/es\/producto\/adizero-boston-12-hombre\/#breadcrumb\"},\"inLanguage\":\"es-ES\",\"potentialAction\":[{\"@type\":\"ReadAction\",\"target\":[\"https:\/\/www.miomiorun.com\/es\/producto\/adizero-boston-12-hombre\/\"]}]},{\"@type\":\"ImageObject\",\"inLanguage\":\"es-ES\",\"@id\":\"https:\/\/www.miomiorun.com\/es\/producto\/adizero-boston-12-hombre\/#primaryimage\",\"url\":\"https:\/\/www.miomiorun.com\/app\/uploads\/2025\/04\/adidas-Boston-12-aurink-silver-JI4477.webp\",\"contentUrl\":\"https:\/\/www.miomiorun.com\/app\/uploads\/2025\/04\/adidas-Boston-12-aurink-silver-JI4477.webp\",\"width\":600,\"height\":600,\"caption\":\"adidas Boston 12 aurink silver JI4477\"},{\"@type\":\"BreadcrumbList\",\"@id\":\"https:\/\/www.miomiorun.com\/es\/producto\/adizero-boston-12-hombre\/#breadcrumb\",\"itemListElement\":[{\"@type\":\"ListItem\",\"position\":1,\"name\":\"Home\",\"item\":\"https:\/\/www.miomiorun.com\/es\/\"},{\"@type\":\"ListItem\",\"position\":2,\"name\":\"Shop\",\"item\":\"https:\/\/www.miomiorun.com\/shop\/\"},{\"@type\":\"ListItem\",\"position\":3,\"name\":\"Adizero Boston 12 hombre\"}]},{\"@type\":\"WebSite\",\"@id\":\"https:\/\/www.miomiorun.com\/es\/#website\",\"url\":\"https:\/\/www.miomiorun.com\/es\/\",\"name\":\"MioMioRun\",\"description\":\"Tienda 100% running y trail\",\"publisher\":{\"@id\":\"https:\/\/www.miomiorun.com\/es\/#organization\"},\"potentialAction\":[{\"@type\":\"SearchAction\",\"target\":{\"@type\":\"EntryPoint\",\"urlTemplate\":\"https:\/\/www.miomiorun.com\/es\/?s={search_term_string}\"},\"query-input\":{\"@type\":\"PropertyValueSpecification\",\"valueRequired\":true,\"valueName\":\"search_term_string\"}}],\"inLanguage\":\"es-ES\"},{\"@type\":\"Organization\",\"@id\":\"https:\/\/www.miomiorun.com\/es\/#organization\",\"name\":\"MioMio Run\",\"url\":\"https:\/\/www.miomiorun.com\/es\/\",\"logo\":{\"@type\":\"ImageObject\",\"inLanguage\":\"es-ES\",\"@id\":\"https:\/\/www.miomiorun.com\/es\/#\/schema\/logo\/image\/\",\"url\":\"https:\/\/www.miomiorun.com\/app\/uploads\/2019\/12\/logomio.png\",\"contentUrl\":\"https:\/\/www.miomiorun.com\/app\/uploads\/2019\/12\/logomio.png\",\"width\":115,\"height\":82,\"caption\":\"MioMio Run\"},\"image\":{\"@id\":\"https:\/\/www.miomiorun.com\/es\/#\/schema\/logo\/image\/\"},\"sameAs\":[\"https:\/\/www.facebook.com\/miomiorun\/\",\"https:\/\/www.instagram.com\/miomiorun\/\"]}]}<\/script>\n<!-- \/ Yoast SEO plugin. -->","yoast_head_json":{"title":"AdidasAdizero Boston 12 hombre -zapatillas de correr - MioMioRun","description":"Las zapatillas adizero Boston 12 en su versi\u00f3n para hombre est\u00e1n dise\u00f1adas para correr distancias medias y largas. Gracias a la tecnolog\u00eda ENERGYRODS 2.0","robots":{"index":"index","follow":"follow","max-snippet":"max-snippet:-1","max-image-preview":"max-image-preview:large","max-video-preview":"max-video-preview:-1"},"canonical":"https:\/\/www.miomiorun.com\/es\/producto\/adizero-boston-12-hombre\/","og_locale":"es_ES","og_type":"article","og_title":"AdidasAdizero Boston 12 hombre -zapatillas de correr - MioMioRun","og_description":"Las zapatillas adizero Boston 12 en su versi\u00f3n para hombre est\u00e1n dise\u00f1adas para correr distancias medias y largas. Gracias a la tecnolog\u00eda ENERGYRODS 2.0","og_url":"https:\/\/www.miomiorun.com\/es\/producto\/adizero-boston-12-hombre\/","og_site_name":"MioMioRun","article_publisher":"https:\/\/www.facebook.com\/miomiorun\/","article_modified_time":"2026-02-25T11:16:16+00:00","og_image":[{"width":600,"height":600,"url":"https:\/\/www.miomiorun.com\/app\/uploads\/2025\/04\/adidas-Boston-12-aurink-silver-JI4477.webp","type":"image\/webp"}],"twitter_card":"summary_large_image","twitter_misc":{"Est. reading time":"2 minutes"},"schema":{"@context":"https:\/\/schema.org","@graph":[{"@type":"WebPage","@id":"https:\/\/www.miomiorun.com\/es\/producto\/adizero-boston-12-hombre\/","url":"https:\/\/www.miomiorun.com\/es\/producto\/adizero-boston-12-hombre\/","name":"AdidasAdizero Boston 12 hombre -zapatillas de correr - MioMioRun","isPartOf":{"@id":"https:\/\/www.miomiorun.com\/es\/#website"},"primaryImageOfPage":{"@id":"https:\/\/www.miomiorun.com\/es\/producto\/adizero-boston-12-hombre\/#primaryimage"},"image":{"@id":"https:\/\/www.miomiorun.com\/es\/producto\/adizero-boston-12-hombre\/#primaryimage"},"thumbnailUrl":"https:\/\/www.miomiorun.com\/app\/uploads\/2025\/04\/adidas-Boston-12-aurink-silver-JI4477.webp","datePublished":"2024-09-26T13:04:33+00:00","dateModified":"2026-02-25T11:16:16+00:00","description":"Las zapatillas adizero Boston 12 en su versi\u00f3n para hombre est\u00e1n dise\u00f1adas para correr distancias medias y largas. Gracias a la tecnolog\u00eda ENERGYRODS 2.0","breadcrumb":{"@id":"https:\/\/www.miomiorun.com\/es\/producto\/adizero-boston-12-hombre\/#breadcrumb"},"inLanguage":"es-ES","potentialAction":[{"@type":"ReadAction","target":["https:\/\/www.miomiorun.com\/es\/producto\/adizero-boston-12-hombre\/"]}]},{"@type":"ImageObject","inLanguage":"es-ES","@id":"https:\/\/www.miomiorun.com\/es\/producto\/adizero-boston-12-hombre\/#primaryimage","url":"https:\/\/www.miomiorun.com\/app\/uploads\/2025\/04\/adidas-Boston-12-aurink-silver-JI4477.webp","contentUrl":"https:\/\/www.miomiorun.com\/app\/uploads\/2025\/04\/adidas-Boston-12-aurink-silver-JI4477.webp","width":600,"height":600,"caption":"adidas Boston 12 aurink silver JI4477"},{"@type":"BreadcrumbList","@id":"https:\/\/www.miomiorun.com\/es\/producto\/adizero-boston-12-hombre\/#breadcrumb","itemListElement":[{"@type":"ListItem","position":1,"name":"Home","item":"https:\/\/www.miomiorun.com\/es\/"},{"@type":"ListItem","position":2,"name":"Shop","item":"https:\/\/www.miomiorun.com\/shop\/"},{"@type":"ListItem","position":3,"name":"Adizero Boston 12 hombre"}]},{"@type":"WebSite","@id":"https:\/\/www.miomiorun.com\/es\/#website","url":"https:\/\/www.miomiorun.com\/es\/","name":"MioMioRun","description":"Tienda 100% running y trail","publisher":{"@id":"https:\/\/www.miomiorun.com\/es\/#organization"},"potentialAction":[{"@type":"SearchAction","target":{"@type":"EntryPoint","urlTemplate":"https:\/\/www.miomiorun.com\/es\/?s={search_term_string}"},"query-input":{"@type":"PropertyValueSpecification","valueRequired":true,"valueName":"search_term_string"}}],"inLanguage":"es-ES"},{"@type":"Organization","@id":"https:\/\/www.miomiorun.com\/es\/#organization","name":"MioMio Run","url":"https:\/\/www.miomiorun.com\/es\/","logo":{"@type":"ImageObject","inLanguage":"es-ES","@id":"https:\/\/www.miomiorun.com\/es\/#\/schema\/logo\/image\/","url":"https:\/\/www.miomiorun.com\/app\/uploads\/2019\/12\/logomio.png","contentUrl":"https:\/\/www.miomiorun.com\/app\/uploads\/2019\/12\/logomio.png","width":115,"height":82,"caption":"MioMio Run"},"image":{"@id":"https:\/\/www.miomiorun.com\/es\/#\/schema\/logo\/image\/"},"sameAs":["https:\/\/www.facebook.com\/miomiorun\/","https:\/\/www.instagram.com\/miomiorun\/"]}]}},"_links":{"self":[{"href":"https:\/\/www.miomiorun.com\/es\/wp-json\/wp\/v2\/product\/295050","targetHints":{"allow":["GET"]}}],"collection":[{"href":"https:\/\/www.miomiorun.com\/es\/wp-json\/wp\/v2\/product"}],"about":[{"href":"https:\/\/www.miomiorun.com\/es\/wp-json\/wp\/v2\/types\/product"}],"wp:featuredmedia":[{"embeddable":true,"href":"https:\/\/www.miomiorun.com\/es\/wp-json\/wp\/v2\/media\/307011"}],"wp:attachment":[{"href":"https:\/\/www.miomiorun.com\/es\/wp-json\/wp\/v2\/media?parent=295050"}],"wp:term":[{"taxonomy":"product_brand","embeddable":true,"href":"https:\/\/www.miomiorun.com\/es\/wp-json\/wp\/v2\/product_brand?post=295050"},{"taxonomy":"product_cat","embeddable":true,"href":"https:\/\/www.miomiorun.com\/es\/wp-json\/wp\/v2\/product_cat?post=295050"},{"taxonomy":"product_tag","embeddable":true,"href":"https:\/\/www.miomiorun.com\/es\/wp-json\/wp\/v2\/product_tag?post=295050"}],"curies":[{"name":"wp","href":"https:\/\/api.w.org\/{rel}","templated":true}]}}