{"id":295049,"date":"2024-09-26T15:14:47","date_gmt":"2024-09-26T13:14:47","guid":{"rendered":"https:\/\/miomiorun.com\/prodotto\/supernova-solution-donna\/"},"modified":"2026-04-23T19:21:59","modified_gmt":"2026-04-23T17:21:59","slug":"supernova-solution-mujer","status":"publish","type":"product","link":"https:\/\/www.miomiorun.com\/es\/producto\/supernova-solution-mujer\/","title":{"rendered":"Supernova Solution mujer"},"content":{"rendered":"<div class=\"vc-row container\"><div class=\"vc-column\"><div class=\"vc-column-text\"><\/p>\n<h4>Especificaciones t\u00e9cnicas<\/h4>\n<p>Categor\u00eda: Amortiguaci\u00f3n media<br \/>\nDiferencial: 10 mm (tal\u00f3n: 36 mm \/ puntera: 26 mm)<br \/>\nPeso: 288 g<br \/>\nIdeal para: corredores con tendencia a la pronaci\u00f3n, que buscan un modelo con sujeci\u00f3n y protecci\u00f3n, pero sin renunciar al rendimiento gracias al peso reducido de la zapatilla.<br \/>\nPeso del atleta: &gt;70 kg<br \/>\nRitmo de carrera: medio (5-6 min\/km)<br \/>\n<a href=\"https:\/\/miomiorun.com\/guida-alle-specifiche-tecniche\/\">Gu\u00eda de especificaciones t\u00e9cnicas<\/a><\/p>\n<p><\/div><\/div><div class=\"vc-column\"><div class=\"vc-column-text\"><\/p>\n<div class=\"text-content___13aRm\">\n<h3 class=\"subtitle___9ljbp\">ZAPATILLAS SUPERNOVA SOLUTION, DISE\u00d1ADAS PARA OFRECER UNA SUJECI\u00d3N EXTRA<\/h3>\n<p class=\"gl-vspace\">Las <strong>Supernova Solution<\/strong> para mujer cuentan con una entresuela con la supermezcla Dreamstrike+, el sistema Comfort Heel Fit y una suela Adiwear que proporciona un agarre \u00f3ptimo; las Supernova Solution son la elecci\u00f3n ideal para quienes corren a diario. Adem\u00e1s, hemos a\u00f1adido unas barras de soporte de doble densidad con geometr\u00eda optimizada en el lado interior.<\/p>\n<p><strong>Caracter\u00edsticas:<\/strong><\/p>\n<ul class=\"gl-list\">\n<li class=\"gl-vspace-bpall-small\">Ajuste normal<\/li>\n<li class=\"gl-vspace-bpall-small\">Cierre con cordones<\/li>\n<li class=\"gl-vspace-bpall-small\">Empeine de malla<\/li>\n<li class=\"gl-vspace-bpall-small\">Forro de tela<\/li>\n<li class=\"gl-vspace-bpall-small\">Sistema con barras de soporte<\/li>\n<li class=\"gl-vspace-bpall-small\">Entresuela Dreamstrike+<\/li>\n<li>Suola adiwear<\/li>\n<\/ul>\n<div class=\"_cell_18qu3_18 _with-content_18qu3_27\" data-auto-id=\"bs-body\">\n<div class=\"_banner-split_18qu3_31 color-theme-black\">\n<h2 class=\"_banner-split-title_18qu3_68 _dynamic-alignment_18qu3_126\" style=\"text-align: center\" data-auto-id=\"bs-title\">TAL\u00d3N EXTREMADAMENTE C\u00d3MODO<\/h2>\n<p class=\"_banner-split-summary_18qu3_92 _dynamic-alignment_18qu3_126\" style=\"text-align: center\" data-auto-id=\"bs-summary\">Una combinaci\u00f3n perfecta entre la amortiguaci\u00f3n de la suela y la suavidad del tejido, capaz de ofrecerte la m\u00e1xima sujeci\u00f3n, como si la zapatilla te abrazara el tal\u00f3n.<\/p>\n<div class=\"_cell_18qu3_18 _with-content_18qu3_27\" data-auto-id=\"bs-body\">\n<div class=\"_banner-split_18qu3_31 color-theme-black\">\n<h2 class=\"_banner-split-title_18qu3_68 _dynamic-alignment_18qu3_126\" style=\"text-align: center\" data-auto-id=\"bs-title\">Dreamstrike Plus<\/h2>\n<p class=\"_banner-split-summary_18qu3_92 _dynamic-alignment_18qu3_126\" style=\"text-align: center\" data-auto-id=\"bs-summary\">La supermezcla de \u00faltima generaci\u00f3n de la entresuela amortigua cada paso, ofreciendo el mejor equilibrio entre comodidad y estabilidad, kil\u00f3metro tras kil\u00f3metro.<\/p>\n<div class=\"_cell_18qu3_18 _with-content_18qu3_27\" data-auto-id=\"bs-body\">\n<div class=\"_banner-split_18qu3_31 color-theme-black\">\n<h2 class=\"_banner-split-title_18qu3_68 _dynamic-alignment_18qu3_126\" style=\"text-align: center\" data-auto-id=\"bs-title\">BARRAS DE SOPORTE PARA UNA M\u00c1XIMA ESTABILIDAD<\/h2>\n<p class=\"_banner-split-summary_18qu3_92 _dynamic-alignment_18qu3_126\" style=\"text-align: center\" data-auto-id=\"bs-summary\">Las innovaciones que hemos introducido son complejas: barras de soporte de doble densidad y geometr\u00eda optimizada en la parte interior del pie. Pero la ventaja que te ofrecen es sencilla: un mejor soporte justo donde m\u00e1s se necesita.<\/p>\n<\/div>\n<\/div>\n<\/div>\n<\/div>\n<\/div>\n<\/div>\n<\/div>\n<p><\/div><\/div><\/div>\n","protected":false},"excerpt":{"rendered":"<ul>\n<li>Zapatillas de running con sujeci\u00f3n extra.<\/li>\n<li>Ideal para todos los entrenamientos diarios.<\/li>\n<\/ul>\n","protected":false},"featured_media":249207,"template":"","meta":{"_acf_changed":false,"inline_featured_image":false},"product_brand":[],"product_cat":[24415,24413],"product_tag":[23558,23620],"class_list":{"0":"post-295049","1":"product","2":"type-product","3":"status-publish","4":"has-post-thumbnail","6":"product_cat-calzado-de-mujer","7":"product_cat-establos-es","8":"product_tag-adidas-es","9":"product_tag-adidas-mujer","10":"pa_attivita-caminar","11":"pa_attivita-running-es","12":"pa_colore-supernova-solution-w-core-black-halo-silver-dash-grey-es","13":"pa_marca-adidas-es","14":"pa_sesso-mujer","15":"pa_size-40-es","17":"first","18":"instock","19":"sale","20":"taxable","21":"shipping-taxable","22":"purchasable","23":"product-type-variable","24":"wvs-archive-product-wrapper"},"acf":[],"yoast_head":"<!-- This site is optimized with the Yoast SEO plugin v26.8 - https:\/\/yoast.com\/product\/yoast-seo-wordpress\/ -->\n<title>Adidas Supernova Solution mujer - zapatillas de running - MioMioRun.com<\/title>\n<meta name=\"description\" content=\"Las Supernova Solution para mujer cuentan con una entresuela con la supermezcla Dreamstrike+ y el sistema Comfort Heel Fit\" \/>\n<meta name=\"robots\" content=\"index, follow, max-snippet:-1, max-image-preview:large, max-video-preview:-1\" \/>\n<link rel=\"canonical\" href=\"https:\/\/www.miomiorun.com\/es\/producto\/supernova-solution-mujer\/\" \/>\n<meta property=\"og:locale\" content=\"es_ES\" \/>\n<meta property=\"og:type\" content=\"article\" \/>\n<meta property=\"og:title\" content=\"Adidas Supernova Solution mujer - zapatillas de running - MioMioRun.com\" \/>\n<meta property=\"og:description\" content=\"Las Supernova Solution para mujer cuentan con una entresuela con la supermezcla Dreamstrike+ y el sistema Comfort Heel Fit\" \/>\n<meta property=\"og:url\" content=\"https:\/\/www.miomiorun.com\/es\/producto\/supernova-solution-mujer\/\" \/>\n<meta property=\"og:site_name\" content=\"MioMioRun\" \/>\n<meta property=\"article:publisher\" content=\"https:\/\/www.facebook.com\/miomiorun\/\" \/>\n<meta property=\"article:modified_time\" content=\"2026-04-23T17:21:59+00:00\" \/>\n<meta property=\"og:image\" content=\"https:\/\/www.miomiorun.com\/app\/uploads\/2024\/10\/adidas-Supernova-solution-W-IF3007.webp\" \/>\n\t<meta property=\"og:image:width\" content=\"600\" \/>\n\t<meta property=\"og:image:height\" content=\"600\" \/>\n\t<meta property=\"og:image:type\" content=\"image\/webp\" \/>\n<meta name=\"twitter:card\" content=\"summary_large_image\" \/>\n<meta name=\"twitter:label1\" content=\"Est. reading time\" \/>\n\t<meta name=\"twitter:data1\" content=\"2 minutes\" \/>\n<script type=\"application\/ld+json\" class=\"yoast-schema-graph\">{\"@context\":\"https:\/\/schema.org\",\"@graph\":[{\"@type\":\"WebPage\",\"@id\":\"https:\/\/www.miomiorun.com\/es\/producto\/supernova-solution-mujer\/\",\"url\":\"https:\/\/www.miomiorun.com\/es\/producto\/supernova-solution-mujer\/\",\"name\":\"Adidas Supernova Solution mujer - zapatillas de running - MioMioRun.com\",\"isPartOf\":{\"@id\":\"https:\/\/www.miomiorun.com\/es\/#website\"},\"primaryImageOfPage\":{\"@id\":\"https:\/\/www.miomiorun.com\/es\/producto\/supernova-solution-mujer\/#primaryimage\"},\"image\":{\"@id\":\"https:\/\/www.miomiorun.com\/es\/producto\/supernova-solution-mujer\/#primaryimage\"},\"thumbnailUrl\":\"https:\/\/www.miomiorun.com\/app\/uploads\/2024\/10\/adidas-Supernova-solution-W-IF3007.webp\",\"datePublished\":\"2024-09-26T13:14:47+00:00\",\"dateModified\":\"2026-04-23T17:21:59+00:00\",\"description\":\"Las Supernova Solution para mujer cuentan con una entresuela con la supermezcla Dreamstrike+ y el sistema Comfort Heel Fit\",\"breadcrumb\":{\"@id\":\"https:\/\/www.miomiorun.com\/es\/producto\/supernova-solution-mujer\/#breadcrumb\"},\"inLanguage\":\"es-ES\",\"potentialAction\":[{\"@type\":\"ReadAction\",\"target\":[\"https:\/\/www.miomiorun.com\/es\/producto\/supernova-solution-mujer\/\"]}]},{\"@type\":\"ImageObject\",\"inLanguage\":\"es-ES\",\"@id\":\"https:\/\/www.miomiorun.com\/es\/producto\/supernova-solution-mujer\/#primaryimage\",\"url\":\"https:\/\/www.miomiorun.com\/app\/uploads\/2024\/10\/adidas-Supernova-solution-W-IF3007.webp\",\"contentUrl\":\"https:\/\/www.miomiorun.com\/app\/uploads\/2024\/10\/adidas-Supernova-solution-W-IF3007.webp\",\"width\":600,\"height\":600,\"caption\":\"adidas Supernova solution W IF3007\"},{\"@type\":\"BreadcrumbList\",\"@id\":\"https:\/\/www.miomiorun.com\/es\/producto\/supernova-solution-mujer\/#breadcrumb\",\"itemListElement\":[{\"@type\":\"ListItem\",\"position\":1,\"name\":\"Home\",\"item\":\"https:\/\/www.miomiorun.com\/es\/\"},{\"@type\":\"ListItem\",\"position\":2,\"name\":\"Shop\",\"item\":\"https:\/\/www.miomiorun.com\/shop\/\"},{\"@type\":\"ListItem\",\"position\":3,\"name\":\"Supernova Solution mujer\"}]},{\"@type\":\"WebSite\",\"@id\":\"https:\/\/www.miomiorun.com\/es\/#website\",\"url\":\"https:\/\/www.miomiorun.com\/es\/\",\"name\":\"MioMioRun\",\"description\":\"Tienda 100% running y trail\",\"publisher\":{\"@id\":\"https:\/\/www.miomiorun.com\/es\/#organization\"},\"potentialAction\":[{\"@type\":\"SearchAction\",\"target\":{\"@type\":\"EntryPoint\",\"urlTemplate\":\"https:\/\/www.miomiorun.com\/es\/?s={search_term_string}\"},\"query-input\":{\"@type\":\"PropertyValueSpecification\",\"valueRequired\":true,\"valueName\":\"search_term_string\"}}],\"inLanguage\":\"es-ES\"},{\"@type\":\"Organization\",\"@id\":\"https:\/\/www.miomiorun.com\/es\/#organization\",\"name\":\"MioMio Run\",\"url\":\"https:\/\/www.miomiorun.com\/es\/\",\"logo\":{\"@type\":\"ImageObject\",\"inLanguage\":\"es-ES\",\"@id\":\"https:\/\/www.miomiorun.com\/es\/#\/schema\/logo\/image\/\",\"url\":\"https:\/\/www.miomiorun.com\/app\/uploads\/2019\/12\/logomio.png\",\"contentUrl\":\"https:\/\/www.miomiorun.com\/app\/uploads\/2019\/12\/logomio.png\",\"width\":115,\"height\":82,\"caption\":\"MioMio Run\"},\"image\":{\"@id\":\"https:\/\/www.miomiorun.com\/es\/#\/schema\/logo\/image\/\"},\"sameAs\":[\"https:\/\/www.facebook.com\/miomiorun\/\",\"https:\/\/www.instagram.com\/miomiorun\/\"]}]}<\/script>\n<!-- \/ Yoast SEO plugin. -->","yoast_head_json":{"title":"Adidas Supernova Solution mujer - zapatillas de running - MioMioRun.com","description":"Las Supernova Solution para mujer cuentan con una entresuela con la supermezcla Dreamstrike+ y el sistema Comfort Heel Fit","robots":{"index":"index","follow":"follow","max-snippet":"max-snippet:-1","max-image-preview":"max-image-preview:large","max-video-preview":"max-video-preview:-1"},"canonical":"https:\/\/www.miomiorun.com\/es\/producto\/supernova-solution-mujer\/","og_locale":"es_ES","og_type":"article","og_title":"Adidas Supernova Solution mujer - zapatillas de running - MioMioRun.com","og_description":"Las Supernova Solution para mujer cuentan con una entresuela con la supermezcla Dreamstrike+ y el sistema Comfort Heel Fit","og_url":"https:\/\/www.miomiorun.com\/es\/producto\/supernova-solution-mujer\/","og_site_name":"MioMioRun","article_publisher":"https:\/\/www.facebook.com\/miomiorun\/","article_modified_time":"2026-04-23T17:21:59+00:00","og_image":[{"width":600,"height":600,"url":"https:\/\/www.miomiorun.com\/app\/uploads\/2024\/10\/adidas-Supernova-solution-W-IF3007.webp","type":"image\/webp"}],"twitter_card":"summary_large_image","twitter_misc":{"Est. reading time":"2 minutes"},"schema":{"@context":"https:\/\/schema.org","@graph":[{"@type":"WebPage","@id":"https:\/\/www.miomiorun.com\/es\/producto\/supernova-solution-mujer\/","url":"https:\/\/www.miomiorun.com\/es\/producto\/supernova-solution-mujer\/","name":"Adidas Supernova Solution mujer - zapatillas de running - MioMioRun.com","isPartOf":{"@id":"https:\/\/www.miomiorun.com\/es\/#website"},"primaryImageOfPage":{"@id":"https:\/\/www.miomiorun.com\/es\/producto\/supernova-solution-mujer\/#primaryimage"},"image":{"@id":"https:\/\/www.miomiorun.com\/es\/producto\/supernova-solution-mujer\/#primaryimage"},"thumbnailUrl":"https:\/\/www.miomiorun.com\/app\/uploads\/2024\/10\/adidas-Supernova-solution-W-IF3007.webp","datePublished":"2024-09-26T13:14:47+00:00","dateModified":"2026-04-23T17:21:59+00:00","description":"Las Supernova Solution para mujer cuentan con una entresuela con la supermezcla Dreamstrike+ y el sistema Comfort Heel Fit","breadcrumb":{"@id":"https:\/\/www.miomiorun.com\/es\/producto\/supernova-solution-mujer\/#breadcrumb"},"inLanguage":"es-ES","potentialAction":[{"@type":"ReadAction","target":["https:\/\/www.miomiorun.com\/es\/producto\/supernova-solution-mujer\/"]}]},{"@type":"ImageObject","inLanguage":"es-ES","@id":"https:\/\/www.miomiorun.com\/es\/producto\/supernova-solution-mujer\/#primaryimage","url":"https:\/\/www.miomiorun.com\/app\/uploads\/2024\/10\/adidas-Supernova-solution-W-IF3007.webp","contentUrl":"https:\/\/www.miomiorun.com\/app\/uploads\/2024\/10\/adidas-Supernova-solution-W-IF3007.webp","width":600,"height":600,"caption":"adidas Supernova solution W IF3007"},{"@type":"BreadcrumbList","@id":"https:\/\/www.miomiorun.com\/es\/producto\/supernova-solution-mujer\/#breadcrumb","itemListElement":[{"@type":"ListItem","position":1,"name":"Home","item":"https:\/\/www.miomiorun.com\/es\/"},{"@type":"ListItem","position":2,"name":"Shop","item":"https:\/\/www.miomiorun.com\/shop\/"},{"@type":"ListItem","position":3,"name":"Supernova Solution mujer"}]},{"@type":"WebSite","@id":"https:\/\/www.miomiorun.com\/es\/#website","url":"https:\/\/www.miomiorun.com\/es\/","name":"MioMioRun","description":"Tienda 100% running y trail","publisher":{"@id":"https:\/\/www.miomiorun.com\/es\/#organization"},"potentialAction":[{"@type":"SearchAction","target":{"@type":"EntryPoint","urlTemplate":"https:\/\/www.miomiorun.com\/es\/?s={search_term_string}"},"query-input":{"@type":"PropertyValueSpecification","valueRequired":true,"valueName":"search_term_string"}}],"inLanguage":"es-ES"},{"@type":"Organization","@id":"https:\/\/www.miomiorun.com\/es\/#organization","name":"MioMio Run","url":"https:\/\/www.miomiorun.com\/es\/","logo":{"@type":"ImageObject","inLanguage":"es-ES","@id":"https:\/\/www.miomiorun.com\/es\/#\/schema\/logo\/image\/","url":"https:\/\/www.miomiorun.com\/app\/uploads\/2019\/12\/logomio.png","contentUrl":"https:\/\/www.miomiorun.com\/app\/uploads\/2019\/12\/logomio.png","width":115,"height":82,"caption":"MioMio Run"},"image":{"@id":"https:\/\/www.miomiorun.com\/es\/#\/schema\/logo\/image\/"},"sameAs":["https:\/\/www.facebook.com\/miomiorun\/","https:\/\/www.instagram.com\/miomiorun\/"]}]}},"_links":{"self":[{"href":"https:\/\/www.miomiorun.com\/es\/wp-json\/wp\/v2\/product\/295049","targetHints":{"allow":["GET"]}}],"collection":[{"href":"https:\/\/www.miomiorun.com\/es\/wp-json\/wp\/v2\/product"}],"about":[{"href":"https:\/\/www.miomiorun.com\/es\/wp-json\/wp\/v2\/types\/product"}],"wp:featuredmedia":[{"embeddable":true,"href":"https:\/\/www.miomiorun.com\/es\/wp-json\/wp\/v2\/media\/249207"}],"wp:attachment":[{"href":"https:\/\/www.miomiorun.com\/es\/wp-json\/wp\/v2\/media?parent=295049"}],"wp:term":[{"taxonomy":"product_brand","embeddable":true,"href":"https:\/\/www.miomiorun.com\/es\/wp-json\/wp\/v2\/product_brand?post=295049"},{"taxonomy":"product_cat","embeddable":true,"href":"https:\/\/www.miomiorun.com\/es\/wp-json\/wp\/v2\/product_cat?post=295049"},{"taxonomy":"product_tag","embeddable":true,"href":"https:\/\/www.miomiorun.com\/es\/wp-json\/wp\/v2\/product_tag?post=295049"}],"curies":[{"name":"wp","href":"https:\/\/api.w.org\/{rel}","templated":true}]}}