{"id":295003,"date":"2024-09-28T11:15:58","date_gmt":"2024-09-28T09:15:58","guid":{"rendered":"https:\/\/miomiorun.com\/prodotto\/trace-hybrid-vest-uomo\/"},"modified":"2026-05-07T18:18:47","modified_gmt":"2026-05-07T16:18:47","slug":"trace-hybrid-vest-hombre","status":"publish","type":"product","link":"https:\/\/www.miomiorun.com\/es\/producto\/trace-hybrid-vest-hombre\/","title":{"rendered":"Trace Hybrid Vest hombre"},"content":{"rendered":"<p><strong>Chaleco Trace Hybrid<\/strong> para hombre, vers\u00e1til y protector: ideal para aventuras a gran altitud.<\/p>\n<p>Este chaleco con tecnolog\u00eda PASMO\u2122 de doble ripstop est\u00e1 dise\u00f1ado para resistir el desgaste en la monta\u00f1a. El tratamiento DWR te protege de la lluvia ligera, mientras que el relleno ultraligero Comfortemp\u00ae AIR, una alternativa sint\u00e9tica al plum\u00f3n, mejora la transpirabilidad y a\u00edsla del fr\u00edo incluso despu\u00e9s de varios lavados. El sisa el\u00e1stica de 4 v\u00edas te permite moverte con libertad tanto en las subidas como en las bajadas, mientras que el dobladillo el\u00e1stico evita que el chaleco se suba. La cremallera te permite refrescarte durante las subidas m\u00e1s exigentes, mientras que los bolsillos mantienen las manos calientes en los momentos de descanso. El chaleco Trace Hybrid para hombre es una prenda ligera y resistente que te a\u00edsla del fr\u00edo durante las sesiones m\u00e1s intensas.<\/p>\n<p><strong>Caracter\u00edsticas:<\/strong><\/p>\n<ul class=\"tw-list-disc\">\n<li class=\"tw-text-xs\">Chaleco de hombre<\/li>\n<li class=\"tw-text-xs\">Tejido de nailon con tratamiento DWR y elasticidad en cuatro direcciones<\/li>\n<li class=\"tw-text-xs\">Tejido de nailon con construcci\u00f3n doble rip-stop, tratamiento DWR sin PFC y tecnolog\u00eda PASMO\u2122<\/li>\n<li class=\"tw-text-xs\">Relleno ultraligero de poli\u00e9ster Comfortemp\u00ae de 60 g<\/li>\n<li class=\"tw-text-xs\">Cierre central con cremallera, bolsillos laterales con cremallera<\/li>\n<li class=\"tw-text-xs\">Mangas y bajo con ribete el\u00e1stico<\/li>\n<li class=\"tw-text-xs\">Una prenda ideal para el esqu\u00ed de traves\u00eda, el alpinismo y las actividades al aire libre<\/li>\n<li class=\"tw-text-xs\">Peso: 230,0 g<\/li>\n<\/ul>\n<h2 class=\"accordion__title tw-font-normal tw-text-l\" style=\"text-align: center\">Ventajas<\/h2>\n<p>&nbsp;<\/p>\n<div class=\"attribute_container tw-pb-24 last-of-type:tw-pb-0\">\n<div class=\"content__image-wrapper tw-w-fit\">\n<div class=\"content__image tw-relative tw-w-[3.2rem]\"><img loading=\"lazy\" decoding=\"async\" class=\"tw-absolute tw-top-0 tw-left-0 tw-w-full tw-h-full\" src=\"https:\/\/www.montura.com\/cdn\/shop\/files\/004_Breathable_Black.svg?v=1709125473&amp;width=200\" alt=\"\" width=\"50\" height=\"50\" \/><\/div>\n<\/div>\n<h3 class=\"tw-text-s tw-pt-[1.2rem] tw-pb-[0.4rem] tw-font-medium\">Transpirable<\/h3>\n<p class=\"tw-text-greyish-brown tw-text-xs tw-pt-[0.4rem]\">Gracias a sus tejidos transpirables, esta prenda favorece la transpiraci\u00f3n natural de la piel y mantiene el cuerpo siempre a la temperatura \u00f3ptima.<\/p>\n<\/div>\n<p>&nbsp;<\/p>\n<div class=\"attribute_container tw-pb-24 last-of-type:tw-pb-0\">\n<div class=\"content__image-wrapper tw-w-fit\">\n<div class=\"content__image tw-relative tw-w-[3.2rem]\"><img loading=\"lazy\" decoding=\"async\" class=\"tw-absolute tw-top-0 tw-left-0 tw-w-full tw-h-full\" src=\"https:\/\/www.montura.com\/cdn\/shop\/files\/002_WaterResistantDWR_Black.svg?v=1709125500&amp;width=200\" alt=\"\" width=\"50\" height=\"50\" \/><\/div>\n<\/div>\n<h3 class=\"tw-text-s tw-pt-[1.2rem] tw-pb-[0.4rem] tw-font-medium\">Repelente al agua (DWR)<\/h3>\n<p class=\"tw-text-greyish-brown tw-text-xs tw-pt-[0.4rem]\">Una capa repelente al agua aplicada al tejido garantiza una ligera protecci\u00f3n contra la humedad exterior.<\/p>\n<\/div>\n<p>&nbsp;<\/p>\n<div class=\"attribute_container tw-pb-24 last-of-type:tw-pb-0\">\n<div class=\"content__image-wrapper tw-w-fit\">\n<div class=\"content__image tw-relative tw-w-[3.2rem]\"><img loading=\"lazy\" decoding=\"async\" class=\"tw-absolute tw-top-0 tw-left-0 tw-w-full tw-h-full\" src=\"https:\/\/www.montura.com\/cdn\/shop\/files\/003_Windproof_Black.svg?v=1709125529&amp;width=200\" alt=\"\" width=\"50\" height=\"50\" \/><\/div>\n<\/div>\n<h3 class=\"tw-text-s tw-pt-[1.2rem] tw-pb-[0.4rem] tw-font-medium\">Cortavientos<\/h3>\n<p class=\"tw-text-greyish-brown tw-text-xs tw-pt-[0.4rem]\">El tejido impide que penetre el viento, lo que reduce el riesgo de enfriamiento.<\/p>\n<\/div>\n<p>&nbsp;<\/p>\n<div class=\"attribute_container tw-pb-24 last-of-type:tw-pb-0\">\n<div class=\"content__image-wrapper tw-w-fit\">\n<div class=\"content__image tw-relative tw-w-[3.2rem]\"><img loading=\"lazy\" decoding=\"async\" class=\"tw-absolute tw-top-0 tw-left-0 tw-w-full tw-h-full\" src=\"https:\/\/www.montura.com\/cdn\/shop\/files\/012_RecycledMaterial_Black.svg?v=1709125426&amp;width=200\" alt=\"\" width=\"49\" height=\"49\" \/><\/div>\n<\/div>\n<h3 class=\"tw-text-s tw-pt-[1.2rem] tw-pb-[0.4rem] tw-font-medium\">Materiales reciclados<\/h3>\n<p class=\"tw-text-greyish-brown tw-text-xs tw-pt-[0.4rem]\">Fabricado con materiales reciclados, este producto contribuye a reducir los residuos y el uso de materiales v\u00edrgenes<\/p>\n<\/div>\n<p>&nbsp;<\/p>\n","protected":false},"excerpt":{"rendered":"<ul>\n<li>Chaleco ultraligero que te protege del fr\u00edo.<\/li>\n<li>Ideal para el esqu\u00ed de traves\u00eda y las actividades al aire libre.<\/li>\n<\/ul>\n","protected":false},"featured_media":249145,"template":"","meta":{"_acf_changed":false,"inline_featured_image":false},"product_brand":[],"product_cat":[24460,24463,24464],"product_tag":[23513,23592],"class_list":{"0":"post-295003","1":"product","2":"type-product","3":"status-publish","4":"has-post-thumbnail","6":"product_cat-chaquetas-es-2","7":"product_cat-ropa-de-hombre-es","8":"product_cat-hombre","9":"product_tag-montura-es","10":"product_tag-montura-hombre","11":"pa_attivita-caminar","12":"pa_attivita-lifestyle-es","13":"pa_attivita-outdoor-es","14":"pa_colore-trace-hybrid-vest-verde-salvia-verde-lim-es","15":"pa_marca-montura-es","16":"pa_sesso-hombre","17":"pa_size-small-es","19":"first","20":"instock","21":"sale","22":"taxable","23":"shipping-taxable","24":"purchasable","25":"product-type-variable","26":"wvs-archive-product-wrapper"},"acf":[],"yoast_head":"<!-- This site is optimized with the Yoast SEO plugin v26.8 - https:\/\/yoast.com\/product\/yoast-seo-wordpress\/ -->\n<title>Montura Trace Hybrid Vest hombre - Chaleco - MioMioRun<\/title>\n<meta name=\"description\" content=\"Chaleco Trace Hybrid para hombre, vers\u00e1til y protector: ideal para aventuras a gran altitud. Este chaleco cuenta con la tecnolog\u00eda PASMO\u2122 de doble ripstop\" \/>\n<meta name=\"robots\" content=\"index, follow, max-snippet:-1, max-image-preview:large, max-video-preview:-1\" \/>\n<link rel=\"canonical\" href=\"https:\/\/www.miomiorun.com\/es\/producto\/trace-hybrid-vest-hombre\/\" \/>\n<meta property=\"og:locale\" content=\"es_ES\" \/>\n<meta property=\"og:type\" content=\"article\" \/>\n<meta property=\"og:title\" content=\"Montura Trace Hybrid Vest hombre - Chaleco - MioMioRun\" \/>\n<meta property=\"og:description\" content=\"Chaleco Trace Hybrid para hombre, vers\u00e1til y protector: ideal para aventuras a gran altitud. Este chaleco cuenta con la tecnolog\u00eda PASMO\u2122 de doble ripstop\" \/>\n<meta property=\"og:url\" content=\"https:\/\/www.miomiorun.com\/es\/producto\/trace-hybrid-vest-hombre\/\" \/>\n<meta property=\"og:site_name\" content=\"MioMioRun\" \/>\n<meta property=\"article:publisher\" content=\"https:\/\/www.facebook.com\/miomiorun\/\" \/>\n<meta property=\"article:modified_time\" content=\"2026-05-07T16:18:47+00:00\" \/>\n<meta property=\"og:image\" content=\"https:\/\/www.miomiorun.com\/app\/uploads\/2024\/09\/montura-Trace-hybrid-vest-verde-salvia-verde-lim-MVVS20X.4947.webp\" \/>\n\t<meta property=\"og:image:width\" content=\"600\" \/>\n\t<meta property=\"og:image:height\" content=\"600\" \/>\n\t<meta property=\"og:image:type\" content=\"image\/webp\" \/>\n<meta name=\"twitter:card\" content=\"summary_large_image\" \/>\n<meta name=\"twitter:label1\" content=\"Est. reading time\" \/>\n\t<meta name=\"twitter:data1\" content=\"2 minutes\" \/>\n<script type=\"application\/ld+json\" class=\"yoast-schema-graph\">{\"@context\":\"https:\/\/schema.org\",\"@graph\":[{\"@type\":\"WebPage\",\"@id\":\"https:\/\/www.miomiorun.com\/es\/producto\/trace-hybrid-vest-hombre\/\",\"url\":\"https:\/\/www.miomiorun.com\/es\/producto\/trace-hybrid-vest-hombre\/\",\"name\":\"Montura Trace Hybrid Vest hombre - Chaleco - MioMioRun\",\"isPartOf\":{\"@id\":\"https:\/\/www.miomiorun.com\/es\/#website\"},\"primaryImageOfPage\":{\"@id\":\"https:\/\/www.miomiorun.com\/es\/producto\/trace-hybrid-vest-hombre\/#primaryimage\"},\"image\":{\"@id\":\"https:\/\/www.miomiorun.com\/es\/producto\/trace-hybrid-vest-hombre\/#primaryimage\"},\"thumbnailUrl\":\"https:\/\/www.miomiorun.com\/app\/uploads\/2024\/09\/montura-Trace-hybrid-vest-verde-salvia-verde-lim-MVVS20X.4947.webp\",\"datePublished\":\"2024-09-28T09:15:58+00:00\",\"dateModified\":\"2026-05-07T16:18:47+00:00\",\"description\":\"Chaleco Trace Hybrid para hombre, vers\u00e1til y protector: ideal para aventuras a gran altitud. Este chaleco cuenta con la tecnolog\u00eda PASMO\u2122 de doble ripstop\",\"breadcrumb\":{\"@id\":\"https:\/\/www.miomiorun.com\/es\/producto\/trace-hybrid-vest-hombre\/#breadcrumb\"},\"inLanguage\":\"es-ES\",\"potentialAction\":[{\"@type\":\"ReadAction\",\"target\":[\"https:\/\/www.miomiorun.com\/es\/producto\/trace-hybrid-vest-hombre\/\"]}]},{\"@type\":\"ImageObject\",\"inLanguage\":\"es-ES\",\"@id\":\"https:\/\/www.miomiorun.com\/es\/producto\/trace-hybrid-vest-hombre\/#primaryimage\",\"url\":\"https:\/\/www.miomiorun.com\/app\/uploads\/2024\/09\/montura-Trace-hybrid-vest-verde-salvia-verde-lim-MVVS20X.4947.webp\",\"contentUrl\":\"https:\/\/www.miomiorun.com\/app\/uploads\/2024\/09\/montura-Trace-hybrid-vest-verde-salvia-verde-lim-MVVS20X.4947.webp\",\"width\":600,\"height\":600,\"caption\":\"montura Trace hybrid vest verde salvia verde lim MVVS20X.4947\"},{\"@type\":\"BreadcrumbList\",\"@id\":\"https:\/\/www.miomiorun.com\/es\/producto\/trace-hybrid-vest-hombre\/#breadcrumb\",\"itemListElement\":[{\"@type\":\"ListItem\",\"position\":1,\"name\":\"Home\",\"item\":\"https:\/\/www.miomiorun.com\/es\/\"},{\"@type\":\"ListItem\",\"position\":2,\"name\":\"Shop\",\"item\":\"https:\/\/www.miomiorun.com\/shop\/\"},{\"@type\":\"ListItem\",\"position\":3,\"name\":\"Trace Hybrid Vest hombre\"}]},{\"@type\":\"WebSite\",\"@id\":\"https:\/\/www.miomiorun.com\/es\/#website\",\"url\":\"https:\/\/www.miomiorun.com\/es\/\",\"name\":\"MioMioRun\",\"description\":\"Tienda 100% running y trail\",\"publisher\":{\"@id\":\"https:\/\/www.miomiorun.com\/es\/#organization\"},\"potentialAction\":[{\"@type\":\"SearchAction\",\"target\":{\"@type\":\"EntryPoint\",\"urlTemplate\":\"https:\/\/www.miomiorun.com\/es\/?s={search_term_string}\"},\"query-input\":{\"@type\":\"PropertyValueSpecification\",\"valueRequired\":true,\"valueName\":\"search_term_string\"}}],\"inLanguage\":\"es-ES\"},{\"@type\":\"Organization\",\"@id\":\"https:\/\/www.miomiorun.com\/es\/#organization\",\"name\":\"MioMio Run\",\"url\":\"https:\/\/www.miomiorun.com\/es\/\",\"logo\":{\"@type\":\"ImageObject\",\"inLanguage\":\"es-ES\",\"@id\":\"https:\/\/www.miomiorun.com\/es\/#\/schema\/logo\/image\/\",\"url\":\"https:\/\/www.miomiorun.com\/app\/uploads\/2019\/12\/logomio.png\",\"contentUrl\":\"https:\/\/www.miomiorun.com\/app\/uploads\/2019\/12\/logomio.png\",\"width\":115,\"height\":82,\"caption\":\"MioMio Run\"},\"image\":{\"@id\":\"https:\/\/www.miomiorun.com\/es\/#\/schema\/logo\/image\/\"},\"sameAs\":[\"https:\/\/www.facebook.com\/miomiorun\/\",\"https:\/\/www.instagram.com\/miomiorun\/\"]}]}<\/script>\n<!-- \/ Yoast SEO plugin. -->","yoast_head_json":{"title":"Montura Trace Hybrid Vest hombre - Chaleco - MioMioRun","description":"Chaleco Trace Hybrid para hombre, vers\u00e1til y protector: ideal para aventuras a gran altitud. Este chaleco cuenta con la tecnolog\u00eda PASMO\u2122 de doble ripstop","robots":{"index":"index","follow":"follow","max-snippet":"max-snippet:-1","max-image-preview":"max-image-preview:large","max-video-preview":"max-video-preview:-1"},"canonical":"https:\/\/www.miomiorun.com\/es\/producto\/trace-hybrid-vest-hombre\/","og_locale":"es_ES","og_type":"article","og_title":"Montura Trace Hybrid Vest hombre - Chaleco - MioMioRun","og_description":"Chaleco Trace Hybrid para hombre, vers\u00e1til y protector: ideal para aventuras a gran altitud. Este chaleco cuenta con la tecnolog\u00eda PASMO\u2122 de doble ripstop","og_url":"https:\/\/www.miomiorun.com\/es\/producto\/trace-hybrid-vest-hombre\/","og_site_name":"MioMioRun","article_publisher":"https:\/\/www.facebook.com\/miomiorun\/","article_modified_time":"2026-05-07T16:18:47+00:00","og_image":[{"width":600,"height":600,"url":"https:\/\/www.miomiorun.com\/app\/uploads\/2024\/09\/montura-Trace-hybrid-vest-verde-salvia-verde-lim-MVVS20X.4947.webp","type":"image\/webp"}],"twitter_card":"summary_large_image","twitter_misc":{"Est. reading time":"2 minutes"},"schema":{"@context":"https:\/\/schema.org","@graph":[{"@type":"WebPage","@id":"https:\/\/www.miomiorun.com\/es\/producto\/trace-hybrid-vest-hombre\/","url":"https:\/\/www.miomiorun.com\/es\/producto\/trace-hybrid-vest-hombre\/","name":"Montura Trace Hybrid Vest hombre - Chaleco - MioMioRun","isPartOf":{"@id":"https:\/\/www.miomiorun.com\/es\/#website"},"primaryImageOfPage":{"@id":"https:\/\/www.miomiorun.com\/es\/producto\/trace-hybrid-vest-hombre\/#primaryimage"},"image":{"@id":"https:\/\/www.miomiorun.com\/es\/producto\/trace-hybrid-vest-hombre\/#primaryimage"},"thumbnailUrl":"https:\/\/www.miomiorun.com\/app\/uploads\/2024\/09\/montura-Trace-hybrid-vest-verde-salvia-verde-lim-MVVS20X.4947.webp","datePublished":"2024-09-28T09:15:58+00:00","dateModified":"2026-05-07T16:18:47+00:00","description":"Chaleco Trace Hybrid para hombre, vers\u00e1til y protector: ideal para aventuras a gran altitud. Este chaleco cuenta con la tecnolog\u00eda PASMO\u2122 de doble ripstop","breadcrumb":{"@id":"https:\/\/www.miomiorun.com\/es\/producto\/trace-hybrid-vest-hombre\/#breadcrumb"},"inLanguage":"es-ES","potentialAction":[{"@type":"ReadAction","target":["https:\/\/www.miomiorun.com\/es\/producto\/trace-hybrid-vest-hombre\/"]}]},{"@type":"ImageObject","inLanguage":"es-ES","@id":"https:\/\/www.miomiorun.com\/es\/producto\/trace-hybrid-vest-hombre\/#primaryimage","url":"https:\/\/www.miomiorun.com\/app\/uploads\/2024\/09\/montura-Trace-hybrid-vest-verde-salvia-verde-lim-MVVS20X.4947.webp","contentUrl":"https:\/\/www.miomiorun.com\/app\/uploads\/2024\/09\/montura-Trace-hybrid-vest-verde-salvia-verde-lim-MVVS20X.4947.webp","width":600,"height":600,"caption":"montura Trace hybrid vest verde salvia verde lim MVVS20X.4947"},{"@type":"BreadcrumbList","@id":"https:\/\/www.miomiorun.com\/es\/producto\/trace-hybrid-vest-hombre\/#breadcrumb","itemListElement":[{"@type":"ListItem","position":1,"name":"Home","item":"https:\/\/www.miomiorun.com\/es\/"},{"@type":"ListItem","position":2,"name":"Shop","item":"https:\/\/www.miomiorun.com\/shop\/"},{"@type":"ListItem","position":3,"name":"Trace Hybrid Vest hombre"}]},{"@type":"WebSite","@id":"https:\/\/www.miomiorun.com\/es\/#website","url":"https:\/\/www.miomiorun.com\/es\/","name":"MioMioRun","description":"Tienda 100% running y trail","publisher":{"@id":"https:\/\/www.miomiorun.com\/es\/#organization"},"potentialAction":[{"@type":"SearchAction","target":{"@type":"EntryPoint","urlTemplate":"https:\/\/www.miomiorun.com\/es\/?s={search_term_string}"},"query-input":{"@type":"PropertyValueSpecification","valueRequired":true,"valueName":"search_term_string"}}],"inLanguage":"es-ES"},{"@type":"Organization","@id":"https:\/\/www.miomiorun.com\/es\/#organization","name":"MioMio Run","url":"https:\/\/www.miomiorun.com\/es\/","logo":{"@type":"ImageObject","inLanguage":"es-ES","@id":"https:\/\/www.miomiorun.com\/es\/#\/schema\/logo\/image\/","url":"https:\/\/www.miomiorun.com\/app\/uploads\/2019\/12\/logomio.png","contentUrl":"https:\/\/www.miomiorun.com\/app\/uploads\/2019\/12\/logomio.png","width":115,"height":82,"caption":"MioMio Run"},"image":{"@id":"https:\/\/www.miomiorun.com\/es\/#\/schema\/logo\/image\/"},"sameAs":["https:\/\/www.facebook.com\/miomiorun\/","https:\/\/www.instagram.com\/miomiorun\/"]}]}},"_links":{"self":[{"href":"https:\/\/www.miomiorun.com\/es\/wp-json\/wp\/v2\/product\/295003","targetHints":{"allow":["GET"]}}],"collection":[{"href":"https:\/\/www.miomiorun.com\/es\/wp-json\/wp\/v2\/product"}],"about":[{"href":"https:\/\/www.miomiorun.com\/es\/wp-json\/wp\/v2\/types\/product"}],"wp:featuredmedia":[{"embeddable":true,"href":"https:\/\/www.miomiorun.com\/es\/wp-json\/wp\/v2\/media\/249145"}],"wp:attachment":[{"href":"https:\/\/www.miomiorun.com\/es\/wp-json\/wp\/v2\/media?parent=295003"}],"wp:term":[{"taxonomy":"product_brand","embeddable":true,"href":"https:\/\/www.miomiorun.com\/es\/wp-json\/wp\/v2\/product_brand?post=295003"},{"taxonomy":"product_cat","embeddable":true,"href":"https:\/\/www.miomiorun.com\/es\/wp-json\/wp\/v2\/product_cat?post=295003"},{"taxonomy":"product_tag","embeddable":true,"href":"https:\/\/www.miomiorun.com\/es\/wp-json\/wp\/v2\/product_tag?post=295003"}],"curies":[{"name":"wp","href":"https:\/\/api.w.org\/{rel}","templated":true}]}}