{"id":294989,"date":"2024-10-01T13:49:00","date_gmt":"2024-10-01T11:49:00","guid":{"rendered":"https:\/\/miomiorun.com\/prodotto\/dolomiti-hooded-jacket-uomo\/"},"modified":"2025-11-05T17:19:49","modified_gmt":"2025-11-05T16:19:49","slug":"dolomiti-hooded-jacket-hombre","status":"publish","type":"product","link":"https:\/\/www.miomiorun.com\/es\/producto\/dolomiti-hooded-jacket-hombre\/","title":{"rendered":"Dolomiti Hooded Jacket hombre"},"content":{"rendered":"<h3>Chaqueta con capucha <strong>Dolomiti<\/strong> para hombre, c\u00e1lida y c\u00f3moda: ideal para senderismo y actividades cotidianas.<\/h3>\n<p>Confeccionada en tejido Pro-Meteo de una sola capa, esta chaqueta acolchada te protege del viento durante tus aventuras al aire libre y tus d\u00edas en la ciudad.<\/p>\n<p>El acolchado sint\u00e9tico ultraligero Comfortemp\u00ae te mantiene abrigado durante todo el d\u00eda. Adem\u00e1s, el tejido de nailon con tratamiento repelente al agua DWR sin PFAS te protege en caso de lluvia ligera. Cuando no la uses, puedes plegarla dentro del pr\u00e1ctico bolsillo integrado y guardarla en la mochila. Dos bolsillos para las manos con cremallera y un bolsillo interior con cremallera mantienen tus objetos personales a salvo, mientras que la capucha y los pu\u00f1os el\u00e1sticos y el bajo ajustable se adaptan perfectamente. La chaqueta con capucha Dolomiti para hombre es perfecta para pasear, hacer senderismo durante varios d\u00edas y hacer recados.<\/p>\n<p><strong>Caracter\u00edsticas:<\/strong><\/p>\n<ul class=\"tw-list-disc\">\n<li class=\"tw-text-xs\">Chaqueta acolchada con capucha para hombre<\/li>\n<li class=\"tw-text-xs\">Tejido de nailon DWR<\/li>\n<li class=\"tw-text-xs\">Acolchado ultraligero de poli\u00e9ster Comfortemp\u00ae 80 g<\/li>\n<li class=\"tw-text-xs\">Acolchado secundario ultraligero de poli\u00e9ster Comfortemp\u00ae 60 g<\/li>\n<li class=\"tw-text-xs\">Cierre frontal con cremallera, bolsillos con cremallera<\/li>\n<li class=\"tw-text-xs\">Bolsillo interior con cremallera<\/li>\n<li class=\"tw-text-xs\">Bolsillo con funci\u00f3n stow pocket<\/li>\n<li class=\"tw-text-xs\">Capucha y pu\u00f1os con acabado el\u00e1stico<\/li>\n<li class=\"tw-text-xs\">Bajo con ajuste<\/li>\n<li class=\"tw-text-xs\">Prenda ideal para diversas actividades al aire libre y de ocio<\/li>\n<li class=\"tw-text-xs\">Peso: 440,0 g<\/li>\n<\/ul>\n<h3 style=\"text-align: center;\">Ventajas<\/h3>\n<p>&nbsp;<\/p>\n<div class=\"content__image-wrapper tw-w-fit \">\n<div class=\"content__image tw-relative tw-w-[3.2rem]\"><img loading=\"lazy\" decoding=\"async\" class=\"tw-absolute tw-top-0 tw-left-0 tw-w-full tw-h-full\" src=\"https:\/\/www.montura.com\/cdn\/shop\/files\/002_WaterResistantDWR_Black.svg?v=1709125500&amp;width=200\" srcset=\"\/\/www.montura.com\/cdn\/shop\/files\/002_WaterResistantDWR_Black.svg?v=1709125500&amp;width=200 200w\" alt=\"\" width=\"50\" height=\"50\"><\/div>\n<div>\n<h3 class=\"tw-text-s tw-pt-[1.2rem] tw-pb-[0.4rem] tw-font-medium\">Repelente al agua (DWR)<\/h3>\n<p class=\"tw-text-greyish-brown tw-text-xs tw-pt-[0.4rem]\">Una capa repelente al agua aplicada al tejido garantiza una ligera protecci\u00f3n contra la humedad exterior.<\/p>\n<\/div>\n<\/div>\n<div class=\"content__image-wrapper tw-w-fit \">\n<div><\/div>\n<div class=\"content__image tw-relative tw-w-[3.2rem]\"><img loading=\"lazy\" decoding=\"async\" class=\"tw-absolute tw-top-0 tw-left-0 tw-w-full tw-h-full\" src=\"https:\/\/www.montura.com\/cdn\/shop\/files\/003_Windproof_Black.svg?v=1709125529&amp;width=200\" srcset=\"\/\/www.montura.com\/cdn\/shop\/files\/003_Windproof_Black.svg?v=1709125529&amp;width=200 200w\" alt=\"\" width=\"50\" height=\"50\"><\/div>\n<div>\n<h3 class=\"tw-text-s tw-pt-[1.2rem] tw-pb-[0.4rem] tw-font-medium\">Cortavientos<\/h3>\n<p class=\"tw-text-greyish-brown tw-text-xs tw-pt-[0.4rem]\">El tejido impide que el viento penetre, reduciendo el riesgo de enfriamiento.<\/p>\n<\/div>\n<\/div>\n<p>&nbsp;<\/p>\n<div class=\"content__image-wrapper tw-w-fit \">\n<div class=\"content__image tw-relative tw-w-[3.2rem]\"><img loading=\"lazy\" decoding=\"async\" class=\"tw-absolute tw-top-0 tw-left-0 tw-w-full tw-h-full\" src=\"https:\/\/www.montura.com\/cdn\/shop\/files\/024_PFAS_free_Black.svg?v=1724232112&amp;width=200\" srcset=\"\/\/www.montura.com\/cdn\/shop\/files\/024_PFAS_free_Black.svg?v=1724232112&amp;width=200 200w\" alt=\"\" width=\"49\" height=\"49\"><\/div>\n<\/div>\n<div class=\"content__image-wrapper tw-w-fit \">\n<div>\n<h3 class=\"tw-text-s tw-pt-[1.2rem] tw-pb-[0.4rem] tw-font-medium\">SIN PFAS<\/h3>\n<p class=\"tw-text-greyish-brown tw-text-xs tw-pt-[0.4rem]\">Una prenda PFAS free est\u00e1 fabricada con materiales que no han sido tratados con compuestos perfluorados y polifluorados (PFAS) hidr\u00f3fugos, perjudiciales para el medio ambiente y los seres vivos. Los tejidos se tratan con un acabado hidr\u00f3fugo ecol\u00f3gico sin fl\u00faor, de origen vegetal, que garantiza una hidr\u00f3fuga duradera.<\/p>\n<\/div>\n<\/div>\n<p>&nbsp;<\/p>\n<div class=\"content__image-wrapper tw-w-fit \">\n<div class=\"content__image tw-relative tw-w-[3.2rem]\"><img loading=\"lazy\" decoding=\"async\" class=\"tw-absolute tw-top-0 tw-left-0 tw-w-full tw-h-full\" src=\"https:\/\/www.montura.com\/cdn\/shop\/files\/012_RecycledMaterial_Black.svg?v=1709125426&amp;width=200\" srcset=\"\/\/www.montura.com\/cdn\/shop\/files\/012_RecycledMaterial_Black.svg?v=1709125426&amp;width=200 200w\" alt=\"\" width=\"49\" height=\"49\"><\/div>\n<div>\n<h3 class=\"tw-text-s tw-pt-[1.2rem] tw-pb-[0.4rem] tw-font-medium\">Materiales reciclados<\/h3>\n<p class=\"tw-text-greyish-brown tw-text-xs tw-pt-[0.4rem]\">Fabricado con materiales reciclados, este producto ayuda a reducir los residuos y el uso de materiales v\u00edrgenes<\/p>\n<\/div>\n<\/div>\n<p>&nbsp;<\/p>\n<p>&nbsp;<\/p>\n","protected":false},"excerpt":{"rendered":"<ul>\n<li>Chaqueta perfecta para excursiones por la monta\u00f1a.<\/li>\n<li>Te protege del viento y de la lluvia ligera.<\/li>\n<\/ul>\n","protected":false},"featured_media":249393,"template":"","meta":{"_acf_changed":false,"inline_featured_image":false},"product_brand":[],"product_cat":[24460,24463],"product_tag":[23513,23592],"class_list":{"0":"post-294989","1":"product","2":"type-product","3":"status-publish","4":"has-post-thumbnail","6":"product_cat-chaquetas-es-2","7":"product_cat-ropa-de-hombre-es","8":"product_tag-montura-es","9":"product_tag-montura-hombre","10":"pa_attivita-caminar","11":"pa_attivita-lifestyle-es","12":"pa_attivita-outdoor-es","13":"pa_colore-dolomiti-hooded-jacket-verde-salvia-bron-es","14":"pa_marca-montura-es","15":"pa_sesso-hombre","16":"pa_size-small-es","17":"pa_size-large-es","18":"pa_size-extra-large-es","20":"first","21":"instock","22":"sale","23":"taxable","24":"shipping-taxable","25":"purchasable","26":"product-type-variable","27":"wvs-archive-product-wrapper"},"acf":[],"yoast_head":"<!-- This site is optimized with the Yoast SEO plugin v26.8 - https:\/\/yoast.com\/product\/yoast-seo-wordpress\/ -->\n<title>Montura Dolomiti Hooded Jacket hombre - Chaqueta para hombre - MioMioRun<\/title>\n<meta name=\"description\" content=\"Chaqueta con capucha Dolomiti para hombre, c\u00e1lida y c\u00f3moda: ideal para senderismo y actividades cotidianas. Confeccionada en tejido Pro-Meteo de una sola capa.\" \/>\n<meta name=\"robots\" content=\"index, follow, max-snippet:-1, max-image-preview:large, max-video-preview:-1\" \/>\n<link rel=\"canonical\" href=\"https:\/\/www.miomiorun.com\/es\/producto\/dolomiti-hooded-jacket-hombre\/\" \/>\n<meta property=\"og:locale\" content=\"es_ES\" \/>\n<meta property=\"og:type\" content=\"article\" \/>\n<meta property=\"og:title\" content=\"Montura Dolomiti Hooded Jacket hombre - Chaqueta para hombre - MioMioRun\" \/>\n<meta property=\"og:description\" content=\"Chaqueta con capucha Dolomiti para hombre, c\u00e1lida y c\u00f3moda: ideal para senderismo y actividades cotidianas. Confeccionada en tejido Pro-Meteo de una sola capa.\" \/>\n<meta property=\"og:url\" content=\"https:\/\/www.miomiorun.com\/es\/producto\/dolomiti-hooded-jacket-hombre\/\" \/>\n<meta property=\"og:site_name\" content=\"MioMioRun\" \/>\n<meta property=\"article:publisher\" content=\"https:\/\/www.facebook.com\/miomiorun\/\" \/>\n<meta property=\"article:modified_time\" content=\"2025-11-05T16:19:49+00:00\" \/>\n<meta property=\"og:image\" content=\"https:\/\/www.miomiorun.com\/app\/uploads\/2024\/10\/montura-Dolomiti-hooded-jacket-verde-salvia-bron-MJAD50X.49140.webp\" \/>\n\t<meta property=\"og:image:width\" content=\"600\" \/>\n\t<meta property=\"og:image:height\" content=\"600\" \/>\n\t<meta property=\"og:image:type\" content=\"image\/webp\" \/>\n<meta name=\"twitter:card\" content=\"summary_large_image\" \/>\n<meta name=\"twitter:label1\" content=\"Est. reading time\" \/>\n\t<meta name=\"twitter:data1\" content=\"2 minutes\" \/>\n<script type=\"application\/ld+json\" class=\"yoast-schema-graph\">{\"@context\":\"https:\/\/schema.org\",\"@graph\":[{\"@type\":\"WebPage\",\"@id\":\"https:\/\/www.miomiorun.com\/es\/producto\/dolomiti-hooded-jacket-hombre\/\",\"url\":\"https:\/\/www.miomiorun.com\/es\/producto\/dolomiti-hooded-jacket-hombre\/\",\"name\":\"Montura Dolomiti Hooded Jacket hombre - Chaqueta para hombre - MioMioRun\",\"isPartOf\":{\"@id\":\"https:\/\/www.miomiorun.com\/es\/#website\"},\"primaryImageOfPage\":{\"@id\":\"https:\/\/www.miomiorun.com\/es\/producto\/dolomiti-hooded-jacket-hombre\/#primaryimage\"},\"image\":{\"@id\":\"https:\/\/www.miomiorun.com\/es\/producto\/dolomiti-hooded-jacket-hombre\/#primaryimage\"},\"thumbnailUrl\":\"https:\/\/www.miomiorun.com\/app\/uploads\/2024\/10\/montura-Dolomiti-hooded-jacket-verde-salvia-bron-MJAD50X.49140.webp\",\"datePublished\":\"2024-10-01T11:49:00+00:00\",\"dateModified\":\"2025-11-05T16:19:49+00:00\",\"description\":\"Chaqueta con capucha Dolomiti para hombre, c\u00e1lida y c\u00f3moda: ideal para senderismo y actividades cotidianas. Confeccionada en tejido Pro-Meteo de una sola capa.\",\"breadcrumb\":{\"@id\":\"https:\/\/www.miomiorun.com\/es\/producto\/dolomiti-hooded-jacket-hombre\/#breadcrumb\"},\"inLanguage\":\"es-ES\",\"potentialAction\":[{\"@type\":\"ReadAction\",\"target\":[\"https:\/\/www.miomiorun.com\/es\/producto\/dolomiti-hooded-jacket-hombre\/\"]}]},{\"@type\":\"ImageObject\",\"inLanguage\":\"es-ES\",\"@id\":\"https:\/\/www.miomiorun.com\/es\/producto\/dolomiti-hooded-jacket-hombre\/#primaryimage\",\"url\":\"https:\/\/www.miomiorun.com\/app\/uploads\/2024\/10\/montura-Dolomiti-hooded-jacket-verde-salvia-bron-MJAD50X.49140.webp\",\"contentUrl\":\"https:\/\/www.miomiorun.com\/app\/uploads\/2024\/10\/montura-Dolomiti-hooded-jacket-verde-salvia-bron-MJAD50X.49140.webp\",\"width\":600,\"height\":600,\"caption\":\"montura Dolomiti hooded jacket verde salvia bron MJAD50X.49140\"},{\"@type\":\"BreadcrumbList\",\"@id\":\"https:\/\/www.miomiorun.com\/es\/producto\/dolomiti-hooded-jacket-hombre\/#breadcrumb\",\"itemListElement\":[{\"@type\":\"ListItem\",\"position\":1,\"name\":\"Home\",\"item\":\"https:\/\/www.miomiorun.com\/es\/\"},{\"@type\":\"ListItem\",\"position\":2,\"name\":\"Shop\",\"item\":\"https:\/\/www.miomiorun.com\/shop\/\"},{\"@type\":\"ListItem\",\"position\":3,\"name\":\"Dolomiti Hooded Jacket hombre\"}]},{\"@type\":\"WebSite\",\"@id\":\"https:\/\/www.miomiorun.com\/es\/#website\",\"url\":\"https:\/\/www.miomiorun.com\/es\/\",\"name\":\"MioMioRun\",\"description\":\"Tienda 100% running y trail\",\"publisher\":{\"@id\":\"https:\/\/www.miomiorun.com\/es\/#organization\"},\"potentialAction\":[{\"@type\":\"SearchAction\",\"target\":{\"@type\":\"EntryPoint\",\"urlTemplate\":\"https:\/\/www.miomiorun.com\/es\/?s={search_term_string}\"},\"query-input\":{\"@type\":\"PropertyValueSpecification\",\"valueRequired\":true,\"valueName\":\"search_term_string\"}}],\"inLanguage\":\"es-ES\"},{\"@type\":\"Organization\",\"@id\":\"https:\/\/www.miomiorun.com\/es\/#organization\",\"name\":\"MioMio Run\",\"url\":\"https:\/\/www.miomiorun.com\/es\/\",\"logo\":{\"@type\":\"ImageObject\",\"inLanguage\":\"es-ES\",\"@id\":\"https:\/\/www.miomiorun.com\/es\/#\/schema\/logo\/image\/\",\"url\":\"https:\/\/www.miomiorun.com\/app\/uploads\/2019\/12\/logomio.png\",\"contentUrl\":\"https:\/\/www.miomiorun.com\/app\/uploads\/2019\/12\/logomio.png\",\"width\":115,\"height\":82,\"caption\":\"MioMio Run\"},\"image\":{\"@id\":\"https:\/\/www.miomiorun.com\/es\/#\/schema\/logo\/image\/\"},\"sameAs\":[\"https:\/\/www.facebook.com\/miomiorun\/\",\"https:\/\/www.instagram.com\/miomiorun\/\"]}]}<\/script>\n<!-- \/ Yoast SEO plugin. -->","yoast_head_json":{"title":"Montura Dolomiti Hooded Jacket hombre - Chaqueta para hombre - MioMioRun","description":"Chaqueta con capucha Dolomiti para hombre, c\u00e1lida y c\u00f3moda: ideal para senderismo y actividades cotidianas. Confeccionada en tejido Pro-Meteo de una sola capa.","robots":{"index":"index","follow":"follow","max-snippet":"max-snippet:-1","max-image-preview":"max-image-preview:large","max-video-preview":"max-video-preview:-1"},"canonical":"https:\/\/www.miomiorun.com\/es\/producto\/dolomiti-hooded-jacket-hombre\/","og_locale":"es_ES","og_type":"article","og_title":"Montura Dolomiti Hooded Jacket hombre - Chaqueta para hombre - MioMioRun","og_description":"Chaqueta con capucha Dolomiti para hombre, c\u00e1lida y c\u00f3moda: ideal para senderismo y actividades cotidianas. Confeccionada en tejido Pro-Meteo de una sola capa.","og_url":"https:\/\/www.miomiorun.com\/es\/producto\/dolomiti-hooded-jacket-hombre\/","og_site_name":"MioMioRun","article_publisher":"https:\/\/www.facebook.com\/miomiorun\/","article_modified_time":"2025-11-05T16:19:49+00:00","og_image":[{"width":600,"height":600,"url":"https:\/\/www.miomiorun.com\/app\/uploads\/2024\/10\/montura-Dolomiti-hooded-jacket-verde-salvia-bron-MJAD50X.49140.webp","type":"image\/webp"}],"twitter_card":"summary_large_image","twitter_misc":{"Est. reading time":"2 minutes"},"schema":{"@context":"https:\/\/schema.org","@graph":[{"@type":"WebPage","@id":"https:\/\/www.miomiorun.com\/es\/producto\/dolomiti-hooded-jacket-hombre\/","url":"https:\/\/www.miomiorun.com\/es\/producto\/dolomiti-hooded-jacket-hombre\/","name":"Montura Dolomiti Hooded Jacket hombre - Chaqueta para hombre - MioMioRun","isPartOf":{"@id":"https:\/\/www.miomiorun.com\/es\/#website"},"primaryImageOfPage":{"@id":"https:\/\/www.miomiorun.com\/es\/producto\/dolomiti-hooded-jacket-hombre\/#primaryimage"},"image":{"@id":"https:\/\/www.miomiorun.com\/es\/producto\/dolomiti-hooded-jacket-hombre\/#primaryimage"},"thumbnailUrl":"https:\/\/www.miomiorun.com\/app\/uploads\/2024\/10\/montura-Dolomiti-hooded-jacket-verde-salvia-bron-MJAD50X.49140.webp","datePublished":"2024-10-01T11:49:00+00:00","dateModified":"2025-11-05T16:19:49+00:00","description":"Chaqueta con capucha Dolomiti para hombre, c\u00e1lida y c\u00f3moda: ideal para senderismo y actividades cotidianas. Confeccionada en tejido Pro-Meteo de una sola capa.","breadcrumb":{"@id":"https:\/\/www.miomiorun.com\/es\/producto\/dolomiti-hooded-jacket-hombre\/#breadcrumb"},"inLanguage":"es-ES","potentialAction":[{"@type":"ReadAction","target":["https:\/\/www.miomiorun.com\/es\/producto\/dolomiti-hooded-jacket-hombre\/"]}]},{"@type":"ImageObject","inLanguage":"es-ES","@id":"https:\/\/www.miomiorun.com\/es\/producto\/dolomiti-hooded-jacket-hombre\/#primaryimage","url":"https:\/\/www.miomiorun.com\/app\/uploads\/2024\/10\/montura-Dolomiti-hooded-jacket-verde-salvia-bron-MJAD50X.49140.webp","contentUrl":"https:\/\/www.miomiorun.com\/app\/uploads\/2024\/10\/montura-Dolomiti-hooded-jacket-verde-salvia-bron-MJAD50X.49140.webp","width":600,"height":600,"caption":"montura Dolomiti hooded jacket verde salvia bron MJAD50X.49140"},{"@type":"BreadcrumbList","@id":"https:\/\/www.miomiorun.com\/es\/producto\/dolomiti-hooded-jacket-hombre\/#breadcrumb","itemListElement":[{"@type":"ListItem","position":1,"name":"Home","item":"https:\/\/www.miomiorun.com\/es\/"},{"@type":"ListItem","position":2,"name":"Shop","item":"https:\/\/www.miomiorun.com\/shop\/"},{"@type":"ListItem","position":3,"name":"Dolomiti Hooded Jacket hombre"}]},{"@type":"WebSite","@id":"https:\/\/www.miomiorun.com\/es\/#website","url":"https:\/\/www.miomiorun.com\/es\/","name":"MioMioRun","description":"Tienda 100% running y trail","publisher":{"@id":"https:\/\/www.miomiorun.com\/es\/#organization"},"potentialAction":[{"@type":"SearchAction","target":{"@type":"EntryPoint","urlTemplate":"https:\/\/www.miomiorun.com\/es\/?s={search_term_string}"},"query-input":{"@type":"PropertyValueSpecification","valueRequired":true,"valueName":"search_term_string"}}],"inLanguage":"es-ES"},{"@type":"Organization","@id":"https:\/\/www.miomiorun.com\/es\/#organization","name":"MioMio Run","url":"https:\/\/www.miomiorun.com\/es\/","logo":{"@type":"ImageObject","inLanguage":"es-ES","@id":"https:\/\/www.miomiorun.com\/es\/#\/schema\/logo\/image\/","url":"https:\/\/www.miomiorun.com\/app\/uploads\/2019\/12\/logomio.png","contentUrl":"https:\/\/www.miomiorun.com\/app\/uploads\/2019\/12\/logomio.png","width":115,"height":82,"caption":"MioMio Run"},"image":{"@id":"https:\/\/www.miomiorun.com\/es\/#\/schema\/logo\/image\/"},"sameAs":["https:\/\/www.facebook.com\/miomiorun\/","https:\/\/www.instagram.com\/miomiorun\/"]}]}},"_links":{"self":[{"href":"https:\/\/www.miomiorun.com\/es\/wp-json\/wp\/v2\/product\/294989","targetHints":{"allow":["GET"]}}],"collection":[{"href":"https:\/\/www.miomiorun.com\/es\/wp-json\/wp\/v2\/product"}],"about":[{"href":"https:\/\/www.miomiorun.com\/es\/wp-json\/wp\/v2\/types\/product"}],"wp:featuredmedia":[{"embeddable":true,"href":"https:\/\/www.miomiorun.com\/es\/wp-json\/wp\/v2\/media\/249393"}],"wp:attachment":[{"href":"https:\/\/www.miomiorun.com\/es\/wp-json\/wp\/v2\/media?parent=294989"}],"wp:term":[{"taxonomy":"product_brand","embeddable":true,"href":"https:\/\/www.miomiorun.com\/es\/wp-json\/wp\/v2\/product_brand?post=294989"},{"taxonomy":"product_cat","embeddable":true,"href":"https:\/\/www.miomiorun.com\/es\/wp-json\/wp\/v2\/product_cat?post=294989"},{"taxonomy":"product_tag","embeddable":true,"href":"https:\/\/www.miomiorun.com\/es\/wp-json\/wp\/v2\/product_tag?post=294989"}],"curies":[{"name":"wp","href":"https:\/\/api.w.org\/{rel}","templated":true}]}}