{"id":294961,"date":"2024-09-28T10:47:38","date_gmt":"2024-09-28T08:47:38","guid":{"rendered":"https:\/\/miomiorun.com\/prodotto\/trace-hybrid-jacket-uomo\/"},"modified":"2026-05-07T18:15:47","modified_gmt":"2026-05-07T16:15:47","slug":"trace-hybrid-jacket-hombre","status":"publish","type":"product","link":"https:\/\/www.miomiorun.com\/es\/producto\/trace-hybrid-jacket-hombre\/","title":{"rendered":"Trace Hybrid Jacket hombre"},"content":{"rendered":"<p><strong>Chaqueta Trace Hybrid<\/strong> para hombre: para protegerte de las inclemencias del tiempo durante el esqu\u00ed de traves\u00eda.<\/p>\n<p>Confeccionada en nailon el\u00e1stico en cuatro direcciones, esta chaqueta con capucha te ofrece la m\u00e1xima libertad de movimiento en los tramos m\u00e1s empinados. Gracias a su confecci\u00f3n de doble ripstop y a la tecnolog\u00eda PASMO\u2122, resiste la abrasi\u00f3n al entrar en contacto con la roca y cuando llevas los esqu\u00eds a la espalda. El tejido exterior con tratamiento DWR sin PFAS te protege del viento y la lluvia. Y cuando bajan las temperaturas, el relleno sint\u00e9tico ultraligero Comfortemp\u00ae te a\u00edsla y te mantiene caliente sin limitar la transpirabilidad, para un confort que dura todo el d\u00eda. La cremallera central en la parte delantera te permite quit\u00e1rtela en un instante. La capucha, los pu\u00f1os y el dobladillo el\u00e1sticos se mantienen siempre en su sitio. Transpirable, flexible y cortavientos, la chaqueta Trace Hybrid para hombre es perfecta para tus aventuras en la monta\u00f1a.<\/p>\n<h4>Caracter\u00edsticas:<\/h4>\n<ul class=\"tw-list-disc\">\n<li class=\"tw-text-xs\">Chaqueta de hombre con capucha<\/li>\n<li class=\"tw-text-xs\">Tejido de nailon con tratamiento DWR y elasticidad en cuatro direcciones<\/li>\n<li class=\"tw-text-xs\">Tejido de nailon con construcci\u00f3n doble rip-stop, tratamiento DWR sin PFC y tecnolog\u00eda PASMO\u2122<\/li>\n<li class=\"tw-text-xs\">Relleno ultraligero de poli\u00e9ster Comfortemp\u00ae de 60 g<\/li>\n<li class=\"tw-text-xs\">Cierre central con cremallera, bolsillos laterales con cremallera<\/li>\n<li class=\"tw-text-xs\">Capucha, pu\u00f1os y bajo con ribete el\u00e1stico<\/li>\n<li class=\"tw-text-xs\">Una prenda ideal para el esqu\u00ed de traves\u00eda, el alpinismo y las actividades al aire libre<\/li>\n<li class=\"tw-text-xs\">Peso: 360,0 g<\/li>\n<\/ul>\n<h2 style=\"text-align: center\">Ventajas<\/h2>\n<div class=\"attribute_container tw-pb-24 last-of-type:tw-pb-0\">\n<div class=\"content__image-wrapper tw-w-fit\">\n<div class=\"content__image tw-relative tw-w-[3.2rem]\"><img loading=\"lazy\" decoding=\"async\" class=\"tw-absolute tw-top-0 tw-left-0 tw-w-full tw-h-full\" src=\"https:\/\/www.montura.com\/cdn\/shop\/files\/004_Breathable_Black.svg?v=1709125473&amp;width=200\" alt=\"\" width=\"50\" height=\"50\" \/><\/div>\n<\/div>\n<h3 class=\"tw-text-s tw-pt-[1.2rem] tw-pb-[0.4rem] tw-font-medium\">Transpirable<\/h3>\n<p class=\"tw-text-greyish-brown tw-text-xs tw-pt-[0.4rem]\">Gracias a sus tejidos transpirables, esta prenda favorece la transpiraci\u00f3n natural de la piel y mantiene el cuerpo siempre a la temperatura \u00f3ptima.<\/p>\n<\/div>\n<p>&nbsp;<\/p>\n<div class=\"attribute_container tw-pb-24 last-of-type:tw-pb-0\">\n<div class=\"content__image-wrapper tw-w-fit\">\n<div class=\"content__image tw-relative tw-w-[3.2rem]\"><img loading=\"lazy\" decoding=\"async\" class=\"tw-absolute tw-top-0 tw-left-0 tw-w-full tw-h-full\" src=\"https:\/\/www.montura.com\/cdn\/shop\/files\/002_WaterResistantDWR_Black.svg?v=1709125500&amp;width=200\" alt=\"\" width=\"50\" height=\"50\" \/><\/div>\n<\/div>\n<h3 class=\"tw-text-s tw-pt-[1.2rem] tw-pb-[0.4rem] tw-font-medium\">Repelente al agua (DWR)<\/h3>\n<p class=\"tw-text-greyish-brown tw-text-xs tw-pt-[0.4rem]\">Una capa repelente al agua aplicada al tejido garantiza una ligera protecci\u00f3n contra la humedad exterior.<\/p>\n<\/div>\n<p>&nbsp;<\/p>\n<div class=\"attribute_container tw-pb-24 last-of-type:tw-pb-0\">\n<div class=\"content__image-wrapper tw-w-fit\">\n<div class=\"content__image tw-relative tw-w-[3.2rem]\"><img loading=\"lazy\" decoding=\"async\" class=\"tw-absolute tw-top-0 tw-left-0 tw-w-full tw-h-full\" src=\"https:\/\/www.montura.com\/cdn\/shop\/files\/003_Windproof_Black.svg?v=1709125529&amp;width=200\" alt=\"\" width=\"50\" height=\"50\" \/><\/div>\n<\/div>\n<h3 class=\"tw-text-s tw-pt-[1.2rem] tw-pb-[0.4rem] tw-font-medium\">Cortavientos<\/h3>\n<p class=\"tw-text-greyish-brown tw-text-xs tw-pt-[0.4rem]\">El tejido impide que penetre el viento, lo que reduce el riesgo de enfriamiento.<\/p>\n<\/div>\n<p>&nbsp;<\/p>\n<div class=\"attribute_container tw-pb-24 last-of-type:tw-pb-0\">\n<div class=\"content__image-wrapper tw-w-fit\">\n<div class=\"content__image tw-relative tw-w-[3.2rem]\"><img loading=\"lazy\" decoding=\"async\" class=\"tw-absolute tw-top-0 tw-left-0 tw-w-full tw-h-full\" src=\"https:\/\/www.montura.com\/cdn\/shop\/files\/012_RecycledMaterial_Black.svg?v=1709125426&amp;width=200\" alt=\"\" width=\"50\" height=\"50\" \/><\/div>\n<\/div>\n<h3 class=\"tw-text-s tw-pt-[1.2rem] tw-pb-[0.4rem] tw-font-medium\">Materiales reciclados<\/h3>\n<p class=\"tw-text-greyish-brown tw-text-xs tw-pt-[0.4rem]\">Fabricado con materiales reciclados, este producto contribuye a reducir los residuos y el uso de materiales v\u00edrgenes<\/p>\n<\/div>\n","protected":false},"excerpt":{"rendered":"<ul>\n<li>Chaqueta perfecta para excursiones por la monta\u00f1a.<\/li>\n<li>Ideal para actividades al aire libre durante la temporada de invierno.<\/li>\n<\/ul>\n","protected":false},"featured_media":249137,"template":"","meta":{"_acf_changed":false,"inline_featured_image":false},"product_brand":[],"product_cat":[24460,24463,24464],"product_tag":[23513,23592],"class_list":{"0":"post-294961","1":"product","2":"type-product","3":"status-publish","4":"has-post-thumbnail","6":"product_cat-chaquetas-es-2","7":"product_cat-ropa-de-hombre-es","8":"product_cat-hombre","9":"product_tag-montura-es","10":"product_tag-montura-hombre","11":"pa_attivita-caminar","12":"pa_attivita-lifestyle-es","13":"pa_attivita-outdoor-es","14":"pa_colore-trace-hybrid-jacket-deep-blue-orange-es","15":"pa_marca-montura-es","16":"pa_sesso-hombre","17":"pa_size-small-es","18":"pa_size-large-es","20":"first","21":"instock","22":"taxable","23":"shipping-taxable","24":"purchasable","25":"product-type-variable","26":"wvs-archive-product-wrapper"},"acf":[],"yoast_head":"<!-- This site is optimized with the Yoast SEO plugin v26.8 - https:\/\/yoast.com\/product\/yoast-seo-wordpress\/ -->\n<title>Montura Trace Hybrid Jacket hombre - Chaqueta de hombre - MioMioRun<\/title>\n<meta name=\"description\" content=\"ara protegerte de las inclemencias del tiempo durante el esqu\u00ed de traves\u00eda. Confeccionada en nailon el\u00e1stico en cuatro direcciones, cortavientos\" \/>\n<meta name=\"robots\" content=\"index, follow, max-snippet:-1, max-image-preview:large, max-video-preview:-1\" \/>\n<link rel=\"canonical\" href=\"https:\/\/www.miomiorun.com\/es\/producto\/trace-hybrid-jacket-hombre\/\" \/>\n<meta property=\"og:locale\" content=\"es_ES\" \/>\n<meta property=\"og:type\" content=\"article\" \/>\n<meta property=\"og:title\" content=\"Montura Trace Hybrid Jacket hombre - Chaqueta de hombre - MioMioRun\" \/>\n<meta property=\"og:description\" content=\"ara protegerte de las inclemencias del tiempo durante el esqu\u00ed de traves\u00eda. Confeccionada en nailon el\u00e1stico en cuatro direcciones, cortavientos\" \/>\n<meta property=\"og:url\" content=\"https:\/\/www.miomiorun.com\/es\/producto\/trace-hybrid-jacket-hombre\/\" \/>\n<meta property=\"og:site_name\" content=\"MioMioRun\" \/>\n<meta property=\"article:publisher\" content=\"https:\/\/www.facebook.com\/miomiorun\/\" \/>\n<meta property=\"article:modified_time\" content=\"2026-05-07T16:15:47+00:00\" \/>\n<meta property=\"og:image\" content=\"https:\/\/www.miomiorun.com\/app\/uploads\/2024\/09\/montura-Trace-hybrid-jacket-deep-blue-orange-MJAS20X.8768.webp\" \/>\n\t<meta property=\"og:image:width\" content=\"600\" \/>\n\t<meta property=\"og:image:height\" content=\"600\" \/>\n\t<meta property=\"og:image:type\" content=\"image\/webp\" \/>\n<meta name=\"twitter:card\" content=\"summary_large_image\" \/>\n<meta name=\"twitter:label1\" content=\"Est. reading time\" \/>\n\t<meta name=\"twitter:data1\" content=\"2 minutes\" \/>\n<script type=\"application\/ld+json\" class=\"yoast-schema-graph\">{\"@context\":\"https:\/\/schema.org\",\"@graph\":[{\"@type\":\"WebPage\",\"@id\":\"https:\/\/www.miomiorun.com\/es\/producto\/trace-hybrid-jacket-hombre\/\",\"url\":\"https:\/\/www.miomiorun.com\/es\/producto\/trace-hybrid-jacket-hombre\/\",\"name\":\"Montura Trace Hybrid Jacket hombre - Chaqueta de hombre - MioMioRun\",\"isPartOf\":{\"@id\":\"https:\/\/www.miomiorun.com\/es\/#website\"},\"primaryImageOfPage\":{\"@id\":\"https:\/\/www.miomiorun.com\/es\/producto\/trace-hybrid-jacket-hombre\/#primaryimage\"},\"image\":{\"@id\":\"https:\/\/www.miomiorun.com\/es\/producto\/trace-hybrid-jacket-hombre\/#primaryimage\"},\"thumbnailUrl\":\"https:\/\/www.miomiorun.com\/app\/uploads\/2024\/09\/montura-Trace-hybrid-jacket-deep-blue-orange-MJAS20X.8768.webp\",\"datePublished\":\"2024-09-28T08:47:38+00:00\",\"dateModified\":\"2026-05-07T16:15:47+00:00\",\"description\":\"ara protegerte de las inclemencias del tiempo durante el esqu\u00ed de traves\u00eda. Confeccionada en nailon el\u00e1stico en cuatro direcciones, cortavientos\",\"breadcrumb\":{\"@id\":\"https:\/\/www.miomiorun.com\/es\/producto\/trace-hybrid-jacket-hombre\/#breadcrumb\"},\"inLanguage\":\"es-ES\",\"potentialAction\":[{\"@type\":\"ReadAction\",\"target\":[\"https:\/\/www.miomiorun.com\/es\/producto\/trace-hybrid-jacket-hombre\/\"]}]},{\"@type\":\"ImageObject\",\"inLanguage\":\"es-ES\",\"@id\":\"https:\/\/www.miomiorun.com\/es\/producto\/trace-hybrid-jacket-hombre\/#primaryimage\",\"url\":\"https:\/\/www.miomiorun.com\/app\/uploads\/2024\/09\/montura-Trace-hybrid-jacket-deep-blue-orange-MJAS20X.8768.webp\",\"contentUrl\":\"https:\/\/www.miomiorun.com\/app\/uploads\/2024\/09\/montura-Trace-hybrid-jacket-deep-blue-orange-MJAS20X.8768.webp\",\"width\":600,\"height\":600,\"caption\":\"montura Trace hybrid jacket deep blue orange MJAS20X.8768\"},{\"@type\":\"BreadcrumbList\",\"@id\":\"https:\/\/www.miomiorun.com\/es\/producto\/trace-hybrid-jacket-hombre\/#breadcrumb\",\"itemListElement\":[{\"@type\":\"ListItem\",\"position\":1,\"name\":\"Home\",\"item\":\"https:\/\/www.miomiorun.com\/es\/\"},{\"@type\":\"ListItem\",\"position\":2,\"name\":\"Shop\",\"item\":\"https:\/\/www.miomiorun.com\/shop\/\"},{\"@type\":\"ListItem\",\"position\":3,\"name\":\"Trace Hybrid Jacket hombre\"}]},{\"@type\":\"WebSite\",\"@id\":\"https:\/\/www.miomiorun.com\/es\/#website\",\"url\":\"https:\/\/www.miomiorun.com\/es\/\",\"name\":\"MioMioRun\",\"description\":\"Tienda 100% running y trail\",\"publisher\":{\"@id\":\"https:\/\/www.miomiorun.com\/es\/#organization\"},\"potentialAction\":[{\"@type\":\"SearchAction\",\"target\":{\"@type\":\"EntryPoint\",\"urlTemplate\":\"https:\/\/www.miomiorun.com\/es\/?s={search_term_string}\"},\"query-input\":{\"@type\":\"PropertyValueSpecification\",\"valueRequired\":true,\"valueName\":\"search_term_string\"}}],\"inLanguage\":\"es-ES\"},{\"@type\":\"Organization\",\"@id\":\"https:\/\/www.miomiorun.com\/es\/#organization\",\"name\":\"MioMio Run\",\"url\":\"https:\/\/www.miomiorun.com\/es\/\",\"logo\":{\"@type\":\"ImageObject\",\"inLanguage\":\"es-ES\",\"@id\":\"https:\/\/www.miomiorun.com\/es\/#\/schema\/logo\/image\/\",\"url\":\"https:\/\/www.miomiorun.com\/app\/uploads\/2019\/12\/logomio.png\",\"contentUrl\":\"https:\/\/www.miomiorun.com\/app\/uploads\/2019\/12\/logomio.png\",\"width\":115,\"height\":82,\"caption\":\"MioMio Run\"},\"image\":{\"@id\":\"https:\/\/www.miomiorun.com\/es\/#\/schema\/logo\/image\/\"},\"sameAs\":[\"https:\/\/www.facebook.com\/miomiorun\/\",\"https:\/\/www.instagram.com\/miomiorun\/\"]}]}<\/script>\n<!-- \/ Yoast SEO plugin. -->","yoast_head_json":{"title":"Montura Trace Hybrid Jacket hombre - Chaqueta de hombre - MioMioRun","description":"ara protegerte de las inclemencias del tiempo durante el esqu\u00ed de traves\u00eda. Confeccionada en nailon el\u00e1stico en cuatro direcciones, cortavientos","robots":{"index":"index","follow":"follow","max-snippet":"max-snippet:-1","max-image-preview":"max-image-preview:large","max-video-preview":"max-video-preview:-1"},"canonical":"https:\/\/www.miomiorun.com\/es\/producto\/trace-hybrid-jacket-hombre\/","og_locale":"es_ES","og_type":"article","og_title":"Montura Trace Hybrid Jacket hombre - Chaqueta de hombre - MioMioRun","og_description":"ara protegerte de las inclemencias del tiempo durante el esqu\u00ed de traves\u00eda. Confeccionada en nailon el\u00e1stico en cuatro direcciones, cortavientos","og_url":"https:\/\/www.miomiorun.com\/es\/producto\/trace-hybrid-jacket-hombre\/","og_site_name":"MioMioRun","article_publisher":"https:\/\/www.facebook.com\/miomiorun\/","article_modified_time":"2026-05-07T16:15:47+00:00","og_image":[{"width":600,"height":600,"url":"https:\/\/www.miomiorun.com\/app\/uploads\/2024\/09\/montura-Trace-hybrid-jacket-deep-blue-orange-MJAS20X.8768.webp","type":"image\/webp"}],"twitter_card":"summary_large_image","twitter_misc":{"Est. reading time":"2 minutes"},"schema":{"@context":"https:\/\/schema.org","@graph":[{"@type":"WebPage","@id":"https:\/\/www.miomiorun.com\/es\/producto\/trace-hybrid-jacket-hombre\/","url":"https:\/\/www.miomiorun.com\/es\/producto\/trace-hybrid-jacket-hombre\/","name":"Montura Trace Hybrid Jacket hombre - Chaqueta de hombre - MioMioRun","isPartOf":{"@id":"https:\/\/www.miomiorun.com\/es\/#website"},"primaryImageOfPage":{"@id":"https:\/\/www.miomiorun.com\/es\/producto\/trace-hybrid-jacket-hombre\/#primaryimage"},"image":{"@id":"https:\/\/www.miomiorun.com\/es\/producto\/trace-hybrid-jacket-hombre\/#primaryimage"},"thumbnailUrl":"https:\/\/www.miomiorun.com\/app\/uploads\/2024\/09\/montura-Trace-hybrid-jacket-deep-blue-orange-MJAS20X.8768.webp","datePublished":"2024-09-28T08:47:38+00:00","dateModified":"2026-05-07T16:15:47+00:00","description":"ara protegerte de las inclemencias del tiempo durante el esqu\u00ed de traves\u00eda. Confeccionada en nailon el\u00e1stico en cuatro direcciones, cortavientos","breadcrumb":{"@id":"https:\/\/www.miomiorun.com\/es\/producto\/trace-hybrid-jacket-hombre\/#breadcrumb"},"inLanguage":"es-ES","potentialAction":[{"@type":"ReadAction","target":["https:\/\/www.miomiorun.com\/es\/producto\/trace-hybrid-jacket-hombre\/"]}]},{"@type":"ImageObject","inLanguage":"es-ES","@id":"https:\/\/www.miomiorun.com\/es\/producto\/trace-hybrid-jacket-hombre\/#primaryimage","url":"https:\/\/www.miomiorun.com\/app\/uploads\/2024\/09\/montura-Trace-hybrid-jacket-deep-blue-orange-MJAS20X.8768.webp","contentUrl":"https:\/\/www.miomiorun.com\/app\/uploads\/2024\/09\/montura-Trace-hybrid-jacket-deep-blue-orange-MJAS20X.8768.webp","width":600,"height":600,"caption":"montura Trace hybrid jacket deep blue orange MJAS20X.8768"},{"@type":"BreadcrumbList","@id":"https:\/\/www.miomiorun.com\/es\/producto\/trace-hybrid-jacket-hombre\/#breadcrumb","itemListElement":[{"@type":"ListItem","position":1,"name":"Home","item":"https:\/\/www.miomiorun.com\/es\/"},{"@type":"ListItem","position":2,"name":"Shop","item":"https:\/\/www.miomiorun.com\/shop\/"},{"@type":"ListItem","position":3,"name":"Trace Hybrid Jacket hombre"}]},{"@type":"WebSite","@id":"https:\/\/www.miomiorun.com\/es\/#website","url":"https:\/\/www.miomiorun.com\/es\/","name":"MioMioRun","description":"Tienda 100% running y trail","publisher":{"@id":"https:\/\/www.miomiorun.com\/es\/#organization"},"potentialAction":[{"@type":"SearchAction","target":{"@type":"EntryPoint","urlTemplate":"https:\/\/www.miomiorun.com\/es\/?s={search_term_string}"},"query-input":{"@type":"PropertyValueSpecification","valueRequired":true,"valueName":"search_term_string"}}],"inLanguage":"es-ES"},{"@type":"Organization","@id":"https:\/\/www.miomiorun.com\/es\/#organization","name":"MioMio Run","url":"https:\/\/www.miomiorun.com\/es\/","logo":{"@type":"ImageObject","inLanguage":"es-ES","@id":"https:\/\/www.miomiorun.com\/es\/#\/schema\/logo\/image\/","url":"https:\/\/www.miomiorun.com\/app\/uploads\/2019\/12\/logomio.png","contentUrl":"https:\/\/www.miomiorun.com\/app\/uploads\/2019\/12\/logomio.png","width":115,"height":82,"caption":"MioMio Run"},"image":{"@id":"https:\/\/www.miomiorun.com\/es\/#\/schema\/logo\/image\/"},"sameAs":["https:\/\/www.facebook.com\/miomiorun\/","https:\/\/www.instagram.com\/miomiorun\/"]}]}},"_links":{"self":[{"href":"https:\/\/www.miomiorun.com\/es\/wp-json\/wp\/v2\/product\/294961","targetHints":{"allow":["GET"]}}],"collection":[{"href":"https:\/\/www.miomiorun.com\/es\/wp-json\/wp\/v2\/product"}],"about":[{"href":"https:\/\/www.miomiorun.com\/es\/wp-json\/wp\/v2\/types\/product"}],"wp:featuredmedia":[{"embeddable":true,"href":"https:\/\/www.miomiorun.com\/es\/wp-json\/wp\/v2\/media\/249137"}],"wp:attachment":[{"href":"https:\/\/www.miomiorun.com\/es\/wp-json\/wp\/v2\/media?parent=294961"}],"wp:term":[{"taxonomy":"product_brand","embeddable":true,"href":"https:\/\/www.miomiorun.com\/es\/wp-json\/wp\/v2\/product_brand?post=294961"},{"taxonomy":"product_cat","embeddable":true,"href":"https:\/\/www.miomiorun.com\/es\/wp-json\/wp\/v2\/product_cat?post=294961"},{"taxonomy":"product_tag","embeddable":true,"href":"https:\/\/www.miomiorun.com\/es\/wp-json\/wp\/v2\/product_tag?post=294961"}],"curies":[{"name":"wp","href":"https:\/\/api.w.org\/{rel}","templated":true}]}}