{"id":294946,"date":"2024-09-26T15:43:09","date_gmt":"2024-09-26T13:43:09","guid":{"rendered":"https:\/\/miomiorun.com\/prodotto\/dolomiti-cargo-pants-uomo\/"},"modified":"2026-05-07T18:14:05","modified_gmt":"2026-05-07T16:14:05","slug":"dolomiti-cargo-pants-hombre","status":"publish","type":"product","link":"https:\/\/www.miomiorun.com\/es\/producto\/dolomiti-cargo-pants-hombre\/","title":{"rendered":"Dolomiti Cargo Pants hombre"},"content":{"rendered":"<p>Pantalones <strong>Dolomiti Cargo<\/strong> para hombre, pr\u00e1cticos y funcionales: ideales para el senderismo y las aventuras al aire libre.<\/p>\n<p>Confeccionados en nailon reciclado el\u00e1stico en cuatro direcciones, estos pantalones est\u00e1n dise\u00f1ados para resistir las rozaduras y ofrecerte total libertad de movimiento por los senderos. El tratamiento DWR sin PFAS y transpirable te mantiene seco en caso de lluvia ligera o nieve. Gracias al interior cepillado y a su protecci\u00f3n cortavientos, te mantienes abrigado cuando hace fr\u00edo sin a\u00f1adir peso, para disfrutar de la m\u00e1xima comodidad durante todo el d\u00eda. Con numerosos bolsillos para tener tus objetos personales a mano, cuentan con una cintura el\u00e1stica y una hebilla ajustable para que siempre se mantengan bien sujetos sin limitar tus movimientos. Adem\u00e1s, el bajo de las perneras se puede ajustar seg\u00fan tus necesidades. Pantalones Dolomiti Cargo para hombre: perfectos para practicar marcha n\u00f3rdica y afrontar las excursiones m\u00e1s exigentes en oto\u00f1o e invierno.<\/p>\n<p><strong>Caracter\u00edsticas:<\/strong><\/p>\n<ul class=\"tw-list-disc\">\n<li class=\"tw-text-xs\">Pantal\u00f3n largo de hombre<\/li>\n<li class=\"tw-text-xs\">Tejido de nailon con tratamiento DWR sin PFC y elasticidad en cuatro direcciones, con el rev\u00e9s acanalado<\/li>\n<li class=\"tw-text-xs\">Cintura el\u00e1stica, abertura con bot\u00f3n y cremallera<\/li>\n<li class=\"tw-text-xs\">Cintura ajustable mediante hebilla<\/li>\n<li class=\"tw-text-xs\">Bolsillos abiertos<\/li>\n<li class=\"tw-text-xs\">Bolsillos laterales con cremallera<\/li>\n<li class=\"tw-text-xs\">Fondo con ajuste<\/li>\n<li class=\"tw-text-xs\">Ideal para senderismo, marcha n\u00f3rdica y actividades al aire libre<\/li>\n<li class=\"tw-text-xs\">Peso: 430,0 g<\/li>\n<\/ul>\n<h2 class=\"accordion__title tw-font-normal tw-text-l\">Ventajas<\/h2>\n<p>&nbsp;<\/p>\n<div class=\"content__image-wrapper tw-w-fit\">\n<div class=\"content__image tw-relative tw-w-[3.2rem]\">\n<p><img loading=\"lazy\" decoding=\"async\" class=\"tw-absolute tw-top-0 tw-left-0 tw-w-full tw-h-full\" src=\"https:\/\/www.montura.com\/cdn\/shop\/files\/004_Breathable_Black.svg?v=1709125473&amp;width=200\" alt=\"\" width=\"60\" height=\"60\" \/><\/p>\n<h3 class=\"tw-text-s tw-pt-[1.2rem] tw-pb-[0.4rem] tw-font-medium\">Transpirable<\/h3>\n<p class=\"tw-text-greyish-brown tw-text-xs tw-pt-[0.4rem]\">Gracias a sus tejidos transpirables, esta prenda favorece la transpiraci\u00f3n natural de la piel y mantiene el cuerpo siempre a la temperatura \u00f3ptima.<\/p>\n<\/div>\n<\/div>\n<p>&nbsp;<\/p>\n<div class=\"content__image-wrapper tw-w-fit\">\n<div class=\"content__image tw-relative tw-w-[3.2rem]\">\n<p><img loading=\"lazy\" decoding=\"async\" class=\"tw-absolute tw-top-0 tw-left-0 tw-w-full tw-h-full\" src=\"https:\/\/www.montura.com\/cdn\/shop\/files\/002_WaterResistantDWR_Black.svg?v=1709125500&amp;width=200\" alt=\"\" width=\"60\" height=\"60\" \/><\/p>\n<h3 class=\"tw-text-s tw-pt-[1.2rem] tw-pb-[0.4rem] tw-font-medium\">Repelente al agua (DWR)<\/h3>\n<p class=\"tw-text-greyish-brown tw-text-xs tw-pt-[0.4rem]\">Una capa repelente al agua aplicada al tejido garantiza una ligera protecci\u00f3n contra la humedad exterior.<\/p>\n<\/div>\n<\/div>\n<p>&nbsp;<\/p>\n<div class=\"content__image-wrapper tw-w-fit\">\n<div class=\"content__image tw-relative tw-w-[3.2rem]\">\n<p><img loading=\"lazy\" decoding=\"async\" class=\"tw-absolute tw-top-0 tw-left-0 tw-w-full tw-h-full\" src=\"https:\/\/www.montura.com\/cdn\/shop\/files\/003_Windproof_Black.svg?v=1709125529&amp;width=200\" alt=\"\" width=\"60\" height=\"60\" \/><\/p>\n<h3 class=\"tw-text-s tw-pt-[1.2rem] tw-pb-[0.4rem] tw-font-medium\">Cortavientos<\/h3>\n<p class=\"tw-text-s tw-pt-[1.2rem] tw-pb-[0.4rem] tw-font-medium\">El tejido impide que penetre el viento, lo que reduce el riesgo de enfriamiento.<\/p>\n<\/div>\n<p>&nbsp;<\/p>\n<div class=\"content__image tw-relative tw-w-[3.2rem]\">\n<div class=\"content__image-wrapper tw-w-fit\">\n<div class=\"content__image tw-relative tw-w-[3.2rem]\"><img loading=\"lazy\" decoding=\"async\" class=\"tw-absolute tw-top-0 tw-left-0 tw-w-full tw-h-full\" src=\"https:\/\/www.montura.com\/cdn\/shop\/files\/024_PFAS_free_Black.svg?v=1724232112&amp;width=200\" alt=\"\" width=\"60\" height=\"60\" \/><\/div>\n<div>\n<h3 class=\"tw-text-s tw-pt-[1.2rem] tw-pb-[0.4rem] tw-font-medium\">SIN PFAS<\/h3>\n<p class=\"tw-text-greyish-brown tw-text-xs tw-pt-[0.4rem]\">Una prenda libre de PFAS est\u00e1 fabricada con materiales que no han sido sometidos a tratamientos hidr\u00f3fugos a base de compuestos perfluorados y polifluorados (PFAS), perjudiciales para el medio ambiente y los seres vivos. Los tejidos se tratan con un acabado hidr\u00f3fugo ecol\u00f3gico, sin fl\u00faor y de origen vegetal, que garantiza una repelencia al agua duradera.<\/p>\n<\/div>\n<\/div>\n<\/div>\n<\/div>\n","protected":false},"excerpt":{"rendered":"<ul>\n<li>Pantalones de invierno<\/li>\n<li>Ideales para practicar actividades al aire libre cuando hace fr\u00edo<\/li>\n<\/ul>\n","protected":false},"featured_media":249109,"template":"","meta":{"_acf_changed":false,"inline_featured_image":false},"product_brand":[],"product_cat":[24456,24463],"product_tag":[23513,23592],"class_list":{"0":"post-294946","1":"product","2":"type-product","3":"status-publish","4":"has-post-thumbnail","6":"product_cat-pantalones-largos-es-2","7":"product_cat-ropa-de-hombre-es","8":"product_tag-montura-es","9":"product_tag-montura-hombre","10":"pa_attivita-caminar","11":"pa_attivita-outdoor-es","12":"pa_colore-dolomiti-cargo-pants-black-es","13":"pa_marca-montura-es","14":"pa_sesso-hombre","15":"pa_size-extra-large-es","17":"first","18":"instock","19":"sale","20":"taxable","21":"shipping-taxable","22":"purchasable","23":"product-type-variable","24":"wvs-archive-product-wrapper"},"acf":[],"yoast_head":"<!-- This site is optimized with the Yoast SEO plugin v26.8 - https:\/\/yoast.com\/product\/yoast-seo-wordpress\/ -->\n<title>Montura Dolomiti Cargo Pants hombre - pantal\u00f3n de monta\u00f1a - MioMioRun<\/title>\n<meta name=\"description\" content=\"Pr\u00e1cticos y funcionales: ideales para el senderismo y las aventuras al aire libre Confeccionados en nailon reciclado el\u00e1stico en cuatro direcciones\" \/>\n<meta name=\"robots\" content=\"index, follow, max-snippet:-1, max-image-preview:large, max-video-preview:-1\" \/>\n<link rel=\"canonical\" href=\"https:\/\/www.miomiorun.com\/es\/producto\/dolomiti-cargo-pants-hombre\/\" \/>\n<meta property=\"og:locale\" content=\"es_ES\" \/>\n<meta property=\"og:type\" content=\"article\" \/>\n<meta property=\"og:title\" content=\"Montura Dolomiti Cargo Pants hombre - pantal\u00f3n de monta\u00f1a - MioMioRun\" \/>\n<meta property=\"og:description\" content=\"Pr\u00e1cticos y funcionales: ideales para el senderismo y las aventuras al aire libre Confeccionados en nailon reciclado el\u00e1stico en cuatro direcciones\" \/>\n<meta property=\"og:url\" content=\"https:\/\/www.miomiorun.com\/es\/producto\/dolomiti-cargo-pants-hombre\/\" \/>\n<meta property=\"og:site_name\" content=\"MioMioRun\" \/>\n<meta property=\"article:publisher\" content=\"https:\/\/www.facebook.com\/miomiorun\/\" \/>\n<meta property=\"article:modified_time\" content=\"2026-05-07T16:14:05+00:00\" \/>\n<meta property=\"og:image\" content=\"https:\/\/www.miomiorun.com\/app\/uploads\/2024\/09\/Montura-Dolomiti-cargo-pants-black-MPLA56X-90.webp\" \/>\n\t<meta property=\"og:image:width\" content=\"600\" \/>\n\t<meta property=\"og:image:height\" content=\"600\" \/>\n\t<meta property=\"og:image:type\" content=\"image\/webp\" \/>\n<meta name=\"twitter:card\" content=\"summary_large_image\" \/>\n<meta name=\"twitter:label1\" content=\"Est. reading time\" \/>\n\t<meta name=\"twitter:data1\" content=\"2 minutes\" \/>\n<script type=\"application\/ld+json\" class=\"yoast-schema-graph\">{\"@context\":\"https:\/\/schema.org\",\"@graph\":[{\"@type\":\"WebPage\",\"@id\":\"https:\/\/www.miomiorun.com\/es\/producto\/dolomiti-cargo-pants-hombre\/\",\"url\":\"https:\/\/www.miomiorun.com\/es\/producto\/dolomiti-cargo-pants-hombre\/\",\"name\":\"Montura Dolomiti Cargo Pants hombre - pantal\u00f3n de monta\u00f1a - MioMioRun\",\"isPartOf\":{\"@id\":\"https:\/\/www.miomiorun.com\/es\/#website\"},\"primaryImageOfPage\":{\"@id\":\"https:\/\/www.miomiorun.com\/es\/producto\/dolomiti-cargo-pants-hombre\/#primaryimage\"},\"image\":{\"@id\":\"https:\/\/www.miomiorun.com\/es\/producto\/dolomiti-cargo-pants-hombre\/#primaryimage\"},\"thumbnailUrl\":\"https:\/\/www.miomiorun.com\/app\/uploads\/2024\/09\/Montura-Dolomiti-cargo-pants-black-MPLA56X-90.webp\",\"datePublished\":\"2024-09-26T13:43:09+00:00\",\"dateModified\":\"2026-05-07T16:14:05+00:00\",\"description\":\"Pr\u00e1cticos y funcionales: ideales para el senderismo y las aventuras al aire libre Confeccionados en nailon reciclado el\u00e1stico en cuatro direcciones\",\"breadcrumb\":{\"@id\":\"https:\/\/www.miomiorun.com\/es\/producto\/dolomiti-cargo-pants-hombre\/#breadcrumb\"},\"inLanguage\":\"es-ES\",\"potentialAction\":[{\"@type\":\"ReadAction\",\"target\":[\"https:\/\/www.miomiorun.com\/es\/producto\/dolomiti-cargo-pants-hombre\/\"]}]},{\"@type\":\"ImageObject\",\"inLanguage\":\"es-ES\",\"@id\":\"https:\/\/www.miomiorun.com\/es\/producto\/dolomiti-cargo-pants-hombre\/#primaryimage\",\"url\":\"https:\/\/www.miomiorun.com\/app\/uploads\/2024\/09\/Montura-Dolomiti-cargo-pants-black-MPLA56X-90.webp\",\"contentUrl\":\"https:\/\/www.miomiorun.com\/app\/uploads\/2024\/09\/Montura-Dolomiti-cargo-pants-black-MPLA56X-90.webp\",\"width\":600,\"height\":600,\"caption\":\"Montura Dolomiti cargo pants black MPLA56X 90\"},{\"@type\":\"BreadcrumbList\",\"@id\":\"https:\/\/www.miomiorun.com\/es\/producto\/dolomiti-cargo-pants-hombre\/#breadcrumb\",\"itemListElement\":[{\"@type\":\"ListItem\",\"position\":1,\"name\":\"Home\",\"item\":\"https:\/\/www.miomiorun.com\/es\/\"},{\"@type\":\"ListItem\",\"position\":2,\"name\":\"Shop\",\"item\":\"https:\/\/www.miomiorun.com\/shop\/\"},{\"@type\":\"ListItem\",\"position\":3,\"name\":\"Dolomiti Cargo Pants hombre\"}]},{\"@type\":\"WebSite\",\"@id\":\"https:\/\/www.miomiorun.com\/es\/#website\",\"url\":\"https:\/\/www.miomiorun.com\/es\/\",\"name\":\"MioMioRun\",\"description\":\"Tienda 100% running y trail\",\"publisher\":{\"@id\":\"https:\/\/www.miomiorun.com\/es\/#organization\"},\"potentialAction\":[{\"@type\":\"SearchAction\",\"target\":{\"@type\":\"EntryPoint\",\"urlTemplate\":\"https:\/\/www.miomiorun.com\/es\/?s={search_term_string}\"},\"query-input\":{\"@type\":\"PropertyValueSpecification\",\"valueRequired\":true,\"valueName\":\"search_term_string\"}}],\"inLanguage\":\"es-ES\"},{\"@type\":\"Organization\",\"@id\":\"https:\/\/www.miomiorun.com\/es\/#organization\",\"name\":\"MioMio Run\",\"url\":\"https:\/\/www.miomiorun.com\/es\/\",\"logo\":{\"@type\":\"ImageObject\",\"inLanguage\":\"es-ES\",\"@id\":\"https:\/\/www.miomiorun.com\/es\/#\/schema\/logo\/image\/\",\"url\":\"https:\/\/www.miomiorun.com\/app\/uploads\/2019\/12\/logomio.png\",\"contentUrl\":\"https:\/\/www.miomiorun.com\/app\/uploads\/2019\/12\/logomio.png\",\"width\":115,\"height\":82,\"caption\":\"MioMio Run\"},\"image\":{\"@id\":\"https:\/\/www.miomiorun.com\/es\/#\/schema\/logo\/image\/\"},\"sameAs\":[\"https:\/\/www.facebook.com\/miomiorun\/\",\"https:\/\/www.instagram.com\/miomiorun\/\"]}]}<\/script>\n<!-- \/ Yoast SEO plugin. -->","yoast_head_json":{"title":"Montura Dolomiti Cargo Pants hombre - pantal\u00f3n de monta\u00f1a - MioMioRun","description":"Pr\u00e1cticos y funcionales: ideales para el senderismo y las aventuras al aire libre Confeccionados en nailon reciclado el\u00e1stico en cuatro direcciones","robots":{"index":"index","follow":"follow","max-snippet":"max-snippet:-1","max-image-preview":"max-image-preview:large","max-video-preview":"max-video-preview:-1"},"canonical":"https:\/\/www.miomiorun.com\/es\/producto\/dolomiti-cargo-pants-hombre\/","og_locale":"es_ES","og_type":"article","og_title":"Montura Dolomiti Cargo Pants hombre - pantal\u00f3n de monta\u00f1a - MioMioRun","og_description":"Pr\u00e1cticos y funcionales: ideales para el senderismo y las aventuras al aire libre Confeccionados en nailon reciclado el\u00e1stico en cuatro direcciones","og_url":"https:\/\/www.miomiorun.com\/es\/producto\/dolomiti-cargo-pants-hombre\/","og_site_name":"MioMioRun","article_publisher":"https:\/\/www.facebook.com\/miomiorun\/","article_modified_time":"2026-05-07T16:14:05+00:00","og_image":[{"width":600,"height":600,"url":"https:\/\/www.miomiorun.com\/app\/uploads\/2024\/09\/Montura-Dolomiti-cargo-pants-black-MPLA56X-90.webp","type":"image\/webp"}],"twitter_card":"summary_large_image","twitter_misc":{"Est. reading time":"2 minutes"},"schema":{"@context":"https:\/\/schema.org","@graph":[{"@type":"WebPage","@id":"https:\/\/www.miomiorun.com\/es\/producto\/dolomiti-cargo-pants-hombre\/","url":"https:\/\/www.miomiorun.com\/es\/producto\/dolomiti-cargo-pants-hombre\/","name":"Montura Dolomiti Cargo Pants hombre - pantal\u00f3n de monta\u00f1a - MioMioRun","isPartOf":{"@id":"https:\/\/www.miomiorun.com\/es\/#website"},"primaryImageOfPage":{"@id":"https:\/\/www.miomiorun.com\/es\/producto\/dolomiti-cargo-pants-hombre\/#primaryimage"},"image":{"@id":"https:\/\/www.miomiorun.com\/es\/producto\/dolomiti-cargo-pants-hombre\/#primaryimage"},"thumbnailUrl":"https:\/\/www.miomiorun.com\/app\/uploads\/2024\/09\/Montura-Dolomiti-cargo-pants-black-MPLA56X-90.webp","datePublished":"2024-09-26T13:43:09+00:00","dateModified":"2026-05-07T16:14:05+00:00","description":"Pr\u00e1cticos y funcionales: ideales para el senderismo y las aventuras al aire libre Confeccionados en nailon reciclado el\u00e1stico en cuatro direcciones","breadcrumb":{"@id":"https:\/\/www.miomiorun.com\/es\/producto\/dolomiti-cargo-pants-hombre\/#breadcrumb"},"inLanguage":"es-ES","potentialAction":[{"@type":"ReadAction","target":["https:\/\/www.miomiorun.com\/es\/producto\/dolomiti-cargo-pants-hombre\/"]}]},{"@type":"ImageObject","inLanguage":"es-ES","@id":"https:\/\/www.miomiorun.com\/es\/producto\/dolomiti-cargo-pants-hombre\/#primaryimage","url":"https:\/\/www.miomiorun.com\/app\/uploads\/2024\/09\/Montura-Dolomiti-cargo-pants-black-MPLA56X-90.webp","contentUrl":"https:\/\/www.miomiorun.com\/app\/uploads\/2024\/09\/Montura-Dolomiti-cargo-pants-black-MPLA56X-90.webp","width":600,"height":600,"caption":"Montura Dolomiti cargo pants black MPLA56X 90"},{"@type":"BreadcrumbList","@id":"https:\/\/www.miomiorun.com\/es\/producto\/dolomiti-cargo-pants-hombre\/#breadcrumb","itemListElement":[{"@type":"ListItem","position":1,"name":"Home","item":"https:\/\/www.miomiorun.com\/es\/"},{"@type":"ListItem","position":2,"name":"Shop","item":"https:\/\/www.miomiorun.com\/shop\/"},{"@type":"ListItem","position":3,"name":"Dolomiti Cargo Pants hombre"}]},{"@type":"WebSite","@id":"https:\/\/www.miomiorun.com\/es\/#website","url":"https:\/\/www.miomiorun.com\/es\/","name":"MioMioRun","description":"Tienda 100% running y trail","publisher":{"@id":"https:\/\/www.miomiorun.com\/es\/#organization"},"potentialAction":[{"@type":"SearchAction","target":{"@type":"EntryPoint","urlTemplate":"https:\/\/www.miomiorun.com\/es\/?s={search_term_string}"},"query-input":{"@type":"PropertyValueSpecification","valueRequired":true,"valueName":"search_term_string"}}],"inLanguage":"es-ES"},{"@type":"Organization","@id":"https:\/\/www.miomiorun.com\/es\/#organization","name":"MioMio Run","url":"https:\/\/www.miomiorun.com\/es\/","logo":{"@type":"ImageObject","inLanguage":"es-ES","@id":"https:\/\/www.miomiorun.com\/es\/#\/schema\/logo\/image\/","url":"https:\/\/www.miomiorun.com\/app\/uploads\/2019\/12\/logomio.png","contentUrl":"https:\/\/www.miomiorun.com\/app\/uploads\/2019\/12\/logomio.png","width":115,"height":82,"caption":"MioMio Run"},"image":{"@id":"https:\/\/www.miomiorun.com\/es\/#\/schema\/logo\/image\/"},"sameAs":["https:\/\/www.facebook.com\/miomiorun\/","https:\/\/www.instagram.com\/miomiorun\/"]}]}},"_links":{"self":[{"href":"https:\/\/www.miomiorun.com\/es\/wp-json\/wp\/v2\/product\/294946","targetHints":{"allow":["GET"]}}],"collection":[{"href":"https:\/\/www.miomiorun.com\/es\/wp-json\/wp\/v2\/product"}],"about":[{"href":"https:\/\/www.miomiorun.com\/es\/wp-json\/wp\/v2\/types\/product"}],"wp:featuredmedia":[{"embeddable":true,"href":"https:\/\/www.miomiorun.com\/es\/wp-json\/wp\/v2\/media\/249109"}],"wp:attachment":[{"href":"https:\/\/www.miomiorun.com\/es\/wp-json\/wp\/v2\/media?parent=294946"}],"wp:term":[{"taxonomy":"product_brand","embeddable":true,"href":"https:\/\/www.miomiorun.com\/es\/wp-json\/wp\/v2\/product_brand?post=294946"},{"taxonomy":"product_cat","embeddable":true,"href":"https:\/\/www.miomiorun.com\/es\/wp-json\/wp\/v2\/product_cat?post=294946"},{"taxonomy":"product_tag","embeddable":true,"href":"https:\/\/www.miomiorun.com\/es\/wp-json\/wp\/v2\/product_tag?post=294946"}],"curies":[{"name":"wp","href":"https:\/\/api.w.org\/{rel}","templated":true}]}}