{"id":294736,"date":"2024-10-03T14:41:09","date_gmt":"2024-10-03T12:41:09","guid":{"rendered":"https:\/\/miomiorun.com\/prodotto\/run-visible-tight-2-0-donna\/"},"modified":"2026-05-07T18:30:16","modified_gmt":"2026-05-07T16:30:16","slug":"run-visible-tight-2-0-mujer","status":"publish","type":"product","link":"https:\/\/www.miomiorun.com\/es\/producto\/run-visible-tight-2-0-mujer\/","title":{"rendered":"Run Visible Tight 2.0 mujer"},"content":{"rendered":"<h2>No temas a las inclemencias del tiempo con estas mallas de running para mujer.<\/h2>\n<p>Las <strong>mallas Run Visible 2.0<\/strong> cuentan con un dise\u00f1o de alta visibilidad, ofrecen una calidez ligera y pr\u00e1cticos bolsillos para garantizar la m\u00e1xima comodidad durante la carrera, incluso cuando hace fresco y est\u00e1 oscuro. El tejido ligeramente compresivo garantiza un ajuste estable y seguro.<\/p>\n<h3>Ajuste<\/h3>\n<ul>\n<li>Ajustado.<\/li>\n<\/ul>\n<h3>Sostenibilidad<\/h3>\n<ul>\n<li>&nbsp;10 botellas de pl\u00e1stico que no acabar\u00e1n en el vertedero.<\/li>\n<\/ul>\n<p class=\"a-type-h4 m-long-description__label\"><strong>IDEAL PARA:<\/strong><\/p>\n<p>&nbsp;<\/p>\n<p><img loading=\"lazy\" decoding=\"async\" class=\"a-responsive-image__img\" src=\"https:\/\/www.brooksrunning.com\/on\/demandware.static\/-\/Sites-brooks-master-catalog\/default\/dw568ee9ad\/specs\/PDP-BestFor-FTW-APP-Visible-In-The-Dark.svg\" alt=\"\" width=\"51\" height=\"51\"><\/p>\n<p>Visibilidad<\/p>\n<p>&nbsp;<\/p>\n<p><img loading=\"lazy\" decoding=\"async\" class=\"a-responsive-image__img\" src=\"https:\/\/www.brooksrunning.com\/on\/demandware.static\/-\/Sites-brooks-master-catalog\/default\/dw76d19a15\/specs\/PDP-BestFor-APP-Warmth.svg\" alt=\"\" width=\"50\" height=\"50\"><\/p>\n<p>Temperaturas bajas o frescas<\/p>\n<p>&nbsp;<\/p>\n<div class=\"m-long-description__best-for-icon\" aria-hidden=\"true\"><img loading=\"lazy\" decoding=\"async\" class=\"a-responsive-image__img\" src=\"https:\/\/www.brooksrunning.com\/on\/demandware.static\/-\/Sites-brooks-master-catalog\/default\/dw4f254e91\/specs\/PDP-BestFor-APP-Slim-Fit.svg\" alt=\"\" width=\"50\" height=\"50\"><\/div>\n<div aria-hidden=\"true\">Compresi\u00f3n<\/div>\n<div aria-hidden=\"true\"><\/div>\n<div aria-hidden=\"true\"><\/div>\n<div aria-hidden=\"true\"><\/div>\n<div class=\"m-long-description__best-for-icon\" aria-hidden=\"true\"><img loading=\"lazy\" decoding=\"async\" class=\"a-responsive-image__img\" src=\"https:\/\/www.brooksrunning.com\/on\/demandware.static\/-\/Sites-brooks-master-catalog\/default\/dw500bc82d\/specs\/PDP-BestFor-APP-BRA-Storage.svg\" alt=\"\" width=\"50\" height=\"50\"><\/div>\n<div aria-hidden=\"true\">Espacio<\/div>\n<p>&nbsp;<\/p>\n<p><strong>CARACTER\u00cdSTICAS:<\/strong><\/p>\n<ul>\n<li class=\"m-long-description__feature\">Visible en la oscuridad<\/li>\n<li class=\"m-long-description__feature\">\n<div class=\"m-long-description__feature--bullets\" aria-hidden=\"true\">Calidez y ligereza<\/div>\n<\/li>\n<li class=\"m-long-description__feature\">\n<div class=\"m-long-description__feature--bullets\" aria-hidden=\"true\">Tus pertenencias a salvo<\/div>\n<\/li>\n<li class=\"m-long-description__feature\">\n<div class=\"m-long-description__feature--bullets\" aria-hidden=\"true\">Cord\u00f3n para ajustar el ajuste<\/div>\n<\/li>\n<\/ul>\n<p>&nbsp;<\/p>\n<div class=\"o-feature-callout__feature-copy\">\n<h2 class=\"a-type-h4 o-feature-callout__feature-eyebrow\">Visibilidad de 360\u00b0<\/h2>\n<h3 class=\"a-type-h3--big o-feature-callout__feature-header\">Visible en la oscuridad<\/h3>\n<p class=\"a-type-p o-feature-callout__feature-body\">Inserciones reflectantes, fluorescentes y de alto contraste en 3M\u2122 Scotchlite\u2122 Carbon Black Stretch colocadas estrat\u00e9gicamente para que los corredores sean visibles para los conductores.<\/p>\n<\/div>\n<div class=\"o-feature-callout__feature-copy\">\n<h2 class=\"a-type-h4 o-feature-callout__feature-eyebrow\">Calidez ideal<\/h2>\n<h3 class=\"a-type-h3--big o-feature-callout__feature-header\">Cobertura c\u00f3moda<\/h3>\n<p class=\"a-type-p o-feature-callout__feature-body\">El tejido equilibra la calidez y la transpirabilidad. La compresi\u00f3n y las costuras reducidas al m\u00ednimo mantienen intacta la sensaci\u00f3n de bienestar en las piernas.<\/p>\n<div class=\"o-feature-callout__feature-copy\">\n<h2 class=\"a-type-h4 o-feature-callout__feature-eyebrow\">Hablando de bolsillos<\/h2>\n<h3 class=\"a-type-h3--big o-feature-callout__feature-header\">Espacio c\u00f3modo para guardar lo necesario<\/h3>\n<p class=\"a-type-p o-feature-callout__feature-body\">Un bolsillo con cremallera a la izquierda y un bolsillo oculto a la derecha te permiten guardar tus objetos esenciales.<\/p>\n<\/div>\n<\/div>\n","protected":false},"excerpt":{"rendered":"<ul class=\"m-long-description__features\">\n<li class=\"m-long-description__feature\">Visible en la oscuridad<\/li>\n<li class=\"m-long-description__feature\">Cubierta c\u00f3moda<\/li>\n<li class=\"m-long-description__feature\">Espacio c\u00f3modo para guardar lo necesario<\/li>\n<\/ul>\n","protected":false},"featured_media":249375,"template":"","meta":{"_acf_changed":false,"inline_featured_image":false},"product_brand":[],"product_cat":[24225,24401],"product_tag":[23463,23664],"class_list":{"0":"post-294736","1":"product","2":"type-product","3":"status-publish","4":"has-post-thumbnail","6":"product_cat-pantalones-largos","7":"product_cat-ropa-de-mujer","8":"product_tag-brooks-es","9":"product_tag-brooks-mujer","10":"pa_attivita-caminar","11":"pa_attivita-running-es","12":"pa_colore-run-visible-tight-2-0-w-black-fluoro-fla-es","13":"pa_marca-brooks-es","14":"pa_sesso-mujer","15":"pa_size-extra-small-es","16":"pa_size-small-es","18":"first","19":"instock","20":"sale","21":"taxable","22":"shipping-taxable","23":"purchasable","24":"product-type-variable","25":"wvs-archive-product-wrapper"},"acf":[],"yoast_head":"<!-- This site is optimized with the Yoast SEO plugin v26.8 - https:\/\/yoast.com\/product\/yoast-seo-wordpress\/ -->\n<title>BrooksRun Visible Tight 2.0 mujer - Pantalones largos - MioMioRun<\/title>\n<meta name=\"description\" content=\"Las mallas Run Visible 2.0 cuentan con un dise\u00f1o de alta visibilidad, proporcionan una calidez ligera y disponen de pr\u00e1cticos bolsillos\" \/>\n<meta name=\"robots\" content=\"index, follow, max-snippet:-1, max-image-preview:large, max-video-preview:-1\" \/>\n<link rel=\"canonical\" href=\"https:\/\/www.miomiorun.com\/es\/producto\/run-visible-tight-2-0-mujer\/\" \/>\n<meta property=\"og:locale\" content=\"es_ES\" \/>\n<meta property=\"og:type\" content=\"article\" \/>\n<meta property=\"og:title\" content=\"BrooksRun Visible Tight 2.0 mujer - Pantalones largos - MioMioRun\" \/>\n<meta property=\"og:description\" content=\"Las mallas Run Visible 2.0 cuentan con un dise\u00f1o de alta visibilidad, proporcionan una calidez ligera y disponen de pr\u00e1cticos bolsillos\" \/>\n<meta property=\"og:url\" content=\"https:\/\/www.miomiorun.com\/es\/producto\/run-visible-tight-2-0-mujer\/\" \/>\n<meta property=\"og:site_name\" content=\"MioMioRun\" \/>\n<meta property=\"article:publisher\" content=\"https:\/\/www.facebook.com\/miomiorun\/\" \/>\n<meta property=\"article:modified_time\" content=\"2026-05-07T16:30:16+00:00\" \/>\n<meta property=\"og:image\" content=\"https:\/\/www.miomiorun.com\/app\/uploads\/2024\/10\/brooks-Run-Visible-tight-2.0-W-black-fluoro-fla-221693068.webp\" \/>\n\t<meta property=\"og:image:width\" content=\"600\" \/>\n\t<meta property=\"og:image:height\" content=\"600\" \/>\n\t<meta property=\"og:image:type\" content=\"image\/webp\" \/>\n<meta name=\"twitter:card\" content=\"summary_large_image\" \/>\n<meta name=\"twitter:label1\" content=\"Est. reading time\" \/>\n\t<meta name=\"twitter:data1\" content=\"1 minute\" \/>\n<script type=\"application\/ld+json\" class=\"yoast-schema-graph\">{\"@context\":\"https:\/\/schema.org\",\"@graph\":[{\"@type\":\"WebPage\",\"@id\":\"https:\/\/www.miomiorun.com\/es\/producto\/run-visible-tight-2-0-mujer\/\",\"url\":\"https:\/\/www.miomiorun.com\/es\/producto\/run-visible-tight-2-0-mujer\/\",\"name\":\"BrooksRun Visible Tight 2.0 mujer - Pantalones largos - MioMioRun\",\"isPartOf\":{\"@id\":\"https:\/\/www.miomiorun.com\/es\/#website\"},\"primaryImageOfPage\":{\"@id\":\"https:\/\/www.miomiorun.com\/es\/producto\/run-visible-tight-2-0-mujer\/#primaryimage\"},\"image\":{\"@id\":\"https:\/\/www.miomiorun.com\/es\/producto\/run-visible-tight-2-0-mujer\/#primaryimage\"},\"thumbnailUrl\":\"https:\/\/www.miomiorun.com\/app\/uploads\/2024\/10\/brooks-Run-Visible-tight-2.0-W-black-fluoro-fla-221693068.webp\",\"datePublished\":\"2024-10-03T12:41:09+00:00\",\"dateModified\":\"2026-05-07T16:30:16+00:00\",\"description\":\"Las mallas Run Visible 2.0 cuentan con un dise\u00f1o de alta visibilidad, proporcionan una calidez ligera y disponen de pr\u00e1cticos bolsillos\",\"breadcrumb\":{\"@id\":\"https:\/\/www.miomiorun.com\/es\/producto\/run-visible-tight-2-0-mujer\/#breadcrumb\"},\"inLanguage\":\"es-ES\",\"potentialAction\":[{\"@type\":\"ReadAction\",\"target\":[\"https:\/\/www.miomiorun.com\/es\/producto\/run-visible-tight-2-0-mujer\/\"]}]},{\"@type\":\"ImageObject\",\"inLanguage\":\"es-ES\",\"@id\":\"https:\/\/www.miomiorun.com\/es\/producto\/run-visible-tight-2-0-mujer\/#primaryimage\",\"url\":\"https:\/\/www.miomiorun.com\/app\/uploads\/2024\/10\/brooks-Run-Visible-tight-2.0-W-black-fluoro-fla-221693068.webp\",\"contentUrl\":\"https:\/\/www.miomiorun.com\/app\/uploads\/2024\/10\/brooks-Run-Visible-tight-2.0-W-black-fluoro-fla-221693068.webp\",\"width\":600,\"height\":600,\"caption\":\"brooks Run Visible tight 2.0 W black fluoro fla 221693068\"},{\"@type\":\"BreadcrumbList\",\"@id\":\"https:\/\/www.miomiorun.com\/es\/producto\/run-visible-tight-2-0-mujer\/#breadcrumb\",\"itemListElement\":[{\"@type\":\"ListItem\",\"position\":1,\"name\":\"Home\",\"item\":\"https:\/\/www.miomiorun.com\/es\/\"},{\"@type\":\"ListItem\",\"position\":2,\"name\":\"Shop\",\"item\":\"https:\/\/www.miomiorun.com\/shop\/\"},{\"@type\":\"ListItem\",\"position\":3,\"name\":\"Run Visible Tight 2.0 mujer\"}]},{\"@type\":\"WebSite\",\"@id\":\"https:\/\/www.miomiorun.com\/es\/#website\",\"url\":\"https:\/\/www.miomiorun.com\/es\/\",\"name\":\"MioMioRun\",\"description\":\"Tienda 100% running y trail\",\"publisher\":{\"@id\":\"https:\/\/www.miomiorun.com\/es\/#organization\"},\"potentialAction\":[{\"@type\":\"SearchAction\",\"target\":{\"@type\":\"EntryPoint\",\"urlTemplate\":\"https:\/\/www.miomiorun.com\/es\/?s={search_term_string}\"},\"query-input\":{\"@type\":\"PropertyValueSpecification\",\"valueRequired\":true,\"valueName\":\"search_term_string\"}}],\"inLanguage\":\"es-ES\"},{\"@type\":\"Organization\",\"@id\":\"https:\/\/www.miomiorun.com\/es\/#organization\",\"name\":\"MioMio Run\",\"url\":\"https:\/\/www.miomiorun.com\/es\/\",\"logo\":{\"@type\":\"ImageObject\",\"inLanguage\":\"es-ES\",\"@id\":\"https:\/\/www.miomiorun.com\/es\/#\/schema\/logo\/image\/\",\"url\":\"https:\/\/www.miomiorun.com\/app\/uploads\/2019\/12\/logomio.png\",\"contentUrl\":\"https:\/\/www.miomiorun.com\/app\/uploads\/2019\/12\/logomio.png\",\"width\":115,\"height\":82,\"caption\":\"MioMio Run\"},\"image\":{\"@id\":\"https:\/\/www.miomiorun.com\/es\/#\/schema\/logo\/image\/\"},\"sameAs\":[\"https:\/\/www.facebook.com\/miomiorun\/\",\"https:\/\/www.instagram.com\/miomiorun\/\"]}]}<\/script>\n<!-- \/ Yoast SEO plugin. -->","yoast_head_json":{"title":"BrooksRun Visible Tight 2.0 mujer - Pantalones largos - MioMioRun","description":"Las mallas Run Visible 2.0 cuentan con un dise\u00f1o de alta visibilidad, proporcionan una calidez ligera y disponen de pr\u00e1cticos bolsillos","robots":{"index":"index","follow":"follow","max-snippet":"max-snippet:-1","max-image-preview":"max-image-preview:large","max-video-preview":"max-video-preview:-1"},"canonical":"https:\/\/www.miomiorun.com\/es\/producto\/run-visible-tight-2-0-mujer\/","og_locale":"es_ES","og_type":"article","og_title":"BrooksRun Visible Tight 2.0 mujer - Pantalones largos - MioMioRun","og_description":"Las mallas Run Visible 2.0 cuentan con un dise\u00f1o de alta visibilidad, proporcionan una calidez ligera y disponen de pr\u00e1cticos bolsillos","og_url":"https:\/\/www.miomiorun.com\/es\/producto\/run-visible-tight-2-0-mujer\/","og_site_name":"MioMioRun","article_publisher":"https:\/\/www.facebook.com\/miomiorun\/","article_modified_time":"2026-05-07T16:30:16+00:00","og_image":[{"width":600,"height":600,"url":"https:\/\/www.miomiorun.com\/app\/uploads\/2024\/10\/brooks-Run-Visible-tight-2.0-W-black-fluoro-fla-221693068.webp","type":"image\/webp"}],"twitter_card":"summary_large_image","twitter_misc":{"Est. reading time":"1 minute"},"schema":{"@context":"https:\/\/schema.org","@graph":[{"@type":"WebPage","@id":"https:\/\/www.miomiorun.com\/es\/producto\/run-visible-tight-2-0-mujer\/","url":"https:\/\/www.miomiorun.com\/es\/producto\/run-visible-tight-2-0-mujer\/","name":"BrooksRun Visible Tight 2.0 mujer - Pantalones largos - MioMioRun","isPartOf":{"@id":"https:\/\/www.miomiorun.com\/es\/#website"},"primaryImageOfPage":{"@id":"https:\/\/www.miomiorun.com\/es\/producto\/run-visible-tight-2-0-mujer\/#primaryimage"},"image":{"@id":"https:\/\/www.miomiorun.com\/es\/producto\/run-visible-tight-2-0-mujer\/#primaryimage"},"thumbnailUrl":"https:\/\/www.miomiorun.com\/app\/uploads\/2024\/10\/brooks-Run-Visible-tight-2.0-W-black-fluoro-fla-221693068.webp","datePublished":"2024-10-03T12:41:09+00:00","dateModified":"2026-05-07T16:30:16+00:00","description":"Las mallas Run Visible 2.0 cuentan con un dise\u00f1o de alta visibilidad, proporcionan una calidez ligera y disponen de pr\u00e1cticos bolsillos","breadcrumb":{"@id":"https:\/\/www.miomiorun.com\/es\/producto\/run-visible-tight-2-0-mujer\/#breadcrumb"},"inLanguage":"es-ES","potentialAction":[{"@type":"ReadAction","target":["https:\/\/www.miomiorun.com\/es\/producto\/run-visible-tight-2-0-mujer\/"]}]},{"@type":"ImageObject","inLanguage":"es-ES","@id":"https:\/\/www.miomiorun.com\/es\/producto\/run-visible-tight-2-0-mujer\/#primaryimage","url":"https:\/\/www.miomiorun.com\/app\/uploads\/2024\/10\/brooks-Run-Visible-tight-2.0-W-black-fluoro-fla-221693068.webp","contentUrl":"https:\/\/www.miomiorun.com\/app\/uploads\/2024\/10\/brooks-Run-Visible-tight-2.0-W-black-fluoro-fla-221693068.webp","width":600,"height":600,"caption":"brooks Run Visible tight 2.0 W black fluoro fla 221693068"},{"@type":"BreadcrumbList","@id":"https:\/\/www.miomiorun.com\/es\/producto\/run-visible-tight-2-0-mujer\/#breadcrumb","itemListElement":[{"@type":"ListItem","position":1,"name":"Home","item":"https:\/\/www.miomiorun.com\/es\/"},{"@type":"ListItem","position":2,"name":"Shop","item":"https:\/\/www.miomiorun.com\/shop\/"},{"@type":"ListItem","position":3,"name":"Run Visible Tight 2.0 mujer"}]},{"@type":"WebSite","@id":"https:\/\/www.miomiorun.com\/es\/#website","url":"https:\/\/www.miomiorun.com\/es\/","name":"MioMioRun","description":"Tienda 100% running y trail","publisher":{"@id":"https:\/\/www.miomiorun.com\/es\/#organization"},"potentialAction":[{"@type":"SearchAction","target":{"@type":"EntryPoint","urlTemplate":"https:\/\/www.miomiorun.com\/es\/?s={search_term_string}"},"query-input":{"@type":"PropertyValueSpecification","valueRequired":true,"valueName":"search_term_string"}}],"inLanguage":"es-ES"},{"@type":"Organization","@id":"https:\/\/www.miomiorun.com\/es\/#organization","name":"MioMio Run","url":"https:\/\/www.miomiorun.com\/es\/","logo":{"@type":"ImageObject","inLanguage":"es-ES","@id":"https:\/\/www.miomiorun.com\/es\/#\/schema\/logo\/image\/","url":"https:\/\/www.miomiorun.com\/app\/uploads\/2019\/12\/logomio.png","contentUrl":"https:\/\/www.miomiorun.com\/app\/uploads\/2019\/12\/logomio.png","width":115,"height":82,"caption":"MioMio Run"},"image":{"@id":"https:\/\/www.miomiorun.com\/es\/#\/schema\/logo\/image\/"},"sameAs":["https:\/\/www.facebook.com\/miomiorun\/","https:\/\/www.instagram.com\/miomiorun\/"]}]}},"_links":{"self":[{"href":"https:\/\/www.miomiorun.com\/es\/wp-json\/wp\/v2\/product\/294736","targetHints":{"allow":["GET"]}}],"collection":[{"href":"https:\/\/www.miomiorun.com\/es\/wp-json\/wp\/v2\/product"}],"about":[{"href":"https:\/\/www.miomiorun.com\/es\/wp-json\/wp\/v2\/types\/product"}],"wp:featuredmedia":[{"embeddable":true,"href":"https:\/\/www.miomiorun.com\/es\/wp-json\/wp\/v2\/media\/249375"}],"wp:attachment":[{"href":"https:\/\/www.miomiorun.com\/es\/wp-json\/wp\/v2\/media?parent=294736"}],"wp:term":[{"taxonomy":"product_brand","embeddable":true,"href":"https:\/\/www.miomiorun.com\/es\/wp-json\/wp\/v2\/product_brand?post=294736"},{"taxonomy":"product_cat","embeddable":true,"href":"https:\/\/www.miomiorun.com\/es\/wp-json\/wp\/v2\/product_cat?post=294736"},{"taxonomy":"product_tag","embeddable":true,"href":"https:\/\/www.miomiorun.com\/es\/wp-json\/wp\/v2\/product_tag?post=294736"}],"curies":[{"name":"wp","href":"https:\/\/api.w.org\/{rel}","templated":true}]}}