{"id":294708,"date":"2024-10-03T13:49:42","date_gmt":"2024-10-03T11:49:42","guid":{"rendered":"https:\/\/miomiorun.com\/prodotto\/run-visible-jacket-2-0-uomo\/"},"modified":"2026-05-07T18:22:01","modified_gmt":"2026-05-07T16:22:01","slug":"run-visible-jacket-2-0-hombre","status":"publish","type":"product","link":"https:\/\/www.miomiorun.com\/es\/producto\/run-visible-jacket-2-0-hombre\/","title":{"rendered":"Run Visible Jacket 2.0 hombre"},"content":{"rendered":"<h2>\u00bfLlueve y hay poca luz? No hay problema.<\/h2>\n<p>Esta chaqueta impermeable de running para hombre no solo te mantendr\u00e1 seco gracias a su protecci\u00f3n cortavientos e impermeable, sino que tambi\u00e9n te permitir\u00e1 correr con seguridad gracias a su dise\u00f1o de alta visibilidad. Entre sus detalles m\u00e1s destacados se encuentran: la capucha plegable y la posibilidad de llevar siempre contigo los objetos esenciales.<\/p>\n<h3>Ajuste<\/h3>\n<ul>\n<li>Semiajustado<\/li>\n<\/ul>\n<h3>Ideal para:<\/h3>\n<div class=\"m-long-description__best-for-icon\" aria-hidden=\"true\"><img loading=\"lazy\" decoding=\"async\" class=\"a-responsive-image__img\" src=\"https:\/\/www.brooksrunning.com\/on\/demandware.static\/-\/Sites-brooks-master-catalog\/default\/dw568ee9ad\/specs\/PDP-BestFor-FTW-APP-Visible-In-The-Dark.svg\" alt=\"\" width=\"51\" height=\"51\" \/><\/div>\n<div aria-hidden=\"true\">Visibilidad<\/div>\n<div aria-hidden=\"true\"><\/div>\n<div aria-hidden=\"true\"><\/div>\n<div class=\"m-long-description__best-for-icon\" aria-hidden=\"true\"><img loading=\"lazy\" decoding=\"async\" class=\"a-responsive-image__img\" src=\"https:\/\/www.brooksrunning.com\/on\/demandware.static\/-\/Sites-brooks-master-catalog\/default\/dw337b1a5c\/specs\/PDP-BestFor-APP-Wind-&amp;-Water-Protection.svg\" alt=\"\" width=\"50\" height=\"50\" \/><\/div>\n<div aria-hidden=\"true\">Protecci\u00f3n contra las inclemencias del tiempo<\/div>\n<div aria-hidden=\"true\"><\/div>\n<div aria-hidden=\"true\"><\/div>\n<div class=\"m-long-description__best-for-icon\" aria-hidden=\"true\"><img loading=\"lazy\" decoding=\"async\" class=\"a-responsive-image__img\" src=\"https:\/\/www.brooksrunning.com\/on\/demandware.static\/-\/Sites-brooks-master-catalog\/default\/dwce073625\/specs\/PDP-BestFor-APP-Layering.svg\" alt=\"\" width=\"50\" height=\"50\" \/><\/div>\n<div aria-hidden=\"true\">Vestimenta por capas<\/div>\n<div aria-hidden=\"true\"><\/div>\n<div aria-hidden=\"true\"><\/div>\n<div class=\"m-long-description__best-for-icon\" aria-hidden=\"true\"><img loading=\"lazy\" decoding=\"async\" class=\"a-responsive-image__img\" src=\"https:\/\/www.brooksrunning.com\/on\/demandware.static\/-\/Sites-brooks-master-catalog\/default\/dw500bc82d\/specs\/PDP-BestFor-APP-BRA-Storage.svg\" alt=\"\" width=\"50\" height=\"50\" \/><\/div>\n<div aria-hidden=\"true\">Espacio<\/div>\n<div aria-hidden=\"true\"><\/div>\n<h3 aria-hidden=\"true\">Caracter\u00edsticas:<\/h3>\n<ul class=\"m-long-description__features\">\n<li class=\"m-long-description__feature\">\n<div class=\"m-long-description__feature--bullets\" aria-hidden=\"true\">Visible en la oscuridad<\/div>\n<\/li>\n<li class=\"m-long-description__feature\">\n<div class=\"m-long-description__feature--bullets\" aria-hidden=\"true\">Protecci\u00f3n contra el viento y el agua<\/div>\n<\/li>\n<li class=\"m-long-description__feature\">\n<div class=\"m-long-description__feature--bullets\" aria-hidden=\"true\">Tus pertenencias a salvo<\/div>\n<\/li>\n<li class=\"m-long-description__feature\">\n<div class=\"m-long-description__feature--bullets\" aria-hidden=\"true\">Capucha retr\u00e1ctil<\/div>\n<\/li>\n<\/ul>\n<h2><\/h2>\n<h2 style=\"text-align: center\">Protecci\u00f3n resistente a las inclemencias del tiempo que brilla en la oscuridad<\/h2>\n<p>&nbsp;<\/p>\n<p style=\"text-align: center\">VISIBILIDAD DE 360 GRADOS<\/p>\n<h3 style=\"text-align: center\">Visible en la oscuridad<\/h3>\n<p style=\"text-align: center\">La fluorescencia, el alto contraste y la reflectividad en las zonas principales de movimiento ayudan a los corredores a mantenerse visibles en la oscuridad.<\/p>\n<p>&nbsp;<\/p>\n<p style=\"text-align: center\">SUPERA EL MAL TIEMPO<\/p>\n<h3 style=\"text-align: center\">Protecci\u00f3n contra el viento y el agua<\/h3>\n<p style=\"text-align: center\">El tejido protege del viento y del agua, lo que garantiza una comodidad segura frente a las inclemencias del tiempo.<\/p>\n<h3 style=\"text-align: center\"><\/h3>\n<p style=\"text-align: center\">ACERCA DE LOS BOLSILLOS<\/p>\n<h3 style=\"text-align: center\">Tus pertenencias a salvo<\/h3>\n<p style=\"text-align: center\">Dos bolsillos delanteros con cremallera para guardar objetos de valor. El bolsillo de la derecha cuenta con un pr\u00e1ctico compartimento.<\/p>\n<p>&nbsp;<\/p>\n","protected":false},"excerpt":{"rendered":"<ul class=\"m-long-description__features\">\n<li class=\"m-long-description__feature\">Protecci\u00f3n impermeable y contra el viento.<\/li>\n<li>Chaqueta ideal para que te vean en la oscuridad.<\/li>\n<\/ul>\n","protected":false},"featured_media":249323,"template":"","meta":{"_acf_changed":false,"inline_featured_image":false},"product_brand":[],"product_cat":[24460,24463,24464],"product_tag":[23463,23661],"class_list":{"0":"post-294708","1":"product","2":"type-product","3":"status-publish","4":"has-post-thumbnail","6":"product_cat-chaquetas-es-2","7":"product_cat-ropa-de-hombre-es","8":"product_cat-hombre","9":"product_tag-brooks-es","10":"product_tag-brooks-hombre","11":"pa_attivita-caminar","12":"pa_attivita-running-es","13":"pa_colore-run-visible-jacket-2-0-ecru-fluoro-flash-es","14":"pa_marca-brooks-es","15":"pa_sesso-hombre","16":"pa_size-small-es","17":"pa_size-medium-es","19":"first","20":"instock","21":"sale","22":"taxable","23":"shipping-taxable","24":"purchasable","25":"product-type-variable","26":"wvs-archive-product-wrapper"},"acf":[],"yoast_head":"<!-- This site is optimized with the Yoast SEO plugin v26.8 - https:\/\/yoast.com\/product\/yoast-seo-wordpress\/ -->\n<title>BrooksRun Visible Jacket 2.0 hombre - Chaqueta para correr - MioMioRun<\/title>\n<meta name=\"description\" content=\"\u00bfLlueve y hay poca luz? No problemaEsta chaqueta impermeable de running para hombre te mantendr\u00e1 seco gracias a su protecci\u00f3n cortavientos e hidrofugante.\" \/>\n<meta name=\"robots\" content=\"index, follow, max-snippet:-1, max-image-preview:large, max-video-preview:-1\" \/>\n<link rel=\"canonical\" href=\"https:\/\/www.miomiorun.com\/es\/producto\/run-visible-jacket-2-0-hombre\/\" \/>\n<meta property=\"og:locale\" content=\"es_ES\" \/>\n<meta property=\"og:type\" content=\"article\" \/>\n<meta property=\"og:title\" content=\"BrooksRun Visible Jacket 2.0 hombre - Chaqueta para correr - MioMioRun\" \/>\n<meta property=\"og:description\" content=\"\u00bfLlueve y hay poca luz? No problemaEsta chaqueta impermeable de running para hombre te mantendr\u00e1 seco gracias a su protecci\u00f3n cortavientos e hidrofugante.\" \/>\n<meta property=\"og:url\" content=\"https:\/\/www.miomiorun.com\/es\/producto\/run-visible-jacket-2-0-hombre\/\" \/>\n<meta property=\"og:site_name\" content=\"MioMioRun\" \/>\n<meta property=\"article:publisher\" content=\"https:\/\/www.facebook.com\/miomiorun\/\" \/>\n<meta property=\"article:modified_time\" content=\"2026-05-07T16:22:01+00:00\" \/>\n<meta property=\"og:image\" content=\"https:\/\/www.miomiorun.com\/app\/uploads\/2024\/10\/brooks-Run-Visible-jacket-2.0-ecru-fluoro-flash-211519167.webp\" \/>\n\t<meta property=\"og:image:width\" content=\"600\" \/>\n\t<meta property=\"og:image:height\" content=\"600\" \/>\n\t<meta property=\"og:image:type\" content=\"image\/webp\" \/>\n<meta name=\"twitter:card\" content=\"summary_large_image\" \/>\n<meta name=\"twitter:label1\" content=\"Est. reading time\" \/>\n\t<meta name=\"twitter:data1\" content=\"1 minute\" \/>\n<script type=\"application\/ld+json\" class=\"yoast-schema-graph\">{\"@context\":\"https:\/\/schema.org\",\"@graph\":[{\"@type\":\"WebPage\",\"@id\":\"https:\/\/www.miomiorun.com\/es\/producto\/run-visible-jacket-2-0-hombre\/\",\"url\":\"https:\/\/www.miomiorun.com\/es\/producto\/run-visible-jacket-2-0-hombre\/\",\"name\":\"BrooksRun Visible Jacket 2.0 hombre - Chaqueta para correr - MioMioRun\",\"isPartOf\":{\"@id\":\"https:\/\/www.miomiorun.com\/es\/#website\"},\"primaryImageOfPage\":{\"@id\":\"https:\/\/www.miomiorun.com\/es\/producto\/run-visible-jacket-2-0-hombre\/#primaryimage\"},\"image\":{\"@id\":\"https:\/\/www.miomiorun.com\/es\/producto\/run-visible-jacket-2-0-hombre\/#primaryimage\"},\"thumbnailUrl\":\"https:\/\/www.miomiorun.com\/app\/uploads\/2024\/10\/brooks-Run-Visible-jacket-2.0-ecru-fluoro-flash-211519167.webp\",\"datePublished\":\"2024-10-03T11:49:42+00:00\",\"dateModified\":\"2026-05-07T16:22:01+00:00\",\"description\":\"\u00bfLlueve y hay poca luz? No problemaEsta chaqueta impermeable de running para hombre te mantendr\u00e1 seco gracias a su protecci\u00f3n cortavientos e hidrofugante.\",\"breadcrumb\":{\"@id\":\"https:\/\/www.miomiorun.com\/es\/producto\/run-visible-jacket-2-0-hombre\/#breadcrumb\"},\"inLanguage\":\"es-ES\",\"potentialAction\":[{\"@type\":\"ReadAction\",\"target\":[\"https:\/\/www.miomiorun.com\/es\/producto\/run-visible-jacket-2-0-hombre\/\"]}]},{\"@type\":\"ImageObject\",\"inLanguage\":\"es-ES\",\"@id\":\"https:\/\/www.miomiorun.com\/es\/producto\/run-visible-jacket-2-0-hombre\/#primaryimage\",\"url\":\"https:\/\/www.miomiorun.com\/app\/uploads\/2024\/10\/brooks-Run-Visible-jacket-2.0-ecru-fluoro-flash-211519167.webp\",\"contentUrl\":\"https:\/\/www.miomiorun.com\/app\/uploads\/2024\/10\/brooks-Run-Visible-jacket-2.0-ecru-fluoro-flash-211519167.webp\",\"width\":600,\"height\":600,\"caption\":\"brooks Run Visible jacket 2.0 ecru fluoro flash 211519167\"},{\"@type\":\"BreadcrumbList\",\"@id\":\"https:\/\/www.miomiorun.com\/es\/producto\/run-visible-jacket-2-0-hombre\/#breadcrumb\",\"itemListElement\":[{\"@type\":\"ListItem\",\"position\":1,\"name\":\"Home\",\"item\":\"https:\/\/www.miomiorun.com\/es\/\"},{\"@type\":\"ListItem\",\"position\":2,\"name\":\"Shop\",\"item\":\"https:\/\/www.miomiorun.com\/shop\/\"},{\"@type\":\"ListItem\",\"position\":3,\"name\":\"Run Visible Jacket 2.0 hombre\"}]},{\"@type\":\"WebSite\",\"@id\":\"https:\/\/www.miomiorun.com\/es\/#website\",\"url\":\"https:\/\/www.miomiorun.com\/es\/\",\"name\":\"MioMioRun\",\"description\":\"Tienda 100% running y trail\",\"publisher\":{\"@id\":\"https:\/\/www.miomiorun.com\/es\/#organization\"},\"potentialAction\":[{\"@type\":\"SearchAction\",\"target\":{\"@type\":\"EntryPoint\",\"urlTemplate\":\"https:\/\/www.miomiorun.com\/es\/?s={search_term_string}\"},\"query-input\":{\"@type\":\"PropertyValueSpecification\",\"valueRequired\":true,\"valueName\":\"search_term_string\"}}],\"inLanguage\":\"es-ES\"},{\"@type\":\"Organization\",\"@id\":\"https:\/\/www.miomiorun.com\/es\/#organization\",\"name\":\"MioMio Run\",\"url\":\"https:\/\/www.miomiorun.com\/es\/\",\"logo\":{\"@type\":\"ImageObject\",\"inLanguage\":\"es-ES\",\"@id\":\"https:\/\/www.miomiorun.com\/es\/#\/schema\/logo\/image\/\",\"url\":\"https:\/\/www.miomiorun.com\/app\/uploads\/2019\/12\/logomio.png\",\"contentUrl\":\"https:\/\/www.miomiorun.com\/app\/uploads\/2019\/12\/logomio.png\",\"width\":115,\"height\":82,\"caption\":\"MioMio Run\"},\"image\":{\"@id\":\"https:\/\/www.miomiorun.com\/es\/#\/schema\/logo\/image\/\"},\"sameAs\":[\"https:\/\/www.facebook.com\/miomiorun\/\",\"https:\/\/www.instagram.com\/miomiorun\/\"]}]}<\/script>\n<!-- \/ Yoast SEO plugin. -->","yoast_head_json":{"title":"BrooksRun Visible Jacket 2.0 hombre - Chaqueta para correr - MioMioRun","description":"\u00bfLlueve y hay poca luz? No problemaEsta chaqueta impermeable de running para hombre te mantendr\u00e1 seco gracias a su protecci\u00f3n cortavientos e hidrofugante.","robots":{"index":"index","follow":"follow","max-snippet":"max-snippet:-1","max-image-preview":"max-image-preview:large","max-video-preview":"max-video-preview:-1"},"canonical":"https:\/\/www.miomiorun.com\/es\/producto\/run-visible-jacket-2-0-hombre\/","og_locale":"es_ES","og_type":"article","og_title":"BrooksRun Visible Jacket 2.0 hombre - Chaqueta para correr - MioMioRun","og_description":"\u00bfLlueve y hay poca luz? No problemaEsta chaqueta impermeable de running para hombre te mantendr\u00e1 seco gracias a su protecci\u00f3n cortavientos e hidrofugante.","og_url":"https:\/\/www.miomiorun.com\/es\/producto\/run-visible-jacket-2-0-hombre\/","og_site_name":"MioMioRun","article_publisher":"https:\/\/www.facebook.com\/miomiorun\/","article_modified_time":"2026-05-07T16:22:01+00:00","og_image":[{"width":600,"height":600,"url":"https:\/\/www.miomiorun.com\/app\/uploads\/2024\/10\/brooks-Run-Visible-jacket-2.0-ecru-fluoro-flash-211519167.webp","type":"image\/webp"}],"twitter_card":"summary_large_image","twitter_misc":{"Est. reading time":"1 minute"},"schema":{"@context":"https:\/\/schema.org","@graph":[{"@type":"WebPage","@id":"https:\/\/www.miomiorun.com\/es\/producto\/run-visible-jacket-2-0-hombre\/","url":"https:\/\/www.miomiorun.com\/es\/producto\/run-visible-jacket-2-0-hombre\/","name":"BrooksRun Visible Jacket 2.0 hombre - Chaqueta para correr - MioMioRun","isPartOf":{"@id":"https:\/\/www.miomiorun.com\/es\/#website"},"primaryImageOfPage":{"@id":"https:\/\/www.miomiorun.com\/es\/producto\/run-visible-jacket-2-0-hombre\/#primaryimage"},"image":{"@id":"https:\/\/www.miomiorun.com\/es\/producto\/run-visible-jacket-2-0-hombre\/#primaryimage"},"thumbnailUrl":"https:\/\/www.miomiorun.com\/app\/uploads\/2024\/10\/brooks-Run-Visible-jacket-2.0-ecru-fluoro-flash-211519167.webp","datePublished":"2024-10-03T11:49:42+00:00","dateModified":"2026-05-07T16:22:01+00:00","description":"\u00bfLlueve y hay poca luz? No problemaEsta chaqueta impermeable de running para hombre te mantendr\u00e1 seco gracias a su protecci\u00f3n cortavientos e hidrofugante.","breadcrumb":{"@id":"https:\/\/www.miomiorun.com\/es\/producto\/run-visible-jacket-2-0-hombre\/#breadcrumb"},"inLanguage":"es-ES","potentialAction":[{"@type":"ReadAction","target":["https:\/\/www.miomiorun.com\/es\/producto\/run-visible-jacket-2-0-hombre\/"]}]},{"@type":"ImageObject","inLanguage":"es-ES","@id":"https:\/\/www.miomiorun.com\/es\/producto\/run-visible-jacket-2-0-hombre\/#primaryimage","url":"https:\/\/www.miomiorun.com\/app\/uploads\/2024\/10\/brooks-Run-Visible-jacket-2.0-ecru-fluoro-flash-211519167.webp","contentUrl":"https:\/\/www.miomiorun.com\/app\/uploads\/2024\/10\/brooks-Run-Visible-jacket-2.0-ecru-fluoro-flash-211519167.webp","width":600,"height":600,"caption":"brooks Run Visible jacket 2.0 ecru fluoro flash 211519167"},{"@type":"BreadcrumbList","@id":"https:\/\/www.miomiorun.com\/es\/producto\/run-visible-jacket-2-0-hombre\/#breadcrumb","itemListElement":[{"@type":"ListItem","position":1,"name":"Home","item":"https:\/\/www.miomiorun.com\/es\/"},{"@type":"ListItem","position":2,"name":"Shop","item":"https:\/\/www.miomiorun.com\/shop\/"},{"@type":"ListItem","position":3,"name":"Run Visible Jacket 2.0 hombre"}]},{"@type":"WebSite","@id":"https:\/\/www.miomiorun.com\/es\/#website","url":"https:\/\/www.miomiorun.com\/es\/","name":"MioMioRun","description":"Tienda 100% running y trail","publisher":{"@id":"https:\/\/www.miomiorun.com\/es\/#organization"},"potentialAction":[{"@type":"SearchAction","target":{"@type":"EntryPoint","urlTemplate":"https:\/\/www.miomiorun.com\/es\/?s={search_term_string}"},"query-input":{"@type":"PropertyValueSpecification","valueRequired":true,"valueName":"search_term_string"}}],"inLanguage":"es-ES"},{"@type":"Organization","@id":"https:\/\/www.miomiorun.com\/es\/#organization","name":"MioMio Run","url":"https:\/\/www.miomiorun.com\/es\/","logo":{"@type":"ImageObject","inLanguage":"es-ES","@id":"https:\/\/www.miomiorun.com\/es\/#\/schema\/logo\/image\/","url":"https:\/\/www.miomiorun.com\/app\/uploads\/2019\/12\/logomio.png","contentUrl":"https:\/\/www.miomiorun.com\/app\/uploads\/2019\/12\/logomio.png","width":115,"height":82,"caption":"MioMio Run"},"image":{"@id":"https:\/\/www.miomiorun.com\/es\/#\/schema\/logo\/image\/"},"sameAs":["https:\/\/www.facebook.com\/miomiorun\/","https:\/\/www.instagram.com\/miomiorun\/"]}]}},"_links":{"self":[{"href":"https:\/\/www.miomiorun.com\/es\/wp-json\/wp\/v2\/product\/294708","targetHints":{"allow":["GET"]}}],"collection":[{"href":"https:\/\/www.miomiorun.com\/es\/wp-json\/wp\/v2\/product"}],"about":[{"href":"https:\/\/www.miomiorun.com\/es\/wp-json\/wp\/v2\/types\/product"}],"wp:featuredmedia":[{"embeddable":true,"href":"https:\/\/www.miomiorun.com\/es\/wp-json\/wp\/v2\/media\/249323"}],"wp:attachment":[{"href":"https:\/\/www.miomiorun.com\/es\/wp-json\/wp\/v2\/media?parent=294708"}],"wp:term":[{"taxonomy":"product_brand","embeddable":true,"href":"https:\/\/www.miomiorun.com\/es\/wp-json\/wp\/v2\/product_brand?post=294708"},{"taxonomy":"product_cat","embeddable":true,"href":"https:\/\/www.miomiorun.com\/es\/wp-json\/wp\/v2\/product_cat?post=294708"},{"taxonomy":"product_tag","embeddable":true,"href":"https:\/\/www.miomiorun.com\/es\/wp-json\/wp\/v2\/product_tag?post=294708"}],"curies":[{"name":"wp","href":"https:\/\/api.w.org\/{rel}","templated":true}]}}