{"id":294682,"date":"2025-04-11T10:42:45","date_gmt":"2025-04-11T08:42:45","guid":{"rendered":"https:\/\/miomiorun.com\/?post_type=product&#038;p=294682"},"modified":"2026-04-29T09:54:45","modified_gmt":"2026-04-29T07:54:45","slug":"camiseta-color-block-lilla-de-manga-larga-mujer","status":"publish","type":"product","link":"https:\/\/www.miomiorun.com\/es\/producto\/camiseta-color-block-lilla-de-manga-larga-mujer\/","title":{"rendered":"Camiseta Color Block Lilla de manga larga mujer"},"content":{"rendered":"<p class=\"\" data-start=\"83\" data-end=\"453\">Energ\u00eda, libertad, personalidad: este maillot t\u00e9cnico de manga larga encarna todo lo que hace que tu carrera sea \u00fanica. Los bloques de color lila, rosa, morado y marr\u00f3n se funden en un dise\u00f1o atrevido y din\u00e1mico, acompa\u00f1ados del lema \u00abThe Wild Side\u00bb en la manga izquierda, una invitaci\u00f3n a reconectar con tu naturaleza m\u00e1s aut\u00e9ntica.<\/p>\n<p class=\"\" data-start=\"455\" data-end=\"737\">Confeccionado en tejido <strong data-start=\"477\" data-end=\"514\">Gotex ultrasuave y transpirable<\/strong>, este maillot ofrece una sensaci\u00f3n sedosa sobre la piel y un rendimiento fiable en cada salida. Tanto si te enfrentas a una sesi\u00f3n de repeticiones como si disfrutas de un recorrido por el bosque, te garantiza comodidad y libertad de movimiento.<\/p>\n<p class=\"\" data-start=\"739\" data-end=\"770\"><strong data-start=\"739\" data-end=\"769\">Caracter\u00edsticas principales<\/strong>:<\/p>\n<ul data-start=\"771\" data-end=\"1048\">\n<li class=\"\" data-start=\"771\" data-end=\"849\">\n<p class=\"\" data-start=\"773\" data-end=\"849\">Camiseta t\u00e9cnica de manga larga con dise\u00f1o multicolor en bloques y rayas<\/p>\n<\/li>\n<li class=\"\" data-start=\"850\" data-end=\"895\">\n<p class=\"\" data-start=\"852\" data-end=\"895\">Tejido Gotex ligero y suave como la seda<\/p>\n<\/li>\n<li class=\"\" data-start=\"896\" data-end=\"973\">\n<p class=\"\" data-start=\"898\" data-end=\"973\">Transpirable y de secado r\u00e1pido, ideal para actividades al aire libre y running<\/p>\n<\/li>\n<li class=\"\" data-start=\"974\" data-end=\"1025\">\n<p class=\"\" data-start=\"976\" data-end=\"1025\">Detalle \u00abThe Wild Side\u00bb estampado en la manga<\/p>\n<\/li>\n<li class=\"\" data-start=\"1026\" data-end=\"1048\">\n<p class=\"\" data-start=\"1028\" data-end=\"1048\"><strong data-start=\"1028\" data-end=\"1037\">Peso:<\/strong> solo 115 g<\/p>\n<\/li>\n<\/ul>\n","protected":false},"excerpt":{"rendered":"<ul>\n<li class=\"\" data-start=\"850\" data-end=\"895\">\n<p class=\"\" data-start=\"852\" data-end=\"895\">Tejido Gotex ligero y suave como la seda<\/p>\n<\/li>\n<li class=\"\" data-start=\"896\" data-end=\"973\">\n<p class=\"\" data-start=\"898\" data-end=\"973\">Transpirable y de secado r\u00e1pido, ideal para actividades al aire libre y para correr<\/p>\n<\/li>\n<\/ul>\n","protected":false},"featured_media":308628,"template":"","meta":{"_acf_changed":false,"inline_featured_image":false},"product_brand":[],"product_cat":[24396,24401],"product_tag":[23527,23624],"class_list":{"0":"post-294682","1":"product","2":"type-product","3":"status-publish","4":"has-post-thumbnail","6":"product_cat-camisetas","7":"product_cat-ropa-de-mujer","8":"product_tag-wild-tee-es","9":"product_tag-wild-tee-mujer","10":"pa_attivita-caminar","11":"pa_attivita-running-es","12":"pa_attivita-trail-es","13":"pa_marca-wild-tee-es","14":"pa_sesso-mujer","15":"pa_size-extra-small-es","16":"pa_size-small-es","17":"pa_size-medium-es","19":"first","20":"instock","21":"sale","22":"taxable","23":"shipping-taxable","24":"purchasable","25":"product-type-variable","26":"wvs-archive-product-wrapper"},"acf":[],"yoast_head":"<!-- This site is optimized with the Yoast SEO plugin v26.8 - https:\/\/yoast.com\/product\/yoast-seo-wordpress\/ -->\n<title>Wild Tee Camiseta Color Block Lilla de manga larga mujer - Camiseta de manga larga para correr - MioMioRun<\/title>\n<meta name=\"description\" content=\"Camiseta t\u00e9cnica de running de manga larga confeccionada en tejido Gotex ultrasuave. Dise\u00f1o multicolor con estampado. Ligera y transpirable, ideal para pista y trail.\" \/>\n<meta name=\"robots\" content=\"index, follow, max-snippet:-1, max-image-preview:large, max-video-preview:-1\" \/>\n<link rel=\"canonical\" href=\"https:\/\/www.miomiorun.com\/es\/producto\/camiseta-color-block-lilla-de-manga-larga-mujer\/\" \/>\n<meta property=\"og:locale\" content=\"es_ES\" \/>\n<meta property=\"og:type\" content=\"article\" \/>\n<meta property=\"og:title\" content=\"Wild Tee Camiseta Color Block Lilla de manga larga mujer - Camiseta de manga larga para correr - MioMioRun\" \/>\n<meta property=\"og:description\" content=\"Camiseta t\u00e9cnica de running de manga larga confeccionada en tejido Gotex ultrasuave. Dise\u00f1o multicolor con estampado. Ligera y transpirable, ideal para pista y trail.\" \/>\n<meta property=\"og:url\" content=\"https:\/\/www.miomiorun.com\/es\/producto\/camiseta-color-block-lilla-de-manga-larga-mujer\/\" \/>\n<meta property=\"og:site_name\" content=\"MioMioRun\" \/>\n<meta property=\"article:publisher\" content=\"https:\/\/www.facebook.com\/miomiorun\/\" \/>\n<meta property=\"article:modified_time\" content=\"2026-04-29T07:54:45+00:00\" \/>\n<meta property=\"og:image\" content=\"https:\/\/www.miomiorun.com\/app\/uploads\/2025\/04\/wild-tee-Longsleeve-W-color-black-lillac-WT007WT142.webp\" \/>\n\t<meta property=\"og:image:width\" content=\"600\" \/>\n\t<meta property=\"og:image:height\" content=\"600\" \/>\n\t<meta property=\"og:image:type\" content=\"image\/webp\" \/>\n<meta name=\"twitter:card\" content=\"summary_large_image\" \/>\n<meta name=\"twitter:label1\" content=\"Est. reading time\" \/>\n\t<meta name=\"twitter:data1\" content=\"1 minute\" \/>\n<script type=\"application\/ld+json\" class=\"yoast-schema-graph\">{\"@context\":\"https:\/\/schema.org\",\"@graph\":[{\"@type\":\"WebPage\",\"@id\":\"https:\/\/www.miomiorun.com\/es\/producto\/camiseta-color-block-lilla-de-manga-larga-mujer\/\",\"url\":\"https:\/\/www.miomiorun.com\/es\/producto\/camiseta-color-block-lilla-de-manga-larga-mujer\/\",\"name\":\"Wild Tee Camiseta Color Block Lilla de manga larga mujer - Camiseta de manga larga para correr - MioMioRun\",\"isPartOf\":{\"@id\":\"https:\/\/www.miomiorun.com\/es\/#website\"},\"primaryImageOfPage\":{\"@id\":\"https:\/\/www.miomiorun.com\/es\/producto\/camiseta-color-block-lilla-de-manga-larga-mujer\/#primaryimage\"},\"image\":{\"@id\":\"https:\/\/www.miomiorun.com\/es\/producto\/camiseta-color-block-lilla-de-manga-larga-mujer\/#primaryimage\"},\"thumbnailUrl\":\"https:\/\/www.miomiorun.com\/app\/uploads\/2025\/04\/wild-tee-Longsleeve-W-color-black-lillac-WT007WT142.webp\",\"datePublished\":\"2025-04-11T08:42:45+00:00\",\"dateModified\":\"2026-04-29T07:54:45+00:00\",\"description\":\"Camiseta t\u00e9cnica de running de manga larga confeccionada en tejido Gotex ultrasuave. Dise\u00f1o multicolor con estampado. Ligera y transpirable, ideal para pista y trail.\",\"breadcrumb\":{\"@id\":\"https:\/\/www.miomiorun.com\/es\/producto\/camiseta-color-block-lilla-de-manga-larga-mujer\/#breadcrumb\"},\"inLanguage\":\"es-ES\",\"potentialAction\":[{\"@type\":\"ReadAction\",\"target\":[\"https:\/\/www.miomiorun.com\/es\/producto\/camiseta-color-block-lilla-de-manga-larga-mujer\/\"]}]},{\"@type\":\"ImageObject\",\"inLanguage\":\"es-ES\",\"@id\":\"https:\/\/www.miomiorun.com\/es\/producto\/camiseta-color-block-lilla-de-manga-larga-mujer\/#primaryimage\",\"url\":\"https:\/\/www.miomiorun.com\/app\/uploads\/2025\/04\/wild-tee-Longsleeve-W-color-black-lillac-WT007WT142.webp\",\"contentUrl\":\"https:\/\/www.miomiorun.com\/app\/uploads\/2025\/04\/wild-tee-Longsleeve-W-color-black-lillac-WT007WT142.webp\",\"width\":600,\"height\":600,\"caption\":\"wild tee Longsleeve W color black lillac WT007WT142\"},{\"@type\":\"BreadcrumbList\",\"@id\":\"https:\/\/www.miomiorun.com\/es\/producto\/camiseta-color-block-lilla-de-manga-larga-mujer\/#breadcrumb\",\"itemListElement\":[{\"@type\":\"ListItem\",\"position\":1,\"name\":\"Home\",\"item\":\"https:\/\/www.miomiorun.com\/es\/\"},{\"@type\":\"ListItem\",\"position\":2,\"name\":\"Shop\",\"item\":\"https:\/\/www.miomiorun.com\/shop\/\"},{\"@type\":\"ListItem\",\"position\":3,\"name\":\"Camiseta Color Block Lilla de manga larga mujer\"}]},{\"@type\":\"WebSite\",\"@id\":\"https:\/\/www.miomiorun.com\/es\/#website\",\"url\":\"https:\/\/www.miomiorun.com\/es\/\",\"name\":\"MioMioRun\",\"description\":\"Tienda 100% running y trail\",\"publisher\":{\"@id\":\"https:\/\/www.miomiorun.com\/es\/#organization\"},\"potentialAction\":[{\"@type\":\"SearchAction\",\"target\":{\"@type\":\"EntryPoint\",\"urlTemplate\":\"https:\/\/www.miomiorun.com\/es\/?s={search_term_string}\"},\"query-input\":{\"@type\":\"PropertyValueSpecification\",\"valueRequired\":true,\"valueName\":\"search_term_string\"}}],\"inLanguage\":\"es-ES\"},{\"@type\":\"Organization\",\"@id\":\"https:\/\/www.miomiorun.com\/es\/#organization\",\"name\":\"MioMio Run\",\"url\":\"https:\/\/www.miomiorun.com\/es\/\",\"logo\":{\"@type\":\"ImageObject\",\"inLanguage\":\"es-ES\",\"@id\":\"https:\/\/www.miomiorun.com\/es\/#\/schema\/logo\/image\/\",\"url\":\"https:\/\/www.miomiorun.com\/app\/uploads\/2019\/12\/logomio.png\",\"contentUrl\":\"https:\/\/www.miomiorun.com\/app\/uploads\/2019\/12\/logomio.png\",\"width\":115,\"height\":82,\"caption\":\"MioMio Run\"},\"image\":{\"@id\":\"https:\/\/www.miomiorun.com\/es\/#\/schema\/logo\/image\/\"},\"sameAs\":[\"https:\/\/www.facebook.com\/miomiorun\/\",\"https:\/\/www.instagram.com\/miomiorun\/\"]}]}<\/script>\n<!-- \/ Yoast SEO plugin. -->","yoast_head_json":{"title":"Wild Tee Camiseta Color Block Lilla de manga larga mujer - Camiseta de manga larga para correr - MioMioRun","description":"Camiseta t\u00e9cnica de running de manga larga confeccionada en tejido Gotex ultrasuave. Dise\u00f1o multicolor con estampado. Ligera y transpirable, ideal para pista y trail.","robots":{"index":"index","follow":"follow","max-snippet":"max-snippet:-1","max-image-preview":"max-image-preview:large","max-video-preview":"max-video-preview:-1"},"canonical":"https:\/\/www.miomiorun.com\/es\/producto\/camiseta-color-block-lilla-de-manga-larga-mujer\/","og_locale":"es_ES","og_type":"article","og_title":"Wild Tee Camiseta Color Block Lilla de manga larga mujer - Camiseta de manga larga para correr - MioMioRun","og_description":"Camiseta t\u00e9cnica de running de manga larga confeccionada en tejido Gotex ultrasuave. Dise\u00f1o multicolor con estampado. Ligera y transpirable, ideal para pista y trail.","og_url":"https:\/\/www.miomiorun.com\/es\/producto\/camiseta-color-block-lilla-de-manga-larga-mujer\/","og_site_name":"MioMioRun","article_publisher":"https:\/\/www.facebook.com\/miomiorun\/","article_modified_time":"2026-04-29T07:54:45+00:00","og_image":[{"width":600,"height":600,"url":"https:\/\/www.miomiorun.com\/app\/uploads\/2025\/04\/wild-tee-Longsleeve-W-color-black-lillac-WT007WT142.webp","type":"image\/webp"}],"twitter_card":"summary_large_image","twitter_misc":{"Est. reading time":"1 minute"},"schema":{"@context":"https:\/\/schema.org","@graph":[{"@type":"WebPage","@id":"https:\/\/www.miomiorun.com\/es\/producto\/camiseta-color-block-lilla-de-manga-larga-mujer\/","url":"https:\/\/www.miomiorun.com\/es\/producto\/camiseta-color-block-lilla-de-manga-larga-mujer\/","name":"Wild Tee Camiseta Color Block Lilla de manga larga mujer - Camiseta de manga larga para correr - MioMioRun","isPartOf":{"@id":"https:\/\/www.miomiorun.com\/es\/#website"},"primaryImageOfPage":{"@id":"https:\/\/www.miomiorun.com\/es\/producto\/camiseta-color-block-lilla-de-manga-larga-mujer\/#primaryimage"},"image":{"@id":"https:\/\/www.miomiorun.com\/es\/producto\/camiseta-color-block-lilla-de-manga-larga-mujer\/#primaryimage"},"thumbnailUrl":"https:\/\/www.miomiorun.com\/app\/uploads\/2025\/04\/wild-tee-Longsleeve-W-color-black-lillac-WT007WT142.webp","datePublished":"2025-04-11T08:42:45+00:00","dateModified":"2026-04-29T07:54:45+00:00","description":"Camiseta t\u00e9cnica de running de manga larga confeccionada en tejido Gotex ultrasuave. Dise\u00f1o multicolor con estampado. Ligera y transpirable, ideal para pista y trail.","breadcrumb":{"@id":"https:\/\/www.miomiorun.com\/es\/producto\/camiseta-color-block-lilla-de-manga-larga-mujer\/#breadcrumb"},"inLanguage":"es-ES","potentialAction":[{"@type":"ReadAction","target":["https:\/\/www.miomiorun.com\/es\/producto\/camiseta-color-block-lilla-de-manga-larga-mujer\/"]}]},{"@type":"ImageObject","inLanguage":"es-ES","@id":"https:\/\/www.miomiorun.com\/es\/producto\/camiseta-color-block-lilla-de-manga-larga-mujer\/#primaryimage","url":"https:\/\/www.miomiorun.com\/app\/uploads\/2025\/04\/wild-tee-Longsleeve-W-color-black-lillac-WT007WT142.webp","contentUrl":"https:\/\/www.miomiorun.com\/app\/uploads\/2025\/04\/wild-tee-Longsleeve-W-color-black-lillac-WT007WT142.webp","width":600,"height":600,"caption":"wild tee Longsleeve W color black lillac WT007WT142"},{"@type":"BreadcrumbList","@id":"https:\/\/www.miomiorun.com\/es\/producto\/camiseta-color-block-lilla-de-manga-larga-mujer\/#breadcrumb","itemListElement":[{"@type":"ListItem","position":1,"name":"Home","item":"https:\/\/www.miomiorun.com\/es\/"},{"@type":"ListItem","position":2,"name":"Shop","item":"https:\/\/www.miomiorun.com\/shop\/"},{"@type":"ListItem","position":3,"name":"Camiseta Color Block Lilla de manga larga mujer"}]},{"@type":"WebSite","@id":"https:\/\/www.miomiorun.com\/es\/#website","url":"https:\/\/www.miomiorun.com\/es\/","name":"MioMioRun","description":"Tienda 100% running y trail","publisher":{"@id":"https:\/\/www.miomiorun.com\/es\/#organization"},"potentialAction":[{"@type":"SearchAction","target":{"@type":"EntryPoint","urlTemplate":"https:\/\/www.miomiorun.com\/es\/?s={search_term_string}"},"query-input":{"@type":"PropertyValueSpecification","valueRequired":true,"valueName":"search_term_string"}}],"inLanguage":"es-ES"},{"@type":"Organization","@id":"https:\/\/www.miomiorun.com\/es\/#organization","name":"MioMio Run","url":"https:\/\/www.miomiorun.com\/es\/","logo":{"@type":"ImageObject","inLanguage":"es-ES","@id":"https:\/\/www.miomiorun.com\/es\/#\/schema\/logo\/image\/","url":"https:\/\/www.miomiorun.com\/app\/uploads\/2019\/12\/logomio.png","contentUrl":"https:\/\/www.miomiorun.com\/app\/uploads\/2019\/12\/logomio.png","width":115,"height":82,"caption":"MioMio Run"},"image":{"@id":"https:\/\/www.miomiorun.com\/es\/#\/schema\/logo\/image\/"},"sameAs":["https:\/\/www.facebook.com\/miomiorun\/","https:\/\/www.instagram.com\/miomiorun\/"]}]}},"_links":{"self":[{"href":"https:\/\/www.miomiorun.com\/es\/wp-json\/wp\/v2\/product\/294682","targetHints":{"allow":["GET"]}}],"collection":[{"href":"https:\/\/www.miomiorun.com\/es\/wp-json\/wp\/v2\/product"}],"about":[{"href":"https:\/\/www.miomiorun.com\/es\/wp-json\/wp\/v2\/types\/product"}],"wp:featuredmedia":[{"embeddable":true,"href":"https:\/\/www.miomiorun.com\/es\/wp-json\/wp\/v2\/media\/308628"}],"wp:attachment":[{"href":"https:\/\/www.miomiorun.com\/es\/wp-json\/wp\/v2\/media?parent=294682"}],"wp:term":[{"taxonomy":"product_brand","embeddable":true,"href":"https:\/\/www.miomiorun.com\/es\/wp-json\/wp\/v2\/product_brand?post=294682"},{"taxonomy":"product_cat","embeddable":true,"href":"https:\/\/www.miomiorun.com\/es\/wp-json\/wp\/v2\/product_cat?post=294682"},{"taxonomy":"product_tag","embeddable":true,"href":"https:\/\/www.miomiorun.com\/es\/wp-json\/wp\/v2\/product_tag?post=294682"}],"curies":[{"name":"wp","href":"https:\/\/api.w.org\/{rel}","templated":true}]}}