{"id":294623,"date":"2024-10-03T15:07:22","date_gmt":"2024-10-03T13:07:22","guid":{"rendered":"https:\/\/miomiorun.com\/prodotto\/run-visible-1-2-zip-2-0-uomo\/"},"modified":"2026-05-07T18:35:16","modified_gmt":"2026-05-07T16:35:16","slug":"run-visible-1-2-zip-2-0-hombre","status":"publish","type":"product","link":"https:\/\/www.miomiorun.com\/es\/producto\/run-visible-1-2-zip-2-0-hombre\/","title":{"rendered":"Run Visible 1\/2 Zip 2.0 hombre"},"content":{"rendered":"<div class=\"product-attribute product-attribute-passion\">\n<h2 class=\"product-info-main\">Aseg\u00farate una excelente visibilidad durante tus carreras matutinas o nocturnas con el maillot de running Run Visible 2.0 con media cremallera para hombre.<\/h2>\n<div>Gracias a su dise\u00f1o de alta visibilidad, al tejido transpirable GO\u2082\u1d40\u1d39 y a detalles pr\u00e1cticos, como los orificios para los pulgares, te sentir\u00e1s de maravilla y brillar\u00e1s en la oscuridad.<\/div>\n<div><\/div>\n<h3>Ajuste<\/h3>\n<ul>\n<li>Semi-ajustado.<\/li>\n<\/ul>\n<h3>Sostenibilidad<\/h3>\n<ul>\n<li>11 botellas de pl\u00e1stico que no acabar\u00e1n en el vertedero.<\/li>\n<\/ul>\n<div>\n<div class=\"product-attribute product-attribute-passion\">\n<p class=\"attribute-label\"><strong>IDEAL PARA:<\/strong><\/p>\n<p><img loading=\"lazy\" decoding=\"async\" class=\"a-responsive-image__img\" src=\"https:\/\/www.brooksrunning.com\/on\/demandware.static\/-\/Sites-brooks-master-catalog\/default\/dw568ee9ad\/specs\/PDP-BestFor-FTW-APP-Visible-In-The-Dark.svg\" alt=\"\" width=\"40\" height=\"40\"><\/p>\n<p>Carrera en la oscuridad.<\/p>\n<div aria-hidden=\"true\"><\/div>\n<div class=\"m-long-description__best-for-icon\" aria-hidden=\"true\"><img loading=\"lazy\" decoding=\"async\" class=\"a-responsive-image__img\" src=\"https:\/\/www.brooksrunning.com\/on\/demandware.static\/-\/Sites-brooks-master-catalog\/default\/dw500bc82d\/specs\/PDP-BestFor-APP-BRA-Storage.svg\" alt=\"\" width=\"36\" height=\"36\"><\/div>\n<div aria-hidden=\"true\">Espacio<\/div>\n<\/div>\n<\/div>\n<\/div>\n<div aria-hidden=\"true\"><\/div>\n<div aria-hidden=\"true\">\n<div aria-hidden=\"true\"><\/div>\n<div class=\"m-long-description__best-for-icon\" aria-hidden=\"true\"><img loading=\"lazy\" decoding=\"async\" class=\"a-responsive-image__img\" src=\"https:\/\/www.brooksrunning.com\/on\/demandware.static\/-\/Sites-brooks-master-catalog\/default\/dwce073625\/specs\/PDP-BestFor-APP-Layering.svg\" alt=\"\" width=\"36\" height=\"36\"><\/div>\n<div aria-hidden=\"true\">Ropa por capas<\/div>\n<\/div>\n<div aria-hidden=\"true\"><\/div>\n<div aria-hidden=\"true\"><\/div>\n<div aria-hidden=\"true\">\n<div class=\"m-long-description__best-for-icon\" aria-hidden=\"true\"><img loading=\"lazy\" decoding=\"async\" class=\"a-responsive-image__img\" src=\"https:\/\/www.brooksrunning.com\/on\/demandware.static\/-\/Sites-brooks-master-catalog\/default\/dw733fa591\/specs\/PDP-BestFor-FTW-APP-All-Day-Wear.svg\" alt=\"\" width=\"34\" height=\"34\"><\/div>\n<div aria-hidden=\"true\">Carrera nocturna<\/div>\n<\/div>\n<div class=\"product-attribute product-attribute-passion\">\n<div>\n<p>&nbsp;<\/p>\n<div class=\"product-attribute product-attribute-passion\">\n<p><strong>CARACTER\u00cdSTICAS:<\/strong><\/p>\n<ul class=\"m-long-description__features\">\n<li class=\"m-long-description__feature\">\n<div class=\"m-long-description__feature--bullets\" aria-hidden=\"true\">Visible en la oscuridad<\/div>\n<\/li>\n<li class=\"m-long-description__feature\">\n<div class=\"m-long-description__feature--bullets\" aria-hidden=\"true\">Calidez y ligereza<\/div>\n<\/li>\n<li class=\"m-long-description__feature\">\n<div class=\"m-long-description__feature--bullets\" aria-hidden=\"true\">Tus objetos personales a salvo<\/div>\n<\/li>\n<li class=\"m-long-description__feature\">\n<div class=\"m-long-description__feature--bullets\" aria-hidden=\"true\">Visor<\/div>\n<\/li>\n<\/ul>\n<div class=\"o-feature-callout__feature-copy\">\n<div class=\"o-feature-callout__feature-copy\">\n<div class=\"o-feature-callout__feature-copy\">\n<p class=\"a-type-p o-feature-callout__feature-body\">\n<\/div>\n<\/div>\n<\/div>\n<\/div>\n<\/div>\n<\/div>\n","protected":false},"excerpt":{"rendered":"<ul class=\"m-long-description__features\">\n<li class=\"m-long-description__feature\">Visible en la oscuridad<\/li>\n<li class=\"m-long-description__feature\">Perfecta como capa adicional<\/li>\n<li class=\"m-long-description__feature\">Transpirable<\/li>\n<\/ul>\n<p><span style=\"font-weight: 400;\">&nbsp;<\/span><\/p>\n","protected":false},"featured_media":249311,"template":"","meta":{"_acf_changed":false,"inline_featured_image":false},"product_brand":[],"product_cat":[24458,24463,24464],"product_tag":[23463,23661],"class_list":{"0":"post-294623","1":"product","2":"type-product","3":"status-publish","4":"has-post-thumbnail","6":"product_cat-camisetas-es-2","7":"product_cat-ropa-de-hombre-es","8":"product_cat-hombre","9":"product_tag-brooks-es","10":"product_tag-brooks-hombre","11":"pa_attivita-caminar","12":"pa_attivita-running-es","13":"pa_colore-run-visible-1-2-zip-2-0-ecru-fluoro-flas-es","14":"pa_marca-brooks-es","15":"pa_sesso-hombre","16":"pa_size-medium-es","17":"pa_size-large-es","19":"first","20":"instock","21":"sale","22":"taxable","23":"shipping-taxable","24":"purchasable","25":"product-type-variable","26":"wvs-archive-product-wrapper"},"acf":[],"yoast_head":"<!-- This site is optimized with the Yoast SEO plugin v26.8 - https:\/\/yoast.com\/product\/yoast-seo-wordpress\/ -->\n<title>Brooks Run Visible 1\/2 Zip 2.0 hombre - Jersey - MioMioRun<\/title>\n<meta name=\"description\" content=\"Aseg\u00farate una excelente visibilidad durante tus carreras matutinas o nocturnas con el maillot de running Run Visible 2.0 con media cremallera para mujer.\" \/>\n<meta name=\"robots\" content=\"index, follow, max-snippet:-1, max-image-preview:large, max-video-preview:-1\" \/>\n<link rel=\"canonical\" href=\"https:\/\/www.miomiorun.com\/es\/producto\/run-visible-1-2-zip-2-0-hombre\/\" \/>\n<meta property=\"og:locale\" content=\"es_ES\" \/>\n<meta property=\"og:type\" content=\"article\" \/>\n<meta property=\"og:title\" content=\"Brooks Run Visible 1\/2 Zip 2.0 hombre - Jersey - MioMioRun\" \/>\n<meta property=\"og:description\" content=\"Aseg\u00farate una excelente visibilidad durante tus carreras matutinas o nocturnas con el maillot de running Run Visible 2.0 con media cremallera para mujer.\" \/>\n<meta property=\"og:url\" content=\"https:\/\/www.miomiorun.com\/es\/producto\/run-visible-1-2-zip-2-0-hombre\/\" \/>\n<meta property=\"og:site_name\" content=\"MioMioRun\" \/>\n<meta property=\"article:publisher\" content=\"https:\/\/www.facebook.com\/miomiorun\/\" \/>\n<meta property=\"article:modified_time\" content=\"2026-05-07T16:35:16+00:00\" \/>\n<meta property=\"og:image\" content=\"https:\/\/www.miomiorun.com\/app\/uploads\/2024\/10\/brooks-Run-visible-1-2-zip-2.0-ecru-fluoro-flas-211516167.webp\" \/>\n\t<meta property=\"og:image:width\" content=\"600\" \/>\n\t<meta property=\"og:image:height\" content=\"600\" \/>\n\t<meta property=\"og:image:type\" content=\"image\/webp\" \/>\n<meta name=\"twitter:card\" content=\"summary_large_image\" \/>\n<script type=\"application\/ld+json\" class=\"yoast-schema-graph\">{\"@context\":\"https:\/\/schema.org\",\"@graph\":[{\"@type\":\"WebPage\",\"@id\":\"https:\/\/www.miomiorun.com\/es\/producto\/run-visible-1-2-zip-2-0-hombre\/\",\"url\":\"https:\/\/www.miomiorun.com\/es\/producto\/run-visible-1-2-zip-2-0-hombre\/\",\"name\":\"Brooks Run Visible 1\/2 Zip 2.0 hombre - Jersey - MioMioRun\",\"isPartOf\":{\"@id\":\"https:\/\/www.miomiorun.com\/es\/#website\"},\"primaryImageOfPage\":{\"@id\":\"https:\/\/www.miomiorun.com\/es\/producto\/run-visible-1-2-zip-2-0-hombre\/#primaryimage\"},\"image\":{\"@id\":\"https:\/\/www.miomiorun.com\/es\/producto\/run-visible-1-2-zip-2-0-hombre\/#primaryimage\"},\"thumbnailUrl\":\"https:\/\/www.miomiorun.com\/app\/uploads\/2024\/10\/brooks-Run-visible-1-2-zip-2.0-ecru-fluoro-flas-211516167.webp\",\"datePublished\":\"2024-10-03T13:07:22+00:00\",\"dateModified\":\"2026-05-07T16:35:16+00:00\",\"description\":\"Aseg\u00farate una excelente visibilidad durante tus carreras matutinas o nocturnas con el maillot de running Run Visible 2.0 con media cremallera para mujer.\",\"breadcrumb\":{\"@id\":\"https:\/\/www.miomiorun.com\/es\/producto\/run-visible-1-2-zip-2-0-hombre\/#breadcrumb\"},\"inLanguage\":\"es-ES\",\"potentialAction\":[{\"@type\":\"ReadAction\",\"target\":[\"https:\/\/www.miomiorun.com\/es\/producto\/run-visible-1-2-zip-2-0-hombre\/\"]}]},{\"@type\":\"ImageObject\",\"inLanguage\":\"es-ES\",\"@id\":\"https:\/\/www.miomiorun.com\/es\/producto\/run-visible-1-2-zip-2-0-hombre\/#primaryimage\",\"url\":\"https:\/\/www.miomiorun.com\/app\/uploads\/2024\/10\/brooks-Run-visible-1-2-zip-2.0-ecru-fluoro-flas-211516167.webp\",\"contentUrl\":\"https:\/\/www.miomiorun.com\/app\/uploads\/2024\/10\/brooks-Run-visible-1-2-zip-2.0-ecru-fluoro-flas-211516167.webp\",\"width\":600,\"height\":600,\"caption\":\"brooks Run visible 1 2 zip 2.0 ecru fluoro flas 211516167\"},{\"@type\":\"BreadcrumbList\",\"@id\":\"https:\/\/www.miomiorun.com\/es\/producto\/run-visible-1-2-zip-2-0-hombre\/#breadcrumb\",\"itemListElement\":[{\"@type\":\"ListItem\",\"position\":1,\"name\":\"Home\",\"item\":\"https:\/\/www.miomiorun.com\/es\/\"},{\"@type\":\"ListItem\",\"position\":2,\"name\":\"Shop\",\"item\":\"https:\/\/www.miomiorun.com\/shop\/\"},{\"@type\":\"ListItem\",\"position\":3,\"name\":\"Run Visible 1\/2 Zip 2.0 hombre\"}]},{\"@type\":\"WebSite\",\"@id\":\"https:\/\/www.miomiorun.com\/es\/#website\",\"url\":\"https:\/\/www.miomiorun.com\/es\/\",\"name\":\"MioMioRun\",\"description\":\"Tienda 100% running y trail\",\"publisher\":{\"@id\":\"https:\/\/www.miomiorun.com\/es\/#organization\"},\"potentialAction\":[{\"@type\":\"SearchAction\",\"target\":{\"@type\":\"EntryPoint\",\"urlTemplate\":\"https:\/\/www.miomiorun.com\/es\/?s={search_term_string}\"},\"query-input\":{\"@type\":\"PropertyValueSpecification\",\"valueRequired\":true,\"valueName\":\"search_term_string\"}}],\"inLanguage\":\"es-ES\"},{\"@type\":\"Organization\",\"@id\":\"https:\/\/www.miomiorun.com\/es\/#organization\",\"name\":\"MioMio Run\",\"url\":\"https:\/\/www.miomiorun.com\/es\/\",\"logo\":{\"@type\":\"ImageObject\",\"inLanguage\":\"es-ES\",\"@id\":\"https:\/\/www.miomiorun.com\/es\/#\/schema\/logo\/image\/\",\"url\":\"https:\/\/www.miomiorun.com\/app\/uploads\/2019\/12\/logomio.png\",\"contentUrl\":\"https:\/\/www.miomiorun.com\/app\/uploads\/2019\/12\/logomio.png\",\"width\":115,\"height\":82,\"caption\":\"MioMio Run\"},\"image\":{\"@id\":\"https:\/\/www.miomiorun.com\/es\/#\/schema\/logo\/image\/\"},\"sameAs\":[\"https:\/\/www.facebook.com\/miomiorun\/\",\"https:\/\/www.instagram.com\/miomiorun\/\"]}]}<\/script>\n<!-- \/ Yoast SEO plugin. -->","yoast_head_json":{"title":"Brooks Run Visible 1\/2 Zip 2.0 hombre - Jersey - MioMioRun","description":"Aseg\u00farate una excelente visibilidad durante tus carreras matutinas o nocturnas con el maillot de running Run Visible 2.0 con media cremallera para mujer.","robots":{"index":"index","follow":"follow","max-snippet":"max-snippet:-1","max-image-preview":"max-image-preview:large","max-video-preview":"max-video-preview:-1"},"canonical":"https:\/\/www.miomiorun.com\/es\/producto\/run-visible-1-2-zip-2-0-hombre\/","og_locale":"es_ES","og_type":"article","og_title":"Brooks Run Visible 1\/2 Zip 2.0 hombre - Jersey - MioMioRun","og_description":"Aseg\u00farate una excelente visibilidad durante tus carreras matutinas o nocturnas con el maillot de running Run Visible 2.0 con media cremallera para mujer.","og_url":"https:\/\/www.miomiorun.com\/es\/producto\/run-visible-1-2-zip-2-0-hombre\/","og_site_name":"MioMioRun","article_publisher":"https:\/\/www.facebook.com\/miomiorun\/","article_modified_time":"2026-05-07T16:35:16+00:00","og_image":[{"width":600,"height":600,"url":"https:\/\/www.miomiorun.com\/app\/uploads\/2024\/10\/brooks-Run-visible-1-2-zip-2.0-ecru-fluoro-flas-211516167.webp","type":"image\/webp"}],"twitter_card":"summary_large_image","schema":{"@context":"https:\/\/schema.org","@graph":[{"@type":"WebPage","@id":"https:\/\/www.miomiorun.com\/es\/producto\/run-visible-1-2-zip-2-0-hombre\/","url":"https:\/\/www.miomiorun.com\/es\/producto\/run-visible-1-2-zip-2-0-hombre\/","name":"Brooks Run Visible 1\/2 Zip 2.0 hombre - Jersey - MioMioRun","isPartOf":{"@id":"https:\/\/www.miomiorun.com\/es\/#website"},"primaryImageOfPage":{"@id":"https:\/\/www.miomiorun.com\/es\/producto\/run-visible-1-2-zip-2-0-hombre\/#primaryimage"},"image":{"@id":"https:\/\/www.miomiorun.com\/es\/producto\/run-visible-1-2-zip-2-0-hombre\/#primaryimage"},"thumbnailUrl":"https:\/\/www.miomiorun.com\/app\/uploads\/2024\/10\/brooks-Run-visible-1-2-zip-2.0-ecru-fluoro-flas-211516167.webp","datePublished":"2024-10-03T13:07:22+00:00","dateModified":"2026-05-07T16:35:16+00:00","description":"Aseg\u00farate una excelente visibilidad durante tus carreras matutinas o nocturnas con el maillot de running Run Visible 2.0 con media cremallera para mujer.","breadcrumb":{"@id":"https:\/\/www.miomiorun.com\/es\/producto\/run-visible-1-2-zip-2-0-hombre\/#breadcrumb"},"inLanguage":"es-ES","potentialAction":[{"@type":"ReadAction","target":["https:\/\/www.miomiorun.com\/es\/producto\/run-visible-1-2-zip-2-0-hombre\/"]}]},{"@type":"ImageObject","inLanguage":"es-ES","@id":"https:\/\/www.miomiorun.com\/es\/producto\/run-visible-1-2-zip-2-0-hombre\/#primaryimage","url":"https:\/\/www.miomiorun.com\/app\/uploads\/2024\/10\/brooks-Run-visible-1-2-zip-2.0-ecru-fluoro-flas-211516167.webp","contentUrl":"https:\/\/www.miomiorun.com\/app\/uploads\/2024\/10\/brooks-Run-visible-1-2-zip-2.0-ecru-fluoro-flas-211516167.webp","width":600,"height":600,"caption":"brooks Run visible 1 2 zip 2.0 ecru fluoro flas 211516167"},{"@type":"BreadcrumbList","@id":"https:\/\/www.miomiorun.com\/es\/producto\/run-visible-1-2-zip-2-0-hombre\/#breadcrumb","itemListElement":[{"@type":"ListItem","position":1,"name":"Home","item":"https:\/\/www.miomiorun.com\/es\/"},{"@type":"ListItem","position":2,"name":"Shop","item":"https:\/\/www.miomiorun.com\/shop\/"},{"@type":"ListItem","position":3,"name":"Run Visible 1\/2 Zip 2.0 hombre"}]},{"@type":"WebSite","@id":"https:\/\/www.miomiorun.com\/es\/#website","url":"https:\/\/www.miomiorun.com\/es\/","name":"MioMioRun","description":"Tienda 100% running y trail","publisher":{"@id":"https:\/\/www.miomiorun.com\/es\/#organization"},"potentialAction":[{"@type":"SearchAction","target":{"@type":"EntryPoint","urlTemplate":"https:\/\/www.miomiorun.com\/es\/?s={search_term_string}"},"query-input":{"@type":"PropertyValueSpecification","valueRequired":true,"valueName":"search_term_string"}}],"inLanguage":"es-ES"},{"@type":"Organization","@id":"https:\/\/www.miomiorun.com\/es\/#organization","name":"MioMio Run","url":"https:\/\/www.miomiorun.com\/es\/","logo":{"@type":"ImageObject","inLanguage":"es-ES","@id":"https:\/\/www.miomiorun.com\/es\/#\/schema\/logo\/image\/","url":"https:\/\/www.miomiorun.com\/app\/uploads\/2019\/12\/logomio.png","contentUrl":"https:\/\/www.miomiorun.com\/app\/uploads\/2019\/12\/logomio.png","width":115,"height":82,"caption":"MioMio Run"},"image":{"@id":"https:\/\/www.miomiorun.com\/es\/#\/schema\/logo\/image\/"},"sameAs":["https:\/\/www.facebook.com\/miomiorun\/","https:\/\/www.instagram.com\/miomiorun\/"]}]}},"_links":{"self":[{"href":"https:\/\/www.miomiorun.com\/es\/wp-json\/wp\/v2\/product\/294623","targetHints":{"allow":["GET"]}}],"collection":[{"href":"https:\/\/www.miomiorun.com\/es\/wp-json\/wp\/v2\/product"}],"about":[{"href":"https:\/\/www.miomiorun.com\/es\/wp-json\/wp\/v2\/types\/product"}],"wp:featuredmedia":[{"embeddable":true,"href":"https:\/\/www.miomiorun.com\/es\/wp-json\/wp\/v2\/media\/249311"}],"wp:attachment":[{"href":"https:\/\/www.miomiorun.com\/es\/wp-json\/wp\/v2\/media?parent=294623"}],"wp:term":[{"taxonomy":"product_brand","embeddable":true,"href":"https:\/\/www.miomiorun.com\/es\/wp-json\/wp\/v2\/product_brand?post=294623"},{"taxonomy":"product_cat","embeddable":true,"href":"https:\/\/www.miomiorun.com\/es\/wp-json\/wp\/v2\/product_cat?post=294623"},{"taxonomy":"product_tag","embeddable":true,"href":"https:\/\/www.miomiorun.com\/es\/wp-json\/wp\/v2\/product_tag?post=294623"}],"curies":[{"name":"wp","href":"https:\/\/api.w.org\/{rel}","templated":true}]}}