{"id":294540,"date":"2024-07-25T14:17:23","date_gmt":"2024-07-25T12:17:23","guid":{"rendered":"https:\/\/miomiorun.com\/prodotto\/olympus-6-uomo\/"},"modified":"2026-03-03T09:57:06","modified_gmt":"2026-03-03T08:57:06","slug":"olympus-6-hombre","status":"publish","type":"product","link":"https:\/\/www.miomiorun.com\/es\/producto\/olympus-6-hombre\/","title":{"rendered":"Olympus 6 hombre"},"content":{"rendered":"<div class=\"vc-row container\"><div class=\"vc-column\"><div class=\"vc-column-text\"><\/p>\n<p><strong>Especificaciones t\u00e9cnicas<\/strong><\/p>\n<p>Categor\u00eda: amortiguaci\u00f3n superior.<br \/>\nOffset: 0 mm.<br \/>\nAltura de la suela: 33 mm.<br \/>\nPeso: 345 g.<br \/>\nIdeal para: corredores amantes del trail running que buscan un modelo bien amortiguado que se pueda utilizar para distancias largas y medias, tanto en monta\u00f1a como en caminos de tierra y, ocasionalmente, en asfalto.<br \/>\nPeso del atleta: 70-90 kg<br \/>\nRitmo de carrera: medio (5,00 min\/km)<br \/>\n<a href=\"https:\/\/miomiorun.com\/es\/guia-especifica\/\">Gu\u00eda de especificaciones t\u00e9cnicas<\/a><\/p>\n<p><\/div><\/div><div class=\"vc-column\"><div class=\"vc-column-text\"><\/p>\n<div class=\"product attribute description\">\n<h2 class=\"value\" style=\"text-align: left\">Conquista los senderos con la zapatilla de trail running m\u00e1s suave, con una resistencia mejorada para correr todo el d\u00eda.<\/h2>\n<h3 class=\"value\">Con amortiguaci\u00f3n, agarre y puntera m\u00e1s espaciosa, para el m\u00e1ximo confort y seguridad.<\/h3>\n<div>Las nuevas <strong>Olympus 6<\/strong> para hombre mantienen el dise\u00f1o de la entresuela acolchada con espuma suave y reactiva y actualizan la parte superior de malla para ofrecer una mayor transpirabilidad durante las largas jornadas en los senderos.<\/div>\n<div><\/div>\n<h2>Consigue un agarre fiable con la suela Vibram\u00ae Megagrip, con ranuras actualizadas para una mayor resistencia, estabilidad y la tracci\u00f3n que necesitas para evitar resbalones en terrenos t\u00e9cnicos.<\/h2>\n<div><\/div>\n<div>En las nuevas Olympus 6 se ha a\u00f1adido un soporte para el tend\u00f3n de Aquiles de alta calidad, dise\u00f1ado para una sensaci\u00f3n a\u00fan m\u00e1s c\u00f3moda. Los dedos de los pies pueden estar c\u00f3modos con Original FootShape Fit, la puntera m\u00e1s espaciosa, con toda la superficie necesaria para moverse libremente y espacio para el mediopi\u00e9.<\/p>\n<div><\/div>\n<h3>Alcanza la cima y disfruta de las mejores vistas con un calzado c\u00f3modo, resistente y dise\u00f1ado para ayudarte a conquistar el sendero.<\/h3>\n<\/div>\n<\/div>\n<p>&nbsp;<\/p>\n<h3>Caracter\u00edsticas:<\/h3>\n<ul>\n<li>Entresuela: Espuma EVA suave moldeada por compresi\u00f3n<\/li>\n<li>Suela: Vibram<\/li>\n<li>Altura de la suela: 33 mm\/33 mm<\/li>\n<li>Parte superior: Malla t\u00e9cnica<\/li>\n<li>Forma del pie: Original<\/li>\n<li>Familia: Olympus<\/li>\n<li>Amortiguaci\u00f3n: M\u00e1xima<\/li>\n<li>L\u00ednea: Senderos<\/li>\n<\/ul>\n<p><\/div><\/div><\/div>\n","protected":false},"excerpt":{"rendered":"<ul>\n<li>Suela: Vibram\u00ae Megagrip<\/li>\n<li>Zapatilla de trail running para afrontar cualquier sendero.<\/li>\n<\/ul>\n","protected":false},"featured_media":404351,"template":"","meta":{"_acf_changed":false,"inline_featured_image":false},"product_brand":[],"product_cat":[24454,24451],"product_tag":[23459,23673],"class_list":{"0":"post-294540","1":"product","2":"type-product","3":"status-publish","4":"has-post-thumbnail","6":"product_cat-calzado-para-hombre","7":"product_cat-trail-es-3","8":"product_tag-altra-es","9":"product_tag-altra-hombre","10":"pa_attivita-outdoor-es","11":"pa_attivita-trail-es","12":"pa_colore-olympus-6-gray-blue","13":"pa_colore-olympus-6-gray-lime","14":"pa_colore-olympus-6-gray-red-es","15":"pa_marca-altra-es","16":"pa_sesso-hombre","17":"pa_size-41-es","18":"pa_size-42-5-es","19":"pa_size-43-es","20":"pa_size-44-es","21":"pa_size-44-5-es","22":"pa_size-45-es","23":"pa_size-46-es","24":"pa_size-46-5-es","26":"first","27":"instock","28":"sale","29":"taxable","30":"shipping-taxable","31":"purchasable","32":"product-type-variable","33":"wvs-archive-product-wrapper"},"acf":[],"yoast_head":"<!-- This site is optimized with the Yoast SEO plugin v26.8 - https:\/\/yoast.com\/product\/yoast-seo-wordpress\/ -->\n<title>Altra Olympus 6 hombre - zapatillas de trail para hombre - MioMioRun.com<\/title>\n<meta name=\"description\" content=\"Las nuevas Olympus 6 para hombre mantienen el dise\u00f1o de la entresuela acolchada de espuma suave y reactiva y actualizan la parte superior de malla .\" \/>\n<meta name=\"robots\" content=\"index, follow, max-snippet:-1, max-image-preview:large, max-video-preview:-1\" \/>\n<link rel=\"canonical\" href=\"https:\/\/www.miomiorun.com\/es\/producto\/olympus-6-hombre\/\" \/>\n<meta property=\"og:locale\" content=\"es_ES\" \/>\n<meta property=\"og:type\" content=\"article\" \/>\n<meta property=\"og:title\" content=\"Altra Olympus 6 hombre - zapatillas de trail para hombre - MioMioRun.com\" \/>\n<meta property=\"og:description\" content=\"Las nuevas Olympus 6 para hombre mantienen el dise\u00f1o de la entresuela acolchada de espuma suave y reactiva y actualizan la parte superior de malla .\" \/>\n<meta property=\"og:url\" content=\"https:\/\/www.miomiorun.com\/es\/producto\/olympus-6-hombre\/\" \/>\n<meta property=\"og:site_name\" content=\"MioMioRun\" \/>\n<meta property=\"article:publisher\" content=\"https:\/\/www.facebook.com\/miomiorun\/\" \/>\n<meta property=\"article:modified_time\" content=\"2026-03-03T08:57:06+00:00\" \/>\n<meta property=\"og:image\" content=\"https:\/\/www.miomiorun.com\/app\/uploads\/2026\/02\/Altra-Olympus-6-gray-blue-AL0A85NJ2421.webp\" \/>\n\t<meta property=\"og:image:width\" content=\"720\" \/>\n\t<meta property=\"og:image:height\" content=\"720\" \/>\n\t<meta property=\"og:image:type\" content=\"image\/webp\" \/>\n<meta name=\"twitter:card\" content=\"summary_large_image\" \/>\n<meta name=\"twitter:label1\" content=\"Est. reading time\" \/>\n\t<meta name=\"twitter:data1\" content=\"2 minutes\" \/>\n<script type=\"application\/ld+json\" class=\"yoast-schema-graph\">{\"@context\":\"https:\/\/schema.org\",\"@graph\":[{\"@type\":\"WebPage\",\"@id\":\"https:\/\/www.miomiorun.com\/es\/producto\/olympus-6-hombre\/\",\"url\":\"https:\/\/www.miomiorun.com\/es\/producto\/olympus-6-hombre\/\",\"name\":\"Altra Olympus 6 hombre - zapatillas de trail para hombre - MioMioRun.com\",\"isPartOf\":{\"@id\":\"https:\/\/www.miomiorun.com\/es\/#website\"},\"primaryImageOfPage\":{\"@id\":\"https:\/\/www.miomiorun.com\/es\/producto\/olympus-6-hombre\/#primaryimage\"},\"image\":{\"@id\":\"https:\/\/www.miomiorun.com\/es\/producto\/olympus-6-hombre\/#primaryimage\"},\"thumbnailUrl\":\"https:\/\/www.miomiorun.com\/app\/uploads\/2026\/02\/Altra-Olympus-6-gray-blue-AL0A85NJ2421.webp\",\"datePublished\":\"2024-07-25T12:17:23+00:00\",\"dateModified\":\"2026-03-03T08:57:06+00:00\",\"description\":\"Las nuevas Olympus 6 para hombre mantienen el dise\u00f1o de la entresuela acolchada de espuma suave y reactiva y actualizan la parte superior de malla .\",\"breadcrumb\":{\"@id\":\"https:\/\/www.miomiorun.com\/es\/producto\/olympus-6-hombre\/#breadcrumb\"},\"inLanguage\":\"es-ES\",\"potentialAction\":[{\"@type\":\"ReadAction\",\"target\":[\"https:\/\/www.miomiorun.com\/es\/producto\/olympus-6-hombre\/\"]}]},{\"@type\":\"ImageObject\",\"inLanguage\":\"es-ES\",\"@id\":\"https:\/\/www.miomiorun.com\/es\/producto\/olympus-6-hombre\/#primaryimage\",\"url\":\"https:\/\/www.miomiorun.com\/app\/uploads\/2026\/02\/Altra-Olympus-6-gray-blue-AL0A85NJ2421.webp\",\"contentUrl\":\"https:\/\/www.miomiorun.com\/app\/uploads\/2026\/02\/Altra-Olympus-6-gray-blue-AL0A85NJ2421.webp\",\"width\":720,\"height\":720,\"caption\":\"Altra Olympus 6 gray blue AL0A85NJ2421\"},{\"@type\":\"BreadcrumbList\",\"@id\":\"https:\/\/www.miomiorun.com\/es\/producto\/olympus-6-hombre\/#breadcrumb\",\"itemListElement\":[{\"@type\":\"ListItem\",\"position\":1,\"name\":\"Home\",\"item\":\"https:\/\/www.miomiorun.com\/es\/\"},{\"@type\":\"ListItem\",\"position\":2,\"name\":\"Shop\",\"item\":\"https:\/\/www.miomiorun.com\/shop\/\"},{\"@type\":\"ListItem\",\"position\":3,\"name\":\"Olympus 6 hombre\"}]},{\"@type\":\"WebSite\",\"@id\":\"https:\/\/www.miomiorun.com\/es\/#website\",\"url\":\"https:\/\/www.miomiorun.com\/es\/\",\"name\":\"MioMioRun\",\"description\":\"Tienda 100% running y trail\",\"publisher\":{\"@id\":\"https:\/\/www.miomiorun.com\/es\/#organization\"},\"potentialAction\":[{\"@type\":\"SearchAction\",\"target\":{\"@type\":\"EntryPoint\",\"urlTemplate\":\"https:\/\/www.miomiorun.com\/es\/?s={search_term_string}\"},\"query-input\":{\"@type\":\"PropertyValueSpecification\",\"valueRequired\":true,\"valueName\":\"search_term_string\"}}],\"inLanguage\":\"es-ES\"},{\"@type\":\"Organization\",\"@id\":\"https:\/\/www.miomiorun.com\/es\/#organization\",\"name\":\"MioMio Run\",\"url\":\"https:\/\/www.miomiorun.com\/es\/\",\"logo\":{\"@type\":\"ImageObject\",\"inLanguage\":\"es-ES\",\"@id\":\"https:\/\/www.miomiorun.com\/es\/#\/schema\/logo\/image\/\",\"url\":\"https:\/\/www.miomiorun.com\/app\/uploads\/2019\/12\/logomio.png\",\"contentUrl\":\"https:\/\/www.miomiorun.com\/app\/uploads\/2019\/12\/logomio.png\",\"width\":115,\"height\":82,\"caption\":\"MioMio Run\"},\"image\":{\"@id\":\"https:\/\/www.miomiorun.com\/es\/#\/schema\/logo\/image\/\"},\"sameAs\":[\"https:\/\/www.facebook.com\/miomiorun\/\",\"https:\/\/www.instagram.com\/miomiorun\/\"]}]}<\/script>\n<!-- \/ Yoast SEO plugin. -->","yoast_head_json":{"title":"Altra Olympus 6 hombre - zapatillas de trail para hombre - MioMioRun.com","description":"Las nuevas Olympus 6 para hombre mantienen el dise\u00f1o de la entresuela acolchada de espuma suave y reactiva y actualizan la parte superior de malla .","robots":{"index":"index","follow":"follow","max-snippet":"max-snippet:-1","max-image-preview":"max-image-preview:large","max-video-preview":"max-video-preview:-1"},"canonical":"https:\/\/www.miomiorun.com\/es\/producto\/olympus-6-hombre\/","og_locale":"es_ES","og_type":"article","og_title":"Altra Olympus 6 hombre - zapatillas de trail para hombre - MioMioRun.com","og_description":"Las nuevas Olympus 6 para hombre mantienen el dise\u00f1o de la entresuela acolchada de espuma suave y reactiva y actualizan la parte superior de malla .","og_url":"https:\/\/www.miomiorun.com\/es\/producto\/olympus-6-hombre\/","og_site_name":"MioMioRun","article_publisher":"https:\/\/www.facebook.com\/miomiorun\/","article_modified_time":"2026-03-03T08:57:06+00:00","og_image":[{"width":720,"height":720,"url":"https:\/\/www.miomiorun.com\/app\/uploads\/2026\/02\/Altra-Olympus-6-gray-blue-AL0A85NJ2421.webp","type":"image\/webp"}],"twitter_card":"summary_large_image","twitter_misc":{"Est. reading time":"2 minutes"},"schema":{"@context":"https:\/\/schema.org","@graph":[{"@type":"WebPage","@id":"https:\/\/www.miomiorun.com\/es\/producto\/olympus-6-hombre\/","url":"https:\/\/www.miomiorun.com\/es\/producto\/olympus-6-hombre\/","name":"Altra Olympus 6 hombre - zapatillas de trail para hombre - MioMioRun.com","isPartOf":{"@id":"https:\/\/www.miomiorun.com\/es\/#website"},"primaryImageOfPage":{"@id":"https:\/\/www.miomiorun.com\/es\/producto\/olympus-6-hombre\/#primaryimage"},"image":{"@id":"https:\/\/www.miomiorun.com\/es\/producto\/olympus-6-hombre\/#primaryimage"},"thumbnailUrl":"https:\/\/www.miomiorun.com\/app\/uploads\/2026\/02\/Altra-Olympus-6-gray-blue-AL0A85NJ2421.webp","datePublished":"2024-07-25T12:17:23+00:00","dateModified":"2026-03-03T08:57:06+00:00","description":"Las nuevas Olympus 6 para hombre mantienen el dise\u00f1o de la entresuela acolchada de espuma suave y reactiva y actualizan la parte superior de malla .","breadcrumb":{"@id":"https:\/\/www.miomiorun.com\/es\/producto\/olympus-6-hombre\/#breadcrumb"},"inLanguage":"es-ES","potentialAction":[{"@type":"ReadAction","target":["https:\/\/www.miomiorun.com\/es\/producto\/olympus-6-hombre\/"]}]},{"@type":"ImageObject","inLanguage":"es-ES","@id":"https:\/\/www.miomiorun.com\/es\/producto\/olympus-6-hombre\/#primaryimage","url":"https:\/\/www.miomiorun.com\/app\/uploads\/2026\/02\/Altra-Olympus-6-gray-blue-AL0A85NJ2421.webp","contentUrl":"https:\/\/www.miomiorun.com\/app\/uploads\/2026\/02\/Altra-Olympus-6-gray-blue-AL0A85NJ2421.webp","width":720,"height":720,"caption":"Altra Olympus 6 gray blue AL0A85NJ2421"},{"@type":"BreadcrumbList","@id":"https:\/\/www.miomiorun.com\/es\/producto\/olympus-6-hombre\/#breadcrumb","itemListElement":[{"@type":"ListItem","position":1,"name":"Home","item":"https:\/\/www.miomiorun.com\/es\/"},{"@type":"ListItem","position":2,"name":"Shop","item":"https:\/\/www.miomiorun.com\/shop\/"},{"@type":"ListItem","position":3,"name":"Olympus 6 hombre"}]},{"@type":"WebSite","@id":"https:\/\/www.miomiorun.com\/es\/#website","url":"https:\/\/www.miomiorun.com\/es\/","name":"MioMioRun","description":"Tienda 100% running y trail","publisher":{"@id":"https:\/\/www.miomiorun.com\/es\/#organization"},"potentialAction":[{"@type":"SearchAction","target":{"@type":"EntryPoint","urlTemplate":"https:\/\/www.miomiorun.com\/es\/?s={search_term_string}"},"query-input":{"@type":"PropertyValueSpecification","valueRequired":true,"valueName":"search_term_string"}}],"inLanguage":"es-ES"},{"@type":"Organization","@id":"https:\/\/www.miomiorun.com\/es\/#organization","name":"MioMio Run","url":"https:\/\/www.miomiorun.com\/es\/","logo":{"@type":"ImageObject","inLanguage":"es-ES","@id":"https:\/\/www.miomiorun.com\/es\/#\/schema\/logo\/image\/","url":"https:\/\/www.miomiorun.com\/app\/uploads\/2019\/12\/logomio.png","contentUrl":"https:\/\/www.miomiorun.com\/app\/uploads\/2019\/12\/logomio.png","width":115,"height":82,"caption":"MioMio Run"},"image":{"@id":"https:\/\/www.miomiorun.com\/es\/#\/schema\/logo\/image\/"},"sameAs":["https:\/\/www.facebook.com\/miomiorun\/","https:\/\/www.instagram.com\/miomiorun\/"]}]}},"_links":{"self":[{"href":"https:\/\/www.miomiorun.com\/es\/wp-json\/wp\/v2\/product\/294540","targetHints":{"allow":["GET"]}}],"collection":[{"href":"https:\/\/www.miomiorun.com\/es\/wp-json\/wp\/v2\/product"}],"about":[{"href":"https:\/\/www.miomiorun.com\/es\/wp-json\/wp\/v2\/types\/product"}],"wp:featuredmedia":[{"embeddable":true,"href":"https:\/\/www.miomiorun.com\/es\/wp-json\/wp\/v2\/media\/404351"}],"wp:attachment":[{"href":"https:\/\/www.miomiorun.com\/es\/wp-json\/wp\/v2\/media?parent=294540"}],"wp:term":[{"taxonomy":"product_brand","embeddable":true,"href":"https:\/\/www.miomiorun.com\/es\/wp-json\/wp\/v2\/product_brand?post=294540"},{"taxonomy":"product_cat","embeddable":true,"href":"https:\/\/www.miomiorun.com\/es\/wp-json\/wp\/v2\/product_cat?post=294540"},{"taxonomy":"product_tag","embeddable":true,"href":"https:\/\/www.miomiorun.com\/es\/wp-json\/wp\/v2\/product_tag?post=294540"}],"curies":[{"name":"wp","href":"https:\/\/api.w.org\/{rel}","templated":true}]}}